{"id":12,"date":"2023-08-08T06:38:22","date_gmt":"2023-08-08T06:38:22","guid":{"rendered":"https:\/\/cleanster.com\/?page_id=12"},"modified":"2025-10-09T22:13:58","modified_gmt":"2025-10-09T22:13:58","slug":"reinigungskrafte","status":"publish","type":"page","link":"https:\/\/cleanster.com\/de\/reinigungskrafte\/","title":{"rendered":"Reiniger"},"content":{"rendered":"<p><span style=\"color: #ffffff;\">In der dynamischen Welt der Gig Economy, in der Flexibilit\u00e4t und Verdienst entscheidend sind, kann die Suche nach gut bezahlten Reinigungsjobs bei Airbnb ein entscheidender Faktor sein. \u201eCleanster.com\u201c, ein innovatives Reinigungsdienstsystem, revolutioniert die Art und Weise, wie Reinigungskr\u00e4fte mit lukrativen Gelegenheiten in Kontakt treten. Stellen Sie sich vor, Sie erhalten sofortigen Zugriff auf Hunderte gut bezahlter Reinigungsjobs in Ihrer N\u00e4he \u2013 das ist das Versprechen, das Cleanster.com einh\u00e4lt.<\/span><\/p>\n<h2><span style=\"color: #ffffff;\"><strong>Nahtlose Jobsuche mit Cleanster.com<\/strong><\/span><\/h2>\n<h3><span style=\"color: #ffffff;\"><strong>M\u00fchelose Jobsuche<\/strong><\/span><\/h3>\n<p><span style=\"color: #ffffff;\">Die Cleanster.com-App bietet eine benutzerfreundliche Oberfl\u00e4che, die es Reinigungskr\u00e4ften erm\u00f6glicht, m\u00fchelos durch eine gro\u00dfe Auswahl an Reinigungsjobs bei Airbnb zu st\u00f6bern.<\/span><\/p>\n<p><span style=\"color: #ffffff;\">Filter basierend auf Standort, Verg\u00fctungss\u00e4tzen und Jobpr\u00e4ferenzen erleichtern das Auffinden von M\u00f6glichkeiten, die den individuellen Pr\u00e4ferenzen entsprechen.<\/span><\/p>\n<h3><span style=\"color: #ffffff;\"><strong>Jobbenachrichtigungen in Echtzeit<\/strong><\/span><\/h3>\n<p><span style=\"color: #ffffff;\">Cleanster.com h\u00e4lt Reinigungskr\u00e4fte mit Jobbenachrichtigungen in Echtzeit auf dem Laufenden. Erhalten Sie sofortige Updates zu neuen M\u00f6glichkeiten, die Ihren F\u00e4higkeiten und Standortpr\u00e4ferenzen entsprechen.<\/span><\/p>\n<p><span style=\"color: #ffffff;\">Verabschieden Sie sich von verpassten Gelegenheiten, denn Cleanster.com stellt sicher, dass Sie umgehend \u00fcber potenzielle Jobs in Ihrer N\u00e4he informiert werden.<\/span><\/p>\n<h3><span style=\"color: #ffffff;\"><strong>Detaillierte Stellenausschreibungen<\/strong><\/span><\/h3>\n<p><span style=\"color: #ffffff;\">Jede Stellenanzeige auf Cleanster.com enth\u00e4lt umfassende Einzelheiten, einschlie\u00dflich Lohns\u00e4tzen, erforderlichen Aufgaben und spezifischen Anweisungen von Immobilieneigent\u00fcmern.<\/span><\/p>\n<p><span style=\"color: #ffffff;\">Reinigungskr\u00e4fte k\u00f6nnen fundierte Entscheidungen auf Grundlage ihrer Pr\u00e4ferenzen und Verf\u00fcgbarkeit treffen und so f\u00fcr einen reibungslosen Arbeitsablauf sorgen.<\/span><\/p>\n<h2><span style=\"color: #ffffff;\"><strong>Gewinnmaximierung durch <a style=\"color: #ffffff;\" href=\"https:\/\/cleanster.com\/\">Cleanster.com<\/a><\/strong><\/span><\/h2>\n<h3><span style=\"color: #ffffff;\"><strong>Wettbewerbsf\u00e4hige Geh\u00e4lter<\/strong><\/span><\/h3>\n<p><span style=\"color: #ffffff;\">Cleanster.com hat es sich zur Aufgabe gemacht, Reinigungskr\u00e4fte mit gut bezahlten Reinigungsjobs bei Airbnb zu verbinden. Die Plattform arbeitet mit Immobilienbesitzern zusammen, die Wert auf qualitativ hochwertige Reinigungsdienste legen, und stellt sicher, dass Reinigungskr\u00e4fte f\u00fcr ihre Bem\u00fchungen angemessen entlohnt werden.<\/span><\/p>\n<h3><span style=\"color: #ffffff;\"><strong>Transparenter Zahlungsverkehr<\/strong><\/span><\/h3>\n<p><span style=\"color: #ffffff;\">Cleanster.com vereinfacht den Zahlungsprozess und sorgt f\u00fcr Transparenz und Zuverl\u00e4ssigkeit. Reinigungskr\u00e4fte k\u00f6nnen sicher sein, dass sie f\u00fcr ihre Dienste eine faire Verg\u00fctung erhalten.<\/span><\/p>\n<p><span style=\"color: #ffffff;\">Das sichere Zahlungsportal der App erm\u00f6glicht reibungslose Transaktionen und beseitigt Sorgen \u00fcber Zahlungsverz\u00f6gerungen oder -diskrepanzen.<\/span><\/p>\n<h3><span style=\"color: #ffffff;\"><strong>Wachstumschancen<\/strong><\/span><\/h3>\n<p><span style=\"color: #ffffff;\">Bei Cleanster.com geht es nicht nur darum, Jobs zu finden; es geht darum, eine nachhaltige Karriere in der <a style=\"color: #ffffff;\" href=\"https:\/\/www.osha.gov\/cleaning-industry\">Reinigungsindustrie<\/a>. Die Plattform ermutigt Reinigungskr\u00e4fte, ihre Profile zu erstellen, ihre F\u00e4higkeiten zu pr\u00e4sentieren und Bewertungen und Rezensionen von zufriedenen Kunden zu erhalten.<\/span><\/p>\n<h3><span style=\"color: #ffffff;\"><strong>Automatisierte Planung<\/strong><\/span><\/h3>\n<p><span style=\"color: #ffffff;\">Das Automatisierungssystem von Cleanster.com vereinfacht den Planungsprozess. Reinigungskr\u00e4fte k\u00f6nnen ihre Verf\u00fcgbarkeit festlegen und die App ordnet sie intelligent Auftr\u00e4gen zu, die in ihren Zeitplan passen.<\/span><\/p>\n<h3><span style=\"color: #ffffff;\"><strong>Leistungsanalyse<\/strong><\/span><\/h3>\n<p><span style=\"color: #ffffff;\">Cleanster.com bietet Leistungsdaten zur Nachverfolgung von Effizienz, Tarifen und Kundenzufriedenheit. Dieser Ansatz hilft Reinigungskr\u00e4ften, ihre F\u00e4higkeiten zu verbessern und mehr M\u00f6glichkeiten zu nutzen.<\/span><\/p>\n<h3><span style=\"color: #ffffff;\"><strong>Kundenkommunikation<\/strong><\/span><\/h3>\n<p><span style=\"color: #ffffff;\">Die App erleichtert die Kommunikation zwischen Reinigungskr\u00e4ften und Immobilienbesitzern. Reinigungskr\u00e4fte k\u00f6nnen spezifische Anweisungen erhalten, sodass sie professionelle Beziehungen aufbauen k\u00f6nnen, die zu Folgeauftr\u00e4gen f\u00fchren.<\/span><\/p>","protected":false},"excerpt":{"rendered":"<p>In the dynamic world of gig economy opportunities, where flexibility and earnings are key, finding high-paying Airbnb cleaning jobs can be a game-changer. &#8220;Cleanster.com,&#8221; an innovative cleaning service system, is revolutionizing the way cleaners connect with lucrative opportunities. Imagine gaining instant access to hundreds of well-compensated cleaning jobs in your vicinity \u2013 this is the [&hellip;]<\/p>\n","protected":false},"author":1,"featured_media":0,"parent":0,"menu_order":0,"comment_status":"closed","ping_status":"closed","template":"templates\/apartments.php","meta":{"_acf_changed":false,"footnotes":""},"class_list":["post-12","page","type-page","status-publish","hentry","entry"],"acf":[],"yoast_head":"<!-- This site is optimized with the Yoast SEO Premium plugin v26.5 (Yoast SEO v27.4) - https:\/\/yoast.com\/product\/yoast-seo-premium-wordpress\/ -->\n<title>Cleanster | Cleaning &amp; Maid Services Near You | We take care of cleaning your home or short-term rental<\/title>\n<meta name=\"description\" content=\"The world\u2019s top property management firms trust Cleanster to get the cleaning done right. Let&#039;s explore cleaning jobs\" \/>\n<meta name=\"robots\" content=\"index, follow, max-snippet:-1, max-image-preview:large, max-video-preview:-1\" \/>\n<link rel=\"canonical\" href=\"https:\/\/cleanster.com\/de\/reinigungskrafte\/\" \/>\n<meta property=\"og:locale\" content=\"de_DE\" \/>\n<meta property=\"og:type\" content=\"article\" \/>\n<meta property=\"og:title\" content=\"Cleaners - Cleanster | Cleaning &amp; Maid Services Near You\" \/>\n<meta property=\"og:description\" content=\"The world\u2019s top property management firms trust Cleanster to get the cleaning done right. Let&#039;s explore cleaning jobs\" \/>\n<meta property=\"og:url\" content=\"https:\/\/cleanster.com\/de\/reinigungskrafte\/\" \/>\n<meta property=\"og:site_name\" content=\"Cleanster | Cleaning &amp; Maid Services Near You\" \/>\n<meta property=\"article:publisher\" content=\"https:\/\/www.facebook.com\/cleansterhq\" \/>\n<meta property=\"article:modified_time\" content=\"2025-10-09T22:13:58+00:00\" \/>\n<meta property=\"og:image\" content=\"https:\/\/cleanster.com\/wp-content\/uploads\/2023\/11\/card@3x.png\" \/>\n\t<meta property=\"og:image:width\" content=\"1170\" \/>\n\t<meta property=\"og:image:height\" content=\"763\" \/>\n\t<meta property=\"og:image:type\" content=\"image\/png\" \/>\n<meta name=\"twitter:card\" content=\"summary_large_image\" \/>\n<meta name=\"twitter:site\" content=\"@cleansterhq\" \/>\n<meta name=\"twitter:label1\" content=\"Gesch\u00e4tzte Lesezeit\" \/>\n\t<meta name=\"twitter:data1\" content=\"2\u00a0Minuten\" \/>\n<script type=\"application\/ld+json\" class=\"yoast-schema-graph\">{\"@context\":\"https:\\\/\\\/schema.org\",\"@graph\":[{\"@type\":\"WebPage\",\"@id\":\"https:\\\/\\\/cleanster.com\\\/cleaners\\\/\",\"url\":\"https:\\\/\\\/cleanster.com\\\/cleaners\",\"name\":\"Cleanster | Cleaning &amp; Maid Services Near You | We take care of cleaning your home or short-term rental\",\"isPartOf\":{\"@id\":\"https:\\\/\\\/cleanster.com\\\/#website\"},\"datePublished\":\"2023-08-08T06:38:22+00:00\",\"dateModified\":\"2025-10-09T22:13:58+00:00\",\"description\":\"The world\u2019s top property management firms trust Cleanster to get the cleaning done right. Let's explore cleaning jobs\",\"inLanguage\":\"de\",\"potentialAction\":[{\"@type\":\"ReadAction\",\"target\":[\"https:\\\/\\\/cleanster.com\\\/cleaners\"]}]},{\"@type\":\"WebSite\",\"@id\":\"https:\\\/\\\/cleanster.com\\\/#website\",\"url\":\"https:\\\/\\\/cleanster.com\\\/\",\"name\":\"Cleanster | Cleaning & Maid Services Near You\",\"description\":\"Instantly find &amp; book trusted cleaners for homes, apartment, Airbnb, and offices. Cleanster offers affordable maid, housekeeping, and commercial cleaning services near you.\",\"publisher\":{\"@id\":\"https:\\\/\\\/cleanster.com\\\/#organization\"},\"alternateName\":\"Cleanster | Cleaning, Maid & Housekeeping Services for Everyone\",\"potentialAction\":[{\"@type\":\"SearchAction\",\"target\":{\"@type\":\"EntryPoint\",\"urlTemplate\":\"https:\\\/\\\/cleanster.com\\\/?s={search_term_string}\"},\"query-input\":{\"@type\":\"PropertyValueSpecification\",\"valueRequired\":true,\"valueName\":\"search_term_string\"}}],\"inLanguage\":\"de\"},{\"@type\":\"Organization\",\"@id\":\"https:\\\/\\\/cleanster.com\\\/#organization\",\"name\":\"Cleanster\",\"alternateName\":\"Cleanster.com\",\"url\":\"https:\\\/\\\/cleanster.com\\\/\",\"logo\":{\"@type\":\"ImageObject\",\"inLanguage\":\"de\",\"@id\":\"https:\\\/\\\/cleanster.com\\\/#\\\/schema\\\/logo\\\/image\\\/\",\"url\":\"https:\\\/\\\/cleanster.com\\\/wp-content\\\/uploads\\\/2025\\\/06\\\/Cleanster-Logo-1.svg\",\"contentUrl\":\"https:\\\/\\\/cleanster.com\\\/wp-content\\\/uploads\\\/2025\\\/06\\\/Cleanster-Logo-1.svg\",\"width\":1,\"height\":1,\"caption\":\"Cleanster\"},\"image\":{\"@id\":\"https:\\\/\\\/cleanster.com\\\/#\\\/schema\\\/logo\\\/image\\\/\"},\"sameAs\":[\"https:\\\/\\\/www.facebook.com\\\/cleansterhq\",\"https:\\\/\\\/x.com\\\/cleansterhq\",\"https:\\\/\\\/www.linkedin.com\\\/company\\\/cleansterhq\",\"https:\\\/\\\/www.instagram.com\\\/cleansterhq\",\"https:\\\/\\\/vm.tiktok.com\\\/ZM8vHmcuo\\\/\",\"https:\\\/\\\/www.clubhouse.com\\\/club\\\/cleanstercom\"],\"description\":\"Cleanster is an AI-powered cleaning services platform that connects Airbnb hosts, property managers, and commercial clients with vetted, on-demand cleaners. We offer apartment, house, Airbnb, commercial, and janitorial cleaning services. With a network of over 100,000 professionals across the US, Canada, and the UK, Cleanster delivers fast, reliable, and tech-enabled cleaning at scale.\",\"email\":\"support@cleanster.com\",\"telephone\":\"+1 (888) 788-2445\",\"legalName\":\"Cleanster, Inc.\",\"foundingDate\":\"2019-05-06\",\"duns\":\"118328526\",\"naics\":\"541511\",\"numberOfEmployees\":{\"@type\":\"QuantitativeValue\",\"minValue\":\"11\",\"maxValue\":\"50\"}}]}<\/script>\n<!-- \/ Yoast SEO Premium plugin. -->","yoast_head_json":{"title":"Cleanster | Reinigungs- und Haushaltshilfen in Ihrer N\u00e4he | Wir k\u00fcmmern uns um die Reinigung Ihres Hauses oder Ihrer Kurzzeitmiete","description":"Die weltweit f\u00fchrenden Immobilienverwaltungsfirmen vertrauen darauf, dass Cleanster die Reinigung richtig erledigt. Lassen Sie uns Reinigungsjobs erkunden","robots":{"index":"index","follow":"follow","max-snippet":"max-snippet:-1","max-image-preview":"max-image-preview:large","max-video-preview":"max-video-preview:-1"},"canonical":"https:\/\/cleanster.com\/de\/reinigungskrafte\/","og_locale":"de_DE","og_type":"article","og_title":"Cleaners - Cleanster | Cleaning &amp; Maid Services Near You","og_description":"The world\u2019s top property management firms trust Cleanster to get the cleaning done right. Let's explore cleaning jobs","og_url":"https:\/\/cleanster.com\/de\/reinigungskrafte\/","og_site_name":"Cleanster | Cleaning &amp; Maid Services Near You","article_publisher":"https:\/\/www.facebook.com\/cleansterhq","article_modified_time":"2025-10-09T22:13:58+00:00","og_image":[{"width":1170,"height":763,"url":"https:\/\/cleanster.com\/wp-content\/uploads\/2023\/11\/card@3x.png","type":"image\/png"}],"twitter_card":"summary_large_image","twitter_site":"@cleansterhq","twitter_misc":{"Gesch\u00e4tzte Lesezeit":"2\u00a0Minuten"},"schema":{"@context":"https:\/\/schema.org","@graph":[{"@type":"WebPage","@id":"https:\/\/cleanster.com\/cleaners\/","url":"https:\/\/cleanster.com\/cleaners","name":"Cleanster | Reinigungs- und Haushaltshilfen in Ihrer N\u00e4he | Wir k\u00fcmmern uns um die Reinigung Ihres Hauses oder Ihrer Kurzzeitmiete","isPartOf":{"@id":"https:\/\/cleanster.com\/#website"},"datePublished":"2023-08-08T06:38:22+00:00","dateModified":"2025-10-09T22:13:58+00:00","description":"Die weltweit f\u00fchrenden Immobilienverwaltungsfirmen vertrauen darauf, dass Cleanster die Reinigung richtig erledigt. Lassen Sie uns Reinigungsjobs erkunden","inLanguage":"de","potentialAction":[{"@type":"ReadAction","target":["https:\/\/cleanster.com\/cleaners"]}]},{"@type":"WebSite","@id":"https:\/\/cleanster.com\/#website","url":"https:\/\/cleanster.com\/","name":"Cleanster | Reinigungs- und Haushaltshilfen in Ihrer N\u00e4he","description":"Finden und buchen Sie sofort zuverl\u00e4ssige Reinigungskr\u00e4fte f\u00fcr H\u00e4user, Wohnungen, Airbnbs und B\u00fcros. Cleanster bietet g\u00fcnstige Reinigungsdienste in Ihrer N\u00e4he.","publisher":{"@id":"https:\/\/cleanster.com\/#organization"},"alternateName":"Cleanster | Cleaning, Maid & Housekeeping Services for Everyone","potentialAction":[{"@type":"SearchAction","target":{"@type":"EntryPoint","urlTemplate":"https:\/\/cleanster.com\/?s={search_term_string}"},"query-input":{"@type":"PropertyValueSpecification","valueRequired":true,"valueName":"search_term_string"}}],"inLanguage":"de"},{"@type":"Organization","@id":"https:\/\/cleanster.com\/#organization","name":"Saubermann","alternateName":"Cleanster.com","url":"https:\/\/cleanster.com\/","logo":{"@type":"ImageObject","inLanguage":"de","@id":"https:\/\/cleanster.com\/#\/schema\/logo\/image\/","url":"https:\/\/cleanster.com\/wp-content\/uploads\/2025\/06\/Cleanster-Logo-1.svg","contentUrl":"https:\/\/cleanster.com\/wp-content\/uploads\/2025\/06\/Cleanster-Logo-1.svg","width":1,"height":1,"caption":"Cleanster"},"image":{"@id":"https:\/\/cleanster.com\/#\/schema\/logo\/image\/"},"sameAs":["https:\/\/www.facebook.com\/cleansterhq","https:\/\/x.com\/cleansterhq","https:\/\/www.linkedin.com\/company\/cleansterhq","https:\/\/www.instagram.com\/cleansterhq","https:\/\/vm.tiktok.com\/ZM8vHmcuo\/","https:\/\/www.clubhouse.com\/club\/cleanstercom"],"description":"Cleanster ist eine KI-gest\u00fctzte Reinigungsplattform, die Airbnb-Gastgeber, Hausverwalter und gewerbliche Kunden mit gepr\u00fcften Reinigungskr\u00e4ften auf Abruf verbindet. Wir bieten Reinigungsdienste f\u00fcr Wohnungen, H\u00e4user, Airbnb-Unterk\u00fcnfte, Gewerbeimmobilien und Hausmeisterdienste an. Mit einem Netzwerk von \u00fcber 100.000 Fachkr\u00e4ften in den USA, Kanada und Gro\u00dfbritannien bietet Cleanster schnelle, zuverl\u00e4ssige und technisch unterst\u00fctzte Reinigung in gro\u00dfem Umfang.","email":"support@cleanster.com","telephone":"+1 (888) 788-2445","legalName":"Cleanster, Inc.","foundingDate":"2019-05-06","duns":"118328526","naics":"541511","numberOfEmployees":{"@type":"QuantitativeValue","minValue":"11","maxValue":"50"}}]}},"_links":{"self":[{"href":"https:\/\/cleanster.com\/de\/wp-json\/wp\/v2\/pages\/12","targetHints":{"allow":["GET"]}}],"collection":[{"href":"https:\/\/cleanster.com\/de\/wp-json\/wp\/v2\/pages"}],"about":[{"href":"https:\/\/cleanster.com\/de\/wp-json\/wp\/v2\/types\/page"}],"author":[{"embeddable":true,"href":"https:\/\/cleanster.com\/de\/wp-json\/wp\/v2\/users\/1"}],"replies":[{"embeddable":true,"href":"https:\/\/cleanster.com\/de\/wp-json\/wp\/v2\/comments?post=12"}],"version-history":[{"count":0,"href":"https:\/\/cleanster.com\/de\/wp-json\/wp\/v2\/pages\/12\/revisions"}],"wp:attachment":[{"href":"https:\/\/cleanster.com\/de\/wp-json\/wp\/v2\/media?parent=12"}],"curies":[{"name":"wp","href":"https:\/\/api.w.org\/{rel}","templated":true}]}}