{"id":1328,"date":"2021-12-23T00:13:49","date_gmt":"2021-12-23T00:13:49","guid":{"rendered":"https:\/\/cleanster.com\/?page_id=1328"},"modified":"2024-01-08T10:59:08","modified_gmt":"2024-01-08T10:59:08","slug":"inventar-wasche-management","status":"publish","type":"page","link":"https:\/\/cleanster.com\/de\/inventar-wasche-management\/","title":{"rendered":"Bestands- und W\u00e4schemanagement (Beta)"},"content":{"rendered":"<p><span style=\"color: #ffffff;\">Cleanster.com, der Branchenf\u00fchrer f\u00fcr bequemen Zugang zu Reinigungsdiensten, ist wieder einmal Vorreiter in Sachen Innovation. Wir freuen uns, die Beta-Einf\u00fchrung unserer Funktion zur Inventar- und W\u00e4scheverwaltung bekannt zu geben, die den Bereich der Reinigungsdienste revolutionieren wird. Diese revolution\u00e4re Erg\u00e4nzung des Angebots von Cleanster.com soll das Benutzererlebnis verbessern, Abl\u00e4ufe rationalisieren und Servicefachleuten mehr M\u00f6glichkeiten er\u00f6ffnen.<\/span><\/p>\n<h2><span style=\"color: #ffffff;\"><strong>Rationalisierung der Bestandsverwaltung f\u00fcr mehr Effizienz<\/strong><\/span><\/h2>\n<h3><span style=\"color: #ffffff;\"><strong>1. Intelligente Bestandsverfolgung:<\/strong><\/span><\/h3>\n<p><span style=\"color: #ffffff;\">Die Inventar- und W\u00e4scheverwaltungsfunktion von Cleanster.com bietet eine intelligente Inventarverfolgung, mit der Immobilienverwalter und Servicefachleute eine detaillierte Aufzeichnung von Reinigungsmitteln, -ger\u00e4ten und -w\u00e4sche f\u00fchren k\u00f6nnen. Dies stellt sicher, dass sie die richtigen Werkzeuge f\u00fcr die Arbeit haben, was Ausfallzeiten reduziert und die Gesamteffizienz steigert.<\/span><\/p>\n<h3><span style=\"color: #ffffff;\"><strong>2. Echtzeit-Updates:<\/strong><\/span><\/h3>\n<p><span style=\"color: #ffffff;\">Erhalten Sie Echtzeit-Updates zu Lagerbest\u00e4nden. Die Plattform sendet Benachrichtigungen, wenn die Vorr\u00e4te zur Neige gehen. So wird das Risiko eliminiert, dass w\u00e4hrend eines Auftrags wichtige Reinigungsmaterialien ausgehen. Dieser proaktive Ansatz stellt sicher, dass Reinigungsfachkr\u00e4fte immer gut ausger\u00fcstet sind.<\/span><\/p>\n<h3><span style=\"color: #ffffff;\"><strong>3. Zentralisierte Bestandskontrolle:<\/strong><\/span><\/h3>\n<p><span style=\"color: #ffffff;\">Mit der Inventar- und W\u00e4scheverwaltung von Cleanster.com erhalten Benutzer Zugriff auf ein zentrales Kontrollsystem. Das bedeutet, dass Sie Ihr Inventar \u00fcber eine benutzerfreundliche Oberfl\u00e4che \u00fcberwachen und kontrollieren k\u00f6nnen, unabh\u00e4ngig davon, ob Sie eine einzelne Immobilie oder mehrere Standorte verwalten.<\/span><\/p>\n<h2><span style=\"color: #ffffff;\"><strong>Verbessertes W\u00e4schemanagement f\u00fcr einwandfreien Service<\/strong><\/span><\/h2>\n<h3><span style=\"color: #ffffff;\"><strong>1. W\u00e4scheverfolgung und -rotation:<\/strong><\/span><\/h3>\n<p><span style=\"color: #ffffff;\">Die Funktion erleichtert die Nachverfolgung der W\u00e4sche und stellt sicher, dass sie regelm\u00e4\u00dfig ausgetauscht wird, um Frische und Qualit\u00e4t zu gew\u00e4hrleisten. Dies ist insbesondere f\u00fcr Reinigungsdienste im Gastgewerbe und bei Ferienwohnungen von Vorteil, bei denen die Optik entscheidend ist.<\/span><\/p>\n<h3><span style=\"color: #ffffff;\"><strong>2. Qualit\u00e4tssicherung:<\/strong><\/span><\/h3>\n<p><span style=\"color: #ffffff;\">Die Inventar- und W\u00e4scheverwaltungsfunktion von Cleanster.com umfasst eine Komponente zur Qualit\u00e4tssicherung. Servicefachleute k\u00f6nnen den Zustand der W\u00e4sche protokollieren, sodass Hausverwalter den Verschlei\u00df im Laufe der Zeit verfolgen k\u00f6nnen.\u00a0<\/span><\/p>\n<h3><span style=\"color: #ffffff;\"><strong>3. Benachrichtigungen zur W\u00e4schenachbestellung:<\/strong><\/span><\/h3>\n<p><span style=\"color: #ffffff;\">Machen Sie sich nie wieder Sorgen, dass Ihnen die frische Bettw\u00e4sche ausgeht. <a style=\"color: #ffffff;\" href=\"https:\/\/cleanster.com\/\">Cleanster.com<\/a> sendet Benachrichtigungen, wenn es Zeit ist, Ihren W\u00e4schevorrat aufzuf\u00fcllen, und verhindert so Serviceunterbrechungen. Diese proaktive Funktion ist von entscheidender Bedeutung f\u00fcr Immobilienverwalter, die ihren G\u00e4sten ein reibungsloses Erlebnis bieten m\u00f6chten.<\/span><\/p>\n<h2><span style=\"color: #ffffff;\"><strong>Benutzerfreundliche Schnittstelle f\u00fcr nahtlose Integration<\/strong><\/span><\/h2>\n<h3><span style=\"color: #ffffff;\"><strong>1. Intuitives Dashboard:<\/strong><\/span><\/h3>\n<p><span style=\"color: #ffffff;\">Die Inventar- und W\u00e4scheverwaltungsfunktion von Cleanster.com verf\u00fcgt \u00fcber ein intuitives Dashboard. Benutzer k\u00f6nnen problemlos navigieren und auf alle relevanten Informationen zugreifen, sodass sowohl Immobilienverwalter als auch Servicefachleute diese neue Funktion problemlos in ihre Arbeitsabl\u00e4ufe integrieren k\u00f6nnen.<\/span><\/p>\n<h3><span style=\"color: #ffffff;\"><strong>2. Kompatibilit\u00e4t mit Ger\u00e4ten:<\/strong><\/span><\/h3>\n<p><span style=\"color: #ffffff;\">Genie\u00dfen Sie auf allen Ger\u00e4ten das gleiche benutzerfreundliche Erlebnis.<\/span><\/p>\n<h2><span style=\"color: #ffffff;\"><strong>Betatests: Ihre Chance, die Zukunft zu gestalten<\/strong><\/span><\/h2>\n<p><span style=\"color: #ffffff;\">Cleanster.com glaubt an die Macht des Benutzerfeedbacks und deshalb f\u00fchren wir die Funktion \u201eInventar- und W\u00e4scheverwaltung\u201c in der Betaversion ein. Wir laden unsere Benutzer ein, diese neue Funktionalit\u00e4t zu erkunden, Feedback zu geben und die Zukunft von mitzugestalten <a style=\"color: #ffffff;\" href=\"https:\/\/qualitasprimum.com\/en\/cleaning-management-services\/\">Verwaltung von Reinigungsdiensten.<\/a><\/span><\/p>\n<h2><span style=\"color: #ffffff;\"><strong>Fazit: Reinigungsdienste auf ein neues Niveau heben<\/strong><\/span><\/h2>\n<p><span style=\"color: #ffffff;\">Mit der Einf\u00fchrung der Funktion \u201eInventar- und W\u00e4scheverwaltung\u201c bekr\u00e4ftigt Cleanster.com sein Engagement f\u00fcr Innovation und Spitzenleistung in der Reinigungsbranche. Wir bieten nicht nur Reinigungsdienste an; wir geben Servicefachleuten und Immobilienverwaltern die Werkzeuge an die Hand, die sie brauchen, um jederzeit einen tadellosen Service zu bieten.\u00a0<\/span><\/p>","protected":false},"excerpt":{"rendered":"<p>Cleanster.com, the industry leader in providing convenient access to cleaning services, is once again at the forefront of innovation. We are thrilled to announce the beta launch of our Inventory and Linen Management feature, a game-changer in the cleaning services landscape. This revolutionary addition to Cleanster.com&#8217;s offerings is designed to elevate user experiences, streamline operations, [&hellip;]<\/p>\n","protected":false},"author":1,"featured_media":0,"parent":0,"menu_order":0,"comment_status":"closed","ping_status":"closed","template":"templates\/rental.php","meta":{"_acf_changed":false,"footnotes":""},"class_list":["post-1328","page","type-page","status-publish","hentry","entry"],"acf":[],"yoast_head":"<!-- This site is optimized with the Yoast SEO Premium plugin v26.5 (Yoast SEO v27.5) - https:\/\/yoast.com\/product\/yoast-seo-premium-wordpress\/ -->\n<title>Cleanster.com offers an Inventory and Linen Management system<\/title>\n<meta name=\"description\" content=\"When you can get an excellent Inventory and Linen Management cleaning service from the Cleanster.com, why go somewhere else?\" \/>\n<meta name=\"robots\" content=\"index, follow, max-snippet:-1, max-image-preview:large, max-video-preview:-1\" \/>\n<link rel=\"canonical\" href=\"https:\/\/cleanster.com\/de\/inventar-wasche-management\/\" \/>\n<meta property=\"og:locale\" content=\"de_DE\" \/>\n<meta property=\"og:type\" content=\"article\" \/>\n<meta property=\"og:title\" content=\"Inventory and Linen Management (Beta) - Cleanster | Cleaning &amp; Maid Services Near You\" \/>\n<meta property=\"og:description\" content=\"When you can get an excellent Inventory and Linen Management cleaning service from the Cleanster.com, why go somewhere else?\" \/>\n<meta property=\"og:url\" content=\"https:\/\/cleanster.com\/de\/inventar-wasche-management\/\" \/>\n<meta property=\"og:site_name\" content=\"Cleanster | Cleaning &amp; Maid Services Near You\" \/>\n<meta property=\"article:publisher\" content=\"https:\/\/www.facebook.com\/cleansterhq\" \/>\n<meta property=\"article:modified_time\" content=\"2024-01-08T10:59:08+00:00\" \/>\n<meta property=\"og:image\" content=\"https:\/\/cleanster.com\/wp-content\/uploads\/2023\/11\/card@3x.png\" \/>\n\t<meta property=\"og:image:width\" content=\"1170\" \/>\n\t<meta property=\"og:image:height\" content=\"763\" \/>\n\t<meta property=\"og:image:type\" content=\"image\/png\" \/>\n<meta name=\"twitter:card\" content=\"summary_large_image\" \/>\n<meta name=\"twitter:site\" content=\"@cleansterhq\" \/>\n<meta name=\"twitter:label1\" content=\"Gesch\u00e4tzte Lesezeit\" \/>\n\t<meta name=\"twitter:data1\" content=\"3\u00a0Minuten\" \/>\n<script type=\"application\/ld+json\" class=\"yoast-schema-graph\">{\"@context\":\"https:\\\/\\\/schema.org\",\"@graph\":[{\"@type\":\"WebPage\",\"@id\":\"https:\\\/\\\/cleanster.com\\\/inventory-linen-management\\\/\",\"url\":\"https:\\\/\\\/cleanster.com\\\/inventory-linen-management\\\/\",\"name\":\"Cleanster.com offers an Inventory and Linen Management system\",\"isPartOf\":{\"@id\":\"https:\\\/\\\/cleanster.com\\\/#website\"},\"datePublished\":\"2021-12-23T00:13:49+00:00\",\"dateModified\":\"2024-01-08T10:59:08+00:00\",\"description\":\"When you can get an excellent Inventory and Linen Management cleaning service from the Cleanster.com, why go somewhere else?\",\"inLanguage\":\"de\",\"potentialAction\":[{\"@type\":\"ReadAction\",\"target\":[\"https:\\\/\\\/cleanster.com\\\/inventory-linen-management\\\/\"]}]},{\"@type\":\"WebSite\",\"@id\":\"https:\\\/\\\/cleanster.com\\\/#website\",\"url\":\"https:\\\/\\\/cleanster.com\\\/\",\"name\":\"Cleanster | Cleaning & Maid Services Near You\",\"description\":\"Instantly find &amp; book trusted cleaners for homes, apartment, Airbnb, and offices. Cleanster offers affordable maid, housekeeping, and commercial cleaning services near you.\",\"publisher\":{\"@id\":\"https:\\\/\\\/cleanster.com\\\/#organization\"},\"alternateName\":\"Cleanster | Cleaning, Maid & Housekeeping Services for Everyone\",\"potentialAction\":[{\"@type\":\"SearchAction\",\"target\":{\"@type\":\"EntryPoint\",\"urlTemplate\":\"https:\\\/\\\/cleanster.com\\\/?s={search_term_string}\"},\"query-input\":{\"@type\":\"PropertyValueSpecification\",\"valueRequired\":true,\"valueName\":\"search_term_string\"}}],\"inLanguage\":\"de\"},{\"@type\":\"Organization\",\"@id\":\"https:\\\/\\\/cleanster.com\\\/#organization\",\"name\":\"Cleanster\",\"alternateName\":\"Cleanster.com\",\"url\":\"https:\\\/\\\/cleanster.com\\\/\",\"logo\":{\"@type\":\"ImageObject\",\"inLanguage\":\"de\",\"@id\":\"https:\\\/\\\/cleanster.com\\\/#\\\/schema\\\/logo\\\/image\\\/\",\"url\":\"https:\\\/\\\/cleanster.com\\\/wp-content\\\/uploads\\\/2025\\\/06\\\/Cleanster-Logo-1.svg\",\"contentUrl\":\"https:\\\/\\\/cleanster.com\\\/wp-content\\\/uploads\\\/2025\\\/06\\\/Cleanster-Logo-1.svg\",\"width\":1,\"height\":1,\"caption\":\"Cleanster\"},\"image\":{\"@id\":\"https:\\\/\\\/cleanster.com\\\/#\\\/schema\\\/logo\\\/image\\\/\"},\"sameAs\":[\"https:\\\/\\\/www.facebook.com\\\/cleansterhq\",\"https:\\\/\\\/x.com\\\/cleansterhq\",\"https:\\\/\\\/www.linkedin.com\\\/company\\\/cleansterhq\",\"https:\\\/\\\/www.instagram.com\\\/cleansterhq\",\"https:\\\/\\\/vm.tiktok.com\\\/ZM8vHmcuo\\\/\",\"https:\\\/\\\/www.clubhouse.com\\\/club\\\/cleanstercom\"],\"description\":\"Cleanster is an AI-powered cleaning services platform that connects Airbnb hosts, property managers, and commercial clients with vetted, on-demand cleaners. We offer apartment, house, Airbnb, commercial, and janitorial cleaning services. With a network of over 100,000 professionals across the US, Canada, and the UK, Cleanster delivers fast, reliable, and tech-enabled cleaning at scale.\",\"email\":\"support@cleanster.com\",\"telephone\":\"+1 (888) 788-2445\",\"legalName\":\"Cleanster, Inc.\",\"foundingDate\":\"2019-05-06\",\"duns\":\"118328526\",\"naics\":\"541511\",\"numberOfEmployees\":{\"@type\":\"QuantitativeValue\",\"minValue\":\"11\",\"maxValue\":\"50\"}}]}<\/script>\n<!-- \/ Yoast SEO Premium plugin. -->","yoast_head_json":{"title":"Cleanster.com bietet ein Inventar- und W\u00e4scheverwaltungssystem","description":"Wenn Sie bei Cleanster.com einen hervorragenden Reinigungsservice f\u00fcr die Bestands- und W\u00e4scheverwaltung erhalten, warum sollten Sie dann woanders hingehen?","robots":{"index":"index","follow":"follow","max-snippet":"max-snippet:-1","max-image-preview":"max-image-preview:large","max-video-preview":"max-video-preview:-1"},"canonical":"https:\/\/cleanster.com\/de\/inventar-wasche-management\/","og_locale":"de_DE","og_type":"article","og_title":"Inventory and Linen Management (Beta) - Cleanster | Cleaning &amp; Maid Services Near You","og_description":"When you can get an excellent Inventory and Linen Management cleaning service from the Cleanster.com, why go somewhere else?","og_url":"https:\/\/cleanster.com\/de\/inventar-wasche-management\/","og_site_name":"Cleanster | Cleaning &amp; Maid Services Near You","article_publisher":"https:\/\/www.facebook.com\/cleansterhq","article_modified_time":"2024-01-08T10:59:08+00:00","og_image":[{"width":1170,"height":763,"url":"https:\/\/cleanster.com\/wp-content\/uploads\/2023\/11\/card@3x.png","type":"image\/png"}],"twitter_card":"summary_large_image","twitter_site":"@cleansterhq","twitter_misc":{"Gesch\u00e4tzte Lesezeit":"3\u00a0Minuten"},"schema":{"@context":"https:\/\/schema.org","@graph":[{"@type":"WebPage","@id":"https:\/\/cleanster.com\/inventory-linen-management\/","url":"https:\/\/cleanster.com\/inventory-linen-management\/","name":"Cleanster.com bietet ein Inventar- und W\u00e4scheverwaltungssystem","isPartOf":{"@id":"https:\/\/cleanster.com\/#website"},"datePublished":"2021-12-23T00:13:49+00:00","dateModified":"2024-01-08T10:59:08+00:00","description":"Wenn Sie bei Cleanster.com einen hervorragenden Reinigungsservice f\u00fcr die Bestands- und W\u00e4scheverwaltung erhalten, warum sollten Sie dann woanders hingehen?","inLanguage":"de","potentialAction":[{"@type":"ReadAction","target":["https:\/\/cleanster.com\/inventory-linen-management\/"]}]},{"@type":"WebSite","@id":"https:\/\/cleanster.com\/#website","url":"https:\/\/cleanster.com\/","name":"Cleanster | Reinigungs- und Haushaltshilfen in Ihrer N\u00e4he","description":"Finden und buchen Sie sofort zuverl\u00e4ssige Reinigungskr\u00e4fte f\u00fcr H\u00e4user, Wohnungen, Airbnbs und B\u00fcros. Cleanster bietet g\u00fcnstige Reinigungsdienste in Ihrer N\u00e4he.","publisher":{"@id":"https:\/\/cleanster.com\/#organization"},"alternateName":"Cleanster | Cleaning, Maid & Housekeeping Services for Everyone","potentialAction":[{"@type":"SearchAction","target":{"@type":"EntryPoint","urlTemplate":"https:\/\/cleanster.com\/?s={search_term_string}"},"query-input":{"@type":"PropertyValueSpecification","valueRequired":true,"valueName":"search_term_string"}}],"inLanguage":"de"},{"@type":"Organization","@id":"https:\/\/cleanster.com\/#organization","name":"Saubermann","alternateName":"Cleanster.com","url":"https:\/\/cleanster.com\/","logo":{"@type":"ImageObject","inLanguage":"de","@id":"https:\/\/cleanster.com\/#\/schema\/logo\/image\/","url":"https:\/\/cleanster.com\/wp-content\/uploads\/2025\/06\/Cleanster-Logo-1.svg","contentUrl":"https:\/\/cleanster.com\/wp-content\/uploads\/2025\/06\/Cleanster-Logo-1.svg","width":1,"height":1,"caption":"Cleanster"},"image":{"@id":"https:\/\/cleanster.com\/#\/schema\/logo\/image\/"},"sameAs":["https:\/\/www.facebook.com\/cleansterhq","https:\/\/x.com\/cleansterhq","https:\/\/www.linkedin.com\/company\/cleansterhq","https:\/\/www.instagram.com\/cleansterhq","https:\/\/vm.tiktok.com\/ZM8vHmcuo\/","https:\/\/www.clubhouse.com\/club\/cleanstercom"],"description":"Cleanster ist eine KI-gest\u00fctzte Reinigungsplattform, die Airbnb-Gastgeber, Hausverwalter und gewerbliche Kunden mit gepr\u00fcften Reinigungskr\u00e4ften auf Abruf verbindet. Wir bieten Reinigungsdienste f\u00fcr Wohnungen, H\u00e4user, Airbnb-Unterk\u00fcnfte, Gewerbeimmobilien und Hausmeisterdienste an. Mit einem Netzwerk von \u00fcber 100.000 Fachkr\u00e4ften in den USA, Kanada und Gro\u00dfbritannien bietet Cleanster schnelle, zuverl\u00e4ssige und technisch unterst\u00fctzte Reinigung in gro\u00dfem Umfang.","email":"support@cleanster.com","telephone":"+1 (888) 788-2445","legalName":"Cleanster, Inc.","foundingDate":"2019-05-06","duns":"118328526","naics":"541511","numberOfEmployees":{"@type":"QuantitativeValue","minValue":"11","maxValue":"50"}}]}},"_links":{"self":[{"href":"https:\/\/cleanster.com\/de\/wp-json\/wp\/v2\/pages\/1328","targetHints":{"allow":["GET"]}}],"collection":[{"href":"https:\/\/cleanster.com\/de\/wp-json\/wp\/v2\/pages"}],"about":[{"href":"https:\/\/cleanster.com\/de\/wp-json\/wp\/v2\/types\/page"}],"author":[{"embeddable":true,"href":"https:\/\/cleanster.com\/de\/wp-json\/wp\/v2\/users\/1"}],"replies":[{"embeddable":true,"href":"https:\/\/cleanster.com\/de\/wp-json\/wp\/v2\/comments?post=1328"}],"version-history":[{"count":0,"href":"https:\/\/cleanster.com\/de\/wp-json\/wp\/v2\/pages\/1328\/revisions"}],"wp:attachment":[{"href":"https:\/\/cleanster.com\/de\/wp-json\/wp\/v2\/media?parent=1328"}],"curies":[{"name":"wp","href":"https:\/\/api.w.org\/{rel}","templated":true}]}}