{"id":1407,"date":"2024-01-07T06:27:38","date_gmt":"2024-01-07T06:27:38","guid":{"rendered":"https:\/\/cleanster.com\/?page_id=1407"},"modified":"2024-01-08T12:20:49","modified_gmt":"2024-01-08T12:20:49","slug":"kurzzeitmieten","status":"publish","type":"page","link":"https:\/\/cleanster.com\/de\/kurzzeitmieten\/","title":{"rendered":"Kurzzeitmieten"},"content":{"rendered":"<p><span style=\"color: #ffffff;\">In der schnelllebigen Welt der Kurzzeitvermietungen z\u00e4hlt der erste Eindruck und Sauberkeit ist oberstes Gebot. Cleanster.com hat es sich zur Aufgabe gemacht, bequemen Zugang zu Reinigungsdiensten zu bieten und gleichzeitig Servicefachleuten mehr M\u00f6glichkeiten zu geben. Damit ver\u00e4ndert Cleanster.com die Landschaft der Kurzzeitvermietungen. Dieser SEO-freundliche Artikel geht darauf ein, wie Cleanster.com die Branche revolutioniert und neue Ma\u00dfst\u00e4be f\u00fcr Sauberkeit und Professionalit\u00e4t setzt.<\/span><\/p>\n<h2><span style=\"color: #ffffff;\"><strong>1. Reibungslose Buchung f\u00fcr Eigent\u00fcmer kurzfristiger Vermietungen<\/strong><\/span><\/h2>\n<h3><span style=\"color: #ffffff;\"><strong>Benutzerfreundliche Plattform:<\/strong><\/span><\/h3>\n<p><span style=\"color: #ffffff;\">Die App von Cleanster.com ist auf allen Ger\u00e4ten verf\u00fcgbar und bietet Vermietern ein nahtloses und benutzerfreundliches Buchungserlebnis. Mit nur wenigen Klicks k\u00f6nnen Immobilienbesitzer Reinigungen planen und so sicherstellen, dass ihre Mietobjekte immer g\u00e4stebereit sind.<\/span><\/p>\n<h3><span style=\"color: #ffffff;\"><strong>Flexible Planung:<\/strong><\/span><\/h3>\n<p><span style=\"color: #ffffff;\">Cleanster.com versteht die dynamische Natur kurzfristiger Vermietungen und erm\u00f6glicht es Eigent\u00fcmern, Reinigungen basierend auf Check-in- und Check-out-Zeiten zu planen. Diese Flexibilit\u00e4t stellt sicher, dass die Unterk\u00fcnfte stets gut gepflegt sind, was zu positiven Erfahrungen der G\u00e4ste beitr\u00e4gt.<\/span><\/p>\n<h2><span style=\"color: #ffffff;\"><strong>2. Erh\u00f6hung der Sauberkeitsstandards<\/strong><\/span><\/h2>\n<h3><span style=\"color: #ffffff;\"><strong>Ma\u00dfgeschneiderte Reinigungsprotokolle:<\/strong><\/span><\/h3>\n<p><span style=\"color: #ffffff;\">Cleanster.com ist sich bewusst, dass f\u00fcr kurzfristige Vermietungen spezielle Reinigungsprotokolle erforderlich sind. Unsere Plattform bietet detaillierte Reinigungschecklisten und -richtlinien, die sicherstellen, dass jeder Winkel und jede Ecke sauber ist und eine makellose und einladende Umgebung f\u00fcr G\u00e4ste geschaffen wird.<\/span><\/p>\n<h3><span style=\"color: #ffffff;\"><strong>Qualit\u00e4tssicherung:<\/strong><\/span><\/h3>\n<p><span style=\"color: #ffffff;\">Wir legen Wert auf Qualit\u00e4t, indem wir unsere Servicefachkr\u00e4fte pr\u00fcfen und schulen. Cleanster.com stellt sicher, dass die Reinigungsteams gut ausger\u00fcstet sind, um die geforderten hohen Standards zu erf\u00fcllen. Unser Engagement f\u00fcr Spitzenqualit\u00e4t erstreckt sich auf jeden Aspekt des Reinigungsprozesses.<\/span><\/p>\n<h2><span style=\"color: #ffffff;\"><strong>3. Reinigungsfachkr\u00e4fte bef\u00e4higen<\/strong><\/span><\/h2>\n<h3><span style=\"color: #ffffff;\"><strong>Unternehmerische M\u00f6glichkeiten:<\/strong><\/span><\/h3>\n<p><span style=\"color: #ffffff;\">Cleanster.com ist nicht nur eine Plattform zum Buchen von Reinigungsdiensten; es ist ein Weg f\u00fcr Servicefachleute, Unternehmer zu werden. Unser ethischer Ansatz stellt sicher, dass Reinigungsfachleute einen existenzsichernden Lohn und eine faire Verg\u00fctung erhalten, was ein Gef\u00fchl der Eigenverantwortung und des Stolzes auf ihre Arbeit f\u00f6rdert.<\/span><\/p>\n<h3><span style=\"color: #ffffff;\"><strong>Kontinuierliche Kompetenzentwicklung:<\/strong><\/span><\/h3>\n<p><span style=\"color: #ffffff;\">Um auf dem hart umk\u00e4mpften Mietmarkt die Nase vorn zu behalten, investiert Cleanster.com in die kontinuierliche Weiterbildung seiner Reinigungsfachkr\u00e4fte. Es werden Schulungsmodule und Ressourcen bereitgestellt, die es ihnen erm\u00f6glichen, erstklassige Dienstleistungen zu erbringen.<\/span><\/p>\n<h2><span style=\"color: #ffffff;\"><strong>4. Die besonderen Bed\u00fcrfnisse kurzfristiger Vermietungen erf\u00fcllen<\/strong><\/span><\/h2>\n<h3><span style=\"color: #ffffff;\"><strong>Schnelle Bearbeitungszeiten:<\/strong><\/span><\/h3>\n<p><span style=\"color: #ffffff;\">Cleanster.com versteht die Dringlichkeit kurzfristiger Vermietungen. Unsere Plattform erm\u00f6glicht schnelle Bearbeitungszeiten zwischen Gastaufenthalten und stellt sicher, dass die Unterk\u00fcnfte gr\u00fcndlich gereinigt und f\u00fcr die n\u00e4chste Ankunft bereit sind.<\/span><\/p>\n<h3><span style=\"color: #ffffff;\"><strong>Notfall-Reinigungsdienste:<\/strong><\/span><\/h3>\n<p><span style=\"color: #ffffff;\">Es k\u00f6nnen Notf\u00e4lle auftreten. <a style=\"color: #ffffff;\" href=\"https:\/\/cleanster.com\/\">Cleanster.com<\/a> bietet Notfall-Reinigungsdienste an und stellt eine zuverl\u00e4ssige L\u00f6sung f\u00fcr Reinigungsbedarf in letzter Minute und unerwartete Situationen bereit.<\/span><\/p>\n<h2><span style=\"color: #ffffff;\"><strong>Fazit: Cleanster.com \u2013 Ihr Partner f\u00fcr erfolgreiche Kurzzeitvermietungen<\/strong><\/span><\/h2>\n<p><span style=\"color: #ffffff;\">Cleanster.com ist ein zuverl\u00e4ssiger und innovativer Partner f\u00fcr Eigent\u00fcmer und Verwalter von Kurzzeitvermietungen. Indem wir Immobilienbesitzer nahtlos mit qualifizierten Reinigungsfachleuten zusammenbringen, tragen wir zum Erfolg von Kurzzeitvermietungen bei, indem wir au\u00dfergew\u00f6hnliche G\u00e4steerlebnisse bieten.<\/span><\/p>\n<p><span style=\"color: #ffffff;\">Egal, ob Sie ein Immobilienbesitzer sind, der nach problemlosen Reinigungsl\u00f6sungen sucht, oder ein Reinigungsprofi, der e<a style=\"color: #ffffff;\" href=\"https:\/\/www.linkedin.com\/pulse\/how-identify-entrepreneurial-opportunities-kennedy-mulenga-mba#:~:text=Entrepreneurial%20opportunities%20are%20favourable%20conditions,of%20organising%20or%20new%20markets.\">Unternehmerische M\u00f6glichkeiten<\/a>Cleanster.com ist die Plattform, die diese L\u00fccke schlie\u00dft und Sauberkeitsstandards f\u00fcr Kurzzeitmieten neu definiert. Begleiten Sie uns auf dieser Mission, die Standards f\u00fcr Sauberkeit und Professionalit\u00e4t in dieser dynamischen Welt zu erh\u00f6hen.<\/span><\/p>","protected":false},"excerpt":{"rendered":"<p>In the fast-paced world of short-term rentals, first impressions matter, and cleanliness is paramount. Cleanster.com, with its mission to provide convenient access to cleaning services while empowering service professionals, is reshaping the landscape of short-term rentals. This SEO-friendly article delves into how Cleanster.com is revolutionizing the industry and setting new standards for cleanliness and professionalism. [&hellip;]<\/p>\n","protected":false},"author":2,"featured_media":0,"parent":0,"menu_order":0,"comment_status":"closed","ping_status":"closed","template":"templates\/str.php","meta":{"_acf_changed":false,"footnotes":""},"class_list":["post-1407","page","type-page","status-publish","hentry","entry"],"acf":[],"yoast_head":"<!-- This site is optimized with the Yoast SEO Premium plugin v26.5 (Yoast SEO v27.5) - https:\/\/yoast.com\/product\/yoast-seo-premium-wordpress\/ -->\n<title>Cleanster | Cleaning &amp; Maid Services Near You<\/title>\n<meta name=\"description\" content=\"Over 1,000 hosts including the world\u2019s top property management firms trust Cleanster to get cleaning done right. Explore Short-term rentals\" \/>\n<meta name=\"robots\" content=\"index, follow, max-snippet:-1, max-image-preview:large, max-video-preview:-1\" \/>\n<link rel=\"canonical\" href=\"https:\/\/cleanster.com\/de\/kurzzeitmieten\/\" \/>\n<meta property=\"og:locale\" content=\"de_DE\" \/>\n<meta property=\"og:type\" content=\"article\" \/>\n<meta property=\"og:title\" content=\"Short-Term Rentals - Cleanster | Cleaning &amp; Maid Services Near You\" \/>\n<meta property=\"og:description\" content=\"Over 1,000 hosts including the world\u2019s top property management firms trust Cleanster to get cleaning done right. Explore Short-term rentals\" \/>\n<meta property=\"og:url\" content=\"https:\/\/cleanster.com\/de\/kurzzeitmieten\/\" \/>\n<meta property=\"og:site_name\" content=\"Cleanster | Cleaning &amp; Maid Services Near You\" \/>\n<meta property=\"article:publisher\" content=\"https:\/\/www.facebook.com\/cleansterhq\" \/>\n<meta property=\"article:modified_time\" content=\"2024-01-08T12:20:49+00:00\" \/>\n<meta property=\"og:image\" content=\"https:\/\/cleanster.com\/wp-content\/uploads\/2023\/11\/card@3x.png\" \/>\n\t<meta property=\"og:image:width\" content=\"1170\" \/>\n\t<meta property=\"og:image:height\" content=\"763\" \/>\n\t<meta property=\"og:image:type\" content=\"image\/png\" \/>\n<meta name=\"twitter:card\" content=\"summary_large_image\" \/>\n<meta name=\"twitter:site\" content=\"@cleansterhq\" \/>\n<meta name=\"twitter:label1\" content=\"Gesch\u00e4tzte Lesezeit\" \/>\n\t<meta name=\"twitter:data1\" content=\"2\u00a0Minuten\" \/>\n<script type=\"application\/ld+json\" class=\"yoast-schema-graph\">{\"@context\":\"https:\\\/\\\/schema.org\",\"@graph\":[{\"@type\":\"WebPage\",\"@id\":\"https:\\\/\\\/cleanster.com\\\/short-term-rentals\\\/\",\"url\":\"https:\\\/\\\/cleanster.com\\\/short-term-rentals\\\/\",\"name\":\"Cleanster | Cleaning &amp; Maid Services Near You\",\"isPartOf\":{\"@id\":\"https:\\\/\\\/cleanster.com\\\/#website\"},\"datePublished\":\"2024-01-07T06:27:38+00:00\",\"dateModified\":\"2024-01-08T12:20:49+00:00\",\"description\":\"Over 1,000 hosts including the world\u2019s top property management firms trust Cleanster to get cleaning done right. Explore Short-term rentals\",\"inLanguage\":\"de\",\"potentialAction\":[{\"@type\":\"ReadAction\",\"target\":[\"https:\\\/\\\/cleanster.com\\\/short-term-rentals\\\/\"]}]},{\"@type\":\"WebSite\",\"@id\":\"https:\\\/\\\/cleanster.com\\\/#website\",\"url\":\"https:\\\/\\\/cleanster.com\\\/\",\"name\":\"Cleanster | Cleaning & Maid Services Near You\",\"description\":\"Instantly find &amp; book trusted cleaners for homes, apartment, Airbnb, and offices. Cleanster offers affordable maid, housekeeping, and commercial cleaning services near you.\",\"publisher\":{\"@id\":\"https:\\\/\\\/cleanster.com\\\/#organization\"},\"alternateName\":\"Cleanster | Cleaning, Maid & Housekeeping Services for Everyone\",\"potentialAction\":[{\"@type\":\"SearchAction\",\"target\":{\"@type\":\"EntryPoint\",\"urlTemplate\":\"https:\\\/\\\/cleanster.com\\\/?s={search_term_string}\"},\"query-input\":{\"@type\":\"PropertyValueSpecification\",\"valueRequired\":true,\"valueName\":\"search_term_string\"}}],\"inLanguage\":\"de\"},{\"@type\":\"Organization\",\"@id\":\"https:\\\/\\\/cleanster.com\\\/#organization\",\"name\":\"Cleanster\",\"alternateName\":\"Cleanster.com\",\"url\":\"https:\\\/\\\/cleanster.com\\\/\",\"logo\":{\"@type\":\"ImageObject\",\"inLanguage\":\"de\",\"@id\":\"https:\\\/\\\/cleanster.com\\\/#\\\/schema\\\/logo\\\/image\\\/\",\"url\":\"https:\\\/\\\/cleanster.com\\\/wp-content\\\/uploads\\\/2025\\\/06\\\/Cleanster-Logo-1.svg\",\"contentUrl\":\"https:\\\/\\\/cleanster.com\\\/wp-content\\\/uploads\\\/2025\\\/06\\\/Cleanster-Logo-1.svg\",\"width\":1,\"height\":1,\"caption\":\"Cleanster\"},\"image\":{\"@id\":\"https:\\\/\\\/cleanster.com\\\/#\\\/schema\\\/logo\\\/image\\\/\"},\"sameAs\":[\"https:\\\/\\\/www.facebook.com\\\/cleansterhq\",\"https:\\\/\\\/x.com\\\/cleansterhq\",\"https:\\\/\\\/www.linkedin.com\\\/company\\\/cleansterhq\",\"https:\\\/\\\/www.instagram.com\\\/cleansterhq\",\"https:\\\/\\\/vm.tiktok.com\\\/ZM8vHmcuo\\\/\",\"https:\\\/\\\/www.clubhouse.com\\\/club\\\/cleanstercom\"],\"description\":\"Cleanster is an AI-powered cleaning services platform that connects Airbnb hosts, property managers, and commercial clients with vetted, on-demand cleaners. We offer apartment, house, Airbnb, commercial, and janitorial cleaning services. With a network of over 100,000 professionals across the US, Canada, and the UK, Cleanster delivers fast, reliable, and tech-enabled cleaning at scale.\",\"email\":\"support@cleanster.com\",\"telephone\":\"+1 (888) 788-2445\",\"legalName\":\"Cleanster, Inc.\",\"foundingDate\":\"2019-05-06\",\"duns\":\"118328526\",\"naics\":\"541511\",\"numberOfEmployees\":{\"@type\":\"QuantitativeValue\",\"minValue\":\"11\",\"maxValue\":\"50\"}}]}<\/script>\n<!-- \/ Yoast SEO Premium plugin. -->","yoast_head_json":{"title":"Cleanster | Reinigungs- und Haushaltshilfen in Ihrer N\u00e4he","description":"\u00dcber 1.000 Gastgeber, darunter die weltweit f\u00fchrenden Immobilienverwaltungsfirmen, vertrauen Cleanster, wenn es um die richtige Reinigung geht. Entdecken Sie Kurzzeitmieten","robots":{"index":"index","follow":"follow","max-snippet":"max-snippet:-1","max-image-preview":"max-image-preview:large","max-video-preview":"max-video-preview:-1"},"canonical":"https:\/\/cleanster.com\/de\/kurzzeitmieten\/","og_locale":"de_DE","og_type":"article","og_title":"Short-Term Rentals - Cleanster | Cleaning &amp; Maid Services Near You","og_description":"Over 1,000 hosts including the world\u2019s top property management firms trust Cleanster to get cleaning done right. Explore Short-term rentals","og_url":"https:\/\/cleanster.com\/de\/kurzzeitmieten\/","og_site_name":"Cleanster | Cleaning &amp; Maid Services Near You","article_publisher":"https:\/\/www.facebook.com\/cleansterhq","article_modified_time":"2024-01-08T12:20:49+00:00","og_image":[{"width":1170,"height":763,"url":"https:\/\/cleanster.com\/wp-content\/uploads\/2023\/11\/card@3x.png","type":"image\/png"}],"twitter_card":"summary_large_image","twitter_site":"@cleansterhq","twitter_misc":{"Gesch\u00e4tzte Lesezeit":"2\u00a0Minuten"},"schema":{"@context":"https:\/\/schema.org","@graph":[{"@type":"WebPage","@id":"https:\/\/cleanster.com\/short-term-rentals\/","url":"https:\/\/cleanster.com\/short-term-rentals\/","name":"Cleanster | Reinigungs- und Haushaltshilfen in Ihrer N\u00e4he","isPartOf":{"@id":"https:\/\/cleanster.com\/#website"},"datePublished":"2024-01-07T06:27:38+00:00","dateModified":"2024-01-08T12:20:49+00:00","description":"\u00dcber 1.000 Gastgeber, darunter die weltweit f\u00fchrenden Immobilienverwaltungsfirmen, vertrauen Cleanster, wenn es um die richtige Reinigung geht. Entdecken Sie Kurzzeitmieten","inLanguage":"de","potentialAction":[{"@type":"ReadAction","target":["https:\/\/cleanster.com\/short-term-rentals\/"]}]},{"@type":"WebSite","@id":"https:\/\/cleanster.com\/#website","url":"https:\/\/cleanster.com\/","name":"Cleanster | Reinigungs- und Haushaltshilfen in Ihrer N\u00e4he","description":"Finden und buchen Sie sofort zuverl\u00e4ssige Reinigungskr\u00e4fte f\u00fcr H\u00e4user, Wohnungen, Airbnbs und B\u00fcros. Cleanster bietet g\u00fcnstige Reinigungsdienste in Ihrer N\u00e4he.","publisher":{"@id":"https:\/\/cleanster.com\/#organization"},"alternateName":"Cleanster | Cleaning, Maid & Housekeeping Services for Everyone","potentialAction":[{"@type":"SearchAction","target":{"@type":"EntryPoint","urlTemplate":"https:\/\/cleanster.com\/?s={search_term_string}"},"query-input":{"@type":"PropertyValueSpecification","valueRequired":true,"valueName":"search_term_string"}}],"inLanguage":"de"},{"@type":"Organization","@id":"https:\/\/cleanster.com\/#organization","name":"Saubermann","alternateName":"Cleanster.com","url":"https:\/\/cleanster.com\/","logo":{"@type":"ImageObject","inLanguage":"de","@id":"https:\/\/cleanster.com\/#\/schema\/logo\/image\/","url":"https:\/\/cleanster.com\/wp-content\/uploads\/2025\/06\/Cleanster-Logo-1.svg","contentUrl":"https:\/\/cleanster.com\/wp-content\/uploads\/2025\/06\/Cleanster-Logo-1.svg","width":1,"height":1,"caption":"Cleanster"},"image":{"@id":"https:\/\/cleanster.com\/#\/schema\/logo\/image\/"},"sameAs":["https:\/\/www.facebook.com\/cleansterhq","https:\/\/x.com\/cleansterhq","https:\/\/www.linkedin.com\/company\/cleansterhq","https:\/\/www.instagram.com\/cleansterhq","https:\/\/vm.tiktok.com\/ZM8vHmcuo\/","https:\/\/www.clubhouse.com\/club\/cleanstercom"],"description":"Cleanster ist eine KI-gest\u00fctzte Reinigungsplattform, die Airbnb-Gastgeber, Hausverwalter und gewerbliche Kunden mit gepr\u00fcften Reinigungskr\u00e4ften auf Abruf verbindet. Wir bieten Reinigungsdienste f\u00fcr Wohnungen, H\u00e4user, Airbnb-Unterk\u00fcnfte, Gewerbeimmobilien und Hausmeisterdienste an. Mit einem Netzwerk von \u00fcber 100.000 Fachkr\u00e4ften in den USA, Kanada und Gro\u00dfbritannien bietet Cleanster schnelle, zuverl\u00e4ssige und technisch unterst\u00fctzte Reinigung in gro\u00dfem Umfang.","email":"support@cleanster.com","telephone":"+1 (888) 788-2445","legalName":"Cleanster, Inc.","foundingDate":"2019-05-06","duns":"118328526","naics":"541511","numberOfEmployees":{"@type":"QuantitativeValue","minValue":"11","maxValue":"50"}}]}},"_links":{"self":[{"href":"https:\/\/cleanster.com\/de\/wp-json\/wp\/v2\/pages\/1407","targetHints":{"allow":["GET"]}}],"collection":[{"href":"https:\/\/cleanster.com\/de\/wp-json\/wp\/v2\/pages"}],"about":[{"href":"https:\/\/cleanster.com\/de\/wp-json\/wp\/v2\/types\/page"}],"author":[{"embeddable":true,"href":"https:\/\/cleanster.com\/de\/wp-json\/wp\/v2\/users\/2"}],"replies":[{"embeddable":true,"href":"https:\/\/cleanster.com\/de\/wp-json\/wp\/v2\/comments?post=1407"}],"version-history":[{"count":0,"href":"https:\/\/cleanster.com\/de\/wp-json\/wp\/v2\/pages\/1407\/revisions"}],"wp:attachment":[{"href":"https:\/\/cleanster.com\/de\/wp-json\/wp\/v2\/media?parent=1407"}],"curies":[{"name":"wp","href":"https:\/\/api.w.org\/{rel}","templated":true}]}}