{"id":1572,"date":"2021-12-23T02:08:18","date_gmt":"2021-12-23T02:08:18","guid":{"rendered":"https:\/\/cleanster.com\/?page_id=1572"},"modified":"2024-01-08T11:41:49","modified_gmt":"2024-01-08T11:41:49","slug":"berichterstattung-und-analyse","status":"publish","type":"page","link":"https:\/\/cleanster.com\/de\/berichterstattung-und-analyse\/","title":{"rendered":"Berichterstattung und Analyse"},"content":{"rendered":"<p><span style=\"color: #ffffff;\">Im digitalen Zeitalter sind Daten das A und O. F\u00fcr die Reinigungsbranche bedeutet dies, dass sie dringend erweiterte Berichte und Analysen ben\u00f6tigt, um Abl\u00e4ufe zu optimieren und die Servicebereitstellung zu verbessern. Cleanster.com, eine bahnbrechende Reinigungsdienstplattform, setzt durch die Integration umfassender Berichts- und Analysetools neue Ma\u00dfst\u00e4be. Diese Integration passt perfekt zu unserer Mission, bequemen Zugang zu Reinigungsdiensten zu bieten und Servicefachleuten gleichzeitig ethische Arbeitsm\u00f6glichkeiten zu bieten.<\/span><\/p>\n<h2><span style=\"color: #ffffff;\">Reinigungsdienste mit datengesteuerten Erkenntnissen umgestalten<\/span><\/h2>\n<h3><span style=\"color: #ffffff;\"><strong>1. Detaillierte Leistungsanalyse:<\/strong><\/span><\/h3>\n<p><span style=\"color: #ffffff;\">Die Berichtstools von Cleanster.com bieten detaillierte Einblicke in die Leistung von Reinigungsteams. Durch die Analyse von Faktoren wie Zeiteffizienz, Kundenzufriedenheitsbewertungen und Stammkundenquoten geben wir Servicefachleuten verwertbare Daten an die Hand, um ihre Dienstleistungen kontinuierlich zu verbessern.<\/span><\/p>\n<h3><span style=\"color: #ffffff;\"><strong>2. Finanzberichterstattung f\u00fcr Transparenz:<\/strong><\/span><\/h3>\n<p><span style=\"color: #ffffff;\">Transparenz bei Finanztransaktionen ist sowohl f\u00fcr Dienstleister als auch f\u00fcr Kunden von entscheidender Bedeutung. Cleanster.com bietet detaillierte Finanzberichte, einschlie\u00dflich Einnahmen, Ausgaben und Zahlungshistorien. Dieses Ma\u00df an Transparenz ist f\u00fcr Dienstleister, die Unternehmer werden m\u00f6chten, von entscheidender Bedeutung und hilft ihnen, ihre Finanzen effektiv zu verwalten.<\/span><\/p>\n<h3><span style=\"color: #ffffff;\"><strong>3. Kundenfeedback und Bewertungen:<\/strong><\/span><\/h3>\n<p><span style=\"color: #ffffff;\">Kundenfeedback ist eine wahre Goldgrube an Informationen. Cleanster.com priorisiert dies, indem es Kundenbewertungen und -rezensionen in seine Berichte einbezieht. Dieses Feedback hilft Reinigungsfachleuten, die Erwartungen der Kunden und Verbesserungsbereiche zu verstehen und so eine Kultur der Exzellenz zu f\u00f6rdern.<\/span><\/p>\n<h2><span style=\"color: #ffffff;\">Verbesserung der betrieblichen Effizienz<\/span><\/h2>\n<h3><span style=\"color: #ffffff;\"><strong>1. Auftragsverfolgung in Echtzeit:<\/strong><\/span><\/h3>\n<p><span style=\"color: #ffffff;\">Unsere Plattform bietet Funktionen zur Auftragsverfolgung in Echtzeit, mit denen Reinigungsfachkr\u00e4fte ihren Arbeitsfortschritt umfassend \u00fcberwachen k\u00f6nnen. Diese Funktion gew\u00e4hrleistet die rechtzeitige Erledigung von Aufgaben und hilft bei der proaktiven Anpassung von Zeitpl\u00e4nen.<\/span><\/p>\n<h3><span style=\"color: #ffffff;\"><strong>2. Bestandsnutzung und -verwaltung:<\/strong><\/span><\/h3>\n<p><span style=\"color: #ffffff;\">Mit <a style=\"color: #ffffff;\" href=\"https:\/\/cleanster.com\">Cleanster.com<\/a>k\u00f6nnen Servicefachleute die Bestandsnutzung im Zeitverlauf verfolgen. Diese Analyse hilft dabei, den zuk\u00fcnftigen Bestandsbedarf vorherzusagen, \u00dcberbest\u00e4nde oder Unterbest\u00e4nde zu vermeiden und die Ressourcennutzung zu optimieren.<\/span><\/p>\n<h3><span style=\"color: #ffffff;\"><strong>3. Anpassbare Berichte:<\/strong><\/span><\/h3>\n<p><span style=\"color: #ffffff;\">Cleanster.com wei\u00df, dass jeder Reinigungsprofi und Kunde individuelle Bed\u00fcrfnisse hat und bietet daher anpassbare Berichte. Benutzer k\u00f6nnen die Parameter ausw\u00e4hlen, auf die sie sich konzentrieren m\u00f6chten, wodurch das Berichtstool anpassbar und benutzerfreundlich wird.<\/span><\/p>\n<h2><span style=\"color: #ffffff;\">F\u00f6rderung von Gesch\u00e4ftswachstum und Kundenzufriedenheit<\/span><\/h2>\n<h3><span style=\"color: #ffffff;\"><strong>1. Strategische Gesch\u00e4ftsentscheidungen:<\/strong><\/span><\/h3>\n<p><span style=\"color: #ffffff;\">Ausgestattet mit umfassenden Daten k\u00f6nnen Reinigungsfachleute, die Cleanster.com nutzen, fundierte, <a style=\"color: #ffffff;\" href=\"https:\/\/hbr.org\/2013\/11\/what-makes-strategic-decisions-different\">strategische Gesch\u00e4ftsentscheidungen<\/a>. Ob es um die Erweiterung von Dienstleistungen, die Anpassung der Preise oder die Intensivierung der Marketingbem\u00fchungen geht: datengesteuerte Entscheidungen f\u00fchren zu nachhaltigem Unternehmenswachstum.<\/span><\/p>\n<h3><span style=\"color: #ffffff;\"><strong>2. Erf\u00fcllung der Kundenerwartungen:<\/strong><\/span><\/h3>\n<p><span style=\"color: #ffffff;\">Indem Reinigungsfachkr\u00e4fte die Kundenbed\u00fcrfnisse anhand von Feedback und Leistungsanalysen verstehen, k\u00f6nnen sie ihre Dienstleistungen so anpassen, dass sie diese Erwartungen erf\u00fcllen und \u00fcbertreffen. Dieser kundenorientierte Ansatz ist der Schl\u00fcssel zum Aufbau von Loyalit\u00e4t und einem guten Ruf.<\/span><\/p>\n<h3><span style=\"color: #ffffff;\"><strong>3. Wettbewerbsvorteil:<\/strong><\/span><\/h3>\n<p><span style=\"color: #ffffff;\">In einem wettbewerbsintensiven Markt stellen die Berichts- und Analysetools von Cleanster.com einen entscheidenden Vorteil dar. Servicefachleute, die \u00fcber detaillierte Einblicke verf\u00fcgen, k\u00f6nnen erstklassige Dienstleistungen anbieten und sich so in der Branche von der Konkurrenz abheben.<\/span><\/p>\n<h2><span style=\"color: #ffffff;\">Fazit: Die Zukunft der Reinigung ist datengesteuert<\/span><\/h2>\n<p><span style=\"color: #ffffff;\">Cleanster.com revolutioniert die Reinigungsbranche, indem es die Macht der Daten nutzt. Mit unseren fortschrittlichen Berichts- und Analysetools erleichtern wir nicht nur Reinigungsdienste, sondern st\u00e4rken auch Fachleute und stellen Kunden durch intelligente Einblicke zufrieden. In einer Welt, in der Daten Entscheidungen bestimmen, ist Cleanster.com mit jedem Bericht die Nase vorn.<\/span><\/p>","protected":false},"excerpt":{"rendered":"<p>In the digital age, data is king. For the cleaning industry, this translates into the critical need for advanced reporting and analysis to streamline operations and enhance service delivery. Cleanster.com, a trailblazing cleaning service platform, is setting new benchmarks by integrating comprehensive reporting and analysis tools. This integration aligns perfectly with our mission to provide [&hellip;]<\/p>\n","protected":false},"author":1,"featured_media":0,"parent":0,"menu_order":0,"comment_status":"closed","ping_status":"closed","template":"templates\/rental.php","meta":{"_acf_changed":false,"footnotes":""},"class_list":["post-1572","page","type-page","status-publish","hentry","entry"],"acf":[],"yoast_head":"<!-- This site is optimized with the Yoast SEO Premium plugin v26.5 (Yoast SEO v27.4) - https:\/\/yoast.com\/product\/yoast-seo-premium-wordpress\/ -->\n<title>Regarding the Cleanster.com\u2019s modern reporting &amp; analysis factor<\/title>\n<meta name=\"description\" content=\"We offer smart and useful reporting and analysis features for your home or business cleaning service at a reasonable price. Check the detail\" \/>\n<meta name=\"robots\" content=\"index, follow, max-snippet:-1, max-image-preview:large, max-video-preview:-1\" \/>\n<link rel=\"canonical\" href=\"https:\/\/cleanster.com\/de\/berichterstattung-und-analyse\/\" \/>\n<meta property=\"og:locale\" content=\"de_DE\" \/>\n<meta property=\"og:type\" content=\"article\" \/>\n<meta property=\"og:title\" content=\"Reporting and Analysis - Cleanster | Cleaning &amp; Maid Services Near You\" \/>\n<meta property=\"og:description\" content=\"We offer smart and useful reporting and analysis features for your home or business cleaning service at a reasonable price. Check the detail\" \/>\n<meta property=\"og:url\" content=\"https:\/\/cleanster.com\/de\/berichterstattung-und-analyse\/\" \/>\n<meta property=\"og:site_name\" content=\"Cleanster | Cleaning &amp; Maid Services Near You\" \/>\n<meta property=\"article:publisher\" content=\"https:\/\/www.facebook.com\/cleansterhq\" \/>\n<meta property=\"article:modified_time\" content=\"2024-01-08T11:41:49+00:00\" \/>\n<meta property=\"og:image\" content=\"https:\/\/cleanster.com\/wp-content\/uploads\/2023\/11\/card@3x.png\" \/>\n\t<meta property=\"og:image:width\" content=\"1170\" \/>\n\t<meta property=\"og:image:height\" content=\"763\" \/>\n\t<meta property=\"og:image:type\" content=\"image\/png\" \/>\n<meta name=\"twitter:card\" content=\"summary_large_image\" \/>\n<meta name=\"twitter:site\" content=\"@cleansterhq\" \/>\n<meta name=\"twitter:label1\" content=\"Gesch\u00e4tzte Lesezeit\" \/>\n\t<meta name=\"twitter:data1\" content=\"3\u00a0Minuten\" \/>\n<script type=\"application\/ld+json\" class=\"yoast-schema-graph\">{\"@context\":\"https:\\\/\\\/schema.org\",\"@graph\":[{\"@type\":\"WebPage\",\"@id\":\"https:\\\/\\\/cleanster.com\\\/reporting-and-analysis\\\/\",\"url\":\"https:\\\/\\\/cleanster.com\\\/reporting-and-analysis\\\/\",\"name\":\"Regarding the Cleanster.com\u2019s modern reporting & analysis factor\",\"isPartOf\":{\"@id\":\"https:\\\/\\\/cleanster.com\\\/#website\"},\"datePublished\":\"2021-12-23T02:08:18+00:00\",\"dateModified\":\"2024-01-08T11:41:49+00:00\",\"description\":\"We offer smart and useful reporting and analysis features for your home or business cleaning service at a reasonable price. Check the detail\",\"inLanguage\":\"de\",\"potentialAction\":[{\"@type\":\"ReadAction\",\"target\":[\"https:\\\/\\\/cleanster.com\\\/reporting-and-analysis\\\/\"]}]},{\"@type\":\"WebSite\",\"@id\":\"https:\\\/\\\/cleanster.com\\\/#website\",\"url\":\"https:\\\/\\\/cleanster.com\\\/\",\"name\":\"Cleanster | Cleaning & Maid Services Near You\",\"description\":\"Instantly find &amp; book trusted cleaners for homes, apartment, Airbnb, and offices. Cleanster offers affordable maid, housekeeping, and commercial cleaning services near you.\",\"publisher\":{\"@id\":\"https:\\\/\\\/cleanster.com\\\/#organization\"},\"alternateName\":\"Cleanster | Cleaning, Maid & Housekeeping Services for Everyone\",\"potentialAction\":[{\"@type\":\"SearchAction\",\"target\":{\"@type\":\"EntryPoint\",\"urlTemplate\":\"https:\\\/\\\/cleanster.com\\\/?s={search_term_string}\"},\"query-input\":{\"@type\":\"PropertyValueSpecification\",\"valueRequired\":true,\"valueName\":\"search_term_string\"}}],\"inLanguage\":\"de\"},{\"@type\":\"Organization\",\"@id\":\"https:\\\/\\\/cleanster.com\\\/#organization\",\"name\":\"Cleanster\",\"alternateName\":\"Cleanster.com\",\"url\":\"https:\\\/\\\/cleanster.com\\\/\",\"logo\":{\"@type\":\"ImageObject\",\"inLanguage\":\"de\",\"@id\":\"https:\\\/\\\/cleanster.com\\\/#\\\/schema\\\/logo\\\/image\\\/\",\"url\":\"https:\\\/\\\/cleanster.com\\\/wp-content\\\/uploads\\\/2025\\\/06\\\/Cleanster-Logo-1.svg\",\"contentUrl\":\"https:\\\/\\\/cleanster.com\\\/wp-content\\\/uploads\\\/2025\\\/06\\\/Cleanster-Logo-1.svg\",\"width\":1,\"height\":1,\"caption\":\"Cleanster\"},\"image\":{\"@id\":\"https:\\\/\\\/cleanster.com\\\/#\\\/schema\\\/logo\\\/image\\\/\"},\"sameAs\":[\"https:\\\/\\\/www.facebook.com\\\/cleansterhq\",\"https:\\\/\\\/x.com\\\/cleansterhq\",\"https:\\\/\\\/www.linkedin.com\\\/company\\\/cleansterhq\",\"https:\\\/\\\/www.instagram.com\\\/cleansterhq\",\"https:\\\/\\\/vm.tiktok.com\\\/ZM8vHmcuo\\\/\",\"https:\\\/\\\/www.clubhouse.com\\\/club\\\/cleanstercom\"],\"description\":\"Cleanster is an AI-powered cleaning services platform that connects Airbnb hosts, property managers, and commercial clients with vetted, on-demand cleaners. We offer apartment, house, Airbnb, commercial, and janitorial cleaning services. With a network of over 100,000 professionals across the US, Canada, and the UK, Cleanster delivers fast, reliable, and tech-enabled cleaning at scale.\",\"email\":\"support@cleanster.com\",\"telephone\":\"+1 (888) 788-2445\",\"legalName\":\"Cleanster, Inc.\",\"foundingDate\":\"2019-05-06\",\"duns\":\"118328526\",\"naics\":\"541511\",\"numberOfEmployees\":{\"@type\":\"QuantitativeValue\",\"minValue\":\"11\",\"maxValue\":\"50\"}}]}<\/script>\n<!-- \/ Yoast SEO Premium plugin. -->","yoast_head_json":{"title":"Bez\u00fcglich des modernen Reporting- und Analysefaktors von Cleanster.com","description":"Wir bieten intelligente und n\u00fctzliche Berichts- und Analysefunktionen f\u00fcr Ihren Reinigungsdienst zu Hause oder in Ihrem Unternehmen zu einem angemessenen Preis. \u00dcberpr\u00fcfen Sie die Details","robots":{"index":"index","follow":"follow","max-snippet":"max-snippet:-1","max-image-preview":"max-image-preview:large","max-video-preview":"max-video-preview:-1"},"canonical":"https:\/\/cleanster.com\/de\/berichterstattung-und-analyse\/","og_locale":"de_DE","og_type":"article","og_title":"Reporting and Analysis - Cleanster | Cleaning &amp; Maid Services Near You","og_description":"We offer smart and useful reporting and analysis features for your home or business cleaning service at a reasonable price. Check the detail","og_url":"https:\/\/cleanster.com\/de\/berichterstattung-und-analyse\/","og_site_name":"Cleanster | Cleaning &amp; Maid Services Near You","article_publisher":"https:\/\/www.facebook.com\/cleansterhq","article_modified_time":"2024-01-08T11:41:49+00:00","og_image":[{"width":1170,"height":763,"url":"https:\/\/cleanster.com\/wp-content\/uploads\/2023\/11\/card@3x.png","type":"image\/png"}],"twitter_card":"summary_large_image","twitter_site":"@cleansterhq","twitter_misc":{"Gesch\u00e4tzte Lesezeit":"3\u00a0Minuten"},"schema":{"@context":"https:\/\/schema.org","@graph":[{"@type":"WebPage","@id":"https:\/\/cleanster.com\/reporting-and-analysis\/","url":"https:\/\/cleanster.com\/reporting-and-analysis\/","name":"Bez\u00fcglich des modernen Reporting- und Analysefaktors von Cleanster.com","isPartOf":{"@id":"https:\/\/cleanster.com\/#website"},"datePublished":"2021-12-23T02:08:18+00:00","dateModified":"2024-01-08T11:41:49+00:00","description":"Wir bieten intelligente und n\u00fctzliche Berichts- und Analysefunktionen f\u00fcr Ihren Reinigungsdienst zu Hause oder in Ihrem Unternehmen zu einem angemessenen Preis. \u00dcberpr\u00fcfen Sie die Details","inLanguage":"de","potentialAction":[{"@type":"ReadAction","target":["https:\/\/cleanster.com\/reporting-and-analysis\/"]}]},{"@type":"WebSite","@id":"https:\/\/cleanster.com\/#website","url":"https:\/\/cleanster.com\/","name":"Cleanster | Reinigungs- und Haushaltshilfen in Ihrer N\u00e4he","description":"Finden und buchen Sie sofort zuverl\u00e4ssige Reinigungskr\u00e4fte f\u00fcr H\u00e4user, Wohnungen, Airbnbs und B\u00fcros. Cleanster bietet g\u00fcnstige Reinigungsdienste in Ihrer N\u00e4he.","publisher":{"@id":"https:\/\/cleanster.com\/#organization"},"alternateName":"Cleanster | Cleaning, Maid & Housekeeping Services for Everyone","potentialAction":[{"@type":"SearchAction","target":{"@type":"EntryPoint","urlTemplate":"https:\/\/cleanster.com\/?s={search_term_string}"},"query-input":{"@type":"PropertyValueSpecification","valueRequired":true,"valueName":"search_term_string"}}],"inLanguage":"de"},{"@type":"Organization","@id":"https:\/\/cleanster.com\/#organization","name":"Saubermann","alternateName":"Cleanster.com","url":"https:\/\/cleanster.com\/","logo":{"@type":"ImageObject","inLanguage":"de","@id":"https:\/\/cleanster.com\/#\/schema\/logo\/image\/","url":"https:\/\/cleanster.com\/wp-content\/uploads\/2025\/06\/Cleanster-Logo-1.svg","contentUrl":"https:\/\/cleanster.com\/wp-content\/uploads\/2025\/06\/Cleanster-Logo-1.svg","width":1,"height":1,"caption":"Cleanster"},"image":{"@id":"https:\/\/cleanster.com\/#\/schema\/logo\/image\/"},"sameAs":["https:\/\/www.facebook.com\/cleansterhq","https:\/\/x.com\/cleansterhq","https:\/\/www.linkedin.com\/company\/cleansterhq","https:\/\/www.instagram.com\/cleansterhq","https:\/\/vm.tiktok.com\/ZM8vHmcuo\/","https:\/\/www.clubhouse.com\/club\/cleanstercom"],"description":"Cleanster ist eine KI-gest\u00fctzte Reinigungsplattform, die Airbnb-Gastgeber, Hausverwalter und gewerbliche Kunden mit gepr\u00fcften Reinigungskr\u00e4ften auf Abruf verbindet. Wir bieten Reinigungsdienste f\u00fcr Wohnungen, H\u00e4user, Airbnb-Unterk\u00fcnfte, Gewerbeimmobilien und Hausmeisterdienste an. Mit einem Netzwerk von \u00fcber 100.000 Fachkr\u00e4ften in den USA, Kanada und Gro\u00dfbritannien bietet Cleanster schnelle, zuverl\u00e4ssige und technisch unterst\u00fctzte Reinigung in gro\u00dfem Umfang.","email":"support@cleanster.com","telephone":"+1 (888) 788-2445","legalName":"Cleanster, Inc.","foundingDate":"2019-05-06","duns":"118328526","naics":"541511","numberOfEmployees":{"@type":"QuantitativeValue","minValue":"11","maxValue":"50"}}]}},"_links":{"self":[{"href":"https:\/\/cleanster.com\/de\/wp-json\/wp\/v2\/pages\/1572","targetHints":{"allow":["GET"]}}],"collection":[{"href":"https:\/\/cleanster.com\/de\/wp-json\/wp\/v2\/pages"}],"about":[{"href":"https:\/\/cleanster.com\/de\/wp-json\/wp\/v2\/types\/page"}],"author":[{"embeddable":true,"href":"https:\/\/cleanster.com\/de\/wp-json\/wp\/v2\/users\/1"}],"replies":[{"embeddable":true,"href":"https:\/\/cleanster.com\/de\/wp-json\/wp\/v2\/comments?post=1572"}],"version-history":[{"count":0,"href":"https:\/\/cleanster.com\/de\/wp-json\/wp\/v2\/pages\/1572\/revisions"}],"wp:attachment":[{"href":"https:\/\/cleanster.com\/de\/wp-json\/wp\/v2\/media?parent=1572"}],"curies":[{"name":"wp","href":"https:\/\/api.w.org\/{rel}","templated":true}]}}