{"id":16032,"date":"2021-12-15T16:07:46","date_gmt":"2021-12-15T16:07:46","guid":{"rendered":"https:\/\/cleanster.com\/?page_id=902"},"modified":"2025-10-10T00:34:57","modified_gmt":"2025-10-10T00:34:57","slug":"merkmale","status":"publish","type":"page","link":"https:\/\/cleanster.com\/de\/merkmale\/","title":{"rendered":"Standardreinigung"},"content":{"rendered":"<h2><span style=\"font-weight: 400; color: #ffffff;\">Reinigen mit dem Cleanster<span style=\"font-weight: 400;\">.com<\/span><\/span><\/h2>\n<p><span style=\"font-weight: 400; color: #ffffff;\"><a style=\"color: #ffffff;\" href=\"https:\/\/play.google.com\/store\/apps\/details?id=com.tidyapp&amp;hl=en_US&amp;gl=US\">Saubermann<span style=\"font-weight: 400;\">.com<\/span><\/a> bietet professionelle Reinigungsdienste f\u00fcr Eigent\u00fcmer, die keine Zeit f\u00fcr diese Dinge haben. Reinigen mit dem Cleanster<span style=\"font-weight: 400;\">.com<\/span>, und reinigen Sie Ihr gesamtes Haus, B\u00fcro, Airbnb usw. Professionelle Reinigungskr\u00e4fte von Cleanster<span style=\"font-weight: 400;\">.com<\/span> bieten Reinigungsdienste f\u00fcr Badezimmer, K\u00fcche, Schlafzimmer und andere Wohnbereiche an. Zu den Badezimmerreinigungsdiensten k\u00f6nnen das Sp\u00fclen und Abwischen von Dusche und Badewanne geh\u00f6ren. Sie k\u00f6nnen auch Ihre Toilette, Spiegel und Schrankau\u00dfenseiten reinigen lassen. Wir entstauben die erreichbaren L\u00fcftungsschlitze, wischen und saugen den Boden. Wir falten die Handt\u00fccher und vieles mehr. Ihr M\u00fclleimer wird ebenfalls geleert.<\/span><\/p>\n<p><span style=\"font-weight: 400; color: #ffffff;\">Im Bereich K\u00fcche k\u00f6nnen Sie Ihre K\u00fcchenutensilien reinigen und abwischen. Wir reinigen Ihre Mikrowelle innen und au\u00dfen sowie andere K\u00fcchenger\u00e4te. Wir entstauben zug\u00e4ngliche L\u00fcftungsschlitze und entleeren den M\u00fclleimer. Ihre M\u00f6bel und sichtbaren Oberfl\u00e4chen werden abgewischt und abgestaubt. Wir entstauben Ihre K\u00fcchensockelleisten. Wir reinigen die Au\u00dfenseiten Ihrer K\u00fcchenschr\u00e4nke, Arbeitsplatten und K\u00fcchenr\u00fcckw\u00e4nde.\u00a0<\/span><\/p>\n<p><span style=\"font-weight: 400; color: #ffffff;\">In Ihrem Schlafzimmer machen die Profis Ihre Betten. Sie falten Ihre Kleidung. Die B\u00f6den in Ihrem Schlafzimmer werden gewischt und gesaugt. Sie wischen Ihre M\u00f6bel und sichtbaren Oberfl\u00e4chen ab und entstauben sie. Wir entstauben Ihre Fu\u00dfleisten. Sie wischen sogar erreichbare L\u00fcftungsschlitze ab und entsorgen Ihren M\u00fcll.\u00a0<\/span><\/p>\n<p><span style=\"font-weight: 400; color: #ffffff;\">Sie d\u00fcrfen sie jedoch nicht schwere Gegenst\u00e4nde \u00fcber 25 Pfund heben lassen. Und Sie d\u00fcrfen sie auch nicht Ihre Au\u00dfenarbeiten erledigen lassen. Zum Beispiel Fensterarbeiten, Landschafts- oder Gartenarbeiten usw. Tiefenfleckenentfernung oder Garagenarbeiten sind abgesehen vom einfachen Kehren nicht inbegriffen.\u00a0<\/span><\/p>\n<p><span style=\"font-weight: 400; color: #ffffff;\">Keine Sorge Leute, zus\u00e4tzlich zu den oben genannten Dienstleistungen, die <a style=\"color: #ffffff;\" href=\"https:\/\/cleanster.com\/how-to-download-tidy-app\/\">Saubermann<span style=\"font-weight: 400;\">.com<\/span><\/a> Profis helfen Ihnen sogar beim Ein- und Auszug Ihrer Sachen. Sie bekommen sogar Hilfe beim Waschen und Trocknen Ihrer W\u00e4sche. Auch Ihren K\u00fchlschrank k\u00f6nnen Sie reinigen lassen. <\/span><\/p>","protected":false},"excerpt":{"rendered":"<p>Clean with the Cleanster.com Cleanster.com provides professional cleaning services for owners who don\u2019t have time for these things. Clean with the Cleanster.com, and clean your entire home, office, Airbnb, etc. Professional cleaners from Cleanster.com provide bathroom, kitchen, bedroom, and other living area cleaning services. Bathroom cleaning services can include rinsing and wiping your shower and [&hellip;]<\/p>\n","protected":false},"author":2,"featured_media":0,"parent":0,"menu_order":0,"comment_status":"closed","ping_status":"closed","template":"templates\/features.php","meta":{"_acf_changed":false,"footnotes":""},"class_list":["post-16032","page","type-page","status-publish","hentry","entry"],"acf":[],"yoast_head":"<!-- This site is optimized with the Yoast SEO Premium plugin v26.5 (Yoast SEO v27.3) - https:\/\/yoast.com\/product\/yoast-seo-premium-wordpress\/ -->\n<title>Standard Cleaning - Home Clean-ing on Demand Cleanster | Cleaning &amp; Maid Services Near You<\/title>\n<meta name=\"description\" content=\"Best Maid Services - Clean-ing from $15\/hour. Find Recommended House Cleaning Services in near you. Download Cleanster.com today.\" \/>\n<meta name=\"robots\" content=\"index, follow, max-snippet:-1, max-image-preview:large, max-video-preview:-1\" \/>\n<link rel=\"canonical\" href=\"https:\/\/cleanster.com\/de\/merkmale\/\" \/>\n<meta property=\"og:locale\" content=\"de_DE\" \/>\n<meta property=\"og:type\" content=\"article\" \/>\n<meta property=\"og:title\" content=\"Standard Cleaning - Cleanster | Cleaning &amp; Maid Services Near You\" \/>\n<meta property=\"og:description\" content=\"Best Maid Services - Clean-ing from $15\/hour. Find Recommended House Cleaning Services in near you. Download Cleanster.com today.\" \/>\n<meta property=\"og:url\" content=\"https:\/\/cleanster.com\/de\/merkmale\/\" \/>\n<meta property=\"og:site_name\" content=\"Cleanster | Cleaning &amp; Maid Services Near You\" \/>\n<meta property=\"article:publisher\" content=\"https:\/\/www.facebook.com\/cleansterhq\" \/>\n<meta property=\"article:modified_time\" content=\"2025-10-10T00:34:57+00:00\" \/>\n<meta property=\"og:image\" content=\"https:\/\/cleanster.com\/wp-content\/uploads\/2023\/11\/card@3x.png\" \/>\n\t<meta property=\"og:image:width\" content=\"1170\" \/>\n\t<meta property=\"og:image:height\" content=\"763\" \/>\n\t<meta property=\"og:image:type\" content=\"image\/png\" \/>\n<meta name=\"twitter:card\" content=\"summary_large_image\" \/>\n<meta name=\"twitter:site\" content=\"@cleansterhq\" \/>\n<meta name=\"twitter:label1\" content=\"Gesch\u00e4tzte Lesezeit\" \/>\n\t<meta name=\"twitter:data1\" content=\"2\u00a0Minuten\" \/>\n<script type=\"application\/ld+json\" class=\"yoast-schema-graph\">{\"@context\":\"https:\\\/\\\/schema.org\",\"@graph\":[{\"@type\":\"WebPage\",\"@id\":\"https:\\\/\\\/cleanster.com\\\/features\\\/\",\"url\":\"https:\\\/\\\/cleanster.com\\\/features\\\/\",\"name\":\"Standard Cleaning - Home Clean-ing on Demand Cleanster | Cleaning &amp; Maid Services Near You\",\"isPartOf\":{\"@id\":\"https:\\\/\\\/cleanster.com\\\/#website\"},\"datePublished\":\"2021-12-15T16:07:46+00:00\",\"dateModified\":\"2025-10-10T00:34:57+00:00\",\"description\":\"Best Maid Services - Clean-ing from $15\\\/hour. Find Recommended House Cleaning Services in near you. Download Cleanster.com today.\",\"inLanguage\":\"de\",\"potentialAction\":[{\"@type\":\"ReadAction\",\"target\":[\"https:\\\/\\\/cleanster.com\\\/features\\\/\"]}]},{\"@type\":\"WebSite\",\"@id\":\"https:\\\/\\\/cleanster.com\\\/#website\",\"url\":\"https:\\\/\\\/cleanster.com\\\/\",\"name\":\"Cleanster | Cleaning & Maid Services Near You\",\"description\":\"Instantly find &amp; book trusted cleaners for homes, apartment, Airbnb, and offices. Cleanster offers affordable maid, housekeeping, and commercial cleaning services near you.\",\"publisher\":{\"@id\":\"https:\\\/\\\/cleanster.com\\\/#organization\"},\"alternateName\":\"Cleanster | Cleaning, Maid & Housekeeping Services for Everyone\",\"potentialAction\":[{\"@type\":\"SearchAction\",\"target\":{\"@type\":\"EntryPoint\",\"urlTemplate\":\"https:\\\/\\\/cleanster.com\\\/?s={search_term_string}\"},\"query-input\":{\"@type\":\"PropertyValueSpecification\",\"valueRequired\":true,\"valueName\":\"search_term_string\"}}],\"inLanguage\":\"de\"},{\"@type\":\"Organization\",\"@id\":\"https:\\\/\\\/cleanster.com\\\/#organization\",\"name\":\"Cleanster\",\"alternateName\":\"Cleanster.com\",\"url\":\"https:\\\/\\\/cleanster.com\\\/\",\"logo\":{\"@type\":\"ImageObject\",\"inLanguage\":\"de\",\"@id\":\"https:\\\/\\\/cleanster.com\\\/#\\\/schema\\\/logo\\\/image\\\/\",\"url\":\"https:\\\/\\\/cleanster.com\\\/wp-content\\\/uploads\\\/2025\\\/06\\\/Cleanster-Logo-1.svg\",\"contentUrl\":\"https:\\\/\\\/cleanster.com\\\/wp-content\\\/uploads\\\/2025\\\/06\\\/Cleanster-Logo-1.svg\",\"width\":1,\"height\":1,\"caption\":\"Cleanster\"},\"image\":{\"@id\":\"https:\\\/\\\/cleanster.com\\\/#\\\/schema\\\/logo\\\/image\\\/\"},\"sameAs\":[\"https:\\\/\\\/www.facebook.com\\\/cleansterhq\",\"https:\\\/\\\/x.com\\\/cleansterhq\",\"https:\\\/\\\/www.linkedin.com\\\/company\\\/cleansterhq\",\"https:\\\/\\\/www.instagram.com\\\/cleansterhq\",\"https:\\\/\\\/vm.tiktok.com\\\/ZM8vHmcuo\\\/\",\"https:\\\/\\\/www.clubhouse.com\\\/club\\\/cleanstercom\"],\"description\":\"Cleanster is an AI-powered cleaning services platform that connects Airbnb hosts, property managers, and commercial clients with vetted, on-demand cleaners. We offer apartment, house, Airbnb, commercial, and janitorial cleaning services. With a network of over 100,000 professionals across the US, Canada, and the UK, Cleanster delivers fast, reliable, and tech-enabled cleaning at scale.\",\"email\":\"support@cleanster.com\",\"telephone\":\"+1 (888) 788-2445\",\"legalName\":\"Cleanster, Inc.\",\"foundingDate\":\"2019-05-06\",\"duns\":\"118328526\",\"naics\":\"541511\",\"numberOfEmployees\":{\"@type\":\"QuantitativeValue\",\"minValue\":\"11\",\"maxValue\":\"50\"}}]}<\/script>\n<!-- \/ Yoast SEO Premium plugin. -->","yoast_head_json":{"title":"Standardreinigung \u2013 Hausreinigung auf Anfrage | Reinigungs- und Haushaltshilfen in Ihrer N\u00e4he","description":"Bester Reinigungsservice \u2013 Reinigung ab $15\/Stunde. Finden Sie empfohlene Hausreinigungsdienste in Ihrer N\u00e4he. Laden Sie Cleanster.com noch heute herunter.","robots":{"index":"index","follow":"follow","max-snippet":"max-snippet:-1","max-image-preview":"max-image-preview:large","max-video-preview":"max-video-preview:-1"},"canonical":"https:\/\/cleanster.com\/de\/merkmale\/","og_locale":"de_DE","og_type":"article","og_title":"Standard Cleaning - Cleanster | Cleaning &amp; Maid Services Near You","og_description":"Best Maid Services - Clean-ing from $15\/hour. Find Recommended House Cleaning Services in near you. Download Cleanster.com today.","og_url":"https:\/\/cleanster.com\/de\/merkmale\/","og_site_name":"Cleanster | Cleaning &amp; Maid Services Near You","article_publisher":"https:\/\/www.facebook.com\/cleansterhq","article_modified_time":"2025-10-10T00:34:57+00:00","og_image":[{"width":1170,"height":763,"url":"https:\/\/cleanster.com\/wp-content\/uploads\/2023\/11\/card@3x.png","type":"image\/png"}],"twitter_card":"summary_large_image","twitter_site":"@cleansterhq","twitter_misc":{"Gesch\u00e4tzte Lesezeit":"2\u00a0Minuten"},"schema":{"@context":"https:\/\/schema.org","@graph":[{"@type":"WebPage","@id":"https:\/\/cleanster.com\/features\/","url":"https:\/\/cleanster.com\/features\/","name":"Standardreinigung \u2013 Hausreinigung auf Anfrage | Reinigungs- und Haushaltshilfen in Ihrer N\u00e4he","isPartOf":{"@id":"https:\/\/cleanster.com\/#website"},"datePublished":"2021-12-15T16:07:46+00:00","dateModified":"2025-10-10T00:34:57+00:00","description":"Bester Reinigungsservice \u2013 Reinigung ab $15\/Stunde. Finden Sie empfohlene Hausreinigungsdienste in Ihrer N\u00e4he. Laden Sie Cleanster.com noch heute herunter.","inLanguage":"de","potentialAction":[{"@type":"ReadAction","target":["https:\/\/cleanster.com\/features\/"]}]},{"@type":"WebSite","@id":"https:\/\/cleanster.com\/#website","url":"https:\/\/cleanster.com\/","name":"Cleanster | Reinigungs- und Haushaltshilfen in Ihrer N\u00e4he","description":"Finden und buchen Sie sofort zuverl\u00e4ssige Reinigungskr\u00e4fte f\u00fcr H\u00e4user, Wohnungen, Airbnbs und B\u00fcros. Cleanster bietet g\u00fcnstige Reinigungsdienste in Ihrer N\u00e4he.","publisher":{"@id":"https:\/\/cleanster.com\/#organization"},"alternateName":"Cleanster | Cleaning, Maid & Housekeeping Services for Everyone","potentialAction":[{"@type":"SearchAction","target":{"@type":"EntryPoint","urlTemplate":"https:\/\/cleanster.com\/?s={search_term_string}"},"query-input":{"@type":"PropertyValueSpecification","valueRequired":true,"valueName":"search_term_string"}}],"inLanguage":"de"},{"@type":"Organization","@id":"https:\/\/cleanster.com\/#organization","name":"Saubermann","alternateName":"Cleanster.com","url":"https:\/\/cleanster.com\/","logo":{"@type":"ImageObject","inLanguage":"de","@id":"https:\/\/cleanster.com\/#\/schema\/logo\/image\/","url":"https:\/\/cleanster.com\/wp-content\/uploads\/2025\/06\/Cleanster-Logo-1.svg","contentUrl":"https:\/\/cleanster.com\/wp-content\/uploads\/2025\/06\/Cleanster-Logo-1.svg","width":1,"height":1,"caption":"Cleanster"},"image":{"@id":"https:\/\/cleanster.com\/#\/schema\/logo\/image\/"},"sameAs":["https:\/\/www.facebook.com\/cleansterhq","https:\/\/x.com\/cleansterhq","https:\/\/www.linkedin.com\/company\/cleansterhq","https:\/\/www.instagram.com\/cleansterhq","https:\/\/vm.tiktok.com\/ZM8vHmcuo\/","https:\/\/www.clubhouse.com\/club\/cleanstercom"],"description":"Cleanster ist eine KI-gest\u00fctzte Reinigungsplattform, die Airbnb-Gastgeber, Hausverwalter und gewerbliche Kunden mit gepr\u00fcften Reinigungskr\u00e4ften auf Abruf verbindet. Wir bieten Reinigungsdienste f\u00fcr Wohnungen, H\u00e4user, Airbnb-Unterk\u00fcnfte, Gewerbeimmobilien und Hausmeisterdienste an. Mit einem Netzwerk von \u00fcber 100.000 Fachkr\u00e4ften in den USA, Kanada und Gro\u00dfbritannien bietet Cleanster schnelle, zuverl\u00e4ssige und technisch unterst\u00fctzte Reinigung in gro\u00dfem Umfang.","email":"support@cleanster.com","telephone":"+1 (888) 788-2445","legalName":"Cleanster, Inc.","foundingDate":"2019-05-06","duns":"118328526","naics":"541511","numberOfEmployees":{"@type":"QuantitativeValue","minValue":"11","maxValue":"50"}}]}},"_links":{"self":[{"href":"https:\/\/cleanster.com\/de\/wp-json\/wp\/v2\/pages\/16032","targetHints":{"allow":["GET"]}}],"collection":[{"href":"https:\/\/cleanster.com\/de\/wp-json\/wp\/v2\/pages"}],"about":[{"href":"https:\/\/cleanster.com\/de\/wp-json\/wp\/v2\/types\/page"}],"author":[{"embeddable":true,"href":"https:\/\/cleanster.com\/de\/wp-json\/wp\/v2\/users\/2"}],"replies":[{"embeddable":true,"href":"https:\/\/cleanster.com\/de\/wp-json\/wp\/v2\/comments?post=16032"}],"version-history":[{"count":0,"href":"https:\/\/cleanster.com\/de\/wp-json\/wp\/v2\/pages\/16032\/revisions"}],"wp:attachment":[{"href":"https:\/\/cleanster.com\/de\/wp-json\/wp\/v2\/media?parent=16032"}],"curies":[{"name":"wp","href":"https:\/\/api.w.org\/{rel}","templated":true}]}}