{"id":20096,"date":"2023-11-13T05:36:06","date_gmt":"2023-11-13T05:36:06","guid":{"rendered":"https:\/\/cleanster.com\/?page_id=20096"},"modified":"2023-12-26T03:29:46","modified_gmt":"2023-12-26T03:29:46","slug":"airbnb-reinigungsdienste-in-kalifornien-ottawa","status":"publish","type":"page","link":"https:\/\/cleanster.com\/de\/airbnb-reinigungsdienste-in-kalifornien-ottawa\/","title":{"rendered":"Bestbewertete Airbnb-Reinigungs-App in Ottawa, Ontario \u2013 Cleanster"},"content":{"rendered":"<h2><span style=\"color: #ffffff;\"><b>Bestbewertete Airbnb-Reinigungsservice-App in Ottawa, Ontario<\/b><\/span><\/h2>\n<p><span style=\"font-weight: 400; color: #ffffff;\">Steigern Sie die Sauberkeit Ihrer Unterkunft und verbessern Sie Ihre G\u00e4stebewertungen mit unserer erstklassigen Airbnb-Reinigungs-App in Ottawa, Ontario. Die Cleanster-App sorgt daf\u00fcr, dass Ihre Unterkunft erstklassig und professionell gereinigt wird und Ihre Kunden von Ihrer Gastfreundschaft beeindruckt sein werden. Ob Sie ein Unternehmer sind, der ein neues Unternehmen gr\u00fcndet, oder ein Hausbesitzer, der nach tadellosen Reinigungsl\u00f6sungen sucht \u2013 Cleanster ist die ideale L\u00f6sung f\u00fcr Ihr Unternehmen. Optimieren Sie Ihre Abl\u00e4ufe und sichern Sie sich einen professionellen Vorsprung. Cleanster ist jetzt in ganz Ottawa, Ontario, verf\u00fcgbar.<\/span><\/p>\n<p><span style=\"color: #ffffff;\"><span style=\"font-weight: 400;\">F\u00fcr eine unvergleichliche Airbnb-Reinigungs-App in Ottawa, Ontario<\/span>\u00a0Suchen Sie nicht weiter.<\/span><\/p>\n<h2><span style=\"color: #ffffff;\"><b>Warum Cleanster die beste Airbnb-Reinigungsservice-App in Ottawa, Ontario ist:<\/b><\/span><\/h2>\n<h3><span style=\"color: #ffffff;\"><b>Ausgezeichnetes Housekeeping auf Airbnb:<\/b><\/span><\/h3>\n<p><span style=\"font-weight: 400; color: #ffffff;\">Unser engagiertes Team verwendet einzigartige Reinigungsprodukte und -verfahren, um Ihr Eigentum makellos zu reinigen und zu organisieren.<\/span><\/p>\n<h3><span style=\"color: #ffffff;\"><b>Effiziente Planung:<\/b><\/span><\/h3>\n<p><span style=\"font-weight: 400; color: #ffffff;\">Behalten Sie mit der Cleanster-App den \u00dcberblick \u00fcber Ihren Immobilienverwaltungsplan. Sie erm\u00f6glicht eine nahtlose Koordination und zeitsparende mobile Immobilieninspektionen.<\/span><\/p>\n<h3><span style=\"color: #ffffff;\"><b>Integrierte Funktionen:<\/b><\/span><\/h3>\n<p><span style=\"font-weight: 400; color: #ffffff;\">Verbessern Sie die Kommunikation und Effizienz mit integrierten Statussymbolen zum Verfolgen von Notizen, Fotos, VIP-Check-ins und sp\u00e4ten Check-outs. Dar\u00fcber hinaus wird die Arbeit f\u00fcr Housekeeping- und Immobilienverwaltungsunternehmen zum Kinderspiel.<\/span><\/p>\n<h3><span style=\"color: #ffffff;\"><b>Cleanster Putzkalender-App:<\/b><\/span><\/h3>\n<p><span style=\"font-weight: 400; color: #ffffff;\">Vereinfachen Sie den Koordinationsprozess, indem Sie Ihre Cleanster-App mit Ihrem Airbnb-Konto synchronisieren. So m\u00fcssen Sie Ihren Kalender nicht mehr manuell aktualisieren. Teilen Sie anschlie\u00dfend detaillierte Bilder mit Ihrer Reinigungskraft, um klare Erwartungen zu vermitteln.<\/span><\/p>\n<h3><span style=\"color: #ffffff;\"><b>Airbnb-Reinigungs-App in Ottawa:<\/b><\/span><\/h3>\n<p><span style=\"font-weight: 400; color: #ffffff;\">Unsere professionellen Reinigungskr\u00e4fte tun mehr als das \u00dcbliche: Sie reinigen und desinfizieren M\u00f6bel und Elektronik gr\u00fcndlich, wechseln Bettw\u00e4sche und Handt\u00fccher, machen Hotelbetten und reinigen K\u00fcchen und Badezimmer gr\u00fcndlich. Kurz gesagt: Indem wir den Boden fegen und wischen, Teppiche saugen und den M\u00fcll rausbringen, sorgen wir daf\u00fcr, dass jedes Detail abgedeckt ist. F\u00fcllen Sie wichtige Utensilien und Toilettenartikel auf und hinterlassen Sie blitzsaubere Spiegel.<\/span><\/p>\n<p><span style=\"font-weight: 400; color: #ffffff;\">Erleben Sie das Engagement und die Kompetenz unserer Reinigungsfachkr\u00e4fte, die daf\u00fcr sorgen, qualitativ hochwertige Ergebnisse zu liefern, die Ihre Erwartungen \u00fcbertreffen.<\/span><\/p>\n<h2><span style=\"color: #ffffff;\"><b>Spitzentechnologie f\u00fcr einen reibungslosen Betrieb:<\/b><\/span><\/h2>\n<p><span style=\"font-weight: 400; color: #ffffff;\">Cleanster nutzt modernste Technologie, um Abl\u00e4ufe zu optimieren und die Kommunikation zu verbessern. Unsere benutzerfreundliche App erm\u00f6glicht m\u00fchelose Koordination und erm\u00f6glicht es Hausverwaltern und Reinigungskr\u00e4ften, in Verbindung zu bleiben und informiert zu sein. Dar\u00fcber hinaus k\u00f6nnen Sie mit Echtzeit-Updates Buchungen effizient verwalten, den Reinigungsfortschritt \u00fcberwachen und einen reibungslosen Arbeitsablauf f\u00fcr Ihr Hausverwaltungsunternehmen sicherstellen.<\/span><\/p>\n<h2><span style=\"color: #ffffff;\"><b>Transparente Kommunikation und Rechenschaftspflicht:<\/b><\/span><\/h2>\n<p><span style=\"color: #ffffff;\"><span style=\"font-weight: 400;\">Klare Kommunikation ist der Schl\u00fcssel zu einer erfolgreichen Partnerschaft.<\/span><a style=\"color: #ffffff;\" href=\"https:\/\/cleanster.com\/\"><span style=\"font-weight: 400;\"> Saubermann<\/span><\/a><span style=\"font-weight: 400;\"> f\u00f6rdert die transparente Kommunikation zwischen Immobilienbesitzern, Verwaltern und Reinigungspersonal. Unsere App bietet eine Plattform zum Teilen von Notizen, Fotos und anderen wichtigen Informationen, f\u00f6rdert die Verantwortlichkeit und stellt sicher, dass alle auf dem gleichen Stand sind.<\/span><\/span><\/p>","protected":false},"excerpt":{"rendered":"<p>Top-Rated Airbnb Cleaning Service app in Ottawa, Ontario Elevate your property&#8217;s cleanliness and enhance your guest ratings with our premier Airbnb cleaning app in Ottawa, Ontario. So that the Cleanster app ensures your space receives top-notch, professional-grade cleaning, leaving your customers impressed with your hosting prowess. Whether you&#8217;re an entrepreneur launching a new venture or [&hellip;]<\/p>\n","protected":false},"author":2,"featured_media":0,"parent":0,"menu_order":0,"comment_status":"closed","ping_status":"closed","template":"templates\/str.php","meta":{"_acf_changed":false,"footnotes":""},"class_list":["post-20096","page","type-page","status-publish","hentry","entry"],"acf":[],"yoast_head":"<!-- This site is optimized with the Yoast SEO Premium plugin v26.5 (Yoast SEO v27.3) - https:\/\/yoast.com\/product\/yoast-seo-premium-wordpress\/ -->\n<title>Top-Rated Airbnb cleaning app in Ottawa, Ontario - Cleanster.com<\/title>\n<meta name=\"description\" content=\"Discover the ultimate solution for Airbnb hosts! Streamline your cleaning routine with the top-rated Airbnb cleaning app in Ottawa, Ontario.\" \/>\n<meta name=\"robots\" content=\"index, follow, max-snippet:-1, max-image-preview:large, max-video-preview:-1\" \/>\n<link rel=\"canonical\" href=\"https:\/\/cleanster.com\/de\/airbnb-reinigungsdienste-in-kalifornien-ottawa\/\" \/>\n<meta property=\"og:locale\" content=\"de_DE\" \/>\n<meta property=\"og:type\" content=\"article\" \/>\n<meta property=\"og:title\" content=\"Top-Rated Airbnb cleaning app in Ottawa, Ontario- Cleanster - Cleanster | Cleaning &amp; Maid Services Near You\" \/>\n<meta property=\"og:description\" content=\"Discover the ultimate solution for Airbnb hosts! Streamline your cleaning routine with the top-rated Airbnb cleaning app in Ottawa, Ontario.\" \/>\n<meta property=\"og:url\" content=\"https:\/\/cleanster.com\/de\/airbnb-reinigungsdienste-in-kalifornien-ottawa\/\" \/>\n<meta property=\"og:site_name\" content=\"Cleanster | Cleaning &amp; Maid Services Near You\" \/>\n<meta property=\"article:publisher\" content=\"https:\/\/www.facebook.com\/cleansterhq\" \/>\n<meta property=\"article:modified_time\" content=\"2023-12-26T03:29:46+00:00\" \/>\n<meta property=\"og:image\" content=\"https:\/\/cleanster.com\/wp-content\/uploads\/2023\/11\/card@3x.png\" \/>\n\t<meta property=\"og:image:width\" content=\"1170\" \/>\n\t<meta property=\"og:image:height\" content=\"763\" \/>\n\t<meta property=\"og:image:type\" content=\"image\/png\" \/>\n<meta name=\"twitter:card\" content=\"summary_large_image\" \/>\n<meta name=\"twitter:site\" content=\"@cleansterhq\" \/>\n<meta name=\"twitter:label1\" content=\"Gesch\u00e4tzte Lesezeit\" \/>\n\t<meta name=\"twitter:data1\" content=\"2\u00a0Minuten\" \/>\n<script type=\"application\/ld+json\" class=\"yoast-schema-graph\">{\"@context\":\"https:\\\/\\\/schema.org\",\"@graph\":[{\"@type\":\"WebPage\",\"@id\":\"https:\\\/\\\/cleanster.com\\\/airbnb-cleaning-services-ca-ontario-ottawa\\\/\",\"url\":\"https:\\\/\\\/cleanster.com\\\/airbnb-cleaning-services-ca-ontario-ottawa\\\/\",\"name\":\"Top-Rated Airbnb cleaning app in Ottawa, Ontario - Cleanster.com\",\"isPartOf\":{\"@id\":\"https:\\\/\\\/cleanster.com\\\/#website\"},\"datePublished\":\"2023-11-13T05:36:06+00:00\",\"dateModified\":\"2023-12-26T03:29:46+00:00\",\"description\":\"Discover the ultimate solution for Airbnb hosts! Streamline your cleaning routine with the top-rated Airbnb cleaning app in Ottawa, Ontario.\",\"inLanguage\":\"de\",\"potentialAction\":[{\"@type\":\"ReadAction\",\"target\":[\"https:\\\/\\\/cleanster.com\\\/airbnb-cleaning-services-ca-ontario-ottawa\\\/\"]}]},{\"@type\":\"WebSite\",\"@id\":\"https:\\\/\\\/cleanster.com\\\/#website\",\"url\":\"https:\\\/\\\/cleanster.com\\\/\",\"name\":\"Cleanster | Cleaning & Maid Services Near You\",\"description\":\"Instantly find &amp; book trusted cleaners for homes, apartment, Airbnb, and offices. Cleanster offers affordable maid, housekeeping, and commercial cleaning services near you.\",\"publisher\":{\"@id\":\"https:\\\/\\\/cleanster.com\\\/#organization\"},\"alternateName\":\"Cleanster | Cleaning, Maid & Housekeeping Services for Everyone\",\"potentialAction\":[{\"@type\":\"SearchAction\",\"target\":{\"@type\":\"EntryPoint\",\"urlTemplate\":\"https:\\\/\\\/cleanster.com\\\/?s={search_term_string}\"},\"query-input\":{\"@type\":\"PropertyValueSpecification\",\"valueRequired\":true,\"valueName\":\"search_term_string\"}}],\"inLanguage\":\"de\"},{\"@type\":\"Organization\",\"@id\":\"https:\\\/\\\/cleanster.com\\\/#organization\",\"name\":\"Cleanster\",\"alternateName\":\"Cleanster.com\",\"url\":\"https:\\\/\\\/cleanster.com\\\/\",\"logo\":{\"@type\":\"ImageObject\",\"inLanguage\":\"de\",\"@id\":\"https:\\\/\\\/cleanster.com\\\/#\\\/schema\\\/logo\\\/image\\\/\",\"url\":\"https:\\\/\\\/cleanster.com\\\/wp-content\\\/uploads\\\/2025\\\/06\\\/Cleanster-Logo-1.svg\",\"contentUrl\":\"https:\\\/\\\/cleanster.com\\\/wp-content\\\/uploads\\\/2025\\\/06\\\/Cleanster-Logo-1.svg\",\"width\":1,\"height\":1,\"caption\":\"Cleanster\"},\"image\":{\"@id\":\"https:\\\/\\\/cleanster.com\\\/#\\\/schema\\\/logo\\\/image\\\/\"},\"sameAs\":[\"https:\\\/\\\/www.facebook.com\\\/cleansterhq\",\"https:\\\/\\\/x.com\\\/cleansterhq\",\"https:\\\/\\\/www.linkedin.com\\\/company\\\/cleansterhq\",\"https:\\\/\\\/www.instagram.com\\\/cleansterhq\",\"https:\\\/\\\/vm.tiktok.com\\\/ZM8vHmcuo\\\/\",\"https:\\\/\\\/www.clubhouse.com\\\/club\\\/cleanstercom\"],\"description\":\"Cleanster is an AI-powered cleaning services platform that connects Airbnb hosts, property managers, and commercial clients with vetted, on-demand cleaners. We offer apartment, house, Airbnb, commercial, and janitorial cleaning services. With a network of over 100,000 professionals across the US, Canada, and the UK, Cleanster delivers fast, reliable, and tech-enabled cleaning at scale.\",\"email\":\"support@cleanster.com\",\"telephone\":\"+1 (888) 788-2445\",\"legalName\":\"Cleanster, Inc.\",\"foundingDate\":\"2019-05-06\",\"duns\":\"118328526\",\"naics\":\"541511\",\"numberOfEmployees\":{\"@type\":\"QuantitativeValue\",\"minValue\":\"11\",\"maxValue\":\"50\"}}]}<\/script>\n<!-- \/ Yoast SEO Premium plugin. -->","yoast_head_json":{"title":"Bestbewertete Airbnb-Reinigungs-App in Ottawa, Ontario \u2013 Cleanster.com","description":"Entdecken Sie die ultimative L\u00f6sung f\u00fcr Airbnb-Gastgeber! Optimieren Sie Ihre Reinigungsroutine mit der erstklassigen Airbnb-Reinigungs-App in Ottawa, Ontario.","robots":{"index":"index","follow":"follow","max-snippet":"max-snippet:-1","max-image-preview":"max-image-preview:large","max-video-preview":"max-video-preview:-1"},"canonical":"https:\/\/cleanster.com\/de\/airbnb-reinigungsdienste-in-kalifornien-ottawa\/","og_locale":"de_DE","og_type":"article","og_title":"Top-Rated Airbnb cleaning app in Ottawa, Ontario- Cleanster - Cleanster | Cleaning &amp; Maid Services Near You","og_description":"Discover the ultimate solution for Airbnb hosts! Streamline your cleaning routine with the top-rated Airbnb cleaning app in Ottawa, Ontario.","og_url":"https:\/\/cleanster.com\/de\/airbnb-reinigungsdienste-in-kalifornien-ottawa\/","og_site_name":"Cleanster | Cleaning &amp; Maid Services Near You","article_publisher":"https:\/\/www.facebook.com\/cleansterhq","article_modified_time":"2023-12-26T03:29:46+00:00","og_image":[{"width":1170,"height":763,"url":"https:\/\/cleanster.com\/wp-content\/uploads\/2023\/11\/card@3x.png","type":"image\/png"}],"twitter_card":"summary_large_image","twitter_site":"@cleansterhq","twitter_misc":{"Gesch\u00e4tzte Lesezeit":"2\u00a0Minuten"},"schema":{"@context":"https:\/\/schema.org","@graph":[{"@type":"WebPage","@id":"https:\/\/cleanster.com\/airbnb-cleaning-services-ca-ontario-ottawa\/","url":"https:\/\/cleanster.com\/airbnb-cleaning-services-ca-ontario-ottawa\/","name":"Bestbewertete Airbnb-Reinigungs-App in Ottawa, Ontario \u2013 Cleanster.com","isPartOf":{"@id":"https:\/\/cleanster.com\/#website"},"datePublished":"2023-11-13T05:36:06+00:00","dateModified":"2023-12-26T03:29:46+00:00","description":"Entdecken Sie die ultimative L\u00f6sung f\u00fcr Airbnb-Gastgeber! Optimieren Sie Ihre Reinigungsroutine mit der erstklassigen Airbnb-Reinigungs-App in Ottawa, Ontario.","inLanguage":"de","potentialAction":[{"@type":"ReadAction","target":["https:\/\/cleanster.com\/airbnb-cleaning-services-ca-ontario-ottawa\/"]}]},{"@type":"WebSite","@id":"https:\/\/cleanster.com\/#website","url":"https:\/\/cleanster.com\/","name":"Cleanster | Reinigungs- und Haushaltshilfen in Ihrer N\u00e4he","description":"Finden und buchen Sie sofort zuverl\u00e4ssige Reinigungskr\u00e4fte f\u00fcr H\u00e4user, Wohnungen, Airbnbs und B\u00fcros. Cleanster bietet g\u00fcnstige Reinigungsdienste in Ihrer N\u00e4he.","publisher":{"@id":"https:\/\/cleanster.com\/#organization"},"alternateName":"Cleanster | Cleaning, Maid & Housekeeping Services for Everyone","potentialAction":[{"@type":"SearchAction","target":{"@type":"EntryPoint","urlTemplate":"https:\/\/cleanster.com\/?s={search_term_string}"},"query-input":{"@type":"PropertyValueSpecification","valueRequired":true,"valueName":"search_term_string"}}],"inLanguage":"de"},{"@type":"Organization","@id":"https:\/\/cleanster.com\/#organization","name":"Saubermann","alternateName":"Cleanster.com","url":"https:\/\/cleanster.com\/","logo":{"@type":"ImageObject","inLanguage":"de","@id":"https:\/\/cleanster.com\/#\/schema\/logo\/image\/","url":"https:\/\/cleanster.com\/wp-content\/uploads\/2025\/06\/Cleanster-Logo-1.svg","contentUrl":"https:\/\/cleanster.com\/wp-content\/uploads\/2025\/06\/Cleanster-Logo-1.svg","width":1,"height":1,"caption":"Cleanster"},"image":{"@id":"https:\/\/cleanster.com\/#\/schema\/logo\/image\/"},"sameAs":["https:\/\/www.facebook.com\/cleansterhq","https:\/\/x.com\/cleansterhq","https:\/\/www.linkedin.com\/company\/cleansterhq","https:\/\/www.instagram.com\/cleansterhq","https:\/\/vm.tiktok.com\/ZM8vHmcuo\/","https:\/\/www.clubhouse.com\/club\/cleanstercom"],"description":"Cleanster ist eine KI-gest\u00fctzte Reinigungsplattform, die Airbnb-Gastgeber, Hausverwalter und gewerbliche Kunden mit gepr\u00fcften Reinigungskr\u00e4ften auf Abruf verbindet. Wir bieten Reinigungsdienste f\u00fcr Wohnungen, H\u00e4user, Airbnb-Unterk\u00fcnfte, Gewerbeimmobilien und Hausmeisterdienste an. Mit einem Netzwerk von \u00fcber 100.000 Fachkr\u00e4ften in den USA, Kanada und Gro\u00dfbritannien bietet Cleanster schnelle, zuverl\u00e4ssige und technisch unterst\u00fctzte Reinigung in gro\u00dfem Umfang.","email":"support@cleanster.com","telephone":"+1 (888) 788-2445","legalName":"Cleanster, Inc.","foundingDate":"2019-05-06","duns":"118328526","naics":"541511","numberOfEmployees":{"@type":"QuantitativeValue","minValue":"11","maxValue":"50"}}]}},"_links":{"self":[{"href":"https:\/\/cleanster.com\/de\/wp-json\/wp\/v2\/pages\/20096","targetHints":{"allow":["GET"]}}],"collection":[{"href":"https:\/\/cleanster.com\/de\/wp-json\/wp\/v2\/pages"}],"about":[{"href":"https:\/\/cleanster.com\/de\/wp-json\/wp\/v2\/types\/page"}],"author":[{"embeddable":true,"href":"https:\/\/cleanster.com\/de\/wp-json\/wp\/v2\/users\/2"}],"replies":[{"embeddable":true,"href":"https:\/\/cleanster.com\/de\/wp-json\/wp\/v2\/comments?post=20096"}],"version-history":[{"count":0,"href":"https:\/\/cleanster.com\/de\/wp-json\/wp\/v2\/pages\/20096\/revisions"}],"wp:attachment":[{"href":"https:\/\/cleanster.com\/de\/wp-json\/wp\/v2\/media?parent=20096"}],"curies":[{"name":"wp","href":"https:\/\/api.w.org\/{rel}","templated":true}]}}