{"id":2390,"date":"2021-12-12T02:26:02","date_gmt":"2021-12-12T02:26:02","guid":{"rendered":"https:\/\/cleanster.com\/?page_id=726"},"modified":"2024-01-08T12:30:05","modified_gmt":"2024-01-08T12:30:05","slug":"aufgabenplanung","status":"publish","type":"page","link":"https:\/\/cleanster.com\/de\/aufgabenplanung\/","title":{"rendered":"Aufgabenplanung"},"content":{"rendered":"<p><span style=\"color: #ffffff;\">In der heutigen schnelllebigen Welt ist eine effiziente Aufgabenplanung in der Reinigungsbranche von entscheidender Bedeutung.<a style=\"color: #ffffff;\" href=\"https:\/\/cleanster.com\/\"> Cleanster.com<\/a>, eine umfassende Plattform, die auf allen Ger\u00e4ten verf\u00fcgbar ist, ist f\u00fchrend bei der Umgestaltung der Planung und Verwaltung von Reinigungsaufgaben. Mit einem Fokus auf Benutzerfreundlichkeit und der Unterst\u00fctzung von Servicefachleuten bei der Selbstst\u00e4ndigkeit ist Cleanster.com ein bahnbrechender Akteur in der Branche. Dieser Artikel untersucht, wie Cleanster.com die Aufgabenplanung bei Reinigungsdiensten revolutioniert.<\/span><\/p>\n<h2><span style=\"color: #ffffff;\"><strong>Innovative Aufgabenplanung f\u00fcr mehr Effizienz<\/strong><\/span><\/h2>\n<h3><span style=\"color: #ffffff;\"><strong>1. Benutzerfreundliche Oberfl\u00e4che:<\/strong><\/span><\/h3>\n<p><span style=\"color: #ffffff;\">Cleanster.com verf\u00fcgt \u00fcber eine intuitive und leicht zu navigierende Benutzeroberfl\u00e4che, die es Kunden leicht macht, Reinigungsaufgaben zu planen. Ob einmaliger Service oder wiederkehrende Termine, die Plattform erf\u00fcllt alle Anforderungen mit nur wenigen Klicks.<\/span><\/p>\n<h3><span style=\"color: #ffffff;\"><strong>2. Echtzeitverf\u00fcgbarkeit:<\/strong><\/span><\/h3>\n<p><span style=\"color: #ffffff;\">Mit der Echtzeit-Verf\u00fcgbarkeitsfunktion der App k\u00f6nnen Kunden Reinigungskr\u00e4fte basierend auf ihrem aktuellen Zeitplan anzeigen und buchen. Diese Funktion spart nicht nur Zeit, sondern gew\u00e4hrleistet auch sofortige Buchungsbest\u00e4tigungen und erh\u00f6ht so die Kundenzufriedenheit.<\/span><\/p>\n<h2><span style=\"color: #ffffff;\"><strong>Unterst\u00fctzung von Reinigungsfachkr\u00e4ften durch flexible Zeitplanung<\/strong><\/span><\/h2>\n<h3><span style=\"color: #ffffff;\"><strong>1. Unternehmerische Kontrolle:<\/strong><\/span><\/h3>\n<p><span style=\"color: #ffffff;\">Bei Cleanster.com haben Servicefachleute die Flexibilit\u00e4t, ihre Zeitpl\u00e4ne zu verwalten. Diese Autonomie erm\u00f6glicht es ihnen, <a style=\"color: #ffffff;\" href=\"https:\/\/www.indeed.com\/career-advice\/finding-a-job\/entrepreneur-jobs\">als Unternehmer t\u00e4tig sein<\/a>, und w\u00e4hlen Sie Aufgaben aus, die ihrer Verf\u00fcgbarkeit und ihren Pr\u00e4ferenzen entsprechen.<\/span><\/p>\n<h3><span style=\"color: #ffffff;\"><strong>2. Effizientes Workload-Management:<\/strong><\/span><\/h3>\n<p><span style=\"color: #ffffff;\">Das Planungssystem der Plattform erm\u00f6glicht es Reinigungskr\u00e4ften, ihre Arbeitsbelastung effizient zu verwalten. Durch die Kontrolle \u00fcber ihre Zeitpl\u00e4ne k\u00f6nnen sie ihre Arbeitszeiten optimieren und so ein ausgewogenes und produktives Arbeitsleben sicherstellen.<\/span><\/p>\n<h2><span style=\"color: #ffffff;\"><strong>Nahtlose Integration und Koordination<\/strong><\/span><\/h2>\n<h3><span style=\"color: #ffffff;\"><strong>1. Koordination zwischen Teams:<\/strong><\/span><\/h3>\n<p><span style=\"color: #ffffff;\">Das fortschrittliche Planungssystem von Cleanster.com erm\u00f6glicht eine reibungslose Koordination der Reinigungsteams. Dadurch wird sichergestellt, dass die Aufgaben gleichm\u00e4\u00dfig verteilt und rechtzeitig erledigt werden, was zu einer verbesserten Betriebseffizienz f\u00fchrt.<\/span><\/p>\n<h3><span style=\"color: #ffffff;\"><strong>2. Integration mit Kalendern:<\/strong><\/span><\/h3>\n<p><span style=\"color: #ffffff;\">Die App l\u00e4sst sich in private und berufliche Kalender integrieren, sodass Benutzer und Dienstleister ihre Reinigungspl\u00e4ne mit anderen Verpflichtungen synchronisieren k\u00f6nnen. Diese Integration sorgt f\u00fcr eine harmonische Balance zwischen Privat- und Berufsleben.<\/span><\/p>\n<h2><span style=\"color: #ffffff;\"><strong>Individuelle Planung f\u00fcr unterschiedliche Anforderungen<\/strong><\/span><\/h2>\n<h3><span style=\"color: #ffffff;\"><strong>1. Auf die Kundenanforderungen zugeschnitten:<\/strong><\/span><\/h3>\n<p><span style=\"color: #ffffff;\">Cleanster.com wei\u00df, dass jeder Kunde individuelle Bed\u00fcrfnisse hat und bietet daher individuelle Terminplanungsoptionen. Ob private, gewerbliche oder spezielle Reinigungsdienste \u2013 die Plattform kann auf verschiedene Anforderungen eingehen.<\/span><\/p>\n<h3><span style=\"color: #ffffff;\"><strong>2. Vorausplanung und Erinnerungen:<\/strong><\/span><\/h3>\n<p><span style=\"color: #ffffff;\">Mit Optionen zur Vorausplanung und automatischen Erinnerungen k\u00f6nnen Kunden und Fachleute im Voraus planen und so sicherstellen, dass Reinigungsaufgaben nie \u00fcbersehen oder vergessen werden.<\/span><\/p>\n<h2><span style=\"color: #ffffff;\"><strong>Fazit: Cleanster.com \u2013 Pionierarbeit bei der Aufgabenplanung in Reinigungsdiensten<\/strong><\/span><\/h2>\n<p><span style=\"color: #ffffff;\">Cleanster.com ist nicht nur eine Reinigungsdienstplattform; es ist eine Revolution im Aufgabenmanagement. Mit benutzerfreundlicher Technologie und einem ethischen Ansatz zur beruflichen Weiterentwicklung setzt Cleanster.com neue Ma\u00dfst\u00e4be in der Reinigungsbranche. F\u00fcr Kunden, die Reinigungsdienste suchen, und f\u00fcr Fachleute, die als Unternehmer wachsen m\u00f6chten, ist Cleanster.com die ultimative L\u00f6sung, eine Aufgabe, die den Anforderungen der modernen Welt gerecht wird.<\/span><\/p>","protected":false},"excerpt":{"rendered":"<p>In today&#8217;s fast-paced world, efficient task scheduling is crucial in the cleaning industry. Cleanster.com, a comprehensive platform available across all devices, is leading the way in transforming how cleaning tasks are scheduled and managed. With a focus on convenience for users and supporting service professionals to become entrepreneurs, Cleanster.com stands out as a game-changer in [&hellip;]<\/p>\n","protected":false},"author":1,"featured_media":0,"parent":0,"menu_order":0,"comment_status":"closed","ping_status":"closed","template":"templates\/rental.php","meta":{"_acf_changed":false,"footnotes":""},"class_list":["post-2390","page","type-page","status-publish","hentry","entry"],"acf":[],"yoast_head":"<!-- This site is optimized with the Yoast SEO Premium plugin v26.5 (Yoast SEO v27.4) - https:\/\/yoast.com\/product\/yoast-seo-premium-wordpress\/ -->\n<title>Task Scheduling -<\/title>\n<meta name=\"description\" content=\"Scheduling cleans, inspections, maintenance repairs, and other property care tasks don&#039;t have to be a royal pain. Use Cleanster.com today.\" \/>\n<meta name=\"robots\" content=\"index, follow, max-snippet:-1, max-image-preview:large, max-video-preview:-1\" \/>\n<link rel=\"canonical\" href=\"https:\/\/cleanster.com\/de\/aufgabenplanung\/\" \/>\n<meta property=\"og:locale\" content=\"de_DE\" \/>\n<meta property=\"og:type\" content=\"article\" \/>\n<meta property=\"og:title\" content=\"Task Scheduling - Cleanster | Cleaning &amp; Maid Services Near You\" \/>\n<meta property=\"og:description\" content=\"Scheduling cleans, inspections, maintenance repairs, and other property care tasks don&#039;t have to be a royal pain. Use Cleanster.com today.\" \/>\n<meta property=\"og:url\" content=\"https:\/\/cleanster.com\/de\/aufgabenplanung\/\" \/>\n<meta property=\"og:site_name\" content=\"Cleanster | Cleaning &amp; Maid Services Near You\" \/>\n<meta property=\"article:publisher\" content=\"https:\/\/www.facebook.com\/cleansterhq\" \/>\n<meta property=\"article:modified_time\" content=\"2024-01-08T12:30:05+00:00\" \/>\n<meta property=\"og:image\" content=\"https:\/\/cleanster.com\/wp-content\/uploads\/2023\/11\/card@3x.png\" \/>\n\t<meta property=\"og:image:width\" content=\"1170\" \/>\n\t<meta property=\"og:image:height\" content=\"763\" \/>\n\t<meta property=\"og:image:type\" content=\"image\/png\" \/>\n<meta name=\"twitter:card\" content=\"summary_large_image\" \/>\n<meta name=\"twitter:site\" content=\"@cleansterhq\" \/>\n<meta name=\"twitter:label1\" content=\"Gesch\u00e4tzte Lesezeit\" \/>\n\t<meta name=\"twitter:data1\" content=\"2\u00a0Minuten\" \/>\n<script type=\"application\/ld+json\" class=\"yoast-schema-graph\">{\"@context\":\"https:\\\/\\\/schema.org\",\"@graph\":[{\"@type\":\"WebPage\",\"@id\":\"https:\\\/\\\/cleanster.com\\\/task-scheduling\\\/\",\"url\":\"https:\\\/\\\/cleanster.com\\\/task-scheduling\\\/\",\"name\":\"Task Scheduling -\",\"isPartOf\":{\"@id\":\"https:\\\/\\\/cleanster.com\\\/#website\"},\"datePublished\":\"2021-12-12T02:26:02+00:00\",\"dateModified\":\"2024-01-08T12:30:05+00:00\",\"description\":\"Scheduling cleans, inspections, maintenance repairs, and other property care tasks don't have to be a royal pain. Use Cleanster.com today.\",\"inLanguage\":\"de\",\"potentialAction\":[{\"@type\":\"ReadAction\",\"target\":[\"https:\\\/\\\/cleanster.com\\\/task-scheduling\\\/\"]}]},{\"@type\":\"WebSite\",\"@id\":\"https:\\\/\\\/cleanster.com\\\/#website\",\"url\":\"https:\\\/\\\/cleanster.com\\\/\",\"name\":\"Cleanster | Cleaning & Maid Services Near You\",\"description\":\"Instantly find &amp; book trusted cleaners for homes, apartment, Airbnb, and offices. Cleanster offers affordable maid, housekeeping, and commercial cleaning services near you.\",\"publisher\":{\"@id\":\"https:\\\/\\\/cleanster.com\\\/#organization\"},\"alternateName\":\"Cleanster | Cleaning, Maid & Housekeeping Services for Everyone\",\"potentialAction\":[{\"@type\":\"SearchAction\",\"target\":{\"@type\":\"EntryPoint\",\"urlTemplate\":\"https:\\\/\\\/cleanster.com\\\/?s={search_term_string}\"},\"query-input\":{\"@type\":\"PropertyValueSpecification\",\"valueRequired\":true,\"valueName\":\"search_term_string\"}}],\"inLanguage\":\"de\"},{\"@type\":\"Organization\",\"@id\":\"https:\\\/\\\/cleanster.com\\\/#organization\",\"name\":\"Cleanster\",\"alternateName\":\"Cleanster.com\",\"url\":\"https:\\\/\\\/cleanster.com\\\/\",\"logo\":{\"@type\":\"ImageObject\",\"inLanguage\":\"de\",\"@id\":\"https:\\\/\\\/cleanster.com\\\/#\\\/schema\\\/logo\\\/image\\\/\",\"url\":\"https:\\\/\\\/cleanster.com\\\/wp-content\\\/uploads\\\/2025\\\/06\\\/Cleanster-Logo-1.svg\",\"contentUrl\":\"https:\\\/\\\/cleanster.com\\\/wp-content\\\/uploads\\\/2025\\\/06\\\/Cleanster-Logo-1.svg\",\"width\":1,\"height\":1,\"caption\":\"Cleanster\"},\"image\":{\"@id\":\"https:\\\/\\\/cleanster.com\\\/#\\\/schema\\\/logo\\\/image\\\/\"},\"sameAs\":[\"https:\\\/\\\/www.facebook.com\\\/cleansterhq\",\"https:\\\/\\\/x.com\\\/cleansterhq\",\"https:\\\/\\\/www.linkedin.com\\\/company\\\/cleansterhq\",\"https:\\\/\\\/www.instagram.com\\\/cleansterhq\",\"https:\\\/\\\/vm.tiktok.com\\\/ZM8vHmcuo\\\/\",\"https:\\\/\\\/www.clubhouse.com\\\/club\\\/cleanstercom\"],\"description\":\"Cleanster is an AI-powered cleaning services platform that connects Airbnb hosts, property managers, and commercial clients with vetted, on-demand cleaners. We offer apartment, house, Airbnb, commercial, and janitorial cleaning services. With a network of over 100,000 professionals across the US, Canada, and the UK, Cleanster delivers fast, reliable, and tech-enabled cleaning at scale.\",\"email\":\"support@cleanster.com\",\"telephone\":\"+1 (888) 788-2445\",\"legalName\":\"Cleanster, Inc.\",\"foundingDate\":\"2019-05-06\",\"duns\":\"118328526\",\"naics\":\"541511\",\"numberOfEmployees\":{\"@type\":\"QuantitativeValue\",\"minValue\":\"11\",\"maxValue\":\"50\"}}]}<\/script>\n<!-- \/ Yoast SEO Premium plugin. -->","yoast_head_json":{"title":"Aufgabenplanung -","description":"Die Planung von Reinigungen, Inspektionen, Wartungsreparaturen und anderen Hauspflegeaufgaben muss keine gro\u00dfe M\u00fche sein. Nutzen Sie Cleanster.com noch heute.","robots":{"index":"index","follow":"follow","max-snippet":"max-snippet:-1","max-image-preview":"max-image-preview:large","max-video-preview":"max-video-preview:-1"},"canonical":"https:\/\/cleanster.com\/de\/aufgabenplanung\/","og_locale":"de_DE","og_type":"article","og_title":"Task Scheduling - Cleanster | Cleaning &amp; Maid Services Near You","og_description":"Scheduling cleans, inspections, maintenance repairs, and other property care tasks don't have to be a royal pain. Use Cleanster.com today.","og_url":"https:\/\/cleanster.com\/de\/aufgabenplanung\/","og_site_name":"Cleanster | Cleaning &amp; Maid Services Near You","article_publisher":"https:\/\/www.facebook.com\/cleansterhq","article_modified_time":"2024-01-08T12:30:05+00:00","og_image":[{"width":1170,"height":763,"url":"https:\/\/cleanster.com\/wp-content\/uploads\/2023\/11\/card@3x.png","type":"image\/png"}],"twitter_card":"summary_large_image","twitter_site":"@cleansterhq","twitter_misc":{"Gesch\u00e4tzte Lesezeit":"2\u00a0Minuten"},"schema":{"@context":"https:\/\/schema.org","@graph":[{"@type":"WebPage","@id":"https:\/\/cleanster.com\/task-scheduling\/","url":"https:\/\/cleanster.com\/task-scheduling\/","name":"Aufgabenplanung -","isPartOf":{"@id":"https:\/\/cleanster.com\/#website"},"datePublished":"2021-12-12T02:26:02+00:00","dateModified":"2024-01-08T12:30:05+00:00","description":"Die Planung von Reinigungen, Inspektionen, Wartungsreparaturen und anderen Hauspflegeaufgaben muss keine gro\u00dfe M\u00fche sein. Nutzen Sie Cleanster.com noch heute.","inLanguage":"de","potentialAction":[{"@type":"ReadAction","target":["https:\/\/cleanster.com\/task-scheduling\/"]}]},{"@type":"WebSite","@id":"https:\/\/cleanster.com\/#website","url":"https:\/\/cleanster.com\/","name":"Cleanster | Reinigungs- und Haushaltshilfen in Ihrer N\u00e4he","description":"Finden und buchen Sie sofort zuverl\u00e4ssige Reinigungskr\u00e4fte f\u00fcr H\u00e4user, Wohnungen, Airbnbs und B\u00fcros. Cleanster bietet g\u00fcnstige Reinigungsdienste in Ihrer N\u00e4he.","publisher":{"@id":"https:\/\/cleanster.com\/#organization"},"alternateName":"Cleanster | Cleaning, Maid & Housekeeping Services for Everyone","potentialAction":[{"@type":"SearchAction","target":{"@type":"EntryPoint","urlTemplate":"https:\/\/cleanster.com\/?s={search_term_string}"},"query-input":{"@type":"PropertyValueSpecification","valueRequired":true,"valueName":"search_term_string"}}],"inLanguage":"de"},{"@type":"Organization","@id":"https:\/\/cleanster.com\/#organization","name":"Saubermann","alternateName":"Cleanster.com","url":"https:\/\/cleanster.com\/","logo":{"@type":"ImageObject","inLanguage":"de","@id":"https:\/\/cleanster.com\/#\/schema\/logo\/image\/","url":"https:\/\/cleanster.com\/wp-content\/uploads\/2025\/06\/Cleanster-Logo-1.svg","contentUrl":"https:\/\/cleanster.com\/wp-content\/uploads\/2025\/06\/Cleanster-Logo-1.svg","width":1,"height":1,"caption":"Cleanster"},"image":{"@id":"https:\/\/cleanster.com\/#\/schema\/logo\/image\/"},"sameAs":["https:\/\/www.facebook.com\/cleansterhq","https:\/\/x.com\/cleansterhq","https:\/\/www.linkedin.com\/company\/cleansterhq","https:\/\/www.instagram.com\/cleansterhq","https:\/\/vm.tiktok.com\/ZM8vHmcuo\/","https:\/\/www.clubhouse.com\/club\/cleanstercom"],"description":"Cleanster ist eine KI-gest\u00fctzte Reinigungsplattform, die Airbnb-Gastgeber, Hausverwalter und gewerbliche Kunden mit gepr\u00fcften Reinigungskr\u00e4ften auf Abruf verbindet. Wir bieten Reinigungsdienste f\u00fcr Wohnungen, H\u00e4user, Airbnb-Unterk\u00fcnfte, Gewerbeimmobilien und Hausmeisterdienste an. Mit einem Netzwerk von \u00fcber 100.000 Fachkr\u00e4ften in den USA, Kanada und Gro\u00dfbritannien bietet Cleanster schnelle, zuverl\u00e4ssige und technisch unterst\u00fctzte Reinigung in gro\u00dfem Umfang.","email":"support@cleanster.com","telephone":"+1 (888) 788-2445","legalName":"Cleanster, Inc.","foundingDate":"2019-05-06","duns":"118328526","naics":"541511","numberOfEmployees":{"@type":"QuantitativeValue","minValue":"11","maxValue":"50"}}]}},"_links":{"self":[{"href":"https:\/\/cleanster.com\/de\/wp-json\/wp\/v2\/pages\/2390","targetHints":{"allow":["GET"]}}],"collection":[{"href":"https:\/\/cleanster.com\/de\/wp-json\/wp\/v2\/pages"}],"about":[{"href":"https:\/\/cleanster.com\/de\/wp-json\/wp\/v2\/types\/page"}],"author":[{"embeddable":true,"href":"https:\/\/cleanster.com\/de\/wp-json\/wp\/v2\/users\/1"}],"replies":[{"embeddable":true,"href":"https:\/\/cleanster.com\/de\/wp-json\/wp\/v2\/comments?post=2390"}],"version-history":[{"count":0,"href":"https:\/\/cleanster.com\/de\/wp-json\/wp\/v2\/pages\/2390\/revisions"}],"wp:attachment":[{"href":"https:\/\/cleanster.com\/de\/wp-json\/wp\/v2\/media?parent=2390"}],"curies":[{"name":"wp","href":"https:\/\/api.w.org\/{rel}","templated":true}]}}