{"id":2392,"date":"2021-12-23T01:53:00","date_gmt":"2021-12-23T01:53:00","guid":{"rendered":"https:\/\/cleanster.com\/?page_id=1426"},"modified":"2025-07-18T16:47:55","modified_gmt":"2025-07-18T16:47:55","slug":"leistungsstarke-integrationen-mit-pms-systemen-ical","status":"publish","type":"page","link":"https:\/\/cleanster.com\/de\/leistungsstarke-integrationen-mit-pms-systemen-ical\/","title":{"rendered":"Leistungsstarke Integrationen mit PMS-Systemen und iCal"},"content":{"rendered":"<p><span style=\"color: #ffffff;\">In der dynamischen Welt der Reinigungsdienste sind Effizienz und Koordination der Schl\u00fcssel. <a style=\"color: #ffffff;\" href=\"https:\/\/cleanster.com\/\">Cleanster.com<\/a>, eine f\u00fchrende Plattform f\u00fcr die Bereitstellung zug\u00e4nglicher Reinigungsdienste und die St\u00e4rkung von Servicefachleuten, macht einen bedeutenden Sprung nach vorne durch die Integration mit <a style=\"color: #ffffff;\" href=\"https:\/\/www.doorloop.com\/blog\/property-management-system\">Immobilienverwaltungssysteme<\/a> (PMS) und iCalendar (iCal). Diese Weiterentwicklung rationalisiert die Abl\u00e4ufe und gew\u00e4hrleistet eine nahtlose Planung und Verwaltung sowohl f\u00fcr Dienstanbieter als auch f\u00fcr Kunden.<\/span><\/p>\n<h2><span style=\"color: #ffffff;\"><strong>Nahtlose Synchronisierung mit dem PMS-System<\/strong><\/span><\/h2>\n<h3><span style=\"color: #ffffff;\"><strong>1. Verbesserte Koordination:<\/strong><\/span><\/h3>\n<p><span style=\"color: #ffffff;\">Die Integration mit PMS erm\u00f6glicht eine beispiellose Koordination zwischen Hausverwaltern und Reinigungsteams. Durch die direkte Verkn\u00fcpfung der Plattform von Cleanster.com mit PMS wird die Planung effizienter und die Wahrscheinlichkeit von Doppelbuchungen oder Terminkonflikten verringert.<\/span><\/p>\n<h3><span style=\"color: #ffffff;\"><strong>2. Verf\u00fcgbarkeitsupdates in Echtzeit:<\/strong><\/span><\/h3>\n<p><span style=\"color: #ffffff;\">Wenn Buchungen im PMS vorgenommen oder ge\u00e4ndert werden, werden sie auf Cleanster.com in Echtzeit aktualisiert. Diese Funktion stellt sicher, dass Reinigungskr\u00e4fte immer auf dem Laufenden sind, sodass sie ihre Zeitpl\u00e4ne effektiv planen und Last-Minute-Stress vermeiden k\u00f6nnen.<\/span><\/p>\n<h3><span style=\"color: #ffffff;\"><strong>3. Optimierte Abl\u00e4ufe:<\/strong><\/span><\/h3>\n<p><span style=\"color: #ffffff;\">Diese Integration vereinfacht den Verwaltungsprozess f\u00fcr Immobilienverwalter. Durch Reinigungspl\u00e4ne, die direkt mit dem Ein- und Auschecken der G\u00e4ste verkn\u00fcpft sind, wird sichergestellt, dass die Unterk\u00fcnfte immer bereit und einladend sind, was das G\u00e4steerlebnis verbessert.<\/span><\/p>\n<h2><span style=\"color: #ffffff;\"><strong>iCal-Integration f\u00fcr umfassendere Zug\u00e4nglichkeit<\/strong><\/span><\/h2>\n<h3><span style=\"color: #ffffff;\"><strong>1. Universelle Kalenderkompatibilit\u00e4t:<\/strong><\/span><\/h3>\n<p><span style=\"color: #ffffff;\">Durch die Integration mit iCal erweitert Cleanster.com seine Zug\u00e4nglichkeit. Benutzer k\u00f6nnen ihre Reinigungspl\u00e4ne mit praktisch jedem digitalen Kalender synchronisieren, sei es Google Kalender, Outlook oder Apple Kalender, was Flexibilit\u00e4t und Benutzerfreundlichkeit bietet.<\/span><\/p>\n<h3><span style=\"color: #ffffff;\"><strong>2. Vereinfachte Terminplanung:<\/strong><\/span><\/h3>\n<p><span style=\"color: #ffffff;\">Diese Integration bedeutet, dass Hausverwalter und Reinigungskr\u00e4fte ihre Zeitpl\u00e4ne in dem Format anzeigen und verwalten k\u00f6nnen, mit dem sie am besten vertraut sind. Dies reduziert den Lernaufwand und den Bedarf an mehreren Kalendersystemen.<\/span><\/p>\n<h3><span style=\"color: #ffffff;\"><strong>3. Verbesserte Kommunikation:<\/strong><\/span><\/h3>\n<p><span style=\"color: #ffffff;\">Mit der iCal-Integration k\u00f6nnen Erinnerungen und Benachrichtigungen zu Reinigungsterminen eingerichtet werden, damit kein Detail \u00fcbersehen wird. Diese Art der Kommunikation ist entscheidend, um hohe Servicestandards einzuhalten.<\/span><\/p>\n<h1><span style=\"color: #ffffff;\">Cleanster.com: Reinigungsvorg\u00e4nge durch leistungsstarke Integrationen mit PMS-Systemen und iCal verbessern<\/span><\/h1>\n<p><span style=\"color: #ffffff;\">In der dynamischen Welt der Reinigungsdienste sind Effizienz und Koordination der Schl\u00fcssel. Cleanster.com, eine f\u00fchrende Plattform f\u00fcr die Bereitstellung zug\u00e4nglicher Reinigungsdienste und die Unterst\u00fctzung von Servicefachleuten, macht durch die Integration mit Property Management Systems (PMS) und iCalendar (iCal) einen bedeutenden Sprung nach vorne. Dieser Fortschritt rationalisiert die Abl\u00e4ufe und gew\u00e4hrleistet eine nahtlose Planung und Verwaltung sowohl f\u00fcr Dienstleister als auch f\u00fcr Kunden.<\/span><\/p>\n<h2><span style=\"color: #ffffff;\"><strong>Nahtlose Synchronisierung mit Property-Management-Systemen<\/strong><\/span><\/h2>\n<h3><span style=\"color: #ffffff;\"><strong>1. Verbesserte Koordination:<\/strong><\/span><\/h3>\n<p><span style=\"color: #ffffff;\">Die Integration mit PMS erm\u00f6glicht eine beispiellose Koordination zwischen Hausverwaltern und Reinigungsteams. Durch die direkte Verkn\u00fcpfung der Plattform von Cleanster.com mit PMS wird die Planung effizienter und die Wahrscheinlichkeit von Doppelbuchungen oder Terminkonflikten verringert.<\/span><\/p>\n<h3><span style=\"color: #ffffff;\"><strong>2. Verf\u00fcgbarkeitsupdates in Echtzeit:<\/strong><\/span><\/h3>\n<p><span style=\"color: #ffffff;\">Wenn Buchungen im PMS vorgenommen oder ge\u00e4ndert werden, werden sie auf Cleanster.com in Echtzeit aktualisiert. Diese Funktion stellt sicher, dass Reinigungskr\u00e4fte immer auf dem Laufenden sind, sodass sie ihre Zeitpl\u00e4ne effektiv planen und Last-Minute-Stress vermeiden k\u00f6nnen.<\/span><\/p>\n<h3><span style=\"color: #ffffff;\"><strong>3. Optimierte Abl\u00e4ufe:<\/strong><\/span><\/h3>\n<p><span style=\"color: #ffffff;\">Diese Integration vereinfacht den Verwaltungsprozess f\u00fcr Immobilienverwalter. Durch Reinigungspl\u00e4ne, die direkt mit dem Ein- und Auschecken der G\u00e4ste verkn\u00fcpft sind, wird sichergestellt, dass die Unterk\u00fcnfte immer bereit und einladend sind, was das G\u00e4steerlebnis verbessert.<\/span><\/p>\n<h2><span style=\"color: #ffffff;\"><strong>iCal-Integration f\u00fcr umfassendere Zug\u00e4nglichkeit<\/strong><\/span><\/h2>\n<h3><span style=\"color: #ffffff;\"><strong>1. Universelle Kalenderkompatibilit\u00e4t:<\/strong><\/span><\/h3>\n<p><span style=\"color: #ffffff;\">Durch die Integration mit iCal erweitert Cleanster.com seine Zug\u00e4nglichkeit. Benutzer k\u00f6nnen ihre Reinigungspl\u00e4ne mit praktisch jedem digitalen Kalender synchronisieren, sei es Google Kalender, Outlook oder Apple Kalender, was Flexibilit\u00e4t und Benutzerfreundlichkeit bietet.<\/span><\/p>\n<h3><span style=\"color: #ffffff;\"><strong>2. Vereinfachte Terminplanung:<\/strong><\/span><\/h3>\n<p><span style=\"color: #ffffff;\">Diese Integration bedeutet, dass Hausverwalter und Reinigungskr\u00e4fte ihre Zeitpl\u00e4ne in dem Format anzeigen und verwalten k\u00f6nnen, mit dem sie am besten vertraut sind. Dies reduziert den Lernaufwand und den Bedarf an mehreren Kalendersystemen.<\/span><\/p>\n<h3><span style=\"color: #ffffff;\"><strong>3. Verbesserte Kommunikation:<\/strong><\/span><\/h3>\n<p><span style=\"color: #ffffff;\">Mit der iCal-Integration k\u00f6nnen Erinnerungen und Benachrichtigungen zu Reinigungsterminen eingerichtet werden, damit kein Detail \u00fcbersehen wird. Diese Art der Kommunikation ist entscheidend, um hohe Servicestandards einzuhalten.<\/span><\/p>\n<h2><span style=\"color: #ffffff;\"><strong>Vorteile f\u00fcr Servicefachleute und Immobilienverwalter<\/strong><\/span><\/h2>\n<h3><span style=\"color: #ffffff;\"><strong>1. Erh\u00f6hte Produktivit\u00e4t:<\/strong><\/span><\/h3>\n<p><span style=\"color: #ffffff;\">F\u00fcr Reinigungsfachkr\u00e4fte bedeuten diese Integrationen weniger Zeitaufwand f\u00fcr Verwaltungsaufgaben und mehr Zeit f\u00fcr die eigentlichen Reinigungsarbeiten. Diese Effizienz f\u00fchrt zu h\u00f6herer Produktivit\u00e4t und der M\u00f6glichkeit, mehr Arbeit zu \u00fcbernehmen.<\/span><\/p>\n<h3><span style=\"color: #ffffff;\"><strong>2. H\u00f6here Zufriedenheit:<\/strong><\/span><\/h3>\n<p><span style=\"color: #ffffff;\">Immobilienverwalter profitieren von dem optimierten Prozess, der zu einer h\u00f6heren G\u00e4stezufriedenheit f\u00fchrt. Eine gut gepflegte Immobilie ist in der Hotelbranche unerl\u00e4sslich, und diese Integrationen stellen sicher, dass die Sauberkeitsstandards stets eingehalten werden.<\/span><\/p>\n<h3><span style=\"color: #ffffff;\"><strong>3. Wettbewerbsvorteil:<\/strong><\/span><\/h3>\n<p><span style=\"color: #ffffff;\">In einem Markt, in dem Effizienz und Zuverl\u00e4ssigkeit von entscheidender Bedeutung sind, stellen diese Integrationen einen Wettbewerbsvorteil dar. Unterk\u00fcnfte, die die integrierten Dienste von Cleanster.com nutzen, k\u00f6nnen ihren G\u00e4sten tadellose Standards garantieren.<\/span><\/p>\n<h2><span style=\"color: #ffffff;\"><strong>Fazit: Neue Ma\u00dfst\u00e4be im Reinigungsbereich<\/strong><\/span><\/h2>\n<p><span style=\"color: #ffffff;\">Die Integration von Cleanster.com mit PMS und iCal ist mehr als nur ein technisches Upgrade; es ist ein Bekenntnis zu Spitzenleistung und Benutzerfreundlichkeit in der Reinigungsbranche. Durch die Nutzung der Leistungsf\u00e4higkeit dieser Integrationen setzt Cleanster.com neue Ma\u00dfst\u00e4be in puncto Serviceeffizienz und Zuverl\u00e4ssigkeit und festigt so seine Position als Marktf\u00fchrer im Reinigungsdienstleistungssektor.<\/span><\/p>","protected":false},"excerpt":{"rendered":"<p>In the dynamic world of cleaning services, efficiency and coordination are key. Cleanster.com, a leading platform in providing accessible cleaning services and empowering service professionals, is taking a significant leap forward by integrating with Property Management Systems (PMS) and iCalendar (iCal). This advancement streamlines operations, ensuring seamless scheduling and management for both service providers and [&hellip;]<\/p>\n","protected":false},"author":1,"featured_media":0,"parent":0,"menu_order":0,"comment_status":"closed","ping_status":"closed","template":"templates\/rental.php","meta":{"_acf_changed":false,"footnotes":""},"class_list":["post-2392","page","type-page","status-publish","hentry","entry"],"acf":[],"yoast_head":"<!-- This site is optimized with the Yoast SEO Premium plugin v26.5 (Yoast SEO v27.4) - https:\/\/yoast.com\/product\/yoast-seo-premium-wordpress\/ -->\n<title>Powerful Integrations with Property Management Systems &amp; iCal<\/title>\n<meta name=\"description\" content=\"Our Property Management System automatically syncs your property details and reservation, which makes it easy for you\" \/>\n<meta name=\"robots\" content=\"index, follow, max-snippet:-1, max-image-preview:large, max-video-preview:-1\" \/>\n<link rel=\"canonical\" href=\"https:\/\/cleanster.com\/de\/leistungsstarke-integrationen-mit-pms-systemen-ical\/\" \/>\n<meta property=\"og:locale\" content=\"de_DE\" \/>\n<meta property=\"og:type\" content=\"article\" \/>\n<meta property=\"og:title\" content=\"Powerful Integrations with PMS Systems &amp; iCal - Cleanster | Cleaning &amp; Maid Services Near You\" \/>\n<meta property=\"og:description\" content=\"Our Property Management System automatically syncs your property details and reservation, which makes it easy for you\" \/>\n<meta property=\"og:url\" content=\"https:\/\/cleanster.com\/de\/leistungsstarke-integrationen-mit-pms-systemen-ical\/\" \/>\n<meta property=\"og:site_name\" content=\"Cleanster | Cleaning &amp; Maid Services Near You\" \/>\n<meta property=\"article:publisher\" content=\"https:\/\/www.facebook.com\/cleansterhq\" \/>\n<meta property=\"article:modified_time\" content=\"2025-07-18T16:47:55+00:00\" \/>\n<meta property=\"og:image\" content=\"https:\/\/cleanster.com\/wp-content\/uploads\/2023\/11\/card@3x.png\" \/>\n\t<meta property=\"og:image:width\" content=\"1170\" \/>\n\t<meta property=\"og:image:height\" content=\"763\" \/>\n\t<meta property=\"og:image:type\" content=\"image\/png\" \/>\n<meta name=\"twitter:card\" content=\"summary_large_image\" \/>\n<meta name=\"twitter:site\" content=\"@cleansterhq\" \/>\n<meta name=\"twitter:label1\" content=\"Gesch\u00e4tzte Lesezeit\" \/>\n\t<meta name=\"twitter:data1\" content=\"4\u00a0Minuten\" \/>\n<script type=\"application\/ld+json\" class=\"yoast-schema-graph\">{\"@context\":\"https:\\\/\\\/schema.org\",\"@graph\":[{\"@type\":\"WebPage\",\"@id\":\"https:\\\/\\\/cleanster.com\\\/powerful-integrations-with-pms-systems-ical\\\/\",\"url\":\"https:\\\/\\\/cleanster.com\\\/powerful-integrations-with-pms-systems-ical\\\/\",\"name\":\"Powerful Integrations with Property Management Systems & iCal\",\"isPartOf\":{\"@id\":\"https:\\\/\\\/cleanster.com\\\/#website\"},\"datePublished\":\"2021-12-23T01:53:00+00:00\",\"dateModified\":\"2025-07-18T16:47:55+00:00\",\"description\":\"Our Property Management System automatically syncs your property details and reservation, which makes it easy for you\",\"inLanguage\":\"de\",\"potentialAction\":[{\"@type\":\"ReadAction\",\"target\":[\"https:\\\/\\\/cleanster.com\\\/powerful-integrations-with-pms-systems-ical\\\/\"]}]},{\"@type\":\"WebSite\",\"@id\":\"https:\\\/\\\/cleanster.com\\\/#website\",\"url\":\"https:\\\/\\\/cleanster.com\\\/\",\"name\":\"Cleanster | Cleaning & Maid Services Near You\",\"description\":\"Instantly find &amp; book trusted cleaners for homes, apartment, Airbnb, and offices. Cleanster offers affordable maid, housekeeping, and commercial cleaning services near you.\",\"publisher\":{\"@id\":\"https:\\\/\\\/cleanster.com\\\/#organization\"},\"alternateName\":\"Cleanster | Cleaning, Maid & Housekeeping Services for Everyone\",\"potentialAction\":[{\"@type\":\"SearchAction\",\"target\":{\"@type\":\"EntryPoint\",\"urlTemplate\":\"https:\\\/\\\/cleanster.com\\\/?s={search_term_string}\"},\"query-input\":{\"@type\":\"PropertyValueSpecification\",\"valueRequired\":true,\"valueName\":\"search_term_string\"}}],\"inLanguage\":\"de\"},{\"@type\":\"Organization\",\"@id\":\"https:\\\/\\\/cleanster.com\\\/#organization\",\"name\":\"Cleanster\",\"alternateName\":\"Cleanster.com\",\"url\":\"https:\\\/\\\/cleanster.com\\\/\",\"logo\":{\"@type\":\"ImageObject\",\"inLanguage\":\"de\",\"@id\":\"https:\\\/\\\/cleanster.com\\\/#\\\/schema\\\/logo\\\/image\\\/\",\"url\":\"https:\\\/\\\/cleanster.com\\\/wp-content\\\/uploads\\\/2025\\\/06\\\/Cleanster-Logo-1.svg\",\"contentUrl\":\"https:\\\/\\\/cleanster.com\\\/wp-content\\\/uploads\\\/2025\\\/06\\\/Cleanster-Logo-1.svg\",\"width\":1,\"height\":1,\"caption\":\"Cleanster\"},\"image\":{\"@id\":\"https:\\\/\\\/cleanster.com\\\/#\\\/schema\\\/logo\\\/image\\\/\"},\"sameAs\":[\"https:\\\/\\\/www.facebook.com\\\/cleansterhq\",\"https:\\\/\\\/x.com\\\/cleansterhq\",\"https:\\\/\\\/www.linkedin.com\\\/company\\\/cleansterhq\",\"https:\\\/\\\/www.instagram.com\\\/cleansterhq\",\"https:\\\/\\\/vm.tiktok.com\\\/ZM8vHmcuo\\\/\",\"https:\\\/\\\/www.clubhouse.com\\\/club\\\/cleanstercom\"],\"description\":\"Cleanster is an AI-powered cleaning services platform that connects Airbnb hosts, property managers, and commercial clients with vetted, on-demand cleaners. We offer apartment, house, Airbnb, commercial, and janitorial cleaning services. With a network of over 100,000 professionals across the US, Canada, and the UK, Cleanster delivers fast, reliable, and tech-enabled cleaning at scale.\",\"email\":\"support@cleanster.com\",\"telephone\":\"+1 (888) 788-2445\",\"legalName\":\"Cleanster, Inc.\",\"foundingDate\":\"2019-05-06\",\"duns\":\"118328526\",\"naics\":\"541511\",\"numberOfEmployees\":{\"@type\":\"QuantitativeValue\",\"minValue\":\"11\",\"maxValue\":\"50\"}}]}<\/script>\n<!-- \/ Yoast SEO Premium plugin. -->","yoast_head_json":{"title":"Leistungsstarke Integrationen mit Immobilienverwaltungssystemen und iCal","description":"Unser Immobilienverwaltungssystem synchronisiert automatisch Ihre Immobiliendaten und Ihre Reservierung, was es Ihnen leicht macht","robots":{"index":"index","follow":"follow","max-snippet":"max-snippet:-1","max-image-preview":"max-image-preview:large","max-video-preview":"max-video-preview:-1"},"canonical":"https:\/\/cleanster.com\/de\/leistungsstarke-integrationen-mit-pms-systemen-ical\/","og_locale":"de_DE","og_type":"article","og_title":"Powerful Integrations with PMS Systems & iCal - Cleanster | Cleaning &amp; Maid Services Near You","og_description":"Our Property Management System automatically syncs your property details and reservation, which makes it easy for you","og_url":"https:\/\/cleanster.com\/de\/leistungsstarke-integrationen-mit-pms-systemen-ical\/","og_site_name":"Cleanster | Cleaning &amp; Maid Services Near You","article_publisher":"https:\/\/www.facebook.com\/cleansterhq","article_modified_time":"2025-07-18T16:47:55+00:00","og_image":[{"width":1170,"height":763,"url":"https:\/\/cleanster.com\/wp-content\/uploads\/2023\/11\/card@3x.png","type":"image\/png"}],"twitter_card":"summary_large_image","twitter_site":"@cleansterhq","twitter_misc":{"Gesch\u00e4tzte Lesezeit":"4\u00a0Minuten"},"schema":{"@context":"https:\/\/schema.org","@graph":[{"@type":"WebPage","@id":"https:\/\/cleanster.com\/powerful-integrations-with-pms-systems-ical\/","url":"https:\/\/cleanster.com\/powerful-integrations-with-pms-systems-ical\/","name":"Leistungsstarke Integrationen mit Immobilienverwaltungssystemen und iCal","isPartOf":{"@id":"https:\/\/cleanster.com\/#website"},"datePublished":"2021-12-23T01:53:00+00:00","dateModified":"2025-07-18T16:47:55+00:00","description":"Unser Immobilienverwaltungssystem synchronisiert automatisch Ihre Immobiliendaten und Ihre Reservierung, was es Ihnen leicht macht","inLanguage":"de","potentialAction":[{"@type":"ReadAction","target":["https:\/\/cleanster.com\/powerful-integrations-with-pms-systems-ical\/"]}]},{"@type":"WebSite","@id":"https:\/\/cleanster.com\/#website","url":"https:\/\/cleanster.com\/","name":"Cleanster | Reinigungs- und Haushaltshilfen in Ihrer N\u00e4he","description":"Finden und buchen Sie sofort zuverl\u00e4ssige Reinigungskr\u00e4fte f\u00fcr H\u00e4user, Wohnungen, Airbnbs und B\u00fcros. Cleanster bietet g\u00fcnstige Reinigungsdienste in Ihrer N\u00e4he.","publisher":{"@id":"https:\/\/cleanster.com\/#organization"},"alternateName":"Cleanster | Cleaning, Maid & Housekeeping Services for Everyone","potentialAction":[{"@type":"SearchAction","target":{"@type":"EntryPoint","urlTemplate":"https:\/\/cleanster.com\/?s={search_term_string}"},"query-input":{"@type":"PropertyValueSpecification","valueRequired":true,"valueName":"search_term_string"}}],"inLanguage":"de"},{"@type":"Organization","@id":"https:\/\/cleanster.com\/#organization","name":"Saubermann","alternateName":"Cleanster.com","url":"https:\/\/cleanster.com\/","logo":{"@type":"ImageObject","inLanguage":"de","@id":"https:\/\/cleanster.com\/#\/schema\/logo\/image\/","url":"https:\/\/cleanster.com\/wp-content\/uploads\/2025\/06\/Cleanster-Logo-1.svg","contentUrl":"https:\/\/cleanster.com\/wp-content\/uploads\/2025\/06\/Cleanster-Logo-1.svg","width":1,"height":1,"caption":"Cleanster"},"image":{"@id":"https:\/\/cleanster.com\/#\/schema\/logo\/image\/"},"sameAs":["https:\/\/www.facebook.com\/cleansterhq","https:\/\/x.com\/cleansterhq","https:\/\/www.linkedin.com\/company\/cleansterhq","https:\/\/www.instagram.com\/cleansterhq","https:\/\/vm.tiktok.com\/ZM8vHmcuo\/","https:\/\/www.clubhouse.com\/club\/cleanstercom"],"description":"Cleanster ist eine KI-gest\u00fctzte Reinigungsplattform, die Airbnb-Gastgeber, Hausverwalter und gewerbliche Kunden mit gepr\u00fcften Reinigungskr\u00e4ften auf Abruf verbindet. Wir bieten Reinigungsdienste f\u00fcr Wohnungen, H\u00e4user, Airbnb-Unterk\u00fcnfte, Gewerbeimmobilien und Hausmeisterdienste an. Mit einem Netzwerk von \u00fcber 100.000 Fachkr\u00e4ften in den USA, Kanada und Gro\u00dfbritannien bietet Cleanster schnelle, zuverl\u00e4ssige und technisch unterst\u00fctzte Reinigung in gro\u00dfem Umfang.","email":"support@cleanster.com","telephone":"+1 (888) 788-2445","legalName":"Cleanster, Inc.","foundingDate":"2019-05-06","duns":"118328526","naics":"541511","numberOfEmployees":{"@type":"QuantitativeValue","minValue":"11","maxValue":"50"}}]}},"_links":{"self":[{"href":"https:\/\/cleanster.com\/de\/wp-json\/wp\/v2\/pages\/2392","targetHints":{"allow":["GET"]}}],"collection":[{"href":"https:\/\/cleanster.com\/de\/wp-json\/wp\/v2\/pages"}],"about":[{"href":"https:\/\/cleanster.com\/de\/wp-json\/wp\/v2\/types\/page"}],"author":[{"embeddable":true,"href":"https:\/\/cleanster.com\/de\/wp-json\/wp\/v2\/users\/1"}],"replies":[{"embeddable":true,"href":"https:\/\/cleanster.com\/de\/wp-json\/wp\/v2\/comments?post=2392"}],"version-history":[{"count":0,"href":"https:\/\/cleanster.com\/de\/wp-json\/wp\/v2\/pages\/2392\/revisions"}],"wp:attachment":[{"href":"https:\/\/cleanster.com\/de\/wp-json\/wp\/v2\/media?parent=2392"}],"curies":[{"name":"wp","href":"https:\/\/api.w.org\/{rel}","templated":true}]}}