{"id":3165,"date":"2022-01-14T17:37:14","date_gmt":"2022-01-14T17:37:14","guid":{"rendered":"http:\/\/cleanster.com\/?page_id=3165"},"modified":"2025-10-10T00:26:16","modified_gmt":"2025-10-10T00:26:16","slug":"grundliche-reinigung","status":"publish","type":"page","link":"https:\/\/cleanster.com\/de\/grundliche-reinigung\/","title":{"rendered":"Gr\u00fcndliche Reinigung"},"content":{"rendered":"<h2><span style=\"color: #ffffff;\"><b>App zur Tiefenreinigung<\/b><\/span><\/h2>\n<p><span style=\"color: #ffffff;\"><span style=\"font-weight: 400;\">F\u00fcr die meisten von uns ist Zeit der Kern von allem, und bei einem gesch\u00e4ftigen Lebensstil m\u00f6chten wir, dass alles, wie z. B. der gr\u00fcndliche Reinigungsdienst, schneller und schneller erledigt wird. Sie k\u00f6nnen die Cleanster.com App f\u00fcr eine <\/span><b>Tiefenreinigungsservice<\/b><span style=\"font-weight: 400;\">. Mit unserer Reinigungs-App k\u00f6nnen Sie Ihr Haus oder B\u00fcro ganz einfach instand halten. In der Cleanster.com-App k\u00f6nnen Sie unsere Dienste nutzen, um Ihr Leben stressfrei zu gestalten.\u00a0<\/span><\/span><\/p>\n<p><span style=\"color: #ffffff;\"><span style=\"font-weight: 400;\">Wir wissen, dass es eine nie endende Aufgabe ist, Ihre Umgebung sauber zu halten. Hausreinigung, B\u00fcroreinigung, Hausreinigung, Tiefenreinigung und andere. Aber mit Hilfe von Cleanster.com <\/span><a style=\"color: #ffffff;\" href=\"https:\/\/cleanster.com\/deep-cleaning\/\"><span style=\"font-weight: 400;\">APP<\/span><\/a><span style=\"font-weight: 400;\">, k\u00f6nnen Sie Ihr Problem schnell l\u00f6sen.\u00a0<\/span><\/span><\/p>\n<p><span style=\"color: #ffffff;\"><span style=\"font-weight: 400;\">Es ist die beste App zur Tiefenreinigung<\/span><span style=\"font-weight: 400;\">,<\/span><span style=\"font-weight: 400;\"> f\u00fcr Airbnb, Haus- und B\u00fcroreinigung, Ferienvermietung und Ein-\/Auszug.\u00a0<\/span><\/span><\/p>\n<p><span style=\"font-weight: 400; color: #ffffff;\">\u00dcber diese App k\u00f6nnen Sie unsere professionellen Reinigungskr\u00e4fte zum Bodenwischen, Staubsaugen und Wechseln der Bettw\u00e4sche zu einem vern\u00fcnftigen Preis beauftragen.<\/span><\/p>\n<p><span style=\"font-weight: 400; color: #ffffff;\">Die hervorragenden Softwarel\u00f6sungen der Cleanster.com-App unterst\u00fctzen Reinigungsdienste dabei, effizient zu arbeiten. Sie ist leicht zug\u00e4nglich, benutzerfreundlich und praktisch.\u00a0\u00a0<\/span><\/p>\n<p><span style=\"font-weight: 400; color: #ffffff;\">Unsere App zur Tiefenreinigung reduziert garantiert Ihre Planungsfehler und k\u00fcmmert sich schnell um Stornierungen.<\/span><\/p>\n<p><span style=\"font-weight: 400; color: #ffffff;\">Dar\u00fcber hinaus erledigen Sie die Auftr\u00e4ge planm\u00e4\u00dfig.\u00a0<\/span><\/p>\n<p><span style=\"font-weight: 400; color: #ffffff;\">Das Wichtigste ist, dass Sie Ihren Zeitplan per Nachricht oder E-Mail \u00e4ndern k\u00f6nnen.<\/span><\/p>\n<p><span style=\"font-weight: 400; color: #ffffff;\">Um den \u00dcberblick \u00fcber Ihre wichtigen Arbeiten und Aufgaben zu behalten, k\u00f6nnen Sie unsere kostenlose Android-App zur Tiefenreinigung ausprobieren.\u00a0<\/span><\/p>\n<h2><span style=\"color: #ffffff;\"><b>Grundlagen, die wir ber\u00fccksichtigen:<\/b><\/span><\/h2>\n<p><span style=\"font-weight: 400; color: #ffffff;\">Mit unserem Tiefenreinigungsservice helfen Ihnen unsere Reinigungskr\u00e4fte, Schmutz, Ru\u00df, Seifenschaum und anderen Abschaum in Ihrem Zuhause oder B\u00fcro loszuwerden.\u00a0<\/span><\/p>\n<p><span style=\"font-weight: 400; color: #ffffff;\">Wir reinigen und desinfizieren die Bereiche und wichtigen Werkzeuge, um eine ges\u00fcndere Atmosph\u00e4re zu schaffen. Und sorgen daf\u00fcr, dass alles sauber aussieht und frisch riecht.<\/span><\/p>\n<p><span style=\"font-weight: 400; color: #ffffff;\">Unser Tiefenreinigungsservice dauert l\u00e4nger als unser normaler Reinigungsservice. Er beinhaltet viel Detailarbeit und beh\u00e4lt unsere pers\u00f6nliche Note.\u00a0<\/span><\/p>\n<p><span style=\"color: #ffffff;\"><span style=\"font-weight: 400;\">Wir bieten Dienstleistungen an mehreren Orten an, wie zum Beispiel <\/span><a style=\"color: #ffffff;\" href=\"https:\/\/cleanster.com\/house-cleaning-in-austin-tx\/\"><span style=\"font-weight: 400;\">Hausputz<\/span><\/a><span style=\"font-weight: 400;\">, <\/span><a style=\"color: #ffffff;\" href=\"https:\/\/cleanster.com\/airbnb-cleaning-in-austin-tx\/\"><span style=\"font-weight: 400;\">Airbnb-Reinigung<\/span><\/a><span style=\"font-weight: 400;\">, <\/span><a style=\"color: #ffffff;\" href=\"https:\/\/cleanster.com\/vacation-rental-cleaning-in-austin-tx\/\"><span style=\"font-weight: 400;\">Reinigung von Ferienunterk\u00fcnften<\/span><\/a><span style=\"font-weight: 400;\">, <\/span><a style=\"color: #ffffff;\" href=\"https:\/\/cleanster.com\/moving-in-out-cleaning-in-austin-tx\/\"><span style=\"font-weight: 400;\">Ein- und Auszugsreinigung, <\/span><\/a><span style=\"font-weight: 400;\">und viele mehr.<\/span><\/span><\/p>\n<p><span style=\"color: #ffffff;\"><span style=\"font-weight: 400;\">Wenn Sie der Meinung sind, dass Ihre Wohnung eine gr\u00fcndliche Reinigung ben\u00f6tigt, k\u00f6nnen Sie unser Cleanster.com ausprobieren. <\/span><a style=\"color: #ffffff;\" href=\"https:\/\/play.google.com\/store\/apps\/details?id=com.tidyapp.pro\"><span style=\"font-weight: 400;\">App<\/span><\/a><span style=\"font-weight: 400;\"> um den besten Tiefenreinigungsservice zu erhalten.\u00a0<\/span><\/span><\/p>","protected":false},"excerpt":{"rendered":"<p>App for Deep Cleaning For most of us, time is the core of everything, and with a busy lifestyle, we want everything, such as deep cleaning service, to be done quicker and faster. You can consider the Cleanster.com App for a deep cleaning service. Using our cleaning app, you can easily maintain your house or [&hellip;]<\/p>\n","protected":false},"author":2,"featured_media":0,"parent":0,"menu_order":0,"comment_status":"closed","ping_status":"closed","template":"templates\/deep-cleaning.php","meta":{"_acf_changed":false,"footnotes":""},"class_list":["post-3165","page","type-page","status-publish","hentry","entry"],"acf":[],"yoast_head":"<!-- This site is optimized with the Yoast SEO Premium plugin v26.5 (Yoast SEO v27.3) - https:\/\/yoast.com\/product\/yoast-seo-premium-wordpress\/ -->\n<title>Deep Cleaning Services Near You | Book with the Cleanster App<\/title>\n<meta name=\"description\" content=\"Easily book, schedule, and pay for professional deep cleaning with the Cleanster App. Trusted by thousands fast, reliable, and hassle-free.\" \/>\n<meta name=\"robots\" content=\"index, follow, max-snippet:-1, max-image-preview:large, max-video-preview:-1\" \/>\n<link rel=\"canonical\" href=\"https:\/\/cleanster.com\/de\/grundliche-reinigung\/\u200e\/\" \/>\n<meta property=\"og:locale\" content=\"de_DE\" \/>\n<meta property=\"og:type\" content=\"article\" \/>\n<meta property=\"og:title\" content=\"Deep Cleaning - Cleanster | Cleaning &amp; Maid Services Near You\" \/>\n<meta property=\"og:description\" content=\"Easily book, schedule, and pay for professional deep cleaning with the Cleanster App. Trusted by thousands fast, reliable, and hassle-free.\" \/>\n<meta property=\"og:url\" content=\"https:\/\/cleanster.com\/de\/grundliche-reinigung\/\u200e\/\" \/>\n<meta property=\"og:site_name\" content=\"Cleanster | Cleaning &amp; Maid Services Near You\" \/>\n<meta property=\"article:publisher\" content=\"https:\/\/www.facebook.com\/cleansterhq\" \/>\n<meta property=\"article:modified_time\" content=\"2025-10-10T00:26:16+00:00\" \/>\n<meta property=\"og:image\" content=\"https:\/\/cleanster.com\/wp-content\/uploads\/2023\/11\/card@3x.png\" \/>\n\t<meta property=\"og:image:width\" content=\"1170\" \/>\n\t<meta property=\"og:image:height\" content=\"763\" \/>\n\t<meta property=\"og:image:type\" content=\"image\/png\" \/>\n<meta name=\"twitter:card\" content=\"summary_large_image\" \/>\n<meta name=\"twitter:site\" content=\"@cleansterhq\" \/>\n<meta name=\"twitter:label1\" content=\"Gesch\u00e4tzte Lesezeit\" \/>\n\t<meta name=\"twitter:data1\" content=\"2\u00a0Minuten\" \/>\n<script type=\"application\/ld+json\" class=\"yoast-schema-graph\">{\"@context\":\"https:\\\/\\\/schema.org\",\"@graph\":[{\"@type\":\"WebPage\",\"@id\":\"https:\\\/\\\/cleanster.com\\\/deep-cleaning\\\/\",\"url\":\"https:\\\/\\\/cleanster.com\\\/deep-cleaning\\\/%e2%80%8e\",\"name\":\"Deep Cleaning Services Near You | Book with the Cleanster App\",\"isPartOf\":{\"@id\":\"https:\\\/\\\/cleanster.com\\\/#website\"},\"datePublished\":\"2022-01-14T17:37:14+00:00\",\"dateModified\":\"2025-10-10T00:26:16+00:00\",\"description\":\"Easily book, schedule, and pay for professional deep cleaning with the Cleanster App. Trusted by thousands fast, reliable, and hassle-free.\",\"inLanguage\":\"de\",\"potentialAction\":[{\"@type\":\"ReadAction\",\"target\":[\"https:\\\/\\\/cleanster.com\\\/deep-cleaning\\\/%e2%80%8e\"]}]},{\"@type\":\"WebSite\",\"@id\":\"https:\\\/\\\/cleanster.com\\\/#website\",\"url\":\"https:\\\/\\\/cleanster.com\\\/\",\"name\":\"Cleanster | Cleaning & Maid Services Near You\",\"description\":\"Instantly find &amp; book trusted cleaners for homes, apartment, Airbnb, and offices. Cleanster offers affordable maid, housekeeping, and commercial cleaning services near you.\",\"publisher\":{\"@id\":\"https:\\\/\\\/cleanster.com\\\/#organization\"},\"alternateName\":\"Cleanster | Cleaning, Maid & Housekeeping Services for Everyone\",\"potentialAction\":[{\"@type\":\"SearchAction\",\"target\":{\"@type\":\"EntryPoint\",\"urlTemplate\":\"https:\\\/\\\/cleanster.com\\\/?s={search_term_string}\"},\"query-input\":{\"@type\":\"PropertyValueSpecification\",\"valueRequired\":true,\"valueName\":\"search_term_string\"}}],\"inLanguage\":\"de\"},{\"@type\":\"Organization\",\"@id\":\"https:\\\/\\\/cleanster.com\\\/#organization\",\"name\":\"Cleanster\",\"alternateName\":\"Cleanster.com\",\"url\":\"https:\\\/\\\/cleanster.com\\\/\",\"logo\":{\"@type\":\"ImageObject\",\"inLanguage\":\"de\",\"@id\":\"https:\\\/\\\/cleanster.com\\\/#\\\/schema\\\/logo\\\/image\\\/\",\"url\":\"https:\\\/\\\/cleanster.com\\\/wp-content\\\/uploads\\\/2025\\\/06\\\/Cleanster-Logo-1.svg\",\"contentUrl\":\"https:\\\/\\\/cleanster.com\\\/wp-content\\\/uploads\\\/2025\\\/06\\\/Cleanster-Logo-1.svg\",\"width\":1,\"height\":1,\"caption\":\"Cleanster\"},\"image\":{\"@id\":\"https:\\\/\\\/cleanster.com\\\/#\\\/schema\\\/logo\\\/image\\\/\"},\"sameAs\":[\"https:\\\/\\\/www.facebook.com\\\/cleansterhq\",\"https:\\\/\\\/x.com\\\/cleansterhq\",\"https:\\\/\\\/www.linkedin.com\\\/company\\\/cleansterhq\",\"https:\\\/\\\/www.instagram.com\\\/cleansterhq\",\"https:\\\/\\\/vm.tiktok.com\\\/ZM8vHmcuo\\\/\",\"https:\\\/\\\/www.clubhouse.com\\\/club\\\/cleanstercom\"],\"description\":\"Cleanster is an AI-powered cleaning services platform that connects Airbnb hosts, property managers, and commercial clients with vetted, on-demand cleaners. We offer apartment, house, Airbnb, commercial, and janitorial cleaning services. With a network of over 100,000 professionals across the US, Canada, and the UK, Cleanster delivers fast, reliable, and tech-enabled cleaning at scale.\",\"email\":\"support@cleanster.com\",\"telephone\":\"+1 (888) 788-2445\",\"legalName\":\"Cleanster, Inc.\",\"foundingDate\":\"2019-05-06\",\"duns\":\"118328526\",\"naics\":\"541511\",\"numberOfEmployees\":{\"@type\":\"QuantitativeValue\",\"minValue\":\"11\",\"maxValue\":\"50\"}}]}<\/script>\n<!-- \/ Yoast SEO Premium plugin. -->","yoast_head_json":{"title":"Tiefenreinigungsdienste in Ihrer N\u00e4he | Buchen Sie mit der Cleanster-App","description":"Buchen, planen und bezahlen Sie Ihre professionelle Tiefenreinigung ganz einfach mit der Cleanster App. Tausende vertrauen darauf \u2013 schnell, zuverl\u00e4ssig und unkompliziert.","robots":{"index":"index","follow":"follow","max-snippet":"max-snippet:-1","max-image-preview":"max-image-preview:large","max-video-preview":"max-video-preview:-1"},"canonical":"https:\/\/cleanster.com\/de\/grundliche-reinigung\/\u200e\/","og_locale":"de_DE","og_type":"article","og_title":"Deep Cleaning - Cleanster | Cleaning &amp; Maid Services Near You","og_description":"Easily book, schedule, and pay for professional deep cleaning with the Cleanster App. Trusted by thousands fast, reliable, and hassle-free.","og_url":"https:\/\/cleanster.com\/de\/grundliche-reinigung\/\u200e\/","og_site_name":"Cleanster | Cleaning &amp; Maid Services Near You","article_publisher":"https:\/\/www.facebook.com\/cleansterhq","article_modified_time":"2025-10-10T00:26:16+00:00","og_image":[{"width":1170,"height":763,"url":"https:\/\/cleanster.com\/wp-content\/uploads\/2023\/11\/card@3x.png","type":"image\/png"}],"twitter_card":"summary_large_image","twitter_site":"@cleansterhq","twitter_misc":{"Gesch\u00e4tzte Lesezeit":"2\u00a0Minuten"},"schema":{"@context":"https:\/\/schema.org","@graph":[{"@type":"WebPage","@id":"https:\/\/cleanster.com\/deep-cleaning\/","url":"https:\/\/cleanster.com\/deep-cleaning\/%e2%80%8e","name":"Tiefenreinigungsdienste in Ihrer N\u00e4he | Buchen Sie mit der Cleanster-App","isPartOf":{"@id":"https:\/\/cleanster.com\/#website"},"datePublished":"2022-01-14T17:37:14+00:00","dateModified":"2025-10-10T00:26:16+00:00","description":"Buchen, planen und bezahlen Sie Ihre professionelle Tiefenreinigung ganz einfach mit der Cleanster App. Tausende vertrauen darauf \u2013 schnell, zuverl\u00e4ssig und unkompliziert.","inLanguage":"de","potentialAction":[{"@type":"ReadAction","target":["https:\/\/cleanster.com\/deep-cleaning\/%e2%80%8e"]}]},{"@type":"WebSite","@id":"https:\/\/cleanster.com\/#website","url":"https:\/\/cleanster.com\/","name":"Cleanster | Reinigungs- und Haushaltshilfen in Ihrer N\u00e4he","description":"Finden und buchen Sie sofort zuverl\u00e4ssige Reinigungskr\u00e4fte f\u00fcr H\u00e4user, Wohnungen, Airbnbs und B\u00fcros. Cleanster bietet g\u00fcnstige Reinigungsdienste in Ihrer N\u00e4he.","publisher":{"@id":"https:\/\/cleanster.com\/#organization"},"alternateName":"Cleanster | Cleaning, Maid & Housekeeping Services for Everyone","potentialAction":[{"@type":"SearchAction","target":{"@type":"EntryPoint","urlTemplate":"https:\/\/cleanster.com\/?s={search_term_string}"},"query-input":{"@type":"PropertyValueSpecification","valueRequired":true,"valueName":"search_term_string"}}],"inLanguage":"de"},{"@type":"Organization","@id":"https:\/\/cleanster.com\/#organization","name":"Saubermann","alternateName":"Cleanster.com","url":"https:\/\/cleanster.com\/","logo":{"@type":"ImageObject","inLanguage":"de","@id":"https:\/\/cleanster.com\/#\/schema\/logo\/image\/","url":"https:\/\/cleanster.com\/wp-content\/uploads\/2025\/06\/Cleanster-Logo-1.svg","contentUrl":"https:\/\/cleanster.com\/wp-content\/uploads\/2025\/06\/Cleanster-Logo-1.svg","width":1,"height":1,"caption":"Cleanster"},"image":{"@id":"https:\/\/cleanster.com\/#\/schema\/logo\/image\/"},"sameAs":["https:\/\/www.facebook.com\/cleansterhq","https:\/\/x.com\/cleansterhq","https:\/\/www.linkedin.com\/company\/cleansterhq","https:\/\/www.instagram.com\/cleansterhq","https:\/\/vm.tiktok.com\/ZM8vHmcuo\/","https:\/\/www.clubhouse.com\/club\/cleanstercom"],"description":"Cleanster ist eine KI-gest\u00fctzte Reinigungsplattform, die Airbnb-Gastgeber, Hausverwalter und gewerbliche Kunden mit gepr\u00fcften Reinigungskr\u00e4ften auf Abruf verbindet. Wir bieten Reinigungsdienste f\u00fcr Wohnungen, H\u00e4user, Airbnb-Unterk\u00fcnfte, Gewerbeimmobilien und Hausmeisterdienste an. Mit einem Netzwerk von \u00fcber 100.000 Fachkr\u00e4ften in den USA, Kanada und Gro\u00dfbritannien bietet Cleanster schnelle, zuverl\u00e4ssige und technisch unterst\u00fctzte Reinigung in gro\u00dfem Umfang.","email":"support@cleanster.com","telephone":"+1 (888) 788-2445","legalName":"Cleanster, Inc.","foundingDate":"2019-05-06","duns":"118328526","naics":"541511","numberOfEmployees":{"@type":"QuantitativeValue","minValue":"11","maxValue":"50"}}]}},"_links":{"self":[{"href":"https:\/\/cleanster.com\/de\/wp-json\/wp\/v2\/pages\/3165","targetHints":{"allow":["GET"]}}],"collection":[{"href":"https:\/\/cleanster.com\/de\/wp-json\/wp\/v2\/pages"}],"about":[{"href":"https:\/\/cleanster.com\/de\/wp-json\/wp\/v2\/types\/page"}],"author":[{"embeddable":true,"href":"https:\/\/cleanster.com\/de\/wp-json\/wp\/v2\/users\/2"}],"replies":[{"embeddable":true,"href":"https:\/\/cleanster.com\/de\/wp-json\/wp\/v2\/comments?post=3165"}],"version-history":[{"count":0,"href":"https:\/\/cleanster.com\/de\/wp-json\/wp\/v2\/pages\/3165\/revisions"}],"wp:attachment":[{"href":"https:\/\/cleanster.com\/de\/wp-json\/wp\/v2\/media?parent=3165"}],"curies":[{"name":"wp","href":"https:\/\/api.w.org\/{rel}","templated":true}]}}