{"id":4322,"date":"2022-01-24T15:53:01","date_gmt":"2022-01-24T15:53:01","guid":{"rendered":"https:\/\/cleanster.com\/?page_id=4322"},"modified":"2023-10-31T09:06:14","modified_gmt":"2023-10-31T09:06:14","slug":"warum-brauchen-sie-eine-cleanster-app","status":"publish","type":"page","link":"https:\/\/cleanster.com\/de\/warum-brauchen-sie-eine-cleanster-app\/","title":{"rendered":"Warum brauchen Sie Cleanster?"},"content":{"rendered":"<h2><span style=\"font-weight: 400; color: #ffffff;\">Die Notwendigkeit des Cleansters<\/span><\/h2>\n<p><span style=\"font-weight: 400; color: #ffffff;\">Nicht jeder hat die Zeit, sich ums Putzen zu k\u00fcmmern und den Staub vom Boden oder den M\u00f6beln zu entfernen. Au\u00dferdem kann man sich dabei auch schmutzig machen. Manchmal muss man in winzige Ecken oder Stellen gelangen, um zu putzen. Nat\u00fcrlich m\u00f6chte man auch nicht nach einiger Zeit seine Toilette reinigen. Das alles kostet wertvolle Zeit und Frische. Vielleicht m\u00f6chten Sie diese Dinge also nicht selbst tun. Stattdessen m\u00f6chten Sie vielleicht jemanden, der diese f\u00fcr Sie erledigt, der professionell und preisg\u00fcnstig ist. Hier kommt die Notwendigkeit der <a style=\"color: #ffffff;\" href=\"https:\/\/play.google.com\/store\/apps\/details?id=com.tidyapp&amp;hl=en_US&amp;gl=US\">Saubermann<span style=\"font-weight: 400;\">.com<\/span><\/a>.<\/span><\/p>\n<p><span style=\"font-weight: 400; color: #ffffff;\">Mit den Diensten k\u00f6nnen Sie Ihr Zuhause, B\u00fcro, <a style=\"color: #ffffff;\" href=\"https:\/\/cleanster.com\/airbnb-cleaning-service\/\">Airbnb<\/a> sauber gereinigt, ohne mit ein bisschen Schmutz oder Wasser in Ber\u00fchrung zu kommen. Sie k\u00f6nnen einfach hier klicken, um einen professionellen Reinigungsdienst zu beauftragen, der diese Arbeit erledigt. Geben Sie bei der Buchung des Dienstes die erforderlichen Informationen einschlie\u00dflich Ihrer Adresse an, und ein Profi steht in k\u00fcrzester Zeit vor Ihrer T\u00fcr.\u00a0<\/span><\/p>\n<p><span style=\"font-weight: 400; color: #ffffff;\">Nun kommen wir zu dem Teil, in dem Sie nach der Notwendigkeit des Cleansters fragen<span style=\"font-weight: 400;\">.com<\/span>. Zu Ihrer Information m\u00f6chten wir Sie dar\u00fcber informieren, dass zwischen Ihnen und dem Cleanster kein Vertrag besteht.<span style=\"font-weight: 400;\">.com<\/span>. Sie engagieren einfach \u00fcber unsere App eine professionelle Reinigungskraft in Ihrem ausgew\u00e4hlten Gebiet und bezahlen sie, was v\u00f6llig sicher ist.<\/span><\/p>\n<p><span style=\"font-weight: 400; color: #ffffff;\">Es ist einfach besser f\u00fcr Sie, keine Vertr\u00e4ge auf Zeitbasis abzuschlie\u00dfen. Sie stellen eine Reinigungskraft ein, wenn Sie das Bed\u00fcrfnis versp\u00fcren. Ihr Zuhause, Ihr B\u00fcro oder Ihr Airbnb wird so sauber wie m\u00f6glich gemacht. Auch f\u00fcr Vermieter helfen wir Ihnen, Ihr Eigentum vorzeigbar zu machen. Bei langfristiger Nutzung sammeln sich auf den Dingen Schmutz und Fett an.<\/span><\/p>\n<p><span style=\"font-weight: 400; color: #ffffff;\">Wir \u00fcberpr\u00fcfen den Lebenslauf jeder Reinigungskraft gr\u00fcndlich und stellen sicher, dass Ihr Eigentum in sicheren H\u00e4nden ist. Machen Sie sich also keine Sorgen um die Sicherheit.<\/span><\/p>\n<p><span style=\"font-weight: 400; color: #ffffff;\">Sie m\u00fcssen Ihr Haus, B\u00fcro, Ihre Wohnung oder Ihr Airbnb reinigen lassen? Laden Sie den Cleanster herunter<span style=\"font-weight: 400;\">.com<\/span> aus dem Play Store oder App Store und lassen Sie die Reinigung von einem Fachmann durchf\u00fchren.<\/span><\/p>","protected":false},"excerpt":{"rendered":"<p>The necessity of the Cleanster Not everyone has the time to spend on cleaning, getting the dust off the floor or furniture. Plus, you can also get yourself dirty while doing such things. You have to get to tiny corners or places in order to clean sometimes. Of course, you don\u2019t want to clean your [&hellip;]<\/p>\n","protected":false},"author":1,"featured_media":16248,"parent":0,"menu_order":0,"comment_status":"closed","ping_status":"closed","template":"templates\/why-cleanster.php","meta":{"_acf_changed":false,"footnotes":""},"class_list":["post-4322","page","type-page","status-publish","has-post-thumbnail","hentry","entry"],"acf":[],"yoast_head":"<!-- This site is optimized with the Yoast SEO Premium plugin v26.5 (Yoast SEO v27.3) - https:\/\/yoast.com\/product\/yoast-seo-premium-wordpress\/ -->\n<title>Why Do You Need Cleanster? -<\/title>\n<meta name=\"description\" content=\"Not everyone has the time to spend on cleaning, getting the dust off the floor or furniture. Cleanster.com App is the best cleaning app solution.\" \/>\n<meta name=\"robots\" content=\"index, follow, max-snippet:-1, max-image-preview:large, max-video-preview:-1\" \/>\n<link rel=\"canonical\" href=\"https:\/\/cleanster.com\/de\/warum-brauchen-sie-eine-cleanster-app\/\" \/>\n<meta property=\"og:locale\" content=\"de_DE\" \/>\n<meta property=\"og:type\" content=\"article\" \/>\n<meta property=\"og:title\" content=\"Why Do You Need Cleanster? - Cleanster | Cleaning &amp; Maid Services Near You\" \/>\n<meta property=\"og:description\" content=\"Not everyone has the time to spend on cleaning, getting the dust off the floor or furniture. Cleanster.com App is the best cleaning app solution.\" \/>\n<meta property=\"og:url\" content=\"https:\/\/cleanster.com\/de\/warum-brauchen-sie-eine-cleanster-app\/\" \/>\n<meta property=\"og:site_name\" content=\"Cleanster | Cleaning &amp; Maid Services Near You\" \/>\n<meta property=\"article:publisher\" content=\"https:\/\/www.facebook.com\/cleansterhq\" \/>\n<meta property=\"article:modified_time\" content=\"2023-10-31T09:06:14+00:00\" \/>\n<meta property=\"og:image\" content=\"https:\/\/cleanster.com\/wp-content\/uploads\/2023\/10\/1.png\" \/>\n\t<meta property=\"og:image:width\" content=\"1440\" \/>\n\t<meta property=\"og:image:height\" content=\"700\" \/>\n\t<meta property=\"og:image:type\" content=\"image\/png\" \/>\n<meta name=\"twitter:card\" content=\"summary_large_image\" \/>\n<meta name=\"twitter:site\" content=\"@cleansterhq\" \/>\n<meta name=\"twitter:label1\" content=\"Gesch\u00e4tzte Lesezeit\" \/>\n\t<meta name=\"twitter:data1\" content=\"2\u00a0Minuten\" \/>\n<script type=\"application\/ld+json\" class=\"yoast-schema-graph\">{\"@context\":\"https:\\\/\\\/schema.org\",\"@graph\":[{\"@type\":\"WebPage\",\"@id\":\"https:\\\/\\\/cleanster.com\\\/why-do-you-need-cleanster-app\\\/\",\"url\":\"https:\\\/\\\/cleanster.com\\\/why-do-you-need-cleanster-app\\\/\",\"name\":\"Why Do You Need Cleanster? -\",\"isPartOf\":{\"@id\":\"https:\\\/\\\/cleanster.com\\\/#website\"},\"primaryImageOfPage\":{\"@id\":\"https:\\\/\\\/cleanster.com\\\/why-do-you-need-cleanster-app\\\/#primaryimage\"},\"image\":{\"@id\":\"https:\\\/\\\/cleanster.com\\\/why-do-you-need-cleanster-app\\\/#primaryimage\"},\"thumbnailUrl\":\"https:\\\/\\\/cleanster.com\\\/wp-content\\\/uploads\\\/2023\\\/10\\\/1.png\",\"datePublished\":\"2022-01-24T15:53:01+00:00\",\"dateModified\":\"2023-10-31T09:06:14+00:00\",\"description\":\"Not everyone has the time to spend on cleaning, getting the dust off the floor or furniture. Cleanster.com App is the best cleaning app solution.\",\"inLanguage\":\"de\",\"potentialAction\":[{\"@type\":\"ReadAction\",\"target\":[\"https:\\\/\\\/cleanster.com\\\/why-do-you-need-cleanster-app\\\/\"]}]},{\"@type\":\"ImageObject\",\"inLanguage\":\"de\",\"@id\":\"https:\\\/\\\/cleanster.com\\\/why-do-you-need-cleanster-app\\\/#primaryimage\",\"url\":\"https:\\\/\\\/cleanster.com\\\/wp-content\\\/uploads\\\/2023\\\/10\\\/1.png\",\"contentUrl\":\"https:\\\/\\\/cleanster.com\\\/wp-content\\\/uploads\\\/2023\\\/10\\\/1.png\",\"width\":1440,\"height\":700},{\"@type\":\"WebSite\",\"@id\":\"https:\\\/\\\/cleanster.com\\\/#website\",\"url\":\"https:\\\/\\\/cleanster.com\\\/\",\"name\":\"Cleanster | Cleaning & Maid Services Near You\",\"description\":\"Instantly find &amp; book trusted cleaners for homes, apartment, Airbnb, and offices. Cleanster offers affordable maid, housekeeping, and commercial cleaning services near you.\",\"publisher\":{\"@id\":\"https:\\\/\\\/cleanster.com\\\/#organization\"},\"alternateName\":\"Cleanster | Cleaning, Maid & Housekeeping Services for Everyone\",\"potentialAction\":[{\"@type\":\"SearchAction\",\"target\":{\"@type\":\"EntryPoint\",\"urlTemplate\":\"https:\\\/\\\/cleanster.com\\\/?s={search_term_string}\"},\"query-input\":{\"@type\":\"PropertyValueSpecification\",\"valueRequired\":true,\"valueName\":\"search_term_string\"}}],\"inLanguage\":\"de\"},{\"@type\":\"Organization\",\"@id\":\"https:\\\/\\\/cleanster.com\\\/#organization\",\"name\":\"Cleanster\",\"alternateName\":\"Cleanster.com\",\"url\":\"https:\\\/\\\/cleanster.com\\\/\",\"logo\":{\"@type\":\"ImageObject\",\"inLanguage\":\"de\",\"@id\":\"https:\\\/\\\/cleanster.com\\\/#\\\/schema\\\/logo\\\/image\\\/\",\"url\":\"https:\\\/\\\/cleanster.com\\\/wp-content\\\/uploads\\\/2025\\\/06\\\/Cleanster-Logo-1.svg\",\"contentUrl\":\"https:\\\/\\\/cleanster.com\\\/wp-content\\\/uploads\\\/2025\\\/06\\\/Cleanster-Logo-1.svg\",\"width\":1,\"height\":1,\"caption\":\"Cleanster\"},\"image\":{\"@id\":\"https:\\\/\\\/cleanster.com\\\/#\\\/schema\\\/logo\\\/image\\\/\"},\"sameAs\":[\"https:\\\/\\\/www.facebook.com\\\/cleansterhq\",\"https:\\\/\\\/x.com\\\/cleansterhq\",\"https:\\\/\\\/www.linkedin.com\\\/company\\\/cleansterhq\",\"https:\\\/\\\/www.instagram.com\\\/cleansterhq\",\"https:\\\/\\\/vm.tiktok.com\\\/ZM8vHmcuo\\\/\",\"https:\\\/\\\/www.clubhouse.com\\\/club\\\/cleanstercom\"],\"description\":\"Cleanster is an AI-powered cleaning services platform that connects Airbnb hosts, property managers, and commercial clients with vetted, on-demand cleaners. We offer apartment, house, Airbnb, commercial, and janitorial cleaning services. With a network of over 100,000 professionals across the US, Canada, and the UK, Cleanster delivers fast, reliable, and tech-enabled cleaning at scale.\",\"email\":\"support@cleanster.com\",\"telephone\":\"+1 (888) 788-2445\",\"legalName\":\"Cleanster, Inc.\",\"foundingDate\":\"2019-05-06\",\"duns\":\"118328526\",\"naics\":\"541511\",\"numberOfEmployees\":{\"@type\":\"QuantitativeValue\",\"minValue\":\"11\",\"maxValue\":\"50\"}}]}<\/script>\n<!-- \/ Yoast SEO Premium plugin. -->","yoast_head_json":{"title":"Warum brauchen Sie Cleanster? -","description":"Nicht jeder hat die Zeit, sich um die Reinigung zu k\u00fcmmern und den Staub vom Boden oder den M\u00f6beln zu entfernen. Die Cleanster.com App ist die beste Reinigungs-App-L\u00f6sung.","robots":{"index":"index","follow":"follow","max-snippet":"max-snippet:-1","max-image-preview":"max-image-preview:large","max-video-preview":"max-video-preview:-1"},"canonical":"https:\/\/cleanster.com\/de\/warum-brauchen-sie-eine-cleanster-app\/","og_locale":"de_DE","og_type":"article","og_title":"Why Do You Need Cleanster? - Cleanster | Cleaning &amp; Maid Services Near You","og_description":"Not everyone has the time to spend on cleaning, getting the dust off the floor or furniture. Cleanster.com App is the best cleaning app solution.","og_url":"https:\/\/cleanster.com\/de\/warum-brauchen-sie-eine-cleanster-app\/","og_site_name":"Cleanster | Cleaning &amp; Maid Services Near You","article_publisher":"https:\/\/www.facebook.com\/cleansterhq","article_modified_time":"2023-10-31T09:06:14+00:00","og_image":[{"width":1440,"height":700,"url":"https:\/\/cleanster.com\/wp-content\/uploads\/2023\/10\/1.png","type":"image\/png"}],"twitter_card":"summary_large_image","twitter_site":"@cleansterhq","twitter_misc":{"Gesch\u00e4tzte Lesezeit":"2\u00a0Minuten"},"schema":{"@context":"https:\/\/schema.org","@graph":[{"@type":"WebPage","@id":"https:\/\/cleanster.com\/why-do-you-need-cleanster-app\/","url":"https:\/\/cleanster.com\/why-do-you-need-cleanster-app\/","name":"Warum brauchen Sie Cleanster? -","isPartOf":{"@id":"https:\/\/cleanster.com\/#website"},"primaryImageOfPage":{"@id":"https:\/\/cleanster.com\/why-do-you-need-cleanster-app\/#primaryimage"},"image":{"@id":"https:\/\/cleanster.com\/why-do-you-need-cleanster-app\/#primaryimage"},"thumbnailUrl":"https:\/\/cleanster.com\/wp-content\/uploads\/2023\/10\/1.png","datePublished":"2022-01-24T15:53:01+00:00","dateModified":"2023-10-31T09:06:14+00:00","description":"Nicht jeder hat die Zeit, sich um die Reinigung zu k\u00fcmmern und den Staub vom Boden oder den M\u00f6beln zu entfernen. Die Cleanster.com App ist die beste Reinigungs-App-L\u00f6sung.","inLanguage":"de","potentialAction":[{"@type":"ReadAction","target":["https:\/\/cleanster.com\/why-do-you-need-cleanster-app\/"]}]},{"@type":"ImageObject","inLanguage":"de","@id":"https:\/\/cleanster.com\/why-do-you-need-cleanster-app\/#primaryimage","url":"https:\/\/cleanster.com\/wp-content\/uploads\/2023\/10\/1.png","contentUrl":"https:\/\/cleanster.com\/wp-content\/uploads\/2023\/10\/1.png","width":1440,"height":700},{"@type":"WebSite","@id":"https:\/\/cleanster.com\/#website","url":"https:\/\/cleanster.com\/","name":"Cleanster | Reinigungs- und Haushaltshilfen in Ihrer N\u00e4he","description":"Finden und buchen Sie sofort zuverl\u00e4ssige Reinigungskr\u00e4fte f\u00fcr H\u00e4user, Wohnungen, Airbnbs und B\u00fcros. Cleanster bietet g\u00fcnstige Reinigungsdienste in Ihrer N\u00e4he.","publisher":{"@id":"https:\/\/cleanster.com\/#organization"},"alternateName":"Cleanster | Cleaning, Maid & Housekeeping Services for Everyone","potentialAction":[{"@type":"SearchAction","target":{"@type":"EntryPoint","urlTemplate":"https:\/\/cleanster.com\/?s={search_term_string}"},"query-input":{"@type":"PropertyValueSpecification","valueRequired":true,"valueName":"search_term_string"}}],"inLanguage":"de"},{"@type":"Organization","@id":"https:\/\/cleanster.com\/#organization","name":"Saubermann","alternateName":"Cleanster.com","url":"https:\/\/cleanster.com\/","logo":{"@type":"ImageObject","inLanguage":"de","@id":"https:\/\/cleanster.com\/#\/schema\/logo\/image\/","url":"https:\/\/cleanster.com\/wp-content\/uploads\/2025\/06\/Cleanster-Logo-1.svg","contentUrl":"https:\/\/cleanster.com\/wp-content\/uploads\/2025\/06\/Cleanster-Logo-1.svg","width":1,"height":1,"caption":"Cleanster"},"image":{"@id":"https:\/\/cleanster.com\/#\/schema\/logo\/image\/"},"sameAs":["https:\/\/www.facebook.com\/cleansterhq","https:\/\/x.com\/cleansterhq","https:\/\/www.linkedin.com\/company\/cleansterhq","https:\/\/www.instagram.com\/cleansterhq","https:\/\/vm.tiktok.com\/ZM8vHmcuo\/","https:\/\/www.clubhouse.com\/club\/cleanstercom"],"description":"Cleanster ist eine KI-gest\u00fctzte Reinigungsplattform, die Airbnb-Gastgeber, Hausverwalter und gewerbliche Kunden mit gepr\u00fcften Reinigungskr\u00e4ften auf Abruf verbindet. Wir bieten Reinigungsdienste f\u00fcr Wohnungen, H\u00e4user, Airbnb-Unterk\u00fcnfte, Gewerbeimmobilien und Hausmeisterdienste an. Mit einem Netzwerk von \u00fcber 100.000 Fachkr\u00e4ften in den USA, Kanada und Gro\u00dfbritannien bietet Cleanster schnelle, zuverl\u00e4ssige und technisch unterst\u00fctzte Reinigung in gro\u00dfem Umfang.","email":"support@cleanster.com","telephone":"+1 (888) 788-2445","legalName":"Cleanster, Inc.","foundingDate":"2019-05-06","duns":"118328526","naics":"541511","numberOfEmployees":{"@type":"QuantitativeValue","minValue":"11","maxValue":"50"}}]}},"_links":{"self":[{"href":"https:\/\/cleanster.com\/de\/wp-json\/wp\/v2\/pages\/4322","targetHints":{"allow":["GET"]}}],"collection":[{"href":"https:\/\/cleanster.com\/de\/wp-json\/wp\/v2\/pages"}],"about":[{"href":"https:\/\/cleanster.com\/de\/wp-json\/wp\/v2\/types\/page"}],"author":[{"embeddable":true,"href":"https:\/\/cleanster.com\/de\/wp-json\/wp\/v2\/users\/1"}],"replies":[{"embeddable":true,"href":"https:\/\/cleanster.com\/de\/wp-json\/wp\/v2\/comments?post=4322"}],"version-history":[{"count":0,"href":"https:\/\/cleanster.com\/de\/wp-json\/wp\/v2\/pages\/4322\/revisions"}],"wp:featuredmedia":[{"embeddable":true,"href":"https:\/\/cleanster.com\/de\/wp-json\/wp\/v2\/media\/16248"}],"wp:attachment":[{"href":"https:\/\/cleanster.com\/de\/wp-json\/wp\/v2\/media?parent=4322"}],"curies":[{"name":"wp","href":"https:\/\/api.w.org\/{rel}","templated":true}]}}