{"id":4515,"date":"2022-01-24T18:36:08","date_gmt":"2022-01-24T18:36:08","guid":{"rendered":"https:\/\/cleanster.com\/?page_id=4515"},"modified":"2024-01-09T08:02:09","modified_gmt":"2024-01-09T08:02:09","slug":"was-ist-eine-cleanster-app","status":"publish","type":"page","link":"https:\/\/cleanster.com\/de\/was-ist-eine-cleanster-app\/","title":{"rendered":"Was ist Cleanster?"},"content":{"rendered":"<h2><span style=\"font-weight: 400; color: #ffffff;\">Was ist der Cleanster<span style=\"font-weight: 400;\">.com<\/span>?<\/span><\/h2>\n<p><span style=\"font-weight: 400; color: #ffffff;\">Der <a style=\"color: #ffffff;\" href=\"https:\/\/cleanster.com\/how-to-download-tidy-app\/\">Saubermann<span style=\"font-weight: 400;\">.com<\/span><\/a> ist ein Mittelweg zwischen professionellen Reinigungsdiensten und Menschen, die ihre Wohnung reinigen lassen m\u00f6chten. Wir bringen gepr\u00fcfte und freundliche Reinigungskr\u00e4fte mit vielbesch\u00e4ftigten Menschen oder Vermietern zusammen, die eine gr\u00fcndliche Reinigung ben\u00f6tigen. Da Sie den ganzen Tag mit Ihrer Arbeit besch\u00e4ftigt sind, bleibt Ihnen wenig Zeit f\u00fcr die Reinigung. Au\u00dferdem ist es nicht einfach, eine Wohnung gr\u00fcndlich zu reinigen. Also keine Sorge, die App ist da. Ein professioneller Reinigungsdienst klopft mit einem einfachen Klick an Ihre T\u00fcr, bevor Sie es merken. Das Verfahren ist wie bei Uber, Sie kennen es bereits.\u00a0<\/span><\/p>\n<p><span style=\"font-weight: 400; color: #ffffff;\">Verwendung des Cleansters<span style=\"font-weight: 400;\">.com<\/span>, Sie k\u00f6nnen sicher einen professionellen Reinigungsdienst buchen, um Ihr Eigentum wie Ihr Zuhause, B\u00fcro oder Airbnb sehr schnell und gr\u00fcndlich zu reinigen.<\/span><\/p>\n<p><span style=\"font-weight: 400; color: #ffffff;\">Der Service des Cleansters<span style=\"font-weight: 400;\">.com<\/span> ist derzeit in den USA, Gro\u00dfbritannien und Kanada verf\u00fcgbar. Wenn Sie also in einem dieser fantastischen L\u00e4nder leben, k\u00f6nnen Sie den Service der App ganz einfach nutzen. Auf der Suche nach einer professionellen oder gr\u00fcndlichen Reinigung, die <a style=\"color: #ffffff;\" href=\"https:\/\/play.google.com\/store\/apps\/details?id=com.tidyapp&amp;hl=en_US&amp;gl=US\">Saubermann<span style=\"font-weight: 400;\">.com<\/span><\/a> ist f\u00fcr Sie da.\u00a0<\/span><\/p>\n<p><span style=\"font-weight: 400; color: #ffffff;\">Der Cleanster<span style=\"font-weight: 400;\">.com<\/span> ist schnell und sicher. Sobald Sie eine Reinigungskraft buchen, wird diese so schnell wie m\u00f6glich an Ihrer angegebenen Adresse sein. Sollten Sie sich um Ihre Sicherheit sorgen, garantieren wir Ihnen, dass Sie und Ihr Eigentum absolut sicher sind. Bei der Registrierung der Reinigungskr\u00e4fte f\u00fchren wir eine gr\u00fcndliche Hintergrundpr\u00fcfung der Mitarbeiter durch und stellen sicher, dass sie sauber sind.\u00a0<\/span><\/p>\n<p><span style=\"font-weight: 400; color: #ffffff;\">Schlie\u00dflich fragen Sie sich vielleicht, wie Sie den Cleanster bekommen k\u00f6nnen<span style=\"font-weight: 400;\">.com<\/span> auf Ihrem Ger\u00e4t. Die Antwort ist hier f\u00fcr Sie. Um den Cleanster zu erhalten<span style=\"font-weight: 400;\">.com<\/span> Suchen Sie auf Ihrem Android-Ger\u00e4t im Google Play Store nach der App und installieren Sie sie. Oder suchen Sie f\u00fcr Ihr iOS-Ger\u00e4t einfach im App Store nach der App \u2013 und voil\u00e0! Sie haben den Cleanster<span style=\"font-weight: 400;\">.com<\/span> auf Ihrem Ger\u00e4t. Lehnen Sie sich jetzt zur\u00fcck und genie\u00dfen Sie den Service.<\/span><\/p>","protected":false},"excerpt":{"rendered":"<p>What is the Cleanster.com? The Cleanster.com is what you consider a medium, a medium between professional cleaning services and people who need their place cleaned. We connect verified and friendly cleaners with really busy people\u00a0 or landlords who need their places cleaned or deep\u00a0 cleaned. As you are super busy with your work the whole [&hellip;]<\/p>\n","protected":false},"author":1,"featured_media":16809,"parent":0,"menu_order":0,"comment_status":"closed","ping_status":"closed","template":"templates\/what-is-cleanster.php","meta":{"_acf_changed":false,"footnotes":""},"class_list":["post-4515","page","type-page","status-publish","has-post-thumbnail","hentry","entry"],"acf":[],"yoast_head":"<!-- This site is optimized with the Yoast SEO Premium plugin v26.5 (Yoast SEO v27.4) - https:\/\/yoast.com\/product\/yoast-seo-premium-wordpress\/ -->\n<title>What is Cleanster.com App?<\/title>\n<meta name=\"description\" content=\"The Cleanster.com is what you consider a medium between professional cleaning services and people who need their place cleaned.\" \/>\n<meta name=\"robots\" content=\"index, follow, max-snippet:-1, max-image-preview:large, max-video-preview:-1\" \/>\n<link rel=\"canonical\" href=\"https:\/\/cleanster.com\/de\/was-ist-eine-cleanster-app\/\" \/>\n<meta property=\"og:locale\" content=\"de_DE\" \/>\n<meta property=\"og:type\" content=\"article\" \/>\n<meta property=\"og:title\" content=\"What is Cleanster? - Cleanster | Cleaning &amp; Maid Services Near You\" \/>\n<meta property=\"og:description\" content=\"The Cleanster.com is what you consider a medium between professional cleaning services and people who need their place cleaned.\" \/>\n<meta property=\"og:url\" content=\"https:\/\/cleanster.com\/de\/was-ist-eine-cleanster-app\/\" \/>\n<meta property=\"og:site_name\" content=\"Cleanster | Cleaning &amp; Maid Services Near You\" \/>\n<meta property=\"article:publisher\" content=\"https:\/\/www.facebook.com\/cleansterhq\" \/>\n<meta property=\"article:modified_time\" content=\"2024-01-09T08:02:09+00:00\" \/>\n<meta property=\"og:image\" content=\"https:\/\/cleanster.com\/wp-content\/uploads\/2023\/11\/2.png\" \/>\n\t<meta property=\"og:image:width\" content=\"1440\" \/>\n\t<meta property=\"og:image:height\" content=\"700\" \/>\n\t<meta property=\"og:image:type\" content=\"image\/png\" \/>\n<meta name=\"twitter:card\" content=\"summary_large_image\" \/>\n<meta name=\"twitter:site\" content=\"@cleansterhq\" \/>\n<meta name=\"twitter:label1\" content=\"Gesch\u00e4tzte Lesezeit\" \/>\n\t<meta name=\"twitter:data1\" content=\"2\u00a0Minuten\" \/>\n<script type=\"application\/ld+json\" class=\"yoast-schema-graph\">{\"@context\":\"https:\\\/\\\/schema.org\",\"@graph\":[{\"@type\":\"WebPage\",\"@id\":\"https:\\\/\\\/cleanster.com\\\/what-is-cleanster-app\\\/\",\"url\":\"https:\\\/\\\/cleanster.com\\\/what-is-cleanster-app\\\/\",\"name\":\"What is Cleanster.com App?\",\"isPartOf\":{\"@id\":\"https:\\\/\\\/cleanster.com\\\/#website\"},\"primaryImageOfPage\":{\"@id\":\"https:\\\/\\\/cleanster.com\\\/what-is-cleanster-app\\\/#primaryimage\"},\"image\":{\"@id\":\"https:\\\/\\\/cleanster.com\\\/what-is-cleanster-app\\\/#primaryimage\"},\"thumbnailUrl\":\"https:\\\/\\\/cleanster.com\\\/wp-content\\\/uploads\\\/2023\\\/11\\\/2.png\",\"datePublished\":\"2022-01-24T18:36:08+00:00\",\"dateModified\":\"2024-01-09T08:02:09+00:00\",\"description\":\"The Cleanster.com is what you consider a medium between professional cleaning services and people who need their place cleaned.\",\"inLanguage\":\"de\",\"potentialAction\":[{\"@type\":\"ReadAction\",\"target\":[\"https:\\\/\\\/cleanster.com\\\/what-is-cleanster-app\\\/\"]}]},{\"@type\":\"ImageObject\",\"inLanguage\":\"de\",\"@id\":\"https:\\\/\\\/cleanster.com\\\/what-is-cleanster-app\\\/#primaryimage\",\"url\":\"https:\\\/\\\/cleanster.com\\\/wp-content\\\/uploads\\\/2023\\\/11\\\/2.png\",\"contentUrl\":\"https:\\\/\\\/cleanster.com\\\/wp-content\\\/uploads\\\/2023\\\/11\\\/2.png\",\"width\":1440,\"height\":700},{\"@type\":\"WebSite\",\"@id\":\"https:\\\/\\\/cleanster.com\\\/#website\",\"url\":\"https:\\\/\\\/cleanster.com\\\/\",\"name\":\"Cleanster | Cleaning & Maid Services Near You\",\"description\":\"Instantly find &amp; book trusted cleaners for homes, apartment, Airbnb, and offices. Cleanster offers affordable maid, housekeeping, and commercial cleaning services near you.\",\"publisher\":{\"@id\":\"https:\\\/\\\/cleanster.com\\\/#organization\"},\"alternateName\":\"Cleanster | Cleaning, Maid & Housekeeping Services for Everyone\",\"potentialAction\":[{\"@type\":\"SearchAction\",\"target\":{\"@type\":\"EntryPoint\",\"urlTemplate\":\"https:\\\/\\\/cleanster.com\\\/?s={search_term_string}\"},\"query-input\":{\"@type\":\"PropertyValueSpecification\",\"valueRequired\":true,\"valueName\":\"search_term_string\"}}],\"inLanguage\":\"de\"},{\"@type\":\"Organization\",\"@id\":\"https:\\\/\\\/cleanster.com\\\/#organization\",\"name\":\"Cleanster\",\"alternateName\":\"Cleanster.com\",\"url\":\"https:\\\/\\\/cleanster.com\\\/\",\"logo\":{\"@type\":\"ImageObject\",\"inLanguage\":\"de\",\"@id\":\"https:\\\/\\\/cleanster.com\\\/#\\\/schema\\\/logo\\\/image\\\/\",\"url\":\"https:\\\/\\\/cleanster.com\\\/wp-content\\\/uploads\\\/2025\\\/06\\\/Cleanster-Logo-1.svg\",\"contentUrl\":\"https:\\\/\\\/cleanster.com\\\/wp-content\\\/uploads\\\/2025\\\/06\\\/Cleanster-Logo-1.svg\",\"width\":1,\"height\":1,\"caption\":\"Cleanster\"},\"image\":{\"@id\":\"https:\\\/\\\/cleanster.com\\\/#\\\/schema\\\/logo\\\/image\\\/\"},\"sameAs\":[\"https:\\\/\\\/www.facebook.com\\\/cleansterhq\",\"https:\\\/\\\/x.com\\\/cleansterhq\",\"https:\\\/\\\/www.linkedin.com\\\/company\\\/cleansterhq\",\"https:\\\/\\\/www.instagram.com\\\/cleansterhq\",\"https:\\\/\\\/vm.tiktok.com\\\/ZM8vHmcuo\\\/\",\"https:\\\/\\\/www.clubhouse.com\\\/club\\\/cleanstercom\"],\"description\":\"Cleanster is an AI-powered cleaning services platform that connects Airbnb hosts, property managers, and commercial clients with vetted, on-demand cleaners. We offer apartment, house, Airbnb, commercial, and janitorial cleaning services. With a network of over 100,000 professionals across the US, Canada, and the UK, Cleanster delivers fast, reliable, and tech-enabled cleaning at scale.\",\"email\":\"support@cleanster.com\",\"telephone\":\"+1 (888) 788-2445\",\"legalName\":\"Cleanster, Inc.\",\"foundingDate\":\"2019-05-06\",\"duns\":\"118328526\",\"naics\":\"541511\",\"numberOfEmployees\":{\"@type\":\"QuantitativeValue\",\"minValue\":\"11\",\"maxValue\":\"50\"}}]}<\/script>\n<!-- \/ Yoast SEO Premium plugin. -->","yoast_head_json":{"title":"Was ist die Cleanster.com-App?","description":"Cleanster.com ist Ihrer Meinung nach ein Vermittler zwischen professionellen Reinigungsdiensten und Menschen, die eine Reinigung ihrer Wohnung ben\u00f6tigen.","robots":{"index":"index","follow":"follow","max-snippet":"max-snippet:-1","max-image-preview":"max-image-preview:large","max-video-preview":"max-video-preview:-1"},"canonical":"https:\/\/cleanster.com\/de\/was-ist-eine-cleanster-app\/","og_locale":"de_DE","og_type":"article","og_title":"What is Cleanster? - Cleanster | Cleaning &amp; Maid Services Near You","og_description":"The Cleanster.com is what you consider a medium between professional cleaning services and people who need their place cleaned.","og_url":"https:\/\/cleanster.com\/de\/was-ist-eine-cleanster-app\/","og_site_name":"Cleanster | Cleaning &amp; Maid Services Near You","article_publisher":"https:\/\/www.facebook.com\/cleansterhq","article_modified_time":"2024-01-09T08:02:09+00:00","og_image":[{"width":1440,"height":700,"url":"https:\/\/cleanster.com\/wp-content\/uploads\/2023\/11\/2.png","type":"image\/png"}],"twitter_card":"summary_large_image","twitter_site":"@cleansterhq","twitter_misc":{"Gesch\u00e4tzte Lesezeit":"2\u00a0Minuten"},"schema":{"@context":"https:\/\/schema.org","@graph":[{"@type":"WebPage","@id":"https:\/\/cleanster.com\/what-is-cleanster-app\/","url":"https:\/\/cleanster.com\/what-is-cleanster-app\/","name":"Was ist die Cleanster.com-App?","isPartOf":{"@id":"https:\/\/cleanster.com\/#website"},"primaryImageOfPage":{"@id":"https:\/\/cleanster.com\/what-is-cleanster-app\/#primaryimage"},"image":{"@id":"https:\/\/cleanster.com\/what-is-cleanster-app\/#primaryimage"},"thumbnailUrl":"https:\/\/cleanster.com\/wp-content\/uploads\/2023\/11\/2.png","datePublished":"2022-01-24T18:36:08+00:00","dateModified":"2024-01-09T08:02:09+00:00","description":"Cleanster.com ist Ihrer Meinung nach ein Vermittler zwischen professionellen Reinigungsdiensten und Menschen, die eine Reinigung ihrer Wohnung ben\u00f6tigen.","inLanguage":"de","potentialAction":[{"@type":"ReadAction","target":["https:\/\/cleanster.com\/what-is-cleanster-app\/"]}]},{"@type":"ImageObject","inLanguage":"de","@id":"https:\/\/cleanster.com\/what-is-cleanster-app\/#primaryimage","url":"https:\/\/cleanster.com\/wp-content\/uploads\/2023\/11\/2.png","contentUrl":"https:\/\/cleanster.com\/wp-content\/uploads\/2023\/11\/2.png","width":1440,"height":700},{"@type":"WebSite","@id":"https:\/\/cleanster.com\/#website","url":"https:\/\/cleanster.com\/","name":"Cleanster | Reinigungs- und Haushaltshilfen in Ihrer N\u00e4he","description":"Finden und buchen Sie sofort zuverl\u00e4ssige Reinigungskr\u00e4fte f\u00fcr H\u00e4user, Wohnungen, Airbnbs und B\u00fcros. Cleanster bietet g\u00fcnstige Reinigungsdienste in Ihrer N\u00e4he.","publisher":{"@id":"https:\/\/cleanster.com\/#organization"},"alternateName":"Cleanster | Cleaning, Maid & Housekeeping Services for Everyone","potentialAction":[{"@type":"SearchAction","target":{"@type":"EntryPoint","urlTemplate":"https:\/\/cleanster.com\/?s={search_term_string}"},"query-input":{"@type":"PropertyValueSpecification","valueRequired":true,"valueName":"search_term_string"}}],"inLanguage":"de"},{"@type":"Organization","@id":"https:\/\/cleanster.com\/#organization","name":"Saubermann","alternateName":"Cleanster.com","url":"https:\/\/cleanster.com\/","logo":{"@type":"ImageObject","inLanguage":"de","@id":"https:\/\/cleanster.com\/#\/schema\/logo\/image\/","url":"https:\/\/cleanster.com\/wp-content\/uploads\/2025\/06\/Cleanster-Logo-1.svg","contentUrl":"https:\/\/cleanster.com\/wp-content\/uploads\/2025\/06\/Cleanster-Logo-1.svg","width":1,"height":1,"caption":"Cleanster"},"image":{"@id":"https:\/\/cleanster.com\/#\/schema\/logo\/image\/"},"sameAs":["https:\/\/www.facebook.com\/cleansterhq","https:\/\/x.com\/cleansterhq","https:\/\/www.linkedin.com\/company\/cleansterhq","https:\/\/www.instagram.com\/cleansterhq","https:\/\/vm.tiktok.com\/ZM8vHmcuo\/","https:\/\/www.clubhouse.com\/club\/cleanstercom"],"description":"Cleanster ist eine KI-gest\u00fctzte Reinigungsplattform, die Airbnb-Gastgeber, Hausverwalter und gewerbliche Kunden mit gepr\u00fcften Reinigungskr\u00e4ften auf Abruf verbindet. Wir bieten Reinigungsdienste f\u00fcr Wohnungen, H\u00e4user, Airbnb-Unterk\u00fcnfte, Gewerbeimmobilien und Hausmeisterdienste an. Mit einem Netzwerk von \u00fcber 100.000 Fachkr\u00e4ften in den USA, Kanada und Gro\u00dfbritannien bietet Cleanster schnelle, zuverl\u00e4ssige und technisch unterst\u00fctzte Reinigung in gro\u00dfem Umfang.","email":"support@cleanster.com","telephone":"+1 (888) 788-2445","legalName":"Cleanster, Inc.","foundingDate":"2019-05-06","duns":"118328526","naics":"541511","numberOfEmployees":{"@type":"QuantitativeValue","minValue":"11","maxValue":"50"}}]}},"_links":{"self":[{"href":"https:\/\/cleanster.com\/de\/wp-json\/wp\/v2\/pages\/4515","targetHints":{"allow":["GET"]}}],"collection":[{"href":"https:\/\/cleanster.com\/de\/wp-json\/wp\/v2\/pages"}],"about":[{"href":"https:\/\/cleanster.com\/de\/wp-json\/wp\/v2\/types\/page"}],"author":[{"embeddable":true,"href":"https:\/\/cleanster.com\/de\/wp-json\/wp\/v2\/users\/1"}],"replies":[{"embeddable":true,"href":"https:\/\/cleanster.com\/de\/wp-json\/wp\/v2\/comments?post=4515"}],"version-history":[{"count":0,"href":"https:\/\/cleanster.com\/de\/wp-json\/wp\/v2\/pages\/4515\/revisions"}],"wp:featuredmedia":[{"embeddable":true,"href":"https:\/\/cleanster.com\/de\/wp-json\/wp\/v2\/media\/16809"}],"wp:attachment":[{"href":"https:\/\/cleanster.com\/de\/wp-json\/wp\/v2\/media?parent=4515"}],"curies":[{"name":"wp","href":"https:\/\/api.w.org\/{rel}","templated":true}]}}