{"id":5681,"date":"2022-10-18T07:14:46","date_gmt":"2022-10-18T07:14:46","guid":{"rendered":"https:\/\/cleanster.com\/?page_id=5681"},"modified":"2025-10-09T19:53:39","modified_gmt":"2025-10-09T19:53:39","slug":"uber-uns","status":"publish","type":"page","link":"https:\/\/cleanster.com\/de\/uber-uns\/","title":{"rendered":"\u00dcber uns"},"content":{"rendered":"<p><span style=\"color: #ffffff;\">Willkommen bei Cleanster.com, wo Reinigungsdienste auf Innovation treffen, <a style=\"color: #ffffff;\" href=\"https:\/\/www.investopedia.com\/terms\/e\/entrepreneur.asp\">Unternehmertum<\/a>und ethische Praktiken. Unsere Plattform, die als App auf allen Ger\u00e4ten verf\u00fcgbar ist, ist nicht nur ein Dienstleister; sie ist eine transformative Kraft in der Reinigungsbranche. Entdecken Sie Cleanster.com<\/span><\/p>\n<h2><span style=\"color: #ffffff;\"><strong>Mission und ethische Grundlagen<\/strong><\/span><\/h2>\n<p><span style=\"color: #ffffff;\">Im Mittelpunkt von Cleanster.com steht eine Mission, die unser gesamtes Handeln bestimmt. Wir m\u00f6chten jedem einen bequemen Zugang zu Reinigungsdiensten erm\u00f6glichen, aber wir gehen noch weiter. Unser Engagement f\u00fcr ethische Praktiken stellt sicher, dass Servicefachkr\u00e4fte echte Arbeitsm\u00f6glichkeiten erhalten und sich selbstst\u00e4ndig machen k\u00f6nnen. Dabei geht es nicht nur ums Putzen; es geht darum, eine Plattform zu schaffen, die einen existenzsichernden Lohn zahlt und Stolz und Eigenverantwortung f\u00fcr die Arbeit unserer Fachkr\u00e4fte f\u00f6rdert.<\/span><\/p>\n<h2><span style=\"color: #ffffff;\"><strong>Benutzerfreundliche Plattform f\u00fcr alle Ger\u00e4te<\/strong><\/span><\/h2>\n<p><span style=\"color: #ffffff;\">Cleanster.com wei\u00df, wie wichtig Komfort in der heutigen schnelllebigen Welt ist. Deshalb ist unsere Plattform als App f\u00fcr alle Ger\u00e4te verf\u00fcgbar. Egal, ob Sie Smartphone, Tablet oder Computer nutzen \u2013 der Zugriff auf unsere Dienste und die Verwaltung Ihrer Reinigungsbed\u00fcrfnisse ist nur einen Fingertipp entfernt. Wir legen Wert auf ein nahtloses Benutzererlebnis, damit unsere Kunden Reinigungsdienste m\u00fchelos planen, verwalten und bezahlen k\u00f6nnen.<\/span><\/p>\n<h2><span style=\"color: #ffffff;\"><strong>St\u00e4rkung der Service-Profis<\/strong><\/span><\/h2>\n<p><span style=\"color: #ffffff;\">Reinigungskr\u00e4fte, die Cleanster.com nutzen, sind nicht nur Arbeiter, sondern angehende Unternehmer. Wir bieten ihnen eine Plattform mit echten Arbeitsm\u00f6glichkeiten, fairer Verg\u00fctung und der Flexibilit\u00e4t, Auftr\u00e4ge zu w\u00e4hlen, die zu ihrem Zeitplan passen. Unser Engagement f\u00fcr kontinuierliche Weiterbildung stellt sicher, dass unsere Reinigungskr\u00e4fte der Branche immer einen Schritt voraus sind und unseren Kunden erstklassige Dienstleistungen bieten.<\/span><\/p>\n<h2><span style=\"color: #ffffff;\"><strong>Ma\u00dfgeschneiderte Reinigungsl\u00f6sungen<\/strong><\/span><\/h2>\n<p><span style=\"color: #ffffff;\">Cleanster.com wei\u00df, dass jeder Reinigungsbedarf einzigartig ist. Ob Wohnimmobilien, Gewerbefl\u00e4chen oder spezialisierte Reinigungsdienste \u2013 unsere Plattform bietet ma\u00dfgeschneiderte L\u00f6sungen. Von der einmaligen Grundreinigung bis zur regelm\u00e4\u00dfigen Wartung. <a style=\"color: #ffffff;\" href=\"https:\/\/cleanster.com\/\">Cleanster.com<\/a> passt sich den vielf\u00e4ltigen Anforderungen unserer vielf\u00e4ltigen Kundschaft an.<\/span><\/p>\n<h2><span style=\"color: #ffffff;\"><strong>Transparenz und Rechenschaftspflicht<\/strong><\/span><\/h2>\n<p><span style=\"color: #ffffff;\">Transparenz ist ein Grundpfeiler von Cleanster.com. Wir setzen auf offene Kommunikation und fairen Umgang. Unsere Plattform bietet Servicefachleuten detaillierte Finanzberichte und gew\u00e4hrleistet Transparenz bei Einnahmen, Ausgaben und Zahlungshistorien. Dieses Engagement f\u00fcr Rechenschaftspflicht erstreckt sich auf alle Aspekte unserer Plattform und schafft ein vertrauensw\u00fcrdiges Umfeld f\u00fcr Kunden und Servicefachleute.<\/span><\/p>\n<h2><span style=\"color: #ffffff;\"><strong>Umweltbewusste Praktiken<\/strong><\/span><\/h2>\n<p><span style=\"color: #ffffff;\">Bei Cleanster.com geht es nicht nur um Sauberkeit, sondern auch um Nachhaltigkeit. Wir f\u00f6rdern die Verwendung umweltfreundlicher Reinigungsprodukte und -methoden und minimieren so die Umweltbelastung unserer Dienstleistungen. Dieses Engagement f\u00fcr umweltbewusstes Handeln steht im Einklang mit unserem umfassenden Engagement f\u00fcr eine sauberere und ges\u00fcndere Welt.<\/span><\/p>\n<h2><span style=\"color: #ffffff;\"><strong>Fazit: Schlie\u00dfen Sie sich der Cleanster.com-Revolution an<\/strong><\/span><\/h2>\n<p><span style=\"color: #ffffff;\">Cleanster.com ist mehr als nur ein Reinigungsservice; es revolutioniert die Art und Weise, wie Reinigungsdienste genutzt, erbracht und erlebt werden. Ob Sie als Kunde nach praktischen und ethischen Reinigungsl\u00f6sungen suchen oder als Reinigungsprofi unternehmerische M\u00f6glichkeiten suchen \u2013 Cleanster.com ist Ihr Partner f\u00fcr die Transformation der Reinigungsbranche.<\/span><\/p>\n<p><span style=\"color: #ffffff;\">Begleiten Sie uns auf dieser Reise zu saubereren R\u00e4umen, leistungsf\u00e4higeren Fachkr\u00e4ften und einer besseren, nachhaltigeren Zukunft. Cleanster.com \u2013 wo Reinigung auf Innovation und Ethik trifft.<\/span><\/p>","protected":false},"excerpt":{"rendered":"<p>Welcome to Cleanster.com, where cleaning services meet innovation, entrepreneurship, and ethical practices. Our platform, available as an app across all devices, is not just a service provider; it&#8217;s a transformative force in the cleaning industry. Let&#8217;s explore about Cleanster.com Mission and Ethical Foundations At the core of Cleanster.com is a mission that guides everything we [&hellip;]<\/p>\n","protected":false},"author":2,"featured_media":0,"parent":0,"menu_order":0,"comment_status":"closed","ping_status":"closed","template":"templates\/about.php","meta":{"_acf_changed":false,"footnotes":""},"class_list":["post-5681","page","type-page","status-publish","hentry","entry"],"acf":[],"yoast_head":"<!-- This site is optimized with the Yoast SEO Premium plugin v26.5 (Yoast SEO v27.3) - https:\/\/yoast.com\/product\/yoast-seo-premium-wordpress\/ -->\n<title>About Us<\/title>\n<meta name=\"description\" content=\"Our primary mission is to give everyone convenient and quality access to professional cleaning services. Let&#039;s explore about us\" \/>\n<meta name=\"robots\" content=\"index, follow, max-snippet:-1, max-image-preview:large, max-video-preview:-1\" \/>\n<link rel=\"canonical\" href=\"https:\/\/cleanster.com\/de\/uber-uns\/\" \/>\n<meta property=\"og:locale\" content=\"de_DE\" \/>\n<meta property=\"og:type\" content=\"article\" \/>\n<meta property=\"og:title\" content=\"About Us - Cleanster | Cleaning &amp; Maid Services Near You\" \/>\n<meta property=\"og:description\" content=\"Cleanster | Cleaning &amp; Maid Services Near You\" \/>\n<meta property=\"og:url\" content=\"https:\/\/cleanster.com\/de\/uber-uns\/\" \/>\n<meta property=\"og:site_name\" content=\"Cleanster | Cleaning &amp; Maid Services Near You\" \/>\n<meta property=\"article:publisher\" content=\"https:\/\/www.facebook.com\/cleansterhq\" \/>\n<meta property=\"article:modified_time\" content=\"2025-10-09T19:53:39+00:00\" \/>\n<meta property=\"og:image\" content=\"https:\/\/cleanster.com\/wp-content\/uploads\/2023\/11\/card@3x.png\" \/>\n\t<meta property=\"og:image:width\" content=\"1170\" \/>\n\t<meta property=\"og:image:height\" content=\"763\" \/>\n\t<meta property=\"og:image:type\" content=\"image\/png\" \/>\n<meta name=\"twitter:card\" content=\"summary_large_image\" \/>\n<meta name=\"twitter:site\" content=\"@cleansterhq\" \/>\n<meta name=\"twitter:label1\" content=\"Gesch\u00e4tzte Lesezeit\" \/>\n\t<meta name=\"twitter:data1\" content=\"3\u00a0Minuten\" \/>\n<script type=\"application\/ld+json\" class=\"yoast-schema-graph\">{\"@context\":\"https:\\\/\\\/schema.org\",\"@graph\":[{\"@type\":\"Article\",\"@id\":\"https:\\\/\\\/cleanster.com\\\/about-us\\\/#article\",\"isPartOf\":{\"@id\":\"https:\\\/\\\/cleanster.com\\\/about-us\\\/\"},\"author\":{\"name\":\"derrick\",\"@id\":\"https:\\\/\\\/cleanster.com\\\/#\\\/schema\\\/person\\\/bf8dbd71b6062df8d87e6f3f4673c94b\"},\"headline\":\"About Us\",\"datePublished\":\"2022-10-18T07:14:46+00:00\",\"dateModified\":\"2025-10-09T19:53:39+00:00\",\"mainEntityOfPage\":{\"@id\":\"https:\\\/\\\/cleanster.com\\\/about-us\\\/\"},\"wordCount\":496,\"publisher\":{\"@id\":\"https:\\\/\\\/cleanster.com\\\/#organization\"},\"inLanguage\":\"de\"},{\"@type\":[\"WebPage\",\"AboutPage\"],\"@id\":\"https:\\\/\\\/cleanster.com\\\/about-us\\\/\",\"url\":\"https:\\\/\\\/cleanster.com\\\/about-us\\\/\",\"name\":\"About Us\",\"isPartOf\":{\"@id\":\"https:\\\/\\\/cleanster.com\\\/#website\"},\"datePublished\":\"2022-10-18T07:14:46+00:00\",\"dateModified\":\"2025-10-09T19:53:39+00:00\",\"description\":\"Our primary mission is to give everyone convenient and quality access to professional cleaning services. Let's explore about us\",\"inLanguage\":\"de\",\"potentialAction\":[{\"@type\":\"ReadAction\",\"target\":[\"https:\\\/\\\/cleanster.com\\\/about-us\\\/\"]}]},{\"@type\":\"WebSite\",\"@id\":\"https:\\\/\\\/cleanster.com\\\/#website\",\"url\":\"https:\\\/\\\/cleanster.com\\\/\",\"name\":\"Cleanster | Cleaning & Maid Services Near You\",\"description\":\"Instantly find &amp; book trusted cleaners for homes, apartment, Airbnb, and offices. Cleanster offers affordable maid, housekeeping, and commercial cleaning services near you.\",\"publisher\":{\"@id\":\"https:\\\/\\\/cleanster.com\\\/#organization\"},\"alternateName\":\"Cleanster | Cleaning, Maid & Housekeeping Services for Everyone\",\"potentialAction\":[{\"@type\":\"SearchAction\",\"target\":{\"@type\":\"EntryPoint\",\"urlTemplate\":\"https:\\\/\\\/cleanster.com\\\/?s={search_term_string}\"},\"query-input\":{\"@type\":\"PropertyValueSpecification\",\"valueRequired\":true,\"valueName\":\"search_term_string\"}}],\"inLanguage\":\"de\"},{\"@type\":\"Organization\",\"@id\":\"https:\\\/\\\/cleanster.com\\\/#organization\",\"name\":\"Cleanster\",\"alternateName\":\"Cleanster.com\",\"url\":\"https:\\\/\\\/cleanster.com\\\/\",\"logo\":{\"@type\":\"ImageObject\",\"inLanguage\":\"de\",\"@id\":\"https:\\\/\\\/cleanster.com\\\/#\\\/schema\\\/logo\\\/image\\\/\",\"url\":\"https:\\\/\\\/cleanster.com\\\/wp-content\\\/uploads\\\/2025\\\/06\\\/Cleanster-Logo-1.svg\",\"contentUrl\":\"https:\\\/\\\/cleanster.com\\\/wp-content\\\/uploads\\\/2025\\\/06\\\/Cleanster-Logo-1.svg\",\"width\":1,\"height\":1,\"caption\":\"Cleanster\"},\"image\":{\"@id\":\"https:\\\/\\\/cleanster.com\\\/#\\\/schema\\\/logo\\\/image\\\/\"},\"sameAs\":[\"https:\\\/\\\/www.facebook.com\\\/cleansterhq\",\"https:\\\/\\\/x.com\\\/cleansterhq\",\"https:\\\/\\\/www.linkedin.com\\\/company\\\/cleansterhq\",\"https:\\\/\\\/www.instagram.com\\\/cleansterhq\",\"https:\\\/\\\/vm.tiktok.com\\\/ZM8vHmcuo\\\/\",\"https:\\\/\\\/www.clubhouse.com\\\/club\\\/cleanstercom\"],\"description\":\"Cleanster is an AI-powered cleaning services platform that connects Airbnb hosts, property managers, and commercial clients with vetted, on-demand cleaners. We offer apartment, house, Airbnb, commercial, and janitorial cleaning services. With a network of over 100,000 professionals across the US, Canada, and the UK, Cleanster delivers fast, reliable, and tech-enabled cleaning at scale.\",\"email\":\"support@cleanster.com\",\"telephone\":\"+1 (888) 788-2445\",\"legalName\":\"Cleanster, Inc.\",\"foundingDate\":\"2019-05-06\",\"duns\":\"118328526\",\"naics\":\"541511\",\"numberOfEmployees\":{\"@type\":\"QuantitativeValue\",\"minValue\":\"11\",\"maxValue\":\"50\"}},{\"@type\":\"Person\",\"@id\":\"https:\\\/\\\/cleanster.com\\\/#\\\/schema\\\/person\\\/bf8dbd71b6062df8d87e6f3f4673c94b\",\"name\":\"derrick\",\"image\":{\"@type\":\"ImageObject\",\"inLanguage\":\"de\",\"@id\":\"https:\\\/\\\/secure.gravatar.com\\\/avatar\\\/2f62e80994b7c3d8c0a4c2ab9df11da93ff44009f0af5bd22d3dc9b00b03610f?s=96&d=mm&r=g\",\"url\":\"https:\\\/\\\/secure.gravatar.com\\\/avatar\\\/2f62e80994b7c3d8c0a4c2ab9df11da93ff44009f0af5bd22d3dc9b00b03610f?s=96&d=mm&r=g\",\"contentUrl\":\"https:\\\/\\\/secure.gravatar.com\\\/avatar\\\/2f62e80994b7c3d8c0a4c2ab9df11da93ff44009f0af5bd22d3dc9b00b03610f?s=96&d=mm&r=g\",\"caption\":\"derrick\"},\"url\":\"https:\\\/\\\/cleanster.com\\\/de\\\/author\\\/derrick\\\/\"}]}<\/script>\n<!-- \/ Yoast SEO Premium plugin. -->","yoast_head_json":{"title":"\u00dcber uns","description":"Unsere Hauptaufgabe besteht darin, jedem einen bequemen und qualitativ hochwertigen Zugang zu professionellen Reinigungsdiensten zu erm\u00f6glichen. Lassen Sie uns mehr \u00fcber uns erfahren","robots":{"index":"index","follow":"follow","max-snippet":"max-snippet:-1","max-image-preview":"max-image-preview:large","max-video-preview":"max-video-preview:-1"},"canonical":"https:\/\/cleanster.com\/de\/uber-uns\/","og_locale":"de_DE","og_type":"article","og_title":"About Us - Cleanster | Cleaning &amp; Maid Services Near You","og_description":"Cleanster | Cleaning &amp; Maid Services Near You","og_url":"https:\/\/cleanster.com\/de\/uber-uns\/","og_site_name":"Cleanster | Cleaning &amp; Maid Services Near You","article_publisher":"https:\/\/www.facebook.com\/cleansterhq","article_modified_time":"2025-10-09T19:53:39+00:00","og_image":[{"width":1170,"height":763,"url":"https:\/\/cleanster.com\/wp-content\/uploads\/2023\/11\/card@3x.png","type":"image\/png"}],"twitter_card":"summary_large_image","twitter_site":"@cleansterhq","twitter_misc":{"Gesch\u00e4tzte Lesezeit":"3\u00a0Minuten"},"schema":{"@context":"https:\/\/schema.org","@graph":[{"@type":"Article","@id":"https:\/\/cleanster.com\/about-us\/#article","isPartOf":{"@id":"https:\/\/cleanster.com\/about-us\/"},"author":{"name":"derrick","@id":"https:\/\/cleanster.com\/#\/schema\/person\/bf8dbd71b6062df8d87e6f3f4673c94b"},"headline":"About Us","datePublished":"2022-10-18T07:14:46+00:00","dateModified":"2025-10-09T19:53:39+00:00","mainEntityOfPage":{"@id":"https:\/\/cleanster.com\/about-us\/"},"wordCount":496,"publisher":{"@id":"https:\/\/cleanster.com\/#organization"},"inLanguage":"de"},{"@type":["WebPage","AboutPage"],"@id":"https:\/\/cleanster.com\/about-us\/","url":"https:\/\/cleanster.com\/about-us\/","name":"\u00dcber uns","isPartOf":{"@id":"https:\/\/cleanster.com\/#website"},"datePublished":"2022-10-18T07:14:46+00:00","dateModified":"2025-10-09T19:53:39+00:00","description":"Unsere Hauptaufgabe besteht darin, jedem einen bequemen und qualitativ hochwertigen Zugang zu professionellen Reinigungsdiensten zu erm\u00f6glichen. Lassen Sie uns mehr \u00fcber uns erfahren","inLanguage":"de","potentialAction":[{"@type":"ReadAction","target":["https:\/\/cleanster.com\/about-us\/"]}]},{"@type":"WebSite","@id":"https:\/\/cleanster.com\/#website","url":"https:\/\/cleanster.com\/","name":"Cleanster | Reinigungs- und Haushaltshilfen in Ihrer N\u00e4he","description":"Finden und buchen Sie sofort zuverl\u00e4ssige Reinigungskr\u00e4fte f\u00fcr H\u00e4user, Wohnungen, Airbnbs und B\u00fcros. Cleanster bietet g\u00fcnstige Reinigungsdienste in Ihrer N\u00e4he.","publisher":{"@id":"https:\/\/cleanster.com\/#organization"},"alternateName":"Cleanster | Cleaning, Maid & Housekeeping Services for Everyone","potentialAction":[{"@type":"SearchAction","target":{"@type":"EntryPoint","urlTemplate":"https:\/\/cleanster.com\/?s={search_term_string}"},"query-input":{"@type":"PropertyValueSpecification","valueRequired":true,"valueName":"search_term_string"}}],"inLanguage":"de"},{"@type":"Organization","@id":"https:\/\/cleanster.com\/#organization","name":"Saubermann","alternateName":"Cleanster.com","url":"https:\/\/cleanster.com\/","logo":{"@type":"ImageObject","inLanguage":"de","@id":"https:\/\/cleanster.com\/#\/schema\/logo\/image\/","url":"https:\/\/cleanster.com\/wp-content\/uploads\/2025\/06\/Cleanster-Logo-1.svg","contentUrl":"https:\/\/cleanster.com\/wp-content\/uploads\/2025\/06\/Cleanster-Logo-1.svg","width":1,"height":1,"caption":"Cleanster"},"image":{"@id":"https:\/\/cleanster.com\/#\/schema\/logo\/image\/"},"sameAs":["https:\/\/www.facebook.com\/cleansterhq","https:\/\/x.com\/cleansterhq","https:\/\/www.linkedin.com\/company\/cleansterhq","https:\/\/www.instagram.com\/cleansterhq","https:\/\/vm.tiktok.com\/ZM8vHmcuo\/","https:\/\/www.clubhouse.com\/club\/cleanstercom"],"description":"Cleanster ist eine KI-gest\u00fctzte Reinigungsplattform, die Airbnb-Gastgeber, Hausverwalter und gewerbliche Kunden mit gepr\u00fcften Reinigungskr\u00e4ften auf Abruf verbindet. Wir bieten Reinigungsdienste f\u00fcr Wohnungen, H\u00e4user, Airbnb-Unterk\u00fcnfte, Gewerbeimmobilien und Hausmeisterdienste an. Mit einem Netzwerk von \u00fcber 100.000 Fachkr\u00e4ften in den USA, Kanada und Gro\u00dfbritannien bietet Cleanster schnelle, zuverl\u00e4ssige und technisch unterst\u00fctzte Reinigung in gro\u00dfem Umfang.","email":"support@cleanster.com","telephone":"+1 (888) 788-2445","legalName":"Cleanster, Inc.","foundingDate":"2019-05-06","duns":"118328526","naics":"541511","numberOfEmployees":{"@type":"QuantitativeValue","minValue":"11","maxValue":"50"}},{"@type":"Person","@id":"https:\/\/cleanster.com\/#\/schema\/person\/bf8dbd71b6062df8d87e6f3f4673c94b","name":"Bohrturm","image":{"@type":"ImageObject","inLanguage":"de","@id":"https:\/\/secure.gravatar.com\/avatar\/2f62e80994b7c3d8c0a4c2ab9df11da93ff44009f0af5bd22d3dc9b00b03610f?s=96&d=mm&r=g","url":"https:\/\/secure.gravatar.com\/avatar\/2f62e80994b7c3d8c0a4c2ab9df11da93ff44009f0af5bd22d3dc9b00b03610f?s=96&d=mm&r=g","contentUrl":"https:\/\/secure.gravatar.com\/avatar\/2f62e80994b7c3d8c0a4c2ab9df11da93ff44009f0af5bd22d3dc9b00b03610f?s=96&d=mm&r=g","caption":"derrick"},"url":"https:\/\/cleanster.com\/de\/author\/derrick\/"}]}},"_links":{"self":[{"href":"https:\/\/cleanster.com\/de\/wp-json\/wp\/v2\/pages\/5681","targetHints":{"allow":["GET"]}}],"collection":[{"href":"https:\/\/cleanster.com\/de\/wp-json\/wp\/v2\/pages"}],"about":[{"href":"https:\/\/cleanster.com\/de\/wp-json\/wp\/v2\/types\/page"}],"author":[{"embeddable":true,"href":"https:\/\/cleanster.com\/de\/wp-json\/wp\/v2\/users\/2"}],"replies":[{"embeddable":true,"href":"https:\/\/cleanster.com\/de\/wp-json\/wp\/v2\/comments?post=5681"}],"version-history":[{"count":0,"href":"https:\/\/cleanster.com\/de\/wp-json\/wp\/v2\/pages\/5681\/revisions"}],"wp:attachment":[{"href":"https:\/\/cleanster.com\/de\/wp-json\/wp\/v2\/media?parent=5681"}],"curies":[{"name":"wp","href":"https:\/\/api.w.org\/{rel}","templated":true}]}}