{"id":6069,"date":"2022-10-26T16:20:35","date_gmt":"2022-10-26T16:20:35","guid":{"rendered":"http:\/\/cleanster.ca\/?page_id=6069"},"modified":"2024-01-08T07:08:14","modified_gmt":"2024-01-08T07:08:14","slug":"hausreinigung-in-san-francisco-ca","status":"publish","type":"page","link":"https:\/\/cleanster.com\/de\/hausreinigung-in-san-francisco-ca\/","title":{"rendered":"Hausreinigung in San Francisco, Kalifornien"},"content":{"rendered":"<h2><span style=\"color: #ffffff;\"><b>App f\u00fcr die Hausreinigung in<\/b><b> San Francisco, Kalifornien<\/b><\/span><\/h2>\n<p><span style=\"color: #ffffff;\"><span style=\"font-weight: 400;\">In einem Zuhause h\u00e4ngt alles von Ihrem Seelenfrieden, Ihrem Gl\u00fcck, Ihrem ges\u00fcnderen Lebensstil und vielem mehr ab. Ihr voller Terminkalender l\u00e4sst Ihnen wahrscheinlich keine Wahl, das Haus zu reinigen. Wenn Sie nach einer professionellen App f\u00fcr die Hausreinigung suchen in <\/span><a style=\"color: #ffffff;\" href=\"https:\/\/en.wikipedia.org\/wiki\/San_Francisco\"><span style=\"font-weight: 400;\">San Francisco, Kalifornien<\/span><\/a><span style=\"font-weight: 400;\">\u00a0 f\u00fcr Ihr Zuhause kann niemand Cleanster.com schlagen. Unsere professionelle App f\u00fcr Hausreinigungsservice in <\/span><span style=\"font-weight: 400;\">San Francisco <\/span><span style=\"font-weight: 400;\">\u00a0ist eine hervorragende App, um problemlos durch alles zu navigieren.<\/span><\/span><\/p>\n<p><span style=\"font-weight: 400; color: #ffffff;\">Wir glauben, dass sich ein sauberes Haus ges\u00fcnder anf\u00fchlt, wenn es gereinigt wird von <a style=\"color: #ffffff;\" href=\"https:\/\/cleanster.com\/\">Cleanster.com<\/a> professionelle Reinigungskr\u00e4fte.<\/span><\/p>\n<h2><span style=\"color: #ffffff;\"><b>Checklisten-App f\u00fcr die Hausreinigung<\/b><\/span><\/h2>\n<p><span style=\"font-weight: 400; color: #ffffff;\">Schauen Sie sich die professionelle Hausreinigungs-App von Cleanster.com genauer an:<\/span><\/p>\n<p><span style=\"font-weight: 400; color: #ffffff;\">Wohnzimmer \u2013 Wir entstauben und reinigen Holz- und Glasoberfl\u00e4chen. Reinigen Sie unter Sofakissen und Dekorationsgegenst\u00e4nden.\u00a0<\/span><\/p>\n<p><span style=\"font-weight: 400; color: #ffffff;\">K\u00fcchen \u2013 Wir wischen Schrankfronten, Tische und St\u00fchle professionell feucht ab. Wir wischen, waschen und desinfizieren auch Arbeitsfl\u00e4chen. Leeren Sie M\u00fclleimer.\u00a0<\/span><\/p>\n<p><span style=\"font-weight: 400; color: #ffffff;\">Badezimmer \u2013 Toiletten, Waschtische, Badewannen, B\u00f6den und Duschen gr\u00fcndlich reinigen und desinfizieren.<\/span><\/p>\n<p><span style=\"font-weight: 400; color: #ffffff;\">Schlafzimmer \u2013 Betten machen, Staub wischen, Kissen und Kuscheltiere ordnen. Wir reinigen Oberfl\u00e4chen und den Bereich unter dem Bett gr\u00fcndlich.\u00a0<\/span><\/p>\n<p><span style=\"font-weight: 400; color: #ffffff;\">Alle R\u00e4ume \u2013 Alle R\u00e4ume gr\u00fcndlich staubsaugen, wischen und desinfizieren.<\/span><\/p>\n<h2><span style=\"color: #ffffff;\"><b>Beste Hausreinigungs-App<\/b><\/span><\/h2>\n<p><span style=\"font-weight: 400; color: #ffffff;\">Reinigung hat f\u00fcr uns oberste Priorit\u00e4t, deshalb versuchen wir unser Bestes, um die Dinge einfach und unkompliziert zu halten. Cleanster.com bietet eine breite Palette von Dienstleistungen f\u00fcr Ihr Zuhause, sei es Reinigung f\u00fcr Airbnb, Einzug oder Auszug. Unsere Reinigungskr\u00e4fte sind professionell, freundlich und effizient.\u00a0<\/span><\/p>\n<p><span style=\"font-weight: 400; color: #ffffff;\">Cleanster.com liefert au\u00dfergew\u00f6hnliche Reinigungsergebnisse, reduziert den \u00f6kologischen Fu\u00dfabdruck, bietet geschultes und qualifiziertes Personal sowie Spezialwerkzeuge und -ger\u00e4te. Und das Wichtigste: Sie zahlen nur f\u00fcr die Dienstleistung, die Sie tats\u00e4chlich in Anspruch nehmen.\u00a0<\/span><\/p>\n<p><span style=\"color: #ffffff;\"><span style=\"font-weight: 400;\">Der <\/span><a style=\"color: #ffffff;\" href=\"https:\/\/play.google.com\/store\/apps\/details?id=com.tidyapp.pro\"><span style=\"font-weight: 400;\">Saubermann<\/span><\/a><a style=\"color: #ffffff;\" href=\"https:\/\/play.google.com\/store\/apps\/details?id=com.tidyapp.pro\">.com <\/a>ist die beste App f\u00fcr Hausreinigungsdienste in San Francisco, CA f\u00fcr Android- und iPhone-Nutzer.\u00a0<\/span><\/p>\n<p><span style=\"font-weight: 400; color: #ffffff;\">Unser Service ist kosteng\u00fcnstig.<\/span><\/p>\n<p><span style=\"font-weight: 400; color: #ffffff;\">Wir bieten eine einfache App zur Terminplanung f\u00fcr die Hausreinigung von Airbnb.\u00a0<\/span><\/p>\n<p><span style=\"font-weight: 400; color: #ffffff;\">Die App zur Terminplanung f\u00fcr die Hausreinigung ist kostenlos, sodass Sie Ihre Aufgaben entsprechend Ihrer Zeit aufteilen k\u00f6nnen.<\/span><\/p>\n<p><span style=\"color: #ffffff;\"><span style=\"font-weight: 400;\">Wir sind nicht nur ans\u00e4ssig in <\/span><span style=\"font-weight: 400;\">San Francisco <\/span><span style=\"font-weight: 400;\">Wir haben mehrere Orte, an denen wir verschiedene Dienste anbieten, wie <\/span><a style=\"color: #ffffff;\" href=\"https:\/\/cleanster.ca\/airbnb-cleaning-in-austin-tx\/\"><span style=\"font-weight: 400;\">Airbnb-Reinigung<\/span><\/a><span style=\"font-weight: 400;\">, <\/span><a style=\"color: #ffffff;\" href=\"https:\/\/cleanster.ca\/deep-cleaning-in-austin-tx-2\/\"><span style=\"font-weight: 400;\">gr\u00fcndliche Reinigung<\/span><\/a><span style=\"font-weight: 400;\">, <\/span><a style=\"color: #ffffff;\" href=\"https:\/\/cleanster.ca\/vacation-rental-cleaning-in-austin-tx\/\"><span style=\"font-weight: 400;\">Reinigung von Ferienunterk\u00fcnften<\/span><\/a><span style=\"font-weight: 400;\"> und viele mehr.<\/span><\/span><\/p>","protected":false},"excerpt":{"rendered":"<p>App for house cleaning in San Francisco, CA A home is where everything depends on your peace of mind, happiness, healthier lifestyle, and many more. Your busy schedule probably does not leave you a choice for cleaning the house. If you are looking for a professional app for house cleaning in San Francisco, CA\u00a0 for [&hellip;]<\/p>\n","protected":false},"author":1,"featured_media":16061,"parent":0,"menu_order":0,"comment_status":"closed","ping_status":"closed","template":"templates\/services.php","meta":{"_acf_changed":false,"footnotes":""},"class_list":["post-6069","page","type-page","status-publish","has-post-thumbnail","hentry","entry"],"acf":[],"yoast_head":"<!-- This site is optimized with the Yoast SEO Premium plugin v26.5 (Yoast SEO v27.3) - https:\/\/yoast.com\/product\/yoast-seo-premium-wordpress\/ -->\n<title>App for cleaning service in San Francisco, CA - Cleanster.com<\/title>\n<meta name=\"description\" content=\"The smartest way to book, pay, and find house cleaning service in San Francisco, CA through our Cleanster.com. It takes only 30 seconds.\" \/>\n<meta name=\"robots\" content=\"index, follow, max-snippet:-1, max-image-preview:large, max-video-preview:-1\" \/>\n<link rel=\"canonical\" href=\"https:\/\/cleanster.com\/de\/hausreinigung-in-san-francisco-ca\/\" \/>\n<meta property=\"og:locale\" content=\"de_DE\" \/>\n<meta property=\"og:type\" content=\"article\" \/>\n<meta property=\"og:title\" content=\"House Cleaning in San Francisco, CA - Cleanster | Cleaning &amp; Maid Services Near You\" \/>\n<meta property=\"og:description\" content=\"The smartest way to book, pay, and find house cleaning service in San Francisco, CA through our Cleanster.com. It takes only 30 seconds.\" \/>\n<meta property=\"og:url\" content=\"https:\/\/cleanster.com\/de\/hausreinigung-in-san-francisco-ca\/\" \/>\n<meta property=\"og:site_name\" content=\"Cleanster | Cleaning &amp; Maid Services Near You\" \/>\n<meta property=\"article:publisher\" content=\"https:\/\/www.facebook.com\/cleansterhq\" \/>\n<meta property=\"article:modified_time\" content=\"2024-01-08T07:08:14+00:00\" \/>\n<meta property=\"og:image\" content=\"https:\/\/cleanster.com\/wp-content\/uploads\/2023\/10\/house-img.jpg\" \/>\n\t<meta property=\"og:image:width\" content=\"950\" \/>\n\t<meta property=\"og:image:height\" content=\"670\" \/>\n\t<meta property=\"og:image:type\" content=\"image\/jpeg\" \/>\n<meta name=\"twitter:card\" content=\"summary_large_image\" \/>\n<meta name=\"twitter:site\" content=\"@cleansterhq\" \/>\n<meta name=\"twitter:label1\" content=\"Gesch\u00e4tzte Lesezeit\" \/>\n\t<meta name=\"twitter:data1\" content=\"2\u00a0Minuten\" \/>\n<script type=\"application\/ld+json\" class=\"yoast-schema-graph\">{\"@context\":\"https:\\\/\\\/schema.org\",\"@graph\":[{\"@type\":\"WebPage\",\"@id\":\"https:\\\/\\\/cleanster.com\\\/house-cleaning-in-san-francisco-ca\\\/\",\"url\":\"https:\\\/\\\/cleanster.com\\\/house-cleaning-in-san-francisco-ca\\\/\",\"name\":\"App for cleaning service in San Francisco, CA - Cleanster.com\",\"isPartOf\":{\"@id\":\"https:\\\/\\\/cleanster.com\\\/#website\"},\"primaryImageOfPage\":{\"@id\":\"https:\\\/\\\/cleanster.com\\\/house-cleaning-in-san-francisco-ca\\\/#primaryimage\"},\"image\":{\"@id\":\"https:\\\/\\\/cleanster.com\\\/house-cleaning-in-san-francisco-ca\\\/#primaryimage\"},\"thumbnailUrl\":\"https:\\\/\\\/cleanster.com\\\/wp-content\\\/uploads\\\/2023\\\/10\\\/house-img.jpg\",\"datePublished\":\"2022-10-26T16:20:35+00:00\",\"dateModified\":\"2024-01-08T07:08:14+00:00\",\"description\":\"The smartest way to book, pay, and find house cleaning service in San Francisco, CA through our Cleanster.com. It takes only 30 seconds.\",\"inLanguage\":\"de\",\"potentialAction\":[{\"@type\":\"ReadAction\",\"target\":[\"https:\\\/\\\/cleanster.com\\\/house-cleaning-in-san-francisco-ca\\\/\"]}]},{\"@type\":\"ImageObject\",\"inLanguage\":\"de\",\"@id\":\"https:\\\/\\\/cleanster.com\\\/house-cleaning-in-san-francisco-ca\\\/#primaryimage\",\"url\":\"https:\\\/\\\/cleanster.com\\\/wp-content\\\/uploads\\\/2023\\\/10\\\/house-img.jpg\",\"contentUrl\":\"https:\\\/\\\/cleanster.com\\\/wp-content\\\/uploads\\\/2023\\\/10\\\/house-img.jpg\",\"width\":950,\"height\":670},{\"@type\":\"WebSite\",\"@id\":\"https:\\\/\\\/cleanster.com\\\/#website\",\"url\":\"https:\\\/\\\/cleanster.com\\\/\",\"name\":\"Cleanster | Cleaning & Maid Services Near You\",\"description\":\"Instantly find &amp; book trusted cleaners for homes, apartment, Airbnb, and offices. Cleanster offers affordable maid, housekeeping, and commercial cleaning services near you.\",\"publisher\":{\"@id\":\"https:\\\/\\\/cleanster.com\\\/#organization\"},\"alternateName\":\"Cleanster | Cleaning, Maid & Housekeeping Services for Everyone\",\"potentialAction\":[{\"@type\":\"SearchAction\",\"target\":{\"@type\":\"EntryPoint\",\"urlTemplate\":\"https:\\\/\\\/cleanster.com\\\/?s={search_term_string}\"},\"query-input\":{\"@type\":\"PropertyValueSpecification\",\"valueRequired\":true,\"valueName\":\"search_term_string\"}}],\"inLanguage\":\"de\"},{\"@type\":\"Organization\",\"@id\":\"https:\\\/\\\/cleanster.com\\\/#organization\",\"name\":\"Cleanster\",\"alternateName\":\"Cleanster.com\",\"url\":\"https:\\\/\\\/cleanster.com\\\/\",\"logo\":{\"@type\":\"ImageObject\",\"inLanguage\":\"de\",\"@id\":\"https:\\\/\\\/cleanster.com\\\/#\\\/schema\\\/logo\\\/image\\\/\",\"url\":\"https:\\\/\\\/cleanster.com\\\/wp-content\\\/uploads\\\/2025\\\/06\\\/Cleanster-Logo-1.svg\",\"contentUrl\":\"https:\\\/\\\/cleanster.com\\\/wp-content\\\/uploads\\\/2025\\\/06\\\/Cleanster-Logo-1.svg\",\"width\":1,\"height\":1,\"caption\":\"Cleanster\"},\"image\":{\"@id\":\"https:\\\/\\\/cleanster.com\\\/#\\\/schema\\\/logo\\\/image\\\/\"},\"sameAs\":[\"https:\\\/\\\/www.facebook.com\\\/cleansterhq\",\"https:\\\/\\\/x.com\\\/cleansterhq\",\"https:\\\/\\\/www.linkedin.com\\\/company\\\/cleansterhq\",\"https:\\\/\\\/www.instagram.com\\\/cleansterhq\",\"https:\\\/\\\/vm.tiktok.com\\\/ZM8vHmcuo\\\/\",\"https:\\\/\\\/www.clubhouse.com\\\/club\\\/cleanstercom\"],\"description\":\"Cleanster is an AI-powered cleaning services platform that connects Airbnb hosts, property managers, and commercial clients with vetted, on-demand cleaners. We offer apartment, house, Airbnb, commercial, and janitorial cleaning services. With a network of over 100,000 professionals across the US, Canada, and the UK, Cleanster delivers fast, reliable, and tech-enabled cleaning at scale.\",\"email\":\"support@cleanster.com\",\"telephone\":\"+1 (888) 788-2445\",\"legalName\":\"Cleanster, Inc.\",\"foundingDate\":\"2019-05-06\",\"duns\":\"118328526\",\"naics\":\"541511\",\"numberOfEmployees\":{\"@type\":\"QuantitativeValue\",\"minValue\":\"11\",\"maxValue\":\"50\"}}]}<\/script>\n<!-- \/ Yoast SEO Premium plugin. -->","yoast_head_json":{"title":"App f\u00fcr Reinigungsservice in San Francisco, CA - Cleanster.com","description":"Der intelligenteste Weg, einen Hausreinigungsdienst in San Francisco, Kalifornien, \u00fcber Cleanster.com zu buchen, zu bezahlen und zu finden. Es dauert nur 30 Sekunden.","robots":{"index":"index","follow":"follow","max-snippet":"max-snippet:-1","max-image-preview":"max-image-preview:large","max-video-preview":"max-video-preview:-1"},"canonical":"https:\/\/cleanster.com\/de\/hausreinigung-in-san-francisco-ca\/","og_locale":"de_DE","og_type":"article","og_title":"House Cleaning in San Francisco, CA - Cleanster | Cleaning &amp; Maid Services Near You","og_description":"The smartest way to book, pay, and find house cleaning service in San Francisco, CA through our Cleanster.com. It takes only 30 seconds.","og_url":"https:\/\/cleanster.com\/de\/hausreinigung-in-san-francisco-ca\/","og_site_name":"Cleanster | Cleaning &amp; Maid Services Near You","article_publisher":"https:\/\/www.facebook.com\/cleansterhq","article_modified_time":"2024-01-08T07:08:14+00:00","og_image":[{"width":950,"height":670,"url":"https:\/\/cleanster.com\/wp-content\/uploads\/2023\/10\/house-img.jpg","type":"image\/jpeg"}],"twitter_card":"summary_large_image","twitter_site":"@cleansterhq","twitter_misc":{"Gesch\u00e4tzte Lesezeit":"2\u00a0Minuten"},"schema":{"@context":"https:\/\/schema.org","@graph":[{"@type":"WebPage","@id":"https:\/\/cleanster.com\/house-cleaning-in-san-francisco-ca\/","url":"https:\/\/cleanster.com\/house-cleaning-in-san-francisco-ca\/","name":"App f\u00fcr Reinigungsservice in San Francisco, CA - Cleanster.com","isPartOf":{"@id":"https:\/\/cleanster.com\/#website"},"primaryImageOfPage":{"@id":"https:\/\/cleanster.com\/house-cleaning-in-san-francisco-ca\/#primaryimage"},"image":{"@id":"https:\/\/cleanster.com\/house-cleaning-in-san-francisco-ca\/#primaryimage"},"thumbnailUrl":"https:\/\/cleanster.com\/wp-content\/uploads\/2023\/10\/house-img.jpg","datePublished":"2022-10-26T16:20:35+00:00","dateModified":"2024-01-08T07:08:14+00:00","description":"Der intelligenteste Weg, einen Hausreinigungsdienst in San Francisco, Kalifornien, \u00fcber Cleanster.com zu buchen, zu bezahlen und zu finden. Es dauert nur 30 Sekunden.","inLanguage":"de","potentialAction":[{"@type":"ReadAction","target":["https:\/\/cleanster.com\/house-cleaning-in-san-francisco-ca\/"]}]},{"@type":"ImageObject","inLanguage":"de","@id":"https:\/\/cleanster.com\/house-cleaning-in-san-francisco-ca\/#primaryimage","url":"https:\/\/cleanster.com\/wp-content\/uploads\/2023\/10\/house-img.jpg","contentUrl":"https:\/\/cleanster.com\/wp-content\/uploads\/2023\/10\/house-img.jpg","width":950,"height":670},{"@type":"WebSite","@id":"https:\/\/cleanster.com\/#website","url":"https:\/\/cleanster.com\/","name":"Cleanster | Reinigungs- und Haushaltshilfen in Ihrer N\u00e4he","description":"Finden und buchen Sie sofort zuverl\u00e4ssige Reinigungskr\u00e4fte f\u00fcr H\u00e4user, Wohnungen, Airbnbs und B\u00fcros. Cleanster bietet g\u00fcnstige Reinigungsdienste in Ihrer N\u00e4he.","publisher":{"@id":"https:\/\/cleanster.com\/#organization"},"alternateName":"Cleanster | Cleaning, Maid & Housekeeping Services for Everyone","potentialAction":[{"@type":"SearchAction","target":{"@type":"EntryPoint","urlTemplate":"https:\/\/cleanster.com\/?s={search_term_string}"},"query-input":{"@type":"PropertyValueSpecification","valueRequired":true,"valueName":"search_term_string"}}],"inLanguage":"de"},{"@type":"Organization","@id":"https:\/\/cleanster.com\/#organization","name":"Saubermann","alternateName":"Cleanster.com","url":"https:\/\/cleanster.com\/","logo":{"@type":"ImageObject","inLanguage":"de","@id":"https:\/\/cleanster.com\/#\/schema\/logo\/image\/","url":"https:\/\/cleanster.com\/wp-content\/uploads\/2025\/06\/Cleanster-Logo-1.svg","contentUrl":"https:\/\/cleanster.com\/wp-content\/uploads\/2025\/06\/Cleanster-Logo-1.svg","width":1,"height":1,"caption":"Cleanster"},"image":{"@id":"https:\/\/cleanster.com\/#\/schema\/logo\/image\/"},"sameAs":["https:\/\/www.facebook.com\/cleansterhq","https:\/\/x.com\/cleansterhq","https:\/\/www.linkedin.com\/company\/cleansterhq","https:\/\/www.instagram.com\/cleansterhq","https:\/\/vm.tiktok.com\/ZM8vHmcuo\/","https:\/\/www.clubhouse.com\/club\/cleanstercom"],"description":"Cleanster ist eine KI-gest\u00fctzte Reinigungsplattform, die Airbnb-Gastgeber, Hausverwalter und gewerbliche Kunden mit gepr\u00fcften Reinigungskr\u00e4ften auf Abruf verbindet. Wir bieten Reinigungsdienste f\u00fcr Wohnungen, H\u00e4user, Airbnb-Unterk\u00fcnfte, Gewerbeimmobilien und Hausmeisterdienste an. Mit einem Netzwerk von \u00fcber 100.000 Fachkr\u00e4ften in den USA, Kanada und Gro\u00dfbritannien bietet Cleanster schnelle, zuverl\u00e4ssige und technisch unterst\u00fctzte Reinigung in gro\u00dfem Umfang.","email":"support@cleanster.com","telephone":"+1 (888) 788-2445","legalName":"Cleanster, Inc.","foundingDate":"2019-05-06","duns":"118328526","naics":"541511","numberOfEmployees":{"@type":"QuantitativeValue","minValue":"11","maxValue":"50"}}]}},"_links":{"self":[{"href":"https:\/\/cleanster.com\/de\/wp-json\/wp\/v2\/pages\/6069","targetHints":{"allow":["GET"]}}],"collection":[{"href":"https:\/\/cleanster.com\/de\/wp-json\/wp\/v2\/pages"}],"about":[{"href":"https:\/\/cleanster.com\/de\/wp-json\/wp\/v2\/types\/page"}],"author":[{"embeddable":true,"href":"https:\/\/cleanster.com\/de\/wp-json\/wp\/v2\/users\/1"}],"replies":[{"embeddable":true,"href":"https:\/\/cleanster.com\/de\/wp-json\/wp\/v2\/comments?post=6069"}],"version-history":[{"count":0,"href":"https:\/\/cleanster.com\/de\/wp-json\/wp\/v2\/pages\/6069\/revisions"}],"wp:featuredmedia":[{"embeddable":true,"href":"https:\/\/cleanster.com\/de\/wp-json\/wp\/v2\/media\/16061"}],"wp:attachment":[{"href":"https:\/\/cleanster.com\/de\/wp-json\/wp\/v2\/media?parent=6069"}],"curies":[{"name":"wp","href":"https:\/\/api.w.org\/{rel}","templated":true}]}}