{"id":6140,"date":"2022-10-26T16:57:23","date_gmt":"2022-10-26T16:57:23","guid":{"rendered":"http:\/\/cleanster.ca\/?page_id=6140"},"modified":"2023-11-02T11:42:49","modified_gmt":"2023-11-02T11:42:49","slug":"buroreinigung-in-meiner-nahe-2","status":"publish","type":"page","link":"https:\/\/cleanster.com\/de\/buroreinigung-in-meiner-nahe-2\/","title":{"rendered":"B\u00fcroreinigung in meiner N\u00e4he"},"content":{"rendered":"<p><span style=\"color: #ffffff;\"><span style=\"font-weight: 400;\">Cleanster.com ist am vielversprechendsten <\/span><b>App f\u00fcr B\u00fcroreinigungsdienste in Ihrer N\u00e4he<\/b><b>.<\/b><span style=\"font-weight: 400;\"> Mit dem <\/span><a style=\"color: #ffffff;\" href=\"https:\/\/cleanster.ca\/\"><span style=\"font-weight: 400;\">Saubermann<\/span><\/a><a style=\"color: #ffffff;\" href=\"https:\/\/cleanster.ca\/\">.com<\/a>k\u00f6nnen Sie unsere B\u00fcroreinigung zu einem g\u00fcnstigen Preis buchen.\u00a0<\/span><\/p>\n<p><span style=\"color: #ffffff;\"><span style=\"font-weight: 400;\">Der B\u00fcroreinigungsservice von Cleanster.com in Ihrer N\u00e4he<\/span><span style=\"font-weight: 400;\">\u00a0 <\/span><span style=\"font-weight: 400;\">kann Ihnen dabei helfen, Ihr Gesch\u00e4ft mithilfe unserer erfahrenen Reinigungskr\u00e4fte in einer 100% bakterienfreien, hygienischen und frischen Umgebung zu erledigen.\u00a0<\/span><\/span><\/p>\n<p><span style=\"color: #ffffff;\"><span style=\"font-weight: 400;\">Wie wir wissen, ist die t\u00e4gliche B\u00fcroreinigung seit dem Ausbruch von COVID-19 noch wichtiger geworden. Unser professionelles Reinigungsteam sorgt gerne f\u00fcr die Sicherheit und Einhaltung der Vorschriften in Ihrem Unternehmen. Wir sind nicht nur in Ihrer N\u00e4he, sondern bieten auch verschiedene Dienstleistungen an. <\/span><a style=\"color: #ffffff;\" href=\"https:\/\/cleanster.ca\/house-cleaning-in-austin-tx\/\"><span style=\"font-weight: 400;\">Hausputz<\/span><\/a><span style=\"font-weight: 400;\">, <\/span><a style=\"color: #ffffff;\" href=\"https:\/\/cleanster.ca\/airbnb-cleaning-in-austin-tx\/\"><span style=\"font-weight: 400;\">Airbnb-Reinigung<\/span><\/a><span style=\"font-weight: 400;\">, <\/span><a style=\"color: #ffffff;\" href=\"https:\/\/cleanster.ca\/deep-cleaning-in-austin-tx-2\/\"><span style=\"font-weight: 400;\">gr\u00fcndliche Reinigung<\/span><\/a><span style=\"font-weight: 400;\">, <\/span><a style=\"color: #ffffff;\" href=\"https:\/\/cleanster.ca\/vacation-rental-cleaning-in-austin-tx\/\"><span style=\"font-weight: 400;\">Reinigung von Ferienunterk\u00fcnften<\/span><\/a><span style=\"font-weight: 400;\"> , und viele mehr.<\/span><\/span><\/p>\n<h2><span style=\"color: #ffffff;\"><b>Reinigungsdienste f\u00fcr Unternehmen und B\u00fcros\u00a0<\/b><\/span><\/h2>\n<p><span style=\"font-weight: 400; color: #ffffff;\">Ein professioneller Reinigungsservice tr\u00e4gt entscheidend dazu bei, die Gesundheit und Organisation Ihrer Mitarbeiter zu gew\u00e4hrleisten und die Verbreitung des neuesten Virus zu reduzieren. Dienstleistungen, die Sie in Anspruch nehmen k\u00f6nnen:<\/span><\/p>\n<p><span style=\"color: #ffffff;\"><b>Grundreinigung<\/b><span style=\"font-weight: 400;\">\u2013 Fegen und Wischen der B\u00f6den und Abwischen von Oberfl\u00e4chen. Wir reinigen Gemeinschaftsbereiche wie K\u00fcche und Badezimmer.<\/span><\/span><\/p>\n<p>&nbsp;<\/p>\n<p><span style=\"color: #ffffff;\"><b>Tiefenreinigung<\/b><span style=\"font-weight: 400;\">\u2013 Mikrowellen, Polster absaugen, hinter Schr\u00e4nken und Ger\u00e4te reinigen. Auch B\u00f6den und M\u00f6bel polieren und andere Dinge.<\/span><\/span><\/p>\n<p>&nbsp;<\/p>\n<p><span style=\"color: #ffffff;\"><b>Tiefendesinfektion<\/b><span style=\"font-weight: 400;\">\u2013 Deckenventilatoren, Wasserh\u00e4hne und T\u00fcrklinken reinigen.<\/span><\/span><\/p>\n<p>&nbsp;<\/p>\n<p><span style=\"color: #ffffff;\"><b>Desinfizieren von Oberfl\u00e4chen<\/b><span style=\"font-weight: 400;\">\u2013 Tastaturen, Desktops, M\u00e4use, Stuhlarmlehnen und Desktops.\u00a0<\/span><\/span><\/p>\n<p>&nbsp;<\/p>\n<p><span style=\"color: #ffffff;\"><b>Fensterreinigung<\/b><span style=\"font-weight: 400;\">\u2013 Polieren Sie alle Fenster und Gl\u00e4ser.\u00a0<\/span><\/span><\/p>\n<p>&nbsp;<\/p>\n<p><span style=\"color: #ffffff;\"><b>Jalousien und Vorh\u00e4nge Reinigung<\/b><span style=\"font-weight: 400;\">\u2013 Anhaftende Staubpartikel.<\/span><\/span><\/p>\n<p>&nbsp;<\/p>\n<p><span style=\"color: #ffffff;\"><b>Teppich- und Bodenreinigung<\/b><span style=\"font-weight: 400;\">\u2013 Beseitigen Sie alle Bakterien, den Staub und die Desinfektionsmittel.<\/span><\/span><\/p>\n<p>&nbsp;<\/p>\n<p><span style=\"color: #ffffff;\"><b>M\u00f6belreinigung<\/b><span style=\"font-weight: 400;\">\u2013 Schreibtische, St\u00fchle, Couchtische und Lounge-Sofas zum Entspannen, f\u00fcr Meetings oder Vorstellungsgespr\u00e4che.<\/span><\/span><\/p>\n<p>&nbsp;<\/p>\n<h2><span style=\"color: #ffffff;\"><b>Wie bekommt man einen Job als B\u00fcroreiniger?<\/b><\/span><\/h2>\n<p><span style=\"color: #ffffff;\"><span style=\"font-weight: 400;\">Wenn Sie auf der Suche nach einem Reinigungsjob sind, versuchen Sie, Ihren B\u00fcroreinigungsjob \u00fcber das <\/span><a style=\"color: #ffffff;\" href=\"https:\/\/play.google.com\/store\/apps\/details?id=com.tidyapp.pro\"><span style=\"font-weight: 400;\">Cleanster.com<\/span><\/a><span style=\"font-weight: 400;\">. Wenn Sie als Reinigungskraft \u00fcber die folgenden Eigenschaften verf\u00fcgen, k\u00f6nnen Sie bei Cleanster.com problemlos einen Reinigungsjob bekommen.\u00a0<\/span><\/span><\/p>\n<p><span style=\"font-weight: 400; color: #ffffff;\">Etwas Erfahrung in der Reinigung ist erforderlich.<\/span><\/p>\n<p><span style=\"font-weight: 400; color: #ffffff;\">Sie m\u00fcssen wissen, wie Sie die Reinigungswerkzeuge und -ger\u00e4te verwenden.\u00a0<\/span><\/p>\n<p><span style=\"font-weight: 400; color: #ffffff;\">So verwenden Sie einen tragbaren Staubsauger.<\/span><\/p>\n<p><span style=\"font-weight: 400; color: #ffffff;\">Sie m\u00fcssen in der Lage sein, Anweisungen zu befolgen, mit minimaler Aufsicht zu arbeiten und kooperativ zu agieren.<\/span><\/p>\n<h2><span style=\"color: #ffffff;\"><b>Der Cleanster<span style=\"font-weight: 400;\">.com<\/span> ist eine App f\u00fcr professionelle B\u00fcroreinigungsdienste mit:<\/b><\/span><\/h2>\n<p><span style=\"font-weight: 400; color: #ffffff;\">Keine versteckten Kosten.\u00a0\u00a0<\/span><\/p>\n<p><span style=\"font-weight: 400; color: #ffffff;\">Versichertes und \u00fcberpr\u00fcftes Personal<\/span><\/p>\n<p><span style=\"font-weight: 400; color: #ffffff;\">Erschwinglich<\/span><\/p>","protected":false},"excerpt":{"rendered":"<p>The Cleanster.com is the most promising app for office cleaning services near you. With the Cleanster.com, you can book our office cleaning service at a budget-friendly price.\u00a0 The Cleanster.com&#8217;s office cleaning service near you\u00a0 can help you to do your business in a 100% bacteria-free, hygienic, and fresh environment with the help of our experienced [&hellip;]<\/p>\n","protected":false},"author":1,"featured_media":17310,"parent":0,"menu_order":0,"comment_status":"closed","ping_status":"closed","template":"templates\/services.php","meta":{"_acf_changed":false,"footnotes":""},"class_list":["post-6140","page","type-page","status-publish","has-post-thumbnail","hentry","entry"],"acf":[],"yoast_head":"<!-- This site is optimized with the Yoast SEO Premium plugin v26.5 (Yoast SEO v27.4) - https:\/\/yoast.com\/product\/yoast-seo-premium-wordpress\/ -->\n<title>App for office cleaning service - Cleanster.com<\/title>\n<meta name=\"description\" content=\"The smartest way to book, pay, and find office cleaning service near me through our Cleanster.com. It takes only 30 seconds.\" \/>\n<meta name=\"robots\" content=\"index, follow, max-snippet:-1, max-image-preview:large, max-video-preview:-1\" \/>\n<link rel=\"canonical\" href=\"https:\/\/cleanster.com\/de\/buroreinigung-in-meiner-nahe-2\/\" \/>\n<meta property=\"og:locale\" content=\"de_DE\" \/>\n<meta property=\"og:type\" content=\"article\" \/>\n<meta property=\"og:title\" content=\"Office Cleaning in near me - Cleanster | Cleaning &amp; Maid Services Near You\" \/>\n<meta property=\"og:description\" content=\"The smartest way to book, pay, and find office cleaning service near me through our Cleanster.com. It takes only 30 seconds.\" \/>\n<meta property=\"og:url\" content=\"https:\/\/cleanster.com\/de\/buroreinigung-in-meiner-nahe-2\/\" \/>\n<meta property=\"og:site_name\" content=\"Cleanster | Cleaning &amp; Maid Services Near You\" \/>\n<meta property=\"article:publisher\" content=\"https:\/\/www.facebook.com\/cleansterhq\" \/>\n<meta property=\"article:modified_time\" content=\"2023-11-02T11:42:49+00:00\" \/>\n<meta property=\"og:image\" content=\"https:\/\/cleanster.com\/wp-content\/uploads\/2023\/11\/office-img.jpg\" \/>\n\t<meta property=\"og:image:width\" content=\"950\" \/>\n\t<meta property=\"og:image:height\" content=\"670\" \/>\n\t<meta property=\"og:image:type\" content=\"image\/jpeg\" \/>\n<meta name=\"twitter:card\" content=\"summary_large_image\" \/>\n<meta name=\"twitter:site\" content=\"@cleansterhq\" \/>\n<meta name=\"twitter:label1\" content=\"Gesch\u00e4tzte Lesezeit\" \/>\n\t<meta name=\"twitter:data1\" content=\"2\u00a0Minuten\" \/>\n<script type=\"application\/ld+json\" class=\"yoast-schema-graph\">{\"@context\":\"https:\\\/\\\/schema.org\",\"@graph\":[{\"@type\":\"WebPage\",\"@id\":\"https:\\\/\\\/cleanster.com\\\/office-cleaning-near-me\\\/\",\"url\":\"https:\\\/\\\/cleanster.com\\\/office-cleaning-near-me\\\/\",\"name\":\"App for office cleaning service - Cleanster.com\",\"isPartOf\":{\"@id\":\"https:\\\/\\\/cleanster.com\\\/#website\"},\"primaryImageOfPage\":{\"@id\":\"https:\\\/\\\/cleanster.com\\\/office-cleaning-near-me\\\/#primaryimage\"},\"image\":{\"@id\":\"https:\\\/\\\/cleanster.com\\\/office-cleaning-near-me\\\/#primaryimage\"},\"thumbnailUrl\":\"https:\\\/\\\/cleanster.com\\\/wp-content\\\/uploads\\\/2023\\\/11\\\/office-img.jpg\",\"datePublished\":\"2022-10-26T16:57:23+00:00\",\"dateModified\":\"2023-11-02T11:42:49+00:00\",\"description\":\"The smartest way to book, pay, and find office cleaning service near me through our Cleanster.com. It takes only 30 seconds.\",\"inLanguage\":\"de\",\"potentialAction\":[{\"@type\":\"ReadAction\",\"target\":[\"https:\\\/\\\/cleanster.com\\\/office-cleaning-near-me\\\/\"]}]},{\"@type\":\"ImageObject\",\"inLanguage\":\"de\",\"@id\":\"https:\\\/\\\/cleanster.com\\\/office-cleaning-near-me\\\/#primaryimage\",\"url\":\"https:\\\/\\\/cleanster.com\\\/wp-content\\\/uploads\\\/2023\\\/11\\\/office-img.jpg\",\"contentUrl\":\"https:\\\/\\\/cleanster.com\\\/wp-content\\\/uploads\\\/2023\\\/11\\\/office-img.jpg\",\"width\":950,\"height\":670},{\"@type\":\"WebSite\",\"@id\":\"https:\\\/\\\/cleanster.com\\\/#website\",\"url\":\"https:\\\/\\\/cleanster.com\\\/\",\"name\":\"Cleanster | Cleaning & Maid Services Near You\",\"description\":\"Instantly find &amp; book trusted cleaners for homes, apartment, Airbnb, and offices. Cleanster offers affordable maid, housekeeping, and commercial cleaning services near you.\",\"publisher\":{\"@id\":\"https:\\\/\\\/cleanster.com\\\/#organization\"},\"alternateName\":\"Cleanster | Cleaning, Maid & Housekeeping Services for Everyone\",\"potentialAction\":[{\"@type\":\"SearchAction\",\"target\":{\"@type\":\"EntryPoint\",\"urlTemplate\":\"https:\\\/\\\/cleanster.com\\\/?s={search_term_string}\"},\"query-input\":{\"@type\":\"PropertyValueSpecification\",\"valueRequired\":true,\"valueName\":\"search_term_string\"}}],\"inLanguage\":\"de\"},{\"@type\":\"Organization\",\"@id\":\"https:\\\/\\\/cleanster.com\\\/#organization\",\"name\":\"Cleanster\",\"alternateName\":\"Cleanster.com\",\"url\":\"https:\\\/\\\/cleanster.com\\\/\",\"logo\":{\"@type\":\"ImageObject\",\"inLanguage\":\"de\",\"@id\":\"https:\\\/\\\/cleanster.com\\\/#\\\/schema\\\/logo\\\/image\\\/\",\"url\":\"https:\\\/\\\/cleanster.com\\\/wp-content\\\/uploads\\\/2025\\\/06\\\/Cleanster-Logo-1.svg\",\"contentUrl\":\"https:\\\/\\\/cleanster.com\\\/wp-content\\\/uploads\\\/2025\\\/06\\\/Cleanster-Logo-1.svg\",\"width\":1,\"height\":1,\"caption\":\"Cleanster\"},\"image\":{\"@id\":\"https:\\\/\\\/cleanster.com\\\/#\\\/schema\\\/logo\\\/image\\\/\"},\"sameAs\":[\"https:\\\/\\\/www.facebook.com\\\/cleansterhq\",\"https:\\\/\\\/x.com\\\/cleansterhq\",\"https:\\\/\\\/www.linkedin.com\\\/company\\\/cleansterhq\",\"https:\\\/\\\/www.instagram.com\\\/cleansterhq\",\"https:\\\/\\\/vm.tiktok.com\\\/ZM8vHmcuo\\\/\",\"https:\\\/\\\/www.clubhouse.com\\\/club\\\/cleanstercom\"],\"description\":\"Cleanster is an AI-powered cleaning services platform that connects Airbnb hosts, property managers, and commercial clients with vetted, on-demand cleaners. We offer apartment, house, Airbnb, commercial, and janitorial cleaning services. With a network of over 100,000 professionals across the US, Canada, and the UK, Cleanster delivers fast, reliable, and tech-enabled cleaning at scale.\",\"email\":\"support@cleanster.com\",\"telephone\":\"+1 (888) 788-2445\",\"legalName\":\"Cleanster, Inc.\",\"foundingDate\":\"2019-05-06\",\"duns\":\"118328526\",\"naics\":\"541511\",\"numberOfEmployees\":{\"@type\":\"QuantitativeValue\",\"minValue\":\"11\",\"maxValue\":\"50\"}}]}<\/script>\n<!-- \/ Yoast SEO Premium plugin. -->","yoast_head_json":{"title":"App f\u00fcr B\u00fcroreinigungsservice - Cleanster.com","description":"Der intelligenteste Weg, \u00fcber Cleanster.com einen B\u00fcroreinigungsdienst in meiner N\u00e4he zu buchen, zu bezahlen und zu finden. Es dauert nur 30 Sekunden.","robots":{"index":"index","follow":"follow","max-snippet":"max-snippet:-1","max-image-preview":"max-image-preview:large","max-video-preview":"max-video-preview:-1"},"canonical":"https:\/\/cleanster.com\/de\/buroreinigung-in-meiner-nahe-2\/","og_locale":"de_DE","og_type":"article","og_title":"Office Cleaning in near me - Cleanster | Cleaning &amp; Maid Services Near You","og_description":"The smartest way to book, pay, and find office cleaning service near me through our Cleanster.com. It takes only 30 seconds.","og_url":"https:\/\/cleanster.com\/de\/buroreinigung-in-meiner-nahe-2\/","og_site_name":"Cleanster | Cleaning &amp; Maid Services Near You","article_publisher":"https:\/\/www.facebook.com\/cleansterhq","article_modified_time":"2023-11-02T11:42:49+00:00","og_image":[{"width":950,"height":670,"url":"https:\/\/cleanster.com\/wp-content\/uploads\/2023\/11\/office-img.jpg","type":"image\/jpeg"}],"twitter_card":"summary_large_image","twitter_site":"@cleansterhq","twitter_misc":{"Gesch\u00e4tzte Lesezeit":"2\u00a0Minuten"},"schema":{"@context":"https:\/\/schema.org","@graph":[{"@type":"WebPage","@id":"https:\/\/cleanster.com\/office-cleaning-near-me\/","url":"https:\/\/cleanster.com\/office-cleaning-near-me\/","name":"App f\u00fcr B\u00fcroreinigungsservice - Cleanster.com","isPartOf":{"@id":"https:\/\/cleanster.com\/#website"},"primaryImageOfPage":{"@id":"https:\/\/cleanster.com\/office-cleaning-near-me\/#primaryimage"},"image":{"@id":"https:\/\/cleanster.com\/office-cleaning-near-me\/#primaryimage"},"thumbnailUrl":"https:\/\/cleanster.com\/wp-content\/uploads\/2023\/11\/office-img.jpg","datePublished":"2022-10-26T16:57:23+00:00","dateModified":"2023-11-02T11:42:49+00:00","description":"Der intelligenteste Weg, \u00fcber Cleanster.com einen B\u00fcroreinigungsdienst in meiner N\u00e4he zu buchen, zu bezahlen und zu finden. Es dauert nur 30 Sekunden.","inLanguage":"de","potentialAction":[{"@type":"ReadAction","target":["https:\/\/cleanster.com\/office-cleaning-near-me\/"]}]},{"@type":"ImageObject","inLanguage":"de","@id":"https:\/\/cleanster.com\/office-cleaning-near-me\/#primaryimage","url":"https:\/\/cleanster.com\/wp-content\/uploads\/2023\/11\/office-img.jpg","contentUrl":"https:\/\/cleanster.com\/wp-content\/uploads\/2023\/11\/office-img.jpg","width":950,"height":670},{"@type":"WebSite","@id":"https:\/\/cleanster.com\/#website","url":"https:\/\/cleanster.com\/","name":"Cleanster | Reinigungs- und Haushaltshilfen in Ihrer N\u00e4he","description":"Finden und buchen Sie sofort zuverl\u00e4ssige Reinigungskr\u00e4fte f\u00fcr H\u00e4user, Wohnungen, Airbnbs und B\u00fcros. Cleanster bietet g\u00fcnstige Reinigungsdienste in Ihrer N\u00e4he.","publisher":{"@id":"https:\/\/cleanster.com\/#organization"},"alternateName":"Cleanster | Cleaning, Maid & Housekeeping Services for Everyone","potentialAction":[{"@type":"SearchAction","target":{"@type":"EntryPoint","urlTemplate":"https:\/\/cleanster.com\/?s={search_term_string}"},"query-input":{"@type":"PropertyValueSpecification","valueRequired":true,"valueName":"search_term_string"}}],"inLanguage":"de"},{"@type":"Organization","@id":"https:\/\/cleanster.com\/#organization","name":"Saubermann","alternateName":"Cleanster.com","url":"https:\/\/cleanster.com\/","logo":{"@type":"ImageObject","inLanguage":"de","@id":"https:\/\/cleanster.com\/#\/schema\/logo\/image\/","url":"https:\/\/cleanster.com\/wp-content\/uploads\/2025\/06\/Cleanster-Logo-1.svg","contentUrl":"https:\/\/cleanster.com\/wp-content\/uploads\/2025\/06\/Cleanster-Logo-1.svg","width":1,"height":1,"caption":"Cleanster"},"image":{"@id":"https:\/\/cleanster.com\/#\/schema\/logo\/image\/"},"sameAs":["https:\/\/www.facebook.com\/cleansterhq","https:\/\/x.com\/cleansterhq","https:\/\/www.linkedin.com\/company\/cleansterhq","https:\/\/www.instagram.com\/cleansterhq","https:\/\/vm.tiktok.com\/ZM8vHmcuo\/","https:\/\/www.clubhouse.com\/club\/cleanstercom"],"description":"Cleanster ist eine KI-gest\u00fctzte Reinigungsplattform, die Airbnb-Gastgeber, Hausverwalter und gewerbliche Kunden mit gepr\u00fcften Reinigungskr\u00e4ften auf Abruf verbindet. Wir bieten Reinigungsdienste f\u00fcr Wohnungen, H\u00e4user, Airbnb-Unterk\u00fcnfte, Gewerbeimmobilien und Hausmeisterdienste an. Mit einem Netzwerk von \u00fcber 100.000 Fachkr\u00e4ften in den USA, Kanada und Gro\u00dfbritannien bietet Cleanster schnelle, zuverl\u00e4ssige und technisch unterst\u00fctzte Reinigung in gro\u00dfem Umfang.","email":"support@cleanster.com","telephone":"+1 (888) 788-2445","legalName":"Cleanster, Inc.","foundingDate":"2019-05-06","duns":"118328526","naics":"541511","numberOfEmployees":{"@type":"QuantitativeValue","minValue":"11","maxValue":"50"}}]}},"_links":{"self":[{"href":"https:\/\/cleanster.com\/de\/wp-json\/wp\/v2\/pages\/6140","targetHints":{"allow":["GET"]}}],"collection":[{"href":"https:\/\/cleanster.com\/de\/wp-json\/wp\/v2\/pages"}],"about":[{"href":"https:\/\/cleanster.com\/de\/wp-json\/wp\/v2\/types\/page"}],"author":[{"embeddable":true,"href":"https:\/\/cleanster.com\/de\/wp-json\/wp\/v2\/users\/1"}],"replies":[{"embeddable":true,"href":"https:\/\/cleanster.com\/de\/wp-json\/wp\/v2\/comments?post=6140"}],"version-history":[{"count":0,"href":"https:\/\/cleanster.com\/de\/wp-json\/wp\/v2\/pages\/6140\/revisions"}],"wp:featuredmedia":[{"embeddable":true,"href":"https:\/\/cleanster.com\/de\/wp-json\/wp\/v2\/media\/17310"}],"wp:attachment":[{"href":"https:\/\/cleanster.com\/de\/wp-json\/wp\/v2\/media?parent=6140"}],"curies":[{"name":"wp","href":"https:\/\/api.w.org\/{rel}","templated":true}]}}