{"id":6200,"date":"2022-10-26T17:35:54","date_gmt":"2022-10-26T17:35:54","guid":{"rendered":"http:\/\/cleanster.ca\/?page_id=6200"},"modified":"2025-10-09T22:04:44","modified_gmt":"2025-10-09T22:04:44","slug":"airbnb-reinigung-in-oklahoma-city-ok","status":"publish","type":"page","link":"https:\/\/cleanster.com\/de\/airbnb-reinigung-in-oklahoma-city-ok\/","title":{"rendered":"Airbnb-Reinigung in Oklahoma City, OK"},"content":{"rendered":"<h2><span style=\"color: #ffffff;\"><span style=\"font-weight: 400;\">App f\u00fcr Airbnb Reinigungsservice in <\/span><span style=\"font-weight: 400;\">Oklahoma City, OK<\/span><\/span><\/h2>\n<p><span style=\"color: #ffffff;\"><span style=\"font-weight: 400;\">Halten Sie Ihre Immobilie sauber und ordentlich, damit Sie die Bewertung oder Rezension Ihres Kunden verbessern k\u00f6nnen, indem Sie unseren Airbnb-Reinigungsservice in Oklahoma City, OK, nutzen<\/span><b>. <\/b><span style=\"font-weight: 400;\">Verwendung der<\/span><a style=\"color: #ffffff;\" href=\"https:\/\/cleanster.ca\/\"> Cleanster.com<span style=\"font-weight: 400;\">\u00a0App<\/span><\/a><span style=\"font-weight: 400;\"> f\u00fcr die Airbnb-Reinigungs-App k\u00f6nnen Sie eine hervorragende und professionelle Reinigung f\u00fcr Ihren Platz erhalten, um sicherzustellen, dass Ihre Kunden mit Ihrer Professionalit\u00e4t als Gastgeber zufrieden sind. Als Unternehmer oder Hausbesitzer k\u00f6nnen Sie Ihr Gesch\u00e4ft mit der <a style=\"color: #ffffff;\" href=\"https:\/\/cleanster.com\/\">Cleanster.com<\/a> w\u00fcrde Ihnen zugute kommen, und es kann eine gute Wahl f\u00fcr Ihr Unternehmen sein. Die Cleanster.com A<\/span>pp macht die Dinge einfach und sorgt daf\u00fcr, dass alles professionell bleibt. <span style=\"font-weight: 400;\">Jetzt bedienen wir das gesamte<\/span> <a style=\"color: #ffffff;\" href=\"https:\/\/en.wikipedia.org\/wiki\/Oklahoma_City\"><span style=\"font-weight: 400;\">Oklahoma City, OK<\/span><\/a><\/span><\/p>\n<p><span style=\"color: #ffffff;\"><span style=\"font-weight: 400;\">Wenn Sie also nach einem Airbnb-Reinigungsservice suchen in <\/span><span style=\"font-weight: 400;\">Oklahoma City, OK<\/span><span style=\"font-weight: 400;\"><b>, nicht<\/b><\/span><span style=\"font-weight: 400;\">\u00a0z\u00f6gern.<\/span><\/span><\/p>\n<h2><span style=\"font-weight: 400; color: #ffffff;\">Airbnb-App f\u00fcr Reinigungsjobs<\/span><\/h2>\n<p><span style=\"color: #ffffff;\"><b>Die Arbeit des Airbnb-Housekeepings<\/b><span style=\"font-weight: 400;\"> besteht darin, Ihr Eigentum mit einzigartigen Reinigungsprodukten und -verfahren zu reinigen.<\/span><\/span><\/p>\n<p><span style=\"font-weight: 400; color: #ffffff;\">Es wird Ihnen helfen, den Zeitplan einzuhalten.<\/span><\/p>\n<p><span style=\"font-weight: 400; color: #ffffff;\">\u00a0Um Ihren Hausverwaltern bei der Begutachtung von Feriendomizilen Zeit zu sparen, k\u00f6nnen Sie mobile Objektbesichtigungen durchf\u00fchren.\u00a0<\/span><\/p>\n<p><span style=\"font-weight: 400; color: #ffffff;\">Sie k\u00f6nnen Ihre Statussymbole erstellen, um Notizen, Fotos, VIP-Check-ins und sp\u00e4te Check-outs zu verfolgen.<\/span><\/p>\n<p><span style=\"font-weight: 400; color: #ffffff;\">Machen Sie es Reinigungsunternehmen und Hausverwaltungen leicht.<\/span><\/p>\n<h2><span style=\"font-weight: 400; color: #ffffff;\">Cleanster.com Putzkalender-App<\/span><\/h2>\n<p><span style=\"font-weight: 400; color: #ffffff;\">Wenn Sie Ihren Kalender nicht per E-Mail an die Reinigungskraft senden m\u00f6chten, um das Eintippen und Aktualisieren von Daten zu vermeiden, versuchen Sie es mit Cleanster.com. Cleanster.com hilft Ihnen bei der Synchronisierung mit Ihrem Airbnb-Konto. Mit Cleanster.com k\u00f6nnen Sie Bilder verwenden, damit die Reinigungskraft wei\u00df, worauf sie achten muss, und sie ihr senden. Senden Sie den Link zu Ihrem Airbnb-Kalender f\u00fcr die Buchungsdaten an Ihre Reinigungskraft.<\/span><\/p>\n<h2><span style=\"font-weight: 400; color: #ffffff;\">Cleanster.com Airbnb-Reinigungscheckliste<\/span><\/h2>\n<p><span style=\"font-weight: 400; color: #ffffff;\">Unsere professionellen Reinigungskr\u00e4fte reinigen und desinfizieren jedes M\u00f6belst\u00fcck und jedes elektronische Ger\u00e4t gr\u00fcndlich, waschen und wechseln Bettw\u00e4sche und Handt\u00fccher, machen Hotelbetten und reinigen K\u00fcche und Bad gr\u00fcndlich. Sie fegen und wischen die B\u00f6den und saugen die Teppiche. Bringen den M\u00fcll raus. F\u00fcllen Sie wichtige Utensilien und Toilettenartikel auf und sorgen Sie f\u00fcr saubere, helle Spiegel. Wir sind engagiert und sehr kompetent, wenn es darum geht, qualitativ hochwertige Reinigungsergebnisse zu erzielen.<\/span><\/p>","protected":false},"excerpt":{"rendered":"<p>App for Airbnb cleaning service in Oklahoma City, OK Keep your property clean and organized so you can increase your client&#8217;s rating or review by using our Airbnb cleaning service in Oklahoma City, OK. Using the Cleanster.com\u00a0app for Airbnb cleaning app, you can get excellent and professional-grade cleaning for your place to ensure your customers [&hellip;]<\/p>\n","protected":false},"author":2,"featured_media":16058,"parent":0,"menu_order":0,"comment_status":"closed","ping_status":"closed","template":"templates\/services.php","meta":{"_acf_changed":false,"footnotes":""},"class_list":["post-6200","page","type-page","status-publish","has-post-thumbnail","hentry","entry"],"acf":[],"yoast_head":"<!-- This site is optimized with the Yoast SEO Premium plugin v26.5 (Yoast SEO v27.3) - https:\/\/yoast.com\/product\/yoast-seo-premium-wordpress\/ -->\n<title>App for Airbnb cleaning service in Oklahoma City, OK<\/title>\n<meta name=\"description\" content=\"The smartest way to book, pay, and find App for Airbnb cleaning service in Oklahoma City, OK through our Cleanster.com.\" \/>\n<meta name=\"robots\" content=\"index, follow, max-snippet:-1, max-image-preview:large, max-video-preview:-1\" \/>\n<link rel=\"canonical\" href=\"https:\/\/cleanster.com\/de\/airbnb-reinigung-in-oklahoma-city-ok\/\" \/>\n<meta property=\"og:locale\" content=\"de_DE\" \/>\n<meta property=\"og:type\" content=\"article\" \/>\n<meta property=\"og:title\" content=\"Airbnb Cleaning in Oklahoma City, OK - Cleanster | Cleaning &amp; Maid Services Near You\" \/>\n<meta property=\"og:description\" content=\"The smartest way to book, pay, and find App for Airbnb cleaning service in Oklahoma City, OK through our Cleanster.com.\" \/>\n<meta property=\"og:url\" content=\"https:\/\/cleanster.com\/de\/airbnb-reinigung-in-oklahoma-city-ok\/\" \/>\n<meta property=\"og:site_name\" content=\"Cleanster | Cleaning &amp; Maid Services Near You\" \/>\n<meta property=\"article:publisher\" content=\"https:\/\/www.facebook.com\/cleansterhq\" \/>\n<meta property=\"article:modified_time\" content=\"2025-10-09T22:04:44+00:00\" \/>\n<meta property=\"og:image\" content=\"https:\/\/cleanster.com\/wp-content\/uploads\/2023\/10\/airbnb-img.jpg\" \/>\n\t<meta property=\"og:image:width\" content=\"950\" \/>\n\t<meta property=\"og:image:height\" content=\"670\" \/>\n\t<meta property=\"og:image:type\" content=\"image\/jpeg\" \/>\n<meta name=\"twitter:card\" content=\"summary_large_image\" \/>\n<meta name=\"twitter:site\" content=\"@cleansterhq\" \/>\n<meta name=\"twitter:label1\" content=\"Gesch\u00e4tzte Lesezeit\" \/>\n\t<meta name=\"twitter:data1\" content=\"2\u00a0Minuten\" \/>\n<script type=\"application\/ld+json\" class=\"yoast-schema-graph\">{\"@context\":\"https:\\\/\\\/schema.org\",\"@graph\":[{\"@type\":\"WebPage\",\"@id\":\"https:\\\/\\\/cleanster.com\\\/airbnb-cleaning-in-oklahoma-city-ok\\\/\",\"url\":\"https:\\\/\\\/cleanster.com\\\/airbnb-cleaning-in-oklahoma-city-ok\",\"name\":\"App for Airbnb cleaning service in Oklahoma City, OK\",\"isPartOf\":{\"@id\":\"https:\\\/\\\/cleanster.com\\\/#website\"},\"primaryImageOfPage\":{\"@id\":\"https:\\\/\\\/cleanster.com\\\/airbnb-cleaning-in-oklahoma-city-ok#primaryimage\"},\"image\":{\"@id\":\"https:\\\/\\\/cleanster.com\\\/airbnb-cleaning-in-oklahoma-city-ok#primaryimage\"},\"thumbnailUrl\":\"https:\\\/\\\/cleanster.com\\\/wp-content\\\/uploads\\\/2023\\\/10\\\/airbnb-img.jpg\",\"datePublished\":\"2022-10-26T17:35:54+00:00\",\"dateModified\":\"2025-10-09T22:04:44+00:00\",\"description\":\"The smartest way to book, pay, and find App for Airbnb cleaning service in Oklahoma City, OK through our Cleanster.com.\",\"inLanguage\":\"de\",\"potentialAction\":[{\"@type\":\"ReadAction\",\"target\":[\"https:\\\/\\\/cleanster.com\\\/airbnb-cleaning-in-oklahoma-city-ok\"]}]},{\"@type\":\"ImageObject\",\"inLanguage\":\"de\",\"@id\":\"https:\\\/\\\/cleanster.com\\\/airbnb-cleaning-in-oklahoma-city-ok#primaryimage\",\"url\":\"https:\\\/\\\/cleanster.com\\\/wp-content\\\/uploads\\\/2023\\\/10\\\/airbnb-img.jpg\",\"contentUrl\":\"https:\\\/\\\/cleanster.com\\\/wp-content\\\/uploads\\\/2023\\\/10\\\/airbnb-img.jpg\",\"width\":950,\"height\":670},{\"@type\":\"WebSite\",\"@id\":\"https:\\\/\\\/cleanster.com\\\/#website\",\"url\":\"https:\\\/\\\/cleanster.com\\\/\",\"name\":\"Cleanster | Cleaning & Maid Services Near You\",\"description\":\"Instantly find &amp; book trusted cleaners for homes, apartment, Airbnb, and offices. Cleanster offers affordable maid, housekeeping, and commercial cleaning services near you.\",\"publisher\":{\"@id\":\"https:\\\/\\\/cleanster.com\\\/#organization\"},\"alternateName\":\"Cleanster | Cleaning, Maid & Housekeeping Services for Everyone\",\"potentialAction\":[{\"@type\":\"SearchAction\",\"target\":{\"@type\":\"EntryPoint\",\"urlTemplate\":\"https:\\\/\\\/cleanster.com\\\/?s={search_term_string}\"},\"query-input\":{\"@type\":\"PropertyValueSpecification\",\"valueRequired\":true,\"valueName\":\"search_term_string\"}}],\"inLanguage\":\"de\"},{\"@type\":\"Organization\",\"@id\":\"https:\\\/\\\/cleanster.com\\\/#organization\",\"name\":\"Cleanster\",\"alternateName\":\"Cleanster.com\",\"url\":\"https:\\\/\\\/cleanster.com\\\/\",\"logo\":{\"@type\":\"ImageObject\",\"inLanguage\":\"de\",\"@id\":\"https:\\\/\\\/cleanster.com\\\/#\\\/schema\\\/logo\\\/image\\\/\",\"url\":\"https:\\\/\\\/cleanster.com\\\/wp-content\\\/uploads\\\/2025\\\/06\\\/Cleanster-Logo-1.svg\",\"contentUrl\":\"https:\\\/\\\/cleanster.com\\\/wp-content\\\/uploads\\\/2025\\\/06\\\/Cleanster-Logo-1.svg\",\"width\":1,\"height\":1,\"caption\":\"Cleanster\"},\"image\":{\"@id\":\"https:\\\/\\\/cleanster.com\\\/#\\\/schema\\\/logo\\\/image\\\/\"},\"sameAs\":[\"https:\\\/\\\/www.facebook.com\\\/cleansterhq\",\"https:\\\/\\\/x.com\\\/cleansterhq\",\"https:\\\/\\\/www.linkedin.com\\\/company\\\/cleansterhq\",\"https:\\\/\\\/www.instagram.com\\\/cleansterhq\",\"https:\\\/\\\/vm.tiktok.com\\\/ZM8vHmcuo\\\/\",\"https:\\\/\\\/www.clubhouse.com\\\/club\\\/cleanstercom\"],\"description\":\"Cleanster is an AI-powered cleaning services platform that connects Airbnb hosts, property managers, and commercial clients with vetted, on-demand cleaners. We offer apartment, house, Airbnb, commercial, and janitorial cleaning services. With a network of over 100,000 professionals across the US, Canada, and the UK, Cleanster delivers fast, reliable, and tech-enabled cleaning at scale.\",\"email\":\"support@cleanster.com\",\"telephone\":\"+1 (888) 788-2445\",\"legalName\":\"Cleanster, Inc.\",\"foundingDate\":\"2019-05-06\",\"duns\":\"118328526\",\"naics\":\"541511\",\"numberOfEmployees\":{\"@type\":\"QuantitativeValue\",\"minValue\":\"11\",\"maxValue\":\"50\"}}]}<\/script>\n<!-- \/ Yoast SEO Premium plugin. -->","yoast_head_json":{"title":"App f\u00fcr Airbnb-Reinigungsservice in Oklahoma City, OK","description":"Der intelligenteste Weg, eine App f\u00fcr einen Airbnb-Reinigungsservice in Oklahoma City, OK, \u00fcber Cleanster.com zu buchen, zu bezahlen und zu finden.","robots":{"index":"index","follow":"follow","max-snippet":"max-snippet:-1","max-image-preview":"max-image-preview:large","max-video-preview":"max-video-preview:-1"},"canonical":"https:\/\/cleanster.com\/de\/airbnb-reinigung-in-oklahoma-city-ok\/","og_locale":"de_DE","og_type":"article","og_title":"Airbnb Cleaning in Oklahoma City, OK - Cleanster | Cleaning &amp; Maid Services Near You","og_description":"The smartest way to book, pay, and find App for Airbnb cleaning service in Oklahoma City, OK through our Cleanster.com.","og_url":"https:\/\/cleanster.com\/de\/airbnb-reinigung-in-oklahoma-city-ok\/","og_site_name":"Cleanster | Cleaning &amp; Maid Services Near You","article_publisher":"https:\/\/www.facebook.com\/cleansterhq","article_modified_time":"2025-10-09T22:04:44+00:00","og_image":[{"width":950,"height":670,"url":"https:\/\/cleanster.com\/wp-content\/uploads\/2023\/10\/airbnb-img.jpg","type":"image\/jpeg"}],"twitter_card":"summary_large_image","twitter_site":"@cleansterhq","twitter_misc":{"Gesch\u00e4tzte Lesezeit":"2\u00a0Minuten"},"schema":{"@context":"https:\/\/schema.org","@graph":[{"@type":"WebPage","@id":"https:\/\/cleanster.com\/airbnb-cleaning-in-oklahoma-city-ok\/","url":"https:\/\/cleanster.com\/airbnb-cleaning-in-oklahoma-city-ok","name":"App f\u00fcr Airbnb-Reinigungsservice in Oklahoma City, OK","isPartOf":{"@id":"https:\/\/cleanster.com\/#website"},"primaryImageOfPage":{"@id":"https:\/\/cleanster.com\/airbnb-cleaning-in-oklahoma-city-ok#primaryimage"},"image":{"@id":"https:\/\/cleanster.com\/airbnb-cleaning-in-oklahoma-city-ok#primaryimage"},"thumbnailUrl":"https:\/\/cleanster.com\/wp-content\/uploads\/2023\/10\/airbnb-img.jpg","datePublished":"2022-10-26T17:35:54+00:00","dateModified":"2025-10-09T22:04:44+00:00","description":"Der intelligenteste Weg, eine App f\u00fcr einen Airbnb-Reinigungsservice in Oklahoma City, OK, \u00fcber Cleanster.com zu buchen, zu bezahlen und zu finden.","inLanguage":"de","potentialAction":[{"@type":"ReadAction","target":["https:\/\/cleanster.com\/airbnb-cleaning-in-oklahoma-city-ok"]}]},{"@type":"ImageObject","inLanguage":"de","@id":"https:\/\/cleanster.com\/airbnb-cleaning-in-oklahoma-city-ok#primaryimage","url":"https:\/\/cleanster.com\/wp-content\/uploads\/2023\/10\/airbnb-img.jpg","contentUrl":"https:\/\/cleanster.com\/wp-content\/uploads\/2023\/10\/airbnb-img.jpg","width":950,"height":670},{"@type":"WebSite","@id":"https:\/\/cleanster.com\/#website","url":"https:\/\/cleanster.com\/","name":"Cleanster | Reinigungs- und Haushaltshilfen in Ihrer N\u00e4he","description":"Finden und buchen Sie sofort zuverl\u00e4ssige Reinigungskr\u00e4fte f\u00fcr H\u00e4user, Wohnungen, Airbnbs und B\u00fcros. Cleanster bietet g\u00fcnstige Reinigungsdienste in Ihrer N\u00e4he.","publisher":{"@id":"https:\/\/cleanster.com\/#organization"},"alternateName":"Cleanster | Cleaning, Maid & Housekeeping Services for Everyone","potentialAction":[{"@type":"SearchAction","target":{"@type":"EntryPoint","urlTemplate":"https:\/\/cleanster.com\/?s={search_term_string}"},"query-input":{"@type":"PropertyValueSpecification","valueRequired":true,"valueName":"search_term_string"}}],"inLanguage":"de"},{"@type":"Organization","@id":"https:\/\/cleanster.com\/#organization","name":"Saubermann","alternateName":"Cleanster.com","url":"https:\/\/cleanster.com\/","logo":{"@type":"ImageObject","inLanguage":"de","@id":"https:\/\/cleanster.com\/#\/schema\/logo\/image\/","url":"https:\/\/cleanster.com\/wp-content\/uploads\/2025\/06\/Cleanster-Logo-1.svg","contentUrl":"https:\/\/cleanster.com\/wp-content\/uploads\/2025\/06\/Cleanster-Logo-1.svg","width":1,"height":1,"caption":"Cleanster"},"image":{"@id":"https:\/\/cleanster.com\/#\/schema\/logo\/image\/"},"sameAs":["https:\/\/www.facebook.com\/cleansterhq","https:\/\/x.com\/cleansterhq","https:\/\/www.linkedin.com\/company\/cleansterhq","https:\/\/www.instagram.com\/cleansterhq","https:\/\/vm.tiktok.com\/ZM8vHmcuo\/","https:\/\/www.clubhouse.com\/club\/cleanstercom"],"description":"Cleanster ist eine KI-gest\u00fctzte Reinigungsplattform, die Airbnb-Gastgeber, Hausverwalter und gewerbliche Kunden mit gepr\u00fcften Reinigungskr\u00e4ften auf Abruf verbindet. Wir bieten Reinigungsdienste f\u00fcr Wohnungen, H\u00e4user, Airbnb-Unterk\u00fcnfte, Gewerbeimmobilien und Hausmeisterdienste an. Mit einem Netzwerk von \u00fcber 100.000 Fachkr\u00e4ften in den USA, Kanada und Gro\u00dfbritannien bietet Cleanster schnelle, zuverl\u00e4ssige und technisch unterst\u00fctzte Reinigung in gro\u00dfem Umfang.","email":"support@cleanster.com","telephone":"+1 (888) 788-2445","legalName":"Cleanster, Inc.","foundingDate":"2019-05-06","duns":"118328526","naics":"541511","numberOfEmployees":{"@type":"QuantitativeValue","minValue":"11","maxValue":"50"}}]}},"_links":{"self":[{"href":"https:\/\/cleanster.com\/de\/wp-json\/wp\/v2\/pages\/6200","targetHints":{"allow":["GET"]}}],"collection":[{"href":"https:\/\/cleanster.com\/de\/wp-json\/wp\/v2\/pages"}],"about":[{"href":"https:\/\/cleanster.com\/de\/wp-json\/wp\/v2\/types\/page"}],"author":[{"embeddable":true,"href":"https:\/\/cleanster.com\/de\/wp-json\/wp\/v2\/users\/2"}],"replies":[{"embeddable":true,"href":"https:\/\/cleanster.com\/de\/wp-json\/wp\/v2\/comments?post=6200"}],"version-history":[{"count":0,"href":"https:\/\/cleanster.com\/de\/wp-json\/wp\/v2\/pages\/6200\/revisions"}],"wp:featuredmedia":[{"embeddable":true,"href":"https:\/\/cleanster.com\/de\/wp-json\/wp\/v2\/media\/16058"}],"wp:attachment":[{"href":"https:\/\/cleanster.com\/de\/wp-json\/wp\/v2\/media?parent=6200"}],"curies":[{"name":"wp","href":"https:\/\/api.w.org\/{rel}","templated":true}]}}