{"id":6384,"date":"2022-10-26T19:25:02","date_gmt":"2022-10-26T19:25:02","guid":{"rendered":"http:\/\/cleanster.ca\/?page_id=6384"},"modified":"2024-01-08T11:03:18","modified_gmt":"2024-01-08T11:03:18","slug":"einzug-und-putzen-in-new-york-city-new-york-2","status":"publish","type":"page","link":"https:\/\/cleanster.com\/de\/einzug-und-putzen-in-new-york-city-new-york-2\/","title":{"rendered":"Umzugsreinigung in New York City, NY"},"content":{"rendered":"<h2><span style=\"color: #ffffff;\"><b>Ein- und Auszugsreinigungs-App in <\/b><b>New York City, NY<\/b><\/span><\/h2>\n<p><span style=\"color: #ffffff;\"><span style=\"font-weight: 400;\">Suchen Sie eine App f\u00fcr die Reinigung beim Ein- und Auszug in<\/span> <span style=\"font-weight: 400;\">New York City, NY<\/span><span style=\"font-weight: 400;\">? Dann k\u00f6nnen Sie ohne Zweifel versuchen, die <\/span><a style=\"color: #ffffff;\" href=\"https:\/\/play.google.com\/store\/apps\/details?id=com.tidyapp.pro\"><span style=\"font-weight: 400;\">Saubermann<\/span><\/a><a style=\"color: #ffffff;\" href=\"https:\/\/play.google.com\/store\/apps\/details?id=com.tidyapp.pro\">.com <\/a>f\u00fcr diesen Service.\u00a0<\/span><\/p>\n<p><span style=\"color: #ffffff;\"><span style=\"font-weight: 400;\">Es gibt unz\u00e4hlige Aufgaben und Prozesse, die Sie erledigen m\u00fcssen, w\u00e4hrend Sie von einem Ort zum anderen ziehen. <\/span><a style=\"color: #ffffff;\" href=\"https:\/\/cleanster.com\/\"><span style=\"font-weight: 400;\">Saubermann<\/span>.com<\/a> bietet L\u00f6sungen sowohl f\u00fcr die Einzugs- als auch f\u00fcr die Auszugsreinigung.<\/span><\/p>\n<p><span style=\"font-weight: 400; color: #ffffff;\">Die Fachleute von Cleanster.com reinigen Ihr neues oder altes Zuhause gr\u00fcndlich, damit Ihr Umzug so reibungslos und sorgenfrei wie m\u00f6glich verl\u00e4uft, und k\u00fcmmern sich f\u00fcr Sie um das Durcheinander.<\/span><\/p>\n<h2><span style=\"color: #ffffff;\"><b>Checkliste f\u00fcr die Entr\u00fcmpelung beim Umzug Die Cleanster.com-App bietet:<\/b><\/span><\/h2>\n<p><span style=\"font-weight: 400; color: #ffffff;\">Die Fachleute von Cleanster.com k\u00f6nnen alle Punkte auf Ihrer Checkliste f\u00fcr die Endreinigung erledigen, ohne das Eigentum zu besch\u00e4digen, sodass Ihnen mehr Zeit f\u00fcr die Vorbereitung des Umzugs bleibt.\u00a0<\/span><\/p>\n<p><span style=\"font-weight: 400; color: #ffffff;\">Staub (alles)<\/span><\/p>\n<p><span style=\"font-weight: 400; color: #ffffff;\">Saubere K\u00fcchenger\u00e4te<\/span><\/p>\n<p><span style=\"font-weight: 400; color: #ffffff;\">Schr\u00e4nke ausmisten<\/span><\/p>\n<p><span style=\"font-weight: 400; color: #ffffff;\">Sp\u00fclbecken und Arbeitsplatten reinigen<\/span><\/p>\n<p><span style=\"font-weight: 400; color: #ffffff;\">Toiletten schrubben<\/span><\/p>\n<p><span style=\"font-weight: 400; color: #ffffff;\">Peeling-Dusche und Badewanne<\/span><\/p>\n<p><span style=\"font-weight: 400; color: #ffffff;\">Fu\u00dfleisten abwischen<\/span><\/p>\n<p><span style=\"font-weight: 400; color: #ffffff;\">Alle B\u00f6den staubsaugen und fegen<\/span><\/p>\n<p><span style=\"font-weight: 400; color: #ffffff;\">Wir erledigen unsere Reinigungs- und Umzugsarbeiten effizient mit unseren professionellen Mitarbeitern. Sie k\u00f6nnen Ihren Zeitplan f\u00fcr die Umzugsreinigung individuell anpassen.\u00a0<\/span><\/p>\n<p><span style=\"color: #ffffff;\"><span style=\"font-weight: 400;\">Wir sind nicht nur ans\u00e4ssig in <\/span><span style=\"font-weight: 400;\">New York City,<\/span><span style=\"font-weight: 400;\"> Wir haben mehrere Orte, an denen wir verschiedene Dienste anbieten, wie <\/span><a style=\"color: #ffffff;\" href=\"https:\/\/cleanster.ca\/house-cleaning-in-austin-tx\/\"><span style=\"font-weight: 400;\">Hausputz<\/span><\/a><span style=\"font-weight: 400;\">, <\/span><a style=\"color: #ffffff;\" href=\"https:\/\/cleanster.ca\/airbnb-cleaning-in-austin-tx\/\"><span style=\"font-weight: 400;\">Airbnb-Reinigung<\/span><\/a><span style=\"font-weight: 400;\">, <\/span><a style=\"color: #ffffff;\" href=\"https:\/\/cleanster.ca\/deep-cleaning-in-austin-tx-2\/\"><span style=\"font-weight: 400;\">gr\u00fcndliche Reinigung<\/span><\/a><span style=\"font-weight: 400;\">, <\/span><a style=\"color: #ffffff;\" href=\"https:\/\/cleanster.ca\/vacation-rental-cleaning-in-austin-tx\/\"><span style=\"font-weight: 400;\">Reinigung von Ferienunterk\u00fcnften<\/span><\/a>,<span style=\"font-weight: 400;\"> und viele mehr.<\/span><\/span><\/p>\n<h2><span style=\"color: #ffffff;\"><b>Einzugsservice<\/b><\/span><\/h2>\n<p><span style=\"color: #ffffff;\"><span style=\"font-weight: 400;\">Der Umzug in ein neues Zuhause ist aufregend und auch stressig. Es gibt viele Dinge, die Sie vor dem Einzug arrangieren m\u00fcssen. Dinge wie Reinigung und Vorbereitung neuer M\u00f6bel und andere. Mit Cleanster.com kann unser Experte diese Aufgaben sehr kompetent erledigen. Unsere hervorragende App ist auch f\u00fcr Reinigungsdienste beim Einzug verf\u00fcgbar in <\/span><a style=\"color: #ffffff;\" href=\"https:\/\/en.wikipedia.org\/wiki\/New_York_City\"><span style=\"font-weight: 400;\">New York City, NY<\/span><\/a><\/span><\/p>\n<p><span style=\"font-weight: 400; color: #ffffff;\">Wir reinigen Ihr neues Haus gr\u00fcndlich, r\u00e4umen schwere M\u00f6belst\u00fccke ein und sorgen daf\u00fcr, dass alles in einem Top-Zustand ist.<\/span><\/p>\n<p><span style=\"font-weight: 400; color: #ffffff;\">Egal ob Sie umziehen oder ausziehen, wir haben unsere App f\u00fcr Umzugshelfer zu einem erschwinglichen Preis entwickelt.\u00a0<\/span><\/p>\n<h2><span style=\"color: #ffffff;\"><b>Vorteile, die Sie erhalten k\u00f6nnen<\/b><\/span><\/h2>\n<p><span style=\"font-weight: 400; color: #ffffff;\">Wir helfen Ihnen, Zeit zu sparen und sind viel sicherer, als Sie denken.<\/span><\/p>\n<p><span style=\"font-weight: 400; color: #ffffff;\">Sie m\u00fcssen sich keine Gedanken \u00fcber die Verwaltung von Genehmigungen und Beratungen machen.<\/span><\/p>\n<p><span style=\"font-weight: 400; color: #ffffff;\">Wir verf\u00fcgen \u00fcber das passende Reinigungsequipment.<\/span><\/p>\n<p><span style=\"font-weight: 400; color: #ffffff;\">Unser Personal verf\u00fcgt \u00fcber umfassende Erfahrung im Abtransport schwerer Gegenst\u00e4nde.<\/span><\/p>","protected":false},"excerpt":{"rendered":"<p>Moving In and Out Cleaning App in New York City, NY Are you looking for a moving-in and out cleaning app in New York City, NY? Then without any doubt, you can try the Cleanster.com for this service.\u00a0 There are countless tasks and processes you need to do while you are moving from one place [&hellip;]<\/p>\n","protected":false},"author":1,"featured_media":17319,"parent":0,"menu_order":0,"comment_status":"closed","ping_status":"closed","template":"templates\/services.php","meta":{"_acf_changed":false,"footnotes":""},"class_list":["post-6384","page","type-page","status-publish","has-post-thumbnail","hentry","entry"],"acf":[],"yoast_head":"<!-- This site is optimized with the Yoast SEO Premium plugin v26.5 (Yoast SEO v27.5) - https:\/\/yoast.com\/product\/yoast-seo-premium-wordpress\/ -->\n<title>Moving in and out cleaning app in NewYork City, NY- Cleanster.com<\/title>\n<meta name=\"description\" content=\"The smartest way to book, pay, and find moving in and out cleaning service in New York City, NY through Cleanster.com. Let&#039;s download\" \/>\n<meta name=\"robots\" content=\"index, follow, max-snippet:-1, max-image-preview:large, max-video-preview:-1\" \/>\n<link rel=\"canonical\" href=\"https:\/\/cleanster.com\/de\/einzug-und-putzen-in-new-york-city-new-york-2\/\" \/>\n<meta property=\"og:locale\" content=\"de_DE\" \/>\n<meta property=\"og:type\" content=\"article\" \/>\n<meta property=\"og:title\" content=\"Moving In Out Cleaning in New York City, NY - Cleanster | Cleaning &amp; Maid Services Near You\" \/>\n<meta property=\"og:description\" content=\"The smartest way to book, pay, and find moving in and out cleaning service in New York City, NY through Cleanster.com. Let&#039;s download\" \/>\n<meta property=\"og:url\" content=\"https:\/\/cleanster.com\/de\/einzug-und-putzen-in-new-york-city-new-york-2\/\" \/>\n<meta property=\"og:site_name\" content=\"Cleanster | Cleaning &amp; Maid Services Near You\" \/>\n<meta property=\"article:publisher\" content=\"https:\/\/www.facebook.com\/cleansterhq\" \/>\n<meta property=\"article:modified_time\" content=\"2024-01-08T11:03:18+00:00\" \/>\n<meta property=\"og:image\" content=\"https:\/\/cleanster.com\/wp-content\/uploads\/2023\/11\/moving-img.jpg\" \/>\n\t<meta property=\"og:image:width\" content=\"950\" \/>\n\t<meta property=\"og:image:height\" content=\"670\" \/>\n\t<meta property=\"og:image:type\" content=\"image\/jpeg\" \/>\n<meta name=\"twitter:card\" content=\"summary_large_image\" \/>\n<meta name=\"twitter:site\" content=\"@cleansterhq\" \/>\n<meta name=\"twitter:label1\" content=\"Gesch\u00e4tzte Lesezeit\" \/>\n\t<meta name=\"twitter:data1\" content=\"2\u00a0Minuten\" \/>\n<script type=\"application\/ld+json\" class=\"yoast-schema-graph\">{\"@context\":\"https:\\\/\\\/schema.org\",\"@graph\":[{\"@type\":\"WebPage\",\"@id\":\"https:\\\/\\\/cleanster.com\\\/moving-in-out-cleaning-in-new-york-city-ny\\\/\",\"url\":\"https:\\\/\\\/cleanster.com\\\/moving-in-out-cleaning-in-new-york-city-ny\\\/\",\"name\":\"Moving in and out cleaning app in NewYork City, NY- Cleanster.com\",\"isPartOf\":{\"@id\":\"https:\\\/\\\/cleanster.com\\\/#website\"},\"primaryImageOfPage\":{\"@id\":\"https:\\\/\\\/cleanster.com\\\/moving-in-out-cleaning-in-new-york-city-ny\\\/#primaryimage\"},\"image\":{\"@id\":\"https:\\\/\\\/cleanster.com\\\/moving-in-out-cleaning-in-new-york-city-ny\\\/#primaryimage\"},\"thumbnailUrl\":\"https:\\\/\\\/cleanster.com\\\/wp-content\\\/uploads\\\/2023\\\/11\\\/moving-img.jpg\",\"datePublished\":\"2022-10-26T19:25:02+00:00\",\"dateModified\":\"2024-01-08T11:03:18+00:00\",\"description\":\"The smartest way to book, pay, and find moving in and out cleaning service in New York City, NY through Cleanster.com. Let's download\",\"inLanguage\":\"de\",\"potentialAction\":[{\"@type\":\"ReadAction\",\"target\":[\"https:\\\/\\\/cleanster.com\\\/moving-in-out-cleaning-in-new-york-city-ny\\\/\"]}]},{\"@type\":\"ImageObject\",\"inLanguage\":\"de\",\"@id\":\"https:\\\/\\\/cleanster.com\\\/moving-in-out-cleaning-in-new-york-city-ny\\\/#primaryimage\",\"url\":\"https:\\\/\\\/cleanster.com\\\/wp-content\\\/uploads\\\/2023\\\/11\\\/moving-img.jpg\",\"contentUrl\":\"https:\\\/\\\/cleanster.com\\\/wp-content\\\/uploads\\\/2023\\\/11\\\/moving-img.jpg\",\"width\":950,\"height\":670},{\"@type\":\"WebSite\",\"@id\":\"https:\\\/\\\/cleanster.com\\\/#website\",\"url\":\"https:\\\/\\\/cleanster.com\\\/\",\"name\":\"Cleanster | Cleaning & Maid Services Near You\",\"description\":\"Instantly find &amp; book trusted cleaners for homes, apartment, Airbnb, and offices. Cleanster offers affordable maid, housekeeping, and commercial cleaning services near you.\",\"publisher\":{\"@id\":\"https:\\\/\\\/cleanster.com\\\/#organization\"},\"alternateName\":\"Cleanster | Cleaning, Maid & Housekeeping Services for Everyone\",\"potentialAction\":[{\"@type\":\"SearchAction\",\"target\":{\"@type\":\"EntryPoint\",\"urlTemplate\":\"https:\\\/\\\/cleanster.com\\\/?s={search_term_string}\"},\"query-input\":{\"@type\":\"PropertyValueSpecification\",\"valueRequired\":true,\"valueName\":\"search_term_string\"}}],\"inLanguage\":\"de\"},{\"@type\":\"Organization\",\"@id\":\"https:\\\/\\\/cleanster.com\\\/#organization\",\"name\":\"Cleanster\",\"alternateName\":\"Cleanster.com\",\"url\":\"https:\\\/\\\/cleanster.com\\\/\",\"logo\":{\"@type\":\"ImageObject\",\"inLanguage\":\"de\",\"@id\":\"https:\\\/\\\/cleanster.com\\\/#\\\/schema\\\/logo\\\/image\\\/\",\"url\":\"https:\\\/\\\/cleanster.com\\\/wp-content\\\/uploads\\\/2025\\\/06\\\/Cleanster-Logo-1.svg\",\"contentUrl\":\"https:\\\/\\\/cleanster.com\\\/wp-content\\\/uploads\\\/2025\\\/06\\\/Cleanster-Logo-1.svg\",\"width\":1,\"height\":1,\"caption\":\"Cleanster\"},\"image\":{\"@id\":\"https:\\\/\\\/cleanster.com\\\/#\\\/schema\\\/logo\\\/image\\\/\"},\"sameAs\":[\"https:\\\/\\\/www.facebook.com\\\/cleansterhq\",\"https:\\\/\\\/x.com\\\/cleansterhq\",\"https:\\\/\\\/www.linkedin.com\\\/company\\\/cleansterhq\",\"https:\\\/\\\/www.instagram.com\\\/cleansterhq\",\"https:\\\/\\\/vm.tiktok.com\\\/ZM8vHmcuo\\\/\",\"https:\\\/\\\/www.clubhouse.com\\\/club\\\/cleanstercom\"],\"description\":\"Cleanster is an AI-powered cleaning services platform that connects Airbnb hosts, property managers, and commercial clients with vetted, on-demand cleaners. We offer apartment, house, Airbnb, commercial, and janitorial cleaning services. With a network of over 100,000 professionals across the US, Canada, and the UK, Cleanster delivers fast, reliable, and tech-enabled cleaning at scale.\",\"email\":\"support@cleanster.com\",\"telephone\":\"+1 (888) 788-2445\",\"legalName\":\"Cleanster, Inc.\",\"foundingDate\":\"2019-05-06\",\"duns\":\"118328526\",\"naics\":\"541511\",\"numberOfEmployees\":{\"@type\":\"QuantitativeValue\",\"minValue\":\"11\",\"maxValue\":\"50\"}}]}<\/script>\n<!-- \/ Yoast SEO Premium plugin. -->","yoast_head_json":{"title":"Ein- und Auszugsreinigungs-App in NewYork City, NY \u2013 Cleanster.com","description":"Der intelligenteste Weg, einen Ein- und Auszugsreinigungsservice in New York City, NY, \u00fcber Cleanster.com zu buchen, zu bezahlen und zu finden. Lasst uns herunterladen","robots":{"index":"index","follow":"follow","max-snippet":"max-snippet:-1","max-image-preview":"max-image-preview:large","max-video-preview":"max-video-preview:-1"},"canonical":"https:\/\/cleanster.com\/de\/einzug-und-putzen-in-new-york-city-new-york-2\/","og_locale":"de_DE","og_type":"article","og_title":"Moving In Out Cleaning in New York City, NY - Cleanster | Cleaning &amp; Maid Services Near You","og_description":"The smartest way to book, pay, and find moving in and out cleaning service in New York City, NY through Cleanster.com. Let's download","og_url":"https:\/\/cleanster.com\/de\/einzug-und-putzen-in-new-york-city-new-york-2\/","og_site_name":"Cleanster | Cleaning &amp; Maid Services Near You","article_publisher":"https:\/\/www.facebook.com\/cleansterhq","article_modified_time":"2024-01-08T11:03:18+00:00","og_image":[{"width":950,"height":670,"url":"https:\/\/cleanster.com\/wp-content\/uploads\/2023\/11\/moving-img.jpg","type":"image\/jpeg"}],"twitter_card":"summary_large_image","twitter_site":"@cleansterhq","twitter_misc":{"Gesch\u00e4tzte Lesezeit":"2\u00a0Minuten"},"schema":{"@context":"https:\/\/schema.org","@graph":[{"@type":"WebPage","@id":"https:\/\/cleanster.com\/moving-in-out-cleaning-in-new-york-city-ny\/","url":"https:\/\/cleanster.com\/moving-in-out-cleaning-in-new-york-city-ny\/","name":"Ein- und Auszugsreinigungs-App in NewYork City, NY \u2013 Cleanster.com","isPartOf":{"@id":"https:\/\/cleanster.com\/#website"},"primaryImageOfPage":{"@id":"https:\/\/cleanster.com\/moving-in-out-cleaning-in-new-york-city-ny\/#primaryimage"},"image":{"@id":"https:\/\/cleanster.com\/moving-in-out-cleaning-in-new-york-city-ny\/#primaryimage"},"thumbnailUrl":"https:\/\/cleanster.com\/wp-content\/uploads\/2023\/11\/moving-img.jpg","datePublished":"2022-10-26T19:25:02+00:00","dateModified":"2024-01-08T11:03:18+00:00","description":"Der intelligenteste Weg, einen Ein- und Auszugsreinigungsservice in New York City, NY, \u00fcber Cleanster.com zu buchen, zu bezahlen und zu finden. Lasst uns herunterladen","inLanguage":"de","potentialAction":[{"@type":"ReadAction","target":["https:\/\/cleanster.com\/moving-in-out-cleaning-in-new-york-city-ny\/"]}]},{"@type":"ImageObject","inLanguage":"de","@id":"https:\/\/cleanster.com\/moving-in-out-cleaning-in-new-york-city-ny\/#primaryimage","url":"https:\/\/cleanster.com\/wp-content\/uploads\/2023\/11\/moving-img.jpg","contentUrl":"https:\/\/cleanster.com\/wp-content\/uploads\/2023\/11\/moving-img.jpg","width":950,"height":670},{"@type":"WebSite","@id":"https:\/\/cleanster.com\/#website","url":"https:\/\/cleanster.com\/","name":"Cleanster | Reinigungs- und Haushaltshilfen in Ihrer N\u00e4he","description":"Finden und buchen Sie sofort zuverl\u00e4ssige Reinigungskr\u00e4fte f\u00fcr H\u00e4user, Wohnungen, Airbnbs und B\u00fcros. Cleanster bietet g\u00fcnstige Reinigungsdienste in Ihrer N\u00e4he.","publisher":{"@id":"https:\/\/cleanster.com\/#organization"},"alternateName":"Cleanster | Cleaning, Maid & Housekeeping Services for Everyone","potentialAction":[{"@type":"SearchAction","target":{"@type":"EntryPoint","urlTemplate":"https:\/\/cleanster.com\/?s={search_term_string}"},"query-input":{"@type":"PropertyValueSpecification","valueRequired":true,"valueName":"search_term_string"}}],"inLanguage":"de"},{"@type":"Organization","@id":"https:\/\/cleanster.com\/#organization","name":"Saubermann","alternateName":"Cleanster.com","url":"https:\/\/cleanster.com\/","logo":{"@type":"ImageObject","inLanguage":"de","@id":"https:\/\/cleanster.com\/#\/schema\/logo\/image\/","url":"https:\/\/cleanster.com\/wp-content\/uploads\/2025\/06\/Cleanster-Logo-1.svg","contentUrl":"https:\/\/cleanster.com\/wp-content\/uploads\/2025\/06\/Cleanster-Logo-1.svg","width":1,"height":1,"caption":"Cleanster"},"image":{"@id":"https:\/\/cleanster.com\/#\/schema\/logo\/image\/"},"sameAs":["https:\/\/www.facebook.com\/cleansterhq","https:\/\/x.com\/cleansterhq","https:\/\/www.linkedin.com\/company\/cleansterhq","https:\/\/www.instagram.com\/cleansterhq","https:\/\/vm.tiktok.com\/ZM8vHmcuo\/","https:\/\/www.clubhouse.com\/club\/cleanstercom"],"description":"Cleanster ist eine KI-gest\u00fctzte Reinigungsplattform, die Airbnb-Gastgeber, Hausverwalter und gewerbliche Kunden mit gepr\u00fcften Reinigungskr\u00e4ften auf Abruf verbindet. Wir bieten Reinigungsdienste f\u00fcr Wohnungen, H\u00e4user, Airbnb-Unterk\u00fcnfte, Gewerbeimmobilien und Hausmeisterdienste an. Mit einem Netzwerk von \u00fcber 100.000 Fachkr\u00e4ften in den USA, Kanada und Gro\u00dfbritannien bietet Cleanster schnelle, zuverl\u00e4ssige und technisch unterst\u00fctzte Reinigung in gro\u00dfem Umfang.","email":"support@cleanster.com","telephone":"+1 (888) 788-2445","legalName":"Cleanster, Inc.","foundingDate":"2019-05-06","duns":"118328526","naics":"541511","numberOfEmployees":{"@type":"QuantitativeValue","minValue":"11","maxValue":"50"}}]}},"_links":{"self":[{"href":"https:\/\/cleanster.com\/de\/wp-json\/wp\/v2\/pages\/6384","targetHints":{"allow":["GET"]}}],"collection":[{"href":"https:\/\/cleanster.com\/de\/wp-json\/wp\/v2\/pages"}],"about":[{"href":"https:\/\/cleanster.com\/de\/wp-json\/wp\/v2\/types\/page"}],"author":[{"embeddable":true,"href":"https:\/\/cleanster.com\/de\/wp-json\/wp\/v2\/users\/1"}],"replies":[{"embeddable":true,"href":"https:\/\/cleanster.com\/de\/wp-json\/wp\/v2\/comments?post=6384"}],"version-history":[{"count":0,"href":"https:\/\/cleanster.com\/de\/wp-json\/wp\/v2\/pages\/6384\/revisions"}],"wp:featuredmedia":[{"embeddable":true,"href":"https:\/\/cleanster.com\/de\/wp-json\/wp\/v2\/media\/17319"}],"wp:attachment":[{"href":"https:\/\/cleanster.com\/de\/wp-json\/wp\/v2\/media?parent=6384"}],"curies":[{"name":"wp","href":"https:\/\/api.w.org\/{rel}","templated":true}]}}