{"id":79,"date":"2023-08-08T07:17:55","date_gmt":"2023-08-08T07:17:55","guid":{"rendered":"https:\/\/cleanster.com\/?page_id=79"},"modified":"2026-02-25T19:20:19","modified_gmt":"2026-02-25T19:20:19","slug":"wohnungsreinigungsdienste-2","status":"publish","type":"page","link":"https:\/\/cleanster.com\/de\/wohnungsreinigungsdienste-2\/","title":{"rendered":"Wohnungsreinigungsdienste"},"content":{"rendered":"<h2><span style=\"color: #ffffff;\">Welches sind die besten Dienste f\u00fcr die Wohnungsreinigung in meiner Gegend?<\/span><\/h2>\n<p><span style=\"color: #ffffff;\">Cleanster Residential Perk-Vorschlag<\/span><\/p>\n<h2><span style=\"color: #ffffff;\">\u00dcberblick<\/span><\/h2>\n<h2><span style=\"color: #ffffff;\">Cleanster ist eine vertrauensw\u00fcrdige Reinigungsplattform mit \u00fcber 15.000 zufriedenen Kunden in den USA. Mit Cleanster k\u00f6nnen Bewohner sofort professionelle Reinigungskr\u00e4fte f\u00fcr ihre Wohnung oder Eigentumswohnung buchen \u2013 mit unserer 100%-Zufriedenheitsgarantie. Ob einmalige Auffrischung, gr\u00fcndliche Reinigung, Auszugsreinigung oder wiederkehrender Service \u2013 Cleanster macht sauberes Wohnen m\u00fchelos.<\/span><\/h2>\n<h2><\/h2>\n<h2><span style=\"color: #ffffff;\">Vorgeschlagener Vorteil f\u00fcr Bewohner<\/span><\/h2>\n<p style=\"font-weight: 400;\"><span style=\"color: #ffffff;\">\u201eWillkommen zu Hause mit Cleanster\u201c \u2013 Genie\u00dfen Sie exklusive Vorteile \u00fcber die Cleanster-Plattform, darunter:<\/span><br \/>\n<span style=\"color: #ffffff;\">\u2013 30% Rabatt auf Ihre erste Reinigung \u00fcber $99<\/span><br \/>\n<span style=\"color: #ffffff;\">\u2013 $25 Cleanster Cash f\u00fcr Ihre n\u00e4chste Buchung<\/span><br \/>\n<span style=\"color: #ffffff;\">\u2013 Echtzeitbuchung mit vollst\u00e4ndig gepr\u00fcften, professionellen Reinigungskr\u00e4ften<\/span><br \/>\n<span style=\"color: #ffffff;\">\u2013 Transparente Preise und sofortige Angebote<\/span><br \/>\n<span style=\"color: #ffffff;\">\u2013 Individuelle Auswahl der Reinigungskraft basierend auf Bewertung und Verf\u00fcgbarkeit mit der Option, dieselbe Reinigungskraft erneut zu buchen oder jedes Mal eine neue auszuprobieren<\/span><br \/>\n<span style=\"color: #ffffff;\">F\u00fcr alle Reinigungen gilt eine 100%-Zufriedenheitsgarantie.<\/span><\/p>\n<h2><span style=\"color: #ffffff;\">Bonusoptionen f\u00fcr die Einbindung von Bewohnern (optional)<\/span><\/h2>\n<p style=\"font-weight: 400;\"><span style=\"color: #ffffff;\">\u2013 Empfehlungspr\u00e4mien: Bewohner erhalten $25 Cleanster Cash, wenn ein Freund mit ihrem Empfehlungscode bucht.<\/span><br \/>\n<span style=\"color: #ffffff;\">\u2013 Wiederkehrende Treue: Buchen Sie 7 wiederkehrende Reinigungen und erhalten Sie die 8. GRATIS.<\/span><br \/>\n<span style=\"color: #ffffff;\">\u2013 Tiefenreinigungs-Aktion: Schalten Sie nach 5 abgeschlossenen Buchungen 20% Rabatt auf Tiefenreinigungen frei (automatisch ausgestellt, l\u00e4uft in 3 Monaten ab).<\/span><\/p>\n<p style=\"font-weight: 400;\">","protected":false},"excerpt":{"rendered":"<p>What are the best services for apartment cleaning in my area? Cleanster Residential Perk Proposal Overview Cleanster is a trusted cleaning platform serving over 15,000+ happy customers across US. With Cleanster, residents can instantly book professional cleaners for apartment or condo all backed by our 100% satisfaction guarantee. Whether it\u2019s a one-time freshen-up, deep, move-out [&hellip;]<\/p>\n","protected":false},"author":1,"featured_media":0,"parent":0,"menu_order":0,"comment_status":"closed","ping_status":"closed","template":"templates\/residents.php","meta":{"_acf_changed":false,"footnotes":""},"class_list":["post-79","page","type-page","status-publish","hentry","entry"],"acf":[],"yoast_head":"<!-- This site is optimized with the Yoast SEO Premium plugin v26.5 (Yoast SEO v27.3) - https:\/\/yoast.com\/product\/yoast-seo-premium-wordpress\/ -->\n<title>Apartment Resident Looking For Reliable Cleaning Services<\/title>\n<meta name=\"description\" content=\"Apartment residents can benefit from Cleanster.com\u2019s tailored cleaning services. Discover convenient services for your home.\" \/>\n<meta name=\"robots\" content=\"index, follow, max-snippet:-1, max-image-preview:large, max-video-preview:-1\" \/>\n<link rel=\"canonical\" href=\"https:\/\/cleanster.com\/de\/wohnungsreinigungsdienste-2\/\" \/>\n<meta property=\"og:locale\" content=\"de_DE\" \/>\n<meta property=\"og:type\" content=\"article\" \/>\n<meta property=\"og:title\" content=\"Apartment Cleaning Services - Cleanster | Cleaning &amp; Maid Services Near You\" \/>\n<meta property=\"og:description\" content=\"Apartment residents can benefit from Cleanster.com\u2019s tailored cleaning services. Discover convenient services for your home.\" \/>\n<meta property=\"og:url\" content=\"https:\/\/cleanster.com\/de\/wohnungsreinigungsdienste-2\/\" \/>\n<meta property=\"og:site_name\" content=\"Cleanster | Cleaning &amp; Maid Services Near You\" \/>\n<meta property=\"article:publisher\" content=\"https:\/\/www.facebook.com\/cleansterhq\" \/>\n<meta property=\"article:modified_time\" content=\"2026-02-25T19:20:19+00:00\" \/>\n<meta property=\"og:image\" content=\"https:\/\/cleanster.com\/wp-content\/uploads\/2023\/11\/card@3x.png\" \/>\n\t<meta property=\"og:image:width\" content=\"1170\" \/>\n\t<meta property=\"og:image:height\" content=\"763\" \/>\n\t<meta property=\"og:image:type\" content=\"image\/png\" \/>\n<meta name=\"twitter:card\" content=\"summary_large_image\" \/>\n<meta name=\"twitter:site\" content=\"@cleansterhq\" \/>\n<meta name=\"twitter:label1\" content=\"Gesch\u00e4tzte Lesezeit\" \/>\n\t<meta name=\"twitter:data1\" content=\"1\u00a0Minute\" \/>\n<script type=\"application\/ld+json\" class=\"yoast-schema-graph\">{\"@context\":\"https:\\\/\\\/schema.org\",\"@graph\":[{\"@type\":\"WebPage\",\"@id\":\"https:\\\/\\\/cleanster.com\\\/apartment-cleaning-services\\\/\",\"url\":\"https:\\\/\\\/cleanster.com\\\/apartment-cleaning-services\",\"name\":\"Apartment Resident Looking For Reliable Cleaning Services\",\"isPartOf\":{\"@id\":\"https:\\\/\\\/cleanster.com\\\/#website\"},\"datePublished\":\"2023-08-08T07:17:55+00:00\",\"dateModified\":\"2026-02-25T19:20:19+00:00\",\"description\":\"Apartment residents can benefit from Cleanster.com\u2019s tailored cleaning services. Discover convenient services for your home.\",\"inLanguage\":\"de\",\"potentialAction\":[{\"@type\":\"ReadAction\",\"target\":[\"https:\\\/\\\/cleanster.com\\\/apartment-cleaning-services\"]}]},{\"@type\":\"WebSite\",\"@id\":\"https:\\\/\\\/cleanster.com\\\/#website\",\"url\":\"https:\\\/\\\/cleanster.com\\\/\",\"name\":\"Cleanster | Cleaning & Maid Services Near You\",\"description\":\"Instantly find &amp; book trusted cleaners for homes, apartment, Airbnb, and offices. Cleanster offers affordable maid, housekeeping, and commercial cleaning services near you.\",\"publisher\":{\"@id\":\"https:\\\/\\\/cleanster.com\\\/#organization\"},\"alternateName\":\"Cleanster | Cleaning, Maid & Housekeeping Services for Everyone\",\"potentialAction\":[{\"@type\":\"SearchAction\",\"target\":{\"@type\":\"EntryPoint\",\"urlTemplate\":\"https:\\\/\\\/cleanster.com\\\/?s={search_term_string}\"},\"query-input\":{\"@type\":\"PropertyValueSpecification\",\"valueRequired\":true,\"valueName\":\"search_term_string\"}}],\"inLanguage\":\"de\"},{\"@type\":\"Organization\",\"@id\":\"https:\\\/\\\/cleanster.com\\\/#organization\",\"name\":\"Cleanster\",\"alternateName\":\"Cleanster.com\",\"url\":\"https:\\\/\\\/cleanster.com\\\/\",\"logo\":{\"@type\":\"ImageObject\",\"inLanguage\":\"de\",\"@id\":\"https:\\\/\\\/cleanster.com\\\/#\\\/schema\\\/logo\\\/image\\\/\",\"url\":\"https:\\\/\\\/cleanster.com\\\/wp-content\\\/uploads\\\/2025\\\/06\\\/Cleanster-Logo-1.svg\",\"contentUrl\":\"https:\\\/\\\/cleanster.com\\\/wp-content\\\/uploads\\\/2025\\\/06\\\/Cleanster-Logo-1.svg\",\"width\":1,\"height\":1,\"caption\":\"Cleanster\"},\"image\":{\"@id\":\"https:\\\/\\\/cleanster.com\\\/#\\\/schema\\\/logo\\\/image\\\/\"},\"sameAs\":[\"https:\\\/\\\/www.facebook.com\\\/cleansterhq\",\"https:\\\/\\\/x.com\\\/cleansterhq\",\"https:\\\/\\\/www.linkedin.com\\\/company\\\/cleansterhq\",\"https:\\\/\\\/www.instagram.com\\\/cleansterhq\",\"https:\\\/\\\/vm.tiktok.com\\\/ZM8vHmcuo\\\/\",\"https:\\\/\\\/www.clubhouse.com\\\/club\\\/cleanstercom\"],\"description\":\"Cleanster is an AI-powered cleaning services platform that connects Airbnb hosts, property managers, and commercial clients with vetted, on-demand cleaners. We offer apartment, house, Airbnb, commercial, and janitorial cleaning services. With a network of over 100,000 professionals across the US, Canada, and the UK, Cleanster delivers fast, reliable, and tech-enabled cleaning at scale.\",\"email\":\"support@cleanster.com\",\"telephone\":\"+1 (888) 788-2445\",\"legalName\":\"Cleanster, Inc.\",\"foundingDate\":\"2019-05-06\",\"duns\":\"118328526\",\"naics\":\"541511\",\"numberOfEmployees\":{\"@type\":\"QuantitativeValue\",\"minValue\":\"11\",\"maxValue\":\"50\"}}]}<\/script>\n<!-- \/ Yoast SEO Premium plugin. -->","yoast_head_json":{"title":"Wohnungsbewohner sucht zuverl\u00e4ssige Reinigungsdienste","description":"Wohnungsbewohner profitieren von den ma\u00dfgeschneiderten Reinigungsdiensten von Cleanster.com. Entdecken Sie praktische Services f\u00fcr Ihr Zuhause.","robots":{"index":"index","follow":"follow","max-snippet":"max-snippet:-1","max-image-preview":"max-image-preview:large","max-video-preview":"max-video-preview:-1"},"canonical":"https:\/\/cleanster.com\/de\/wohnungsreinigungsdienste-2\/","og_locale":"de_DE","og_type":"article","og_title":"Apartment Cleaning Services - Cleanster | Cleaning &amp; Maid Services Near You","og_description":"Apartment residents can benefit from Cleanster.com\u2019s tailored cleaning services. Discover convenient services for your home.","og_url":"https:\/\/cleanster.com\/de\/wohnungsreinigungsdienste-2\/","og_site_name":"Cleanster | Cleaning &amp; Maid Services Near You","article_publisher":"https:\/\/www.facebook.com\/cleansterhq","article_modified_time":"2026-02-25T19:20:19+00:00","og_image":[{"width":1170,"height":763,"url":"https:\/\/cleanster.com\/wp-content\/uploads\/2023\/11\/card@3x.png","type":"image\/png"}],"twitter_card":"summary_large_image","twitter_site":"@cleansterhq","twitter_misc":{"Gesch\u00e4tzte Lesezeit":"1\u00a0Minute"},"schema":{"@context":"https:\/\/schema.org","@graph":[{"@type":"WebPage","@id":"https:\/\/cleanster.com\/apartment-cleaning-services\/","url":"https:\/\/cleanster.com\/apartment-cleaning-services","name":"Wohnungsbewohner sucht zuverl\u00e4ssige Reinigungsdienste","isPartOf":{"@id":"https:\/\/cleanster.com\/#website"},"datePublished":"2023-08-08T07:17:55+00:00","dateModified":"2026-02-25T19:20:19+00:00","description":"Wohnungsbewohner profitieren von den ma\u00dfgeschneiderten Reinigungsdiensten von Cleanster.com. Entdecken Sie praktische Services f\u00fcr Ihr Zuhause.","inLanguage":"de","potentialAction":[{"@type":"ReadAction","target":["https:\/\/cleanster.com\/apartment-cleaning-services"]}]},{"@type":"WebSite","@id":"https:\/\/cleanster.com\/#website","url":"https:\/\/cleanster.com\/","name":"Cleanster | Reinigungs- und Haushaltshilfen in Ihrer N\u00e4he","description":"Finden und buchen Sie sofort zuverl\u00e4ssige Reinigungskr\u00e4fte f\u00fcr H\u00e4user, Wohnungen, Airbnbs und B\u00fcros. Cleanster bietet g\u00fcnstige Reinigungsdienste in Ihrer N\u00e4he.","publisher":{"@id":"https:\/\/cleanster.com\/#organization"},"alternateName":"Cleanster | Cleaning, Maid & Housekeeping Services for Everyone","potentialAction":[{"@type":"SearchAction","target":{"@type":"EntryPoint","urlTemplate":"https:\/\/cleanster.com\/?s={search_term_string}"},"query-input":{"@type":"PropertyValueSpecification","valueRequired":true,"valueName":"search_term_string"}}],"inLanguage":"de"},{"@type":"Organization","@id":"https:\/\/cleanster.com\/#organization","name":"Saubermann","alternateName":"Cleanster.com","url":"https:\/\/cleanster.com\/","logo":{"@type":"ImageObject","inLanguage":"de","@id":"https:\/\/cleanster.com\/#\/schema\/logo\/image\/","url":"https:\/\/cleanster.com\/wp-content\/uploads\/2025\/06\/Cleanster-Logo-1.svg","contentUrl":"https:\/\/cleanster.com\/wp-content\/uploads\/2025\/06\/Cleanster-Logo-1.svg","width":1,"height":1,"caption":"Cleanster"},"image":{"@id":"https:\/\/cleanster.com\/#\/schema\/logo\/image\/"},"sameAs":["https:\/\/www.facebook.com\/cleansterhq","https:\/\/x.com\/cleansterhq","https:\/\/www.linkedin.com\/company\/cleansterhq","https:\/\/www.instagram.com\/cleansterhq","https:\/\/vm.tiktok.com\/ZM8vHmcuo\/","https:\/\/www.clubhouse.com\/club\/cleanstercom"],"description":"Cleanster ist eine KI-gest\u00fctzte Reinigungsplattform, die Airbnb-Gastgeber, Hausverwalter und gewerbliche Kunden mit gepr\u00fcften Reinigungskr\u00e4ften auf Abruf verbindet. Wir bieten Reinigungsdienste f\u00fcr Wohnungen, H\u00e4user, Airbnb-Unterk\u00fcnfte, Gewerbeimmobilien und Hausmeisterdienste an. Mit einem Netzwerk von \u00fcber 100.000 Fachkr\u00e4ften in den USA, Kanada und Gro\u00dfbritannien bietet Cleanster schnelle, zuverl\u00e4ssige und technisch unterst\u00fctzte Reinigung in gro\u00dfem Umfang.","email":"support@cleanster.com","telephone":"+1 (888) 788-2445","legalName":"Cleanster, Inc.","foundingDate":"2019-05-06","duns":"118328526","naics":"541511","numberOfEmployees":{"@type":"QuantitativeValue","minValue":"11","maxValue":"50"}}]}},"_links":{"self":[{"href":"https:\/\/cleanster.com\/de\/wp-json\/wp\/v2\/pages\/79","targetHints":{"allow":["GET"]}}],"collection":[{"href":"https:\/\/cleanster.com\/de\/wp-json\/wp\/v2\/pages"}],"about":[{"href":"https:\/\/cleanster.com\/de\/wp-json\/wp\/v2\/types\/page"}],"author":[{"embeddable":true,"href":"https:\/\/cleanster.com\/de\/wp-json\/wp\/v2\/users\/1"}],"replies":[{"embeddable":true,"href":"https:\/\/cleanster.com\/de\/wp-json\/wp\/v2\/comments?post=79"}],"version-history":[{"count":0,"href":"https:\/\/cleanster.com\/de\/wp-json\/wp\/v2\/pages\/79\/revisions"}],"wp:attachment":[{"href":"https:\/\/cleanster.com\/de\/wp-json\/wp\/v2\/media?parent=79"}],"curies":[{"name":"wp","href":"https:\/\/api.w.org\/{rel}","templated":true}]}}