{"id":8699,"date":"2022-11-22T18:13:25","date_gmt":"2022-11-22T18:13:25","guid":{"rendered":"https:\/\/cleanster.ca\/?page_id=8699"},"modified":"2025-10-09T20:19:35","modified_gmt":"2025-10-09T20:19:35","slug":"airbnb-reinigung-in-lubbock-texas","status":"publish","type":"page","link":"https:\/\/cleanster.com\/de\/airbnb-reinigung-in-lubbock-texas\/","title":{"rendered":"Airbnb-Reinigung in Lubbock, Texas"},"content":{"rendered":"<h2><span style=\"font-weight: 400; color: #ffffff;\">App f\u00fcr den Airbnb-Reinigungsservice in Lubbock, TX<\/span><\/h2>\n<p><span style=\"color: #ffffff;\"><span style=\"font-weight: 400;\">Halten Sie Ihr Eigentum sauber und ordentlich, so dass Sie die Bewertung Ihres Kunden oder die Bewertung verbessern k\u00f6nnen, indem Sie unsere <a style=\"color: #ffffff;\" href=\"https:\/\/cleanster.ca\/\">Airbnb-Reinigungs-App<\/a> in Lubbock, TX<\/span><b>. <\/b><span style=\"font-weight: 400;\">Verwendung der<\/span> Cleanster.com<span style=\"font-weight: 400;\"> Mit der Airbnb-Reinigungs-App erhalten Sie eine erstklassige und professionelle Reinigung Ihrer Unterkunft, um sicherzustellen, dass Ihre Kunden mit Ihrer Professionalit\u00e4t als Gastgeber zufrieden sind. Als Unternehmer oder Hausbesitzer profitieren Sie von der Gr\u00fcndung Ihres Unternehmens mit Cleanster.com und es kann eine gute Wahl f\u00fcr Ihr Unternehmen sein. Cleanster.com<\/span><b>\u00a0Die App macht die Dinge einfach und sorgt f\u00fcr eine professionelle Abwicklung. <\/b><span style=\"font-weight: 400;\">Jetzt bedienen wir ganz Lubbock, TX.<\/span><\/span><\/p>\n<p><span style=\"color: #ffffff;\"><span style=\"font-weight: 400;\">Wenn Sie also nach einer Airbnb-Reinigung in Lubbock, TX suchen<\/span><b>, nicht<\/b><span style=\"font-weight: 400;\">\u00a0z\u00f6gern.<\/span><\/span><\/p>\n<h2><span style=\"font-weight: 400; color: #ffffff;\">Airbnb-App f\u00fcr Reinigungsjobs<\/span><\/h2>\n<p><span style=\"color: #ffffff;\"><b>Die Arbeit des Airbnb-Housekeepings<\/b><span style=\"font-weight: 400;\"> besteht darin, Ihr Eigentum mit einzigartigen Reinigungsprodukten und -verfahren zu reinigen.<\/span><\/span><\/p>\n<p><span style=\"font-weight: 400; color: #ffffff;\">Es wird Ihnen helfen, den Zeitplan einzuhalten.<\/span><\/p>\n<p><span style=\"font-weight: 400; color: #ffffff;\">\u00a0Um Ihren Hausverwaltern bei der Begutachtung von Feriendomizilen Zeit zu sparen, k\u00f6nnen Sie mobile Objektbesichtigungen durchf\u00fchren.\u00a0<\/span><\/p>\n<p><span style=\"font-weight: 400; color: #ffffff;\">Sie k\u00f6nnen Ihre Statussymbole integrieren, um Notizen, Fotos, VIP-Check-ins und sp\u00e4te Check-outs zu verfolgen.<\/span><\/p>\n<p><span style=\"font-weight: 400; color: #ffffff;\">Machen Sie es Reinigungsunternehmen und Hausverwaltungen leicht.<\/span><\/p>\n<h2><span style=\"font-weight: 400; color: #ffffff;\">Cleanster.com Putzkalender-App<\/span><\/h2>\n<p><span style=\"font-weight: 400; color: #ffffff;\">Wenn Sie Ihren Kalender nicht per E-Mail an die Reinigungskraft senden m\u00f6chten, um das Eintippen und Aktualisieren von Daten zu vermeiden, versuchen Sie es mit Cleanster.com. Die <a style=\"color: #ffffff;\" href=\"https:\/\/cleanster.com\/\">Cleanster.com<\/a> hilft Ihnen bei der Synchronisierung mit Ihrem Airbnb-Konto. Mit unserer Cleanster.com-App k\u00f6nnen Sie Bilder verwenden, damit die Reinigungskraft wei\u00df, worauf sie achten muss, und diese an sie senden. Senden Sie den Link zu Ihrem Airbnb-Kalender f\u00fcr die Buchungsdaten an Ihre Reinigungskraft.<\/span><\/p>\n<h2><span style=\"font-weight: 400; color: #ffffff;\">Cleanster.com Airbnb-Reinigungscheckliste<\/span><\/h2>\n<p><span style=\"font-weight: 400; color: #ffffff;\">Unsere professionellen Reinigungskr\u00e4fte reinigen und desinfizieren jedes M\u00f6belst\u00fcck und jedes elektronische Ger\u00e4t gr\u00fcndlich, waschen und wechseln Bettw\u00e4sche und Handt\u00fccher, machen Hotelbetten und reinigen K\u00fcche und Bad gr\u00fcndlich. Sie fegen und wischen den Boden und saugen die Teppiche. Bringen den M\u00fcll raus. F\u00fcllen Sie wichtige Utensilien und Toilettenartikel auf und sorgen Sie f\u00fcr saubere, helle Spiegel. Wir sind engagiert und verf\u00fcgen \u00fcber umfassendes Fachwissen, um qualitativ hochwertige Reinigungsergebnisse zu erzielen.\u00a0<\/span><\/p>","protected":false},"excerpt":{"rendered":"<p>App for Airbnb cleaning service in Lubbock, TX Keep your property clean and organized so you can increase your client&#8217;s rating or review by using our Airbnb cleaning app in Lubbock, TX. Using the Cleanster.com for Airbnb cleaning app, you can get excellent and professional-grade cleaning for your place to ensure your customers are satisfied [&hellip;]<\/p>\n","protected":false},"author":1,"featured_media":16058,"parent":0,"menu_order":0,"comment_status":"closed","ping_status":"closed","template":"templates\/services.php","meta":{"_acf_changed":false,"footnotes":""},"class_list":["post-8699","page","type-page","status-publish","has-post-thumbnail","hentry","entry"],"acf":[],"yoast_head":"<!-- This site is optimized with the Yoast SEO Premium plugin v26.5 (Yoast SEO v27.3) - https:\/\/yoast.com\/product\/yoast-seo-premium-wordpress\/ -->\n<title>App for Airbnb cleaning service in Lubbock, TX - Cleanster.com<\/title>\n<meta name=\"description\" content=\"The smartest way to book, pay and find App for Airbnb cleaning service in Lubbock, TX, is through Cleanster.com. It takes only 30 seconds.\" \/>\n<meta name=\"robots\" content=\"index, follow, max-snippet:-1, max-image-preview:large, max-video-preview:-1\" \/>\n<link rel=\"canonical\" href=\"https:\/\/cleanster.com\/de\/airbnb-reinigung-in-lubbock-texas\/\" \/>\n<meta property=\"og:locale\" content=\"de_DE\" \/>\n<meta property=\"og:type\" content=\"article\" \/>\n<meta property=\"og:title\" content=\"Airbnb Cleaning in Lubbock, TX - Cleanster | Cleaning &amp; Maid Services Near You\" \/>\n<meta property=\"og:description\" content=\"The smartest way to book, pay and find App for Airbnb cleaning service in Lubbock, TX, is through Cleanster.com. It takes only 30 seconds.\" \/>\n<meta property=\"og:url\" content=\"https:\/\/cleanster.com\/de\/airbnb-reinigung-in-lubbock-texas\/\" \/>\n<meta property=\"og:site_name\" content=\"Cleanster | Cleaning &amp; Maid Services Near You\" \/>\n<meta property=\"article:publisher\" content=\"https:\/\/www.facebook.com\/cleansterhq\" \/>\n<meta property=\"article:modified_time\" content=\"2025-10-09T20:19:35+00:00\" \/>\n<meta property=\"og:image\" content=\"https:\/\/cleanster.com\/wp-content\/uploads\/2023\/10\/airbnb-img.jpg\" \/>\n\t<meta property=\"og:image:width\" content=\"950\" \/>\n\t<meta property=\"og:image:height\" content=\"670\" \/>\n\t<meta property=\"og:image:type\" content=\"image\/jpeg\" \/>\n<meta name=\"twitter:card\" content=\"summary_large_image\" \/>\n<meta name=\"twitter:site\" content=\"@cleansterhq\" \/>\n<meta name=\"twitter:label1\" content=\"Gesch\u00e4tzte Lesezeit\" \/>\n\t<meta name=\"twitter:data1\" content=\"2\u00a0Minuten\" \/>\n<script type=\"application\/ld+json\" class=\"yoast-schema-graph\">{\"@context\":\"https:\\\/\\\/schema.org\",\"@graph\":[{\"@type\":\"WebPage\",\"@id\":\"https:\\\/\\\/cleanster.com\\\/airbnb-cleaning-in-lubbock-tx\\\/\",\"url\":\"https:\\\/\\\/cleanster.com\\\/airbnb-cleaning-in-lubbock-tx\\\/\",\"name\":\"App for Airbnb cleaning service in Lubbock, TX - Cleanster.com\",\"isPartOf\":{\"@id\":\"https:\\\/\\\/cleanster.com\\\/#website\"},\"primaryImageOfPage\":{\"@id\":\"https:\\\/\\\/cleanster.com\\\/airbnb-cleaning-in-lubbock-tx\\\/#primaryimage\"},\"image\":{\"@id\":\"https:\\\/\\\/cleanster.com\\\/airbnb-cleaning-in-lubbock-tx\\\/#primaryimage\"},\"thumbnailUrl\":\"https:\\\/\\\/cleanster.com\\\/wp-content\\\/uploads\\\/2023\\\/10\\\/airbnb-img.jpg\",\"datePublished\":\"2022-11-22T18:13:25+00:00\",\"dateModified\":\"2025-10-09T20:19:35+00:00\",\"description\":\"The smartest way to book, pay and find App for Airbnb cleaning service in Lubbock, TX, is through Cleanster.com. It takes only 30 seconds.\",\"inLanguage\":\"de\",\"potentialAction\":[{\"@type\":\"ReadAction\",\"target\":[\"https:\\\/\\\/cleanster.com\\\/airbnb-cleaning-in-lubbock-tx\\\/\"]}]},{\"@type\":\"ImageObject\",\"inLanguage\":\"de\",\"@id\":\"https:\\\/\\\/cleanster.com\\\/airbnb-cleaning-in-lubbock-tx\\\/#primaryimage\",\"url\":\"https:\\\/\\\/cleanster.com\\\/wp-content\\\/uploads\\\/2023\\\/10\\\/airbnb-img.jpg\",\"contentUrl\":\"https:\\\/\\\/cleanster.com\\\/wp-content\\\/uploads\\\/2023\\\/10\\\/airbnb-img.jpg\",\"width\":950,\"height\":670},{\"@type\":\"WebSite\",\"@id\":\"https:\\\/\\\/cleanster.com\\\/#website\",\"url\":\"https:\\\/\\\/cleanster.com\\\/\",\"name\":\"Cleanster | Cleaning & Maid Services Near You\",\"description\":\"Instantly find &amp; book trusted cleaners for homes, apartment, Airbnb, and offices. Cleanster offers affordable maid, housekeeping, and commercial cleaning services near you.\",\"publisher\":{\"@id\":\"https:\\\/\\\/cleanster.com\\\/#organization\"},\"alternateName\":\"Cleanster | Cleaning, Maid & Housekeeping Services for Everyone\",\"potentialAction\":[{\"@type\":\"SearchAction\",\"target\":{\"@type\":\"EntryPoint\",\"urlTemplate\":\"https:\\\/\\\/cleanster.com\\\/?s={search_term_string}\"},\"query-input\":{\"@type\":\"PropertyValueSpecification\",\"valueRequired\":true,\"valueName\":\"search_term_string\"}}],\"inLanguage\":\"de\"},{\"@type\":\"Organization\",\"@id\":\"https:\\\/\\\/cleanster.com\\\/#organization\",\"name\":\"Cleanster\",\"alternateName\":\"Cleanster.com\",\"url\":\"https:\\\/\\\/cleanster.com\\\/\",\"logo\":{\"@type\":\"ImageObject\",\"inLanguage\":\"de\",\"@id\":\"https:\\\/\\\/cleanster.com\\\/#\\\/schema\\\/logo\\\/image\\\/\",\"url\":\"https:\\\/\\\/cleanster.com\\\/wp-content\\\/uploads\\\/2025\\\/06\\\/Cleanster-Logo-1.svg\",\"contentUrl\":\"https:\\\/\\\/cleanster.com\\\/wp-content\\\/uploads\\\/2025\\\/06\\\/Cleanster-Logo-1.svg\",\"width\":1,\"height\":1,\"caption\":\"Cleanster\"},\"image\":{\"@id\":\"https:\\\/\\\/cleanster.com\\\/#\\\/schema\\\/logo\\\/image\\\/\"},\"sameAs\":[\"https:\\\/\\\/www.facebook.com\\\/cleansterhq\",\"https:\\\/\\\/x.com\\\/cleansterhq\",\"https:\\\/\\\/www.linkedin.com\\\/company\\\/cleansterhq\",\"https:\\\/\\\/www.instagram.com\\\/cleansterhq\",\"https:\\\/\\\/vm.tiktok.com\\\/ZM8vHmcuo\\\/\",\"https:\\\/\\\/www.clubhouse.com\\\/club\\\/cleanstercom\"],\"description\":\"Cleanster is an AI-powered cleaning services platform that connects Airbnb hosts, property managers, and commercial clients with vetted, on-demand cleaners. We offer apartment, house, Airbnb, commercial, and janitorial cleaning services. With a network of over 100,000 professionals across the US, Canada, and the UK, Cleanster delivers fast, reliable, and tech-enabled cleaning at scale.\",\"email\":\"support@cleanster.com\",\"telephone\":\"+1 (888) 788-2445\",\"legalName\":\"Cleanster, Inc.\",\"foundingDate\":\"2019-05-06\",\"duns\":\"118328526\",\"naics\":\"541511\",\"numberOfEmployees\":{\"@type\":\"QuantitativeValue\",\"minValue\":\"11\",\"maxValue\":\"50\"}}]}<\/script>\n<!-- \/ Yoast SEO Premium plugin. -->","yoast_head_json":{"title":"App f\u00fcr Airbnb-Reinigungsservice in Lubbock, TX \u2013 Cleanster.com","description":"Der intelligenteste Weg, eine App f\u00fcr den Airbnb-Reinigungsservice in Lubbock, TX zu buchen, zu bezahlen und zu finden, ist \u00fcber Cleanster.com. Es dauert nur 30 Sekunden.","robots":{"index":"index","follow":"follow","max-snippet":"max-snippet:-1","max-image-preview":"max-image-preview:large","max-video-preview":"max-video-preview:-1"},"canonical":"https:\/\/cleanster.com\/de\/airbnb-reinigung-in-lubbock-texas\/","og_locale":"de_DE","og_type":"article","og_title":"Airbnb Cleaning in Lubbock, TX - Cleanster | Cleaning &amp; Maid Services Near You","og_description":"The smartest way to book, pay and find App for Airbnb cleaning service in Lubbock, TX, is through Cleanster.com. It takes only 30 seconds.","og_url":"https:\/\/cleanster.com\/de\/airbnb-reinigung-in-lubbock-texas\/","og_site_name":"Cleanster | Cleaning &amp; Maid Services Near You","article_publisher":"https:\/\/www.facebook.com\/cleansterhq","article_modified_time":"2025-10-09T20:19:35+00:00","og_image":[{"width":950,"height":670,"url":"https:\/\/cleanster.com\/wp-content\/uploads\/2023\/10\/airbnb-img.jpg","type":"image\/jpeg"}],"twitter_card":"summary_large_image","twitter_site":"@cleansterhq","twitter_misc":{"Gesch\u00e4tzte Lesezeit":"2\u00a0Minuten"},"schema":{"@context":"https:\/\/schema.org","@graph":[{"@type":"WebPage","@id":"https:\/\/cleanster.com\/airbnb-cleaning-in-lubbock-tx\/","url":"https:\/\/cleanster.com\/airbnb-cleaning-in-lubbock-tx\/","name":"App f\u00fcr Airbnb-Reinigungsservice in Lubbock, TX \u2013 Cleanster.com","isPartOf":{"@id":"https:\/\/cleanster.com\/#website"},"primaryImageOfPage":{"@id":"https:\/\/cleanster.com\/airbnb-cleaning-in-lubbock-tx\/#primaryimage"},"image":{"@id":"https:\/\/cleanster.com\/airbnb-cleaning-in-lubbock-tx\/#primaryimage"},"thumbnailUrl":"https:\/\/cleanster.com\/wp-content\/uploads\/2023\/10\/airbnb-img.jpg","datePublished":"2022-11-22T18:13:25+00:00","dateModified":"2025-10-09T20:19:35+00:00","description":"Der intelligenteste Weg, eine App f\u00fcr den Airbnb-Reinigungsservice in Lubbock, TX zu buchen, zu bezahlen und zu finden, ist \u00fcber Cleanster.com. Es dauert nur 30 Sekunden.","inLanguage":"de","potentialAction":[{"@type":"ReadAction","target":["https:\/\/cleanster.com\/airbnb-cleaning-in-lubbock-tx\/"]}]},{"@type":"ImageObject","inLanguage":"de","@id":"https:\/\/cleanster.com\/airbnb-cleaning-in-lubbock-tx\/#primaryimage","url":"https:\/\/cleanster.com\/wp-content\/uploads\/2023\/10\/airbnb-img.jpg","contentUrl":"https:\/\/cleanster.com\/wp-content\/uploads\/2023\/10\/airbnb-img.jpg","width":950,"height":670},{"@type":"WebSite","@id":"https:\/\/cleanster.com\/#website","url":"https:\/\/cleanster.com\/","name":"Cleanster | Reinigungs- und Haushaltshilfen in Ihrer N\u00e4he","description":"Finden und buchen Sie sofort zuverl\u00e4ssige Reinigungskr\u00e4fte f\u00fcr H\u00e4user, Wohnungen, Airbnbs und B\u00fcros. Cleanster bietet g\u00fcnstige Reinigungsdienste in Ihrer N\u00e4he.","publisher":{"@id":"https:\/\/cleanster.com\/#organization"},"alternateName":"Cleanster | Cleaning, Maid & Housekeeping Services for Everyone","potentialAction":[{"@type":"SearchAction","target":{"@type":"EntryPoint","urlTemplate":"https:\/\/cleanster.com\/?s={search_term_string}"},"query-input":{"@type":"PropertyValueSpecification","valueRequired":true,"valueName":"search_term_string"}}],"inLanguage":"de"},{"@type":"Organization","@id":"https:\/\/cleanster.com\/#organization","name":"Saubermann","alternateName":"Cleanster.com","url":"https:\/\/cleanster.com\/","logo":{"@type":"ImageObject","inLanguage":"de","@id":"https:\/\/cleanster.com\/#\/schema\/logo\/image\/","url":"https:\/\/cleanster.com\/wp-content\/uploads\/2025\/06\/Cleanster-Logo-1.svg","contentUrl":"https:\/\/cleanster.com\/wp-content\/uploads\/2025\/06\/Cleanster-Logo-1.svg","width":1,"height":1,"caption":"Cleanster"},"image":{"@id":"https:\/\/cleanster.com\/#\/schema\/logo\/image\/"},"sameAs":["https:\/\/www.facebook.com\/cleansterhq","https:\/\/x.com\/cleansterhq","https:\/\/www.linkedin.com\/company\/cleansterhq","https:\/\/www.instagram.com\/cleansterhq","https:\/\/vm.tiktok.com\/ZM8vHmcuo\/","https:\/\/www.clubhouse.com\/club\/cleanstercom"],"description":"Cleanster ist eine KI-gest\u00fctzte Reinigungsplattform, die Airbnb-Gastgeber, Hausverwalter und gewerbliche Kunden mit gepr\u00fcften Reinigungskr\u00e4ften auf Abruf verbindet. Wir bieten Reinigungsdienste f\u00fcr Wohnungen, H\u00e4user, Airbnb-Unterk\u00fcnfte, Gewerbeimmobilien und Hausmeisterdienste an. Mit einem Netzwerk von \u00fcber 100.000 Fachkr\u00e4ften in den USA, Kanada und Gro\u00dfbritannien bietet Cleanster schnelle, zuverl\u00e4ssige und technisch unterst\u00fctzte Reinigung in gro\u00dfem Umfang.","email":"support@cleanster.com","telephone":"+1 (888) 788-2445","legalName":"Cleanster, Inc.","foundingDate":"2019-05-06","duns":"118328526","naics":"541511","numberOfEmployees":{"@type":"QuantitativeValue","minValue":"11","maxValue":"50"}}]}},"_links":{"self":[{"href":"https:\/\/cleanster.com\/de\/wp-json\/wp\/v2\/pages\/8699","targetHints":{"allow":["GET"]}}],"collection":[{"href":"https:\/\/cleanster.com\/de\/wp-json\/wp\/v2\/pages"}],"about":[{"href":"https:\/\/cleanster.com\/de\/wp-json\/wp\/v2\/types\/page"}],"author":[{"embeddable":true,"href":"https:\/\/cleanster.com\/de\/wp-json\/wp\/v2\/users\/1"}],"replies":[{"embeddable":true,"href":"https:\/\/cleanster.com\/de\/wp-json\/wp\/v2\/comments?post=8699"}],"version-history":[{"count":0,"href":"https:\/\/cleanster.com\/de\/wp-json\/wp\/v2\/pages\/8699\/revisions"}],"wp:featuredmedia":[{"embeddable":true,"href":"https:\/\/cleanster.com\/de\/wp-json\/wp\/v2\/media\/16058"}],"wp:attachment":[{"href":"https:\/\/cleanster.com\/de\/wp-json\/wp\/v2\/media?parent=8699"}],"curies":[{"name":"wp","href":"https:\/\/api.w.org\/{rel}","templated":true}]}}