{"id":8723,"date":"2022-11-22T18:28:29","date_gmt":"2022-11-22T18:28:29","guid":{"rendered":"https:\/\/cleanster.ca\/?page_id=8723"},"modified":"2024-01-08T06:49:17","modified_gmt":"2024-01-08T06:49:17","slug":"tiefenreinigung-in-el-paso-texas","status":"publish","type":"page","link":"https:\/\/cleanster.com\/de\/tiefenreinigung-in-el-paso-texas\/","title":{"rendered":"Grundreinigung in El-Paso, TX"},"content":{"rendered":"<h2><span style=\"color: #ffffff;\"><b>App f\u00fcr die Grundreinigung in El-Paso, TX<\/b><\/span><\/h2>\n<p><span style=\"color: #ffffff;\"><span style=\"font-weight: 400;\">F\u00fcr die meisten von uns ist Zeit der Kern von allem, und bei einem gesch\u00e4ftigen Lebensstil m\u00f6chten wir, dass alles, wie z. B. die gr\u00fcndliche Reinigung, schneller und schneller erledigt wird. Sie k\u00f6nnen die Cleanster.com App f\u00fcr eine <\/span><b>Tiefenreinigungsservice<\/b><span style=\"font-weight: 400;\"> In El-Paso, Texas. Mit unserer Reinigungs-App k\u00f6nnen Sie Ihr Haus oder B\u00fcro ganz einfach pflegen. Mit der Cleanster.com-App profitieren Sie von unseren Services f\u00fcr ein stressfreies Leben.\u00a0<\/span><\/span><\/p>\n<p><span style=\"color: #ffffff;\"><span style=\"font-weight: 400;\">Wir wissen, dass es eine nie endende Aufgabe ist, Ihre Umgebung sauber zu halten. Hausreinigung, B\u00fcroreinigung, Hausreinigung, Tiefenreinigung und andere. Aber mit Hilfe von Cleanster.com <\/span><a style=\"color: #ffffff;\" href=\"https:\/\/cleanster.ca\/\"><span style=\"font-weight: 400;\">\u00a0APP<\/span><\/a><span style=\"font-weight: 400;\">, k\u00f6nnen Sie Ihr Problem leicht l\u00f6sen.\u00a0<\/span><\/span><\/p>\n<p><span style=\"color: #ffffff;\"><span style=\"font-weight: 400;\">Es ist die beste Tiefenreinigungs-App in <a style=\"color: #ffffff;\" href=\"https:\/\/en.wikipedia.org\/wiki\/El_Paso,_Texas\">El Paso, Texas<\/a><\/span><span style=\"font-weight: 400;\">\u00a0f\u00fcr Airbnb, Haus- und B\u00fcroreinigung, Reinigung von Ferienwohnungen und Ein-\/Auszug.\u00a0<\/span><\/span><\/p>\n<p><span style=\"font-weight: 400; color: #ffffff;\">\u00dcber diese App k\u00f6nnen Sie unsere professionellen Reinigungskr\u00e4fte zum Bodenwischen beauftragen. Au\u00dferdem k\u00f6nnen Sie Staubsaugen, Abstauben und Wechseln der Bettw\u00e4sche zu einem vern\u00fcnftigen Preis erledigen.<\/span><\/p>\n<p><span style=\"font-weight: 400; color: #ffffff;\">Die hervorragenden Softwarel\u00f6sungen der Cleanster.com-App unterst\u00fctzen Reinigungsdienste dabei, effizient zu arbeiten. Sie ist leicht zug\u00e4nglich, benutzerfreundlich und praktisch.\u00a0\u00a0<\/span><\/p>\n<p><span style=\"font-weight: 400; color: #ffffff;\">Unsere App f\u00fcr die Tiefenreinigung reduziert garantiert Ihre Planungsfehler und k\u00fcmmert sich schnell um Absagen. Dar\u00fcber hinaus erledigen Sie Auftr\u00e4ge planm\u00e4\u00dfig.\u00a0<\/span><\/p>\n<p><span style=\"font-weight: 400; color: #ffffff;\">Das Wichtigste ist, dass Sie Ihren Zeitplan per Nachricht oder E-Mail \u00e4ndern k\u00f6nnen.<\/span><\/p>\n<p><span style=\"font-weight: 400; color: #ffffff;\">Um den \u00dcberblick \u00fcber Ihre wichtigen Arbeiten und Aufgaben zu behalten, k\u00f6nnen Sie unsere kostenlose Android-App zur gr\u00fcndlichen Reinigung ausprobieren.\u00a0<\/span><\/p>\n<h2><span style=\"color: #ffffff;\"><b>Grundlagen, die wir ber\u00fccksichtigen:<\/b><\/span><\/h2>\n<p><span style=\"font-weight: 400; color: #ffffff;\">Mit unserem Tiefenreinigungsservice helfen Ihnen unsere Reinigungskr\u00e4fte, Schmutz, Ru\u00df, Seifenschaum und anderen Abschaum in Ihrem Zuhause oder B\u00fcro loszuwerden.\u00a0<\/span><\/p>\n<p><span style=\"font-weight: 400; color: #ffffff;\">Wir reinigen und desinfizieren die Bereiche und wichtigen Werkzeuge gr\u00fcndlich, um eine er<\/span><\/p>","protected":false},"excerpt":{"rendered":"<p>App for Deep Cleaning in El-Paso, TX For most of us, time is the core of everything, and with a busy lifestyle, we want everything such as deep cleaning service to be done quicker and faster. You can consider the Cleanster.com App for a deep cleaning service in El-Paso, TX. By using our cleaning app, [&hellip;]<\/p>\n","protected":false},"author":1,"featured_media":16053,"parent":0,"menu_order":0,"comment_status":"closed","ping_status":"closed","template":"templates\/services.php","meta":{"_acf_changed":false,"footnotes":""},"class_list":["post-8723","page","type-page","status-publish","has-post-thumbnail","hentry","entry"],"acf":[],"yoast_head":"<!-- This site is optimized with the Yoast SEO Premium plugin v26.5 (Yoast SEO v27.4) - https:\/\/yoast.com\/product\/yoast-seo-premium-wordpress\/ -->\n<title>App for deep cleaning in El-Paso, TX - Cleanster.com App<\/title>\n<meta name=\"description\" content=\"The smartest way to book, pay, and find deep cleaning service in El-Paso, TX through Cleanster.com. It takes only 30 seconds .\" \/>\n<meta name=\"robots\" content=\"index, follow, max-snippet:-1, max-image-preview:large, max-video-preview:-1\" \/>\n<link rel=\"canonical\" href=\"https:\/\/cleanster.com\/de\/tiefenreinigung-in-el-paso-texas\/\" \/>\n<meta property=\"og:locale\" content=\"de_DE\" \/>\n<meta property=\"og:type\" content=\"article\" \/>\n<meta property=\"og:title\" content=\"Deep Cleaning in El-Paso, TX - Cleanster | Cleaning &amp; Maid Services Near You\" \/>\n<meta property=\"og:description\" content=\"The smartest way to book, pay, and find deep cleaning service in El-Paso, TX through Cleanster.com. It takes only 30 seconds .\" \/>\n<meta property=\"og:url\" content=\"https:\/\/cleanster.com\/de\/tiefenreinigung-in-el-paso-texas\/\" \/>\n<meta property=\"og:site_name\" content=\"Cleanster | Cleaning &amp; Maid Services Near You\" \/>\n<meta property=\"article:publisher\" content=\"https:\/\/www.facebook.com\/cleansterhq\" \/>\n<meta property=\"article:modified_time\" content=\"2024-01-08T06:49:17+00:00\" \/>\n<meta property=\"og:image\" content=\"https:\/\/cleanster.com\/wp-content\/uploads\/2023\/10\/deep-img.jpg\" \/>\n\t<meta property=\"og:image:width\" content=\"950\" \/>\n\t<meta property=\"og:image:height\" content=\"670\" \/>\n\t<meta property=\"og:image:type\" content=\"image\/jpeg\" \/>\n<meta name=\"twitter:card\" content=\"summary_large_image\" \/>\n<meta name=\"twitter:site\" content=\"@cleansterhq\" \/>\n<meta name=\"twitter:label1\" content=\"Gesch\u00e4tzte Lesezeit\" \/>\n\t<meta name=\"twitter:data1\" content=\"2\u00a0Minuten\" \/>\n<script type=\"application\/ld+json\" class=\"yoast-schema-graph\">{\"@context\":\"https:\\\/\\\/schema.org\",\"@graph\":[{\"@type\":\"WebPage\",\"@id\":\"https:\\\/\\\/cleanster.com\\\/deep-cleaning-in-el-paso-tx\\\/\",\"url\":\"https:\\\/\\\/cleanster.com\\\/deep-cleaning-in-el-paso-tx\\\/\",\"name\":\"App for deep cleaning in El-Paso, TX - Cleanster.com App\",\"isPartOf\":{\"@id\":\"https:\\\/\\\/cleanster.com\\\/#website\"},\"primaryImageOfPage\":{\"@id\":\"https:\\\/\\\/cleanster.com\\\/deep-cleaning-in-el-paso-tx\\\/#primaryimage\"},\"image\":{\"@id\":\"https:\\\/\\\/cleanster.com\\\/deep-cleaning-in-el-paso-tx\\\/#primaryimage\"},\"thumbnailUrl\":\"https:\\\/\\\/cleanster.com\\\/wp-content\\\/uploads\\\/2023\\\/10\\\/deep-img.jpg\",\"datePublished\":\"2022-11-22T18:28:29+00:00\",\"dateModified\":\"2024-01-08T06:49:17+00:00\",\"description\":\"The smartest way to book, pay, and find deep cleaning service in El-Paso, TX through Cleanster.com. It takes only 30 seconds .\",\"inLanguage\":\"de\",\"potentialAction\":[{\"@type\":\"ReadAction\",\"target\":[\"https:\\\/\\\/cleanster.com\\\/deep-cleaning-in-el-paso-tx\\\/\"]}]},{\"@type\":\"ImageObject\",\"inLanguage\":\"de\",\"@id\":\"https:\\\/\\\/cleanster.com\\\/deep-cleaning-in-el-paso-tx\\\/#primaryimage\",\"url\":\"https:\\\/\\\/cleanster.com\\\/wp-content\\\/uploads\\\/2023\\\/10\\\/deep-img.jpg\",\"contentUrl\":\"https:\\\/\\\/cleanster.com\\\/wp-content\\\/uploads\\\/2023\\\/10\\\/deep-img.jpg\",\"width\":950,\"height\":670},{\"@type\":\"WebSite\",\"@id\":\"https:\\\/\\\/cleanster.com\\\/#website\",\"url\":\"https:\\\/\\\/cleanster.com\\\/\",\"name\":\"Cleanster | Cleaning & Maid Services Near You\",\"description\":\"Instantly find &amp; book trusted cleaners for homes, apartment, Airbnb, and offices. Cleanster offers affordable maid, housekeeping, and commercial cleaning services near you.\",\"publisher\":{\"@id\":\"https:\\\/\\\/cleanster.com\\\/#organization\"},\"alternateName\":\"Cleanster | Cleaning, Maid & Housekeeping Services for Everyone\",\"potentialAction\":[{\"@type\":\"SearchAction\",\"target\":{\"@type\":\"EntryPoint\",\"urlTemplate\":\"https:\\\/\\\/cleanster.com\\\/?s={search_term_string}\"},\"query-input\":{\"@type\":\"PropertyValueSpecification\",\"valueRequired\":true,\"valueName\":\"search_term_string\"}}],\"inLanguage\":\"de\"},{\"@type\":\"Organization\",\"@id\":\"https:\\\/\\\/cleanster.com\\\/#organization\",\"name\":\"Cleanster\",\"alternateName\":\"Cleanster.com\",\"url\":\"https:\\\/\\\/cleanster.com\\\/\",\"logo\":{\"@type\":\"ImageObject\",\"inLanguage\":\"de\",\"@id\":\"https:\\\/\\\/cleanster.com\\\/#\\\/schema\\\/logo\\\/image\\\/\",\"url\":\"https:\\\/\\\/cleanster.com\\\/wp-content\\\/uploads\\\/2025\\\/06\\\/Cleanster-Logo-1.svg\",\"contentUrl\":\"https:\\\/\\\/cleanster.com\\\/wp-content\\\/uploads\\\/2025\\\/06\\\/Cleanster-Logo-1.svg\",\"width\":1,\"height\":1,\"caption\":\"Cleanster\"},\"image\":{\"@id\":\"https:\\\/\\\/cleanster.com\\\/#\\\/schema\\\/logo\\\/image\\\/\"},\"sameAs\":[\"https:\\\/\\\/www.facebook.com\\\/cleansterhq\",\"https:\\\/\\\/x.com\\\/cleansterhq\",\"https:\\\/\\\/www.linkedin.com\\\/company\\\/cleansterhq\",\"https:\\\/\\\/www.instagram.com\\\/cleansterhq\",\"https:\\\/\\\/vm.tiktok.com\\\/ZM8vHmcuo\\\/\",\"https:\\\/\\\/www.clubhouse.com\\\/club\\\/cleanstercom\"],\"description\":\"Cleanster is an AI-powered cleaning services platform that connects Airbnb hosts, property managers, and commercial clients with vetted, on-demand cleaners. We offer apartment, house, Airbnb, commercial, and janitorial cleaning services. With a network of over 100,000 professionals across the US, Canada, and the UK, Cleanster delivers fast, reliable, and tech-enabled cleaning at scale.\",\"email\":\"support@cleanster.com\",\"telephone\":\"+1 (888) 788-2445\",\"legalName\":\"Cleanster, Inc.\",\"foundingDate\":\"2019-05-06\",\"duns\":\"118328526\",\"naics\":\"541511\",\"numberOfEmployees\":{\"@type\":\"QuantitativeValue\",\"minValue\":\"11\",\"maxValue\":\"50\"}}]}<\/script>\n<!-- \/ Yoast SEO Premium plugin. -->","yoast_head_json":{"title":"App f\u00fcr Tiefenreinigung in El-Paso, TX \u2013 Cleanster.com App","description":"Der intelligenteste Weg, \u00fcber Cleanster.com einen Tiefenreinigungsservice in El-Paso, TX zu buchen, zu bezahlen und zu finden. Es dauert nur 30 Sekunden.","robots":{"index":"index","follow":"follow","max-snippet":"max-snippet:-1","max-image-preview":"max-image-preview:large","max-video-preview":"max-video-preview:-1"},"canonical":"https:\/\/cleanster.com\/de\/tiefenreinigung-in-el-paso-texas\/","og_locale":"de_DE","og_type":"article","og_title":"Deep Cleaning in El-Paso, TX - Cleanster | Cleaning &amp; Maid Services Near You","og_description":"The smartest way to book, pay, and find deep cleaning service in El-Paso, TX through Cleanster.com. It takes only 30 seconds .","og_url":"https:\/\/cleanster.com\/de\/tiefenreinigung-in-el-paso-texas\/","og_site_name":"Cleanster | Cleaning &amp; Maid Services Near You","article_publisher":"https:\/\/www.facebook.com\/cleansterhq","article_modified_time":"2024-01-08T06:49:17+00:00","og_image":[{"width":950,"height":670,"url":"https:\/\/cleanster.com\/wp-content\/uploads\/2023\/10\/deep-img.jpg","type":"image\/jpeg"}],"twitter_card":"summary_large_image","twitter_site":"@cleansterhq","twitter_misc":{"Gesch\u00e4tzte Lesezeit":"2\u00a0Minuten"},"schema":{"@context":"https:\/\/schema.org","@graph":[{"@type":"WebPage","@id":"https:\/\/cleanster.com\/deep-cleaning-in-el-paso-tx\/","url":"https:\/\/cleanster.com\/deep-cleaning-in-el-paso-tx\/","name":"App f\u00fcr Tiefenreinigung in El-Paso, TX \u2013 Cleanster.com App","isPartOf":{"@id":"https:\/\/cleanster.com\/#website"},"primaryImageOfPage":{"@id":"https:\/\/cleanster.com\/deep-cleaning-in-el-paso-tx\/#primaryimage"},"image":{"@id":"https:\/\/cleanster.com\/deep-cleaning-in-el-paso-tx\/#primaryimage"},"thumbnailUrl":"https:\/\/cleanster.com\/wp-content\/uploads\/2023\/10\/deep-img.jpg","datePublished":"2022-11-22T18:28:29+00:00","dateModified":"2024-01-08T06:49:17+00:00","description":"Der intelligenteste Weg, \u00fcber Cleanster.com einen Tiefenreinigungsservice in El-Paso, TX zu buchen, zu bezahlen und zu finden. Es dauert nur 30 Sekunden.","inLanguage":"de","potentialAction":[{"@type":"ReadAction","target":["https:\/\/cleanster.com\/deep-cleaning-in-el-paso-tx\/"]}]},{"@type":"ImageObject","inLanguage":"de","@id":"https:\/\/cleanster.com\/deep-cleaning-in-el-paso-tx\/#primaryimage","url":"https:\/\/cleanster.com\/wp-content\/uploads\/2023\/10\/deep-img.jpg","contentUrl":"https:\/\/cleanster.com\/wp-content\/uploads\/2023\/10\/deep-img.jpg","width":950,"height":670},{"@type":"WebSite","@id":"https:\/\/cleanster.com\/#website","url":"https:\/\/cleanster.com\/","name":"Cleanster | Reinigungs- und Haushaltshilfen in Ihrer N\u00e4he","description":"Finden und buchen Sie sofort zuverl\u00e4ssige Reinigungskr\u00e4fte f\u00fcr H\u00e4user, Wohnungen, Airbnbs und B\u00fcros. Cleanster bietet g\u00fcnstige Reinigungsdienste in Ihrer N\u00e4he.","publisher":{"@id":"https:\/\/cleanster.com\/#organization"},"alternateName":"Cleanster | Cleaning, Maid & Housekeeping Services for Everyone","potentialAction":[{"@type":"SearchAction","target":{"@type":"EntryPoint","urlTemplate":"https:\/\/cleanster.com\/?s={search_term_string}"},"query-input":{"@type":"PropertyValueSpecification","valueRequired":true,"valueName":"search_term_string"}}],"inLanguage":"de"},{"@type":"Organization","@id":"https:\/\/cleanster.com\/#organization","name":"Saubermann","alternateName":"Cleanster.com","url":"https:\/\/cleanster.com\/","logo":{"@type":"ImageObject","inLanguage":"de","@id":"https:\/\/cleanster.com\/#\/schema\/logo\/image\/","url":"https:\/\/cleanster.com\/wp-content\/uploads\/2025\/06\/Cleanster-Logo-1.svg","contentUrl":"https:\/\/cleanster.com\/wp-content\/uploads\/2025\/06\/Cleanster-Logo-1.svg","width":1,"height":1,"caption":"Cleanster"},"image":{"@id":"https:\/\/cleanster.com\/#\/schema\/logo\/image\/"},"sameAs":["https:\/\/www.facebook.com\/cleansterhq","https:\/\/x.com\/cleansterhq","https:\/\/www.linkedin.com\/company\/cleansterhq","https:\/\/www.instagram.com\/cleansterhq","https:\/\/vm.tiktok.com\/ZM8vHmcuo\/","https:\/\/www.clubhouse.com\/club\/cleanstercom"],"description":"Cleanster ist eine KI-gest\u00fctzte Reinigungsplattform, die Airbnb-Gastgeber, Hausverwalter und gewerbliche Kunden mit gepr\u00fcften Reinigungskr\u00e4ften auf Abruf verbindet. Wir bieten Reinigungsdienste f\u00fcr Wohnungen, H\u00e4user, Airbnb-Unterk\u00fcnfte, Gewerbeimmobilien und Hausmeisterdienste an. Mit einem Netzwerk von \u00fcber 100.000 Fachkr\u00e4ften in den USA, Kanada und Gro\u00dfbritannien bietet Cleanster schnelle, zuverl\u00e4ssige und technisch unterst\u00fctzte Reinigung in gro\u00dfem Umfang.","email":"support@cleanster.com","telephone":"+1 (888) 788-2445","legalName":"Cleanster, Inc.","foundingDate":"2019-05-06","duns":"118328526","naics":"541511","numberOfEmployees":{"@type":"QuantitativeValue","minValue":"11","maxValue":"50"}}]}},"_links":{"self":[{"href":"https:\/\/cleanster.com\/de\/wp-json\/wp\/v2\/pages\/8723","targetHints":{"allow":["GET"]}}],"collection":[{"href":"https:\/\/cleanster.com\/de\/wp-json\/wp\/v2\/pages"}],"about":[{"href":"https:\/\/cleanster.com\/de\/wp-json\/wp\/v2\/types\/page"}],"author":[{"embeddable":true,"href":"https:\/\/cleanster.com\/de\/wp-json\/wp\/v2\/users\/1"}],"replies":[{"embeddable":true,"href":"https:\/\/cleanster.com\/de\/wp-json\/wp\/v2\/comments?post=8723"}],"version-history":[{"count":0,"href":"https:\/\/cleanster.com\/de\/wp-json\/wp\/v2\/pages\/8723\/revisions"}],"wp:featuredmedia":[{"embeddable":true,"href":"https:\/\/cleanster.com\/de\/wp-json\/wp\/v2\/media\/16053"}],"wp:attachment":[{"href":"https:\/\/cleanster.com\/de\/wp-json\/wp\/v2\/media?parent=8723"}],"curies":[{"name":"wp","href":"https:\/\/api.w.org\/{rel}","templated":true}]}}