{"id":10006,"date":"2023-07-25T15:47:56","date_gmt":"2023-07-25T15:47:56","guid":{"rendered":"https:\/\/cleanster.ca\/?page_id=10006"},"modified":"2025-10-09T20:02:10","modified_gmt":"2025-10-09T20:02:10","slug":"limpieza-de-airbnb-automatizada","status":"publish","type":"page","link":"https:\/\/cleanster.com\/es\/limpieza-de-airbnb-automatizada\/","title":{"rendered":"Limpieza de Airbnb automatizada"},"content":{"rendered":"<h2><span style=\"color: #ffffff;\"><b>Aplicaci\u00f3n para limpieza profunda<\/b><\/span><\/h2>\n<p><span style=\"color: #ffffff;\"><span style=\"font-weight: 400;\">Para la mayor\u00eda de nosotros, el tiempo es fundamental, y con un estilo de vida ajetreado, queremos que todo, como la limpieza profunda y la limpieza de Airbnb, se realice cada vez m\u00e1s r\u00e1pido. Puedes considerar la aplicaci\u00f3n Cleanster.com para... <\/span>Servicio de limpieza profunda. <span style=\"font-weight: 400;\">Con nuestra app de limpieza, puedes mantener tu casa u oficina f\u00e1cilmente. En Cleanster.com, disfruta de nuestros servicios para simplificarte la vida.\u00a0<\/span><\/span><\/p>\n<p><span style=\"color: #ffffff;\"><span style=\"font-weight: 400;\">Sabemos que mantener limpio tu entorno es una tarea interminable. Limpieza de casas, oficinas, hogares, limpieza profunda y otras. Pero con la ayuda de Cleanster.com<\/span><span style=\"font-weight: 400;\">, podr\u00e1s resolver tu problema r\u00e1pidamente.\u00a0<\/span><\/span><\/p>\n<p><span style=\"color: #ffffff;\"><span style=\"font-weight: 400;\">Es la mejor aplicaci\u00f3n de limpieza profunda.<\/span><span style=\"font-weight: 400;\">\u00a0para Airbnb, limpieza de casas y oficinas, alquileres vacacionales y mudanzas.\u00a0<\/span><\/span><\/p>\n<p><span style=\"font-weight: 400; color: #ffffff;\">A trav\u00e9s de esta aplicaci\u00f3n, puedes contratar a nuestros limpiadores profesionales para trapear pisos. Adem\u00e1s, aspira, quita el polvo y cambia la ropa de cama a un precio razonable.<\/span><\/p>\n<p><span style=\"font-weight: 400; color: #ffffff;\">Las excelentes soluciones de software de Cleanster.com ayudar\u00e1n a los servicios de limpieza a operar eficientemente. Son f\u00e1ciles de usar, accesibles y pr\u00e1cticas.\u00a0\u00a0<\/span><\/p>\n<p><span style=\"font-weight: 400; color: #ffffff;\">Nuestra profunda <span style=\"font-weight: 400;\">Airbnb <\/span>La aplicaci\u00f3n de limpieza garantizar\u00e1 reducir sus errores de programaci\u00f3n y ocuparse de las cancelaciones r\u00e1pidamente.<\/span><\/p>\n<p><span style=\"font-weight: 400; color: #ffffff;\">Adem\u00e1s, complete los trabajos seg\u00fan el plan.\u00a0<\/span><\/p>\n<p><span style=\"font-weight: 400; color: #ffffff;\">Lo m\u00e1s importante es que puede cambiar su horario a trav\u00e9s de mensajes o correo electr\u00f3nico.<\/span><\/p>\n<p><span style=\"font-weight: 400; color: #ffffff;\">Para realizar un seguimiento de sus tareas y quehaceres esenciales, puede consultar nuestra aplicaci\u00f3n gratuita de limpieza profunda para Android.\u00a0<\/span><\/p>\n<h2><span style=\"color: #ffffff;\"><b>Conceptos b\u00e1sicos que consideramos:<\/b><\/span><\/h2>\n<p><span style=\"font-weight: 400; color: #ffffff;\">Con nuestro servicio de limpieza profunda, nuestros limpiadores te ayudar\u00e1n a deshacerte de la suciedad. Suciedad, espuma de jab\u00f3n y otros desechos en su hogar u oficina.\u00a0<\/span><\/p>\n<p><span style=\"font-weight: 400; color: #ffffff;\">Higienizamos y desinfectamos las \u00e1reas y herramientas esenciales para ofrecer un ambiente m\u00e1s saludable. Y hacer que las cosas luzcan limpias y huelan fresco.<\/span><\/p>\n<p><span style=\"font-weight: 400; color: #ffffff;\">Nuestro servicio de limpieza profunda lleva m\u00e1s tiempo que nuestro servicio de limpieza regular. Implica mucho trabajo detallado y mantiene nuestro toque personal.\u00a0<\/span><\/p>\n<p><span style=\"color: #ffffff;\"><span style=\"font-weight: 400;\">Contamos con varios lugares para brindar servicios como <\/span><a style=\"color: #ffffff;\" href=\"https:\/\/cleanster.ca\/house-cleaning\/\"><span style=\"font-weight: 400;\">limpieza de la casa<\/span><\/a><span style=\"font-weight: 400;\">, <\/span><a style=\"color: #ffffff;\" href=\"https:\/\/cleanster.ca\/airbnb-cleaning-in-austin-tx\/\"><span style=\"font-weight: 400;\">Limpieza de Airbnb<\/span><\/a><span style=\"font-weight: 400;\">, <\/span><a style=\"color: #ffffff;\" href=\"https:\/\/cleanster.ca\/vacation-rental-cleaning-in-austin-tx\/\"><span style=\"font-weight: 400;\">limpieza de alquileres vacacionales<\/span><\/a><span style=\"font-weight: 400;\">, <\/span><a style=\"color: #ffffff;\" href=\"https:\/\/cleanster.ca\/moving-in-out-cleaning-in-austin-tx\/\"><span style=\"font-weight: 400;\">entrar y salir limpiando, <\/span><\/a><span style=\"font-weight: 400;\">y muchos m\u00e1s.<\/span><\/span><\/p>\n<p><span style=\"color: #ffffff;\"><span style=\"font-weight: 400;\">Si cree que su lugar requiere una limpieza a fondo, puede probar nuestro Cleanster.com <\/span><span style=\"font-weight: 400;\">para obtener el mejor servicio de limpieza profunda.\u00a0<\/span><\/span><\/p>","protected":false},"excerpt":{"rendered":"<p>App for Deep Cleaning For most of us, time is the core of everything, and with a busy lifestyle, we want everything, such as deep cleaning service, and Airbnb Cleaning, to be done quicker and faster. You can consider the Cleanster.com App for a deep cleaning service. Using our cleaning app, you can easily maintain [&hellip;]<\/p>\n","protected":false},"author":2,"featured_media":39,"parent":0,"menu_order":0,"comment_status":"closed","ping_status":"closed","template":"templates\/services.php","meta":{"_acf_changed":false,"footnotes":""},"class_list":["post-10006","page","type-page","status-publish","has-post-thumbnail","hentry","entry"],"acf":[],"yoast_head":"<!-- This site is optimized with the Yoast SEO Premium plugin v26.5 (Yoast SEO v27.4) - https:\/\/yoast.com\/product\/yoast-seo-premium-wordpress\/ -->\n<title>Airbnb Cleaning App | Cleanster.com<\/title>\n<meta name=\"description\" content=\"The smart way to book, pay, and find Airbnb vacation rental cleaners in 30 seconds. Cleanster.com for Airbnb Cleaning\" \/>\n<meta name=\"robots\" content=\"index, follow, max-snippet:-1, max-image-preview:large, max-video-preview:-1\" \/>\n<link rel=\"canonical\" href=\"https:\/\/cleanster.com\/es\/limpieza-de-airbnb-automatizada\/\" \/>\n<meta property=\"og:locale\" content=\"es_MX\" \/>\n<meta property=\"og:type\" content=\"article\" \/>\n<meta property=\"og:title\" content=\"Airbnb Cleaning Automated - Cleanster | Cleaning &amp; Maid Services Near You\" \/>\n<meta property=\"og:description\" content=\"The smart way to book, pay, and find Airbnb vacation rental cleaners in 30 seconds. Cleanster.com for Airbnb Cleaning\" \/>\n<meta property=\"og:url\" content=\"https:\/\/cleanster.com\/es\/limpieza-de-airbnb-automatizada\/\" \/>\n<meta property=\"og:site_name\" content=\"Cleanster | Cleaning &amp; Maid Services Near You\" \/>\n<meta property=\"article:publisher\" content=\"https:\/\/www.facebook.com\/cleansterhq\" \/>\n<meta property=\"article:modified_time\" content=\"2025-10-09T20:02:10+00:00\" \/>\n<meta property=\"og:image\" content=\"https:\/\/cleanster.com\/wp-content\/uploads\/2023\/08\/intro-bg1.jpg\" \/>\n\t<meta property=\"og:image:width\" content=\"1920\" \/>\n\t<meta property=\"og:image:height\" content=\"1080\" \/>\n\t<meta property=\"og:image:type\" content=\"image\/jpeg\" \/>\n<meta name=\"twitter:card\" content=\"summary_large_image\" \/>\n<meta name=\"twitter:site\" content=\"@cleansterhq\" \/>\n<meta name=\"twitter:label1\" content=\"Tiempo de lectura\" \/>\n\t<meta name=\"twitter:data1\" content=\"2 minutos\" \/>\n<script type=\"application\/ld+json\" class=\"yoast-schema-graph\">{\"@context\":\"https:\\\/\\\/schema.org\",\"@graph\":[{\"@type\":\"Article\",\"@id\":\"https:\\\/\\\/cleanster.com\\\/airbnb-cleaning-automated\\\/#article\",\"isPartOf\":{\"@id\":\"https:\\\/\\\/cleanster.com\\\/airbnb-cleaning-automated\\\/\"},\"author\":{\"name\":\"derrick\",\"@id\":\"https:\\\/\\\/cleanster.com\\\/#\\\/schema\\\/person\\\/bf8dbd71b6062df8d87e6f3f4673c94b\"},\"headline\":\"Airbnb Cleaning Automated\",\"datePublished\":\"2023-07-25T15:47:56+00:00\",\"dateModified\":\"2025-10-09T20:02:10+00:00\",\"mainEntityOfPage\":{\"@id\":\"https:\\\/\\\/cleanster.com\\\/airbnb-cleaning-automated\\\/\"},\"wordCount\":342,\"publisher\":{\"@id\":\"https:\\\/\\\/cleanster.com\\\/#organization\"},\"image\":{\"@id\":\"https:\\\/\\\/cleanster.com\\\/airbnb-cleaning-automated\\\/#primaryimage\"},\"thumbnailUrl\":\"https:\\\/\\\/cleanster.com\\\/wp-content\\\/uploads\\\/2023\\\/08\\\/intro-bg1.jpg\",\"inLanguage\":\"es\"},{\"@type\":[\"WebPage\",\"ItemPage\"],\"@id\":\"https:\\\/\\\/cleanster.com\\\/airbnb-cleaning-automated\\\/\",\"url\":\"https:\\\/\\\/cleanster.com\\\/airbnb-cleaning-automated\\\/\",\"name\":\"Airbnb Cleaning App | Cleanster.com\",\"isPartOf\":{\"@id\":\"https:\\\/\\\/cleanster.com\\\/#website\"},\"primaryImageOfPage\":{\"@id\":\"https:\\\/\\\/cleanster.com\\\/airbnb-cleaning-automated\\\/#primaryimage\"},\"image\":{\"@id\":\"https:\\\/\\\/cleanster.com\\\/airbnb-cleaning-automated\\\/#primaryimage\"},\"thumbnailUrl\":\"https:\\\/\\\/cleanster.com\\\/wp-content\\\/uploads\\\/2023\\\/08\\\/intro-bg1.jpg\",\"datePublished\":\"2023-07-25T15:47:56+00:00\",\"dateModified\":\"2025-10-09T20:02:10+00:00\",\"description\":\"The smart way to book, pay, and find Airbnb vacation rental cleaners in 30 seconds. Cleanster.com for Airbnb Cleaning\",\"inLanguage\":\"es\",\"potentialAction\":[{\"@type\":\"ReadAction\",\"target\":[\"https:\\\/\\\/cleanster.com\\\/airbnb-cleaning-automated\\\/\"]}]},{\"@type\":\"ImageObject\",\"inLanguage\":\"es\",\"@id\":\"https:\\\/\\\/cleanster.com\\\/airbnb-cleaning-automated\\\/#primaryimage\",\"url\":\"https:\\\/\\\/cleanster.com\\\/wp-content\\\/uploads\\\/2023\\\/08\\\/intro-bg1.jpg\",\"contentUrl\":\"https:\\\/\\\/cleanster.com\\\/wp-content\\\/uploads\\\/2023\\\/08\\\/intro-bg1.jpg\",\"width\":1920,\"height\":1080},{\"@type\":\"WebSite\",\"@id\":\"https:\\\/\\\/cleanster.com\\\/#website\",\"url\":\"https:\\\/\\\/cleanster.com\\\/\",\"name\":\"Cleanster | Cleaning & Maid Services Near You\",\"description\":\"Instantly find &amp; book trusted cleaners for homes, apartment, Airbnb, and offices. Cleanster offers affordable maid, housekeeping, and commercial cleaning services near you.\",\"publisher\":{\"@id\":\"https:\\\/\\\/cleanster.com\\\/#organization\"},\"alternateName\":\"Cleanster | Cleaning, Maid & Housekeeping Services for Everyone\",\"potentialAction\":[{\"@type\":\"SearchAction\",\"target\":{\"@type\":\"EntryPoint\",\"urlTemplate\":\"https:\\\/\\\/cleanster.com\\\/?s={search_term_string}\"},\"query-input\":{\"@type\":\"PropertyValueSpecification\",\"valueRequired\":true,\"valueName\":\"search_term_string\"}}],\"inLanguage\":\"es\"},{\"@type\":\"Organization\",\"@id\":\"https:\\\/\\\/cleanster.com\\\/#organization\",\"name\":\"Cleanster\",\"alternateName\":\"Cleanster.com\",\"url\":\"https:\\\/\\\/cleanster.com\\\/\",\"logo\":{\"@type\":\"ImageObject\",\"inLanguage\":\"es\",\"@id\":\"https:\\\/\\\/cleanster.com\\\/#\\\/schema\\\/logo\\\/image\\\/\",\"url\":\"https:\\\/\\\/cleanster.com\\\/wp-content\\\/uploads\\\/2025\\\/06\\\/Cleanster-Logo-1.svg\",\"contentUrl\":\"https:\\\/\\\/cleanster.com\\\/wp-content\\\/uploads\\\/2025\\\/06\\\/Cleanster-Logo-1.svg\",\"width\":1,\"height\":1,\"caption\":\"Cleanster\"},\"image\":{\"@id\":\"https:\\\/\\\/cleanster.com\\\/#\\\/schema\\\/logo\\\/image\\\/\"},\"sameAs\":[\"https:\\\/\\\/www.facebook.com\\\/cleansterhq\",\"https:\\\/\\\/x.com\\\/cleansterhq\",\"https:\\\/\\\/www.linkedin.com\\\/company\\\/cleansterhq\",\"https:\\\/\\\/www.instagram.com\\\/cleansterhq\",\"https:\\\/\\\/vm.tiktok.com\\\/ZM8vHmcuo\\\/\",\"https:\\\/\\\/www.clubhouse.com\\\/club\\\/cleanstercom\"],\"description\":\"Cleanster is an AI-powered cleaning services platform that connects Airbnb hosts, property managers, and commercial clients with vetted, on-demand cleaners. We offer apartment, house, Airbnb, commercial, and janitorial cleaning services. With a network of over 100,000 professionals across the US, Canada, and the UK, Cleanster delivers fast, reliable, and tech-enabled cleaning at scale.\",\"email\":\"support@cleanster.com\",\"telephone\":\"+1 (888) 788-2445\",\"legalName\":\"Cleanster, Inc.\",\"foundingDate\":\"2019-05-06\",\"duns\":\"118328526\",\"naics\":\"541511\",\"numberOfEmployees\":{\"@type\":\"QuantitativeValue\",\"minValue\":\"11\",\"maxValue\":\"50\"}},{\"@type\":\"Person\",\"@id\":\"https:\\\/\\\/cleanster.com\\\/#\\\/schema\\\/person\\\/bf8dbd71b6062df8d87e6f3f4673c94b\",\"name\":\"derrick\",\"image\":{\"@type\":\"ImageObject\",\"inLanguage\":\"es\",\"@id\":\"https:\\\/\\\/secure.gravatar.com\\\/avatar\\\/2f62e80994b7c3d8c0a4c2ab9df11da93ff44009f0af5bd22d3dc9b00b03610f?s=96&d=mm&r=g\",\"url\":\"https:\\\/\\\/secure.gravatar.com\\\/avatar\\\/2f62e80994b7c3d8c0a4c2ab9df11da93ff44009f0af5bd22d3dc9b00b03610f?s=96&d=mm&r=g\",\"contentUrl\":\"https:\\\/\\\/secure.gravatar.com\\\/avatar\\\/2f62e80994b7c3d8c0a4c2ab9df11da93ff44009f0af5bd22d3dc9b00b03610f?s=96&d=mm&r=g\",\"caption\":\"derrick\"},\"url\":\"https:\\\/\\\/cleanster.com\\\/es\\\/author\\\/derrick\\\/\"}]}<\/script>\n<!-- \/ Yoast SEO Premium plugin. -->","yoast_head_json":{"title":"Aplicaci\u00f3n de limpieza de Airbnb | Limpiador.com","description":"La forma inteligente de reservar, pagar y encontrar limpiadores de alquileres vacacionales en Airbnb en 30 segundos. Cleanster.com para la limpieza de Airbnb","robots":{"index":"index","follow":"follow","max-snippet":"max-snippet:-1","max-image-preview":"max-image-preview:large","max-video-preview":"max-video-preview:-1"},"canonical":"https:\/\/cleanster.com\/es\/limpieza-de-airbnb-automatizada\/","og_locale":"es_MX","og_type":"article","og_title":"Airbnb Cleaning Automated - Cleanster | Cleaning &amp; Maid Services Near You","og_description":"The smart way to book, pay, and find Airbnb vacation rental cleaners in 30 seconds. Cleanster.com for Airbnb Cleaning","og_url":"https:\/\/cleanster.com\/es\/limpieza-de-airbnb-automatizada\/","og_site_name":"Cleanster | Cleaning &amp; Maid Services Near You","article_publisher":"https:\/\/www.facebook.com\/cleansterhq","article_modified_time":"2025-10-09T20:02:10+00:00","og_image":[{"width":1920,"height":1080,"url":"https:\/\/cleanster.com\/wp-content\/uploads\/2023\/08\/intro-bg1.jpg","type":"image\/jpeg"}],"twitter_card":"summary_large_image","twitter_site":"@cleansterhq","twitter_misc":{"Tiempo de lectura":"2 minutos"},"schema":{"@context":"https:\/\/schema.org","@graph":[{"@type":"Article","@id":"https:\/\/cleanster.com\/airbnb-cleaning-automated\/#article","isPartOf":{"@id":"https:\/\/cleanster.com\/airbnb-cleaning-automated\/"},"author":{"name":"derrick","@id":"https:\/\/cleanster.com\/#\/schema\/person\/bf8dbd71b6062df8d87e6f3f4673c94b"},"headline":"Airbnb Cleaning Automated","datePublished":"2023-07-25T15:47:56+00:00","dateModified":"2025-10-09T20:02:10+00:00","mainEntityOfPage":{"@id":"https:\/\/cleanster.com\/airbnb-cleaning-automated\/"},"wordCount":342,"publisher":{"@id":"https:\/\/cleanster.com\/#organization"},"image":{"@id":"https:\/\/cleanster.com\/airbnb-cleaning-automated\/#primaryimage"},"thumbnailUrl":"https:\/\/cleanster.com\/wp-content\/uploads\/2023\/08\/intro-bg1.jpg","inLanguage":"es"},{"@type":["WebPage","ItemPage"],"@id":"https:\/\/cleanster.com\/airbnb-cleaning-automated\/","url":"https:\/\/cleanster.com\/airbnb-cleaning-automated\/","name":"Aplicaci\u00f3n de limpieza de Airbnb | Limpiador.com","isPartOf":{"@id":"https:\/\/cleanster.com\/#website"},"primaryImageOfPage":{"@id":"https:\/\/cleanster.com\/airbnb-cleaning-automated\/#primaryimage"},"image":{"@id":"https:\/\/cleanster.com\/airbnb-cleaning-automated\/#primaryimage"},"thumbnailUrl":"https:\/\/cleanster.com\/wp-content\/uploads\/2023\/08\/intro-bg1.jpg","datePublished":"2023-07-25T15:47:56+00:00","dateModified":"2025-10-09T20:02:10+00:00","description":"La forma inteligente de reservar, pagar y encontrar limpiadores de alquileres vacacionales en Airbnb en 30 segundos. Cleanster.com para la limpieza de Airbnb","inLanguage":"es","potentialAction":[{"@type":"ReadAction","target":["https:\/\/cleanster.com\/airbnb-cleaning-automated\/"]}]},{"@type":"ImageObject","inLanguage":"es","@id":"https:\/\/cleanster.com\/airbnb-cleaning-automated\/#primaryimage","url":"https:\/\/cleanster.com\/wp-content\/uploads\/2023\/08\/intro-bg1.jpg","contentUrl":"https:\/\/cleanster.com\/wp-content\/uploads\/2023\/08\/intro-bg1.jpg","width":1920,"height":1080},{"@type":"WebSite","@id":"https:\/\/cleanster.com\/#website","url":"https:\/\/cleanster.com\/","name":"Cleanster | Servicios de limpieza y limpieza cerca de ti","description":"Encuentra y reserva al instante limpiadores de confianza para casas, apartamentos, Airbnb y oficinas. Cleanster ofrece servicios de limpieza dom\u00e9stica, limpieza del hogar y limpieza comercial a precios accesibles cerca de ti.","publisher":{"@id":"https:\/\/cleanster.com\/#organization"},"alternateName":"Cleanster | Cleaning, Maid & Housekeeping Services for Everyone","potentialAction":[{"@type":"SearchAction","target":{"@type":"EntryPoint","urlTemplate":"https:\/\/cleanster.com\/?s={search_term_string}"},"query-input":{"@type":"PropertyValueSpecification","valueRequired":true,"valueName":"search_term_string"}}],"inLanguage":"es"},{"@type":"Organization","@id":"https:\/\/cleanster.com\/#organization","name":"Limpiador","alternateName":"Cleanster.com","url":"https:\/\/cleanster.com\/","logo":{"@type":"ImageObject","inLanguage":"es","@id":"https:\/\/cleanster.com\/#\/schema\/logo\/image\/","url":"https:\/\/cleanster.com\/wp-content\/uploads\/2025\/06\/Cleanster-Logo-1.svg","contentUrl":"https:\/\/cleanster.com\/wp-content\/uploads\/2025\/06\/Cleanster-Logo-1.svg","width":1,"height":1,"caption":"Cleanster"},"image":{"@id":"https:\/\/cleanster.com\/#\/schema\/logo\/image\/"},"sameAs":["https:\/\/www.facebook.com\/cleansterhq","https:\/\/x.com\/cleansterhq","https:\/\/www.linkedin.com\/company\/cleansterhq","https:\/\/www.instagram.com\/cleansterhq","https:\/\/vm.tiktok.com\/ZM8vHmcuo\/","https:\/\/www.clubhouse.com\/club\/cleanstercom"],"description":"Cleanster es una plataforma de servicios de limpieza con inteligencia artificial que conecta a anfitriones, administradores de propiedades y clientes comerciales de Airbnb con limpiadores verificados y a demanda. Ofrecemos servicios de limpieza de apartamentos, casas, Airbnb, comercios y conserjer\u00eda. Con una red de m\u00e1s de 100,000 profesionales en EE. UU., Canad\u00e1 y el Reino Unido, Cleanster ofrece una limpieza r\u00e1pida, confiable y tecnol\u00f3gica a gran escala.","email":"support@cleanster.com","telephone":"+1 (888) 788-2445","legalName":"Cleanster, Inc.","foundingDate":"2019-05-06","duns":"118328526","naics":"541511","numberOfEmployees":{"@type":"QuantitativeValue","minValue":"11","maxValue":"50"}},{"@type":"Person","@id":"https:\/\/cleanster.com\/#\/schema\/person\/bf8dbd71b6062df8d87e6f3f4673c94b","name":"derrick","image":{"@type":"ImageObject","inLanguage":"es","@id":"https:\/\/secure.gravatar.com\/avatar\/2f62e80994b7c3d8c0a4c2ab9df11da93ff44009f0af5bd22d3dc9b00b03610f?s=96&d=mm&r=g","url":"https:\/\/secure.gravatar.com\/avatar\/2f62e80994b7c3d8c0a4c2ab9df11da93ff44009f0af5bd22d3dc9b00b03610f?s=96&d=mm&r=g","contentUrl":"https:\/\/secure.gravatar.com\/avatar\/2f62e80994b7c3d8c0a4c2ab9df11da93ff44009f0af5bd22d3dc9b00b03610f?s=96&d=mm&r=g","caption":"derrick"},"url":"https:\/\/cleanster.com\/es\/author\/derrick\/"}]}},"_links":{"self":[{"href":"https:\/\/cleanster.com\/es\/wp-json\/wp\/v2\/pages\/10006","targetHints":{"allow":["GET"]}}],"collection":[{"href":"https:\/\/cleanster.com\/es\/wp-json\/wp\/v2\/pages"}],"about":[{"href":"https:\/\/cleanster.com\/es\/wp-json\/wp\/v2\/types\/page"}],"author":[{"embeddable":true,"href":"https:\/\/cleanster.com\/es\/wp-json\/wp\/v2\/users\/2"}],"replies":[{"embeddable":true,"href":"https:\/\/cleanster.com\/es\/wp-json\/wp\/v2\/comments?post=10006"}],"version-history":[{"count":0,"href":"https:\/\/cleanster.com\/es\/wp-json\/wp\/v2\/pages\/10006\/revisions"}],"wp:featuredmedia":[{"embeddable":true,"href":"https:\/\/cleanster.com\/es\/wp-json\/wp\/v2\/media\/39"}],"wp:attachment":[{"href":"https:\/\/cleanster.com\/es\/wp-json\/wp\/v2\/media?parent=10006"}],"curies":[{"name":"gracias","href":"https:\/\/api.w.org\/{rel}","templated":true}]}}