{"id":12,"date":"2023-08-08T06:38:22","date_gmt":"2023-08-08T06:38:22","guid":{"rendered":"https:\/\/cleanster.com\/?page_id=12"},"modified":"2025-10-09T22:13:58","modified_gmt":"2025-10-09T22:13:58","slug":"limpiadores","status":"publish","type":"page","link":"https:\/\/cleanster.com\/es\/limpiadores\/","title":{"rendered":"Limpiadores"},"content":{"rendered":"<p><span style=\"color: #ffffff;\">En el din\u00e1mico mundo de las oportunidades de la econom\u00eda colaborativa, donde la flexibilidad y los ingresos son clave, encontrar trabajos de limpieza bien remunerados en Airbnb puede cambiar las reglas del juego. \u201cCleanster.com\u201d, un innovador sistema de servicios de limpieza, est\u00e1 revolucionando la forma en que los limpiadores conectan con oportunidades lucrativas. Imag\u00ednese obtener acceso instant\u00e1neo a cientos de trabajos de limpieza bien remunerados en su zona: esta es la promesa que ofrece Cleanster.com.<\/span><\/p>\n<h2><span style=\"color: #ffffff;\"><strong>Descubrimiento de empleos sin problemas con Cleanster.com<\/strong><\/span><\/h2>\n<h3><span style=\"color: #ffffff;\"><strong>B\u00fasqueda de empleo sin esfuerzo<\/strong><\/span><\/h3>\n<p><span style=\"color: #ffffff;\">La aplicaci\u00f3n Cleanster.com proporciona una interfaz f\u00e1cil de usar que permite a los limpiadores explorar una amplia gama de trabajos de limpieza de Airbnb sin esfuerzo.<\/span><\/p>\n<p><span style=\"color: #ffffff;\">Los filtros basados en la ubicaci\u00f3n, las tasas salariales y las preferencias laborales hacen que sea conveniente encontrar oportunidades que coincidan con las preferencias individuales.<\/span><\/p>\n<h3><span style=\"color: #ffffff;\"><strong>Notificaciones de trabajo en tiempo real<\/strong><\/span><\/h3>\n<p><span style=\"color: #ffffff;\">Cleanster.com mantiene a los limpiadores informados con notificaciones de trabajo en tiempo real. Reciba actualizaciones instant\u00e1neas sobre nuevas oportunidades que coincidan con sus habilidades y preferencias de ubicaci\u00f3n.<\/span><\/p>\n<p><span style=\"color: #ffffff;\">D\u00edgale adi\u00f3s a las oportunidades perdidas, ya que Cleanster.com se asegura de que est\u00e9 informado de inmediato sobre posibles empleos cerca de usted.<\/span><\/p>\n<h3><span style=\"color: #ffffff;\"><strong>Listados de trabajos detallados<\/strong><\/span><\/h3>\n<p><span style=\"color: #ffffff;\">Cada oferta de trabajo en Cleanster.com viene con detalles completos, incluidas tarifas salariales, tareas requeridas e instrucciones espec\u00edficas de los propietarios.<\/span><\/p>\n<p><span style=\"color: #ffffff;\">Los limpiadores pueden tomar decisiones informadas en funci\u00f3n de sus preferencias y disponibilidad, lo que garantiza una experiencia laboral perfecta.<\/span><\/p>\n<h2><span style=\"color: #ffffff;\"><strong>Maximizar las ganancias a trav\u00e9s de <a style=\"color: #ffffff;\" href=\"https:\/\/cleanster.com\/\">Limpiador.com<\/a><\/strong><\/span><\/h2>\n<h3><span style=\"color: #ffffff;\"><strong>Tarifas de pago competitivas<\/strong><\/span><\/h3>\n<p><span style=\"color: #ffffff;\">Cleanster.com se compromete a conectar a los limpiadores con trabajos de limpieza bien remunerados en Airbnb. La plataforma colabora con propietarios que valoran la importancia de unos servicios de limpieza de calidad, garantizando que los limpiadores reciban una compensaci\u00f3n adecuada por sus esfuerzos.<\/span><\/p>\n<h3><span style=\"color: #ffffff;\"><strong>Transacciones de pago transparentes<\/strong><\/span><\/h3>\n<p><span style=\"color: #ffffff;\">Cleanster.com simplifica el proceso de pago, aportando transparencia y fiabilidad. Los limpiadores pueden estar seguros de que recibir\u00e1n una compensaci\u00f3n justa por sus servicios.<\/span><\/p>\n<p><span style=\"color: #ffffff;\">La pasarela de pago segura de la aplicaci\u00f3n facilita transacciones fluidas, eliminando preocupaciones sobre retrasos o discrepancias en los pagos.<\/span><\/p>\n<h3><span style=\"color: #ffffff;\"><strong>Oportunidades de crecimiento<\/strong><\/span><\/h3>\n<p><span style=\"color: #ffffff;\">Cleanster.com no se trata s\u00f3lo de encontrar empleo; se trata de construir una carrera sostenible en el <a style=\"color: #ffffff;\" href=\"https:\/\/www.osha.gov\/cleaning-industry\">industria de limpieza<\/a>. La plataforma anima a los limpiadores a crear sus perfiles, mostrar sus habilidades y recibir calificaciones y rese\u00f1as de clientes satisfechos.<\/span><\/p>\n<h3><span style=\"color: #ffffff;\"><strong>Programaci\u00f3n automatizada<\/strong><\/span><\/h3>\n<p><span style=\"color: #ffffff;\">El sistema de automatizaci\u00f3n de Cleanster.com agiliza el proceso de programaci\u00f3n. Los limpiadores pueden establecer su disponibilidad y la aplicaci\u00f3n los relaciona de manera inteligente con trabajos que se ajustan a sus horarios.<\/span><\/p>\n<h3><span style=\"color: #ffffff;\"><strong>An\u00e1lisis de rendimiento<\/strong><\/span><\/h3>\n<p><span style=\"color: #ffffff;\">Cleanster.com proporciona rendimiento para realizar un seguimiento de su eficiencia, tarifas y satisfacci\u00f3n del cliente. Este enfoque ayuda a los limpiadores a mejorar sus habilidades y atraer m\u00e1s oportunidades.<\/span><\/p>\n<h3><span style=\"color: #ffffff;\"><strong>Comunicaci\u00f3n con el cliente<\/strong><\/span><\/h3>\n<p><span style=\"color: #ffffff;\">La aplicaci\u00f3n facilita la comunicaci\u00f3n entre los limpiadores y los propietarios. Los limpiadores pueden recibir instrucciones espec\u00edficas para que puedan construir relaciones profesionales que conduzcan a la repetici\u00f3n de negocios.<\/span><\/p>","protected":false},"excerpt":{"rendered":"<p>In the dynamic world of gig economy opportunities, where flexibility and earnings are key, finding high-paying Airbnb cleaning jobs can be a game-changer. &#8220;Cleanster.com,&#8221; an innovative cleaning service system, is revolutionizing the way cleaners connect with lucrative opportunities. Imagine gaining instant access to hundreds of well-compensated cleaning jobs in your vicinity \u2013 this is the [&hellip;]<\/p>\n","protected":false},"author":1,"featured_media":0,"parent":0,"menu_order":0,"comment_status":"closed","ping_status":"closed","template":"templates\/apartments.php","meta":{"_acf_changed":false,"footnotes":""},"class_list":["post-12","page","type-page","status-publish","hentry","entry"],"acf":[],"yoast_head":"<!-- This site is optimized with the Yoast SEO Premium plugin v26.5 (Yoast SEO v27.4) - https:\/\/yoast.com\/product\/yoast-seo-premium-wordpress\/ -->\n<title>Cleanster | Cleaning &amp; Maid Services Near You | We take care of cleaning your home or short-term rental<\/title>\n<meta name=\"description\" content=\"The world\u2019s top property management firms trust Cleanster to get the cleaning done right. Let&#039;s explore cleaning jobs\" \/>\n<meta name=\"robots\" content=\"index, follow, max-snippet:-1, max-image-preview:large, max-video-preview:-1\" \/>\n<link rel=\"canonical\" href=\"https:\/\/cleanster.com\/es\/limpiadores\/\" \/>\n<meta property=\"og:locale\" content=\"es_MX\" \/>\n<meta property=\"og:type\" content=\"article\" \/>\n<meta property=\"og:title\" content=\"Cleaners - Cleanster | Cleaning &amp; Maid Services Near You\" \/>\n<meta property=\"og:description\" content=\"The world\u2019s top property management firms trust Cleanster to get the cleaning done right. Let&#039;s explore cleaning jobs\" \/>\n<meta property=\"og:url\" content=\"https:\/\/cleanster.com\/es\/limpiadores\/\" \/>\n<meta property=\"og:site_name\" content=\"Cleanster | Cleaning &amp; Maid Services Near You\" \/>\n<meta property=\"article:publisher\" content=\"https:\/\/www.facebook.com\/cleansterhq\" \/>\n<meta property=\"article:modified_time\" content=\"2025-10-09T22:13:58+00:00\" \/>\n<meta property=\"og:image\" content=\"https:\/\/cleanster.com\/wp-content\/uploads\/2023\/11\/card@3x.png\" \/>\n\t<meta property=\"og:image:width\" content=\"1170\" \/>\n\t<meta property=\"og:image:height\" content=\"763\" \/>\n\t<meta property=\"og:image:type\" content=\"image\/png\" \/>\n<meta name=\"twitter:card\" content=\"summary_large_image\" \/>\n<meta name=\"twitter:site\" content=\"@cleansterhq\" \/>\n<meta name=\"twitter:label1\" content=\"Tiempo de lectura\" \/>\n\t<meta name=\"twitter:data1\" content=\"2 minutos\" \/>\n<script type=\"application\/ld+json\" class=\"yoast-schema-graph\">{\"@context\":\"https:\\\/\\\/schema.org\",\"@graph\":[{\"@type\":\"WebPage\",\"@id\":\"https:\\\/\\\/cleanster.com\\\/cleaners\\\/\",\"url\":\"https:\\\/\\\/cleanster.com\\\/cleaners\",\"name\":\"Cleanster | Cleaning &amp; Maid Services Near You | We take care of cleaning your home or short-term rental\",\"isPartOf\":{\"@id\":\"https:\\\/\\\/cleanster.com\\\/#website\"},\"datePublished\":\"2023-08-08T06:38:22+00:00\",\"dateModified\":\"2025-10-09T22:13:58+00:00\",\"description\":\"The world\u2019s top property management firms trust Cleanster to get the cleaning done right. Let's explore cleaning jobs\",\"inLanguage\":\"es\",\"potentialAction\":[{\"@type\":\"ReadAction\",\"target\":[\"https:\\\/\\\/cleanster.com\\\/cleaners\"]}]},{\"@type\":\"WebSite\",\"@id\":\"https:\\\/\\\/cleanster.com\\\/#website\",\"url\":\"https:\\\/\\\/cleanster.com\\\/\",\"name\":\"Cleanster | Cleaning & Maid Services Near You\",\"description\":\"Instantly find &amp; book trusted cleaners for homes, apartment, Airbnb, and offices. Cleanster offers affordable maid, housekeeping, and commercial cleaning services near you.\",\"publisher\":{\"@id\":\"https:\\\/\\\/cleanster.com\\\/#organization\"},\"alternateName\":\"Cleanster | Cleaning, Maid & Housekeeping Services for Everyone\",\"potentialAction\":[{\"@type\":\"SearchAction\",\"target\":{\"@type\":\"EntryPoint\",\"urlTemplate\":\"https:\\\/\\\/cleanster.com\\\/?s={search_term_string}\"},\"query-input\":{\"@type\":\"PropertyValueSpecification\",\"valueRequired\":true,\"valueName\":\"search_term_string\"}}],\"inLanguage\":\"es\"},{\"@type\":\"Organization\",\"@id\":\"https:\\\/\\\/cleanster.com\\\/#organization\",\"name\":\"Cleanster\",\"alternateName\":\"Cleanster.com\",\"url\":\"https:\\\/\\\/cleanster.com\\\/\",\"logo\":{\"@type\":\"ImageObject\",\"inLanguage\":\"es\",\"@id\":\"https:\\\/\\\/cleanster.com\\\/#\\\/schema\\\/logo\\\/image\\\/\",\"url\":\"https:\\\/\\\/cleanster.com\\\/wp-content\\\/uploads\\\/2025\\\/06\\\/Cleanster-Logo-1.svg\",\"contentUrl\":\"https:\\\/\\\/cleanster.com\\\/wp-content\\\/uploads\\\/2025\\\/06\\\/Cleanster-Logo-1.svg\",\"width\":1,\"height\":1,\"caption\":\"Cleanster\"},\"image\":{\"@id\":\"https:\\\/\\\/cleanster.com\\\/#\\\/schema\\\/logo\\\/image\\\/\"},\"sameAs\":[\"https:\\\/\\\/www.facebook.com\\\/cleansterhq\",\"https:\\\/\\\/x.com\\\/cleansterhq\",\"https:\\\/\\\/www.linkedin.com\\\/company\\\/cleansterhq\",\"https:\\\/\\\/www.instagram.com\\\/cleansterhq\",\"https:\\\/\\\/vm.tiktok.com\\\/ZM8vHmcuo\\\/\",\"https:\\\/\\\/www.clubhouse.com\\\/club\\\/cleanstercom\"],\"description\":\"Cleanster is an AI-powered cleaning services platform that connects Airbnb hosts, property managers, and commercial clients with vetted, on-demand cleaners. We offer apartment, house, Airbnb, commercial, and janitorial cleaning services. With a network of over 100,000 professionals across the US, Canada, and the UK, Cleanster delivers fast, reliable, and tech-enabled cleaning at scale.\",\"email\":\"support@cleanster.com\",\"telephone\":\"+1 (888) 788-2445\",\"legalName\":\"Cleanster, Inc.\",\"foundingDate\":\"2019-05-06\",\"duns\":\"118328526\",\"naics\":\"541511\",\"numberOfEmployees\":{\"@type\":\"QuantitativeValue\",\"minValue\":\"11\",\"maxValue\":\"50\"}}]}<\/script>\n<!-- \/ Yoast SEO Premium plugin. -->","yoast_head_json":{"title":"Cleanster | Servicios de limpieza y limpieza cerca de ti | Nos encargamos de la limpieza de tu casa o alquiler vacacional.","description":"Las principales empresas de administraci\u00f3n de propiedades del mundo conf\u00edan en Cleanster para realizar la limpieza correctamente. Exploremos los trabajos de limpieza","robots":{"index":"index","follow":"follow","max-snippet":"max-snippet:-1","max-image-preview":"max-image-preview:large","max-video-preview":"max-video-preview:-1"},"canonical":"https:\/\/cleanster.com\/es\/limpiadores\/","og_locale":"es_MX","og_type":"article","og_title":"Cleaners - Cleanster | Cleaning &amp; Maid Services Near You","og_description":"The world\u2019s top property management firms trust Cleanster to get the cleaning done right. Let's explore cleaning jobs","og_url":"https:\/\/cleanster.com\/es\/limpiadores\/","og_site_name":"Cleanster | Cleaning &amp; Maid Services Near You","article_publisher":"https:\/\/www.facebook.com\/cleansterhq","article_modified_time":"2025-10-09T22:13:58+00:00","og_image":[{"width":1170,"height":763,"url":"https:\/\/cleanster.com\/wp-content\/uploads\/2023\/11\/card@3x.png","type":"image\/png"}],"twitter_card":"summary_large_image","twitter_site":"@cleansterhq","twitter_misc":{"Tiempo de lectura":"2 minutos"},"schema":{"@context":"https:\/\/schema.org","@graph":[{"@type":"WebPage","@id":"https:\/\/cleanster.com\/cleaners\/","url":"https:\/\/cleanster.com\/cleaners","name":"Cleanster | Servicios de limpieza y limpieza cerca de ti | Nos encargamos de la limpieza de tu casa o alquiler vacacional.","isPartOf":{"@id":"https:\/\/cleanster.com\/#website"},"datePublished":"2023-08-08T06:38:22+00:00","dateModified":"2025-10-09T22:13:58+00:00","description":"Las principales empresas de administraci\u00f3n de propiedades del mundo conf\u00edan en Cleanster para realizar la limpieza correctamente. Exploremos los trabajos de limpieza","inLanguage":"es","potentialAction":[{"@type":"ReadAction","target":["https:\/\/cleanster.com\/cleaners"]}]},{"@type":"WebSite","@id":"https:\/\/cleanster.com\/#website","url":"https:\/\/cleanster.com\/","name":"Cleanster | Servicios de limpieza y limpieza cerca de ti","description":"Encuentra y reserva al instante limpiadores de confianza para casas, apartamentos, Airbnb y oficinas. Cleanster ofrece servicios de limpieza dom\u00e9stica, limpieza del hogar y limpieza comercial a precios accesibles cerca de ti.","publisher":{"@id":"https:\/\/cleanster.com\/#organization"},"alternateName":"Cleanster | Cleaning, Maid & Housekeeping Services for Everyone","potentialAction":[{"@type":"SearchAction","target":{"@type":"EntryPoint","urlTemplate":"https:\/\/cleanster.com\/?s={search_term_string}"},"query-input":{"@type":"PropertyValueSpecification","valueRequired":true,"valueName":"search_term_string"}}],"inLanguage":"es"},{"@type":"Organization","@id":"https:\/\/cleanster.com\/#organization","name":"Limpiador","alternateName":"Cleanster.com","url":"https:\/\/cleanster.com\/","logo":{"@type":"ImageObject","inLanguage":"es","@id":"https:\/\/cleanster.com\/#\/schema\/logo\/image\/","url":"https:\/\/cleanster.com\/wp-content\/uploads\/2025\/06\/Cleanster-Logo-1.svg","contentUrl":"https:\/\/cleanster.com\/wp-content\/uploads\/2025\/06\/Cleanster-Logo-1.svg","width":1,"height":1,"caption":"Cleanster"},"image":{"@id":"https:\/\/cleanster.com\/#\/schema\/logo\/image\/"},"sameAs":["https:\/\/www.facebook.com\/cleansterhq","https:\/\/x.com\/cleansterhq","https:\/\/www.linkedin.com\/company\/cleansterhq","https:\/\/www.instagram.com\/cleansterhq","https:\/\/vm.tiktok.com\/ZM8vHmcuo\/","https:\/\/www.clubhouse.com\/club\/cleanstercom"],"description":"Cleanster es una plataforma de servicios de limpieza con inteligencia artificial que conecta a anfitriones, administradores de propiedades y clientes comerciales de Airbnb con limpiadores verificados y a demanda. Ofrecemos servicios de limpieza de apartamentos, casas, Airbnb, comercios y conserjer\u00eda. Con una red de m\u00e1s de 100,000 profesionales en EE. UU., Canad\u00e1 y el Reino Unido, Cleanster ofrece una limpieza r\u00e1pida, confiable y tecnol\u00f3gica a gran escala.","email":"support@cleanster.com","telephone":"+1 (888) 788-2445","legalName":"Cleanster, Inc.","foundingDate":"2019-05-06","duns":"118328526","naics":"541511","numberOfEmployees":{"@type":"QuantitativeValue","minValue":"11","maxValue":"50"}}]}},"_links":{"self":[{"href":"https:\/\/cleanster.com\/es\/wp-json\/wp\/v2\/pages\/12","targetHints":{"allow":["GET"]}}],"collection":[{"href":"https:\/\/cleanster.com\/es\/wp-json\/wp\/v2\/pages"}],"about":[{"href":"https:\/\/cleanster.com\/es\/wp-json\/wp\/v2\/types\/page"}],"author":[{"embeddable":true,"href":"https:\/\/cleanster.com\/es\/wp-json\/wp\/v2\/users\/1"}],"replies":[{"embeddable":true,"href":"https:\/\/cleanster.com\/es\/wp-json\/wp\/v2\/comments?post=12"}],"version-history":[{"count":0,"href":"https:\/\/cleanster.com\/es\/wp-json\/wp\/v2\/pages\/12\/revisions"}],"wp:attachment":[{"href":"https:\/\/cleanster.com\/es\/wp-json\/wp\/v2\/media?parent=12"}],"curies":[{"name":"gracias","href":"https:\/\/api.w.org\/{rel}","templated":true}]}}