{"id":1328,"date":"2021-12-23T00:13:49","date_gmt":"2021-12-23T00:13:49","guid":{"rendered":"https:\/\/cleanster.com\/?page_id=1328"},"modified":"2024-01-08T10:59:08","modified_gmt":"2024-01-08T10:59:08","slug":"gestion-de-ropa-de-inventario","status":"publish","type":"page","link":"https:\/\/cleanster.com\/es\/gestion-de-ropa-de-inventario\/","title":{"rendered":"Gesti\u00f3n de inventario y ropa blanca (Beta)"},"content":{"rendered":"<p><span style=\"color: #ffffff;\">Cleanster.com, l\u00edder de la industria en brindar un acceso conveniente a los servicios de limpieza, se encuentra una vez m\u00e1s a la vanguardia de la innovaci\u00f3n. Estamos encantados de anunciar el lanzamiento de la versi\u00f3n beta de nuestra funci\u00f3n de gesti\u00f3n de inventario y ropa blanca, un cambio radical en el panorama de los servicios de limpieza. Esta revolucionaria incorporaci\u00f3n a las ofertas de Cleanster.com est\u00e1 dise\u00f1ada para mejorar las experiencias de los usuarios, optimizar las operaciones y empoderar a\u00fan m\u00e1s a los profesionales del servicio.<\/span><\/p>\n<h2><span style=\"color: #ffffff;\"><strong>Optimizaci\u00f3n de la gesti\u00f3n de inventario para lograr eficiencia<\/strong><\/span><\/h2>\n<h3><span style=\"color: #ffffff;\"><strong>1. Seguimiento inteligente del inventario:<\/strong><\/span><\/h3>\n<p><span style=\"color: #ffffff;\">La funci\u00f3n de gesti\u00f3n de inventario y ropa de cama de Cleanster.com ofrece un seguimiento inteligente del inventario, lo que permite a los administradores de propiedades y profesionales de servicios mantener un registro detallado de los suministros, equipos y ropa de cama de limpieza. Esto garantiza que tengan las herramientas adecuadas para el trabajo, lo que reduce el tiempo de inactividad y mejora la eficiencia general.<\/span><\/p>\n<h3><span style=\"color: #ffffff;\"><strong>2. Actualizaciones en tiempo real:<\/strong><\/span><\/h3>\n<p><span style=\"color: #ffffff;\">Experimente actualizaciones en tiempo real sobre los niveles de inventario. La plataforma env\u00eda notificaciones cuando los suministros se est\u00e1n agotando, lo que elimina el riesgo de quedarse sin materiales de limpieza esenciales durante un trabajo. Este enfoque proactivo garantiza que los profesionales de la limpieza est\u00e9n siempre bien equipados.<\/span><\/p>\n<h3><span style=\"color: #ffffff;\"><strong>3. Control centralizado de inventario:<\/strong><\/span><\/h3>\n<p><span style=\"color: #ffffff;\">Con la gesti\u00f3n de inventario y ropa de cama de Cleanster.com, los usuarios obtienen acceso a un sistema de control centralizado. Esto significa que, independientemente de si gestiona una sola propiedad o varias, puede supervisar y controlar su inventario desde una interfaz f\u00e1cil de usar.<\/span><\/p>\n<h2><span style=\"color: #ffffff;\"><strong>Mejorar la gesti\u00f3n de la ropa de cama para ofrecer servicios impecables<\/strong><\/span><\/h2>\n<h3><span style=\"color: #ffffff;\"><strong>1. Seguimiento y rotaci\u00f3n de la ropa:<\/strong><\/span><\/h3>\n<p><span style=\"color: #ffffff;\">Esta funci\u00f3n facilita el seguimiento de la ropa de cama, lo que garantiza que se rote de forma constante para mantener su frescura y calidad. Esto resulta especialmente beneficioso para los servicios de limpieza de hoteles y alquileres vacacionales, donde la presentaci\u00f3n es clave.<\/span><\/p>\n<h3><span style=\"color: #ffffff;\"><strong>2. Garant\u00eda de calidad:<\/strong><\/span><\/h3>\n<p><span style=\"color: #ffffff;\">La funci\u00f3n de gesti\u00f3n de inventario y ropa de cama de Cleanster.com incluye un componente de control de calidad. Los profesionales de servicios pueden registrar el estado de la ropa de cama, lo que permite a los administradores de propiedades realizar un seguimiento del desgaste a lo largo del tiempo.\u00a0<\/span><\/p>\n<h3><span style=\"color: #ffffff;\"><strong>3. Alertas de reposici\u00f3n de ropa de cama:<\/strong><\/span><\/h3>\n<p><span style=\"color: #ffffff;\">Nunca m\u00e1s te preocupes por quedarte sin ropa de cama limpia. <a style=\"color: #ffffff;\" href=\"https:\/\/cleanster.com\/\">Limpiador.com<\/a> Env\u00eda alertas cuando es momento de reponer el stock de ropa de cama, lo que evita interrupciones en el servicio. Esta funci\u00f3n proactiva es un cambio radical para los administradores de propiedades que desean garantizar una experiencia perfecta para sus hu\u00e9spedes.<\/span><\/p>\n<h2><span style=\"color: #ffffff;\"><strong>Interfaz f\u00e1cil de usar para una integraci\u00f3n perfecta<\/strong><\/span><\/h2>\n<h3><span style=\"color: #ffffff;\"><strong>1. Panel de control intuitivo:<\/strong><\/span><\/h3>\n<p><span style=\"color: #ffffff;\">La funci\u00f3n de gesti\u00f3n de inventario y ropa de cama de Cleanster.com incluye un panel intuitivo. Los usuarios pueden navegar y acceder f\u00e1cilmente a toda la informaci\u00f3n relevante, lo que facilita que tanto los administradores de propiedades como los profesionales de servicios integren esta nueva funci\u00f3n en sus flujos de trabajo.<\/span><\/p>\n<h3><span style=\"color: #ffffff;\"><strong>2. Compatibilidad con dispositivos:<\/strong><\/span><\/h3>\n<p><span style=\"color: #ffffff;\">Disfrute de la misma experiencia f\u00e1cil de usar en todos los dispositivos.<\/span><\/p>\n<h2><span style=\"color: #ffffff;\"><strong>Pruebas beta: su oportunidad de dar forma al futuro<\/strong><\/span><\/h2>\n<p><span style=\"color: #ffffff;\">Cleanster.com cree en el poder de los comentarios de los usuarios y por eso estamos lanzando la funci\u00f3n de gesti\u00f3n de inventario y ropa blanca en versi\u00f3n beta. Invitamos a nuestros usuarios a explorar esta nueva funcionalidad, brindar comentarios y ser parte de la creaci\u00f3n del futuro de Cleanster. <a style=\"color: #ffffff;\" href=\"https:\/\/qualitasprimum.com\/en\/cleaning-management-services\/\">Gesti\u00f3n de servicios de limpieza.<\/a><\/span><\/p>\n<h2><span style=\"color: #ffffff;\"><strong>Conclusi\u00f3n: Elevando los servicios de limpieza a nuevas alturas<\/strong><\/span><\/h2>\n<p><span style=\"color: #ffffff;\">Con la introducci\u00f3n de la funci\u00f3n de gesti\u00f3n de inventario y ropa de cama, Cleanster.com reafirma su compromiso con la innovaci\u00f3n y la excelencia en la industria de los servicios de limpieza. No solo brindamos servicios de limpieza, sino que tambi\u00e9n brindamos a los profesionales de servicios y administradores de propiedades las herramientas que necesitan para brindar un servicio impecable en todo momento.\u00a0<\/span><\/p>","protected":false},"excerpt":{"rendered":"<p>Cleanster.com, the industry leader in providing convenient access to cleaning services, is once again at the forefront of innovation. We are thrilled to announce the beta launch of our Inventory and Linen Management feature, a game-changer in the cleaning services landscape. This revolutionary addition to Cleanster.com&#8217;s offerings is designed to elevate user experiences, streamline operations, [&hellip;]<\/p>\n","protected":false},"author":1,"featured_media":0,"parent":0,"menu_order":0,"comment_status":"closed","ping_status":"closed","template":"templates\/rental.php","meta":{"_acf_changed":false,"footnotes":""},"class_list":["post-1328","page","type-page","status-publish","hentry","entry"],"acf":[],"yoast_head":"<!-- This site is optimized with the Yoast SEO Premium plugin v26.5 (Yoast SEO v27.3) - https:\/\/yoast.com\/product\/yoast-seo-premium-wordpress\/ -->\n<title>Cleanster.com offers an Inventory and Linen Management system<\/title>\n<meta name=\"description\" content=\"When you can get an excellent Inventory and Linen Management cleaning service from the Cleanster.com, why go somewhere else?\" \/>\n<meta name=\"robots\" content=\"index, follow, max-snippet:-1, max-image-preview:large, max-video-preview:-1\" \/>\n<link rel=\"canonical\" href=\"https:\/\/cleanster.com\/es\/gestion-de-ropa-de-inventario\/\" \/>\n<meta property=\"og:locale\" content=\"es_MX\" \/>\n<meta property=\"og:type\" content=\"article\" \/>\n<meta property=\"og:title\" content=\"Inventory and Linen Management (Beta) - Cleanster | Cleaning &amp; Maid Services Near You\" \/>\n<meta property=\"og:description\" content=\"When you can get an excellent Inventory and Linen Management cleaning service from the Cleanster.com, why go somewhere else?\" \/>\n<meta property=\"og:url\" content=\"https:\/\/cleanster.com\/es\/gestion-de-ropa-de-inventario\/\" \/>\n<meta property=\"og:site_name\" content=\"Cleanster | Cleaning &amp; Maid Services Near You\" \/>\n<meta property=\"article:publisher\" content=\"https:\/\/www.facebook.com\/cleansterhq\" \/>\n<meta property=\"article:modified_time\" content=\"2024-01-08T10:59:08+00:00\" \/>\n<meta property=\"og:image\" content=\"https:\/\/cleanster.com\/wp-content\/uploads\/2023\/11\/card@3x.png\" \/>\n\t<meta property=\"og:image:width\" content=\"1170\" \/>\n\t<meta property=\"og:image:height\" content=\"763\" \/>\n\t<meta property=\"og:image:type\" content=\"image\/png\" \/>\n<meta name=\"twitter:card\" content=\"summary_large_image\" \/>\n<meta name=\"twitter:site\" content=\"@cleansterhq\" \/>\n<meta name=\"twitter:label1\" content=\"Tiempo de lectura\" \/>\n\t<meta name=\"twitter:data1\" content=\"3 minutos\" \/>\n<script type=\"application\/ld+json\" class=\"yoast-schema-graph\">{\"@context\":\"https:\\\/\\\/schema.org\",\"@graph\":[{\"@type\":\"WebPage\",\"@id\":\"https:\\\/\\\/cleanster.com\\\/inventory-linen-management\\\/\",\"url\":\"https:\\\/\\\/cleanster.com\\\/inventory-linen-management\\\/\",\"name\":\"Cleanster.com offers an Inventory and Linen Management system\",\"isPartOf\":{\"@id\":\"https:\\\/\\\/cleanster.com\\\/#website\"},\"datePublished\":\"2021-12-23T00:13:49+00:00\",\"dateModified\":\"2024-01-08T10:59:08+00:00\",\"description\":\"When you can get an excellent Inventory and Linen Management cleaning service from the Cleanster.com, why go somewhere else?\",\"inLanguage\":\"es\",\"potentialAction\":[{\"@type\":\"ReadAction\",\"target\":[\"https:\\\/\\\/cleanster.com\\\/inventory-linen-management\\\/\"]}]},{\"@type\":\"WebSite\",\"@id\":\"https:\\\/\\\/cleanster.com\\\/#website\",\"url\":\"https:\\\/\\\/cleanster.com\\\/\",\"name\":\"Cleanster | Cleaning & Maid Services Near You\",\"description\":\"Instantly find &amp; book trusted cleaners for homes, apartment, Airbnb, and offices. Cleanster offers affordable maid, housekeeping, and commercial cleaning services near you.\",\"publisher\":{\"@id\":\"https:\\\/\\\/cleanster.com\\\/#organization\"},\"alternateName\":\"Cleanster | Cleaning, Maid & Housekeeping Services for Everyone\",\"potentialAction\":[{\"@type\":\"SearchAction\",\"target\":{\"@type\":\"EntryPoint\",\"urlTemplate\":\"https:\\\/\\\/cleanster.com\\\/?s={search_term_string}\"},\"query-input\":{\"@type\":\"PropertyValueSpecification\",\"valueRequired\":true,\"valueName\":\"search_term_string\"}}],\"inLanguage\":\"es\"},{\"@type\":\"Organization\",\"@id\":\"https:\\\/\\\/cleanster.com\\\/#organization\",\"name\":\"Cleanster\",\"alternateName\":\"Cleanster.com\",\"url\":\"https:\\\/\\\/cleanster.com\\\/\",\"logo\":{\"@type\":\"ImageObject\",\"inLanguage\":\"es\",\"@id\":\"https:\\\/\\\/cleanster.com\\\/#\\\/schema\\\/logo\\\/image\\\/\",\"url\":\"https:\\\/\\\/cleanster.com\\\/wp-content\\\/uploads\\\/2025\\\/06\\\/Cleanster-Logo-1.svg\",\"contentUrl\":\"https:\\\/\\\/cleanster.com\\\/wp-content\\\/uploads\\\/2025\\\/06\\\/Cleanster-Logo-1.svg\",\"width\":1,\"height\":1,\"caption\":\"Cleanster\"},\"image\":{\"@id\":\"https:\\\/\\\/cleanster.com\\\/#\\\/schema\\\/logo\\\/image\\\/\"},\"sameAs\":[\"https:\\\/\\\/www.facebook.com\\\/cleansterhq\",\"https:\\\/\\\/x.com\\\/cleansterhq\",\"https:\\\/\\\/www.linkedin.com\\\/company\\\/cleansterhq\",\"https:\\\/\\\/www.instagram.com\\\/cleansterhq\",\"https:\\\/\\\/vm.tiktok.com\\\/ZM8vHmcuo\\\/\",\"https:\\\/\\\/www.clubhouse.com\\\/club\\\/cleanstercom\"],\"description\":\"Cleanster is an AI-powered cleaning services platform that connects Airbnb hosts, property managers, and commercial clients with vetted, on-demand cleaners. We offer apartment, house, Airbnb, commercial, and janitorial cleaning services. With a network of over 100,000 professionals across the US, Canada, and the UK, Cleanster delivers fast, reliable, and tech-enabled cleaning at scale.\",\"email\":\"support@cleanster.com\",\"telephone\":\"+1 (888) 788-2445\",\"legalName\":\"Cleanster, Inc.\",\"foundingDate\":\"2019-05-06\",\"duns\":\"118328526\",\"naics\":\"541511\",\"numberOfEmployees\":{\"@type\":\"QuantitativeValue\",\"minValue\":\"11\",\"maxValue\":\"50\"}}]}<\/script>\n<!-- \/ Yoast SEO Premium plugin. -->","yoast_head_json":{"title":"Cleanster.com ofrece un sistema de gesti\u00f3n de inventario y ropa","description":"Cuando puede obtener un excelente servicio de limpieza de gesti\u00f3n de inventario y ropa de Cleanster.com, \u00bfpor qu\u00e9 ir a otro lugar?","robots":{"index":"index","follow":"follow","max-snippet":"max-snippet:-1","max-image-preview":"max-image-preview:large","max-video-preview":"max-video-preview:-1"},"canonical":"https:\/\/cleanster.com\/es\/gestion-de-ropa-de-inventario\/","og_locale":"es_MX","og_type":"article","og_title":"Inventory and Linen Management (Beta) - Cleanster | Cleaning &amp; Maid Services Near You","og_description":"When you can get an excellent Inventory and Linen Management cleaning service from the Cleanster.com, why go somewhere else?","og_url":"https:\/\/cleanster.com\/es\/gestion-de-ropa-de-inventario\/","og_site_name":"Cleanster | Cleaning &amp; Maid Services Near You","article_publisher":"https:\/\/www.facebook.com\/cleansterhq","article_modified_time":"2024-01-08T10:59:08+00:00","og_image":[{"width":1170,"height":763,"url":"https:\/\/cleanster.com\/wp-content\/uploads\/2023\/11\/card@3x.png","type":"image\/png"}],"twitter_card":"summary_large_image","twitter_site":"@cleansterhq","twitter_misc":{"Tiempo de lectura":"3 minutos"},"schema":{"@context":"https:\/\/schema.org","@graph":[{"@type":"WebPage","@id":"https:\/\/cleanster.com\/inventory-linen-management\/","url":"https:\/\/cleanster.com\/inventory-linen-management\/","name":"Cleanster.com ofrece un sistema de gesti\u00f3n de inventario y ropa","isPartOf":{"@id":"https:\/\/cleanster.com\/#website"},"datePublished":"2021-12-23T00:13:49+00:00","dateModified":"2024-01-08T10:59:08+00:00","description":"Cuando puede obtener un excelente servicio de limpieza de gesti\u00f3n de inventario y ropa de Cleanster.com, \u00bfpor qu\u00e9 ir a otro lugar?","inLanguage":"es","potentialAction":[{"@type":"ReadAction","target":["https:\/\/cleanster.com\/inventory-linen-management\/"]}]},{"@type":"WebSite","@id":"https:\/\/cleanster.com\/#website","url":"https:\/\/cleanster.com\/","name":"Cleanster | Servicios de limpieza y limpieza cerca de ti","description":"Encuentra y reserva al instante limpiadores de confianza para casas, apartamentos, Airbnb y oficinas. Cleanster ofrece servicios de limpieza dom\u00e9stica, limpieza del hogar y limpieza comercial a precios accesibles cerca de ti.","publisher":{"@id":"https:\/\/cleanster.com\/#organization"},"alternateName":"Cleanster | Cleaning, Maid & Housekeeping Services for Everyone","potentialAction":[{"@type":"SearchAction","target":{"@type":"EntryPoint","urlTemplate":"https:\/\/cleanster.com\/?s={search_term_string}"},"query-input":{"@type":"PropertyValueSpecification","valueRequired":true,"valueName":"search_term_string"}}],"inLanguage":"es"},{"@type":"Organization","@id":"https:\/\/cleanster.com\/#organization","name":"Limpiador","alternateName":"Cleanster.com","url":"https:\/\/cleanster.com\/","logo":{"@type":"ImageObject","inLanguage":"es","@id":"https:\/\/cleanster.com\/#\/schema\/logo\/image\/","url":"https:\/\/cleanster.com\/wp-content\/uploads\/2025\/06\/Cleanster-Logo-1.svg","contentUrl":"https:\/\/cleanster.com\/wp-content\/uploads\/2025\/06\/Cleanster-Logo-1.svg","width":1,"height":1,"caption":"Cleanster"},"image":{"@id":"https:\/\/cleanster.com\/#\/schema\/logo\/image\/"},"sameAs":["https:\/\/www.facebook.com\/cleansterhq","https:\/\/x.com\/cleansterhq","https:\/\/www.linkedin.com\/company\/cleansterhq","https:\/\/www.instagram.com\/cleansterhq","https:\/\/vm.tiktok.com\/ZM8vHmcuo\/","https:\/\/www.clubhouse.com\/club\/cleanstercom"],"description":"Cleanster es una plataforma de servicios de limpieza con inteligencia artificial que conecta a anfitriones, administradores de propiedades y clientes comerciales de Airbnb con limpiadores verificados y a demanda. Ofrecemos servicios de limpieza de apartamentos, casas, Airbnb, comercios y conserjer\u00eda. Con una red de m\u00e1s de 100,000 profesionales en EE. UU., Canad\u00e1 y el Reino Unido, Cleanster ofrece una limpieza r\u00e1pida, confiable y tecnol\u00f3gica a gran escala.","email":"support@cleanster.com","telephone":"+1 (888) 788-2445","legalName":"Cleanster, Inc.","foundingDate":"2019-05-06","duns":"118328526","naics":"541511","numberOfEmployees":{"@type":"QuantitativeValue","minValue":"11","maxValue":"50"}}]}},"_links":{"self":[{"href":"https:\/\/cleanster.com\/es\/wp-json\/wp\/v2\/pages\/1328","targetHints":{"allow":["GET"]}}],"collection":[{"href":"https:\/\/cleanster.com\/es\/wp-json\/wp\/v2\/pages"}],"about":[{"href":"https:\/\/cleanster.com\/es\/wp-json\/wp\/v2\/types\/page"}],"author":[{"embeddable":true,"href":"https:\/\/cleanster.com\/es\/wp-json\/wp\/v2\/users\/1"}],"replies":[{"embeddable":true,"href":"https:\/\/cleanster.com\/es\/wp-json\/wp\/v2\/comments?post=1328"}],"version-history":[{"count":0,"href":"https:\/\/cleanster.com\/es\/wp-json\/wp\/v2\/pages\/1328\/revisions"}],"wp:attachment":[{"href":"https:\/\/cleanster.com\/es\/wp-json\/wp\/v2\/media?parent=1328"}],"curies":[{"name":"gracias","href":"https:\/\/api.w.org\/{rel}","templated":true}]}}