{"id":1572,"date":"2021-12-23T02:08:18","date_gmt":"2021-12-23T02:08:18","guid":{"rendered":"https:\/\/cleanster.com\/?page_id=1572"},"modified":"2024-01-08T11:41:49","modified_gmt":"2024-01-08T11:41:49","slug":"informes-y-analisis","status":"publish","type":"page","link":"https:\/\/cleanster.com\/es\/informes-y-analisis\/","title":{"rendered":"Informes y an\u00e1lisis"},"content":{"rendered":"<p><span style=\"color: #ffffff;\">En la era digital, los datos son lo m\u00e1s importante. Para la industria de la limpieza, esto se traduce en la necesidad cr\u00edtica de contar con informes y an\u00e1lisis avanzados para optimizar las operaciones y mejorar la prestaci\u00f3n de servicios. Cleanster.com, una plataforma pionera en servicios de limpieza, est\u00e1 estableciendo nuevos puntos de referencia al integrar herramientas integrales de an\u00e1lisis e informes. Esta integraci\u00f3n se alinea perfectamente con nuestra misi\u00f3n de brindar un acceso conveniente a los servicios de limpieza y, al mismo tiempo, brindarles a los profesionales del servicio oportunidades laborales \u00e9ticas.<\/span><\/p>\n<h2><span style=\"color: #ffffff;\">Transformando los servicios de limpieza con informaci\u00f3n basada en datos<\/span><\/h2>\n<h3><span style=\"color: #ffffff;\"><strong>1. An\u00e1lisis de rendimiento en profundidad:<\/strong><\/span><\/h3>\n<p><span style=\"color: #ffffff;\">Las herramientas de generaci\u00f3n de informes de Cleanster.com ofrecen informaci\u00f3n detallada sobre el rendimiento de los equipos de limpieza. Al analizar factores como la eficiencia en el tiempo, las calificaciones de satisfacci\u00f3n del cliente y las tasas de clientes habituales, brindamos a los profesionales de servicios datos \u00fatiles para mejorar sus servicios de manera continua.<\/span><\/p>\n<h3><span style=\"color: #ffffff;\"><strong>2. Informaci\u00f3n financiera para la transparencia:<\/strong><\/span><\/h3>\n<p><span style=\"color: #ffffff;\">La transparencia en las transacciones financieras es fundamental tanto para los profesionales de servicios como para los clientes. Cleanster.com ofrece informes financieros detallados, que incluyen ingresos, gastos e historial de pagos. Este nivel de transparencia es esencial para los profesionales de servicios que aspiran a convertirse en empresarios, ya que les ayuda a gestionar sus finanzas de forma eficaz.<\/span><\/p>\n<h3><span style=\"color: #ffffff;\"><strong>3. Comentarios y valoraciones de los clientes:<\/strong><\/span><\/h3>\n<p><span style=\"color: #ffffff;\">Los comentarios de los clientes son una mina de oro de informaci\u00f3n. Cleanster.com prioriza esto incorporando las calificaciones y rese\u00f1as de los clientes en sus informes. Estos comentarios ayudan a los profesionales de la limpieza a comprender las expectativas de los clientes y las \u00e1reas de mejora, fomentando as\u00ed una cultura de excelencia.<\/span><\/p>\n<h2><span style=\"color: #ffffff;\">Mejorar la eficiencia operativa<\/span><\/h2>\n<h3><span style=\"color: #ffffff;\"><strong>1. Seguimiento de trabajos en tiempo real:<\/strong><\/span><\/h3>\n<p><span style=\"color: #ffffff;\">Nuestra plataforma ofrece funciones de seguimiento de trabajos en tiempo real, lo que permite a los profesionales de la limpieza supervisar el progreso de su trabajo de forma integral. Esta funci\u00f3n garantiza la finalizaci\u00f3n oportuna de las tareas y ayuda a ajustar los cronogramas de manera proactiva.<\/span><\/p>\n<h3><span style=\"color: #ffffff;\"><strong>2. Uso y gesti\u00f3n de inventario:<\/strong><\/span><\/h3>\n<p><span style=\"color: #ffffff;\">Con <a style=\"color: #ffffff;\" href=\"https:\/\/cleanster.com\">Limpiador.com<\/a>Los profesionales de servicios pueden hacer un seguimiento del uso del inventario a lo largo del tiempo. Este an\u00e1lisis ayuda a predecir las necesidades futuras de inventario, evitar situaciones de exceso o falta de existencias y optimizar la utilizaci\u00f3n de los recursos.<\/span><\/p>\n<h3><span style=\"color: #ffffff;\"><strong>3. Informes personalizables:<\/strong><\/span><\/h3>\n<p><span style=\"color: #ffffff;\">Cleanster.com entiende que cada profesional de la limpieza y cada cliente tienen necesidades \u00fanicas y ofrece informes personalizables. Los usuarios pueden seleccionar los par\u00e1metros en los que desean centrarse, lo que hace que la herramienta de informes sea adaptable y f\u00e1cil de usar.<\/span><\/p>\n<h2><span style=\"color: #ffffff;\">Impulsando el crecimiento empresarial y la satisfacci\u00f3n del cliente<\/span><\/h2>\n<h3><span style=\"color: #ffffff;\"><strong>1. Decisiones estrat\u00e9gicas de negocios:<\/strong><\/span><\/h3>\n<p><span style=\"color: #ffffff;\">Armados con datos completos, los profesionales de la limpieza que utilizan Cleanster.com pueden tomar decisiones informadas. <a style=\"color: #ffffff;\" href=\"https:\/\/hbr.org\/2013\/11\/what-makes-strategic-decisions-different\">decisiones comerciales estrat\u00e9gicas<\/a>Ya sea ampliar servicios, ajustar precios o mejorar los esfuerzos de marketing, las decisiones basadas en datos conducen a un crecimiento empresarial sostenible.<\/span><\/p>\n<h3><span style=\"color: #ffffff;\"><strong>2. Cumplir con las expectativas del cliente:<\/strong><\/span><\/h3>\n<p><span style=\"color: #ffffff;\">Al comprender las necesidades de los clientes a trav\u00e9s de los comentarios y el an\u00e1lisis del desempe\u00f1o, los profesionales de la limpieza pueden adaptar sus servicios para cumplir y superar estas expectativas. Este enfoque centrado en el cliente es clave para generar lealtad y una s\u00f3lida reputaci\u00f3n.<\/span><\/p>\n<h3><span style=\"color: #ffffff;\"><strong>3. Ventaja competitiva:<\/strong><\/span><\/h3>\n<p><span style=\"color: #ffffff;\">En un mercado competitivo, las herramientas de an\u00e1lisis e informes de Cleanster.com ofrecen una ventaja significativa. Los profesionales de servicios equipados con informaci\u00f3n detallada pueden ofrecer servicios superiores y diferenciarse en la industria.<\/span><\/p>\n<h2><span style=\"color: #ffffff;\">Conclusi\u00f3n: el futuro de la limpieza se basa en los datos<\/span><\/h2>\n<p><span style=\"color: #ffffff;\">Cleanster.com est\u00e1 revolucionando la industria de los servicios de limpieza al aprovechar el poder de los datos. Con nuestras herramientas avanzadas de generaci\u00f3n de informes y an\u00e1lisis, no solo facilitamos los servicios de limpieza, sino que tambi\u00e9n empoderamos a los profesionales y satisfacemos a los clientes mediante informaci\u00f3n inteligente. En un mundo en el que los datos impulsan las decisiones, Cleanster.com lidera el cambio, un informe a la vez.<\/span><\/p>","protected":false},"excerpt":{"rendered":"<p>In the digital age, data is king. For the cleaning industry, this translates into the critical need for advanced reporting and analysis to streamline operations and enhance service delivery. Cleanster.com, a trailblazing cleaning service platform, is setting new benchmarks by integrating comprehensive reporting and analysis tools. This integration aligns perfectly with our mission to provide [&hellip;]<\/p>\n","protected":false},"author":1,"featured_media":0,"parent":0,"menu_order":0,"comment_status":"closed","ping_status":"closed","template":"templates\/rental.php","meta":{"_acf_changed":false,"footnotes":""},"class_list":["post-1572","page","type-page","status-publish","hentry","entry"],"acf":[],"yoast_head":"<!-- This site is optimized with the Yoast SEO Premium plugin v26.5 (Yoast SEO v27.3) - https:\/\/yoast.com\/product\/yoast-seo-premium-wordpress\/ -->\n<title>Regarding the Cleanster.com\u2019s modern reporting &amp; analysis factor<\/title>\n<meta name=\"description\" content=\"We offer smart and useful reporting and analysis features for your home or business cleaning service at a reasonable price. Check the detail\" \/>\n<meta name=\"robots\" content=\"index, follow, max-snippet:-1, max-image-preview:large, max-video-preview:-1\" \/>\n<link rel=\"canonical\" href=\"https:\/\/cleanster.com\/es\/informes-y-analisis\/\" \/>\n<meta property=\"og:locale\" content=\"es_MX\" \/>\n<meta property=\"og:type\" content=\"article\" \/>\n<meta property=\"og:title\" content=\"Reporting and Analysis - Cleanster | Cleaning &amp; Maid Services Near You\" \/>\n<meta property=\"og:description\" content=\"We offer smart and useful reporting and analysis features for your home or business cleaning service at a reasonable price. Check the detail\" \/>\n<meta property=\"og:url\" content=\"https:\/\/cleanster.com\/es\/informes-y-analisis\/\" \/>\n<meta property=\"og:site_name\" content=\"Cleanster | Cleaning &amp; Maid Services Near You\" \/>\n<meta property=\"article:publisher\" content=\"https:\/\/www.facebook.com\/cleansterhq\" \/>\n<meta property=\"article:modified_time\" content=\"2024-01-08T11:41:49+00:00\" \/>\n<meta property=\"og:image\" content=\"https:\/\/cleanster.com\/wp-content\/uploads\/2023\/11\/card@3x.png\" \/>\n\t<meta property=\"og:image:width\" content=\"1170\" \/>\n\t<meta property=\"og:image:height\" content=\"763\" \/>\n\t<meta property=\"og:image:type\" content=\"image\/png\" \/>\n<meta name=\"twitter:card\" content=\"summary_large_image\" \/>\n<meta name=\"twitter:site\" content=\"@cleansterhq\" \/>\n<meta name=\"twitter:label1\" content=\"Tiempo de lectura\" \/>\n\t<meta name=\"twitter:data1\" content=\"3 minutos\" \/>\n<script type=\"application\/ld+json\" class=\"yoast-schema-graph\">{\"@context\":\"https:\\\/\\\/schema.org\",\"@graph\":[{\"@type\":\"WebPage\",\"@id\":\"https:\\\/\\\/cleanster.com\\\/reporting-and-analysis\\\/\",\"url\":\"https:\\\/\\\/cleanster.com\\\/reporting-and-analysis\\\/\",\"name\":\"Regarding the Cleanster.com\u2019s modern reporting & analysis factor\",\"isPartOf\":{\"@id\":\"https:\\\/\\\/cleanster.com\\\/#website\"},\"datePublished\":\"2021-12-23T02:08:18+00:00\",\"dateModified\":\"2024-01-08T11:41:49+00:00\",\"description\":\"We offer smart and useful reporting and analysis features for your home or business cleaning service at a reasonable price. Check the detail\",\"inLanguage\":\"es\",\"potentialAction\":[{\"@type\":\"ReadAction\",\"target\":[\"https:\\\/\\\/cleanster.com\\\/reporting-and-analysis\\\/\"]}]},{\"@type\":\"WebSite\",\"@id\":\"https:\\\/\\\/cleanster.com\\\/#website\",\"url\":\"https:\\\/\\\/cleanster.com\\\/\",\"name\":\"Cleanster | Cleaning & Maid Services Near You\",\"description\":\"Instantly find &amp; book trusted cleaners for homes, apartment, Airbnb, and offices. Cleanster offers affordable maid, housekeeping, and commercial cleaning services near you.\",\"publisher\":{\"@id\":\"https:\\\/\\\/cleanster.com\\\/#organization\"},\"alternateName\":\"Cleanster | Cleaning, Maid & Housekeeping Services for Everyone\",\"potentialAction\":[{\"@type\":\"SearchAction\",\"target\":{\"@type\":\"EntryPoint\",\"urlTemplate\":\"https:\\\/\\\/cleanster.com\\\/?s={search_term_string}\"},\"query-input\":{\"@type\":\"PropertyValueSpecification\",\"valueRequired\":true,\"valueName\":\"search_term_string\"}}],\"inLanguage\":\"es\"},{\"@type\":\"Organization\",\"@id\":\"https:\\\/\\\/cleanster.com\\\/#organization\",\"name\":\"Cleanster\",\"alternateName\":\"Cleanster.com\",\"url\":\"https:\\\/\\\/cleanster.com\\\/\",\"logo\":{\"@type\":\"ImageObject\",\"inLanguage\":\"es\",\"@id\":\"https:\\\/\\\/cleanster.com\\\/#\\\/schema\\\/logo\\\/image\\\/\",\"url\":\"https:\\\/\\\/cleanster.com\\\/wp-content\\\/uploads\\\/2025\\\/06\\\/Cleanster-Logo-1.svg\",\"contentUrl\":\"https:\\\/\\\/cleanster.com\\\/wp-content\\\/uploads\\\/2025\\\/06\\\/Cleanster-Logo-1.svg\",\"width\":1,\"height\":1,\"caption\":\"Cleanster\"},\"image\":{\"@id\":\"https:\\\/\\\/cleanster.com\\\/#\\\/schema\\\/logo\\\/image\\\/\"},\"sameAs\":[\"https:\\\/\\\/www.facebook.com\\\/cleansterhq\",\"https:\\\/\\\/x.com\\\/cleansterhq\",\"https:\\\/\\\/www.linkedin.com\\\/company\\\/cleansterhq\",\"https:\\\/\\\/www.instagram.com\\\/cleansterhq\",\"https:\\\/\\\/vm.tiktok.com\\\/ZM8vHmcuo\\\/\",\"https:\\\/\\\/www.clubhouse.com\\\/club\\\/cleanstercom\"],\"description\":\"Cleanster is an AI-powered cleaning services platform that connects Airbnb hosts, property managers, and commercial clients with vetted, on-demand cleaners. We offer apartment, house, Airbnb, commercial, and janitorial cleaning services. With a network of over 100,000 professionals across the US, Canada, and the UK, Cleanster delivers fast, reliable, and tech-enabled cleaning at scale.\",\"email\":\"support@cleanster.com\",\"telephone\":\"+1 (888) 788-2445\",\"legalName\":\"Cleanster, Inc.\",\"foundingDate\":\"2019-05-06\",\"duns\":\"118328526\",\"naics\":\"541511\",\"numberOfEmployees\":{\"@type\":\"QuantitativeValue\",\"minValue\":\"11\",\"maxValue\":\"50\"}}]}<\/script>\n<!-- \/ Yoast SEO Premium plugin. -->","yoast_head_json":{"title":"Respecto al moderno factor de an\u00e1lisis e informes de Cleanster.com","description":"Ofrecemos funciones de an\u00e1lisis e informes inteligentes y \u00fatiles para el servicio de limpieza de su hogar o negocio a un precio razonable. Comprueba el detalle","robots":{"index":"index","follow":"follow","max-snippet":"max-snippet:-1","max-image-preview":"max-image-preview:large","max-video-preview":"max-video-preview:-1"},"canonical":"https:\/\/cleanster.com\/es\/informes-y-analisis\/","og_locale":"es_MX","og_type":"article","og_title":"Reporting and Analysis - Cleanster | Cleaning &amp; Maid Services Near You","og_description":"We offer smart and useful reporting and analysis features for your home or business cleaning service at a reasonable price. Check the detail","og_url":"https:\/\/cleanster.com\/es\/informes-y-analisis\/","og_site_name":"Cleanster | Cleaning &amp; Maid Services Near You","article_publisher":"https:\/\/www.facebook.com\/cleansterhq","article_modified_time":"2024-01-08T11:41:49+00:00","og_image":[{"width":1170,"height":763,"url":"https:\/\/cleanster.com\/wp-content\/uploads\/2023\/11\/card@3x.png","type":"image\/png"}],"twitter_card":"summary_large_image","twitter_site":"@cleansterhq","twitter_misc":{"Tiempo de lectura":"3 minutos"},"schema":{"@context":"https:\/\/schema.org","@graph":[{"@type":"WebPage","@id":"https:\/\/cleanster.com\/reporting-and-analysis\/","url":"https:\/\/cleanster.com\/reporting-and-analysis\/","name":"Respecto al moderno factor de an\u00e1lisis e informes de Cleanster.com","isPartOf":{"@id":"https:\/\/cleanster.com\/#website"},"datePublished":"2021-12-23T02:08:18+00:00","dateModified":"2024-01-08T11:41:49+00:00","description":"Ofrecemos funciones de an\u00e1lisis e informes inteligentes y \u00fatiles para el servicio de limpieza de su hogar o negocio a un precio razonable. Comprueba el detalle","inLanguage":"es","potentialAction":[{"@type":"ReadAction","target":["https:\/\/cleanster.com\/reporting-and-analysis\/"]}]},{"@type":"WebSite","@id":"https:\/\/cleanster.com\/#website","url":"https:\/\/cleanster.com\/","name":"Cleanster | Servicios de limpieza y limpieza cerca de ti","description":"Encuentra y reserva al instante limpiadores de confianza para casas, apartamentos, Airbnb y oficinas. Cleanster ofrece servicios de limpieza dom\u00e9stica, limpieza del hogar y limpieza comercial a precios accesibles cerca de ti.","publisher":{"@id":"https:\/\/cleanster.com\/#organization"},"alternateName":"Cleanster | Cleaning, Maid & Housekeeping Services for Everyone","potentialAction":[{"@type":"SearchAction","target":{"@type":"EntryPoint","urlTemplate":"https:\/\/cleanster.com\/?s={search_term_string}"},"query-input":{"@type":"PropertyValueSpecification","valueRequired":true,"valueName":"search_term_string"}}],"inLanguage":"es"},{"@type":"Organization","@id":"https:\/\/cleanster.com\/#organization","name":"Limpiador","alternateName":"Cleanster.com","url":"https:\/\/cleanster.com\/","logo":{"@type":"ImageObject","inLanguage":"es","@id":"https:\/\/cleanster.com\/#\/schema\/logo\/image\/","url":"https:\/\/cleanster.com\/wp-content\/uploads\/2025\/06\/Cleanster-Logo-1.svg","contentUrl":"https:\/\/cleanster.com\/wp-content\/uploads\/2025\/06\/Cleanster-Logo-1.svg","width":1,"height":1,"caption":"Cleanster"},"image":{"@id":"https:\/\/cleanster.com\/#\/schema\/logo\/image\/"},"sameAs":["https:\/\/www.facebook.com\/cleansterhq","https:\/\/x.com\/cleansterhq","https:\/\/www.linkedin.com\/company\/cleansterhq","https:\/\/www.instagram.com\/cleansterhq","https:\/\/vm.tiktok.com\/ZM8vHmcuo\/","https:\/\/www.clubhouse.com\/club\/cleanstercom"],"description":"Cleanster es una plataforma de servicios de limpieza con inteligencia artificial que conecta a anfitriones, administradores de propiedades y clientes comerciales de Airbnb con limpiadores verificados y a demanda. Ofrecemos servicios de limpieza de apartamentos, casas, Airbnb, comercios y conserjer\u00eda. Con una red de m\u00e1s de 100,000 profesionales en EE. UU., Canad\u00e1 y el Reino Unido, Cleanster ofrece una limpieza r\u00e1pida, confiable y tecnol\u00f3gica a gran escala.","email":"support@cleanster.com","telephone":"+1 (888) 788-2445","legalName":"Cleanster, Inc.","foundingDate":"2019-05-06","duns":"118328526","naics":"541511","numberOfEmployees":{"@type":"QuantitativeValue","minValue":"11","maxValue":"50"}}]}},"_links":{"self":[{"href":"https:\/\/cleanster.com\/es\/wp-json\/wp\/v2\/pages\/1572","targetHints":{"allow":["GET"]}}],"collection":[{"href":"https:\/\/cleanster.com\/es\/wp-json\/wp\/v2\/pages"}],"about":[{"href":"https:\/\/cleanster.com\/es\/wp-json\/wp\/v2\/types\/page"}],"author":[{"embeddable":true,"href":"https:\/\/cleanster.com\/es\/wp-json\/wp\/v2\/users\/1"}],"replies":[{"embeddable":true,"href":"https:\/\/cleanster.com\/es\/wp-json\/wp\/v2\/comments?post=1572"}],"version-history":[{"count":0,"href":"https:\/\/cleanster.com\/es\/wp-json\/wp\/v2\/pages\/1572\/revisions"}],"wp:attachment":[{"href":"https:\/\/cleanster.com\/es\/wp-json\/wp\/v2\/media?parent=1572"}],"curies":[{"name":"gracias","href":"https:\/\/api.w.org\/{rel}","templated":true}]}}