{"id":15976,"date":"2023-10-26T15:42:34","date_gmt":"2023-10-26T15:42:34","guid":{"rendered":"https:\/\/cleanster.com\/?page_id=15976"},"modified":"2024-03-22T08:23:21","modified_gmt":"2024-03-22T08:23:21","slug":"pagina-principal","status":"publish","type":"page","link":"https:\/\/cleanster.com\/es\/pagina-principal\/","title":{"rendered":"P\u00e1gina principal"},"content":{"rendered":"<h1><span style=\"color: #ffffff;\">Cleanster.com es la mejor aplicaci\u00f3n de servicio de limpieza para encontrar limpiadores de Airbnb y programar la limpieza autom\u00e1ticamente.<\/span><\/h1>\n<h1><span style=\"color: #ffffff;\">Una inmersi\u00f3n profunda en los alquileres vacacionales y el uso compartido de coches\u201d<\/span><\/h1>\n<h3><span style=\"color: #ffffff;\"><strong>Explorando el mundo de los alquileres vacacionales de Airbnb y VRBO<\/strong><\/span><\/h3>\n<h1><span style=\"color: #ffffff;\"><strong>\u00a0La cara cambiante de las estancias vacacionales: Airbnb y VRBO<\/strong><\/span><\/h1>\n<p><span style=\"color: #ffffff;\">Bienvenido al apasionante mundo de los viajes modernos, donde las estancias en hoteles tradicionales est\u00e1n siendo transformadas por el auge de los alquileres vacacionales a trav\u00e9s de plataformas como Airbnb y VRBO. Atr\u00e1s quedaron los d\u00edas en que los hoteles eran la \u00fanica opci\u00f3n para los viajeros. Hoy en d\u00eda, los alquileres vacacionales ofrecen una forma \u00fanica y personalizada de experimentar nuevos destinos. Desde acogedores apartamentos urbanos hasta amplias casas frente al mar, plataformas como Airbnb y VRBO ofrecen una gran cantidad de opciones para todo tipo de viajero.<\/span><\/p>\n<p><span style=\"color: #ffffff;\">\u00bfLa ventaja clave? Un hogar lejos de casa. Estas plataformas ofrecen la comodidad y conveniencia de un espacio habitable completamente amueblado, con cocinas, habitaciones privadas y, a menudo, toques locales \u00fanicos que hacen que su estad\u00eda sea especial.<\/span><\/p>\n<h3><span style=\"color: #ffffff;\"><strong>Navegando por la creciente tendencia de Turo y Air B and B Car Sharing<\/strong><\/span><\/h3>\n<h1><span style=\"color: #ffffff;\"><strong>El auge del uso compartido de veh\u00edculos entre pares: Turo y Air B and B<\/strong><\/span><\/h1>\n<p><span style=\"color: #ffffff;\">Pero viajar no se trata s\u00f3lo de d\u00f3nde alojarse; tambi\u00e9n se trata de c\u00f3mo te mueves. Entra en escena los servicios de coche compartido de Turo y Air B and B. Este enfoque innovador del alquiler de coches le permite alquilar veh\u00edculos directamente a sus propietarios. Ya sea que necesite un autom\u00f3vil compacto para conducir en la ciudad o un SUV para un viaje familiar por carretera, Turo y Air B and B ofrecen una variedad de opciones.<\/span><\/p>\n<p><span style=\"color: #ffffff;\">\u00bfQu\u00e9 diferencia a estos servicios? Flexibilidad y personalizaci\u00f3n. No est\u00e1s simplemente alquilando un coche; Obtendr\u00e1 un veh\u00edculo que se siente personal, a menudo con recomendaciones e ideas del propio propietario. Adem\u00e1s, suele ser m\u00e1s asequible que los servicios tradicionales de alquiler de coches.<\/span><\/p>\n<h3><span style=\"color: #ffffff;\"><strong>Alquileres vacacionales entre Vbro y Airbnb: una comparaci\u00f3n completa<\/strong><\/span><\/h3>\n<h1><span style=\"color: #ffffff;\"><strong>\u00a0Comparaci\u00f3n de las principales plataformas de alquiler vacacional: \u00bfqu\u00e9 es lo mejor para su viaje?<\/strong><\/span><\/h1>\n<p><span style=\"color: #ffffff;\">Con tantas opciones, elegir la plataforma de alquiler vacacional adecuada puede resultar abrumador. Comparemos Vbro (a menudo confundido con VRBO) y Airbnb. Si bien ambas plataformas ofrecen una amplia gama de propiedades, existen algunas diferencias.<\/span><\/p>\n<p><span style=\"color: #ffffff;\">Airbnb es conocida por su diversa oferta, desde habitaciones compartidas hasta casas de lujo. Vbro, por otro lado, se centra principalmente en alquileres de propiedades completas, lo que lo convierte en una opci\u00f3n ideal para familias y grupos m\u00e1s grandes. Las estructuras de precios tambi\u00e9n var\u00edan: Airbnb ofrece opciones de precios m\u00e1s flexibles y Vbro a menudo atiende a listados m\u00e1s premium.<\/span><\/p>\n<p><span style=\"color: #ffffff;\">Como administrador de propiedades experimentado y anfitri\u00f3n hospitalario de Airbnb, inicio sesi\u00f3n regularmente en mis cuentas de Airbnb y VRBO para administrar mi diversa cartera de alquileres vacacionales, incluidos encantadores alquileres vacacionales de Airbnb en San Diego, lujosas propiedades de VRBO en Florida y un retiro exclusivo de VRBO en Haw\u00e1i, mientras utilizando tambi\u00e9n IGMS para una gesti\u00f3n eficiente de la propiedad; Me aseguro de que cada propiedad, ya sea una acogedora caba\u00f1a Airbnb en Asheville o una casa VRBO frente a la playa en Maine, se mantenga con los m\u00e1s altos est\u00e1ndares con los mejores productos de limpieza y servicios de limpieza profesionales, revisando con frecuencia las rese\u00f1as de Airbnb y VRBO para conocer los comentarios de los hu\u00e9spedes e incluso considerando opciones adicionales. ofertas como c\u00e1maras de seguridad exteriores para mayor seguridad, todo mientras estoy atento a eventos como C2E2 Chicago o el Miramar Air Show para ajustar mis estrategias de alquiler y, a veces, busco en Turo opciones \u00fanicas de alquiler de autos para mis hu\u00e9spedes, asegurando cada estad\u00eda, desde un Airbnb. Hosp\u00e9dese en la bulliciosa Chicago o en un sereno VRBO en Costa Rica, es memorable y c\u00f3modo.<\/span><\/p>\n<p><span style=\"color: #ffffff;\">En mi funci\u00f3n como anfitri\u00f3n dedicado de Airbnb y administrador de propiedades de VRBO, frecuentemente participo en una variedad de tareas, desde garantizar servicios de limpieza impecables cerca de m\u00ed para mis alquileres de Airbnb en lugares vibrantes como Airbnb Miami, Airbnb Las Vegas y Airbnb Chicago, hasta administrar el proceso de inicio de sesi\u00f3n de Airbnb y la atenci\u00f3n de consultas sobre alquileres mensuales de Airbnb; Selecciono meticulosamente los mejores productos de limpieza para cada inicio de sesi\u00f3n de VRBO, incluidas mis propiedades en VRBO Costa Rica y VRBO Michigan, y siempre me mantengo actualizado con los \u00faltimos consejos de limpieza y las mejores aspiradoras para mantener los m\u00e1s altos est\u00e1ndares de limpieza, ya sea para un VRBO Maine. anuncio o un apartamento de Airbnb en San Diego, al mismo tiempo que utiliza el inicio de sesi\u00f3n de propietario de VRBO y el inicio de sesi\u00f3n de propietario de Airbnb para realizar un seguimiento de las reservas, especialmente durante eventos de alta demanda como el festival Epcot Food and Wine, el desfile de Gasparilla o C2E2 en Chicago, y mantiene la comunicaci\u00f3n con la casa. limpiadores cerca de m\u00ed para garantizar que cada propiedad, incluidas aquellas en Airbnb Key West o VRBO Asheville NC, est\u00e9 en las mejores condiciones, ofreciendo a los hu\u00e9spedes una experiencia incomparable, ya sea que se alojen en un alquiler de Airbnb en Austin o exploren opciones como Airbnb Londres, Inglaterra, todo mientras equilibrar mis responsabilidades como administrador de propiedades de Airbnb y utilizar plataformas como Lodgify y Mashvisor para agilizar las operaciones y optimizar mis listados de Airbnb y VRBO para un mejor rendimiento.<\/span><\/p>\n<p>&nbsp;<\/p>\n<p>&nbsp;<\/p>\n<h3><span style=\"color: #ffffff;\"><strong>Mejorando su viaje: las ventajas de Turo y Air B and B<\/strong><\/span><\/h3>\n<h1><span style=\"color: #ffffff;\"><strong>Maximizando su experiencia de viaje con el coche compartido<\/strong><\/span><\/h1>\n<p><span style=\"color: #ffffff;\">Compartir coche no es s\u00f3lo una cuesti\u00f3n de comodidad; se trata de mejorar su experiencia de viaje. Servicios como Turo y Air B and B le permiten elegir un autom\u00f3vil que se adapte a sus necesidades y estilo espec\u00edficos. Conducir un autom\u00f3vil que te encanta puede hacer que tu viaje sea m\u00e1s placentero. Adem\u00e1s, estas plataformas suelen ofrecer coches que no est\u00e1n disponibles a trav\u00e9s de las agencias de alquiler tradicionales, desde cl\u00e1sicos antiguos hasta los \u00faltimos modelos el\u00e9ctricos.<\/span><\/p>\n<p><span style=\"color: #ffffff;\">En mi dilatada trayectoria como administrador de propiedades de Airbnb y VRBO, he ampliado mi cartera para incluir diversas ofertas como propiedades de Airbnb en el Reino Unido, apartamentos de VRBO en Londres y estancias \u00fanicas en Airbnb Asheville NC, al mismo tiempo que administro \u00e1ticos de VRBO en Nueva York y la playa de Airbnb en Florida. casas, asegur\u00e1ndose de que cada una est\u00e9 equipada con las mejores cerraduras inteligentes y equipada con elementos esenciales de cocina; Mis responsabilidades se extienden a supervisar los servicios de limpieza de Airbnb en varios lugares, desde Airbnb Colorado Springs hasta Airbnb Tampa, garantizando que cada propiedad, ya sea un condominio Airbnb en el centro de Austin, TX o una caba\u00f1a remota en la monta\u00f1a de VRBO Utah, reciba servicios de limpieza de primer nivel cerca de m\u00ed. y me mantengo conectado con la comunidad de Airbnb a trav\u00e9s de foros de hospedaje de Airbnb y eventos como el Marat\u00f3n de Nashville, actualizando constantemente mi informaci\u00f3n de inicio de sesi\u00f3n de Airbnb por motivos de seguridad y vigilando los sitios de la competencia de Airbnb; Tambi\u00e9n exploro oportunidades de expansi\u00f3n, como considerar alquileres mensuales de Airbnb en Airbnb San Diego CA o Airbnb Santa B\u00e1rbara, siempre asegur\u00e1ndome de que cada propiedad de Airbnb y VRBO, ya sea una casa de Airbnb en Boston o una villa de VRBO en Costa Rica, est\u00e9 a la par con las lo \u00faltimo en est\u00e1ndares de alquiler vacacional, utilizando el inicio de sesi\u00f3n de anfitri\u00f3n de Airbnb para verificar rese\u00f1as y responder r\u00e1pidamente a las consultas de los hu\u00e9spedes, todo mientras navega por las complejidades de la administraci\u00f3n de propiedades con herramientas como OwnerRez e IGMS, y se mantiene informado sobre eventos locales como Colorado Springs Events o Epcot Food. y Wine Festival para ajustar mis estrategias de alquiler en consecuencia. En mi rol multifac\u00e9tico como anfitri\u00f3n de Airbnb y VRBO, actualizo constantemente mis propiedades, incluida una caba\u00f1a ecl\u00e9ctica de Airbnb en Charleston SC y una espaciosa casa VRBO frente a la playa en Destin, asegur\u00e1ndome de que est\u00e9n equipadas con c\u00e1maras de seguridad exteriores y limpiadas por los mejores servicios de limpieza cerca de m\u00ed. , al mismo tiempo que nos mantenemos al tanto de las rese\u00f1as de Airbnb y VRBO para mantener una alta satisfacci\u00f3n de los hu\u00e9spedes; Me mantengo informado sobre eventos como el Marat\u00f3n de Nashville y el Festival de Comida y Vino de Epcot, que influyen en la demanda de alquiler para mis anuncios de Airbnb en Atlanta y VRBO Wisconsin, e inicio sesi\u00f3n peri\u00f3dicamente en mi inicio de sesi\u00f3n de propietario de Airbnb y en mi inicio de sesi\u00f3n de propietario de VRBO para gestionar reservas y revisar consejos de limpieza. asegurar que propiedades como my Airbnb Savannah y VRBO Asheville NC est\u00e9n a la altura, con los mejores productos y servicios de limpieza de limpiadores cerca de m\u00ed; Mis deberes tambi\u00e9n implican colaborar con plataformas como Lodgify para una gesti\u00f3n eficiente, explorar oportunidades de alquileres mensuales de Airbnb en lugares vibrantes como Airbnb San Diego CA y Airbnb Santa Barbara, y considerar la instalaci\u00f3n de las mejores cerraduras inteligentes para mis propiedades de Airbnb Austin y VRBO Maine, todas Al mismo tiempo, garantizamos que cada estad\u00eda, ya sea en un condominio frente a la playa de Airbnb en Miami o en una acogedora caba\u00f1a de VRBO en Utah, brinde una experiencia memorable y segura para cada hu\u00e9sped.<\/span><\/p>\n<p>&nbsp;<\/p>\n<h3><span style=\"color: #ffffff;\"><strong>El panorama en evoluci\u00f3n de los viajes: alquileres y plataformas para compartir<\/strong><\/span><\/h3>\n<h1><span style=\"color: #ffffff;\"><strong>Conclusi\u00f3n: abrazar el futuro de los viajes<\/strong><\/span><\/h1>\n<p><span style=\"color: #ffffff;\">Cuando miramos hacia el futuro, queda claro que el panorama de los viajes est\u00e1 evolucionando r\u00e1pidamente. Las plataformas de alquiler vacacional y de uso compartido de autom\u00f3viles como Airbnb, VRBO, Turo y Air B and B est\u00e1n a la vanguardia de este cambio. Ofrecen a los viajeros flexibilidad, variedad y personalizaci\u00f3n sin precedentes.<\/span><\/p>\n<p><span style=\"color: #ffffff;\">La industria de viajes ya no se trata s\u00f3lo de ir del punto A al B o de encontrar un lugar para dormir. Se trata de crear una experiencia que sea tan \u00fanica como cada viajero. Con estas plataformas, las posibilidades son infinitas y el futuro de los viajes parece m\u00e1s brillante y emocionante que nunca.<\/span><\/p>\n<p>&nbsp;<\/p>\n<p>&nbsp;<\/p>","protected":false},"excerpt":{"rendered":"<p>Cleanster.com is the best cleaning service application for finding airbnb cleaners and schedule cleaning automatically. A Deep Dive into Vacation Rentals and Car Sharing&#8221; Exploring the World of Airbnb Vacation Rentals and VRBO \u00a0The Changing Face of Vacation Stays: Airbnb and VRBO Welcome to the exciting world of modern travel, where the traditional hotel stays [&hellip;]<\/p>\n","protected":false},"author":1,"featured_media":0,"parent":0,"menu_order":0,"comment_status":"closed","ping_status":"closed","template":"templates\/index.php","meta":{"_acf_changed":false,"footnotes":""},"class_list":["post-15976","page","type-page","status-publish","hentry","entry"],"acf":[],"yoast_head":"<!-- This site is optimized with the Yoast SEO Premium plugin v26.5 (Yoast SEO v27.3) - https:\/\/yoast.com\/product\/yoast-seo-premium-wordpress\/ -->\n<title>Apartment Building &amp; Vacation Rental Cleaning Services | Cleanster.com<\/title>\n<meta name=\"description\" content=\"Elevate your Airbnb and vacation rentals with Cleanster&#039;s premier cleaning services. Offering local maid and house cleaning solutions near you. Our dedicated team ensures your rental shines, enhancing guest experience. Book your reliable, top-rated cleaning service today.\" \/>\n<meta name=\"robots\" content=\"index, follow, max-snippet:-1, max-image-preview:large, max-video-preview:-1\" \/>\n<link rel=\"canonical\" href=\"https:\/\/cleanster.com\/es\/pagina-principal\/\" \/>\n<meta property=\"og:locale\" content=\"es_MX\" \/>\n<meta property=\"og:type\" content=\"article\" \/>\n<meta property=\"og:title\" content=\"Cleanster | Cleaning &amp; Maid Services Near You\" \/>\n<meta property=\"og:description\" content=\"Elevate your Airbnb and vacation rentals with Cleanster&#039;s premier cleaning services. Offering local maid and house cleaning solutions near you. Our dedicated team ensures your rental shines, enhancing guest experience. Book your reliable, top-rated cleaning service today.\" \/>\n<meta property=\"og:url\" content=\"https:\/\/cleanster.com\/es\/pagina-principal\/\" \/>\n<meta property=\"og:site_name\" content=\"Cleanster | Cleaning &amp; Maid Services Near You\" \/>\n<meta property=\"article:publisher\" content=\"https:\/\/www.facebook.com\/cleansterhq\" \/>\n<meta property=\"article:modified_time\" content=\"2024-03-22T08:23:21+00:00\" \/>\n<meta property=\"og:image\" content=\"https:\/\/cleanster.com\/wp-content\/uploads\/2023\/11\/card.png\" \/>\n\t<meta property=\"og:image:width\" content=\"390\" \/>\n\t<meta property=\"og:image:height\" content=\"255\" \/>\n\t<meta property=\"og:image:type\" content=\"image\/png\" \/>\n<meta name=\"twitter:card\" content=\"summary_large_image\" \/>\n<meta name=\"twitter:title\" content=\"Cleanster | Cleaning &amp; Maid Services Near You\" \/>\n<meta name=\"twitter:site\" content=\"@cleansterhq\" \/>\n<meta name=\"twitter:label1\" content=\"Tiempo de lectura\" \/>\n\t<meta name=\"twitter:data1\" content=\"7 minutos\" \/>\n<script type=\"application\/ld+json\" class=\"yoast-schema-graph\">{\"@context\":\"https:\\\/\\\/schema.org\",\"@graph\":[{\"@type\":\"WebPage\",\"@id\":\"https:\\\/\\\/cleanster.com\\\/homepage\\\/\",\"url\":\"https:\\\/\\\/cleanster.com\\\/homepage\\\/\",\"name\":\"Apartment Building & Vacation Rental Cleaning Services | Cleanster.com\",\"isPartOf\":{\"@id\":\"https:\\\/\\\/cleanster.com\\\/#website\"},\"datePublished\":\"2023-10-26T15:42:34+00:00\",\"dateModified\":\"2024-03-22T08:23:21+00:00\",\"description\":\"Elevate your Airbnb and vacation rentals with Cleanster's premier cleaning services. Offering local maid and house cleaning solutions near you. Our dedicated team ensures your rental shines, enhancing guest experience. Book your reliable, top-rated cleaning service today.\",\"inLanguage\":\"es\",\"potentialAction\":[{\"@type\":\"ReadAction\",\"target\":[\"https:\\\/\\\/cleanster.com\\\/homepage\\\/\"]}]},{\"@type\":\"WebSite\",\"@id\":\"https:\\\/\\\/cleanster.com\\\/#website\",\"url\":\"https:\\\/\\\/cleanster.com\\\/\",\"name\":\"Cleanster | Cleaning & Maid Services Near You\",\"description\":\"Instantly find &amp; book trusted cleaners for homes, apartment, Airbnb, and offices. Cleanster offers affordable maid, housekeeping, and commercial cleaning services near you.\",\"publisher\":{\"@id\":\"https:\\\/\\\/cleanster.com\\\/#organization\"},\"alternateName\":\"Cleanster | Cleaning, Maid & Housekeeping Services for Everyone\",\"potentialAction\":[{\"@type\":\"SearchAction\",\"target\":{\"@type\":\"EntryPoint\",\"urlTemplate\":\"https:\\\/\\\/cleanster.com\\\/?s={search_term_string}\"},\"query-input\":{\"@type\":\"PropertyValueSpecification\",\"valueRequired\":true,\"valueName\":\"search_term_string\"}}],\"inLanguage\":\"es\"},{\"@type\":\"Organization\",\"@id\":\"https:\\\/\\\/cleanster.com\\\/#organization\",\"name\":\"Cleanster\",\"alternateName\":\"Cleanster.com\",\"url\":\"https:\\\/\\\/cleanster.com\\\/\",\"logo\":{\"@type\":\"ImageObject\",\"inLanguage\":\"es\",\"@id\":\"https:\\\/\\\/cleanster.com\\\/#\\\/schema\\\/logo\\\/image\\\/\",\"url\":\"https:\\\/\\\/cleanster.com\\\/wp-content\\\/uploads\\\/2025\\\/06\\\/Cleanster-Logo-1.svg\",\"contentUrl\":\"https:\\\/\\\/cleanster.com\\\/wp-content\\\/uploads\\\/2025\\\/06\\\/Cleanster-Logo-1.svg\",\"width\":1,\"height\":1,\"caption\":\"Cleanster\"},\"image\":{\"@id\":\"https:\\\/\\\/cleanster.com\\\/#\\\/schema\\\/logo\\\/image\\\/\"},\"sameAs\":[\"https:\\\/\\\/www.facebook.com\\\/cleansterhq\",\"https:\\\/\\\/x.com\\\/cleansterhq\",\"https:\\\/\\\/www.linkedin.com\\\/company\\\/cleansterhq\",\"https:\\\/\\\/www.instagram.com\\\/cleansterhq\",\"https:\\\/\\\/vm.tiktok.com\\\/ZM8vHmcuo\\\/\",\"https:\\\/\\\/www.clubhouse.com\\\/club\\\/cleanstercom\"],\"description\":\"Cleanster is an AI-powered cleaning services platform that connects Airbnb hosts, property managers, and commercial clients with vetted, on-demand cleaners. We offer apartment, house, Airbnb, commercial, and janitorial cleaning services. With a network of over 100,000 professionals across the US, Canada, and the UK, Cleanster delivers fast, reliable, and tech-enabled cleaning at scale.\",\"email\":\"support@cleanster.com\",\"telephone\":\"+1 (888) 788-2445\",\"legalName\":\"Cleanster, Inc.\",\"foundingDate\":\"2019-05-06\",\"duns\":\"118328526\",\"naics\":\"541511\",\"numberOfEmployees\":{\"@type\":\"QuantitativeValue\",\"minValue\":\"11\",\"maxValue\":\"50\"}}]}<\/script>\n<!-- \/ Yoast SEO Premium plugin. -->","yoast_head_json":{"title":"Servicios de limpieza para edificios de apartamentos y alquileres vacacionales | Limpiador.com","description":"Mejore su Airbnb y sus alquileres vacacionales con los principales servicios de limpieza de Cleanster. Ofreciendo soluciones locales de limpieza de casas y mucamas cerca de usted. Nuestro equipo dedicado garantiza que su alquiler brille, mejorando la experiencia de los hu\u00e9spedes. Reserve hoy su servicio de limpieza confiable y de primera categor\u00eda.","robots":{"index":"index","follow":"follow","max-snippet":"max-snippet:-1","max-image-preview":"max-image-preview:large","max-video-preview":"max-video-preview:-1"},"canonical":"https:\/\/cleanster.com\/es\/pagina-principal\/","og_locale":"es_MX","og_type":"article","og_title":"Cleanster | Cleaning &amp; Maid Services Near You","og_description":"Elevate your Airbnb and vacation rentals with Cleanster's premier cleaning services. Offering local maid and house cleaning solutions near you. Our dedicated team ensures your rental shines, enhancing guest experience. Book your reliable, top-rated cleaning service today.","og_url":"https:\/\/cleanster.com\/es\/pagina-principal\/","og_site_name":"Cleanster | Cleaning &amp; Maid Services Near You","article_publisher":"https:\/\/www.facebook.com\/cleansterhq","article_modified_time":"2024-03-22T08:23:21+00:00","og_image":[{"width":390,"height":255,"url":"https:\/\/cleanster.com\/wp-content\/uploads\/2023\/11\/card.png","type":"image\/png"}],"twitter_card":"summary_large_image","twitter_title":"Cleanster | Cleaning &amp; Maid Services Near You","twitter_site":"@cleansterhq","twitter_misc":{"Tiempo de lectura":"7 minutos"},"schema":{"@context":"https:\/\/schema.org","@graph":[{"@type":"WebPage","@id":"https:\/\/cleanster.com\/homepage\/","url":"https:\/\/cleanster.com\/homepage\/","name":"Servicios de limpieza para edificios de apartamentos y alquileres vacacionales | Limpiador.com","isPartOf":{"@id":"https:\/\/cleanster.com\/#website"},"datePublished":"2023-10-26T15:42:34+00:00","dateModified":"2024-03-22T08:23:21+00:00","description":"Mejore su Airbnb y sus alquileres vacacionales con los principales servicios de limpieza de Cleanster. Ofreciendo soluciones locales de limpieza de casas y mucamas cerca de usted. Nuestro equipo dedicado garantiza que su alquiler brille, mejorando la experiencia de los hu\u00e9spedes. Reserve hoy su servicio de limpieza confiable y de primera categor\u00eda.","inLanguage":"es","potentialAction":[{"@type":"ReadAction","target":["https:\/\/cleanster.com\/homepage\/"]}]},{"@type":"WebSite","@id":"https:\/\/cleanster.com\/#website","url":"https:\/\/cleanster.com\/","name":"Cleanster | Servicios de limpieza y limpieza cerca de ti","description":"Encuentra y reserva al instante limpiadores de confianza para casas, apartamentos, Airbnb y oficinas. Cleanster ofrece servicios de limpieza dom\u00e9stica, limpieza del hogar y limpieza comercial a precios accesibles cerca de ti.","publisher":{"@id":"https:\/\/cleanster.com\/#organization"},"alternateName":"Cleanster | Cleaning, Maid & Housekeeping Services for Everyone","potentialAction":[{"@type":"SearchAction","target":{"@type":"EntryPoint","urlTemplate":"https:\/\/cleanster.com\/?s={search_term_string}"},"query-input":{"@type":"PropertyValueSpecification","valueRequired":true,"valueName":"search_term_string"}}],"inLanguage":"es"},{"@type":"Organization","@id":"https:\/\/cleanster.com\/#organization","name":"Limpiador","alternateName":"Cleanster.com","url":"https:\/\/cleanster.com\/","logo":{"@type":"ImageObject","inLanguage":"es","@id":"https:\/\/cleanster.com\/#\/schema\/logo\/image\/","url":"https:\/\/cleanster.com\/wp-content\/uploads\/2025\/06\/Cleanster-Logo-1.svg","contentUrl":"https:\/\/cleanster.com\/wp-content\/uploads\/2025\/06\/Cleanster-Logo-1.svg","width":1,"height":1,"caption":"Cleanster"},"image":{"@id":"https:\/\/cleanster.com\/#\/schema\/logo\/image\/"},"sameAs":["https:\/\/www.facebook.com\/cleansterhq","https:\/\/x.com\/cleansterhq","https:\/\/www.linkedin.com\/company\/cleansterhq","https:\/\/www.instagram.com\/cleansterhq","https:\/\/vm.tiktok.com\/ZM8vHmcuo\/","https:\/\/www.clubhouse.com\/club\/cleanstercom"],"description":"Cleanster es una plataforma de servicios de limpieza con inteligencia artificial que conecta a anfitriones, administradores de propiedades y clientes comerciales de Airbnb con limpiadores verificados y a demanda. Ofrecemos servicios de limpieza de apartamentos, casas, Airbnb, comercios y conserjer\u00eda. Con una red de m\u00e1s de 100,000 profesionales en EE. UU., Canad\u00e1 y el Reino Unido, Cleanster ofrece una limpieza r\u00e1pida, confiable y tecnol\u00f3gica a gran escala.","email":"support@cleanster.com","telephone":"+1 (888) 788-2445","legalName":"Cleanster, Inc.","foundingDate":"2019-05-06","duns":"118328526","naics":"541511","numberOfEmployees":{"@type":"QuantitativeValue","minValue":"11","maxValue":"50"}}]}},"_links":{"self":[{"href":"https:\/\/cleanster.com\/es\/wp-json\/wp\/v2\/pages\/15976","targetHints":{"allow":["GET"]}}],"collection":[{"href":"https:\/\/cleanster.com\/es\/wp-json\/wp\/v2\/pages"}],"about":[{"href":"https:\/\/cleanster.com\/es\/wp-json\/wp\/v2\/types\/page"}],"author":[{"embeddable":true,"href":"https:\/\/cleanster.com\/es\/wp-json\/wp\/v2\/users\/1"}],"replies":[{"embeddable":true,"href":"https:\/\/cleanster.com\/es\/wp-json\/wp\/v2\/comments?post=15976"}],"version-history":[{"count":0,"href":"https:\/\/cleanster.com\/es\/wp-json\/wp\/v2\/pages\/15976\/revisions"}],"wp:attachment":[{"href":"https:\/\/cleanster.com\/es\/wp-json\/wp\/v2\/media?parent=15976"}],"curies":[{"name":"gracias","href":"https:\/\/api.w.org\/{rel}","templated":true}]}}