{"id":16032,"date":"2021-12-15T16:07:46","date_gmt":"2021-12-15T16:07:46","guid":{"rendered":"https:\/\/cleanster.com\/?page_id=902"},"modified":"2025-10-10T00:34:57","modified_gmt":"2025-10-10T00:34:57","slug":"caracteristicas","status":"publish","type":"page","link":"https:\/\/cleanster.com\/es\/caracteristicas\/","title":{"rendered":"Limpieza est\u00e1ndar"},"content":{"rendered":"<h2><span style=\"font-weight: 400; color: #ffffff;\">Limpiar con el Cleanster<span style=\"font-weight: 400;\">.com<\/span><\/span><\/h2>\n<p><span style=\"font-weight: 400; color: #ffffff;\"><a style=\"color: #ffffff;\" href=\"https:\/\/play.google.com\/store\/apps\/details?id=com.tidyapp&amp;hl=en_US&amp;gl=US\">Limpiador<span style=\"font-weight: 400;\">.com<\/span><\/a> ofrece servicios de limpieza profesionales para propietarios que no tienen tiempo para estas cosas. Limpia con Cleanster<span style=\"font-weight: 400;\">.com<\/span>y limpia toda tu casa, oficina, Airbnb, etc. Limpiadores profesionales de Cleanster<span style=\"font-weight: 400;\">.com<\/span> Ofrecemos servicios de limpieza de ba\u00f1os, cocinas, dormitorios y otras \u00e1reas de estar. Los servicios de limpieza de ba\u00f1os pueden incluir enjuagar y secar la ducha y la ba\u00f1era. Tambi\u00e9n puede limpiar el inodoro, los espejos y el exterior de los gabinetes. Quitamos el polvo de las rejillas de ventilaci\u00f3n accesibles, fregamos y aspiramos el piso. Doblamos las toallas y mucho m\u00e1s. Tambi\u00e9n vaciamos su bote de basura.<\/span><\/p>\n<p><span style=\"font-weight: 400; color: #ffffff;\">En la secci\u00f3n de cocina, est\u00e1 disponible la limpieza y el secado de sus utensilios de cocina. Limpiaremos el interior y el exterior de su microondas, entre otros aparatos electr\u00f3nicos de cocina. Desempolvaremos los conductos de ventilaci\u00f3n accesibles y vaciaremos la basura. Se limpiar\u00e1n y desempolvar\u00e1n sus muebles y superficies visibles. Desempolvaremos los z\u00f3calos de su cocina. Limpiaremos el exterior de los gabinetes, las encimeras y el protector contra salpicaduras de su cocina.\u00a0<\/span><\/p>\n<p><span style=\"font-weight: 400; color: #ffffff;\">En su dormitorio, los profesionales tender\u00e1n sus camas, doblar\u00e1n su ropa, fregar\u00e1n y aspirar\u00e1n los pisos de su dormitorio, quitar\u00e1n el polvo y limpiar\u00e1n sus muebles y superficies visibles, quitar\u00e1n el polvo de sus z\u00f3calos, incluso quitar\u00e1n el polvo de los conductos de ventilaci\u00f3n accesibles y vaciar\u00e1n la basura.\u00a0<\/span><\/p>\n<p><span style=\"font-weight: 400; color: #ffffff;\">Pero no puede hacer que levanten objetos pesados, como objetos que pesen m\u00e1s de 25 libras. Y tampoco puede dejar que hagan su trabajo al aire libre. Por ejemplo, si est\u00e1 trabajando en ventanas o en jardiner\u00eda o en el jard\u00edn, etc. La eliminaci\u00f3n de manchas profundas o los garajes no est\u00e1n incluidos, aparte del barrido b\u00e1sico.\u00a0<\/span><\/p>\n<p><span style=\"font-weight: 400; color: #ffffff;\">No os preocup\u00e9is gente, adem\u00e1s de los servicios mencionados anteriormente, el <a style=\"color: #ffffff;\" href=\"https:\/\/cleanster.com\/how-to-download-tidy-app\/\">Limpiador<span style=\"font-weight: 400;\">.com<\/span><\/a> Los profesionales incluso le ayudar\u00e1n con la entrada o salida de sus cosas. Incluso le ayudar\u00e1n a lavar o secar la ropa. Tambi\u00e9n pueden encargar la limpieza de su frigor\u00edfico. <\/span><\/p>","protected":false},"excerpt":{"rendered":"<p>Clean with the Cleanster.com Cleanster.com provides professional cleaning services for owners who don\u2019t have time for these things. Clean with the Cleanster.com, and clean your entire home, office, Airbnb, etc. Professional cleaners from Cleanster.com provide bathroom, kitchen, bedroom, and other living area cleaning services. Bathroom cleaning services can include rinsing and wiping your shower and [&hellip;]<\/p>\n","protected":false},"author":2,"featured_media":0,"parent":0,"menu_order":0,"comment_status":"closed","ping_status":"closed","template":"templates\/features.php","meta":{"_acf_changed":false,"footnotes":""},"class_list":["post-16032","page","type-page","status-publish","hentry","entry"],"acf":[],"yoast_head":"<!-- This site is optimized with the Yoast SEO Premium plugin v26.5 (Yoast SEO v27.3) - https:\/\/yoast.com\/product\/yoast-seo-premium-wordpress\/ -->\n<title>Standard Cleaning - Home Clean-ing on Demand Cleanster | Cleaning &amp; Maid Services Near You<\/title>\n<meta name=\"description\" content=\"Best Maid Services - Clean-ing from $15\/hour. Find Recommended House Cleaning Services in near you. Download Cleanster.com today.\" \/>\n<meta name=\"robots\" content=\"index, follow, max-snippet:-1, max-image-preview:large, max-video-preview:-1\" \/>\n<link rel=\"canonical\" href=\"https:\/\/cleanster.com\/es\/caracteristicas\/\" \/>\n<meta property=\"og:locale\" content=\"es_MX\" \/>\n<meta property=\"og:type\" content=\"article\" \/>\n<meta property=\"og:title\" content=\"Standard Cleaning - Cleanster | Cleaning &amp; Maid Services Near You\" \/>\n<meta property=\"og:description\" content=\"Best Maid Services - Clean-ing from $15\/hour. Find Recommended House Cleaning Services in near you. Download Cleanster.com today.\" \/>\n<meta property=\"og:url\" content=\"https:\/\/cleanster.com\/es\/caracteristicas\/\" \/>\n<meta property=\"og:site_name\" content=\"Cleanster | Cleaning &amp; Maid Services Near You\" \/>\n<meta property=\"article:publisher\" content=\"https:\/\/www.facebook.com\/cleansterhq\" \/>\n<meta property=\"article:modified_time\" content=\"2025-10-10T00:34:57+00:00\" \/>\n<meta property=\"og:image\" content=\"https:\/\/cleanster.com\/wp-content\/uploads\/2023\/11\/card@3x.png\" \/>\n\t<meta property=\"og:image:width\" content=\"1170\" \/>\n\t<meta property=\"og:image:height\" content=\"763\" \/>\n\t<meta property=\"og:image:type\" content=\"image\/png\" \/>\n<meta name=\"twitter:card\" content=\"summary_large_image\" \/>\n<meta name=\"twitter:site\" content=\"@cleansterhq\" \/>\n<meta name=\"twitter:label1\" content=\"Tiempo de lectura\" \/>\n\t<meta name=\"twitter:data1\" content=\"2 minutos\" \/>\n<script type=\"application\/ld+json\" class=\"yoast-schema-graph\">{\"@context\":\"https:\\\/\\\/schema.org\",\"@graph\":[{\"@type\":\"WebPage\",\"@id\":\"https:\\\/\\\/cleanster.com\\\/features\\\/\",\"url\":\"https:\\\/\\\/cleanster.com\\\/features\\\/\",\"name\":\"Standard Cleaning - Home Clean-ing on Demand Cleanster | Cleaning &amp; Maid Services Near You\",\"isPartOf\":{\"@id\":\"https:\\\/\\\/cleanster.com\\\/#website\"},\"datePublished\":\"2021-12-15T16:07:46+00:00\",\"dateModified\":\"2025-10-10T00:34:57+00:00\",\"description\":\"Best Maid Services - Clean-ing from $15\\\/hour. Find Recommended House Cleaning Services in near you. Download Cleanster.com today.\",\"inLanguage\":\"es\",\"potentialAction\":[{\"@type\":\"ReadAction\",\"target\":[\"https:\\\/\\\/cleanster.com\\\/features\\\/\"]}]},{\"@type\":\"WebSite\",\"@id\":\"https:\\\/\\\/cleanster.com\\\/#website\",\"url\":\"https:\\\/\\\/cleanster.com\\\/\",\"name\":\"Cleanster | Cleaning & Maid Services Near You\",\"description\":\"Instantly find &amp; book trusted cleaners for homes, apartment, Airbnb, and offices. Cleanster offers affordable maid, housekeeping, and commercial cleaning services near you.\",\"publisher\":{\"@id\":\"https:\\\/\\\/cleanster.com\\\/#organization\"},\"alternateName\":\"Cleanster | Cleaning, Maid & Housekeeping Services for Everyone\",\"potentialAction\":[{\"@type\":\"SearchAction\",\"target\":{\"@type\":\"EntryPoint\",\"urlTemplate\":\"https:\\\/\\\/cleanster.com\\\/?s={search_term_string}\"},\"query-input\":{\"@type\":\"PropertyValueSpecification\",\"valueRequired\":true,\"valueName\":\"search_term_string\"}}],\"inLanguage\":\"es\"},{\"@type\":\"Organization\",\"@id\":\"https:\\\/\\\/cleanster.com\\\/#organization\",\"name\":\"Cleanster\",\"alternateName\":\"Cleanster.com\",\"url\":\"https:\\\/\\\/cleanster.com\\\/\",\"logo\":{\"@type\":\"ImageObject\",\"inLanguage\":\"es\",\"@id\":\"https:\\\/\\\/cleanster.com\\\/#\\\/schema\\\/logo\\\/image\\\/\",\"url\":\"https:\\\/\\\/cleanster.com\\\/wp-content\\\/uploads\\\/2025\\\/06\\\/Cleanster-Logo-1.svg\",\"contentUrl\":\"https:\\\/\\\/cleanster.com\\\/wp-content\\\/uploads\\\/2025\\\/06\\\/Cleanster-Logo-1.svg\",\"width\":1,\"height\":1,\"caption\":\"Cleanster\"},\"image\":{\"@id\":\"https:\\\/\\\/cleanster.com\\\/#\\\/schema\\\/logo\\\/image\\\/\"},\"sameAs\":[\"https:\\\/\\\/www.facebook.com\\\/cleansterhq\",\"https:\\\/\\\/x.com\\\/cleansterhq\",\"https:\\\/\\\/www.linkedin.com\\\/company\\\/cleansterhq\",\"https:\\\/\\\/www.instagram.com\\\/cleansterhq\",\"https:\\\/\\\/vm.tiktok.com\\\/ZM8vHmcuo\\\/\",\"https:\\\/\\\/www.clubhouse.com\\\/club\\\/cleanstercom\"],\"description\":\"Cleanster is an AI-powered cleaning services platform that connects Airbnb hosts, property managers, and commercial clients with vetted, on-demand cleaners. We offer apartment, house, Airbnb, commercial, and janitorial cleaning services. With a network of over 100,000 professionals across the US, Canada, and the UK, Cleanster delivers fast, reliable, and tech-enabled cleaning at scale.\",\"email\":\"support@cleanster.com\",\"telephone\":\"+1 (888) 788-2445\",\"legalName\":\"Cleanster, Inc.\",\"foundingDate\":\"2019-05-06\",\"duns\":\"118328526\",\"naics\":\"541511\",\"numberOfEmployees\":{\"@type\":\"QuantitativeValue\",\"minValue\":\"11\",\"maxValue\":\"50\"}}]}<\/script>\n<!-- \/ Yoast SEO Premium plugin. -->","yoast_head_json":{"title":"Limpieza est\u00e1ndar - Limpieza del hogar a pedido | Servicios de limpieza y limpieza cerca de ti","description":"Los mejores servicios de limpieza: limpieza desde $15\/hora. Encuentre servicios de limpieza de casas recomendados cerca de usted. Descargue Cleanster.com hoy.","robots":{"index":"index","follow":"follow","max-snippet":"max-snippet:-1","max-image-preview":"max-image-preview:large","max-video-preview":"max-video-preview:-1"},"canonical":"https:\/\/cleanster.com\/es\/caracteristicas\/","og_locale":"es_MX","og_type":"article","og_title":"Standard Cleaning - Cleanster | Cleaning &amp; Maid Services Near You","og_description":"Best Maid Services - Clean-ing from $15\/hour. Find Recommended House Cleaning Services in near you. Download Cleanster.com today.","og_url":"https:\/\/cleanster.com\/es\/caracteristicas\/","og_site_name":"Cleanster | Cleaning &amp; Maid Services Near You","article_publisher":"https:\/\/www.facebook.com\/cleansterhq","article_modified_time":"2025-10-10T00:34:57+00:00","og_image":[{"width":1170,"height":763,"url":"https:\/\/cleanster.com\/wp-content\/uploads\/2023\/11\/card@3x.png","type":"image\/png"}],"twitter_card":"summary_large_image","twitter_site":"@cleansterhq","twitter_misc":{"Tiempo de lectura":"2 minutos"},"schema":{"@context":"https:\/\/schema.org","@graph":[{"@type":"WebPage","@id":"https:\/\/cleanster.com\/features\/","url":"https:\/\/cleanster.com\/features\/","name":"Limpieza est\u00e1ndar - Limpieza del hogar a pedido | Servicios de limpieza y limpieza cerca de ti","isPartOf":{"@id":"https:\/\/cleanster.com\/#website"},"datePublished":"2021-12-15T16:07:46+00:00","dateModified":"2025-10-10T00:34:57+00:00","description":"Los mejores servicios de limpieza: limpieza desde $15\/hora. Encuentre servicios de limpieza de casas recomendados cerca de usted. Descargue Cleanster.com hoy.","inLanguage":"es","potentialAction":[{"@type":"ReadAction","target":["https:\/\/cleanster.com\/features\/"]}]},{"@type":"WebSite","@id":"https:\/\/cleanster.com\/#website","url":"https:\/\/cleanster.com\/","name":"Cleanster | Servicios de limpieza y limpieza cerca de ti","description":"Encuentra y reserva al instante limpiadores de confianza para casas, apartamentos, Airbnb y oficinas. Cleanster ofrece servicios de limpieza dom\u00e9stica, limpieza del hogar y limpieza comercial a precios accesibles cerca de ti.","publisher":{"@id":"https:\/\/cleanster.com\/#organization"},"alternateName":"Cleanster | Cleaning, Maid & Housekeeping Services for Everyone","potentialAction":[{"@type":"SearchAction","target":{"@type":"EntryPoint","urlTemplate":"https:\/\/cleanster.com\/?s={search_term_string}"},"query-input":{"@type":"PropertyValueSpecification","valueRequired":true,"valueName":"search_term_string"}}],"inLanguage":"es"},{"@type":"Organization","@id":"https:\/\/cleanster.com\/#organization","name":"Limpiador","alternateName":"Cleanster.com","url":"https:\/\/cleanster.com\/","logo":{"@type":"ImageObject","inLanguage":"es","@id":"https:\/\/cleanster.com\/#\/schema\/logo\/image\/","url":"https:\/\/cleanster.com\/wp-content\/uploads\/2025\/06\/Cleanster-Logo-1.svg","contentUrl":"https:\/\/cleanster.com\/wp-content\/uploads\/2025\/06\/Cleanster-Logo-1.svg","width":1,"height":1,"caption":"Cleanster"},"image":{"@id":"https:\/\/cleanster.com\/#\/schema\/logo\/image\/"},"sameAs":["https:\/\/www.facebook.com\/cleansterhq","https:\/\/x.com\/cleansterhq","https:\/\/www.linkedin.com\/company\/cleansterhq","https:\/\/www.instagram.com\/cleansterhq","https:\/\/vm.tiktok.com\/ZM8vHmcuo\/","https:\/\/www.clubhouse.com\/club\/cleanstercom"],"description":"Cleanster es una plataforma de servicios de limpieza con inteligencia artificial que conecta a anfitriones, administradores de propiedades y clientes comerciales de Airbnb con limpiadores verificados y a demanda. Ofrecemos servicios de limpieza de apartamentos, casas, Airbnb, comercios y conserjer\u00eda. Con una red de m\u00e1s de 100,000 profesionales en EE. UU., Canad\u00e1 y el Reino Unido, Cleanster ofrece una limpieza r\u00e1pida, confiable y tecnol\u00f3gica a gran escala.","email":"support@cleanster.com","telephone":"+1 (888) 788-2445","legalName":"Cleanster, Inc.","foundingDate":"2019-05-06","duns":"118328526","naics":"541511","numberOfEmployees":{"@type":"QuantitativeValue","minValue":"11","maxValue":"50"}}]}},"_links":{"self":[{"href":"https:\/\/cleanster.com\/es\/wp-json\/wp\/v2\/pages\/16032","targetHints":{"allow":["GET"]}}],"collection":[{"href":"https:\/\/cleanster.com\/es\/wp-json\/wp\/v2\/pages"}],"about":[{"href":"https:\/\/cleanster.com\/es\/wp-json\/wp\/v2\/types\/page"}],"author":[{"embeddable":true,"href":"https:\/\/cleanster.com\/es\/wp-json\/wp\/v2\/users\/2"}],"replies":[{"embeddable":true,"href":"https:\/\/cleanster.com\/es\/wp-json\/wp\/v2\/comments?post=16032"}],"version-history":[{"count":0,"href":"https:\/\/cleanster.com\/es\/wp-json\/wp\/v2\/pages\/16032\/revisions"}],"wp:attachment":[{"href":"https:\/\/cleanster.com\/es\/wp-json\/wp\/v2\/media?parent=16032"}],"curies":[{"name":"gracias","href":"https:\/\/api.w.org\/{rel}","templated":true}]}}