{"id":20096,"date":"2023-11-13T05:36:06","date_gmt":"2023-11-13T05:36:06","guid":{"rendered":"https:\/\/cleanster.com\/?page_id=20096"},"modified":"2023-12-26T03:29:46","modified_gmt":"2023-12-26T03:29:46","slug":"servicios-de-limpieza-de-airbnb-ca-ontario-ottawa","status":"publish","type":"page","link":"https:\/\/cleanster.com\/es\/servicios-de-limpieza-de-airbnb-ca-ontario-ottawa\/","title":{"rendered":"La aplicaci\u00f3n de limpieza de Airbnb mejor valorada en Ottawa, Ontario: Cleanster"},"content":{"rendered":"<h2><span style=\"color: #ffffff;\"><b>La aplicaci\u00f3n de limpieza de Airbnb mejor valorada en Ottawa, Ontario<\/b><\/span><\/h2>\n<p><span style=\"font-weight: 400; color: #ffffff;\">Mejore la limpieza de su propiedad y las valoraciones de sus hu\u00e9spedes con nuestra app de limpieza premium de Airbnb en Ottawa, Ontario. Cleanster garantiza que su espacio reciba una limpieza profesional de primera calidad, dejando a sus clientes impresionados con su experiencia como anfitri\u00f3n. Ya sea un emprendedor que inicia un nuevo negocio o un propietario que busca soluciones de limpieza impecables, Cleanster es la opci\u00f3n ideal para las necesidades de su negocio. Optimizando las operaciones y manteniendo un toque profesional. Y lo m\u00e1s importante, Cleanster ya est\u00e1 disponible en toda Ottawa, Ontario.<\/span><\/p>\n<p><span style=\"color: #ffffff;\"><span style=\"font-weight: 400;\">Para una aplicaci\u00f3n de limpieza de Airbnb incomparable en Ottawa, Ontario<\/span>\u00a0No busques m\u00e1s.<\/span><\/p>\n<h2><span style=\"color: #ffffff;\"><b>Por qu\u00e9 Cleanster es la mejor aplicaci\u00f3n de servicio de limpieza de Airbnb en Ottawa, Ontario:<\/b><\/span><\/h2>\n<h3><span style=\"color: #ffffff;\"><b>Excelencia en el servicio de limpieza de Airbnb:<\/b><\/span><\/h3>\n<p><span style=\"font-weight: 400; color: #ffffff;\">Nuestro equipo dedicado emplea productos y procesos de limpieza \u00fanicos para limpiar y organizar impecablemente su propiedad.<\/span><\/p>\n<h3><span style=\"color: #ffffff;\"><b>Programaci\u00f3n eficiente:<\/b><\/span><\/h3>\n<p><span style=\"font-weight: 400; color: #ffffff;\">Mant\u00e9ngase al tanto de su cronograma de administraci\u00f3n de propiedades con la aplicaci\u00f3n Cleanster, que permite una coordinaci\u00f3n perfecta e inspecciones de propiedades m\u00f3viles que ahorran tiempo.<\/span><\/p>\n<h3><span style=\"color: #ffffff;\"><b>Funciones integradas:<\/b><\/span><\/h3>\n<p><span style=\"font-weight: 400; color: #ffffff;\">Mejore la comunicaci\u00f3n y la eficiencia con \u00edconos de estado integrados para realizar un seguimiento de notas, fotos, check-in VIP y check-out tard\u00edo. Adem\u00e1s, facilita el trabajo de las empresas de administraci\u00f3n de propiedades y de limpieza.<\/span><\/p>\n<h3><span style=\"color: #ffffff;\"><b>Aplicaci\u00f3n de calendario de limpieza Cleanster:<\/b><\/span><\/h3>\n<p><span style=\"font-weight: 400; color: #ffffff;\">Simplifique el proceso de coordinaci\u00f3n sincronizando su aplicaci\u00f3n Cleanster con su cuenta de Airbnb, eliminando la necesidad de actualizaciones manuales del calendario. Luego, comparta im\u00e1genes detalladas con su empleado de limpieza para brindarle expectativas claras.<\/span><\/p>\n<h3><span style=\"color: #ffffff;\"><b>Aplicaci\u00f3n de limpieza de Airbnb en Ottawa:<\/b><\/span><\/h3>\n<p><span style=\"font-weight: 400; color: #ffffff;\">Nuestros limpiadores profesionales van m\u00e1s all\u00e1, limpian y desinfectan profundamente los muebles y los aparatos electr\u00f3nicos, cambian s\u00e1banas y toallas, hacen camas estilo hotel y limpian a fondo las cocinas y los ba\u00f1os. En resumen, barriendo y fregando los pisos, aspirando las alfombras y sacando la basura, nos aseguramos de que cada detalle est\u00e9 cubierto. Reponemos los art\u00edculos esenciales y de tocador, y dejamos los espejos relucientes.<\/span><\/p>\n<p><span style=\"font-weight: 400; color: #ffffff;\">Experimente la dedicaci\u00f3n y experiencia de nuestros profesionales de limpieza, comprometidos a brindar resultados de alta calidad que superen las expectativas.<\/span><\/p>\n<h2><span style=\"color: #ffffff;\"><b>Tecnolog\u00eda de vanguardia para operaciones fluidas:<\/b><\/span><\/h2>\n<p><span style=\"font-weight: 400; color: #ffffff;\">Cleanster aprovecha la tecnolog\u00eda de vanguardia para optimizar las operaciones y mejorar la comunicaci\u00f3n. Nuestra aplicaci\u00f3n f\u00e1cil de usar facilita la coordinaci\u00f3n sin esfuerzo, lo que permite que los administradores de propiedades y el personal de limpieza se mantengan conectados e informados. Adem\u00e1s, con actualizaciones en tiempo real, puede administrar reservas de manera eficiente, monitorear el progreso de la limpieza y garantizar un flujo de trabajo fluido para su empresa de administraci\u00f3n de propiedades.<\/span><\/p>\n<h2><span style=\"color: #ffffff;\"><b>Comunicaci\u00f3n transparente y rendici\u00f3n de cuentas:<\/b><\/span><\/h2>\n<p><span style=\"color: #ffffff;\"><span style=\"font-weight: 400;\">Una comunicaci\u00f3n clara es clave para una asociaci\u00f3n exitosa.<\/span><a style=\"color: #ffffff;\" href=\"https:\/\/cleanster.com\/\"><span style=\"font-weight: 400;\"> Limpiador<\/span><\/a><span style=\"font-weight: 400;\"> Promueve la comunicaci\u00f3n transparente entre propietarios, administradores y personal de limpieza. Nuestra aplicaci\u00f3n ofrece una plataforma para compartir notas, fotos y otra informaci\u00f3n vital, fomentando la responsabilidad y garantizando que todos est\u00e9n en la misma sinton\u00eda.<\/span><\/span><\/p>","protected":false},"excerpt":{"rendered":"<p>Top-Rated Airbnb Cleaning Service app in Ottawa, Ontario Elevate your property&#8217;s cleanliness and enhance your guest ratings with our premier Airbnb cleaning app in Ottawa, Ontario. So that the Cleanster app ensures your space receives top-notch, professional-grade cleaning, leaving your customers impressed with your hosting prowess. Whether you&#8217;re an entrepreneur launching a new venture or [&hellip;]<\/p>\n","protected":false},"author":2,"featured_media":0,"parent":0,"menu_order":0,"comment_status":"closed","ping_status":"closed","template":"templates\/str.php","meta":{"_acf_changed":false,"footnotes":""},"class_list":["post-20096","page","type-page","status-publish","hentry","entry"],"acf":[],"yoast_head":"<!-- This site is optimized with the Yoast SEO Premium plugin v26.5 (Yoast SEO v27.3) - https:\/\/yoast.com\/product\/yoast-seo-premium-wordpress\/ -->\n<title>Top-Rated Airbnb cleaning app in Ottawa, Ontario - Cleanster.com<\/title>\n<meta name=\"description\" content=\"Discover the ultimate solution for Airbnb hosts! Streamline your cleaning routine with the top-rated Airbnb cleaning app in Ottawa, Ontario.\" \/>\n<meta name=\"robots\" content=\"index, follow, max-snippet:-1, max-image-preview:large, max-video-preview:-1\" \/>\n<link rel=\"canonical\" href=\"https:\/\/cleanster.com\/es\/servicios-de-limpieza-de-airbnb-ca-ontario-ottawa\/\" \/>\n<meta property=\"og:locale\" content=\"es_MX\" \/>\n<meta property=\"og:type\" content=\"article\" \/>\n<meta property=\"og:title\" content=\"Top-Rated Airbnb cleaning app in Ottawa, Ontario- Cleanster - Cleanster | Cleaning &amp; Maid Services Near You\" \/>\n<meta property=\"og:description\" content=\"Discover the ultimate solution for Airbnb hosts! Streamline your cleaning routine with the top-rated Airbnb cleaning app in Ottawa, Ontario.\" \/>\n<meta property=\"og:url\" content=\"https:\/\/cleanster.com\/es\/servicios-de-limpieza-de-airbnb-ca-ontario-ottawa\/\" \/>\n<meta property=\"og:site_name\" content=\"Cleanster | Cleaning &amp; Maid Services Near You\" \/>\n<meta property=\"article:publisher\" content=\"https:\/\/www.facebook.com\/cleansterhq\" \/>\n<meta property=\"article:modified_time\" content=\"2023-12-26T03:29:46+00:00\" \/>\n<meta property=\"og:image\" content=\"https:\/\/cleanster.com\/wp-content\/uploads\/2023\/11\/card@3x.png\" \/>\n\t<meta property=\"og:image:width\" content=\"1170\" \/>\n\t<meta property=\"og:image:height\" content=\"763\" \/>\n\t<meta property=\"og:image:type\" content=\"image\/png\" \/>\n<meta name=\"twitter:card\" content=\"summary_large_image\" \/>\n<meta name=\"twitter:site\" content=\"@cleansterhq\" \/>\n<meta name=\"twitter:label1\" content=\"Tiempo de lectura\" \/>\n\t<meta name=\"twitter:data1\" content=\"2 minutos\" \/>\n<script type=\"application\/ld+json\" class=\"yoast-schema-graph\">{\"@context\":\"https:\\\/\\\/schema.org\",\"@graph\":[{\"@type\":\"WebPage\",\"@id\":\"https:\\\/\\\/cleanster.com\\\/airbnb-cleaning-services-ca-ontario-ottawa\\\/\",\"url\":\"https:\\\/\\\/cleanster.com\\\/airbnb-cleaning-services-ca-ontario-ottawa\\\/\",\"name\":\"Top-Rated Airbnb cleaning app in Ottawa, Ontario - Cleanster.com\",\"isPartOf\":{\"@id\":\"https:\\\/\\\/cleanster.com\\\/#website\"},\"datePublished\":\"2023-11-13T05:36:06+00:00\",\"dateModified\":\"2023-12-26T03:29:46+00:00\",\"description\":\"Discover the ultimate solution for Airbnb hosts! Streamline your cleaning routine with the top-rated Airbnb cleaning app in Ottawa, Ontario.\",\"inLanguage\":\"es\",\"potentialAction\":[{\"@type\":\"ReadAction\",\"target\":[\"https:\\\/\\\/cleanster.com\\\/airbnb-cleaning-services-ca-ontario-ottawa\\\/\"]}]},{\"@type\":\"WebSite\",\"@id\":\"https:\\\/\\\/cleanster.com\\\/#website\",\"url\":\"https:\\\/\\\/cleanster.com\\\/\",\"name\":\"Cleanster | Cleaning & Maid Services Near You\",\"description\":\"Instantly find &amp; book trusted cleaners for homes, apartment, Airbnb, and offices. Cleanster offers affordable maid, housekeeping, and commercial cleaning services near you.\",\"publisher\":{\"@id\":\"https:\\\/\\\/cleanster.com\\\/#organization\"},\"alternateName\":\"Cleanster | Cleaning, Maid & Housekeeping Services for Everyone\",\"potentialAction\":[{\"@type\":\"SearchAction\",\"target\":{\"@type\":\"EntryPoint\",\"urlTemplate\":\"https:\\\/\\\/cleanster.com\\\/?s={search_term_string}\"},\"query-input\":{\"@type\":\"PropertyValueSpecification\",\"valueRequired\":true,\"valueName\":\"search_term_string\"}}],\"inLanguage\":\"es\"},{\"@type\":\"Organization\",\"@id\":\"https:\\\/\\\/cleanster.com\\\/#organization\",\"name\":\"Cleanster\",\"alternateName\":\"Cleanster.com\",\"url\":\"https:\\\/\\\/cleanster.com\\\/\",\"logo\":{\"@type\":\"ImageObject\",\"inLanguage\":\"es\",\"@id\":\"https:\\\/\\\/cleanster.com\\\/#\\\/schema\\\/logo\\\/image\\\/\",\"url\":\"https:\\\/\\\/cleanster.com\\\/wp-content\\\/uploads\\\/2025\\\/06\\\/Cleanster-Logo-1.svg\",\"contentUrl\":\"https:\\\/\\\/cleanster.com\\\/wp-content\\\/uploads\\\/2025\\\/06\\\/Cleanster-Logo-1.svg\",\"width\":1,\"height\":1,\"caption\":\"Cleanster\"},\"image\":{\"@id\":\"https:\\\/\\\/cleanster.com\\\/#\\\/schema\\\/logo\\\/image\\\/\"},\"sameAs\":[\"https:\\\/\\\/www.facebook.com\\\/cleansterhq\",\"https:\\\/\\\/x.com\\\/cleansterhq\",\"https:\\\/\\\/www.linkedin.com\\\/company\\\/cleansterhq\",\"https:\\\/\\\/www.instagram.com\\\/cleansterhq\",\"https:\\\/\\\/vm.tiktok.com\\\/ZM8vHmcuo\\\/\",\"https:\\\/\\\/www.clubhouse.com\\\/club\\\/cleanstercom\"],\"description\":\"Cleanster is an AI-powered cleaning services platform that connects Airbnb hosts, property managers, and commercial clients with vetted, on-demand cleaners. We offer apartment, house, Airbnb, commercial, and janitorial cleaning services. With a network of over 100,000 professionals across the US, Canada, and the UK, Cleanster delivers fast, reliable, and tech-enabled cleaning at scale.\",\"email\":\"support@cleanster.com\",\"telephone\":\"+1 (888) 788-2445\",\"legalName\":\"Cleanster, Inc.\",\"foundingDate\":\"2019-05-06\",\"duns\":\"118328526\",\"naics\":\"541511\",\"numberOfEmployees\":{\"@type\":\"QuantitativeValue\",\"minValue\":\"11\",\"maxValue\":\"50\"}}]}<\/script>\n<!-- \/ Yoast SEO Premium plugin. -->","yoast_head_json":{"title":"La aplicaci\u00f3n de limpieza de Airbnb mejor valorada en Ottawa, Ontario - Cleanster.com","description":"\u00a1Descubre la soluci\u00f3n definitiva para los anfitriones de Airbnb! Agiliza tu rutina de limpieza con la aplicaci\u00f3n de limpieza de Airbnb mejor valorada en Ottawa, Ontario.","robots":{"index":"index","follow":"follow","max-snippet":"max-snippet:-1","max-image-preview":"max-image-preview:large","max-video-preview":"max-video-preview:-1"},"canonical":"https:\/\/cleanster.com\/es\/servicios-de-limpieza-de-airbnb-ca-ontario-ottawa\/","og_locale":"es_MX","og_type":"article","og_title":"Top-Rated Airbnb cleaning app in Ottawa, Ontario- Cleanster - Cleanster | Cleaning &amp; Maid Services Near You","og_description":"Discover the ultimate solution for Airbnb hosts! Streamline your cleaning routine with the top-rated Airbnb cleaning app in Ottawa, Ontario.","og_url":"https:\/\/cleanster.com\/es\/servicios-de-limpieza-de-airbnb-ca-ontario-ottawa\/","og_site_name":"Cleanster | Cleaning &amp; Maid Services Near You","article_publisher":"https:\/\/www.facebook.com\/cleansterhq","article_modified_time":"2023-12-26T03:29:46+00:00","og_image":[{"width":1170,"height":763,"url":"https:\/\/cleanster.com\/wp-content\/uploads\/2023\/11\/card@3x.png","type":"image\/png"}],"twitter_card":"summary_large_image","twitter_site":"@cleansterhq","twitter_misc":{"Tiempo de lectura":"2 minutos"},"schema":{"@context":"https:\/\/schema.org","@graph":[{"@type":"WebPage","@id":"https:\/\/cleanster.com\/airbnb-cleaning-services-ca-ontario-ottawa\/","url":"https:\/\/cleanster.com\/airbnb-cleaning-services-ca-ontario-ottawa\/","name":"La aplicaci\u00f3n de limpieza de Airbnb mejor valorada en Ottawa, Ontario - Cleanster.com","isPartOf":{"@id":"https:\/\/cleanster.com\/#website"},"datePublished":"2023-11-13T05:36:06+00:00","dateModified":"2023-12-26T03:29:46+00:00","description":"\u00a1Descubre la soluci\u00f3n definitiva para los anfitriones de Airbnb! Agiliza tu rutina de limpieza con la aplicaci\u00f3n de limpieza de Airbnb mejor valorada en Ottawa, Ontario.","inLanguage":"es","potentialAction":[{"@type":"ReadAction","target":["https:\/\/cleanster.com\/airbnb-cleaning-services-ca-ontario-ottawa\/"]}]},{"@type":"WebSite","@id":"https:\/\/cleanster.com\/#website","url":"https:\/\/cleanster.com\/","name":"Cleanster | Servicios de limpieza y limpieza cerca de ti","description":"Encuentra y reserva al instante limpiadores de confianza para casas, apartamentos, Airbnb y oficinas. Cleanster ofrece servicios de limpieza dom\u00e9stica, limpieza del hogar y limpieza comercial a precios accesibles cerca de ti.","publisher":{"@id":"https:\/\/cleanster.com\/#organization"},"alternateName":"Cleanster | Cleaning, Maid & Housekeeping Services for Everyone","potentialAction":[{"@type":"SearchAction","target":{"@type":"EntryPoint","urlTemplate":"https:\/\/cleanster.com\/?s={search_term_string}"},"query-input":{"@type":"PropertyValueSpecification","valueRequired":true,"valueName":"search_term_string"}}],"inLanguage":"es"},{"@type":"Organization","@id":"https:\/\/cleanster.com\/#organization","name":"Limpiador","alternateName":"Cleanster.com","url":"https:\/\/cleanster.com\/","logo":{"@type":"ImageObject","inLanguage":"es","@id":"https:\/\/cleanster.com\/#\/schema\/logo\/image\/","url":"https:\/\/cleanster.com\/wp-content\/uploads\/2025\/06\/Cleanster-Logo-1.svg","contentUrl":"https:\/\/cleanster.com\/wp-content\/uploads\/2025\/06\/Cleanster-Logo-1.svg","width":1,"height":1,"caption":"Cleanster"},"image":{"@id":"https:\/\/cleanster.com\/#\/schema\/logo\/image\/"},"sameAs":["https:\/\/www.facebook.com\/cleansterhq","https:\/\/x.com\/cleansterhq","https:\/\/www.linkedin.com\/company\/cleansterhq","https:\/\/www.instagram.com\/cleansterhq","https:\/\/vm.tiktok.com\/ZM8vHmcuo\/","https:\/\/www.clubhouse.com\/club\/cleanstercom"],"description":"Cleanster es una plataforma de servicios de limpieza con inteligencia artificial que conecta a anfitriones, administradores de propiedades y clientes comerciales de Airbnb con limpiadores verificados y a demanda. Ofrecemos servicios de limpieza de apartamentos, casas, Airbnb, comercios y conserjer\u00eda. Con una red de m\u00e1s de 100,000 profesionales en EE. UU., Canad\u00e1 y el Reino Unido, Cleanster ofrece una limpieza r\u00e1pida, confiable y tecnol\u00f3gica a gran escala.","email":"support@cleanster.com","telephone":"+1 (888) 788-2445","legalName":"Cleanster, Inc.","foundingDate":"2019-05-06","duns":"118328526","naics":"541511","numberOfEmployees":{"@type":"QuantitativeValue","minValue":"11","maxValue":"50"}}]}},"_links":{"self":[{"href":"https:\/\/cleanster.com\/es\/wp-json\/wp\/v2\/pages\/20096","targetHints":{"allow":["GET"]}}],"collection":[{"href":"https:\/\/cleanster.com\/es\/wp-json\/wp\/v2\/pages"}],"about":[{"href":"https:\/\/cleanster.com\/es\/wp-json\/wp\/v2\/types\/page"}],"author":[{"embeddable":true,"href":"https:\/\/cleanster.com\/es\/wp-json\/wp\/v2\/users\/2"}],"replies":[{"embeddable":true,"href":"https:\/\/cleanster.com\/es\/wp-json\/wp\/v2\/comments?post=20096"}],"version-history":[{"count":0,"href":"https:\/\/cleanster.com\/es\/wp-json\/wp\/v2\/pages\/20096\/revisions"}],"wp:attachment":[{"href":"https:\/\/cleanster.com\/es\/wp-json\/wp\/v2\/media?parent=20096"}],"curies":[{"name":"gracias","href":"https:\/\/api.w.org\/{rel}","templated":true}]}}