{"id":2321,"date":"2023-09-01T00:56:15","date_gmt":"2023-09-01T00:56:15","guid":{"rendered":"https:\/\/cleanster.com\/?page_id=2321"},"modified":"2023-12-28T04:30:43","modified_gmt":"2023-12-28T04:30:43","slug":"la-mejor-aplicacion-de-limpieza-de-airbnb-en-auburndale-florida-cleanster","status":"publish","type":"page","link":"https:\/\/cleanster.com\/es\/la-mejor-aplicacion-de-limpieza-de-airbnb-en-auburndale-florida-cleanster\/","title":{"rendered":"The Best Airbnb cleaning app in Auburndale, Florida &#8211; Cleanster"},"content":{"rendered":"<h2><span style=\"font-weight: 400; color: #ffffff;\">Aplicaci\u00f3n para el servicio de limpieza de Airbnb en Auburndale, Florida<\/span><\/h2>\n<p><span style=\"color: #ffffff;\"><span style=\"font-weight: 400;\">Mant\u00e9n tu propiedad limpia y organizada para que puedas aumentar la calificaci\u00f3n o rese\u00f1a de tus clientes usando nuestra aplicaci\u00f3n de limpieza de Airbnb. <a style=\"color: #ffffff;\" href=\"https:\/\/en.wikipedia.org\/wiki\/Auburndale,_Florida\">Auburndale, Florida<\/a><\/span><b>. <\/b><span style=\"font-weight: 400;\">Utilizando el<\/span><a style=\"color: #ffffff;\" href=\"https:\/\/cleanster.com\/str\"> <span style=\"font-weight: 400;\">Aplicaci\u00f3n limpiadora<\/span><\/a><span style=\"font-weight: 400;\"> Para la aplicaci\u00f3n de limpieza de Airbnb, puede obtener una limpieza excelente y de nivel profesional para su alojamiento para garantizar que sus clientes est\u00e9n satisfechos con su profesionalismo como anfitri\u00f3n. Como empresario o propietario de una vivienda, iniciar su negocio con la<\/span><a style=\"color: #ffffff;\" href=\"https:\/\/cleanster.com\/str\"> <span style=\"font-weight: 400;\">Limpiador<\/span><\/a><span style=\"font-weight: 400;\"> lo beneficiar\u00eda y puede ser una buena opci\u00f3n para su negocio. El<\/span><a style=\"color: #ffffff;\" href=\"https:\/\/cleanster.com\/str\"> <span style=\"font-weight: 400;\">Limpiador<\/span><\/a><b> La aplicaci\u00f3n facilita las cosas y mantiene todo profesional. <\/b><span style=\"font-weight: 400;\">Ahora estamos sirviendo a todo<\/span> <a style=\"color: #ffffff;\" href=\"https:\/\/en.wikipedia.org\/wiki\/Auburndale,_Florida\">Auburndale, Florida.<\/a><\/span><\/p>\n<p><span style=\"color: #ffffff;\"><span style=\"font-weight: 400;\">Entonces, si est\u00e1 buscando limpieza de Airbnb en Auburndale, Florida<\/span><b>.<\/b><span style=\"font-weight: 400;\"> No lo dudes.<\/span><\/span><\/p>\n<h2><span style=\"font-weight: 400; color: #ffffff;\">La mejor aplicaci\u00f3n de limpieza de Airbnb en Auburndale, Florida<\/span><\/h2>\n<p><span style=\"color: #ffffff;\"><b>El trabajo de limpieza de Airbnb<\/b><span style=\"font-weight: 400;\"> es limpiar su propiedad utilizando productos y procesos de limpieza \u00fanicos.<\/span><\/span><\/p>\n<p><span style=\"font-weight: 400; color: #ffffff;\">Le ayudar\u00e1 a mantenerse al d\u00eda con la programaci\u00f3n.<\/span><\/p>\n<p><span style=\"font-weight: 400; color: #ffffff;\">\u00a0Puede realizar inspecciones m\u00f3viles de propiedades para ahorrar tiempo a los administradores de propiedades en alquileres vacacionales.\u00a0<\/span><\/p>\n<p><span style=\"font-weight: 400; color: #ffffff;\">Puede incorporar sus \u00edconos de estado para realizar un seguimiento de notas, fotos, registros VIP y salidas tard\u00edas.<\/span><\/p>\n<p><span style=\"font-weight: 400; color: #ffffff;\">Facilite las cosas a las empresas de limpieza y de administraci\u00f3n de propiedades.<\/span><\/p>\n<h2><span style=\"font-weight: 400; color: #ffffff;\">Aplicaci\u00f3n Calendario de limpieza Cleanster<\/span><\/h2>\n<p><span style=\"color: #ffffff;\"><span style=\"font-weight: 400;\">Si no desea enviar su calendario por correo electr\u00f3nico al limpiador para evitar escribir fechas y actualizar, pruebe la<\/span><a style=\"color: #ffffff;\" href=\"https:\/\/cleanster.com\/str\"> <span style=\"font-weight: 400;\">Limpiador<\/span><\/a><span style=\"font-weight: 400;\">. Cleanster te ayudar\u00e1 a sincronizar con tu cuenta de Airbnb. Con nuestra aplicaci\u00f3n de Airbnb, puedes usar im\u00e1genes para que el limpiador sepa qu\u00e9 buscar y envi\u00e1rselas. Env\u00ede el enlace de su calendario de Airbnb a su limpiador para conocer las fechas de reserva.<\/span><\/span><\/p>\n<h2><span style=\"font-weight: 400; color: #ffffff;\">Lista de verificaci\u00f3n de limpieza de Airbnb<\/span><\/h2>\n<p><span style=\"font-weight: 400; color: #ffffff;\">Nuestros limpiadores profesionales limpiar\u00e1n y desinfectar\u00e1n profundamente cada mueble y dispositivo electr\u00f3nico, lavar\u00e1n y cambiar\u00e1n s\u00e1banas y toallas, har\u00e1n camas estilo hotel y limpiar\u00e1n profundamente la cocina y el ba\u00f1o. Barrer\u00e1n y trapear\u00e1n los pisos y aspirar\u00e1n las alfombras. Sacar la basura. Recarga art\u00edculos esenciales, art\u00edculos de tocador y espejos limpios y brillantes. Somos dedicados y tenemos mucho conocimiento para brindar resultados de limpieza de alta calidad.<\/span><\/p>","protected":false},"excerpt":{"rendered":"<p>App for Airbnb cleaning service in Auburndale, Florida Keep your property clean and organized so you can increase your client&#8217;s rating or review by using our Airbnb cleaning app in Auburndale, Florida. Using the Cleanster app for Airbnb cleaning app, you can get excellent and professional-grade cleaning for your place to ensure your customers are [&hellip;]<\/p>\n","protected":false},"author":2,"featured_media":0,"parent":0,"menu_order":0,"comment_status":"closed","ping_status":"closed","template":"templates\/str.php","meta":{"_acf_changed":false,"footnotes":""},"class_list":["post-2321","page","type-page","status-publish","hentry","entry"],"acf":[],"yoast_head":"<!-- This site is optimized with the Yoast SEO Premium plugin v26.5 (Yoast SEO v27.3) - https:\/\/yoast.com\/product\/yoast-seo-premium-wordpress\/ -->\n<title>The Best Airbnb cleaning app in Auburndale, Florida - Cleanster<\/title>\n<meta name=\"description\" content=\"Discover the ultimate solution for Airbnb hosts! Streamline your cleaning routine with the best Airbnb cleaning app in Auburndale, Florida.\" \/>\n<meta name=\"robots\" content=\"index, follow, max-snippet:-1, max-image-preview:large, max-video-preview:-1\" \/>\n<link rel=\"canonical\" href=\"https:\/\/cleanster.com\/es\/la-mejor-aplicacion-de-limpieza-de-airbnb-en-auburndale-florida-cleanster\/\" \/>\n<meta property=\"og:locale\" content=\"es_MX\" \/>\n<meta property=\"og:type\" content=\"article\" \/>\n<meta property=\"og:title\" content=\"The Best Airbnb cleaning app in Auburndale, Florida - Cleanster - Cleanster | Cleaning &amp; Maid Services Near You\" \/>\n<meta property=\"og:description\" content=\"Discover the ultimate solution for Airbnb hosts! Streamline your cleaning routine with the best Airbnb cleaning app in Auburndale, Florida.\" \/>\n<meta property=\"og:url\" content=\"https:\/\/cleanster.com\/es\/la-mejor-aplicacion-de-limpieza-de-airbnb-en-auburndale-florida-cleanster\/\" \/>\n<meta property=\"og:site_name\" content=\"Cleanster | Cleaning &amp; Maid Services Near You\" \/>\n<meta property=\"article:publisher\" content=\"https:\/\/www.facebook.com\/cleansterhq\" \/>\n<meta property=\"article:modified_time\" content=\"2023-12-28T04:30:43+00:00\" \/>\n<meta property=\"og:image\" content=\"https:\/\/cleanster.com\/wp-content\/uploads\/2023\/11\/card@3x.png\" \/>\n\t<meta property=\"og:image:width\" content=\"1170\" \/>\n\t<meta property=\"og:image:height\" content=\"763\" \/>\n\t<meta property=\"og:image:type\" content=\"image\/png\" \/>\n<meta name=\"twitter:card\" content=\"summary_large_image\" \/>\n<meta name=\"twitter:site\" content=\"@cleansterhq\" \/>\n<meta name=\"twitter:label1\" content=\"Tiempo de lectura\" \/>\n\t<meta name=\"twitter:data1\" content=\"2 minutos\" \/>\n<script type=\"application\/ld+json\" class=\"yoast-schema-graph\">{\"@context\":\"https:\\\/\\\/schema.org\",\"@graph\":[{\"@type\":\"WebPage\",\"@id\":\"https:\\\/\\\/cleanster.com\\\/the-best-airbnb-cleaning-app-in-auburndale-florida-cleanster\\\/\",\"url\":\"https:\\\/\\\/cleanster.com\\\/the-best-airbnb-cleaning-app-in-auburndale-florida-cleanster\\\/\",\"name\":\"The Best Airbnb cleaning app in Auburndale, Florida - Cleanster\",\"isPartOf\":{\"@id\":\"https:\\\/\\\/cleanster.com\\\/#website\"},\"datePublished\":\"2023-09-01T00:56:15+00:00\",\"dateModified\":\"2023-12-28T04:30:43+00:00\",\"description\":\"Discover the ultimate solution for Airbnb hosts! Streamline your cleaning routine with the best Airbnb cleaning app in Auburndale, Florida.\",\"inLanguage\":\"es\",\"potentialAction\":[{\"@type\":\"ReadAction\",\"target\":[\"https:\\\/\\\/cleanster.com\\\/the-best-airbnb-cleaning-app-in-auburndale-florida-cleanster\\\/\"]}]},{\"@type\":\"WebSite\",\"@id\":\"https:\\\/\\\/cleanster.com\\\/#website\",\"url\":\"https:\\\/\\\/cleanster.com\\\/\",\"name\":\"Cleanster | Cleaning & Maid Services Near You\",\"description\":\"Instantly find &amp; book trusted cleaners for homes, apartment, Airbnb, and offices. Cleanster offers affordable maid, housekeeping, and commercial cleaning services near you.\",\"publisher\":{\"@id\":\"https:\\\/\\\/cleanster.com\\\/#organization\"},\"alternateName\":\"Cleanster | Cleaning, Maid & Housekeeping Services for Everyone\",\"potentialAction\":[{\"@type\":\"SearchAction\",\"target\":{\"@type\":\"EntryPoint\",\"urlTemplate\":\"https:\\\/\\\/cleanster.com\\\/?s={search_term_string}\"},\"query-input\":{\"@type\":\"PropertyValueSpecification\",\"valueRequired\":true,\"valueName\":\"search_term_string\"}}],\"inLanguage\":\"es\"},{\"@type\":\"Organization\",\"@id\":\"https:\\\/\\\/cleanster.com\\\/#organization\",\"name\":\"Cleanster\",\"alternateName\":\"Cleanster.com\",\"url\":\"https:\\\/\\\/cleanster.com\\\/\",\"logo\":{\"@type\":\"ImageObject\",\"inLanguage\":\"es\",\"@id\":\"https:\\\/\\\/cleanster.com\\\/#\\\/schema\\\/logo\\\/image\\\/\",\"url\":\"https:\\\/\\\/cleanster.com\\\/wp-content\\\/uploads\\\/2025\\\/06\\\/Cleanster-Logo-1.svg\",\"contentUrl\":\"https:\\\/\\\/cleanster.com\\\/wp-content\\\/uploads\\\/2025\\\/06\\\/Cleanster-Logo-1.svg\",\"width\":1,\"height\":1,\"caption\":\"Cleanster\"},\"image\":{\"@id\":\"https:\\\/\\\/cleanster.com\\\/#\\\/schema\\\/logo\\\/image\\\/\"},\"sameAs\":[\"https:\\\/\\\/www.facebook.com\\\/cleansterhq\",\"https:\\\/\\\/x.com\\\/cleansterhq\",\"https:\\\/\\\/www.linkedin.com\\\/company\\\/cleansterhq\",\"https:\\\/\\\/www.instagram.com\\\/cleansterhq\",\"https:\\\/\\\/vm.tiktok.com\\\/ZM8vHmcuo\\\/\",\"https:\\\/\\\/www.clubhouse.com\\\/club\\\/cleanstercom\"],\"description\":\"Cleanster is an AI-powered cleaning services platform that connects Airbnb hosts, property managers, and commercial clients with vetted, on-demand cleaners. We offer apartment, house, Airbnb, commercial, and janitorial cleaning services. With a network of over 100,000 professionals across the US, Canada, and the UK, Cleanster delivers fast, reliable, and tech-enabled cleaning at scale.\",\"email\":\"support@cleanster.com\",\"telephone\":\"+1 (888) 788-2445\",\"legalName\":\"Cleanster, Inc.\",\"foundingDate\":\"2019-05-06\",\"duns\":\"118328526\",\"naics\":\"541511\",\"numberOfEmployees\":{\"@type\":\"QuantitativeValue\",\"minValue\":\"11\",\"maxValue\":\"50\"}}]}<\/script>\n<!-- \/ Yoast SEO Premium plugin. -->","yoast_head_json":{"title":"La mejor aplicaci\u00f3n de limpieza de Airbnb en Auburndale, Florida - Cleanster","description":"\u00a1Descubre la soluci\u00f3n definitiva para los anfitriones de Airbnb! Agiliza tu rutina de limpieza con la mejor aplicaci\u00f3n de limpieza de Airbnb en Auburndale, Florida.","robots":{"index":"index","follow":"follow","max-snippet":"max-snippet:-1","max-image-preview":"max-image-preview:large","max-video-preview":"max-video-preview:-1"},"canonical":"https:\/\/cleanster.com\/es\/la-mejor-aplicacion-de-limpieza-de-airbnb-en-auburndale-florida-cleanster\/","og_locale":"es_MX","og_type":"article","og_title":"The Best Airbnb cleaning app in Auburndale, Florida - Cleanster - Cleanster | Cleaning &amp; Maid Services Near You","og_description":"Discover the ultimate solution for Airbnb hosts! Streamline your cleaning routine with the best Airbnb cleaning app in Auburndale, Florida.","og_url":"https:\/\/cleanster.com\/es\/la-mejor-aplicacion-de-limpieza-de-airbnb-en-auburndale-florida-cleanster\/","og_site_name":"Cleanster | Cleaning &amp; Maid Services Near You","article_publisher":"https:\/\/www.facebook.com\/cleansterhq","article_modified_time":"2023-12-28T04:30:43+00:00","og_image":[{"width":1170,"height":763,"url":"https:\/\/cleanster.com\/wp-content\/uploads\/2023\/11\/card@3x.png","type":"image\/png"}],"twitter_card":"summary_large_image","twitter_site":"@cleansterhq","twitter_misc":{"Tiempo de lectura":"2 minutos"},"schema":{"@context":"https:\/\/schema.org","@graph":[{"@type":"WebPage","@id":"https:\/\/cleanster.com\/the-best-airbnb-cleaning-app-in-auburndale-florida-cleanster\/","url":"https:\/\/cleanster.com\/the-best-airbnb-cleaning-app-in-auburndale-florida-cleanster\/","name":"La mejor aplicaci\u00f3n de limpieza de Airbnb en Auburndale, Florida - Cleanster","isPartOf":{"@id":"https:\/\/cleanster.com\/#website"},"datePublished":"2023-09-01T00:56:15+00:00","dateModified":"2023-12-28T04:30:43+00:00","description":"\u00a1Descubre la soluci\u00f3n definitiva para los anfitriones de Airbnb! Agiliza tu rutina de limpieza con la mejor aplicaci\u00f3n de limpieza de Airbnb en Auburndale, Florida.","inLanguage":"es","potentialAction":[{"@type":"ReadAction","target":["https:\/\/cleanster.com\/the-best-airbnb-cleaning-app-in-auburndale-florida-cleanster\/"]}]},{"@type":"WebSite","@id":"https:\/\/cleanster.com\/#website","url":"https:\/\/cleanster.com\/","name":"Cleanster | Servicios de limpieza y limpieza cerca de ti","description":"Encuentra y reserva al instante limpiadores de confianza para casas, apartamentos, Airbnb y oficinas. Cleanster ofrece servicios de limpieza dom\u00e9stica, limpieza del hogar y limpieza comercial a precios accesibles cerca de ti.","publisher":{"@id":"https:\/\/cleanster.com\/#organization"},"alternateName":"Cleanster | Cleaning, Maid & Housekeeping Services for Everyone","potentialAction":[{"@type":"SearchAction","target":{"@type":"EntryPoint","urlTemplate":"https:\/\/cleanster.com\/?s={search_term_string}"},"query-input":{"@type":"PropertyValueSpecification","valueRequired":true,"valueName":"search_term_string"}}],"inLanguage":"es"},{"@type":"Organization","@id":"https:\/\/cleanster.com\/#organization","name":"Limpiador","alternateName":"Cleanster.com","url":"https:\/\/cleanster.com\/","logo":{"@type":"ImageObject","inLanguage":"es","@id":"https:\/\/cleanster.com\/#\/schema\/logo\/image\/","url":"https:\/\/cleanster.com\/wp-content\/uploads\/2025\/06\/Cleanster-Logo-1.svg","contentUrl":"https:\/\/cleanster.com\/wp-content\/uploads\/2025\/06\/Cleanster-Logo-1.svg","width":1,"height":1,"caption":"Cleanster"},"image":{"@id":"https:\/\/cleanster.com\/#\/schema\/logo\/image\/"},"sameAs":["https:\/\/www.facebook.com\/cleansterhq","https:\/\/x.com\/cleansterhq","https:\/\/www.linkedin.com\/company\/cleansterhq","https:\/\/www.instagram.com\/cleansterhq","https:\/\/vm.tiktok.com\/ZM8vHmcuo\/","https:\/\/www.clubhouse.com\/club\/cleanstercom"],"description":"Cleanster es una plataforma de servicios de limpieza con inteligencia artificial que conecta a anfitriones, administradores de propiedades y clientes comerciales de Airbnb con limpiadores verificados y a demanda. Ofrecemos servicios de limpieza de apartamentos, casas, Airbnb, comercios y conserjer\u00eda. Con una red de m\u00e1s de 100,000 profesionales en EE. UU., Canad\u00e1 y el Reino Unido, Cleanster ofrece una limpieza r\u00e1pida, confiable y tecnol\u00f3gica a gran escala.","email":"support@cleanster.com","telephone":"+1 (888) 788-2445","legalName":"Cleanster, Inc.","foundingDate":"2019-05-06","duns":"118328526","naics":"541511","numberOfEmployees":{"@type":"QuantitativeValue","minValue":"11","maxValue":"50"}}]}},"_links":{"self":[{"href":"https:\/\/cleanster.com\/es\/wp-json\/wp\/v2\/pages\/2321","targetHints":{"allow":["GET"]}}],"collection":[{"href":"https:\/\/cleanster.com\/es\/wp-json\/wp\/v2\/pages"}],"about":[{"href":"https:\/\/cleanster.com\/es\/wp-json\/wp\/v2\/types\/page"}],"author":[{"embeddable":true,"href":"https:\/\/cleanster.com\/es\/wp-json\/wp\/v2\/users\/2"}],"replies":[{"embeddable":true,"href":"https:\/\/cleanster.com\/es\/wp-json\/wp\/v2\/comments?post=2321"}],"version-history":[{"count":0,"href":"https:\/\/cleanster.com\/es\/wp-json\/wp\/v2\/pages\/2321\/revisions"}],"wp:attachment":[{"href":"https:\/\/cleanster.com\/es\/wp-json\/wp\/v2\/media?parent=2321"}],"curies":[{"name":"gracias","href":"https:\/\/api.w.org\/{rel}","templated":true}]}}