{"id":2392,"date":"2021-12-23T01:53:00","date_gmt":"2021-12-23T01:53:00","guid":{"rendered":"https:\/\/cleanster.com\/?page_id=1426"},"modified":"2025-07-18T16:47:55","modified_gmt":"2025-07-18T16:47:55","slug":"poderosas-integraciones-con-sistemas-pms-ical","status":"publish","type":"page","link":"https:\/\/cleanster.com\/es\/poderosas-integraciones-con-sistemas-pms-ical\/","title":{"rendered":"Potentes integraciones con sistemas PMS e iCal"},"content":{"rendered":"<p><span style=\"color: #ffffff;\">En el din\u00e1mico mundo de los servicios de limpieza, la eficiencia y la coordinaci\u00f3n son claves. <a style=\"color: #ffffff;\" href=\"https:\/\/cleanster.com\/\">Limpiador.com<\/a>, una plataforma l\u00edder en la prestaci\u00f3n de servicios de limpieza accesibles y el empoderamiento de los profesionales del servicio, est\u00e1 dando un importante paso adelante al integrarse con <a style=\"color: #ffffff;\" href=\"https:\/\/www.doorloop.com\/blog\/property-management-system\">Sistemas de gesti\u00f3n de propiedades<\/a> (PMS) e iCalendar (iCal). Este avance agiliza las operaciones y garantiza una programaci\u00f3n y gesti\u00f3n sin inconvenientes tanto para los proveedores de servicios como para los clientes.<\/span><\/p>\n<h2><span style=\"color: #ffffff;\"><strong>Sincronizaci\u00f3n perfecta con el sistema PMS<\/strong><\/span><\/h2>\n<h3><span style=\"color: #ffffff;\"><strong>1. Mayor coordinaci\u00f3n:<\/strong><\/span><\/h3>\n<p><span style=\"color: #ffffff;\">La integraci\u00f3n con PMS permite una coordinaci\u00f3n sin igual entre los administradores de propiedades y los equipos de limpieza. Al vincular directamente la plataforma de Cleanster.com con PMS, la programaci\u00f3n se vuelve m\u00e1s eficiente, lo que reduce la probabilidad de reservas duplicadas o conflictos de programaci\u00f3n.<\/span><\/p>\n<h3><span style=\"color: #ffffff;\"><strong>2. Actualizaciones de disponibilidad en tiempo real:<\/strong><\/span><\/h3>\n<p><span style=\"color: #ffffff;\">A medida que se realizan o modifican las reservas dentro del PMS, Cleanster.com las actualiza en tiempo real. Esta funci\u00f3n garantiza que los profesionales de la limpieza est\u00e9n siempre informados, lo que les permite planificar sus horarios de manera eficaz y evitar las prisas de \u00faltimo momento.<\/span><\/p>\n<h3><span style=\"color: #ffffff;\"><strong>3. Operaciones optimizadas:<\/strong><\/span><\/h3>\n<p><span style=\"color: #ffffff;\">Esta integraci\u00f3n simplifica el proceso de gesti\u00f3n para los administradores de propiedades. Con horarios de limpieza vinculados directamente a las entradas y salidas de los hu\u00e9spedes, garantiza que las propiedades est\u00e9n siempre listas y sean acogedoras, mejorando as\u00ed la experiencia de los hu\u00e9spedes.<\/span><\/p>\n<h2><span style=\"color: #ffffff;\"><strong>Integraci\u00f3n de iCal para una mayor accesibilidad<\/strong><\/span><\/h2>\n<h3><span style=\"color: #ffffff;\"><strong>1. Compatibilidad con calendario universal:<\/strong><\/span><\/h3>\n<p><span style=\"color: #ffffff;\">Al integrarse con iCal, Cleanster.com ampl\u00eda su accesibilidad. Los usuarios pueden sincronizar sus cronogramas de limpieza con pr\u00e1cticamente cualquier calendario digital, ya sea Google Calendar, Outlook o Apple Calendar, lo que brinda flexibilidad y facilidad de uso.<\/span><\/p>\n<h3><span style=\"color: #ffffff;\"><strong>2. Programaci\u00f3n simplificada:<\/strong><\/span><\/h3>\n<p><span style=\"color: #ffffff;\">Esta integraci\u00f3n significa que los administradores de propiedades y los profesionales de la limpieza pueden ver y administrar sus horarios en el formato que les resulte m\u00e1s c\u00f3modo. Reduce la curva de aprendizaje y la necesidad de contar con varios sistemas de calendario.<\/span><\/p>\n<h3><span style=\"color: #ffffff;\"><strong>3. Comunicaci\u00f3n mejorada:<\/strong><\/span><\/h3>\n<p><span style=\"color: #ffffff;\">Con la integraci\u00f3n de iCal, se pueden configurar recordatorios y notificaciones sobre citas de limpieza para garantizar que no se pase por alto ning\u00fan detalle. Este nivel de comunicaci\u00f3n es crucial para mantener altos est\u00e1ndares de prestaci\u00f3n de servicios.<\/span><\/p>\n<h1><span style=\"color: #ffffff;\">Cleanster.com: mejora de las operaciones de limpieza con integraciones potentes con sistemas PMS e iCal<\/span><\/h1>\n<p><span style=\"color: #ffffff;\">En el din\u00e1mico mundo de los servicios de limpieza, la eficiencia y la coordinaci\u00f3n son fundamentales. Cleanster.com, una plataforma l\u00edder en la prestaci\u00f3n de servicios de limpieza accesibles y el empoderamiento de los profesionales de servicios, est\u00e1 dando un gran paso adelante al integrarse con los sistemas de gesti\u00f3n de propiedades (PMS) e iCalendar (iCal). Este avance agiliza las operaciones, lo que garantiza una programaci\u00f3n y una gesti\u00f3n sin problemas tanto para los proveedores de servicios como para los clientes.<\/span><\/p>\n<h2><span style=\"color: #ffffff;\"><strong>Sincronizaci\u00f3n perfecta con los sistemas de gesti\u00f3n de propiedades<\/strong><\/span><\/h2>\n<h3><span style=\"color: #ffffff;\"><strong>1. Mayor coordinaci\u00f3n:<\/strong><\/span><\/h3>\n<p><span style=\"color: #ffffff;\">La integraci\u00f3n con PMS permite una coordinaci\u00f3n sin igual entre los administradores de propiedades y los equipos de limpieza. Al vincular directamente la plataforma de Cleanster.com con PMS, la programaci\u00f3n se vuelve m\u00e1s eficiente, lo que reduce la probabilidad de reservas duplicadas o conflictos de programaci\u00f3n.<\/span><\/p>\n<h3><span style=\"color: #ffffff;\"><strong>2. Actualizaciones de disponibilidad en tiempo real:<\/strong><\/span><\/h3>\n<p><span style=\"color: #ffffff;\">A medida que se realizan o modifican las reservas dentro del PMS, Cleanster.com las actualiza en tiempo real. Esta funci\u00f3n garantiza que los profesionales de la limpieza est\u00e9n siempre informados, lo que les permite planificar sus horarios de manera eficaz y evitar las prisas de \u00faltimo momento.<\/span><\/p>\n<h3><span style=\"color: #ffffff;\"><strong>3. Operaciones optimizadas:<\/strong><\/span><\/h3>\n<p><span style=\"color: #ffffff;\">Esta integraci\u00f3n simplifica el proceso de gesti\u00f3n para los administradores de propiedades. Con horarios de limpieza vinculados directamente a las entradas y salidas de los hu\u00e9spedes, garantiza que las propiedades est\u00e9n siempre listas y sean acogedoras, mejorando as\u00ed la experiencia de los hu\u00e9spedes.<\/span><\/p>\n<h2><span style=\"color: #ffffff;\"><strong>Integraci\u00f3n de iCal para una mayor accesibilidad<\/strong><\/span><\/h2>\n<h3><span style=\"color: #ffffff;\"><strong>1. Compatibilidad con calendario universal:<\/strong><\/span><\/h3>\n<p><span style=\"color: #ffffff;\">Al integrarse con iCal, Cleanster.com ampl\u00eda su accesibilidad. Los usuarios pueden sincronizar sus cronogramas de limpieza con pr\u00e1cticamente cualquier calendario digital, ya sea Google Calendar, Outlook o Apple Calendar, lo que brinda flexibilidad y facilidad de uso.<\/span><\/p>\n<h3><span style=\"color: #ffffff;\"><strong>2. Programaci\u00f3n simplificada:<\/strong><\/span><\/h3>\n<p><span style=\"color: #ffffff;\">Esta integraci\u00f3n significa que los administradores de propiedades y los profesionales de la limpieza pueden ver y administrar sus horarios en el formato que les resulte m\u00e1s c\u00f3modo. Reduce la curva de aprendizaje y la necesidad de contar con varios sistemas de calendario.<\/span><\/p>\n<h3><span style=\"color: #ffffff;\"><strong>3. Comunicaci\u00f3n mejorada:<\/strong><\/span><\/h3>\n<p><span style=\"color: #ffffff;\">Con la integraci\u00f3n de iCal, se pueden configurar recordatorios y notificaciones sobre citas de limpieza para garantizar que no se pase por alto ning\u00fan detalle. Este nivel de comunicaci\u00f3n es crucial para mantener altos est\u00e1ndares de prestaci\u00f3n de servicios.<\/span><\/p>\n<h2><span style=\"color: #ffffff;\"><strong>Beneficios para profesionales de servicios y administradores de propiedades<\/strong><\/span><\/h2>\n<h3><span style=\"color: #ffffff;\"><strong>1. Mayor productividad:<\/strong><\/span><\/h3>\n<p><span style=\"color: #ffffff;\">Para los profesionales de la limpieza, estas integraciones suponen menos tiempo dedicado a tareas administrativas y m\u00e1s tiempo dedicado a los servicios de limpieza propiamente dichos. Esta eficiencia se traduce en una mayor productividad y la capacidad de asumir m\u00e1s trabajo.<\/span><\/p>\n<h3><span style=\"color: #ffffff;\"><strong>2. Mayor satisfacci\u00f3n:<\/strong><\/span><\/h3>\n<p><span style=\"color: #ffffff;\">Los administradores de propiedades se benefician de un proceso simplificado, lo que genera una mayor satisfacci\u00f3n de los hu\u00e9spedes. Una propiedad bien mantenida es esencial en la industria hotelera, y estas integraciones garantizan que se cumplan constantemente los est\u00e1ndares de limpieza.<\/span><\/p>\n<h3><span style=\"color: #ffffff;\"><strong>3. Ventaja competitiva:<\/strong><\/span><\/h3>\n<p><span style=\"color: #ffffff;\">En un mercado en el que la eficiencia y la fiabilidad son fundamentales, estas integraciones ofrecen una ventaja competitiva. Las propiedades que utilizan los servicios integrados de Cleanster.com pueden garantizar a sus hu\u00e9spedes unos est\u00e1ndares impecables.<\/span><\/p>\n<h2><span style=\"color: #ffffff;\"><strong>Conclusi\u00f3n: Estableciendo nuevos est\u00e1ndares en los servicios de limpieza<\/strong><\/span><\/h2>\n<p><span style=\"color: #ffffff;\">La integraci\u00f3n de Cleanster.com con PMS e iCal es m\u00e1s que una simple actualizaci\u00f3n t\u00e9cnica: es un compromiso con la excelencia y la comodidad en la industria de la limpieza. Al aprovechar el poder de estas integraciones, Cleanster.com est\u00e1 estableciendo nuevos est\u00e1ndares en eficiencia y confiabilidad del servicio, consolidando a\u00fan m\u00e1s su posici\u00f3n como l\u00edder en el sector de servicios de limpieza.<\/span><\/p>","protected":false},"excerpt":{"rendered":"<p>In the dynamic world of cleaning services, efficiency and coordination are key. Cleanster.com, a leading platform in providing accessible cleaning services and empowering service professionals, is taking a significant leap forward by integrating with Property Management Systems (PMS) and iCalendar (iCal). This advancement streamlines operations, ensuring seamless scheduling and management for both service providers and [&hellip;]<\/p>\n","protected":false},"author":1,"featured_media":0,"parent":0,"menu_order":0,"comment_status":"closed","ping_status":"closed","template":"templates\/rental.php","meta":{"_acf_changed":false,"footnotes":""},"class_list":["post-2392","page","type-page","status-publish","hentry","entry"],"acf":[],"yoast_head":"<!-- This site is optimized with the Yoast SEO Premium plugin v26.5 (Yoast SEO v27.3) - https:\/\/yoast.com\/product\/yoast-seo-premium-wordpress\/ -->\n<title>Powerful Integrations with Property Management Systems &amp; iCal<\/title>\n<meta name=\"description\" content=\"Our Property Management System automatically syncs your property details and reservation, which makes it easy for you\" \/>\n<meta name=\"robots\" content=\"index, follow, max-snippet:-1, max-image-preview:large, max-video-preview:-1\" \/>\n<link rel=\"canonical\" href=\"https:\/\/cleanster.com\/es\/poderosas-integraciones-con-sistemas-pms-ical\/\" \/>\n<meta property=\"og:locale\" content=\"es_MX\" \/>\n<meta property=\"og:type\" content=\"article\" \/>\n<meta property=\"og:title\" content=\"Powerful Integrations with PMS Systems &amp; iCal - Cleanster | Cleaning &amp; Maid Services Near You\" \/>\n<meta property=\"og:description\" content=\"Our Property Management System automatically syncs your property details and reservation, which makes it easy for you\" \/>\n<meta property=\"og:url\" content=\"https:\/\/cleanster.com\/es\/poderosas-integraciones-con-sistemas-pms-ical\/\" \/>\n<meta property=\"og:site_name\" content=\"Cleanster | Cleaning &amp; Maid Services Near You\" \/>\n<meta property=\"article:publisher\" content=\"https:\/\/www.facebook.com\/cleansterhq\" \/>\n<meta property=\"article:modified_time\" content=\"2025-07-18T16:47:55+00:00\" \/>\n<meta property=\"og:image\" content=\"https:\/\/cleanster.com\/wp-content\/uploads\/2023\/11\/card@3x.png\" \/>\n\t<meta property=\"og:image:width\" content=\"1170\" \/>\n\t<meta property=\"og:image:height\" content=\"763\" \/>\n\t<meta property=\"og:image:type\" content=\"image\/png\" \/>\n<meta name=\"twitter:card\" content=\"summary_large_image\" \/>\n<meta name=\"twitter:site\" content=\"@cleansterhq\" \/>\n<meta name=\"twitter:label1\" content=\"Tiempo de lectura\" \/>\n\t<meta name=\"twitter:data1\" content=\"4 minutos\" \/>\n<script type=\"application\/ld+json\" class=\"yoast-schema-graph\">{\"@context\":\"https:\\\/\\\/schema.org\",\"@graph\":[{\"@type\":\"WebPage\",\"@id\":\"https:\\\/\\\/cleanster.com\\\/powerful-integrations-with-pms-systems-ical\\\/\",\"url\":\"https:\\\/\\\/cleanster.com\\\/powerful-integrations-with-pms-systems-ical\\\/\",\"name\":\"Powerful Integrations with Property Management Systems & iCal\",\"isPartOf\":{\"@id\":\"https:\\\/\\\/cleanster.com\\\/#website\"},\"datePublished\":\"2021-12-23T01:53:00+00:00\",\"dateModified\":\"2025-07-18T16:47:55+00:00\",\"description\":\"Our Property Management System automatically syncs your property details and reservation, which makes it easy for you\",\"inLanguage\":\"es\",\"potentialAction\":[{\"@type\":\"ReadAction\",\"target\":[\"https:\\\/\\\/cleanster.com\\\/powerful-integrations-with-pms-systems-ical\\\/\"]}]},{\"@type\":\"WebSite\",\"@id\":\"https:\\\/\\\/cleanster.com\\\/#website\",\"url\":\"https:\\\/\\\/cleanster.com\\\/\",\"name\":\"Cleanster | Cleaning & Maid Services Near You\",\"description\":\"Instantly find &amp; book trusted cleaners for homes, apartment, Airbnb, and offices. Cleanster offers affordable maid, housekeeping, and commercial cleaning services near you.\",\"publisher\":{\"@id\":\"https:\\\/\\\/cleanster.com\\\/#organization\"},\"alternateName\":\"Cleanster | Cleaning, Maid & Housekeeping Services for Everyone\",\"potentialAction\":[{\"@type\":\"SearchAction\",\"target\":{\"@type\":\"EntryPoint\",\"urlTemplate\":\"https:\\\/\\\/cleanster.com\\\/?s={search_term_string}\"},\"query-input\":{\"@type\":\"PropertyValueSpecification\",\"valueRequired\":true,\"valueName\":\"search_term_string\"}}],\"inLanguage\":\"es\"},{\"@type\":\"Organization\",\"@id\":\"https:\\\/\\\/cleanster.com\\\/#organization\",\"name\":\"Cleanster\",\"alternateName\":\"Cleanster.com\",\"url\":\"https:\\\/\\\/cleanster.com\\\/\",\"logo\":{\"@type\":\"ImageObject\",\"inLanguage\":\"es\",\"@id\":\"https:\\\/\\\/cleanster.com\\\/#\\\/schema\\\/logo\\\/image\\\/\",\"url\":\"https:\\\/\\\/cleanster.com\\\/wp-content\\\/uploads\\\/2025\\\/06\\\/Cleanster-Logo-1.svg\",\"contentUrl\":\"https:\\\/\\\/cleanster.com\\\/wp-content\\\/uploads\\\/2025\\\/06\\\/Cleanster-Logo-1.svg\",\"width\":1,\"height\":1,\"caption\":\"Cleanster\"},\"image\":{\"@id\":\"https:\\\/\\\/cleanster.com\\\/#\\\/schema\\\/logo\\\/image\\\/\"},\"sameAs\":[\"https:\\\/\\\/www.facebook.com\\\/cleansterhq\",\"https:\\\/\\\/x.com\\\/cleansterhq\",\"https:\\\/\\\/www.linkedin.com\\\/company\\\/cleansterhq\",\"https:\\\/\\\/www.instagram.com\\\/cleansterhq\",\"https:\\\/\\\/vm.tiktok.com\\\/ZM8vHmcuo\\\/\",\"https:\\\/\\\/www.clubhouse.com\\\/club\\\/cleanstercom\"],\"description\":\"Cleanster is an AI-powered cleaning services platform that connects Airbnb hosts, property managers, and commercial clients with vetted, on-demand cleaners. We offer apartment, house, Airbnb, commercial, and janitorial cleaning services. With a network of over 100,000 professionals across the US, Canada, and the UK, Cleanster delivers fast, reliable, and tech-enabled cleaning at scale.\",\"email\":\"support@cleanster.com\",\"telephone\":\"+1 (888) 788-2445\",\"legalName\":\"Cleanster, Inc.\",\"foundingDate\":\"2019-05-06\",\"duns\":\"118328526\",\"naics\":\"541511\",\"numberOfEmployees\":{\"@type\":\"QuantitativeValue\",\"minValue\":\"11\",\"maxValue\":\"50\"}}]}<\/script>\n<!-- \/ Yoast SEO Premium plugin. -->","yoast_head_json":{"title":"Potentes integraciones con sistemas de gesti\u00f3n de propiedades e iCal","description":"Nuestro sistema de gesti\u00f3n de propiedades sincroniza autom\u00e1ticamente los detalles y la reserva de su propiedad, lo que le facilita las cosas","robots":{"index":"index","follow":"follow","max-snippet":"max-snippet:-1","max-image-preview":"max-image-preview:large","max-video-preview":"max-video-preview:-1"},"canonical":"https:\/\/cleanster.com\/es\/poderosas-integraciones-con-sistemas-pms-ical\/","og_locale":"es_MX","og_type":"article","og_title":"Powerful Integrations with PMS Systems & iCal - Cleanster | Cleaning &amp; Maid Services Near You","og_description":"Our Property Management System automatically syncs your property details and reservation, which makes it easy for you","og_url":"https:\/\/cleanster.com\/es\/poderosas-integraciones-con-sistemas-pms-ical\/","og_site_name":"Cleanster | Cleaning &amp; Maid Services Near You","article_publisher":"https:\/\/www.facebook.com\/cleansterhq","article_modified_time":"2025-07-18T16:47:55+00:00","og_image":[{"width":1170,"height":763,"url":"https:\/\/cleanster.com\/wp-content\/uploads\/2023\/11\/card@3x.png","type":"image\/png"}],"twitter_card":"summary_large_image","twitter_site":"@cleansterhq","twitter_misc":{"Tiempo de lectura":"4 minutos"},"schema":{"@context":"https:\/\/schema.org","@graph":[{"@type":"WebPage","@id":"https:\/\/cleanster.com\/powerful-integrations-with-pms-systems-ical\/","url":"https:\/\/cleanster.com\/powerful-integrations-with-pms-systems-ical\/","name":"Potentes integraciones con sistemas de gesti\u00f3n de propiedades e iCal","isPartOf":{"@id":"https:\/\/cleanster.com\/#website"},"datePublished":"2021-12-23T01:53:00+00:00","dateModified":"2025-07-18T16:47:55+00:00","description":"Nuestro sistema de gesti\u00f3n de propiedades sincroniza autom\u00e1ticamente los detalles y la reserva de su propiedad, lo que le facilita las cosas","inLanguage":"es","potentialAction":[{"@type":"ReadAction","target":["https:\/\/cleanster.com\/powerful-integrations-with-pms-systems-ical\/"]}]},{"@type":"WebSite","@id":"https:\/\/cleanster.com\/#website","url":"https:\/\/cleanster.com\/","name":"Cleanster | Servicios de limpieza y limpieza cerca de ti","description":"Encuentra y reserva al instante limpiadores de confianza para casas, apartamentos, Airbnb y oficinas. Cleanster ofrece servicios de limpieza dom\u00e9stica, limpieza del hogar y limpieza comercial a precios accesibles cerca de ti.","publisher":{"@id":"https:\/\/cleanster.com\/#organization"},"alternateName":"Cleanster | Cleaning, Maid & Housekeeping Services for Everyone","potentialAction":[{"@type":"SearchAction","target":{"@type":"EntryPoint","urlTemplate":"https:\/\/cleanster.com\/?s={search_term_string}"},"query-input":{"@type":"PropertyValueSpecification","valueRequired":true,"valueName":"search_term_string"}}],"inLanguage":"es"},{"@type":"Organization","@id":"https:\/\/cleanster.com\/#organization","name":"Limpiador","alternateName":"Cleanster.com","url":"https:\/\/cleanster.com\/","logo":{"@type":"ImageObject","inLanguage":"es","@id":"https:\/\/cleanster.com\/#\/schema\/logo\/image\/","url":"https:\/\/cleanster.com\/wp-content\/uploads\/2025\/06\/Cleanster-Logo-1.svg","contentUrl":"https:\/\/cleanster.com\/wp-content\/uploads\/2025\/06\/Cleanster-Logo-1.svg","width":1,"height":1,"caption":"Cleanster"},"image":{"@id":"https:\/\/cleanster.com\/#\/schema\/logo\/image\/"},"sameAs":["https:\/\/www.facebook.com\/cleansterhq","https:\/\/x.com\/cleansterhq","https:\/\/www.linkedin.com\/company\/cleansterhq","https:\/\/www.instagram.com\/cleansterhq","https:\/\/vm.tiktok.com\/ZM8vHmcuo\/","https:\/\/www.clubhouse.com\/club\/cleanstercom"],"description":"Cleanster es una plataforma de servicios de limpieza con inteligencia artificial que conecta a anfitriones, administradores de propiedades y clientes comerciales de Airbnb con limpiadores verificados y a demanda. Ofrecemos servicios de limpieza de apartamentos, casas, Airbnb, comercios y conserjer\u00eda. Con una red de m\u00e1s de 100,000 profesionales en EE. UU., Canad\u00e1 y el Reino Unido, Cleanster ofrece una limpieza r\u00e1pida, confiable y tecnol\u00f3gica a gran escala.","email":"support@cleanster.com","telephone":"+1 (888) 788-2445","legalName":"Cleanster, Inc.","foundingDate":"2019-05-06","duns":"118328526","naics":"541511","numberOfEmployees":{"@type":"QuantitativeValue","minValue":"11","maxValue":"50"}}]}},"_links":{"self":[{"href":"https:\/\/cleanster.com\/es\/wp-json\/wp\/v2\/pages\/2392","targetHints":{"allow":["GET"]}}],"collection":[{"href":"https:\/\/cleanster.com\/es\/wp-json\/wp\/v2\/pages"}],"about":[{"href":"https:\/\/cleanster.com\/es\/wp-json\/wp\/v2\/types\/page"}],"author":[{"embeddable":true,"href":"https:\/\/cleanster.com\/es\/wp-json\/wp\/v2\/users\/1"}],"replies":[{"embeddable":true,"href":"https:\/\/cleanster.com\/es\/wp-json\/wp\/v2\/comments?post=2392"}],"version-history":[{"count":0,"href":"https:\/\/cleanster.com\/es\/wp-json\/wp\/v2\/pages\/2392\/revisions"}],"wp:attachment":[{"href":"https:\/\/cleanster.com\/es\/wp-json\/wp\/v2\/media?parent=2392"}],"curies":[{"name":"gracias","href":"https:\/\/api.w.org\/{rel}","templated":true}]}}