{"id":2716,"date":"2022-01-14T16:16:48","date_gmt":"2022-01-14T16:16:48","guid":{"rendered":"http:\/\/cleanster.com\/?page_id=2716"},"modified":"2025-10-10T00:33:43","modified_gmt":"2025-10-10T00:33:43","slug":"limpieza-de-la-casa","status":"publish","type":"page","link":"https:\/\/cleanster.com\/es\/limpieza-de-la-casa\/","title":{"rendered":"Limpieza de la casa"},"content":{"rendered":"<h2><span style=\"color: #000000;\"><b>Aplicaci\u00f3n para limpieza de casa\u00a0<\/b><\/span><\/h2>\n<p><span style=\"color: #000000;\"><span style=\"font-weight: 400;\">Un hogar es donde debes sentirte m\u00e1s a gusto, pero<\/span><\/span><span style=\"color: #000000;\"><span style=\"font-weight: 400;\">Nuestra apretada agenda probablemente limita tus opciones para limpiar tu espacio. No te preocupes, porque hay una aplicaci\u00f3n para eso: <\/span><span style=\"font-weight: 400;\">Nada supera a Cleanster, la aplicaci\u00f3n f\u00e1cil de usar que te conecta con limpiadores profesionales locales con tarifas asequibles.\u00a0<\/span><\/span><\/p>\n<p>Usar Cleanster para programar y limpiar su hogar le ahorra tiempo y le brinda tranquilidad al saber que el trabajo se realiza correctamente.<\/p>\n<h2><span style=\"color: #000000;\"><b>Lista de verificaci\u00f3n para la limpieza de la casa<\/b><\/span><\/h2>\n<p><span style=\"font-weight: 400; color: #000000;\">Eche un vistazo m\u00e1s de cerca a los servicios de limpieza profesionales de Cleanster.<\/span><\/p>\n<p><span style=\"font-weight: 400; color: #000000;\">Todas las habitaciones: aspirar, trapear y desinfectar todos los espacios.<\/span><\/p>\n<p><span style=\"font-weight: 400; color: #000000;\">Salas de estar: Limpieza del polvo y de superficies de madera y vidrio. Limpieza debajo de los cojines del sof\u00e1 y objetos decorativos.\u00a0<\/span><\/p>\n<p><span style=\"font-weight: 400; color: #000000;\">Cocinas: Limpieza h\u00fameda de frentes de armarios, mesas y sillas. Fregado, lavado y desinfecci\u00f3n de encimeras. Sacar la basura.\u00a0<\/span><\/p>\n<p><span style=\"font-weight: 400; color: #000000;\">Ba\u00f1os \u2013 Limpieza profunda y desinfecci\u00f3n de inodoros, tocadores, ba\u00f1eras, pisos y duchas.<\/span><\/p>\n<p><span style=\"font-weight: 400; color: #000000;\">Dormitorios: Hacer la cama, quitar el polvo, acomodar las almohadas y los peluches. Limpieza profunda de las superficies y debajo de la cama.\u00a0<\/span><\/p>\n<h2><span style=\"color: #000000;\"><b>La mejor aplicaci\u00f3n de limpieza de la casa<\/b><\/span><\/h2>\n<p><span style=\"font-weight: 400; color: #000000;\">La limpieza es nuestra prioridad, por lo que nos encargamos de que el resto sea f\u00e1cil y sencillo. Cleanster ofrece una amplia gama de servicios para satisfacer sus necesidades, desde la limpieza regular del hogar hasta la limpieza de Airbnb y la limpieza profunda para mudanzas. Nuestros limpiadores altamente cualificados son profesionales, amables y eficientes, y ofrecen...<\/span><span style=\"font-weight: 400; color: #000000;\">Resultados de limpieza excepcionales. Gracias a su amplia experiencia, contribuyen a reducir el impacto ambiental mediante el uso de herramientas y equipos especializados. Aqu\u00ed tienes algunas caracter\u00edsticas interesantes: <\/span><\/p>\n<ul>\n<li><span style=\"font-weight: 400; color: #000000;\">Usted s\u00f3lo paga por el servicio que solicita, lo que hace que el servicio sea rentable. <\/span><\/li>\n<li><span style=\"font-weight: 400; color: #000000;\">Puedes configurar un programa de limpieza usando la aplicaci\u00f3n<\/span><\/li>\n<li>Puedes dividir las tareas seg\u00fan tu cronograma.<\/li>\n<\/ul>\n<p><span style=\"color: #000000;\"><span style=\"font-weight: 400;\">El limpiador<\/span><a style=\"color: #000000;\" href=\"https:\/\/play.google.com\/store\/apps\/details?id=com.tidyapp.pro\"><span style=\"font-weight: 400;\">\u00a0aplicaci\u00f3n<\/span><\/a><span style=\"font-weight: 400;\"> es el mejor servicio de limpieza<\/span><span style=\"font-weight: 400;\">\u00a0Para usuarios de Android y iPhone.\u00a0<\/span><\/span><\/p>\n<p><span style=\"color: #000000;\"><span style=\"font-weight: 400;\">Ofrecemos nuestros servicios en muchas ubicaciones en los Estados Unidos y Canad\u00e1. Para <\/span><span style=\"font-weight: 400;\">Limpieza de Airbnb<\/span><span style=\"font-weight: 400;\">, <\/span><span style=\"font-weight: 400;\">limpieza profunda<\/span><span style=\"font-weight: 400;\">, <\/span><span style=\"font-weight: 400;\">limpieza de alquileres vacacionales<\/span><span style=\"font-weight: 400;\"> y mucho m\u00e1s, descarga Cleanster ahora.<\/span><\/span><\/p>","protected":false},"excerpt":{"rendered":"<p>App for house cleaning\u00a0 A home is where you should feel most at ease, but your busy schedule probably limits your options for cleaning your space. Not to worry, because, there&#8217;s an app for that: nothing beats Cleanster, the user-friendly app that connects you to local professional cleaners with affordable rates.\u00a0 Using Cleanster to schedule [&hellip;]<\/p>\n","protected":false},"author":1,"featured_media":0,"parent":0,"menu_order":0,"comment_status":"closed","ping_status":"closed","template":"templates\/home-cleaning.php","meta":{"_acf_changed":false,"footnotes":""},"class_list":["post-2716","page","type-page","status-publish","hentry","entry"],"acf":[],"yoast_head":"<!-- This site is optimized with the Yoast SEO Premium plugin v26.5 (Yoast SEO v27.5) - https:\/\/yoast.com\/product\/yoast-seo-premium-wordpress\/ -->\n<title>Professional House Cleaning Services<\/title>\n<meta name=\"description\" content=\"Cleanster is the app for house cleaning you need. Easily connect with local professionals for effective cleaning solutions.\" \/>\n<meta name=\"robots\" content=\"index, follow, max-snippet:-1, max-image-preview:large, max-video-preview:-1\" \/>\n<link rel=\"canonical\" href=\"https:\/\/cleanster.com\/es\/limpieza-de-la-casa\/\" \/>\n<meta property=\"og:locale\" content=\"es_MX\" \/>\n<meta property=\"og:type\" content=\"article\" \/>\n<meta property=\"og:title\" content=\"House Cleaning - Cleanster | Cleaning &amp; Maid Services Near You\" \/>\n<meta property=\"og:description\" content=\"Cleanster is the app for house cleaning you need. Easily connect with local professionals for effective cleaning solutions.\" \/>\n<meta property=\"og:url\" content=\"https:\/\/cleanster.com\/es\/limpieza-de-la-casa\/\" \/>\n<meta property=\"og:site_name\" content=\"Cleanster | Cleaning &amp; Maid Services Near You\" \/>\n<meta property=\"article:publisher\" content=\"https:\/\/www.facebook.com\/cleansterhq\" \/>\n<meta property=\"article:modified_time\" content=\"2025-10-10T00:33:43+00:00\" \/>\n<meta property=\"og:image\" content=\"https:\/\/cleanster.com\/wp-content\/uploads\/2023\/11\/card@3x.png\" \/>\n\t<meta property=\"og:image:width\" content=\"1170\" \/>\n\t<meta property=\"og:image:height\" content=\"763\" \/>\n\t<meta property=\"og:image:type\" content=\"image\/png\" \/>\n<meta name=\"twitter:card\" content=\"summary_large_image\" \/>\n<meta name=\"twitter:site\" content=\"@cleansterhq\" \/>\n<meta name=\"twitter:label1\" content=\"Tiempo de lectura\" \/>\n\t<meta name=\"twitter:data1\" content=\"2 minutos\" \/>\n<script type=\"application\/ld+json\" class=\"yoast-schema-graph\">{\"@context\":\"https:\\\/\\\/schema.org\",\"@graph\":[{\"@type\":\"WebPage\",\"@id\":\"https:\\\/\\\/cleanster.com\\\/house-cleaning\\\/\",\"url\":\"https:\\\/\\\/cleanster.com\\\/house-cleaning\\\/\",\"name\":\"Professional House Cleaning Services\",\"isPartOf\":{\"@id\":\"https:\\\/\\\/cleanster.com\\\/#website\"},\"datePublished\":\"2022-01-14T16:16:48+00:00\",\"dateModified\":\"2025-10-10T00:33:43+00:00\",\"description\":\"Cleanster is the app for house cleaning you need. Easily connect with local professionals for effective cleaning solutions.\",\"inLanguage\":\"es\",\"potentialAction\":[{\"@type\":\"ReadAction\",\"target\":[\"https:\\\/\\\/cleanster.com\\\/house-cleaning\\\/\"]}]},{\"@type\":\"WebSite\",\"@id\":\"https:\\\/\\\/cleanster.com\\\/#website\",\"url\":\"https:\\\/\\\/cleanster.com\\\/\",\"name\":\"Cleanster | Cleaning & Maid Services Near You\",\"description\":\"Instantly find &amp; book trusted cleaners for homes, apartment, Airbnb, and offices. Cleanster offers affordable maid, housekeeping, and commercial cleaning services near you.\",\"publisher\":{\"@id\":\"https:\\\/\\\/cleanster.com\\\/#organization\"},\"alternateName\":\"Cleanster | Cleaning, Maid & Housekeeping Services for Everyone\",\"potentialAction\":[{\"@type\":\"SearchAction\",\"target\":{\"@type\":\"EntryPoint\",\"urlTemplate\":\"https:\\\/\\\/cleanster.com\\\/?s={search_term_string}\"},\"query-input\":{\"@type\":\"PropertyValueSpecification\",\"valueRequired\":true,\"valueName\":\"search_term_string\"}}],\"inLanguage\":\"es\"},{\"@type\":\"Organization\",\"@id\":\"https:\\\/\\\/cleanster.com\\\/#organization\",\"name\":\"Cleanster\",\"alternateName\":\"Cleanster.com\",\"url\":\"https:\\\/\\\/cleanster.com\\\/\",\"logo\":{\"@type\":\"ImageObject\",\"inLanguage\":\"es\",\"@id\":\"https:\\\/\\\/cleanster.com\\\/#\\\/schema\\\/logo\\\/image\\\/\",\"url\":\"https:\\\/\\\/cleanster.com\\\/wp-content\\\/uploads\\\/2025\\\/06\\\/Cleanster-Logo-1.svg\",\"contentUrl\":\"https:\\\/\\\/cleanster.com\\\/wp-content\\\/uploads\\\/2025\\\/06\\\/Cleanster-Logo-1.svg\",\"width\":1,\"height\":1,\"caption\":\"Cleanster\"},\"image\":{\"@id\":\"https:\\\/\\\/cleanster.com\\\/#\\\/schema\\\/logo\\\/image\\\/\"},\"sameAs\":[\"https:\\\/\\\/www.facebook.com\\\/cleansterhq\",\"https:\\\/\\\/x.com\\\/cleansterhq\",\"https:\\\/\\\/www.linkedin.com\\\/company\\\/cleansterhq\",\"https:\\\/\\\/www.instagram.com\\\/cleansterhq\",\"https:\\\/\\\/vm.tiktok.com\\\/ZM8vHmcuo\\\/\",\"https:\\\/\\\/www.clubhouse.com\\\/club\\\/cleanstercom\"],\"description\":\"Cleanster is an AI-powered cleaning services platform that connects Airbnb hosts, property managers, and commercial clients with vetted, on-demand cleaners. We offer apartment, house, Airbnb, commercial, and janitorial cleaning services. With a network of over 100,000 professionals across the US, Canada, and the UK, Cleanster delivers fast, reliable, and tech-enabled cleaning at scale.\",\"email\":\"support@cleanster.com\",\"telephone\":\"+1 (888) 788-2445\",\"legalName\":\"Cleanster, Inc.\",\"foundingDate\":\"2019-05-06\",\"duns\":\"118328526\",\"naics\":\"541511\",\"numberOfEmployees\":{\"@type\":\"QuantitativeValue\",\"minValue\":\"11\",\"maxValue\":\"50\"}}]}<\/script>\n<!-- \/ Yoast SEO Premium plugin. -->","yoast_head_json":{"title":"Servicios profesionales de limpieza de casas","description":"Cleanster es la app de limpieza que necesitas. Conecta f\u00e1cilmente con profesionales locales para obtener soluciones de limpieza efectivas.","robots":{"index":"index","follow":"follow","max-snippet":"max-snippet:-1","max-image-preview":"max-image-preview:large","max-video-preview":"max-video-preview:-1"},"canonical":"https:\/\/cleanster.com\/es\/limpieza-de-la-casa\/","og_locale":"es_MX","og_type":"article","og_title":"House Cleaning - Cleanster | Cleaning &amp; Maid Services Near You","og_description":"Cleanster is the app for house cleaning you need. Easily connect with local professionals for effective cleaning solutions.","og_url":"https:\/\/cleanster.com\/es\/limpieza-de-la-casa\/","og_site_name":"Cleanster | Cleaning &amp; Maid Services Near You","article_publisher":"https:\/\/www.facebook.com\/cleansterhq","article_modified_time":"2025-10-10T00:33:43+00:00","og_image":[{"width":1170,"height":763,"url":"https:\/\/cleanster.com\/wp-content\/uploads\/2023\/11\/card@3x.png","type":"image\/png"}],"twitter_card":"summary_large_image","twitter_site":"@cleansterhq","twitter_misc":{"Tiempo de lectura":"2 minutos"},"schema":{"@context":"https:\/\/schema.org","@graph":[{"@type":"WebPage","@id":"https:\/\/cleanster.com\/house-cleaning\/","url":"https:\/\/cleanster.com\/house-cleaning\/","name":"Servicios profesionales de limpieza de casas","isPartOf":{"@id":"https:\/\/cleanster.com\/#website"},"datePublished":"2022-01-14T16:16:48+00:00","dateModified":"2025-10-10T00:33:43+00:00","description":"Cleanster es la app de limpieza que necesitas. Conecta f\u00e1cilmente con profesionales locales para obtener soluciones de limpieza efectivas.","inLanguage":"es","potentialAction":[{"@type":"ReadAction","target":["https:\/\/cleanster.com\/house-cleaning\/"]}]},{"@type":"WebSite","@id":"https:\/\/cleanster.com\/#website","url":"https:\/\/cleanster.com\/","name":"Cleanster | Servicios de limpieza y limpieza cerca de ti","description":"Encuentra y reserva al instante limpiadores de confianza para casas, apartamentos, Airbnb y oficinas. Cleanster ofrece servicios de limpieza dom\u00e9stica, limpieza del hogar y limpieza comercial a precios accesibles cerca de ti.","publisher":{"@id":"https:\/\/cleanster.com\/#organization"},"alternateName":"Cleanster | Cleaning, Maid & Housekeeping Services for Everyone","potentialAction":[{"@type":"SearchAction","target":{"@type":"EntryPoint","urlTemplate":"https:\/\/cleanster.com\/?s={search_term_string}"},"query-input":{"@type":"PropertyValueSpecification","valueRequired":true,"valueName":"search_term_string"}}],"inLanguage":"es"},{"@type":"Organization","@id":"https:\/\/cleanster.com\/#organization","name":"Limpiador","alternateName":"Cleanster.com","url":"https:\/\/cleanster.com\/","logo":{"@type":"ImageObject","inLanguage":"es","@id":"https:\/\/cleanster.com\/#\/schema\/logo\/image\/","url":"https:\/\/cleanster.com\/wp-content\/uploads\/2025\/06\/Cleanster-Logo-1.svg","contentUrl":"https:\/\/cleanster.com\/wp-content\/uploads\/2025\/06\/Cleanster-Logo-1.svg","width":1,"height":1,"caption":"Cleanster"},"image":{"@id":"https:\/\/cleanster.com\/#\/schema\/logo\/image\/"},"sameAs":["https:\/\/www.facebook.com\/cleansterhq","https:\/\/x.com\/cleansterhq","https:\/\/www.linkedin.com\/company\/cleansterhq","https:\/\/www.instagram.com\/cleansterhq","https:\/\/vm.tiktok.com\/ZM8vHmcuo\/","https:\/\/www.clubhouse.com\/club\/cleanstercom"],"description":"Cleanster es una plataforma de servicios de limpieza con inteligencia artificial que conecta a anfitriones, administradores de propiedades y clientes comerciales de Airbnb con limpiadores verificados y a demanda. Ofrecemos servicios de limpieza de apartamentos, casas, Airbnb, comercios y conserjer\u00eda. Con una red de m\u00e1s de 100,000 profesionales en EE. UU., Canad\u00e1 y el Reino Unido, Cleanster ofrece una limpieza r\u00e1pida, confiable y tecnol\u00f3gica a gran escala.","email":"support@cleanster.com","telephone":"+1 (888) 788-2445","legalName":"Cleanster, Inc.","foundingDate":"2019-05-06","duns":"118328526","naics":"541511","numberOfEmployees":{"@type":"QuantitativeValue","minValue":"11","maxValue":"50"}}]}},"_links":{"self":[{"href":"https:\/\/cleanster.com\/es\/wp-json\/wp\/v2\/pages\/2716","targetHints":{"allow":["GET"]}}],"collection":[{"href":"https:\/\/cleanster.com\/es\/wp-json\/wp\/v2\/pages"}],"about":[{"href":"https:\/\/cleanster.com\/es\/wp-json\/wp\/v2\/types\/page"}],"author":[{"embeddable":true,"href":"https:\/\/cleanster.com\/es\/wp-json\/wp\/v2\/users\/1"}],"replies":[{"embeddable":true,"href":"https:\/\/cleanster.com\/es\/wp-json\/wp\/v2\/comments?post=2716"}],"version-history":[{"count":0,"href":"https:\/\/cleanster.com\/es\/wp-json\/wp\/v2\/pages\/2716\/revisions"}],"wp:attachment":[{"href":"https:\/\/cleanster.com\/es\/wp-json\/wp\/v2\/media?parent=2716"}],"curies":[{"name":"gracias","href":"https:\/\/api.w.org\/{rel}","templated":true}]}}