{"id":3050,"date":"2022-01-14T17:16:44","date_gmt":"2022-01-14T17:16:44","guid":{"rendered":"https:\/\/cleanster.com\/?page_id=3050"},"modified":"2025-10-09T20:05:15","modified_gmt":"2025-10-09T20:05:15","slug":"servicio-de-limpieza-airbnb","status":"publish","type":"page","link":"https:\/\/cleanster.com\/es\/servicio-de-limpieza-airbnb\/","title":{"rendered":"Limpieza de Airbnb"},"content":{"rendered":"<h2><span style=\"color: #ffffff;\"><b>Aplicaci\u00f3n de servicio de limpieza de Airbnb mejor valorada<\/b><\/span><\/h2>\n<p><span style=\"font-weight: 400; color: #ffffff;\">Mejora la limpieza de tu propiedad y las calificaciones de tus hu\u00e9spedes con nuestra aplicaci\u00f3n de limpieza de primera calidad para Airbnb. De esta manera, la aplicaci\u00f3n Cleanster garantiza que tu espacio reciba una limpieza de primera calidad y de nivel profesional, y deja a tus clientes impresionados con tu destreza como anfitri\u00f3n. Ya seas un emprendedor que inicia un nuevo negocio o un propietario que busca soluciones de limpieza impecables, Cleanster es la opci\u00f3n ideal para las necesidades de tu negocio. Agiliza las operaciones y mantiene un toque profesional. Lo m\u00e1s importante es que Cleanster ya est\u00e1 disponible.<\/span><\/p>\n<p><span style=\"font-weight: 400; color: #ffffff;\">Si buscas una aplicaci\u00f3n de limpieza de Airbnb inigualable, no busques m\u00e1s.<\/span><\/p>\n<h2><span style=\"color: #ffffff;\"><b>Por qu\u00e9 Cleanster es la mejor aplicaci\u00f3n de servicio de limpieza de Airbnb<\/b><\/span><\/h2>\n<h3><span style=\"color: #ffffff;\"><b>Excelencia en el servicio de limpieza de Airbnb:<\/b><\/span><\/h3>\n<p><span style=\"font-weight: 400; color: #ffffff;\">Nuestro equipo dedicado emplea productos y procesos de limpieza \u00fanicos para limpiar y organizar impecablemente su propiedad.<\/span><\/p>\n<h3><span style=\"color: #ffffff;\"><b>Programaci\u00f3n eficiente:<\/b><\/span><\/h3>\n<p><span style=\"font-weight: 400; color: #ffffff;\">Mant\u00e9ngase al tanto de su cronograma de administraci\u00f3n de propiedades con la aplicaci\u00f3n Cleanster, que permite una coordinaci\u00f3n perfecta e inspecciones de propiedades m\u00f3viles que ahorran tiempo.<\/span><\/p>\n<h3><span style=\"color: #ffffff;\"><b>Funciones integradas:<\/b><\/span><\/h3>\n<p><span style=\"font-weight: 400; color: #ffffff;\">Mejore la comunicaci\u00f3n y la eficiencia con \u00edconos de estado integrados para realizar un seguimiento de notas, fotos, check-in VIP y check-out tard\u00edo. Adem\u00e1s, facilita el trabajo de las empresas de administraci\u00f3n de propiedades y de limpieza.<\/span><\/p>\n<h3><span style=\"color: #ffffff;\"><b>Aplicaci\u00f3n de calendario de limpieza Cleanster:<\/b><\/span><\/h3>\n<p><span style=\"font-weight: 400; color: #ffffff;\">Simplifique el proceso de coordinaci\u00f3n sincronizando su aplicaci\u00f3n Cleanster con su cuenta de Airbnb, eliminando la necesidad de actualizaciones manuales del calendario. Luego, comparta im\u00e1genes detalladas con su empleado de limpieza para brindarle expectativas claras.<\/span><\/p>\n<h3><span style=\"color: #ffffff;\"><b>Lista de verificaci\u00f3n de limpieza de Airbnb:<\/b><\/span><\/h3>\n<p><span style=\"font-weight: 400; color: #ffffff;\">Nuestros limpiadores profesionales van m\u00e1s all\u00e1, limpian y desinfectan profundamente los muebles y los aparatos electr\u00f3nicos, cambian s\u00e1banas y toallas, hacen camas estilo hotel y limpian a fondo las cocinas y los ba\u00f1os. En resumen, barriendo y fregando los pisos, aspirando las alfombras y sacando la basura, nos aseguramos de que cada detalle est\u00e9 cubierto. Reponemos los art\u00edculos esenciales y de tocador, y dejamos los espejos relucientes.<\/span><\/p>\n<p><span style=\"font-weight: 400; color: #ffffff;\">Experimente la dedicaci\u00f3n y experiencia de nuestros profesionales de limpieza, comprometidos a brindar resultados de alta calidad que superen las expectativas.<\/span><\/p>\n<h2><span style=\"color: #ffffff;\"><b>Tecnolog\u00eda de vanguardia para operaciones fluidas:<\/b><\/span><\/h2>\n<p><span style=\"font-weight: 400; color: #ffffff;\">Cleanster aprovecha la tecnolog\u00eda de vanguardia para optimizar las operaciones y mejorar la comunicaci\u00f3n. Nuestra aplicaci\u00f3n f\u00e1cil de usar facilita la coordinaci\u00f3n sin esfuerzo, lo que permite que los administradores de propiedades y el personal de limpieza se mantengan conectados e informados. Adem\u00e1s, con actualizaciones en tiempo real, puede administrar reservas de manera eficiente, monitorear el progreso de la limpieza y garantizar un flujo de trabajo fluido para su empresa de administraci\u00f3n de propiedades.<\/span><\/p>\n<h2><span style=\"color: #ffffff;\"><b>Comunicaci\u00f3n transparente y rendici\u00f3n de cuentas:<\/b><\/span><\/h2>\n<p><span style=\"color: #ffffff;\"><span style=\"font-weight: 400;\">Una comunicaci\u00f3n clara es clave para una asociaci\u00f3n exitosa.<\/span><a style=\"color: #ffffff;\" href=\"https:\/\/cleanster.com\/\"><span style=\"font-weight: 400;\"> Limpiador<\/span><\/a><span style=\"font-weight: 400;\"> Promueve la comunicaci\u00f3n transparente entre propietarios, administradores y personal de limpieza. Nuestra aplicaci\u00f3n ofrece una plataforma para compartir notas, fotos y otra informaci\u00f3n vital, fomentando la responsabilidad y garantizando que todos est\u00e9n en la misma sinton\u00eda.<\/span><\/span><\/p>","protected":false},"excerpt":{"rendered":"<p>Top-Rated Airbnb Cleaning Service app Elevate your property&#8217;s cleanliness and enhance your guest ratings with our premier Airbnb cleaning app. So that the Cleanster app ensures your space receives top-notch, professional-grade cleaning, leaving your customers impressed with your hosting prowess. Whether you&#8217;re an entrepreneur launching a new venture or a homeowner seeking impeccable cleaning solutions, [&hellip;]<\/p>\n","protected":false},"author":2,"featured_media":16058,"parent":0,"menu_order":0,"comment_status":"closed","ping_status":"closed","template":"templates\/services.php","meta":{"_acf_changed":false,"footnotes":""},"class_list":["post-3050","page","type-page","status-publish","has-post-thumbnail","hentry","entry"],"acf":[],"yoast_head":"<!-- This site is optimized with the Yoast SEO Premium plugin v26.5 (Yoast SEO v27.3) - https:\/\/yoast.com\/product\/yoast-seo-premium-wordpress\/ -->\n<title>Airbnb Cleaning App | Cleanster.com<\/title>\n<meta name=\"description\" content=\"The smart way to book, pay, and find Airbnb vacation rental cleaners in 30 seconds. Cleanster.com for Airbnb Cleaning\" \/>\n<meta name=\"robots\" content=\"index, follow, max-snippet:-1, max-image-preview:large, max-video-preview:-1\" \/>\n<link rel=\"canonical\" href=\"https:\/\/cleanster.com\/es\/servicio-de-limpieza-airbnb\/\" \/>\n<meta property=\"og:locale\" content=\"es_MX\" \/>\n<meta property=\"og:type\" content=\"article\" \/>\n<meta property=\"og:title\" content=\"Airbnb Cleaning - Cleanster | Cleaning &amp; Maid Services Near You\" \/>\n<meta property=\"og:description\" content=\"The smart way to book, pay, and find Airbnb vacation rental cleaners in 30 seconds. Cleanster.com for Airbnb Cleaning\" \/>\n<meta property=\"og:url\" content=\"https:\/\/cleanster.com\/es\/servicio-de-limpieza-airbnb\/\" \/>\n<meta property=\"og:site_name\" content=\"Cleanster | Cleaning &amp; Maid Services Near You\" \/>\n<meta property=\"article:publisher\" content=\"https:\/\/www.facebook.com\/cleansterhq\" \/>\n<meta property=\"article:modified_time\" content=\"2025-10-09T20:05:15+00:00\" \/>\n<meta property=\"og:image\" content=\"https:\/\/cleanster.com\/wp-content\/uploads\/2023\/10\/airbnb-img.jpg\" \/>\n\t<meta property=\"og:image:width\" content=\"950\" \/>\n\t<meta property=\"og:image:height\" content=\"670\" \/>\n\t<meta property=\"og:image:type\" content=\"image\/jpeg\" \/>\n<meta name=\"twitter:card\" content=\"summary_large_image\" \/>\n<meta name=\"twitter:site\" content=\"@cleansterhq\" \/>\n<meta name=\"twitter:label1\" content=\"Tiempo de lectura\" \/>\n\t<meta name=\"twitter:data1\" content=\"2 minutos\" \/>\n<script type=\"application\/ld+json\" class=\"yoast-schema-graph\">{\"@context\":\"https:\\\/\\\/schema.org\",\"@graph\":[{\"@type\":\"Article\",\"@id\":\"https:\\\/\\\/cleanster.com\\\/airbnb-cleaning-service\\\/#article\",\"isPartOf\":{\"@id\":\"https:\\\/\\\/cleanster.com\\\/airbnb-cleaning-service\\\/\"},\"author\":{\"name\":\"derrick\",\"@id\":\"https:\\\/\\\/cleanster.com\\\/#\\\/schema\\\/person\\\/bf8dbd71b6062df8d87e6f3f4673c94b\"},\"headline\":\"Airbnb Cleaning\",\"datePublished\":\"2022-01-14T17:16:44+00:00\",\"dateModified\":\"2025-10-09T20:05:15+00:00\",\"mainEntityOfPage\":{\"@id\":\"https:\\\/\\\/cleanster.com\\\/airbnb-cleaning-service\\\/\"},\"wordCount\":387,\"publisher\":{\"@id\":\"https:\\\/\\\/cleanster.com\\\/#organization\"},\"image\":{\"@id\":\"https:\\\/\\\/cleanster.com\\\/airbnb-cleaning-service\\\/#primaryimage\"},\"thumbnailUrl\":\"https:\\\/\\\/cleanster.com\\\/wp-content\\\/uploads\\\/2023\\\/10\\\/airbnb-img.jpg\",\"inLanguage\":\"es\"},{\"@type\":[\"WebPage\",\"ItemPage\"],\"@id\":\"https:\\\/\\\/cleanster.com\\\/airbnb-cleaning-service\\\/\",\"url\":\"https:\\\/\\\/cleanster.com\\\/airbnb-cleaning-service\\\/\",\"name\":\"Airbnb Cleaning App | Cleanster.com\",\"isPartOf\":{\"@id\":\"https:\\\/\\\/cleanster.com\\\/#website\"},\"primaryImageOfPage\":{\"@id\":\"https:\\\/\\\/cleanster.com\\\/airbnb-cleaning-service\\\/#primaryimage\"},\"image\":{\"@id\":\"https:\\\/\\\/cleanster.com\\\/airbnb-cleaning-service\\\/#primaryimage\"},\"thumbnailUrl\":\"https:\\\/\\\/cleanster.com\\\/wp-content\\\/uploads\\\/2023\\\/10\\\/airbnb-img.jpg\",\"datePublished\":\"2022-01-14T17:16:44+00:00\",\"dateModified\":\"2025-10-09T20:05:15+00:00\",\"description\":\"The smart way to book, pay, and find Airbnb vacation rental cleaners in 30 seconds. Cleanster.com for Airbnb Cleaning\",\"inLanguage\":\"es\",\"potentialAction\":[{\"@type\":\"ReadAction\",\"target\":[\"https:\\\/\\\/cleanster.com\\\/airbnb-cleaning-service\\\/\"]}]},{\"@type\":\"ImageObject\",\"inLanguage\":\"es\",\"@id\":\"https:\\\/\\\/cleanster.com\\\/airbnb-cleaning-service\\\/#primaryimage\",\"url\":\"https:\\\/\\\/cleanster.com\\\/wp-content\\\/uploads\\\/2023\\\/10\\\/airbnb-img.jpg\",\"contentUrl\":\"https:\\\/\\\/cleanster.com\\\/wp-content\\\/uploads\\\/2023\\\/10\\\/airbnb-img.jpg\",\"width\":950,\"height\":670},{\"@type\":\"WebSite\",\"@id\":\"https:\\\/\\\/cleanster.com\\\/#website\",\"url\":\"https:\\\/\\\/cleanster.com\\\/\",\"name\":\"Cleanster | Cleaning & Maid Services Near You\",\"description\":\"Instantly find &amp; book trusted cleaners for homes, apartment, Airbnb, and offices. Cleanster offers affordable maid, housekeeping, and commercial cleaning services near you.\",\"publisher\":{\"@id\":\"https:\\\/\\\/cleanster.com\\\/#organization\"},\"alternateName\":\"Cleanster | Cleaning, Maid & Housekeeping Services for Everyone\",\"potentialAction\":[{\"@type\":\"SearchAction\",\"target\":{\"@type\":\"EntryPoint\",\"urlTemplate\":\"https:\\\/\\\/cleanster.com\\\/?s={search_term_string}\"},\"query-input\":{\"@type\":\"PropertyValueSpecification\",\"valueRequired\":true,\"valueName\":\"search_term_string\"}}],\"inLanguage\":\"es\"},{\"@type\":\"Organization\",\"@id\":\"https:\\\/\\\/cleanster.com\\\/#organization\",\"name\":\"Cleanster\",\"alternateName\":\"Cleanster.com\",\"url\":\"https:\\\/\\\/cleanster.com\\\/\",\"logo\":{\"@type\":\"ImageObject\",\"inLanguage\":\"es\",\"@id\":\"https:\\\/\\\/cleanster.com\\\/#\\\/schema\\\/logo\\\/image\\\/\",\"url\":\"https:\\\/\\\/cleanster.com\\\/wp-content\\\/uploads\\\/2025\\\/06\\\/Cleanster-Logo-1.svg\",\"contentUrl\":\"https:\\\/\\\/cleanster.com\\\/wp-content\\\/uploads\\\/2025\\\/06\\\/Cleanster-Logo-1.svg\",\"width\":1,\"height\":1,\"caption\":\"Cleanster\"},\"image\":{\"@id\":\"https:\\\/\\\/cleanster.com\\\/#\\\/schema\\\/logo\\\/image\\\/\"},\"sameAs\":[\"https:\\\/\\\/www.facebook.com\\\/cleansterhq\",\"https:\\\/\\\/x.com\\\/cleansterhq\",\"https:\\\/\\\/www.linkedin.com\\\/company\\\/cleansterhq\",\"https:\\\/\\\/www.instagram.com\\\/cleansterhq\",\"https:\\\/\\\/vm.tiktok.com\\\/ZM8vHmcuo\\\/\",\"https:\\\/\\\/www.clubhouse.com\\\/club\\\/cleanstercom\"],\"description\":\"Cleanster is an AI-powered cleaning services platform that connects Airbnb hosts, property managers, and commercial clients with vetted, on-demand cleaners. We offer apartment, house, Airbnb, commercial, and janitorial cleaning services. With a network of over 100,000 professionals across the US, Canada, and the UK, Cleanster delivers fast, reliable, and tech-enabled cleaning at scale.\",\"email\":\"support@cleanster.com\",\"telephone\":\"+1 (888) 788-2445\",\"legalName\":\"Cleanster, Inc.\",\"foundingDate\":\"2019-05-06\",\"duns\":\"118328526\",\"naics\":\"541511\",\"numberOfEmployees\":{\"@type\":\"QuantitativeValue\",\"minValue\":\"11\",\"maxValue\":\"50\"}},{\"@type\":\"Person\",\"@id\":\"https:\\\/\\\/cleanster.com\\\/#\\\/schema\\\/person\\\/bf8dbd71b6062df8d87e6f3f4673c94b\",\"name\":\"derrick\",\"image\":{\"@type\":\"ImageObject\",\"inLanguage\":\"es\",\"@id\":\"https:\\\/\\\/secure.gravatar.com\\\/avatar\\\/2f62e80994b7c3d8c0a4c2ab9df11da93ff44009f0af5bd22d3dc9b00b03610f?s=96&d=mm&r=g\",\"url\":\"https:\\\/\\\/secure.gravatar.com\\\/avatar\\\/2f62e80994b7c3d8c0a4c2ab9df11da93ff44009f0af5bd22d3dc9b00b03610f?s=96&d=mm&r=g\",\"contentUrl\":\"https:\\\/\\\/secure.gravatar.com\\\/avatar\\\/2f62e80994b7c3d8c0a4c2ab9df11da93ff44009f0af5bd22d3dc9b00b03610f?s=96&d=mm&r=g\",\"caption\":\"derrick\"},\"url\":\"https:\\\/\\\/cleanster.com\\\/es\\\/author\\\/derrick\\\/\"}]}<\/script>\n<!-- \/ Yoast SEO Premium plugin. -->","yoast_head_json":{"title":"Aplicaci\u00f3n de limpieza de Airbnb | Limpiador.com","description":"La forma inteligente de reservar, pagar y encontrar limpiadores de alquileres vacacionales en Airbnb en 30 segundos. Cleanster.com para la limpieza de Airbnb","robots":{"index":"index","follow":"follow","max-snippet":"max-snippet:-1","max-image-preview":"max-image-preview:large","max-video-preview":"max-video-preview:-1"},"canonical":"https:\/\/cleanster.com\/es\/servicio-de-limpieza-airbnb\/","og_locale":"es_MX","og_type":"article","og_title":"Airbnb Cleaning - Cleanster | Cleaning &amp; Maid Services Near You","og_description":"The smart way to book, pay, and find Airbnb vacation rental cleaners in 30 seconds. Cleanster.com for Airbnb Cleaning","og_url":"https:\/\/cleanster.com\/es\/servicio-de-limpieza-airbnb\/","og_site_name":"Cleanster | Cleaning &amp; Maid Services Near You","article_publisher":"https:\/\/www.facebook.com\/cleansterhq","article_modified_time":"2025-10-09T20:05:15+00:00","og_image":[{"width":950,"height":670,"url":"https:\/\/cleanster.com\/wp-content\/uploads\/2023\/10\/airbnb-img.jpg","type":"image\/jpeg"}],"twitter_card":"summary_large_image","twitter_site":"@cleansterhq","twitter_misc":{"Tiempo de lectura":"2 minutos"},"schema":{"@context":"https:\/\/schema.org","@graph":[{"@type":"Article","@id":"https:\/\/cleanster.com\/airbnb-cleaning-service\/#article","isPartOf":{"@id":"https:\/\/cleanster.com\/airbnb-cleaning-service\/"},"author":{"name":"derrick","@id":"https:\/\/cleanster.com\/#\/schema\/person\/bf8dbd71b6062df8d87e6f3f4673c94b"},"headline":"Airbnb Cleaning","datePublished":"2022-01-14T17:16:44+00:00","dateModified":"2025-10-09T20:05:15+00:00","mainEntityOfPage":{"@id":"https:\/\/cleanster.com\/airbnb-cleaning-service\/"},"wordCount":387,"publisher":{"@id":"https:\/\/cleanster.com\/#organization"},"image":{"@id":"https:\/\/cleanster.com\/airbnb-cleaning-service\/#primaryimage"},"thumbnailUrl":"https:\/\/cleanster.com\/wp-content\/uploads\/2023\/10\/airbnb-img.jpg","inLanguage":"es"},{"@type":["WebPage","ItemPage"],"@id":"https:\/\/cleanster.com\/airbnb-cleaning-service\/","url":"https:\/\/cleanster.com\/airbnb-cleaning-service\/","name":"Aplicaci\u00f3n de limpieza de Airbnb | Limpiador.com","isPartOf":{"@id":"https:\/\/cleanster.com\/#website"},"primaryImageOfPage":{"@id":"https:\/\/cleanster.com\/airbnb-cleaning-service\/#primaryimage"},"image":{"@id":"https:\/\/cleanster.com\/airbnb-cleaning-service\/#primaryimage"},"thumbnailUrl":"https:\/\/cleanster.com\/wp-content\/uploads\/2023\/10\/airbnb-img.jpg","datePublished":"2022-01-14T17:16:44+00:00","dateModified":"2025-10-09T20:05:15+00:00","description":"La forma inteligente de reservar, pagar y encontrar limpiadores de alquileres vacacionales en Airbnb en 30 segundos. Cleanster.com para la limpieza de Airbnb","inLanguage":"es","potentialAction":[{"@type":"ReadAction","target":["https:\/\/cleanster.com\/airbnb-cleaning-service\/"]}]},{"@type":"ImageObject","inLanguage":"es","@id":"https:\/\/cleanster.com\/airbnb-cleaning-service\/#primaryimage","url":"https:\/\/cleanster.com\/wp-content\/uploads\/2023\/10\/airbnb-img.jpg","contentUrl":"https:\/\/cleanster.com\/wp-content\/uploads\/2023\/10\/airbnb-img.jpg","width":950,"height":670},{"@type":"WebSite","@id":"https:\/\/cleanster.com\/#website","url":"https:\/\/cleanster.com\/","name":"Cleanster | Servicios de limpieza y limpieza cerca de ti","description":"Encuentra y reserva al instante limpiadores de confianza para casas, apartamentos, Airbnb y oficinas. Cleanster ofrece servicios de limpieza dom\u00e9stica, limpieza del hogar y limpieza comercial a precios accesibles cerca de ti.","publisher":{"@id":"https:\/\/cleanster.com\/#organization"},"alternateName":"Cleanster | Cleaning, Maid & Housekeeping Services for Everyone","potentialAction":[{"@type":"SearchAction","target":{"@type":"EntryPoint","urlTemplate":"https:\/\/cleanster.com\/?s={search_term_string}"},"query-input":{"@type":"PropertyValueSpecification","valueRequired":true,"valueName":"search_term_string"}}],"inLanguage":"es"},{"@type":"Organization","@id":"https:\/\/cleanster.com\/#organization","name":"Limpiador","alternateName":"Cleanster.com","url":"https:\/\/cleanster.com\/","logo":{"@type":"ImageObject","inLanguage":"es","@id":"https:\/\/cleanster.com\/#\/schema\/logo\/image\/","url":"https:\/\/cleanster.com\/wp-content\/uploads\/2025\/06\/Cleanster-Logo-1.svg","contentUrl":"https:\/\/cleanster.com\/wp-content\/uploads\/2025\/06\/Cleanster-Logo-1.svg","width":1,"height":1,"caption":"Cleanster"},"image":{"@id":"https:\/\/cleanster.com\/#\/schema\/logo\/image\/"},"sameAs":["https:\/\/www.facebook.com\/cleansterhq","https:\/\/x.com\/cleansterhq","https:\/\/www.linkedin.com\/company\/cleansterhq","https:\/\/www.instagram.com\/cleansterhq","https:\/\/vm.tiktok.com\/ZM8vHmcuo\/","https:\/\/www.clubhouse.com\/club\/cleanstercom"],"description":"Cleanster es una plataforma de servicios de limpieza con inteligencia artificial que conecta a anfitriones, administradores de propiedades y clientes comerciales de Airbnb con limpiadores verificados y a demanda. Ofrecemos servicios de limpieza de apartamentos, casas, Airbnb, comercios y conserjer\u00eda. Con una red de m\u00e1s de 100,000 profesionales en EE. UU., Canad\u00e1 y el Reino Unido, Cleanster ofrece una limpieza r\u00e1pida, confiable y tecnol\u00f3gica a gran escala.","email":"support@cleanster.com","telephone":"+1 (888) 788-2445","legalName":"Cleanster, Inc.","foundingDate":"2019-05-06","duns":"118328526","naics":"541511","numberOfEmployees":{"@type":"QuantitativeValue","minValue":"11","maxValue":"50"}},{"@type":"Person","@id":"https:\/\/cleanster.com\/#\/schema\/person\/bf8dbd71b6062df8d87e6f3f4673c94b","name":"derrick","image":{"@type":"ImageObject","inLanguage":"es","@id":"https:\/\/secure.gravatar.com\/avatar\/2f62e80994b7c3d8c0a4c2ab9df11da93ff44009f0af5bd22d3dc9b00b03610f?s=96&d=mm&r=g","url":"https:\/\/secure.gravatar.com\/avatar\/2f62e80994b7c3d8c0a4c2ab9df11da93ff44009f0af5bd22d3dc9b00b03610f?s=96&d=mm&r=g","contentUrl":"https:\/\/secure.gravatar.com\/avatar\/2f62e80994b7c3d8c0a4c2ab9df11da93ff44009f0af5bd22d3dc9b00b03610f?s=96&d=mm&r=g","caption":"derrick"},"url":"https:\/\/cleanster.com\/es\/author\/derrick\/"}]}},"_links":{"self":[{"href":"https:\/\/cleanster.com\/es\/wp-json\/wp\/v2\/pages\/3050","targetHints":{"allow":["GET"]}}],"collection":[{"href":"https:\/\/cleanster.com\/es\/wp-json\/wp\/v2\/pages"}],"about":[{"href":"https:\/\/cleanster.com\/es\/wp-json\/wp\/v2\/types\/page"}],"author":[{"embeddable":true,"href":"https:\/\/cleanster.com\/es\/wp-json\/wp\/v2\/users\/2"}],"replies":[{"embeddable":true,"href":"https:\/\/cleanster.com\/es\/wp-json\/wp\/v2\/comments?post=3050"}],"version-history":[{"count":0,"href":"https:\/\/cleanster.com\/es\/wp-json\/wp\/v2\/pages\/3050\/revisions"}],"wp:featuredmedia":[{"embeddable":true,"href":"https:\/\/cleanster.com\/es\/wp-json\/wp\/v2\/media\/16058"}],"wp:attachment":[{"href":"https:\/\/cleanster.com\/es\/wp-json\/wp\/v2\/media?parent=3050"}],"curies":[{"name":"gracias","href":"https:\/\/api.w.org\/{rel}","templated":true}]}}