{"id":3436,"date":"2022-01-14T18:04:45","date_gmt":"2022-01-14T18:04:45","guid":{"rendered":"http:\/\/cleanster.ca\/?page_id=3436"},"modified":"2024-01-08T11:05:20","modified_gmt":"2024-01-08T11:05:20","slug":"entrar-y-salir-limpiando","status":"publish","type":"page","link":"https:\/\/cleanster.com\/es\/entrar-y-salir-limpiando\/","title":{"rendered":"Limpieza de entrada\/salida"},"content":{"rendered":"<h2><span style=\"color: #ffffff;\"><b>Aplicaci\u00f3n de limpieza para mudanzas de entrada y salida\u00a0<\/b><\/span><\/h2>\n<h2><span style=\"color: #ffffff;\"><span style=\"font-weight: 400;\">\u00bfBuscas una app de limpieza para mudanzas? Sin duda, puedes probarla. <\/span><a style=\"color: #ffffff;\" href=\"https:\/\/play.google.com\/store\/apps\/details?id=com.tidyapp.pro\"><span style=\"font-weight: 400;\">Limpiador.com\u00a0<\/span><\/a><span style=\"font-weight: 400;\"> para este servicio.\u00a0<\/span><\/span><\/h2>\n<p><span style=\"color: #ffffff;\"><span style=\"font-weight: 400;\">Hay innumerables tareas y procesos que debes realizar mientras te mudas de un lugar a otro. <\/span><a style=\"color: #ffffff;\" href=\"https:\/\/cleanster.com\/\/\"><span style=\"font-weight: 400;\">Limpiador.com\u00a0<\/span><\/a><span style=\"font-weight: 400;\"> Tiene soluciones tanto para servicios de limpieza de entrada como de salida.<\/span><\/span><\/p>\n<p><span style=\"font-weight: 400; color: #ffffff;\">Los profesionales de Cleanster.com limpiar\u00e1n a fondo su casa nueva o antigua para que su experiencia de mudanza sea lo m\u00e1s tranquila y sin preocupaciones posible y se encargar\u00e1n del desorden por usted.<\/span><\/p>\n<h2><span style=\"color: #ffffff;\"><b>Lista de verificaci\u00f3n para limpieza de mudanza La aplicaci\u00f3n Cleanster.com ofrece:<\/b><\/span><\/h2>\n<p><span style=\"font-weight: 400; color: #ffffff;\">Los profesionales de Cleanster.com pueden encargarse de todos los elementos de su lista de limpieza de mudanza sin da\u00f1ar la propiedad, para que pueda dedicar m\u00e1s tiempo a prepararse para la mudanza.\u00a0<\/span><\/p>\n<p><span style=\"font-weight: 400; color: #ffffff;\">Polvo (todo)<\/span><\/p>\n<p><span style=\"font-weight: 400; color: #ffffff;\">Limpiar los electrodom\u00e9sticos de la cocina<\/span><\/p>\n<p><span style=\"font-weight: 400; color: #ffffff;\">Limpiar los gabinetes<\/span><\/p>\n<p><span style=\"font-weight: 400; color: #ffffff;\">Limpiar fregaderos y encimeras<\/span><\/p>\n<p><span style=\"font-weight: 400; color: #ffffff;\">Fregar los inodoros<\/span><\/p>\n<p><span style=\"font-weight: 400; color: #ffffff;\">Fregar ducha y ba\u00f1era<\/span><\/p>\n<p><span style=\"font-weight: 400; color: #ffffff;\">Limpiar los rodapi\u00e9s<\/span><\/p>\n<p><span style=\"font-weight: 400; color: #ffffff;\">Aspirar y barrer todos los pisos.<\/span><\/p>\n<p><span style=\"font-weight: 400; color: #ffffff;\">Realizamos nuestro trabajo de limpieza y mudanzas de manera eficiente con nuestras manos profesionales. Puede personalizar su programa de limpieza y mudanzas seg\u00fan sus necesidades.\u00a0<\/span><\/p>\n<p><span style=\"color: #ffffff;\"><span style=\"font-weight: 400;\">No solo estamos ubicados cerca de usted<\/span><b>, <\/b><span style=\"font-weight: 400;\">Contamos con varios lugares para brindar varios servicios como <\/span><a style=\"color: #ffffff;\" href=\"https:\/\/cleanster.ca\/house-cleaning-in-austin-tx\/\"><span style=\"font-weight: 400;\">limpieza de la casa<\/span><\/a><span style=\"font-weight: 400;\">, <\/span><a style=\"color: #ffffff;\" href=\"https:\/\/cleanster.ca\/airbnb-cleaning-in-austin-tx\/\"><span style=\"font-weight: 400;\">limpieza de airbnb<\/span><\/a><span style=\"font-weight: 400;\">, <\/span><a style=\"color: #ffffff;\" href=\"https:\/\/cleanster.ca\/deep-cleaning-in-austin-tx-2\/\"><span style=\"font-weight: 400;\">limpieza profunda<\/span><\/a><span style=\"font-weight: 400;\">, <\/span><a style=\"color: #ffffff;\" href=\"https:\/\/cleanster.ca\/vacation-rental-cleaning-in-austin-tx\/\"><span style=\"font-weight: 400;\">limpieza de alquileres vacacionales<\/span><\/a><span style=\"font-weight: 400;\"> y muchos m\u00e1s.<\/span><\/span><\/p>\n<h2><span style=\"color: #ffffff;\"><b>Servicio de mudanza<\/b><\/span><\/h2>\n<p><span style=\"font-weight: 400; color: #ffffff;\">Mudarse a una casa es emocionante y tambi\u00e9n estresante. Hay muchas cosas que debes organizar antes de mudarte, como limpiar y preparar muebles nuevos, entre otras. Con Cleanster.com, nuestro experto puede realizar estas tareas con gran eficiencia. Nuestra excelente aplicaci\u00f3n tambi\u00e9n est\u00e1 disponible para el servicio de limpieza de mudanzas.<\/span><\/p>\n<p><span style=\"font-weight: 400; color: #ffffff;\">Limpiaremos a fondo su nueva casa, organizaremos los muebles pesados y nos aseguraremos de que todo est\u00e9 en \u00f3ptimas condiciones.<\/span><\/p>\n<p><span style=\"font-weight: 400; color: #ffffff;\">Ya sea que se mude o se mude de casa, dise\u00f1amos nuestra aplicaci\u00f3n para limpiadores de casas en mudanza a un precio asequible.\u00a0<\/span><\/p>\n<h2><span style=\"color: #ffffff;\"><b>Ventajas que puedes obtener<\/b><\/span><\/h2>\n<p><span style=\"font-weight: 400; color: #ffffff;\">Te ayudamos a ahorrar tiempo y somos mucho m\u00e1s seguros de lo que crees.<\/span><\/p>\n<p><span style=\"font-weight: 400; color: #ffffff;\">No necesitas pensar en la gesti\u00f3n de permisos y asesoramiento.<\/span><\/p>\n<p><span style=\"font-weight: 400; color: #ffffff;\">Contamos con el equipo de limpieza exacto.<\/span><\/p>\n<p><span style=\"font-weight: 400; color: #ffffff;\">Nuestro personal est\u00e1 altamente calificado en la remoci\u00f3n de art\u00edculos pesados.<\/span><\/p>","protected":false},"excerpt":{"rendered":"<p>Moving In and Out Cleaning App\u00a0 Are you looking for a moving-in and out cleaning app? Then without any doubt, you can try Cleanster.com\u00a0 for this service.\u00a0 There are countless tasks and processes you need to do while you are moving from one place to another. Cleanster.com\u00a0 has solutions for both move-in and out-cleaning services. [&hellip;]<\/p>\n","protected":false},"author":1,"featured_media":17319,"parent":0,"menu_order":0,"comment_status":"closed","ping_status":"closed","template":"templates\/services.php","meta":{"_acf_changed":false,"footnotes":""},"class_list":["post-3436","page","type-page","status-publish","has-post-thumbnail","hentry","entry"],"acf":[],"yoast_head":"<!-- This site is optimized with the Yoast SEO Premium plugin v26.5 (Yoast SEO v27.3) - https:\/\/yoast.com\/product\/yoast-seo-premium-wordpress\/ -->\n<title>Moving in and out cleaning app- Cleanster.com<\/title>\n<meta name=\"description\" content=\"The smartest way to book, pay, and find moving in and out cleaning service through Cleanster.com. Let&#039;s download\" \/>\n<meta name=\"robots\" content=\"index, follow, max-snippet:-1, max-image-preview:large, max-video-preview:-1\" \/>\n<link rel=\"canonical\" href=\"https:\/\/cleanster.com\/es\/entrar-y-salir-limpiando\/\" \/>\n<meta property=\"og:locale\" content=\"es_MX\" \/>\n<meta property=\"og:type\" content=\"article\" \/>\n<meta property=\"og:title\" content=\"Moving In\/ Out Cleaning - Cleanster | Cleaning &amp; Maid Services Near You\" \/>\n<meta property=\"og:description\" content=\"The smartest way to book, pay, and find moving in and out cleaning service through Cleanster.com. Let&#039;s download\" \/>\n<meta property=\"og:url\" content=\"https:\/\/cleanster.com\/es\/entrar-y-salir-limpiando\/\" \/>\n<meta property=\"og:site_name\" content=\"Cleanster | Cleaning &amp; Maid Services Near You\" \/>\n<meta property=\"article:publisher\" content=\"https:\/\/www.facebook.com\/cleansterhq\" \/>\n<meta property=\"article:modified_time\" content=\"2024-01-08T11:05:20+00:00\" \/>\n<meta property=\"og:image\" content=\"https:\/\/cleanster.com\/wp-content\/uploads\/2023\/11\/moving-img.jpg\" \/>\n\t<meta property=\"og:image:width\" content=\"950\" \/>\n\t<meta property=\"og:image:height\" content=\"670\" \/>\n\t<meta property=\"og:image:type\" content=\"image\/jpeg\" \/>\n<meta name=\"twitter:card\" content=\"summary_large_image\" \/>\n<meta name=\"twitter:site\" content=\"@cleansterhq\" \/>\n<meta name=\"twitter:label1\" content=\"Tiempo de lectura\" \/>\n\t<meta name=\"twitter:data1\" content=\"2 minutos\" \/>\n<script type=\"application\/ld+json\" class=\"yoast-schema-graph\">{\"@context\":\"https:\\\/\\\/schema.org\",\"@graph\":[{\"@type\":\"WebPage\",\"@id\":\"https:\\\/\\\/cleanster.com\\\/moving-in-out-cleaning\\\/\",\"url\":\"https:\\\/\\\/cleanster.com\\\/moving-in-out-cleaning\\\/\",\"name\":\"Moving in and out cleaning app- Cleanster.com\",\"isPartOf\":{\"@id\":\"https:\\\/\\\/cleanster.com\\\/#website\"},\"primaryImageOfPage\":{\"@id\":\"https:\\\/\\\/cleanster.com\\\/moving-in-out-cleaning\\\/#primaryimage\"},\"image\":{\"@id\":\"https:\\\/\\\/cleanster.com\\\/moving-in-out-cleaning\\\/#primaryimage\"},\"thumbnailUrl\":\"https:\\\/\\\/cleanster.com\\\/wp-content\\\/uploads\\\/2023\\\/11\\\/moving-img.jpg\",\"datePublished\":\"2022-01-14T18:04:45+00:00\",\"dateModified\":\"2024-01-08T11:05:20+00:00\",\"description\":\"The smartest way to book, pay, and find moving in and out cleaning service through Cleanster.com. Let's download\",\"inLanguage\":\"es\",\"potentialAction\":[{\"@type\":\"ReadAction\",\"target\":[\"https:\\\/\\\/cleanster.com\\\/moving-in-out-cleaning\\\/\"]}]},{\"@type\":\"ImageObject\",\"inLanguage\":\"es\",\"@id\":\"https:\\\/\\\/cleanster.com\\\/moving-in-out-cleaning\\\/#primaryimage\",\"url\":\"https:\\\/\\\/cleanster.com\\\/wp-content\\\/uploads\\\/2023\\\/11\\\/moving-img.jpg\",\"contentUrl\":\"https:\\\/\\\/cleanster.com\\\/wp-content\\\/uploads\\\/2023\\\/11\\\/moving-img.jpg\",\"width\":950,\"height\":670},{\"@type\":\"WebSite\",\"@id\":\"https:\\\/\\\/cleanster.com\\\/#website\",\"url\":\"https:\\\/\\\/cleanster.com\\\/\",\"name\":\"Cleanster | Cleaning & Maid Services Near You\",\"description\":\"Instantly find &amp; book trusted cleaners for homes, apartment, Airbnb, and offices. Cleanster offers affordable maid, housekeeping, and commercial cleaning services near you.\",\"publisher\":{\"@id\":\"https:\\\/\\\/cleanster.com\\\/#organization\"},\"alternateName\":\"Cleanster | Cleaning, Maid & Housekeeping Services for Everyone\",\"potentialAction\":[{\"@type\":\"SearchAction\",\"target\":{\"@type\":\"EntryPoint\",\"urlTemplate\":\"https:\\\/\\\/cleanster.com\\\/?s={search_term_string}\"},\"query-input\":{\"@type\":\"PropertyValueSpecification\",\"valueRequired\":true,\"valueName\":\"search_term_string\"}}],\"inLanguage\":\"es\"},{\"@type\":\"Organization\",\"@id\":\"https:\\\/\\\/cleanster.com\\\/#organization\",\"name\":\"Cleanster\",\"alternateName\":\"Cleanster.com\",\"url\":\"https:\\\/\\\/cleanster.com\\\/\",\"logo\":{\"@type\":\"ImageObject\",\"inLanguage\":\"es\",\"@id\":\"https:\\\/\\\/cleanster.com\\\/#\\\/schema\\\/logo\\\/image\\\/\",\"url\":\"https:\\\/\\\/cleanster.com\\\/wp-content\\\/uploads\\\/2025\\\/06\\\/Cleanster-Logo-1.svg\",\"contentUrl\":\"https:\\\/\\\/cleanster.com\\\/wp-content\\\/uploads\\\/2025\\\/06\\\/Cleanster-Logo-1.svg\",\"width\":1,\"height\":1,\"caption\":\"Cleanster\"},\"image\":{\"@id\":\"https:\\\/\\\/cleanster.com\\\/#\\\/schema\\\/logo\\\/image\\\/\"},\"sameAs\":[\"https:\\\/\\\/www.facebook.com\\\/cleansterhq\",\"https:\\\/\\\/x.com\\\/cleansterhq\",\"https:\\\/\\\/www.linkedin.com\\\/company\\\/cleansterhq\",\"https:\\\/\\\/www.instagram.com\\\/cleansterhq\",\"https:\\\/\\\/vm.tiktok.com\\\/ZM8vHmcuo\\\/\",\"https:\\\/\\\/www.clubhouse.com\\\/club\\\/cleanstercom\"],\"description\":\"Cleanster is an AI-powered cleaning services platform that connects Airbnb hosts, property managers, and commercial clients with vetted, on-demand cleaners. We offer apartment, house, Airbnb, commercial, and janitorial cleaning services. With a network of over 100,000 professionals across the US, Canada, and the UK, Cleanster delivers fast, reliable, and tech-enabled cleaning at scale.\",\"email\":\"support@cleanster.com\",\"telephone\":\"+1 (888) 788-2445\",\"legalName\":\"Cleanster, Inc.\",\"foundingDate\":\"2019-05-06\",\"duns\":\"118328526\",\"naics\":\"541511\",\"numberOfEmployees\":{\"@type\":\"QuantitativeValue\",\"minValue\":\"11\",\"maxValue\":\"50\"}}]}<\/script>\n<!-- \/ Yoast SEO Premium plugin. -->","yoast_head_json":{"title":"Aplicaci\u00f3n de limpieza para entrar y salir: Cleanster.com","description":"La forma m\u00e1s inteligente de reservar, pagar y encontrar servicios de limpieza de entrada y salida a trav\u00e9s de Cleanster.com. descarguemos","robots":{"index":"index","follow":"follow","max-snippet":"max-snippet:-1","max-image-preview":"max-image-preview:large","max-video-preview":"max-video-preview:-1"},"canonical":"https:\/\/cleanster.com\/es\/entrar-y-salir-limpiando\/","og_locale":"es_MX","og_type":"article","og_title":"Moving In\/ Out Cleaning - Cleanster | Cleaning &amp; Maid Services Near You","og_description":"The smartest way to book, pay, and find moving in and out cleaning service through Cleanster.com. Let's download","og_url":"https:\/\/cleanster.com\/es\/entrar-y-salir-limpiando\/","og_site_name":"Cleanster | Cleaning &amp; Maid Services Near You","article_publisher":"https:\/\/www.facebook.com\/cleansterhq","article_modified_time":"2024-01-08T11:05:20+00:00","og_image":[{"width":950,"height":670,"url":"https:\/\/cleanster.com\/wp-content\/uploads\/2023\/11\/moving-img.jpg","type":"image\/jpeg"}],"twitter_card":"summary_large_image","twitter_site":"@cleansterhq","twitter_misc":{"Tiempo de lectura":"2 minutos"},"schema":{"@context":"https:\/\/schema.org","@graph":[{"@type":"WebPage","@id":"https:\/\/cleanster.com\/moving-in-out-cleaning\/","url":"https:\/\/cleanster.com\/moving-in-out-cleaning\/","name":"Aplicaci\u00f3n de limpieza para entrar y salir: Cleanster.com","isPartOf":{"@id":"https:\/\/cleanster.com\/#website"},"primaryImageOfPage":{"@id":"https:\/\/cleanster.com\/moving-in-out-cleaning\/#primaryimage"},"image":{"@id":"https:\/\/cleanster.com\/moving-in-out-cleaning\/#primaryimage"},"thumbnailUrl":"https:\/\/cleanster.com\/wp-content\/uploads\/2023\/11\/moving-img.jpg","datePublished":"2022-01-14T18:04:45+00:00","dateModified":"2024-01-08T11:05:20+00:00","description":"La forma m\u00e1s inteligente de reservar, pagar y encontrar servicios de limpieza de entrada y salida a trav\u00e9s de Cleanster.com. descarguemos","inLanguage":"es","potentialAction":[{"@type":"ReadAction","target":["https:\/\/cleanster.com\/moving-in-out-cleaning\/"]}]},{"@type":"ImageObject","inLanguage":"es","@id":"https:\/\/cleanster.com\/moving-in-out-cleaning\/#primaryimage","url":"https:\/\/cleanster.com\/wp-content\/uploads\/2023\/11\/moving-img.jpg","contentUrl":"https:\/\/cleanster.com\/wp-content\/uploads\/2023\/11\/moving-img.jpg","width":950,"height":670},{"@type":"WebSite","@id":"https:\/\/cleanster.com\/#website","url":"https:\/\/cleanster.com\/","name":"Cleanster | Servicios de limpieza y limpieza cerca de ti","description":"Encuentra y reserva al instante limpiadores de confianza para casas, apartamentos, Airbnb y oficinas. Cleanster ofrece servicios de limpieza dom\u00e9stica, limpieza del hogar y limpieza comercial a precios accesibles cerca de ti.","publisher":{"@id":"https:\/\/cleanster.com\/#organization"},"alternateName":"Cleanster | Cleaning, Maid & Housekeeping Services for Everyone","potentialAction":[{"@type":"SearchAction","target":{"@type":"EntryPoint","urlTemplate":"https:\/\/cleanster.com\/?s={search_term_string}"},"query-input":{"@type":"PropertyValueSpecification","valueRequired":true,"valueName":"search_term_string"}}],"inLanguage":"es"},{"@type":"Organization","@id":"https:\/\/cleanster.com\/#organization","name":"Limpiador","alternateName":"Cleanster.com","url":"https:\/\/cleanster.com\/","logo":{"@type":"ImageObject","inLanguage":"es","@id":"https:\/\/cleanster.com\/#\/schema\/logo\/image\/","url":"https:\/\/cleanster.com\/wp-content\/uploads\/2025\/06\/Cleanster-Logo-1.svg","contentUrl":"https:\/\/cleanster.com\/wp-content\/uploads\/2025\/06\/Cleanster-Logo-1.svg","width":1,"height":1,"caption":"Cleanster"},"image":{"@id":"https:\/\/cleanster.com\/#\/schema\/logo\/image\/"},"sameAs":["https:\/\/www.facebook.com\/cleansterhq","https:\/\/x.com\/cleansterhq","https:\/\/www.linkedin.com\/company\/cleansterhq","https:\/\/www.instagram.com\/cleansterhq","https:\/\/vm.tiktok.com\/ZM8vHmcuo\/","https:\/\/www.clubhouse.com\/club\/cleanstercom"],"description":"Cleanster es una plataforma de servicios de limpieza con inteligencia artificial que conecta a anfitriones, administradores de propiedades y clientes comerciales de Airbnb con limpiadores verificados y a demanda. Ofrecemos servicios de limpieza de apartamentos, casas, Airbnb, comercios y conserjer\u00eda. Con una red de m\u00e1s de 100,000 profesionales en EE. UU., Canad\u00e1 y el Reino Unido, Cleanster ofrece una limpieza r\u00e1pida, confiable y tecnol\u00f3gica a gran escala.","email":"support@cleanster.com","telephone":"+1 (888) 788-2445","legalName":"Cleanster, Inc.","foundingDate":"2019-05-06","duns":"118328526","naics":"541511","numberOfEmployees":{"@type":"QuantitativeValue","minValue":"11","maxValue":"50"}}]}},"_links":{"self":[{"href":"https:\/\/cleanster.com\/es\/wp-json\/wp\/v2\/pages\/3436","targetHints":{"allow":["GET"]}}],"collection":[{"href":"https:\/\/cleanster.com\/es\/wp-json\/wp\/v2\/pages"}],"about":[{"href":"https:\/\/cleanster.com\/es\/wp-json\/wp\/v2\/types\/page"}],"author":[{"embeddable":true,"href":"https:\/\/cleanster.com\/es\/wp-json\/wp\/v2\/users\/1"}],"replies":[{"embeddable":true,"href":"https:\/\/cleanster.com\/es\/wp-json\/wp\/v2\/comments?post=3436"}],"version-history":[{"count":0,"href":"https:\/\/cleanster.com\/es\/wp-json\/wp\/v2\/pages\/3436\/revisions"}],"wp:featuredmedia":[{"embeddable":true,"href":"https:\/\/cleanster.com\/es\/wp-json\/wp\/v2\/media\/17319"}],"wp:attachment":[{"href":"https:\/\/cleanster.com\/es\/wp-json\/wp\/v2\/media?parent=3436"}],"curies":[{"name":"gracias","href":"https:\/\/api.w.org\/{rel}","templated":true}]}}