{"id":4322,"date":"2022-01-24T15:53:01","date_gmt":"2022-01-24T15:53:01","guid":{"rendered":"https:\/\/cleanster.com\/?page_id=4322"},"modified":"2023-10-31T09:06:14","modified_gmt":"2023-10-31T09:06:14","slug":"por-que-necesitas-una-aplicacion-mas-limpia","status":"publish","type":"page","link":"https:\/\/cleanster.com\/es\/por-que-necesitas-una-aplicacion-mas-limpia\/","title":{"rendered":"\u00bfPor qu\u00e9 necesitas un limpiador?"},"content":{"rendered":"<h2><span style=\"font-weight: 400; color: #ffffff;\">La necesidad del limpiador<\/span><\/h2>\n<p><span style=\"font-weight: 400; color: #ffffff;\">No todo el mundo tiene tiempo para limpiar, quitar el polvo del suelo o de los muebles. Adem\u00e1s, tambi\u00e9n puedes ensuciarte mientras haces esas cosas. A veces hay que llegar a rincones o lugares peque\u00f1os para limpiar. Por supuesto, tampoco querr\u00e1s limpiar el inodoro despu\u00e9s de un tiempo. Por lo tanto, todo esto le costar\u00e1 tiempo y frescura valiosos. Por lo tanto, es posible que no desees hacer estas cosas. En su lugar, es posible que desee que alguien que sea profesional y econ\u00f3mico lo haga por usted. Aqu\u00ed surge la necesidad de <a style=\"color: #ffffff;\" href=\"https:\/\/play.google.com\/store\/apps\/details?id=com.tidyapp&amp;hl=en_US&amp;gl=US\">Limpiador<span style=\"font-weight: 400;\">.com<\/span><\/a>.<\/span><\/p>\n<p><span style=\"font-weight: 400; color: #ffffff;\">Utilizando los servicios, puede obtener su hogar, oficina, <a style=\"color: #ffffff;\" href=\"https:\/\/cleanster.com\/airbnb-cleaning-service\/\">Airbnb<\/a> limpiado cuidadosamente sin tocar un poco de suciedad o agua. Simplemente puede hacer clic en para contratar a un limpiador profesional para realizar este trabajo. Proporcione la informaci\u00f3n necesaria, incluida su direcci\u00f3n, al reservar el servicio y un profesional estar\u00e1 en su puerta antes de saberlo.\u00a0<\/span><\/p>\n<p><span style=\"font-weight: 400; color: #ffffff;\">Ahora llegamos a la parte donde preguntas sobre la necesidad del Cleanster.<span style=\"font-weight: 400;\">.com<\/span>. Para su informaci\u00f3n, le informamos que no existe ning\u00fan contrato entre usted y el Limpiador.<span style=\"font-weight: 400;\">.com<\/span>. Simplemente contrata a un limpiador profesional usando nuestra aplicaci\u00f3n en el \u00e1rea seleccionada y le paga, lo cual es completamente seguro.<\/span><\/p>\n<p><span style=\"font-weight: 400; color: #ffffff;\">Simplemente es mejor para usted no celebrar ning\u00fan contrato por tiempo. Contratas a un limpiador cada vez que sientes la necesidad. Su hogar, oficina o Airbnb quedar\u00e1n lo m\u00e1s limpios posible. Incluso para los propietarios, le ayudamos a que su propiedad est\u00e9 presentable. En un uso prolongado, las cosas se acumulan suciedad y grasa.<\/span><\/p>\n<p><span style=\"font-weight: 400; color: #ffffff;\">Hacemos una verificaci\u00f3n exhaustiva del curr\u00edculum de cada limpiador y nos aseguramos de que su propiedad est\u00e9 en buenas manos. As\u00ed que no te preocupes por la seguridad.<\/span><\/p>\n<p><span style=\"font-weight: 400; color: #ffffff;\">Entonces, \u00bfnecesitas limpiar tu casa, oficina, departamento o Airbnb? Descarga el limpiador<span style=\"font-weight: 400;\">.com<\/span> desde Play Store o App Store y consiga que un profesional lo limpie.<\/span><\/p>","protected":false},"excerpt":{"rendered":"<p>The necessity of the Cleanster Not everyone has the time to spend on cleaning, getting the dust off the floor or furniture. Plus, you can also get yourself dirty while doing such things. You have to get to tiny corners or places in order to clean sometimes. Of course, you don\u2019t want to clean your [&hellip;]<\/p>\n","protected":false},"author":1,"featured_media":16248,"parent":0,"menu_order":0,"comment_status":"closed","ping_status":"closed","template":"templates\/why-cleanster.php","meta":{"_acf_changed":false,"footnotes":""},"class_list":["post-4322","page","type-page","status-publish","has-post-thumbnail","hentry","entry"],"acf":[],"yoast_head":"<!-- This site is optimized with the Yoast SEO Premium plugin v26.5 (Yoast SEO v27.3) - https:\/\/yoast.com\/product\/yoast-seo-premium-wordpress\/ -->\n<title>Why Do You Need Cleanster? -<\/title>\n<meta name=\"description\" content=\"Not everyone has the time to spend on cleaning, getting the dust off the floor or furniture. Cleanster.com App is the best cleaning app solution.\" \/>\n<meta name=\"robots\" content=\"index, follow, max-snippet:-1, max-image-preview:large, max-video-preview:-1\" \/>\n<link rel=\"canonical\" href=\"https:\/\/cleanster.com\/es\/por-que-necesitas-una-aplicacion-mas-limpia\/\" \/>\n<meta property=\"og:locale\" content=\"es_MX\" \/>\n<meta property=\"og:type\" content=\"article\" \/>\n<meta property=\"og:title\" content=\"Why Do You Need Cleanster? - Cleanster | Cleaning &amp; Maid Services Near You\" \/>\n<meta property=\"og:description\" content=\"Not everyone has the time to spend on cleaning, getting the dust off the floor or furniture. Cleanster.com App is the best cleaning app solution.\" \/>\n<meta property=\"og:url\" content=\"https:\/\/cleanster.com\/es\/por-que-necesitas-una-aplicacion-mas-limpia\/\" \/>\n<meta property=\"og:site_name\" content=\"Cleanster | Cleaning &amp; Maid Services Near You\" \/>\n<meta property=\"article:publisher\" content=\"https:\/\/www.facebook.com\/cleansterhq\" \/>\n<meta property=\"article:modified_time\" content=\"2023-10-31T09:06:14+00:00\" \/>\n<meta property=\"og:image\" content=\"https:\/\/cleanster.com\/wp-content\/uploads\/2023\/10\/1.png\" \/>\n\t<meta property=\"og:image:width\" content=\"1440\" \/>\n\t<meta property=\"og:image:height\" content=\"700\" \/>\n\t<meta property=\"og:image:type\" content=\"image\/png\" \/>\n<meta name=\"twitter:card\" content=\"summary_large_image\" \/>\n<meta name=\"twitter:site\" content=\"@cleansterhq\" \/>\n<meta name=\"twitter:label1\" content=\"Tiempo de lectura\" \/>\n\t<meta name=\"twitter:data1\" content=\"2 minutos\" \/>\n<script type=\"application\/ld+json\" class=\"yoast-schema-graph\">{\"@context\":\"https:\\\/\\\/schema.org\",\"@graph\":[{\"@type\":\"WebPage\",\"@id\":\"https:\\\/\\\/cleanster.com\\\/why-do-you-need-cleanster-app\\\/\",\"url\":\"https:\\\/\\\/cleanster.com\\\/why-do-you-need-cleanster-app\\\/\",\"name\":\"Why Do You Need Cleanster? -\",\"isPartOf\":{\"@id\":\"https:\\\/\\\/cleanster.com\\\/#website\"},\"primaryImageOfPage\":{\"@id\":\"https:\\\/\\\/cleanster.com\\\/why-do-you-need-cleanster-app\\\/#primaryimage\"},\"image\":{\"@id\":\"https:\\\/\\\/cleanster.com\\\/why-do-you-need-cleanster-app\\\/#primaryimage\"},\"thumbnailUrl\":\"https:\\\/\\\/cleanster.com\\\/wp-content\\\/uploads\\\/2023\\\/10\\\/1.png\",\"datePublished\":\"2022-01-24T15:53:01+00:00\",\"dateModified\":\"2023-10-31T09:06:14+00:00\",\"description\":\"Not everyone has the time to spend on cleaning, getting the dust off the floor or furniture. Cleanster.com App is the best cleaning app solution.\",\"inLanguage\":\"es\",\"potentialAction\":[{\"@type\":\"ReadAction\",\"target\":[\"https:\\\/\\\/cleanster.com\\\/why-do-you-need-cleanster-app\\\/\"]}]},{\"@type\":\"ImageObject\",\"inLanguage\":\"es\",\"@id\":\"https:\\\/\\\/cleanster.com\\\/why-do-you-need-cleanster-app\\\/#primaryimage\",\"url\":\"https:\\\/\\\/cleanster.com\\\/wp-content\\\/uploads\\\/2023\\\/10\\\/1.png\",\"contentUrl\":\"https:\\\/\\\/cleanster.com\\\/wp-content\\\/uploads\\\/2023\\\/10\\\/1.png\",\"width\":1440,\"height\":700},{\"@type\":\"WebSite\",\"@id\":\"https:\\\/\\\/cleanster.com\\\/#website\",\"url\":\"https:\\\/\\\/cleanster.com\\\/\",\"name\":\"Cleanster | Cleaning & Maid Services Near You\",\"description\":\"Instantly find &amp; book trusted cleaners for homes, apartment, Airbnb, and offices. Cleanster offers affordable maid, housekeeping, and commercial cleaning services near you.\",\"publisher\":{\"@id\":\"https:\\\/\\\/cleanster.com\\\/#organization\"},\"alternateName\":\"Cleanster | Cleaning, Maid & Housekeeping Services for Everyone\",\"potentialAction\":[{\"@type\":\"SearchAction\",\"target\":{\"@type\":\"EntryPoint\",\"urlTemplate\":\"https:\\\/\\\/cleanster.com\\\/?s={search_term_string}\"},\"query-input\":{\"@type\":\"PropertyValueSpecification\",\"valueRequired\":true,\"valueName\":\"search_term_string\"}}],\"inLanguage\":\"es\"},{\"@type\":\"Organization\",\"@id\":\"https:\\\/\\\/cleanster.com\\\/#organization\",\"name\":\"Cleanster\",\"alternateName\":\"Cleanster.com\",\"url\":\"https:\\\/\\\/cleanster.com\\\/\",\"logo\":{\"@type\":\"ImageObject\",\"inLanguage\":\"es\",\"@id\":\"https:\\\/\\\/cleanster.com\\\/#\\\/schema\\\/logo\\\/image\\\/\",\"url\":\"https:\\\/\\\/cleanster.com\\\/wp-content\\\/uploads\\\/2025\\\/06\\\/Cleanster-Logo-1.svg\",\"contentUrl\":\"https:\\\/\\\/cleanster.com\\\/wp-content\\\/uploads\\\/2025\\\/06\\\/Cleanster-Logo-1.svg\",\"width\":1,\"height\":1,\"caption\":\"Cleanster\"},\"image\":{\"@id\":\"https:\\\/\\\/cleanster.com\\\/#\\\/schema\\\/logo\\\/image\\\/\"},\"sameAs\":[\"https:\\\/\\\/www.facebook.com\\\/cleansterhq\",\"https:\\\/\\\/x.com\\\/cleansterhq\",\"https:\\\/\\\/www.linkedin.com\\\/company\\\/cleansterhq\",\"https:\\\/\\\/www.instagram.com\\\/cleansterhq\",\"https:\\\/\\\/vm.tiktok.com\\\/ZM8vHmcuo\\\/\",\"https:\\\/\\\/www.clubhouse.com\\\/club\\\/cleanstercom\"],\"description\":\"Cleanster is an AI-powered cleaning services platform that connects Airbnb hosts, property managers, and commercial clients with vetted, on-demand cleaners. We offer apartment, house, Airbnb, commercial, and janitorial cleaning services. With a network of over 100,000 professionals across the US, Canada, and the UK, Cleanster delivers fast, reliable, and tech-enabled cleaning at scale.\",\"email\":\"support@cleanster.com\",\"telephone\":\"+1 (888) 788-2445\",\"legalName\":\"Cleanster, Inc.\",\"foundingDate\":\"2019-05-06\",\"duns\":\"118328526\",\"naics\":\"541511\",\"numberOfEmployees\":{\"@type\":\"QuantitativeValue\",\"minValue\":\"11\",\"maxValue\":\"50\"}}]}<\/script>\n<!-- \/ Yoast SEO Premium plugin. -->","yoast_head_json":{"title":"\u00bfPor qu\u00e9 necesitas un limpiador? -","description":"No todo el mundo tiene tiempo para limpiar, quitar el polvo del suelo o de los muebles. La aplicaci\u00f3n Cleanster.com es la mejor soluci\u00f3n de aplicaci\u00f3n de limpieza.","robots":{"index":"index","follow":"follow","max-snippet":"max-snippet:-1","max-image-preview":"max-image-preview:large","max-video-preview":"max-video-preview:-1"},"canonical":"https:\/\/cleanster.com\/es\/por-que-necesitas-una-aplicacion-mas-limpia\/","og_locale":"es_MX","og_type":"article","og_title":"Why Do You Need Cleanster? - Cleanster | Cleaning &amp; Maid Services Near You","og_description":"Not everyone has the time to spend on cleaning, getting the dust off the floor or furniture. Cleanster.com App is the best cleaning app solution.","og_url":"https:\/\/cleanster.com\/es\/por-que-necesitas-una-aplicacion-mas-limpia\/","og_site_name":"Cleanster | Cleaning &amp; Maid Services Near You","article_publisher":"https:\/\/www.facebook.com\/cleansterhq","article_modified_time":"2023-10-31T09:06:14+00:00","og_image":[{"width":1440,"height":700,"url":"https:\/\/cleanster.com\/wp-content\/uploads\/2023\/10\/1.png","type":"image\/png"}],"twitter_card":"summary_large_image","twitter_site":"@cleansterhq","twitter_misc":{"Tiempo de lectura":"2 minutos"},"schema":{"@context":"https:\/\/schema.org","@graph":[{"@type":"WebPage","@id":"https:\/\/cleanster.com\/why-do-you-need-cleanster-app\/","url":"https:\/\/cleanster.com\/why-do-you-need-cleanster-app\/","name":"\u00bfPor qu\u00e9 necesitas un limpiador? -","isPartOf":{"@id":"https:\/\/cleanster.com\/#website"},"primaryImageOfPage":{"@id":"https:\/\/cleanster.com\/why-do-you-need-cleanster-app\/#primaryimage"},"image":{"@id":"https:\/\/cleanster.com\/why-do-you-need-cleanster-app\/#primaryimage"},"thumbnailUrl":"https:\/\/cleanster.com\/wp-content\/uploads\/2023\/10\/1.png","datePublished":"2022-01-24T15:53:01+00:00","dateModified":"2023-10-31T09:06:14+00:00","description":"No todo el mundo tiene tiempo para limpiar, quitar el polvo del suelo o de los muebles. La aplicaci\u00f3n Cleanster.com es la mejor soluci\u00f3n de aplicaci\u00f3n de limpieza.","inLanguage":"es","potentialAction":[{"@type":"ReadAction","target":["https:\/\/cleanster.com\/why-do-you-need-cleanster-app\/"]}]},{"@type":"ImageObject","inLanguage":"es","@id":"https:\/\/cleanster.com\/why-do-you-need-cleanster-app\/#primaryimage","url":"https:\/\/cleanster.com\/wp-content\/uploads\/2023\/10\/1.png","contentUrl":"https:\/\/cleanster.com\/wp-content\/uploads\/2023\/10\/1.png","width":1440,"height":700},{"@type":"WebSite","@id":"https:\/\/cleanster.com\/#website","url":"https:\/\/cleanster.com\/","name":"Cleanster | Servicios de limpieza y limpieza cerca de ti","description":"Encuentra y reserva al instante limpiadores de confianza para casas, apartamentos, Airbnb y oficinas. Cleanster ofrece servicios de limpieza dom\u00e9stica, limpieza del hogar y limpieza comercial a precios accesibles cerca de ti.","publisher":{"@id":"https:\/\/cleanster.com\/#organization"},"alternateName":"Cleanster | Cleaning, Maid & Housekeeping Services for Everyone","potentialAction":[{"@type":"SearchAction","target":{"@type":"EntryPoint","urlTemplate":"https:\/\/cleanster.com\/?s={search_term_string}"},"query-input":{"@type":"PropertyValueSpecification","valueRequired":true,"valueName":"search_term_string"}}],"inLanguage":"es"},{"@type":"Organization","@id":"https:\/\/cleanster.com\/#organization","name":"Limpiador","alternateName":"Cleanster.com","url":"https:\/\/cleanster.com\/","logo":{"@type":"ImageObject","inLanguage":"es","@id":"https:\/\/cleanster.com\/#\/schema\/logo\/image\/","url":"https:\/\/cleanster.com\/wp-content\/uploads\/2025\/06\/Cleanster-Logo-1.svg","contentUrl":"https:\/\/cleanster.com\/wp-content\/uploads\/2025\/06\/Cleanster-Logo-1.svg","width":1,"height":1,"caption":"Cleanster"},"image":{"@id":"https:\/\/cleanster.com\/#\/schema\/logo\/image\/"},"sameAs":["https:\/\/www.facebook.com\/cleansterhq","https:\/\/x.com\/cleansterhq","https:\/\/www.linkedin.com\/company\/cleansterhq","https:\/\/www.instagram.com\/cleansterhq","https:\/\/vm.tiktok.com\/ZM8vHmcuo\/","https:\/\/www.clubhouse.com\/club\/cleanstercom"],"description":"Cleanster es una plataforma de servicios de limpieza con inteligencia artificial que conecta a anfitriones, administradores de propiedades y clientes comerciales de Airbnb con limpiadores verificados y a demanda. Ofrecemos servicios de limpieza de apartamentos, casas, Airbnb, comercios y conserjer\u00eda. Con una red de m\u00e1s de 100,000 profesionales en EE. UU., Canad\u00e1 y el Reino Unido, Cleanster ofrece una limpieza r\u00e1pida, confiable y tecnol\u00f3gica a gran escala.","email":"support@cleanster.com","telephone":"+1 (888) 788-2445","legalName":"Cleanster, Inc.","foundingDate":"2019-05-06","duns":"118328526","naics":"541511","numberOfEmployees":{"@type":"QuantitativeValue","minValue":"11","maxValue":"50"}}]}},"_links":{"self":[{"href":"https:\/\/cleanster.com\/es\/wp-json\/wp\/v2\/pages\/4322","targetHints":{"allow":["GET"]}}],"collection":[{"href":"https:\/\/cleanster.com\/es\/wp-json\/wp\/v2\/pages"}],"about":[{"href":"https:\/\/cleanster.com\/es\/wp-json\/wp\/v2\/types\/page"}],"author":[{"embeddable":true,"href":"https:\/\/cleanster.com\/es\/wp-json\/wp\/v2\/users\/1"}],"replies":[{"embeddable":true,"href":"https:\/\/cleanster.com\/es\/wp-json\/wp\/v2\/comments?post=4322"}],"version-history":[{"count":0,"href":"https:\/\/cleanster.com\/es\/wp-json\/wp\/v2\/pages\/4322\/revisions"}],"wp:featuredmedia":[{"embeddable":true,"href":"https:\/\/cleanster.com\/es\/wp-json\/wp\/v2\/media\/16248"}],"wp:attachment":[{"href":"https:\/\/cleanster.com\/es\/wp-json\/wp\/v2\/media?parent=4322"}],"curies":[{"name":"gracias","href":"https:\/\/api.w.org\/{rel}","templated":true}]}}