{"id":4515,"date":"2022-01-24T18:36:08","date_gmt":"2022-01-24T18:36:08","guid":{"rendered":"https:\/\/cleanster.com\/?page_id=4515"},"modified":"2024-01-09T08:02:09","modified_gmt":"2024-01-09T08:02:09","slug":"que-es-la-aplicacion-mas-limpia","status":"publish","type":"page","link":"https:\/\/cleanster.com\/es\/que-es-la-aplicacion-mas-limpia\/","title":{"rendered":"\u00bfQu\u00e9 es Cleanster?"},"content":{"rendered":"<h2><span style=\"font-weight: 400; color: #ffffff;\">\u00bfQu\u00e9 es el Cleanster?<span style=\"font-weight: 400;\">.com<\/span>?<\/span><\/h2>\n<p><span style=\"font-weight: 400; color: #ffffff;\">El <a style=\"color: #ffffff;\" href=\"https:\/\/cleanster.com\/how-to-download-tidy-app\/\">Limpiador<span style=\"font-weight: 400;\">.com<\/span><\/a> Es lo que consideras un punto intermedio entre los servicios de limpieza profesionales y las personas que necesitan una limpieza profunda. Conectamos a limpiadores verificados y amables con personas o propietarios muy ocupados que necesitan una limpieza profunda. Como est\u00e1s muy ocupado con tu trabajo todo el d\u00eda, no tienes mucho tiempo para limpiar tu casa. Adem\u00e1s, no es f\u00e1cil limpiarla bien. As\u00ed que no te preocupes, la aplicaci\u00f3n est\u00e1 aqu\u00ed. Un limpiador profesional llamar\u00e1 a tu puerta con un simple clic en tu tel\u00e9fono. El proceso es como el de Uber, y ya lo sabes.\u00a0<\/span><\/p>\n<p><span style=\"font-weight: 400; color: #ffffff;\">Uso del limpiador<span style=\"font-weight: 400;\">.com<\/span>Puede reservar de forma segura un limpiador profesional para limpiar su propiedad, como su casa, oficina o Airbnb, de manera muy r\u00e1pida y adecuada.<\/span><\/p>\n<p><span style=\"font-weight: 400; color: #ffffff;\">El servicio del Cleanster<span style=\"font-weight: 400;\">.com<\/span> Actualmente est\u00e1 disponible para EE. UU., Reino Unido y Canad\u00e1. Si vives en alguno de estos fant\u00e1sticos pa\u00edses, puedes obtener el servicio de la aplicaci\u00f3n f\u00e1cilmente. Si buscas una limpieza profesional o profunda,... <a style=\"color: #ffffff;\" href=\"https:\/\/play.google.com\/store\/apps\/details?id=com.tidyapp&amp;hl=en_US&amp;gl=US\">Limpiador<span style=\"font-weight: 400;\">.com<\/span><\/a> Est\u00e1 aqu\u00ed para usted.\u00a0<\/span><\/p>\n<p><span style=\"font-weight: 400; color: #ffffff;\">El limpiador<span style=\"font-weight: 400;\">.com<\/span> Es r\u00e1pido y seguro. Al reservar un servicio de limpieza, este estar\u00e1 en su direcci\u00f3n lo antes posible. Si le preocupa la seguridad, le garantizamos la total seguridad de usted y de su propiedad. Al registrar a los limpiadores, realizamos una verificaci\u00f3n exhaustiva de sus antecedentes y nos aseguramos de que est\u00e9n limpios.\u00a0<\/span><\/p>\n<p><span style=\"font-weight: 400; color: #ffffff;\">Finalmente, quiz\u00e1s te preguntes c\u00f3mo puedes conseguir el Cleanster.<span style=\"font-weight: 400;\">.com<\/span> en tu dispositivo. La respuesta est\u00e1 aqu\u00ed. Para obtener el Cleanster<span style=\"font-weight: 400;\">.com<\/span> En tu Android, ve a Google Play Store, busca la aplicaci\u00f3n e inst\u00e1lala. O, para iOS, simplemente b\u00fascala en la App Store y \u00a1listo! Ya tienes Cleanster.<span style=\"font-weight: 400;\">.com<\/span> en tu dispositivo. Ahora si\u00e9ntate y disfruta del servicio.<\/span><\/p>","protected":false},"excerpt":{"rendered":"<p>What is the Cleanster.com? The Cleanster.com is what you consider a medium, a medium between professional cleaning services and people who need their place cleaned. We connect verified and friendly cleaners with really busy people\u00a0 or landlords who need their places cleaned or deep\u00a0 cleaned. As you are super busy with your work the whole [&hellip;]<\/p>\n","protected":false},"author":1,"featured_media":16809,"parent":0,"menu_order":0,"comment_status":"closed","ping_status":"closed","template":"templates\/what-is-cleanster.php","meta":{"_acf_changed":false,"footnotes":""},"class_list":["post-4515","page","type-page","status-publish","has-post-thumbnail","hentry","entry"],"acf":[],"yoast_head":"<!-- This site is optimized with the Yoast SEO Premium plugin v26.5 (Yoast SEO v27.4) - https:\/\/yoast.com\/product\/yoast-seo-premium-wordpress\/ -->\n<title>What is Cleanster.com App?<\/title>\n<meta name=\"description\" content=\"The Cleanster.com is what you consider a medium between professional cleaning services and people who need their place cleaned.\" \/>\n<meta name=\"robots\" content=\"index, follow, max-snippet:-1, max-image-preview:large, max-video-preview:-1\" \/>\n<link rel=\"canonical\" href=\"https:\/\/cleanster.com\/es\/que-es-la-aplicacion-mas-limpia\/\" \/>\n<meta property=\"og:locale\" content=\"es_MX\" \/>\n<meta property=\"og:type\" content=\"article\" \/>\n<meta property=\"og:title\" content=\"What is Cleanster? - Cleanster | Cleaning &amp; Maid Services Near You\" \/>\n<meta property=\"og:description\" content=\"The Cleanster.com is what you consider a medium between professional cleaning services and people who need their place cleaned.\" \/>\n<meta property=\"og:url\" content=\"https:\/\/cleanster.com\/es\/que-es-la-aplicacion-mas-limpia\/\" \/>\n<meta property=\"og:site_name\" content=\"Cleanster | Cleaning &amp; Maid Services Near You\" \/>\n<meta property=\"article:publisher\" content=\"https:\/\/www.facebook.com\/cleansterhq\" \/>\n<meta property=\"article:modified_time\" content=\"2024-01-09T08:02:09+00:00\" \/>\n<meta property=\"og:image\" content=\"https:\/\/cleanster.com\/wp-content\/uploads\/2023\/11\/2.png\" \/>\n\t<meta property=\"og:image:width\" content=\"1440\" \/>\n\t<meta property=\"og:image:height\" content=\"700\" \/>\n\t<meta property=\"og:image:type\" content=\"image\/png\" \/>\n<meta name=\"twitter:card\" content=\"summary_large_image\" \/>\n<meta name=\"twitter:site\" content=\"@cleansterhq\" \/>\n<meta name=\"twitter:label1\" content=\"Tiempo de lectura\" \/>\n\t<meta name=\"twitter:data1\" content=\"2 minutos\" \/>\n<script type=\"application\/ld+json\" class=\"yoast-schema-graph\">{\"@context\":\"https:\\\/\\\/schema.org\",\"@graph\":[{\"@type\":\"WebPage\",\"@id\":\"https:\\\/\\\/cleanster.com\\\/what-is-cleanster-app\\\/\",\"url\":\"https:\\\/\\\/cleanster.com\\\/what-is-cleanster-app\\\/\",\"name\":\"What is Cleanster.com App?\",\"isPartOf\":{\"@id\":\"https:\\\/\\\/cleanster.com\\\/#website\"},\"primaryImageOfPage\":{\"@id\":\"https:\\\/\\\/cleanster.com\\\/what-is-cleanster-app\\\/#primaryimage\"},\"image\":{\"@id\":\"https:\\\/\\\/cleanster.com\\\/what-is-cleanster-app\\\/#primaryimage\"},\"thumbnailUrl\":\"https:\\\/\\\/cleanster.com\\\/wp-content\\\/uploads\\\/2023\\\/11\\\/2.png\",\"datePublished\":\"2022-01-24T18:36:08+00:00\",\"dateModified\":\"2024-01-09T08:02:09+00:00\",\"description\":\"The Cleanster.com is what you consider a medium between professional cleaning services and people who need their place cleaned.\",\"inLanguage\":\"es\",\"potentialAction\":[{\"@type\":\"ReadAction\",\"target\":[\"https:\\\/\\\/cleanster.com\\\/what-is-cleanster-app\\\/\"]}]},{\"@type\":\"ImageObject\",\"inLanguage\":\"es\",\"@id\":\"https:\\\/\\\/cleanster.com\\\/what-is-cleanster-app\\\/#primaryimage\",\"url\":\"https:\\\/\\\/cleanster.com\\\/wp-content\\\/uploads\\\/2023\\\/11\\\/2.png\",\"contentUrl\":\"https:\\\/\\\/cleanster.com\\\/wp-content\\\/uploads\\\/2023\\\/11\\\/2.png\",\"width\":1440,\"height\":700},{\"@type\":\"WebSite\",\"@id\":\"https:\\\/\\\/cleanster.com\\\/#website\",\"url\":\"https:\\\/\\\/cleanster.com\\\/\",\"name\":\"Cleanster | Cleaning & Maid Services Near You\",\"description\":\"Instantly find &amp; book trusted cleaners for homes, apartment, Airbnb, and offices. Cleanster offers affordable maid, housekeeping, and commercial cleaning services near you.\",\"publisher\":{\"@id\":\"https:\\\/\\\/cleanster.com\\\/#organization\"},\"alternateName\":\"Cleanster | Cleaning, Maid & Housekeeping Services for Everyone\",\"potentialAction\":[{\"@type\":\"SearchAction\",\"target\":{\"@type\":\"EntryPoint\",\"urlTemplate\":\"https:\\\/\\\/cleanster.com\\\/?s={search_term_string}\"},\"query-input\":{\"@type\":\"PropertyValueSpecification\",\"valueRequired\":true,\"valueName\":\"search_term_string\"}}],\"inLanguage\":\"es\"},{\"@type\":\"Organization\",\"@id\":\"https:\\\/\\\/cleanster.com\\\/#organization\",\"name\":\"Cleanster\",\"alternateName\":\"Cleanster.com\",\"url\":\"https:\\\/\\\/cleanster.com\\\/\",\"logo\":{\"@type\":\"ImageObject\",\"inLanguage\":\"es\",\"@id\":\"https:\\\/\\\/cleanster.com\\\/#\\\/schema\\\/logo\\\/image\\\/\",\"url\":\"https:\\\/\\\/cleanster.com\\\/wp-content\\\/uploads\\\/2025\\\/06\\\/Cleanster-Logo-1.svg\",\"contentUrl\":\"https:\\\/\\\/cleanster.com\\\/wp-content\\\/uploads\\\/2025\\\/06\\\/Cleanster-Logo-1.svg\",\"width\":1,\"height\":1,\"caption\":\"Cleanster\"},\"image\":{\"@id\":\"https:\\\/\\\/cleanster.com\\\/#\\\/schema\\\/logo\\\/image\\\/\"},\"sameAs\":[\"https:\\\/\\\/www.facebook.com\\\/cleansterhq\",\"https:\\\/\\\/x.com\\\/cleansterhq\",\"https:\\\/\\\/www.linkedin.com\\\/company\\\/cleansterhq\",\"https:\\\/\\\/www.instagram.com\\\/cleansterhq\",\"https:\\\/\\\/vm.tiktok.com\\\/ZM8vHmcuo\\\/\",\"https:\\\/\\\/www.clubhouse.com\\\/club\\\/cleanstercom\"],\"description\":\"Cleanster is an AI-powered cleaning services platform that connects Airbnb hosts, property managers, and commercial clients with vetted, on-demand cleaners. We offer apartment, house, Airbnb, commercial, and janitorial cleaning services. With a network of over 100,000 professionals across the US, Canada, and the UK, Cleanster delivers fast, reliable, and tech-enabled cleaning at scale.\",\"email\":\"support@cleanster.com\",\"telephone\":\"+1 (888) 788-2445\",\"legalName\":\"Cleanster, Inc.\",\"foundingDate\":\"2019-05-06\",\"duns\":\"118328526\",\"naics\":\"541511\",\"numberOfEmployees\":{\"@type\":\"QuantitativeValue\",\"minValue\":\"11\",\"maxValue\":\"50\"}}]}<\/script>\n<!-- \/ Yoast SEO Premium plugin. -->","yoast_head_json":{"title":"\u00bfQu\u00e9 es la aplicaci\u00f3n Cleanster.com?","description":"Cleanster.com es lo que usted considera un medio entre los servicios de limpieza profesionales y las personas que necesitan limpiar su lugar.","robots":{"index":"index","follow":"follow","max-snippet":"max-snippet:-1","max-image-preview":"max-image-preview:large","max-video-preview":"max-video-preview:-1"},"canonical":"https:\/\/cleanster.com\/es\/que-es-la-aplicacion-mas-limpia\/","og_locale":"es_MX","og_type":"article","og_title":"What is Cleanster? - Cleanster | Cleaning &amp; Maid Services Near You","og_description":"The Cleanster.com is what you consider a medium between professional cleaning services and people who need their place cleaned.","og_url":"https:\/\/cleanster.com\/es\/que-es-la-aplicacion-mas-limpia\/","og_site_name":"Cleanster | Cleaning &amp; Maid Services Near You","article_publisher":"https:\/\/www.facebook.com\/cleansterhq","article_modified_time":"2024-01-09T08:02:09+00:00","og_image":[{"width":1440,"height":700,"url":"https:\/\/cleanster.com\/wp-content\/uploads\/2023\/11\/2.png","type":"image\/png"}],"twitter_card":"summary_large_image","twitter_site":"@cleansterhq","twitter_misc":{"Tiempo de lectura":"2 minutos"},"schema":{"@context":"https:\/\/schema.org","@graph":[{"@type":"WebPage","@id":"https:\/\/cleanster.com\/what-is-cleanster-app\/","url":"https:\/\/cleanster.com\/what-is-cleanster-app\/","name":"\u00bfQu\u00e9 es la aplicaci\u00f3n Cleanster.com?","isPartOf":{"@id":"https:\/\/cleanster.com\/#website"},"primaryImageOfPage":{"@id":"https:\/\/cleanster.com\/what-is-cleanster-app\/#primaryimage"},"image":{"@id":"https:\/\/cleanster.com\/what-is-cleanster-app\/#primaryimage"},"thumbnailUrl":"https:\/\/cleanster.com\/wp-content\/uploads\/2023\/11\/2.png","datePublished":"2022-01-24T18:36:08+00:00","dateModified":"2024-01-09T08:02:09+00:00","description":"Cleanster.com es lo que usted considera un medio entre los servicios de limpieza profesionales y las personas que necesitan limpiar su lugar.","inLanguage":"es","potentialAction":[{"@type":"ReadAction","target":["https:\/\/cleanster.com\/what-is-cleanster-app\/"]}]},{"@type":"ImageObject","inLanguage":"es","@id":"https:\/\/cleanster.com\/what-is-cleanster-app\/#primaryimage","url":"https:\/\/cleanster.com\/wp-content\/uploads\/2023\/11\/2.png","contentUrl":"https:\/\/cleanster.com\/wp-content\/uploads\/2023\/11\/2.png","width":1440,"height":700},{"@type":"WebSite","@id":"https:\/\/cleanster.com\/#website","url":"https:\/\/cleanster.com\/","name":"Cleanster | Servicios de limpieza y limpieza cerca de ti","description":"Encuentra y reserva al instante limpiadores de confianza para casas, apartamentos, Airbnb y oficinas. Cleanster ofrece servicios de limpieza dom\u00e9stica, limpieza del hogar y limpieza comercial a precios accesibles cerca de ti.","publisher":{"@id":"https:\/\/cleanster.com\/#organization"},"alternateName":"Cleanster | Cleaning, Maid & Housekeeping Services for Everyone","potentialAction":[{"@type":"SearchAction","target":{"@type":"EntryPoint","urlTemplate":"https:\/\/cleanster.com\/?s={search_term_string}"},"query-input":{"@type":"PropertyValueSpecification","valueRequired":true,"valueName":"search_term_string"}}],"inLanguage":"es"},{"@type":"Organization","@id":"https:\/\/cleanster.com\/#organization","name":"Limpiador","alternateName":"Cleanster.com","url":"https:\/\/cleanster.com\/","logo":{"@type":"ImageObject","inLanguage":"es","@id":"https:\/\/cleanster.com\/#\/schema\/logo\/image\/","url":"https:\/\/cleanster.com\/wp-content\/uploads\/2025\/06\/Cleanster-Logo-1.svg","contentUrl":"https:\/\/cleanster.com\/wp-content\/uploads\/2025\/06\/Cleanster-Logo-1.svg","width":1,"height":1,"caption":"Cleanster"},"image":{"@id":"https:\/\/cleanster.com\/#\/schema\/logo\/image\/"},"sameAs":["https:\/\/www.facebook.com\/cleansterhq","https:\/\/x.com\/cleansterhq","https:\/\/www.linkedin.com\/company\/cleansterhq","https:\/\/www.instagram.com\/cleansterhq","https:\/\/vm.tiktok.com\/ZM8vHmcuo\/","https:\/\/www.clubhouse.com\/club\/cleanstercom"],"description":"Cleanster es una plataforma de servicios de limpieza con inteligencia artificial que conecta a anfitriones, administradores de propiedades y clientes comerciales de Airbnb con limpiadores verificados y a demanda. Ofrecemos servicios de limpieza de apartamentos, casas, Airbnb, comercios y conserjer\u00eda. Con una red de m\u00e1s de 100,000 profesionales en EE. UU., Canad\u00e1 y el Reino Unido, Cleanster ofrece una limpieza r\u00e1pida, confiable y tecnol\u00f3gica a gran escala.","email":"support@cleanster.com","telephone":"+1 (888) 788-2445","legalName":"Cleanster, Inc.","foundingDate":"2019-05-06","duns":"118328526","naics":"541511","numberOfEmployees":{"@type":"QuantitativeValue","minValue":"11","maxValue":"50"}}]}},"_links":{"self":[{"href":"https:\/\/cleanster.com\/es\/wp-json\/wp\/v2\/pages\/4515","targetHints":{"allow":["GET"]}}],"collection":[{"href":"https:\/\/cleanster.com\/es\/wp-json\/wp\/v2\/pages"}],"about":[{"href":"https:\/\/cleanster.com\/es\/wp-json\/wp\/v2\/types\/page"}],"author":[{"embeddable":true,"href":"https:\/\/cleanster.com\/es\/wp-json\/wp\/v2\/users\/1"}],"replies":[{"embeddable":true,"href":"https:\/\/cleanster.com\/es\/wp-json\/wp\/v2\/comments?post=4515"}],"version-history":[{"count":0,"href":"https:\/\/cleanster.com\/es\/wp-json\/wp\/v2\/pages\/4515\/revisions"}],"wp:featuredmedia":[{"embeddable":true,"href":"https:\/\/cleanster.com\/es\/wp-json\/wp\/v2\/media\/16809"}],"wp:attachment":[{"href":"https:\/\/cleanster.com\/es\/wp-json\/wp\/v2\/media?parent=4515"}],"curies":[{"name":"gracias","href":"https:\/\/api.w.org\/{rel}","templated":true}]}}