{"id":4517,"date":"2022-01-24T19:07:39","date_gmt":"2022-01-24T19:07:39","guid":{"rendered":"https:\/\/cleanster.com\/?page_id=4517"},"modified":"2023-10-30T13:29:58","modified_gmt":"2023-10-30T13:29:58","slug":"caracteristicas-de-la-aplicacion-cleanster-com","status":"publish","type":"page","link":"https:\/\/cleanster.com\/es\/caracteristicas-de-la-aplicacion-cleanster-com\/","title":{"rendered":"Caracter\u00edsticas de la aplicaci\u00f3n Cleanster.com"},"content":{"rendered":"<h2><span style=\"font-weight: 400; color: #ffffff;\">Caracter\u00edsticas de Cleanster<\/span><\/h2>\n<p>&nbsp;<\/p>\n<p><span style=\"font-weight: 400; color: #ffffff;\">El limpiador.com<a style=\"color: #ffffff;\" href=\"https:\/\/play.google.com\/store\/apps\/details?id=com.tidyapp&amp;hl=en_US&amp;gl=US\">\u00a0aplicaci\u00f3n<\/a> es una aplicaci\u00f3n m\u00f3vil que se utiliza para conectar a un limpiador profesional con una persona que necesita su lugar, como una casa, una oficina o <a style=\"color: #ffffff;\" href=\"https:\/\/cleanster.com\/airbnb-cleaning-service\/\">Airbnb limpio<\/a>Ahora te preguntar\u00e1s qu\u00e9 hace que Cleanster.com sea tan bueno. \u00bfCu\u00e1les son las caracter\u00edsticas de la app de Cleanster.com? Aqu\u00ed tienes un recorrido.<\/span><\/p>\n<p>&nbsp;<\/p>\n<p><span style=\"font-weight: 400; color: #ffffff;\">Primero, la aplicaci\u00f3n Cleanster.com est\u00e1 disponible en dos idiomas: ingl\u00e9s y franc\u00e9s. As\u00ed que, si conoces alguno de ellos, est\u00e1s listo para empezar.<\/span><\/p>\n<p><span style=\"font-weight: 400; color: #ffffff;\">En segundo lugar, puedes hablar con la persona que quieres contratar para hablar o negociar los t\u00e9rminos. Esto te ayudar\u00e1 a asegurar tu parte.<\/span><\/p>\n<p><span style=\"font-weight: 400; color: #ffffff;\">En tercer lugar, puedes elegir una direcci\u00f3n para la limpieza al hacer la reserva. Est\u00e9s donde est\u00e9s, puedes elegir un lugar a distancia.<\/span><\/p>\n<p><span style=\"font-weight: 400; color: #ffffff;\">En cuarto lugar, puedes elegir el tipo de propiedad al realizar la reserva.\u00a0<\/span><\/p>\n<p><span style=\"font-weight: 400; color: #ffffff;\">La quinta y una de las funciones m\u00e1s fascinantes de la app Cleanster.com es que puedes programar la hora de limpieza que desees. El personal de limpieza estar\u00e1 all\u00ed a la hora que desees.\u00a0<\/span><\/p>\n<p><span style=\"font-weight: 400; color: #ffffff;\">El proceso de reservar un servicio de limpieza es muy sencillo y rapid\u00edsimo. Garantizamos su seguridad y la de su propiedad. Por supuesto, el pago es seguro.<\/span><\/p>\n<p><span style=\"font-weight: 400; color: #ffffff;\">Te damos una sugerencia. Una vez que limpies tu casa con la app de Cleanster.com, querr\u00e1s repetir la rutina. Simplemente suscr\u00edbete a la app. Hay planes semanales, quincenales y mensuales. Contrata uno y el personal de limpieza estar\u00e1 all\u00ed el d\u00eda que selecciones.<\/span><\/p>\n<p>&nbsp;<\/p>\n<p><span style=\"font-weight: 400; color: #ffffff;\">Si eres limpiador profesional y quieres ganar dinero extra trabajando por tu cuenta, la app de Cleanster.com es perfecta para ti. Reg\u00edstrate como limpiador profesional en la app de Cleanster.com y con\u00e9ctate con los propietarios.\u00a0<\/span><\/p>","protected":false},"excerpt":{"rendered":"<p>Cleanster features &nbsp; The Cleanster.com\u00a0app is a mobile app used to connect a professional cleaner with a person who needs his\/her place such as a home, office or Airbnb cleaned. Now you might ask what makes the Cleanster.com so good. What are the Cleanster.com app features? Here\u2019s a tour for you- &nbsp; First, the Cleanster.com [&hellip;]<\/p>\n","protected":false},"author":2,"featured_media":16160,"parent":0,"menu_order":0,"comment_status":"closed","ping_status":"closed","template":"templates\/features-cleanster.php","meta":{"_acf_changed":false,"footnotes":""},"class_list":["post-4517","page","type-page","status-publish","has-post-thumbnail","hentry","entry"],"acf":[],"yoast_head":"<!-- This site is optimized with the Yoast SEO Premium plugin v26.5 (Yoast SEO v27.3) - https:\/\/yoast.com\/product\/yoast-seo-premium-wordpress\/ -->\n<title>Awesome Features of Cleanster.com App- Cleanster.com App<\/title>\n<meta name=\"description\" content=\"Features of Cleanster.com that takes cleaning to a whole new level. By utilizing Cleanster App, you can instantly get a professional cleaner.\" \/>\n<meta name=\"robots\" content=\"index, follow, max-snippet:-1, max-image-preview:large, max-video-preview:-1\" \/>\n<link rel=\"canonical\" href=\"https:\/\/cleanster.com\/es\/caracteristicas-de-la-aplicacion-cleanster-com\/\" \/>\n<meta property=\"og:locale\" content=\"es_MX\" \/>\n<meta property=\"og:type\" content=\"article\" \/>\n<meta property=\"og:title\" content=\"Features of Cleanster.com app - Cleanster | Cleaning &amp; Maid Services Near You\" \/>\n<meta property=\"og:description\" content=\"Features of Cleanster.com that takes cleaning to a whole new level. By utilizing Cleanster App, you can instantly get a professional cleaner.\" \/>\n<meta property=\"og:url\" content=\"https:\/\/cleanster.com\/es\/caracteristicas-de-la-aplicacion-cleanster-com\/\" \/>\n<meta property=\"og:site_name\" content=\"Cleanster | Cleaning &amp; Maid Services Near You\" \/>\n<meta property=\"article:publisher\" content=\"https:\/\/www.facebook.com\/cleansterhq\" \/>\n<meta property=\"article:modified_time\" content=\"2023-10-30T13:29:58+00:00\" \/>\n<meta property=\"og:image\" content=\"https:\/\/cleanster.com\/wp-content\/uploads\/2023\/10\/3.png\" \/>\n\t<meta property=\"og:image:width\" content=\"1440\" \/>\n\t<meta property=\"og:image:height\" content=\"700\" \/>\n\t<meta property=\"og:image:type\" content=\"image\/png\" \/>\n<meta name=\"twitter:card\" content=\"summary_large_image\" \/>\n<meta name=\"twitter:site\" content=\"@cleansterhq\" \/>\n<meta name=\"twitter:label1\" content=\"Tiempo de lectura\" \/>\n\t<meta name=\"twitter:data1\" content=\"2 minutos\" \/>\n<script type=\"application\/ld+json\" class=\"yoast-schema-graph\">{\"@context\":\"https:\\\/\\\/schema.org\",\"@graph\":[{\"@type\":\"WebPage\",\"@id\":\"https:\\\/\\\/cleanster.com\\\/features-of-cleanster-com-app\\\/\",\"url\":\"https:\\\/\\\/cleanster.com\\\/features-of-cleanster-com-app\\\/\",\"name\":\"Awesome Features of Cleanster.com App- Cleanster.com App\",\"isPartOf\":{\"@id\":\"https:\\\/\\\/cleanster.com\\\/#website\"},\"primaryImageOfPage\":{\"@id\":\"https:\\\/\\\/cleanster.com\\\/features-of-cleanster-com-app\\\/#primaryimage\"},\"image\":{\"@id\":\"https:\\\/\\\/cleanster.com\\\/features-of-cleanster-com-app\\\/#primaryimage\"},\"thumbnailUrl\":\"https:\\\/\\\/cleanster.com\\\/wp-content\\\/uploads\\\/2023\\\/10\\\/3.png\",\"datePublished\":\"2022-01-24T19:07:39+00:00\",\"dateModified\":\"2023-10-30T13:29:58+00:00\",\"description\":\"Features of Cleanster.com that takes cleaning to a whole new level. By utilizing Cleanster App, you can instantly get a professional cleaner.\",\"inLanguage\":\"es\",\"potentialAction\":[{\"@type\":\"ReadAction\",\"target\":[\"https:\\\/\\\/cleanster.com\\\/features-of-cleanster-com-app\\\/\"]}]},{\"@type\":\"ImageObject\",\"inLanguage\":\"es\",\"@id\":\"https:\\\/\\\/cleanster.com\\\/features-of-cleanster-com-app\\\/#primaryimage\",\"url\":\"https:\\\/\\\/cleanster.com\\\/wp-content\\\/uploads\\\/2023\\\/10\\\/3.png\",\"contentUrl\":\"https:\\\/\\\/cleanster.com\\\/wp-content\\\/uploads\\\/2023\\\/10\\\/3.png\",\"width\":1440,\"height\":700},{\"@type\":\"WebSite\",\"@id\":\"https:\\\/\\\/cleanster.com\\\/#website\",\"url\":\"https:\\\/\\\/cleanster.com\\\/\",\"name\":\"Cleanster | Cleaning & Maid Services Near You\",\"description\":\"Instantly find &amp; book trusted cleaners for homes, apartment, Airbnb, and offices. Cleanster offers affordable maid, housekeeping, and commercial cleaning services near you.\",\"publisher\":{\"@id\":\"https:\\\/\\\/cleanster.com\\\/#organization\"},\"alternateName\":\"Cleanster | Cleaning, Maid & Housekeeping Services for Everyone\",\"potentialAction\":[{\"@type\":\"SearchAction\",\"target\":{\"@type\":\"EntryPoint\",\"urlTemplate\":\"https:\\\/\\\/cleanster.com\\\/?s={search_term_string}\"},\"query-input\":{\"@type\":\"PropertyValueSpecification\",\"valueRequired\":true,\"valueName\":\"search_term_string\"}}],\"inLanguage\":\"es\"},{\"@type\":\"Organization\",\"@id\":\"https:\\\/\\\/cleanster.com\\\/#organization\",\"name\":\"Cleanster\",\"alternateName\":\"Cleanster.com\",\"url\":\"https:\\\/\\\/cleanster.com\\\/\",\"logo\":{\"@type\":\"ImageObject\",\"inLanguage\":\"es\",\"@id\":\"https:\\\/\\\/cleanster.com\\\/#\\\/schema\\\/logo\\\/image\\\/\",\"url\":\"https:\\\/\\\/cleanster.com\\\/wp-content\\\/uploads\\\/2025\\\/06\\\/Cleanster-Logo-1.svg\",\"contentUrl\":\"https:\\\/\\\/cleanster.com\\\/wp-content\\\/uploads\\\/2025\\\/06\\\/Cleanster-Logo-1.svg\",\"width\":1,\"height\":1,\"caption\":\"Cleanster\"},\"image\":{\"@id\":\"https:\\\/\\\/cleanster.com\\\/#\\\/schema\\\/logo\\\/image\\\/\"},\"sameAs\":[\"https:\\\/\\\/www.facebook.com\\\/cleansterhq\",\"https:\\\/\\\/x.com\\\/cleansterhq\",\"https:\\\/\\\/www.linkedin.com\\\/company\\\/cleansterhq\",\"https:\\\/\\\/www.instagram.com\\\/cleansterhq\",\"https:\\\/\\\/vm.tiktok.com\\\/ZM8vHmcuo\\\/\",\"https:\\\/\\\/www.clubhouse.com\\\/club\\\/cleanstercom\"],\"description\":\"Cleanster is an AI-powered cleaning services platform that connects Airbnb hosts, property managers, and commercial clients with vetted, on-demand cleaners. We offer apartment, house, Airbnb, commercial, and janitorial cleaning services. With a network of over 100,000 professionals across the US, Canada, and the UK, Cleanster delivers fast, reliable, and tech-enabled cleaning at scale.\",\"email\":\"support@cleanster.com\",\"telephone\":\"+1 (888) 788-2445\",\"legalName\":\"Cleanster, Inc.\",\"foundingDate\":\"2019-05-06\",\"duns\":\"118328526\",\"naics\":\"541511\",\"numberOfEmployees\":{\"@type\":\"QuantitativeValue\",\"minValue\":\"11\",\"maxValue\":\"50\"}}]}<\/script>\n<!-- \/ Yoast SEO Premium plugin. -->","yoast_head_json":{"title":"Funciones impresionantes de la aplicaci\u00f3n Cleanster.com: aplicaci\u00f3n Cleanster.com","description":"Funciones de Cleanster.com que llevan la limpieza a un nivel completamente nuevo. Al utilizar la aplicaci\u00f3n Cleanster, puede obtener instant\u00e1neamente un limpiador profesional.","robots":{"index":"index","follow":"follow","max-snippet":"max-snippet:-1","max-image-preview":"max-image-preview:large","max-video-preview":"max-video-preview:-1"},"canonical":"https:\/\/cleanster.com\/es\/caracteristicas-de-la-aplicacion-cleanster-com\/","og_locale":"es_MX","og_type":"article","og_title":"Features of Cleanster.com app - Cleanster | Cleaning &amp; Maid Services Near You","og_description":"Features of Cleanster.com that takes cleaning to a whole new level. By utilizing Cleanster App, you can instantly get a professional cleaner.","og_url":"https:\/\/cleanster.com\/es\/caracteristicas-de-la-aplicacion-cleanster-com\/","og_site_name":"Cleanster | Cleaning &amp; Maid Services Near You","article_publisher":"https:\/\/www.facebook.com\/cleansterhq","article_modified_time":"2023-10-30T13:29:58+00:00","og_image":[{"width":1440,"height":700,"url":"https:\/\/cleanster.com\/wp-content\/uploads\/2023\/10\/3.png","type":"image\/png"}],"twitter_card":"summary_large_image","twitter_site":"@cleansterhq","twitter_misc":{"Tiempo de lectura":"2 minutos"},"schema":{"@context":"https:\/\/schema.org","@graph":[{"@type":"WebPage","@id":"https:\/\/cleanster.com\/features-of-cleanster-com-app\/","url":"https:\/\/cleanster.com\/features-of-cleanster-com-app\/","name":"Funciones impresionantes de la aplicaci\u00f3n Cleanster.com: aplicaci\u00f3n Cleanster.com","isPartOf":{"@id":"https:\/\/cleanster.com\/#website"},"primaryImageOfPage":{"@id":"https:\/\/cleanster.com\/features-of-cleanster-com-app\/#primaryimage"},"image":{"@id":"https:\/\/cleanster.com\/features-of-cleanster-com-app\/#primaryimage"},"thumbnailUrl":"https:\/\/cleanster.com\/wp-content\/uploads\/2023\/10\/3.png","datePublished":"2022-01-24T19:07:39+00:00","dateModified":"2023-10-30T13:29:58+00:00","description":"Funciones de Cleanster.com que llevan la limpieza a un nivel completamente nuevo. Al utilizar la aplicaci\u00f3n Cleanster, puede obtener instant\u00e1neamente un limpiador profesional.","inLanguage":"es","potentialAction":[{"@type":"ReadAction","target":["https:\/\/cleanster.com\/features-of-cleanster-com-app\/"]}]},{"@type":"ImageObject","inLanguage":"es","@id":"https:\/\/cleanster.com\/features-of-cleanster-com-app\/#primaryimage","url":"https:\/\/cleanster.com\/wp-content\/uploads\/2023\/10\/3.png","contentUrl":"https:\/\/cleanster.com\/wp-content\/uploads\/2023\/10\/3.png","width":1440,"height":700},{"@type":"WebSite","@id":"https:\/\/cleanster.com\/#website","url":"https:\/\/cleanster.com\/","name":"Cleanster | Servicios de limpieza y limpieza cerca de ti","description":"Encuentra y reserva al instante limpiadores de confianza para casas, apartamentos, Airbnb y oficinas. Cleanster ofrece servicios de limpieza dom\u00e9stica, limpieza del hogar y limpieza comercial a precios accesibles cerca de ti.","publisher":{"@id":"https:\/\/cleanster.com\/#organization"},"alternateName":"Cleanster | Cleaning, Maid & Housekeeping Services for Everyone","potentialAction":[{"@type":"SearchAction","target":{"@type":"EntryPoint","urlTemplate":"https:\/\/cleanster.com\/?s={search_term_string}"},"query-input":{"@type":"PropertyValueSpecification","valueRequired":true,"valueName":"search_term_string"}}],"inLanguage":"es"},{"@type":"Organization","@id":"https:\/\/cleanster.com\/#organization","name":"Limpiador","alternateName":"Cleanster.com","url":"https:\/\/cleanster.com\/","logo":{"@type":"ImageObject","inLanguage":"es","@id":"https:\/\/cleanster.com\/#\/schema\/logo\/image\/","url":"https:\/\/cleanster.com\/wp-content\/uploads\/2025\/06\/Cleanster-Logo-1.svg","contentUrl":"https:\/\/cleanster.com\/wp-content\/uploads\/2025\/06\/Cleanster-Logo-1.svg","width":1,"height":1,"caption":"Cleanster"},"image":{"@id":"https:\/\/cleanster.com\/#\/schema\/logo\/image\/"},"sameAs":["https:\/\/www.facebook.com\/cleansterhq","https:\/\/x.com\/cleansterhq","https:\/\/www.linkedin.com\/company\/cleansterhq","https:\/\/www.instagram.com\/cleansterhq","https:\/\/vm.tiktok.com\/ZM8vHmcuo\/","https:\/\/www.clubhouse.com\/club\/cleanstercom"],"description":"Cleanster es una plataforma de servicios de limpieza con inteligencia artificial que conecta a anfitriones, administradores de propiedades y clientes comerciales de Airbnb con limpiadores verificados y a demanda. Ofrecemos servicios de limpieza de apartamentos, casas, Airbnb, comercios y conserjer\u00eda. Con una red de m\u00e1s de 100,000 profesionales en EE. UU., Canad\u00e1 y el Reino Unido, Cleanster ofrece una limpieza r\u00e1pida, confiable y tecnol\u00f3gica a gran escala.","email":"support@cleanster.com","telephone":"+1 (888) 788-2445","legalName":"Cleanster, Inc.","foundingDate":"2019-05-06","duns":"118328526","naics":"541511","numberOfEmployees":{"@type":"QuantitativeValue","minValue":"11","maxValue":"50"}}]}},"_links":{"self":[{"href":"https:\/\/cleanster.com\/es\/wp-json\/wp\/v2\/pages\/4517","targetHints":{"allow":["GET"]}}],"collection":[{"href":"https:\/\/cleanster.com\/es\/wp-json\/wp\/v2\/pages"}],"about":[{"href":"https:\/\/cleanster.com\/es\/wp-json\/wp\/v2\/types\/page"}],"author":[{"embeddable":true,"href":"https:\/\/cleanster.com\/es\/wp-json\/wp\/v2\/users\/2"}],"replies":[{"embeddable":true,"href":"https:\/\/cleanster.com\/es\/wp-json\/wp\/v2\/comments?post=4517"}],"version-history":[{"count":0,"href":"https:\/\/cleanster.com\/es\/wp-json\/wp\/v2\/pages\/4517\/revisions"}],"wp:featuredmedia":[{"embeddable":true,"href":"https:\/\/cleanster.com\/es\/wp-json\/wp\/v2\/media\/16160"}],"wp:attachment":[{"href":"https:\/\/cleanster.com\/es\/wp-json\/wp\/v2\/media?parent=4517"}],"curies":[{"name":"gracias","href":"https:\/\/api.w.org\/{rel}","templated":true}]}}