{"id":5681,"date":"2022-10-18T07:14:46","date_gmt":"2022-10-18T07:14:46","guid":{"rendered":"https:\/\/cleanster.com\/?page_id=5681"},"modified":"2025-10-09T19:53:39","modified_gmt":"2025-10-09T19:53:39","slug":"sobre-nosotros","status":"publish","type":"page","link":"https:\/\/cleanster.com\/es\/sobre-nosotros\/","title":{"rendered":"Sobre nosotros"},"content":{"rendered":"<p><span style=\"color: #ffffff;\">Bienvenido a Cleanster.com, donde los servicios de limpieza se unen a la innovaci\u00f3n, <a style=\"color: #ffffff;\" href=\"https:\/\/www.investopedia.com\/terms\/e\/entrepreneur.asp\">emprendimiento<\/a>y pr\u00e1cticas \u00e9ticas. Nuestra plataforma, disponible como app para todos los dispositivos, no es solo un proveedor de servicios; es una fuerza transformadora en la industria de la limpieza. Conozcamos Cleanster.com.<\/span><\/p>\n<h2><span style=\"color: #ffffff;\"><strong>Misi\u00f3n y fundamentos \u00e9ticos<\/strong><\/span><\/h2>\n<p><span style=\"color: #ffffff;\">En Cleanster.com se encuentra una misi\u00f3n que gu\u00eda todo lo que hacemos. Creemos en brindar a todos un acceso conveniente a servicios de limpieza, pero vamos m\u00e1s all\u00e1. Nuestro compromiso con las pr\u00e1cticas \u00e9ticas garantiza que los profesionales de servicios tengan oportunidades laborales reales, permiti\u00e9ndoles convertirse en emprendedores. No se trata solo de limpieza; se trata de crear una plataforma que pague un salario digno y fomente un sentido de orgullo y responsabilidad por el trabajo que realizan nuestros profesionales.<\/span><\/p>\n<h2><span style=\"color: #ffffff;\"><strong>Plataforma f\u00e1cil de usar en todos los dispositivos<\/strong><\/span><\/h2>\n<p><span style=\"color: #ffffff;\">Cleanster.com entiende la importancia de la comodidad en el mundo acelerado de hoy. Por eso, nuestra plataforma est\u00e1 disponible como app para todos los dispositivos. Ya sea que uses un smartphone, una tablet o una computadora, acceder a nuestros servicios y gestionar tus necesidades de limpieza est\u00e1 a solo un toque. Priorizamos una experiencia de usuario fluida, facilitando a nuestros clientes programar, gestionar y pagar los servicios de limpieza sin esfuerzo.<\/span><\/p>\n<h2><span style=\"color: #ffffff;\"><strong>Empoderando a los profesionales de servicios<\/strong><\/span><\/h2>\n<p><span style=\"color: #ffffff;\">Los profesionales de la limpieza que usan Cleanster.com no son solo trabajadores; son emprendedores en ciernes. Ofrecemos una plataforma que les brinda oportunidades laborales reales, una remuneraci\u00f3n justa y la flexibilidad de elegir tareas que se ajusten a sus horarios. Nuestro compromiso con el desarrollo continuo de habilidades garantiza que nuestros profesionales de la limpieza se mantengan a la vanguardia del sector, ofreciendo servicios de primera calidad a nuestros clientes.<\/span><\/p>\n<h2><span style=\"color: #ffffff;\"><strong>Soluciones de limpieza personalizadas<\/strong><\/span><\/h2>\n<p><span style=\"color: #ffffff;\">Cleanster.com entiende que cada necesidad de limpieza es \u00fanica. Ya sea una propiedad residencial, un espacio comercial o servicios de limpieza especializados, nuestra plataforma ofrece soluciones personalizadas. Desde limpiezas profundas puntuales hasta mantenimiento regular, <a style=\"color: #ffffff;\" href=\"https:\/\/cleanster.com\/\">Limpiador.com<\/a> Se adapta a las variadas necesidades de nuestra diversa clientela.<\/span><\/p>\n<h2><span style=\"color: #ffffff;\"><strong>Transparencia y rendici\u00f3n de cuentas<\/strong><\/span><\/h2>\n<p><span style=\"color: #ffffff;\">La transparencia es fundamental en Cleanster.com. Creemos en la comunicaci\u00f3n abierta y las transacciones justas. Nuestra plataforma proporciona informes financieros detallados a los profesionales de servicios, garantizando la transparencia en ingresos, gastos e historial de pagos. Este compromiso con la rendici\u00f3n de cuentas se extiende a todos los aspectos de nuestra plataforma, creando un entorno de confianza tanto para los clientes como para los profesionales de servicios.<\/span><\/p>\n<h2><span style=\"color: #ffffff;\"><strong>Pr\u00e1cticas conscientes del medio ambiente<\/strong><\/span><\/h2>\n<p><span style=\"color: #ffffff;\">Cleanster.com no se trata solo de limpieza, sino tambi\u00e9n de sostenibilidad. Fomentamos el uso de productos y m\u00e9todos de limpieza ecol\u00f3gicos, minimizando as\u00ed el impacto ambiental de nuestros servicios. Esta dedicaci\u00f3n a pr\u00e1cticas respetuosas con el medio ambiente se alinea con nuestro compromiso m\u00e1s amplio de crear un mundo m\u00e1s limpio y saludable.<\/span><\/p>\n<h2><span style=\"color: #ffffff;\"><strong>Conclusi\u00f3n: \u00danase a la revoluci\u00f3n de Cleanster.com<\/strong><\/span><\/h2>\n<p><span style=\"color: #ffffff;\">Cleanster.com es m\u00e1s que un servicio de limpieza; revoluciona la forma de acceder, prestar y experimentar los servicios de limpieza. Tanto si eres un cliente que busca soluciones de limpieza pr\u00e1cticas y \u00e9ticas como si eres un profesional de la limpieza que busca oportunidades de emprendimiento, Cleanster.com es tu aliado para transformar la industria de la limpieza.<\/span><\/p>\n<p><span style=\"color: #ffffff;\">\u00danete a nosotros en este viaje hacia espacios m\u00e1s limpios, profesionales empoderados y un futuro m\u00e1s prometedor y sostenible. Cleanster.com: donde la limpieza se fusiona con la innovaci\u00f3n y la \u00e9tica.<\/span><\/p>","protected":false},"excerpt":{"rendered":"<p>Welcome to Cleanster.com, where cleaning services meet innovation, entrepreneurship, and ethical practices. Our platform, available as an app across all devices, is not just a service provider; it&#8217;s a transformative force in the cleaning industry. Let&#8217;s explore about Cleanster.com Mission and Ethical Foundations At the core of Cleanster.com is a mission that guides everything we [&hellip;]<\/p>\n","protected":false},"author":2,"featured_media":0,"parent":0,"menu_order":0,"comment_status":"closed","ping_status":"closed","template":"templates\/about.php","meta":{"_acf_changed":false,"footnotes":""},"class_list":["post-5681","page","type-page","status-publish","hentry","entry"],"acf":[],"yoast_head":"<!-- This site is optimized with the Yoast SEO Premium plugin v26.5 (Yoast SEO v27.3) - https:\/\/yoast.com\/product\/yoast-seo-premium-wordpress\/ -->\n<title>About Us<\/title>\n<meta name=\"description\" content=\"Our primary mission is to give everyone convenient and quality access to professional cleaning services. Let&#039;s explore about us\" \/>\n<meta name=\"robots\" content=\"index, follow, max-snippet:-1, max-image-preview:large, max-video-preview:-1\" \/>\n<link rel=\"canonical\" href=\"https:\/\/cleanster.com\/es\/sobre-nosotros\/\" \/>\n<meta property=\"og:locale\" content=\"es_MX\" \/>\n<meta property=\"og:type\" content=\"article\" \/>\n<meta property=\"og:title\" content=\"About Us - Cleanster | Cleaning &amp; Maid Services Near You\" \/>\n<meta property=\"og:description\" content=\"Cleanster | Cleaning &amp; Maid Services Near You\" \/>\n<meta property=\"og:url\" content=\"https:\/\/cleanster.com\/es\/sobre-nosotros\/\" \/>\n<meta property=\"og:site_name\" content=\"Cleanster | Cleaning &amp; Maid Services Near You\" \/>\n<meta property=\"article:publisher\" content=\"https:\/\/www.facebook.com\/cleansterhq\" \/>\n<meta property=\"article:modified_time\" content=\"2025-10-09T19:53:39+00:00\" \/>\n<meta property=\"og:image\" content=\"https:\/\/cleanster.com\/wp-content\/uploads\/2023\/11\/card@3x.png\" \/>\n\t<meta property=\"og:image:width\" content=\"1170\" \/>\n\t<meta property=\"og:image:height\" content=\"763\" \/>\n\t<meta property=\"og:image:type\" content=\"image\/png\" \/>\n<meta name=\"twitter:card\" content=\"summary_large_image\" \/>\n<meta name=\"twitter:site\" content=\"@cleansterhq\" \/>\n<meta name=\"twitter:label1\" content=\"Tiempo de lectura\" \/>\n\t<meta name=\"twitter:data1\" content=\"3 minutos\" \/>\n<script type=\"application\/ld+json\" class=\"yoast-schema-graph\">{\"@context\":\"https:\\\/\\\/schema.org\",\"@graph\":[{\"@type\":\"Article\",\"@id\":\"https:\\\/\\\/cleanster.com\\\/about-us\\\/#article\",\"isPartOf\":{\"@id\":\"https:\\\/\\\/cleanster.com\\\/about-us\\\/\"},\"author\":{\"name\":\"derrick\",\"@id\":\"https:\\\/\\\/cleanster.com\\\/#\\\/schema\\\/person\\\/bf8dbd71b6062df8d87e6f3f4673c94b\"},\"headline\":\"About Us\",\"datePublished\":\"2022-10-18T07:14:46+00:00\",\"dateModified\":\"2025-10-09T19:53:39+00:00\",\"mainEntityOfPage\":{\"@id\":\"https:\\\/\\\/cleanster.com\\\/about-us\\\/\"},\"wordCount\":496,\"publisher\":{\"@id\":\"https:\\\/\\\/cleanster.com\\\/#organization\"},\"inLanguage\":\"es\"},{\"@type\":[\"WebPage\",\"AboutPage\"],\"@id\":\"https:\\\/\\\/cleanster.com\\\/about-us\\\/\",\"url\":\"https:\\\/\\\/cleanster.com\\\/about-us\\\/\",\"name\":\"About Us\",\"isPartOf\":{\"@id\":\"https:\\\/\\\/cleanster.com\\\/#website\"},\"datePublished\":\"2022-10-18T07:14:46+00:00\",\"dateModified\":\"2025-10-09T19:53:39+00:00\",\"description\":\"Our primary mission is to give everyone convenient and quality access to professional cleaning services. Let's explore about us\",\"inLanguage\":\"es\",\"potentialAction\":[{\"@type\":\"ReadAction\",\"target\":[\"https:\\\/\\\/cleanster.com\\\/about-us\\\/\"]}]},{\"@type\":\"WebSite\",\"@id\":\"https:\\\/\\\/cleanster.com\\\/#website\",\"url\":\"https:\\\/\\\/cleanster.com\\\/\",\"name\":\"Cleanster | Cleaning & Maid Services Near You\",\"description\":\"Instantly find &amp; book trusted cleaners for homes, apartment, Airbnb, and offices. Cleanster offers affordable maid, housekeeping, and commercial cleaning services near you.\",\"publisher\":{\"@id\":\"https:\\\/\\\/cleanster.com\\\/#organization\"},\"alternateName\":\"Cleanster | Cleaning, Maid & Housekeeping Services for Everyone\",\"potentialAction\":[{\"@type\":\"SearchAction\",\"target\":{\"@type\":\"EntryPoint\",\"urlTemplate\":\"https:\\\/\\\/cleanster.com\\\/?s={search_term_string}\"},\"query-input\":{\"@type\":\"PropertyValueSpecification\",\"valueRequired\":true,\"valueName\":\"search_term_string\"}}],\"inLanguage\":\"es\"},{\"@type\":\"Organization\",\"@id\":\"https:\\\/\\\/cleanster.com\\\/#organization\",\"name\":\"Cleanster\",\"alternateName\":\"Cleanster.com\",\"url\":\"https:\\\/\\\/cleanster.com\\\/\",\"logo\":{\"@type\":\"ImageObject\",\"inLanguage\":\"es\",\"@id\":\"https:\\\/\\\/cleanster.com\\\/#\\\/schema\\\/logo\\\/image\\\/\",\"url\":\"https:\\\/\\\/cleanster.com\\\/wp-content\\\/uploads\\\/2025\\\/06\\\/Cleanster-Logo-1.svg\",\"contentUrl\":\"https:\\\/\\\/cleanster.com\\\/wp-content\\\/uploads\\\/2025\\\/06\\\/Cleanster-Logo-1.svg\",\"width\":1,\"height\":1,\"caption\":\"Cleanster\"},\"image\":{\"@id\":\"https:\\\/\\\/cleanster.com\\\/#\\\/schema\\\/logo\\\/image\\\/\"},\"sameAs\":[\"https:\\\/\\\/www.facebook.com\\\/cleansterhq\",\"https:\\\/\\\/x.com\\\/cleansterhq\",\"https:\\\/\\\/www.linkedin.com\\\/company\\\/cleansterhq\",\"https:\\\/\\\/www.instagram.com\\\/cleansterhq\",\"https:\\\/\\\/vm.tiktok.com\\\/ZM8vHmcuo\\\/\",\"https:\\\/\\\/www.clubhouse.com\\\/club\\\/cleanstercom\"],\"description\":\"Cleanster is an AI-powered cleaning services platform that connects Airbnb hosts, property managers, and commercial clients with vetted, on-demand cleaners. We offer apartment, house, Airbnb, commercial, and janitorial cleaning services. With a network of over 100,000 professionals across the US, Canada, and the UK, Cleanster delivers fast, reliable, and tech-enabled cleaning at scale.\",\"email\":\"support@cleanster.com\",\"telephone\":\"+1 (888) 788-2445\",\"legalName\":\"Cleanster, Inc.\",\"foundingDate\":\"2019-05-06\",\"duns\":\"118328526\",\"naics\":\"541511\",\"numberOfEmployees\":{\"@type\":\"QuantitativeValue\",\"minValue\":\"11\",\"maxValue\":\"50\"}},{\"@type\":\"Person\",\"@id\":\"https:\\\/\\\/cleanster.com\\\/#\\\/schema\\\/person\\\/bf8dbd71b6062df8d87e6f3f4673c94b\",\"name\":\"derrick\",\"image\":{\"@type\":\"ImageObject\",\"inLanguage\":\"es\",\"@id\":\"https:\\\/\\\/secure.gravatar.com\\\/avatar\\\/2f62e80994b7c3d8c0a4c2ab9df11da93ff44009f0af5bd22d3dc9b00b03610f?s=96&d=mm&r=g\",\"url\":\"https:\\\/\\\/secure.gravatar.com\\\/avatar\\\/2f62e80994b7c3d8c0a4c2ab9df11da93ff44009f0af5bd22d3dc9b00b03610f?s=96&d=mm&r=g\",\"contentUrl\":\"https:\\\/\\\/secure.gravatar.com\\\/avatar\\\/2f62e80994b7c3d8c0a4c2ab9df11da93ff44009f0af5bd22d3dc9b00b03610f?s=96&d=mm&r=g\",\"caption\":\"derrick\"},\"url\":\"https:\\\/\\\/cleanster.com\\\/es\\\/author\\\/derrick\\\/\"}]}<\/script>\n<!-- \/ Yoast SEO Premium plugin. -->","yoast_head_json":{"title":"Sobre nosotros","description":"Nuestra misi\u00f3n principal es brindarles a todos un acceso conveniente y de calidad a servicios de limpieza profesionales. Exploremos sobre nosotros","robots":{"index":"index","follow":"follow","max-snippet":"max-snippet:-1","max-image-preview":"max-image-preview:large","max-video-preview":"max-video-preview:-1"},"canonical":"https:\/\/cleanster.com\/es\/sobre-nosotros\/","og_locale":"es_MX","og_type":"article","og_title":"About Us - Cleanster | Cleaning &amp; Maid Services Near You","og_description":"Cleanster | Cleaning &amp; Maid Services Near You","og_url":"https:\/\/cleanster.com\/es\/sobre-nosotros\/","og_site_name":"Cleanster | Cleaning &amp; Maid Services Near You","article_publisher":"https:\/\/www.facebook.com\/cleansterhq","article_modified_time":"2025-10-09T19:53:39+00:00","og_image":[{"width":1170,"height":763,"url":"https:\/\/cleanster.com\/wp-content\/uploads\/2023\/11\/card@3x.png","type":"image\/png"}],"twitter_card":"summary_large_image","twitter_site":"@cleansterhq","twitter_misc":{"Tiempo de lectura":"3 minutos"},"schema":{"@context":"https:\/\/schema.org","@graph":[{"@type":"Article","@id":"https:\/\/cleanster.com\/about-us\/#article","isPartOf":{"@id":"https:\/\/cleanster.com\/about-us\/"},"author":{"name":"derrick","@id":"https:\/\/cleanster.com\/#\/schema\/person\/bf8dbd71b6062df8d87e6f3f4673c94b"},"headline":"About Us","datePublished":"2022-10-18T07:14:46+00:00","dateModified":"2025-10-09T19:53:39+00:00","mainEntityOfPage":{"@id":"https:\/\/cleanster.com\/about-us\/"},"wordCount":496,"publisher":{"@id":"https:\/\/cleanster.com\/#organization"},"inLanguage":"es"},{"@type":["WebPage","AboutPage"],"@id":"https:\/\/cleanster.com\/about-us\/","url":"https:\/\/cleanster.com\/about-us\/","name":"Sobre nosotros","isPartOf":{"@id":"https:\/\/cleanster.com\/#website"},"datePublished":"2022-10-18T07:14:46+00:00","dateModified":"2025-10-09T19:53:39+00:00","description":"Nuestra misi\u00f3n principal es brindarles a todos un acceso conveniente y de calidad a servicios de limpieza profesionales. Exploremos sobre nosotros","inLanguage":"es","potentialAction":[{"@type":"ReadAction","target":["https:\/\/cleanster.com\/about-us\/"]}]},{"@type":"WebSite","@id":"https:\/\/cleanster.com\/#website","url":"https:\/\/cleanster.com\/","name":"Cleanster | Servicios de limpieza y limpieza cerca de ti","description":"Encuentra y reserva al instante limpiadores de confianza para casas, apartamentos, Airbnb y oficinas. Cleanster ofrece servicios de limpieza dom\u00e9stica, limpieza del hogar y limpieza comercial a precios accesibles cerca de ti.","publisher":{"@id":"https:\/\/cleanster.com\/#organization"},"alternateName":"Cleanster | Cleaning, Maid & Housekeeping Services for Everyone","potentialAction":[{"@type":"SearchAction","target":{"@type":"EntryPoint","urlTemplate":"https:\/\/cleanster.com\/?s={search_term_string}"},"query-input":{"@type":"PropertyValueSpecification","valueRequired":true,"valueName":"search_term_string"}}],"inLanguage":"es"},{"@type":"Organization","@id":"https:\/\/cleanster.com\/#organization","name":"Limpiador","alternateName":"Cleanster.com","url":"https:\/\/cleanster.com\/","logo":{"@type":"ImageObject","inLanguage":"es","@id":"https:\/\/cleanster.com\/#\/schema\/logo\/image\/","url":"https:\/\/cleanster.com\/wp-content\/uploads\/2025\/06\/Cleanster-Logo-1.svg","contentUrl":"https:\/\/cleanster.com\/wp-content\/uploads\/2025\/06\/Cleanster-Logo-1.svg","width":1,"height":1,"caption":"Cleanster"},"image":{"@id":"https:\/\/cleanster.com\/#\/schema\/logo\/image\/"},"sameAs":["https:\/\/www.facebook.com\/cleansterhq","https:\/\/x.com\/cleansterhq","https:\/\/www.linkedin.com\/company\/cleansterhq","https:\/\/www.instagram.com\/cleansterhq","https:\/\/vm.tiktok.com\/ZM8vHmcuo\/","https:\/\/www.clubhouse.com\/club\/cleanstercom"],"description":"Cleanster es una plataforma de servicios de limpieza con inteligencia artificial que conecta a anfitriones, administradores de propiedades y clientes comerciales de Airbnb con limpiadores verificados y a demanda. Ofrecemos servicios de limpieza de apartamentos, casas, Airbnb, comercios y conserjer\u00eda. Con una red de m\u00e1s de 100,000 profesionales en EE. UU., Canad\u00e1 y el Reino Unido, Cleanster ofrece una limpieza r\u00e1pida, confiable y tecnol\u00f3gica a gran escala.","email":"support@cleanster.com","telephone":"+1 (888) 788-2445","legalName":"Cleanster, Inc.","foundingDate":"2019-05-06","duns":"118328526","naics":"541511","numberOfEmployees":{"@type":"QuantitativeValue","minValue":"11","maxValue":"50"}},{"@type":"Person","@id":"https:\/\/cleanster.com\/#\/schema\/person\/bf8dbd71b6062df8d87e6f3f4673c94b","name":"derrick","image":{"@type":"ImageObject","inLanguage":"es","@id":"https:\/\/secure.gravatar.com\/avatar\/2f62e80994b7c3d8c0a4c2ab9df11da93ff44009f0af5bd22d3dc9b00b03610f?s=96&d=mm&r=g","url":"https:\/\/secure.gravatar.com\/avatar\/2f62e80994b7c3d8c0a4c2ab9df11da93ff44009f0af5bd22d3dc9b00b03610f?s=96&d=mm&r=g","contentUrl":"https:\/\/secure.gravatar.com\/avatar\/2f62e80994b7c3d8c0a4c2ab9df11da93ff44009f0af5bd22d3dc9b00b03610f?s=96&d=mm&r=g","caption":"derrick"},"url":"https:\/\/cleanster.com\/es\/author\/derrick\/"}]}},"_links":{"self":[{"href":"https:\/\/cleanster.com\/es\/wp-json\/wp\/v2\/pages\/5681","targetHints":{"allow":["GET"]}}],"collection":[{"href":"https:\/\/cleanster.com\/es\/wp-json\/wp\/v2\/pages"}],"about":[{"href":"https:\/\/cleanster.com\/es\/wp-json\/wp\/v2\/types\/page"}],"author":[{"embeddable":true,"href":"https:\/\/cleanster.com\/es\/wp-json\/wp\/v2\/users\/2"}],"replies":[{"embeddable":true,"href":"https:\/\/cleanster.com\/es\/wp-json\/wp\/v2\/comments?post=5681"}],"version-history":[{"count":0,"href":"https:\/\/cleanster.com\/es\/wp-json\/wp\/v2\/pages\/5681\/revisions"}],"wp:attachment":[{"href":"https:\/\/cleanster.com\/es\/wp-json\/wp\/v2\/media?parent=5681"}],"curies":[{"name":"gracias","href":"https:\/\/api.w.org\/{rel}","templated":true}]}}