{"id":6071,"date":"2022-10-26T16:22:12","date_gmt":"2022-10-26T16:22:12","guid":{"rendered":"http:\/\/cleanster.ca\/?page_id=6071"},"modified":"2024-01-08T07:10:13","modified_gmt":"2024-01-08T07:10:13","slug":"limpieza-de-casa-cerca-de-mi","status":"publish","type":"page","link":"https:\/\/cleanster.com\/es\/limpieza-de-casa-cerca-de-mi\/","title":{"rendered":"Limpieza de casa cerca de m\u00ed"},"content":{"rendered":"<h2><span style=\"color: #ffffff;\"><b>Aplicaci\u00f3n para limpieza de casa <\/b><b>cerca de m\u00ed<\/b><\/span><\/h2>\n<p><span style=\"color: #ffffff;\"><span style=\"font-weight: 400;\">Un hogar es el lugar donde todo depende de tu tranquilidad, felicidad, estilo de vida m\u00e1s saludable y mucho m\u00e1s. Tu apretada agenda probablemente no te deje otra opci\u00f3n para limpiar la casa. Si est\u00e1s buscando una aplicaci\u00f3n profesional para la limpieza del hogar <\/span><span style=\"font-weight: 400;\">cerca <\/span><span style=\"font-weight: 400;\">Tu hogar, nadie puede superar a Cleanster.com. Nuestra app profesional para la limpieza del hogar. <\/span><span style=\"font-weight: 400;\">Es una excelente aplicaci\u00f3n para navegar por todo f\u00e1cilmente.<\/span><\/span><\/p>\n<p><span style=\"font-weight: 400; color: #ffffff;\">Creemos que una casa limpia se siente m\u00e1s saludable cuando est\u00e1 limpiada por <a style=\"color: #ffffff;\" href=\"https:\/\/cleanster.com\/\">Limpiador.com<\/a> Limpiadores profesionales.<\/span><\/p>\n<h2><span style=\"color: #ffffff;\"><b>Aplicaci\u00f3n de lista de verificaci\u00f3n de limpieza de la casa<\/b><\/span><\/h2>\n<p><span style=\"font-weight: 400; color: #ffffff;\">Eche un vistazo m\u00e1s de cerca a la aplicaci\u00f3n de servicio de limpieza profesional de casas de Cleanster.com:<\/span><\/p>\n<p><span style=\"font-weight: 400; color: #ffffff;\">Salas de estar: desempolvamos y limpiamos superficies de madera y vidrio. Limpia debajo de los cojines del sof\u00e1 y elementos decorativos.\u00a0<\/span><\/p>\n<p><span style=\"font-weight: 400; color: #ffffff;\">Cocinas: Limpiamos profesionalmente con un pa\u00f1o h\u00famedo los frentes de los armarios, las mesas y las sillas. Tambi\u00e9n fregamos, lavamos y desinfectamos las encimeras. Vaciamos los contenedores de basura.\u00a0<\/span><\/p>\n<p><span style=\"font-weight: 400; color: #ffffff;\">Ba\u00f1os: lave y desinfecte profundamente inodoros, tocadores, ba\u00f1eras, pisos y duchas.<\/span><\/p>\n<p><span style=\"font-weight: 400; color: #ffffff;\">Dormitorios: hacemos la cama, quitamos el polvo y acomodamos las almohadas y los peluches. Limpiamos a fondo las superficies y debajo de la cama.\u00a0<\/span><\/p>\n<p><span style=\"font-weight: 400; color: #ffffff;\">Todas las habitaciones: aspire, trapee y desinfecte profundamente todas las habitaciones.<\/span><\/p>\n<h2><span style=\"color: #ffffff;\"><b>La mejor aplicaci\u00f3n de limpieza de la casa<\/b><\/span><\/h2>\n<p><span style=\"font-weight: 400; color: #ffffff;\">La limpieza es nuestra prioridad, por lo que nos esforzamos al m\u00e1ximo para que todo sea f\u00e1cil y sencillo. Cleanster.com ofrece una amplia gama de servicios para su hogar, ya sea limpieza para Airbnb, mudanzas o salidas. Nuestros limpiadores son profesionales, amables y eficientes.\u00a0<\/span><\/p>\n<p><span style=\"font-weight: 400; color: #ffffff;\">Cleanster.com ofrece resultados de limpieza excepcionales, reduce el impacto ambiental, cuenta con personal capacitado y calificado, herramientas y equipos especializados. Y lo m\u00e1s importante, solo paga por el servicio que recibe.\u00a0<\/span><\/p>\n<p><span style=\"color: #ffffff;\"><a style=\"color: #ffffff;\" href=\"https:\/\/play.google.com\/store\/apps\/details?id=com.tidyapp.pro\"><span style=\"font-weight: 400;\">Limpiador<\/span><\/a><span style=\"font-weight: 400;\">.com es la mejor aplicaci\u00f3n de servicios de limpieza de casas cerca de ti para usuarios de dispositivos m\u00f3viles Android y iPhone.\u00a0<\/span><\/span><\/p>\n<p><span style=\"font-weight: 400; color: #ffffff;\">Nuestro servicio es rentable.<\/span><\/p>\n<p><span style=\"font-weight: 400; color: #ffffff;\">Ofrecemos una aplicaci\u00f3n sencilla para programar la limpieza de la casa para Airbnb.\u00a0<\/span><\/p>\n<p><span style=\"font-weight: 400; color: #ffffff;\">La aplicaci\u00f3n de programaci\u00f3n de limpieza de la casa es gratuita, por lo que puedes programarla para dividir tus tareas seg\u00fan tu tiempo.<\/span><\/p>\n<p><span style=\"color: #ffffff;\"><span style=\"font-weight: 400;\">No s\u00f3lo estamos ubicados cerca de usted,<\/span> <span style=\"font-weight: 400;\">Contamos con varios lugares para brindar varios servicios como <\/span><a style=\"color: #ffffff;\" href=\"https:\/\/cleanster.ca\/airbnb-cleaning-in-austin-tx\/\"><span style=\"font-weight: 400;\">Limpieza de Airbnb<\/span><\/a><span style=\"font-weight: 400;\">, <\/span><a style=\"color: #ffffff;\" href=\"https:\/\/cleanster.ca\/deep-cleaning-in-austin-tx-2\/\"><span style=\"font-weight: 400;\">limpieza profunda<\/span><\/a><span style=\"font-weight: 400;\">, <\/span><a style=\"color: #ffffff;\" href=\"https:\/\/cleanster.ca\/vacation-rental-cleaning-in-austin-tx\/\"><span style=\"font-weight: 400;\">limpieza de alquileres vacacionales<\/span><\/a><span style=\"font-weight: 400;\"> y muchos m\u00e1s.<\/span><\/span><\/p>","protected":false},"excerpt":{"rendered":"<p>App for house cleaning near me A home is where everything depends on your peace of mind, happiness, healthier lifestyle, and many more. Your busy schedule probably does not leave you a choice for cleaning the house. If you are looking for a professional app for house cleaning near your home no one can beat [&hellip;]<\/p>\n","protected":false},"author":1,"featured_media":16061,"parent":0,"menu_order":0,"comment_status":"closed","ping_status":"closed","template":"templates\/services.php","meta":{"_acf_changed":false,"footnotes":""},"class_list":["post-6071","page","type-page","status-publish","has-post-thumbnail","hentry","entry"],"acf":[],"yoast_head":"<!-- This site is optimized with the Yoast SEO Premium plugin v26.5 (Yoast SEO v27.3) - https:\/\/yoast.com\/product\/yoast-seo-premium-wordpress\/ -->\n<title>App for cleaning service near me - Cleanster.com<\/title>\n<meta name=\"description\" content=\"The smartest way to book, pay, and find house cleaning service near you through our Cleanster.com. It takes only 30 seconds.\" \/>\n<meta name=\"robots\" content=\"index, follow, max-snippet:-1, max-image-preview:large, max-video-preview:-1\" \/>\n<link rel=\"canonical\" href=\"https:\/\/cleanster.com\/es\/limpieza-de-casa-cerca-de-mi\/\" \/>\n<meta property=\"og:locale\" content=\"es_MX\" \/>\n<meta property=\"og:type\" content=\"article\" \/>\n<meta property=\"og:title\" content=\"House Cleaning near me - Cleanster | Cleaning &amp; Maid Services Near You\" \/>\n<meta property=\"og:description\" content=\"The smartest way to book, pay, and find house cleaning service near you through our Cleanster.com. It takes only 30 seconds.\" \/>\n<meta property=\"og:url\" content=\"https:\/\/cleanster.com\/es\/limpieza-de-casa-cerca-de-mi\/\" \/>\n<meta property=\"og:site_name\" content=\"Cleanster | Cleaning &amp; Maid Services Near You\" \/>\n<meta property=\"article:publisher\" content=\"https:\/\/www.facebook.com\/cleansterhq\" \/>\n<meta property=\"article:modified_time\" content=\"2024-01-08T07:10:13+00:00\" \/>\n<meta property=\"og:image\" content=\"https:\/\/cleanster.com\/wp-content\/uploads\/2023\/10\/house-img.jpg\" \/>\n\t<meta property=\"og:image:width\" content=\"950\" \/>\n\t<meta property=\"og:image:height\" content=\"670\" \/>\n\t<meta property=\"og:image:type\" content=\"image\/jpeg\" \/>\n<meta name=\"twitter:card\" content=\"summary_large_image\" \/>\n<meta name=\"twitter:site\" content=\"@cleansterhq\" \/>\n<meta name=\"twitter:label1\" content=\"Tiempo de lectura\" \/>\n\t<meta name=\"twitter:data1\" content=\"2 minutos\" \/>\n<script type=\"application\/ld+json\" class=\"yoast-schema-graph\">{\"@context\":\"https:\\\/\\\/schema.org\",\"@graph\":[{\"@type\":\"WebPage\",\"@id\":\"https:\\\/\\\/cleanster.com\\\/house-cleaning-in-near-me\\\/\",\"url\":\"https:\\\/\\\/cleanster.com\\\/house-cleaning-in-near-me\\\/\",\"name\":\"App for cleaning service near me - Cleanster.com\",\"isPartOf\":{\"@id\":\"https:\\\/\\\/cleanster.com\\\/#website\"},\"primaryImageOfPage\":{\"@id\":\"https:\\\/\\\/cleanster.com\\\/house-cleaning-in-near-me\\\/#primaryimage\"},\"image\":{\"@id\":\"https:\\\/\\\/cleanster.com\\\/house-cleaning-in-near-me\\\/#primaryimage\"},\"thumbnailUrl\":\"https:\\\/\\\/cleanster.com\\\/wp-content\\\/uploads\\\/2023\\\/10\\\/house-img.jpg\",\"datePublished\":\"2022-10-26T16:22:12+00:00\",\"dateModified\":\"2024-01-08T07:10:13+00:00\",\"description\":\"The smartest way to book, pay, and find house cleaning service near you through our Cleanster.com. It takes only 30 seconds.\",\"inLanguage\":\"es\",\"potentialAction\":[{\"@type\":\"ReadAction\",\"target\":[\"https:\\\/\\\/cleanster.com\\\/house-cleaning-in-near-me\\\/\"]}]},{\"@type\":\"ImageObject\",\"inLanguage\":\"es\",\"@id\":\"https:\\\/\\\/cleanster.com\\\/house-cleaning-in-near-me\\\/#primaryimage\",\"url\":\"https:\\\/\\\/cleanster.com\\\/wp-content\\\/uploads\\\/2023\\\/10\\\/house-img.jpg\",\"contentUrl\":\"https:\\\/\\\/cleanster.com\\\/wp-content\\\/uploads\\\/2023\\\/10\\\/house-img.jpg\",\"width\":950,\"height\":670},{\"@type\":\"WebSite\",\"@id\":\"https:\\\/\\\/cleanster.com\\\/#website\",\"url\":\"https:\\\/\\\/cleanster.com\\\/\",\"name\":\"Cleanster | Cleaning & Maid Services Near You\",\"description\":\"Instantly find &amp; book trusted cleaners for homes, apartment, Airbnb, and offices. Cleanster offers affordable maid, housekeeping, and commercial cleaning services near you.\",\"publisher\":{\"@id\":\"https:\\\/\\\/cleanster.com\\\/#organization\"},\"alternateName\":\"Cleanster | Cleaning, Maid & Housekeeping Services for Everyone\",\"potentialAction\":[{\"@type\":\"SearchAction\",\"target\":{\"@type\":\"EntryPoint\",\"urlTemplate\":\"https:\\\/\\\/cleanster.com\\\/?s={search_term_string}\"},\"query-input\":{\"@type\":\"PropertyValueSpecification\",\"valueRequired\":true,\"valueName\":\"search_term_string\"}}],\"inLanguage\":\"es\"},{\"@type\":\"Organization\",\"@id\":\"https:\\\/\\\/cleanster.com\\\/#organization\",\"name\":\"Cleanster\",\"alternateName\":\"Cleanster.com\",\"url\":\"https:\\\/\\\/cleanster.com\\\/\",\"logo\":{\"@type\":\"ImageObject\",\"inLanguage\":\"es\",\"@id\":\"https:\\\/\\\/cleanster.com\\\/#\\\/schema\\\/logo\\\/image\\\/\",\"url\":\"https:\\\/\\\/cleanster.com\\\/wp-content\\\/uploads\\\/2025\\\/06\\\/Cleanster-Logo-1.svg\",\"contentUrl\":\"https:\\\/\\\/cleanster.com\\\/wp-content\\\/uploads\\\/2025\\\/06\\\/Cleanster-Logo-1.svg\",\"width\":1,\"height\":1,\"caption\":\"Cleanster\"},\"image\":{\"@id\":\"https:\\\/\\\/cleanster.com\\\/#\\\/schema\\\/logo\\\/image\\\/\"},\"sameAs\":[\"https:\\\/\\\/www.facebook.com\\\/cleansterhq\",\"https:\\\/\\\/x.com\\\/cleansterhq\",\"https:\\\/\\\/www.linkedin.com\\\/company\\\/cleansterhq\",\"https:\\\/\\\/www.instagram.com\\\/cleansterhq\",\"https:\\\/\\\/vm.tiktok.com\\\/ZM8vHmcuo\\\/\",\"https:\\\/\\\/www.clubhouse.com\\\/club\\\/cleanstercom\"],\"description\":\"Cleanster is an AI-powered cleaning services platform that connects Airbnb hosts, property managers, and commercial clients with vetted, on-demand cleaners. We offer apartment, house, Airbnb, commercial, and janitorial cleaning services. With a network of over 100,000 professionals across the US, Canada, and the UK, Cleanster delivers fast, reliable, and tech-enabled cleaning at scale.\",\"email\":\"support@cleanster.com\",\"telephone\":\"+1 (888) 788-2445\",\"legalName\":\"Cleanster, Inc.\",\"foundingDate\":\"2019-05-06\",\"duns\":\"118328526\",\"naics\":\"541511\",\"numberOfEmployees\":{\"@type\":\"QuantitativeValue\",\"minValue\":\"11\",\"maxValue\":\"50\"}}]}<\/script>\n<!-- \/ Yoast SEO Premium plugin. -->","yoast_head_json":{"title":"Aplicaci\u00f3n para servicio de limpieza cerca de m\u00ed - Cleanster.com","description":"La forma m\u00e1s inteligente de reservar, pagar y encontrar un servicio de limpieza de la casa cerca de usted a trav\u00e9s de Cleanster.com. S\u00f3lo lleva 30 segundos.","robots":{"index":"index","follow":"follow","max-snippet":"max-snippet:-1","max-image-preview":"max-image-preview:large","max-video-preview":"max-video-preview:-1"},"canonical":"https:\/\/cleanster.com\/es\/limpieza-de-casa-cerca-de-mi\/","og_locale":"es_MX","og_type":"article","og_title":"House Cleaning near me - Cleanster | Cleaning &amp; Maid Services Near You","og_description":"The smartest way to book, pay, and find house cleaning service near you through our Cleanster.com. It takes only 30 seconds.","og_url":"https:\/\/cleanster.com\/es\/limpieza-de-casa-cerca-de-mi\/","og_site_name":"Cleanster | Cleaning &amp; Maid Services Near You","article_publisher":"https:\/\/www.facebook.com\/cleansterhq","article_modified_time":"2024-01-08T07:10:13+00:00","og_image":[{"width":950,"height":670,"url":"https:\/\/cleanster.com\/wp-content\/uploads\/2023\/10\/house-img.jpg","type":"image\/jpeg"}],"twitter_card":"summary_large_image","twitter_site":"@cleansterhq","twitter_misc":{"Tiempo de lectura":"2 minutos"},"schema":{"@context":"https:\/\/schema.org","@graph":[{"@type":"WebPage","@id":"https:\/\/cleanster.com\/house-cleaning-in-near-me\/","url":"https:\/\/cleanster.com\/house-cleaning-in-near-me\/","name":"Aplicaci\u00f3n para servicio de limpieza cerca de m\u00ed - Cleanster.com","isPartOf":{"@id":"https:\/\/cleanster.com\/#website"},"primaryImageOfPage":{"@id":"https:\/\/cleanster.com\/house-cleaning-in-near-me\/#primaryimage"},"image":{"@id":"https:\/\/cleanster.com\/house-cleaning-in-near-me\/#primaryimage"},"thumbnailUrl":"https:\/\/cleanster.com\/wp-content\/uploads\/2023\/10\/house-img.jpg","datePublished":"2022-10-26T16:22:12+00:00","dateModified":"2024-01-08T07:10:13+00:00","description":"La forma m\u00e1s inteligente de reservar, pagar y encontrar un servicio de limpieza de la casa cerca de usted a trav\u00e9s de Cleanster.com. S\u00f3lo lleva 30 segundos.","inLanguage":"es","potentialAction":[{"@type":"ReadAction","target":["https:\/\/cleanster.com\/house-cleaning-in-near-me\/"]}]},{"@type":"ImageObject","inLanguage":"es","@id":"https:\/\/cleanster.com\/house-cleaning-in-near-me\/#primaryimage","url":"https:\/\/cleanster.com\/wp-content\/uploads\/2023\/10\/house-img.jpg","contentUrl":"https:\/\/cleanster.com\/wp-content\/uploads\/2023\/10\/house-img.jpg","width":950,"height":670},{"@type":"WebSite","@id":"https:\/\/cleanster.com\/#website","url":"https:\/\/cleanster.com\/","name":"Cleanster | Servicios de limpieza y limpieza cerca de ti","description":"Encuentra y reserva al instante limpiadores de confianza para casas, apartamentos, Airbnb y oficinas. Cleanster ofrece servicios de limpieza dom\u00e9stica, limpieza del hogar y limpieza comercial a precios accesibles cerca de ti.","publisher":{"@id":"https:\/\/cleanster.com\/#organization"},"alternateName":"Cleanster | Cleaning, Maid & Housekeeping Services for Everyone","potentialAction":[{"@type":"SearchAction","target":{"@type":"EntryPoint","urlTemplate":"https:\/\/cleanster.com\/?s={search_term_string}"},"query-input":{"@type":"PropertyValueSpecification","valueRequired":true,"valueName":"search_term_string"}}],"inLanguage":"es"},{"@type":"Organization","@id":"https:\/\/cleanster.com\/#organization","name":"Limpiador","alternateName":"Cleanster.com","url":"https:\/\/cleanster.com\/","logo":{"@type":"ImageObject","inLanguage":"es","@id":"https:\/\/cleanster.com\/#\/schema\/logo\/image\/","url":"https:\/\/cleanster.com\/wp-content\/uploads\/2025\/06\/Cleanster-Logo-1.svg","contentUrl":"https:\/\/cleanster.com\/wp-content\/uploads\/2025\/06\/Cleanster-Logo-1.svg","width":1,"height":1,"caption":"Cleanster"},"image":{"@id":"https:\/\/cleanster.com\/#\/schema\/logo\/image\/"},"sameAs":["https:\/\/www.facebook.com\/cleansterhq","https:\/\/x.com\/cleansterhq","https:\/\/www.linkedin.com\/company\/cleansterhq","https:\/\/www.instagram.com\/cleansterhq","https:\/\/vm.tiktok.com\/ZM8vHmcuo\/","https:\/\/www.clubhouse.com\/club\/cleanstercom"],"description":"Cleanster es una plataforma de servicios de limpieza con inteligencia artificial que conecta a anfitriones, administradores de propiedades y clientes comerciales de Airbnb con limpiadores verificados y a demanda. Ofrecemos servicios de limpieza de apartamentos, casas, Airbnb, comercios y conserjer\u00eda. Con una red de m\u00e1s de 100,000 profesionales en EE. UU., Canad\u00e1 y el Reino Unido, Cleanster ofrece una limpieza r\u00e1pida, confiable y tecnol\u00f3gica a gran escala.","email":"support@cleanster.com","telephone":"+1 (888) 788-2445","legalName":"Cleanster, Inc.","foundingDate":"2019-05-06","duns":"118328526","naics":"541511","numberOfEmployees":{"@type":"QuantitativeValue","minValue":"11","maxValue":"50"}}]}},"_links":{"self":[{"href":"https:\/\/cleanster.com\/es\/wp-json\/wp\/v2\/pages\/6071","targetHints":{"allow":["GET"]}}],"collection":[{"href":"https:\/\/cleanster.com\/es\/wp-json\/wp\/v2\/pages"}],"about":[{"href":"https:\/\/cleanster.com\/es\/wp-json\/wp\/v2\/types\/page"}],"author":[{"embeddable":true,"href":"https:\/\/cleanster.com\/es\/wp-json\/wp\/v2\/users\/1"}],"replies":[{"embeddable":true,"href":"https:\/\/cleanster.com\/es\/wp-json\/wp\/v2\/comments?post=6071"}],"version-history":[{"count":0,"href":"https:\/\/cleanster.com\/es\/wp-json\/wp\/v2\/pages\/6071\/revisions"}],"wp:featuredmedia":[{"embeddable":true,"href":"https:\/\/cleanster.com\/es\/wp-json\/wp\/v2\/media\/16061"}],"wp:attachment":[{"href":"https:\/\/cleanster.com\/es\/wp-json\/wp\/v2\/media?parent=6071"}],"curies":[{"name":"gracias","href":"https:\/\/api.w.org\/{rel}","templated":true}]}}