{"id":6384,"date":"2022-10-26T19:25:02","date_gmt":"2022-10-26T19:25:02","guid":{"rendered":"http:\/\/cleanster.ca\/?page_id=6384"},"modified":"2024-01-08T11:03:18","modified_gmt":"2024-01-08T11:03:18","slug":"mudarse-a-limpiar-en-la-ciudad-de-nueva-york-ny","status":"publish","type":"page","link":"https:\/\/cleanster.com\/es\/mudarse-a-limpiar-en-la-ciudad-de-nueva-york-ny\/","title":{"rendered":"Mudarse y salir de limpieza en la ciudad de Nueva York, NY"},"content":{"rendered":"<h2><span style=\"color: #ffffff;\"><b>Aplicaci\u00f3n de limpieza para mudanzas de entrada y salida en <\/b><b>Nueva York, Nueva York<\/b><\/span><\/h2>\n<p><span style=\"color: #ffffff;\"><span style=\"font-weight: 400;\">\u00bfEst\u00e1s buscando una aplicaci\u00f3n de limpieza de entrada y salida en<\/span> <span style=\"font-weight: 400;\">Nueva York, Nueva York<\/span><span style=\"font-weight: 400;\">? Entonces sin duda alguna, puedes probar el <\/span><a style=\"color: #ffffff;\" href=\"https:\/\/play.google.com\/store\/apps\/details?id=com.tidyapp.pro\"><span style=\"font-weight: 400;\">Limpiador<\/span><\/a><a style=\"color: #ffffff;\" href=\"https:\/\/play.google.com\/store\/apps\/details?id=com.tidyapp.pro\">.com <\/a>para este servicio.\u00a0<\/span><\/p>\n<p><span style=\"color: #ffffff;\"><span style=\"font-weight: 400;\">Hay innumerables tareas y procesos que debes realizar mientras te mudas de un lugar a otro. <\/span><a style=\"color: #ffffff;\" href=\"https:\/\/cleanster.com\/\"><span style=\"font-weight: 400;\">Limpiador<\/span>.com<\/a> Tiene soluciones tanto para servicios de limpieza de entrada como de salida.<\/span><\/p>\n<p><span style=\"font-weight: 400; color: #ffffff;\">Los profesionales de Cleanster.com limpiar\u00e1n a fondo su casa nueva o antigua para que su experiencia de mudanza sea lo m\u00e1s tranquila y sin preocupaciones posible y se encargar\u00e1n del desorden por usted.<\/span><\/p>\n<h2><span style=\"color: #ffffff;\"><b>Lista de verificaci\u00f3n para limpieza de mudanza La aplicaci\u00f3n Cleanster.com ofrece:<\/b><\/span><\/h2>\n<p><span style=\"font-weight: 400; color: #ffffff;\">Los profesionales de Cleanster.com pueden encargarse de todos los elementos de su lista de limpieza de mudanza sin da\u00f1ar la propiedad, para que pueda dedicar m\u00e1s tiempo a prepararse para la mudanza.\u00a0<\/span><\/p>\n<p><span style=\"font-weight: 400; color: #ffffff;\">Polvo (todo)<\/span><\/p>\n<p><span style=\"font-weight: 400; color: #ffffff;\">Limpiar los electrodom\u00e9sticos de la cocina<\/span><\/p>\n<p><span style=\"font-weight: 400; color: #ffffff;\">Limpiar los gabinetes<\/span><\/p>\n<p><span style=\"font-weight: 400; color: #ffffff;\">Limpiar fregaderos y encimeras<\/span><\/p>\n<p><span style=\"font-weight: 400; color: #ffffff;\">Fregar los inodoros<\/span><\/p>\n<p><span style=\"font-weight: 400; color: #ffffff;\">Fregar ducha y ba\u00f1era<\/span><\/p>\n<p><span style=\"font-weight: 400; color: #ffffff;\">Limpiar los rodapi\u00e9s<\/span><\/p>\n<p><span style=\"font-weight: 400; color: #ffffff;\">Aspirar y barrer todos los pisos.<\/span><\/p>\n<p><span style=\"font-weight: 400; color: #ffffff;\">Realizamos nuestro trabajo de limpieza y mudanzas de manera eficiente con nuestras manos profesionales. Puede personalizar su programa de limpieza y mudanzas seg\u00fan sus necesidades.\u00a0<\/span><\/p>\n<p><span style=\"color: #ffffff;\"><span style=\"font-weight: 400;\">No s\u00f3lo estamos basados en <\/span><span style=\"font-weight: 400;\">Ciudad de Nueva York,<\/span><span style=\"font-weight: 400;\"> Contamos con varios lugares para brindar varios servicios como <\/span><a style=\"color: #ffffff;\" href=\"https:\/\/cleanster.ca\/house-cleaning-in-austin-tx\/\"><span style=\"font-weight: 400;\">limpieza de la casa<\/span><\/a><span style=\"font-weight: 400;\">, <\/span><a style=\"color: #ffffff;\" href=\"https:\/\/cleanster.ca\/airbnb-cleaning-in-austin-tx\/\"><span style=\"font-weight: 400;\">limpieza de airbnb<\/span><\/a><span style=\"font-weight: 400;\">, <\/span><a style=\"color: #ffffff;\" href=\"https:\/\/cleanster.ca\/deep-cleaning-in-austin-tx-2\/\"><span style=\"font-weight: 400;\">limpieza profunda<\/span><\/a><span style=\"font-weight: 400;\">, <\/span><a style=\"color: #ffffff;\" href=\"https:\/\/cleanster.ca\/vacation-rental-cleaning-in-austin-tx\/\"><span style=\"font-weight: 400;\">limpieza de alquileres vacacionales<\/span><\/a>,<span style=\"font-weight: 400;\"> y muchos m\u00e1s.<\/span><\/span><\/p>\n<h2><span style=\"color: #ffffff;\"><b>Servicio de mudanza<\/b><\/span><\/h2>\n<p><span style=\"color: #ffffff;\"><span style=\"font-weight: 400;\">Mudarse a una casa es emocionante y tambi\u00e9n estresante. Hay muchas cosas que debes organizar antes de mudarte, como limpiar y preparar muebles nuevos, entre otras. Con Cleanster.com, nuestro experto puede realizar estas tareas de manera muy competente. Nuestra excelente aplicaci\u00f3n tambi\u00e9n est\u00e1 disponible para servicios de limpieza de mudanzas en <\/span><a style=\"color: #ffffff;\" href=\"https:\/\/en.wikipedia.org\/wiki\/New_York_City\"><span style=\"font-weight: 400;\">Nueva York, Nueva York<\/span><\/a><\/span><\/p>\n<p><span style=\"font-weight: 400; color: #ffffff;\">Limpiaremos a fondo su nueva casa, organizaremos los muebles pesados y nos aseguraremos de que todo est\u00e9 en \u00f3ptimas condiciones.<\/span><\/p>\n<p><span style=\"font-weight: 400; color: #ffffff;\">Ya sea que se est\u00e9 mudando o desocupando su casa, hemos dise\u00f1ado nuestra aplicaci\u00f3n para ofrecer servicios de limpieza a un precio asequible.\u00a0<\/span><\/p>\n<h2><span style=\"color: #ffffff;\"><b>Ventajas que puedes obtener<\/b><\/span><\/h2>\n<p><span style=\"font-weight: 400; color: #ffffff;\">Te ayudamos a ahorrar tiempo y somos mucho m\u00e1s seguros de lo que crees.<\/span><\/p>\n<p><span style=\"font-weight: 400; color: #ffffff;\">No necesitas pensar en la gesti\u00f3n de permisos y asesoramiento.<\/span><\/p>\n<p><span style=\"font-weight: 400; color: #ffffff;\">Contamos con el equipo de limpieza exacto.<\/span><\/p>\n<p><span style=\"font-weight: 400; color: #ffffff;\">Nuestro personal est\u00e1 altamente calificado en la remoci\u00f3n de art\u00edculos pesados.<\/span><\/p>","protected":false},"excerpt":{"rendered":"<p>Moving In and Out Cleaning App in New York City, NY Are you looking for a moving-in and out cleaning app in New York City, NY? Then without any doubt, you can try the Cleanster.com for this service.\u00a0 There are countless tasks and processes you need to do while you are moving from one place [&hellip;]<\/p>\n","protected":false},"author":1,"featured_media":17319,"parent":0,"menu_order":0,"comment_status":"closed","ping_status":"closed","template":"templates\/services.php","meta":{"_acf_changed":false,"footnotes":""},"class_list":["post-6384","page","type-page","status-publish","has-post-thumbnail","hentry","entry"],"acf":[],"yoast_head":"<!-- This site is optimized with the Yoast SEO Premium plugin v26.5 (Yoast SEO v27.4) - https:\/\/yoast.com\/product\/yoast-seo-premium-wordpress\/ -->\n<title>Moving in and out cleaning app in NewYork City, NY- Cleanster.com<\/title>\n<meta name=\"description\" content=\"The smartest way to book, pay, and find moving in and out cleaning service in New York City, NY through Cleanster.com. Let&#039;s download\" \/>\n<meta name=\"robots\" content=\"index, follow, max-snippet:-1, max-image-preview:large, max-video-preview:-1\" \/>\n<link rel=\"canonical\" href=\"https:\/\/cleanster.com\/es\/mudarse-a-limpiar-en-la-ciudad-de-nueva-york-ny\/\" \/>\n<meta property=\"og:locale\" content=\"es_MX\" \/>\n<meta property=\"og:type\" content=\"article\" \/>\n<meta property=\"og:title\" content=\"Moving In Out Cleaning in New York City, NY - Cleanster | Cleaning &amp; Maid Services Near You\" \/>\n<meta property=\"og:description\" content=\"The smartest way to book, pay, and find moving in and out cleaning service in New York City, NY through Cleanster.com. Let&#039;s download\" \/>\n<meta property=\"og:url\" content=\"https:\/\/cleanster.com\/es\/mudarse-a-limpiar-en-la-ciudad-de-nueva-york-ny\/\" \/>\n<meta property=\"og:site_name\" content=\"Cleanster | Cleaning &amp; Maid Services Near You\" \/>\n<meta property=\"article:publisher\" content=\"https:\/\/www.facebook.com\/cleansterhq\" \/>\n<meta property=\"article:modified_time\" content=\"2024-01-08T11:03:18+00:00\" \/>\n<meta property=\"og:image\" content=\"https:\/\/cleanster.com\/wp-content\/uploads\/2023\/11\/moving-img.jpg\" \/>\n\t<meta property=\"og:image:width\" content=\"950\" \/>\n\t<meta property=\"og:image:height\" content=\"670\" \/>\n\t<meta property=\"og:image:type\" content=\"image\/jpeg\" \/>\n<meta name=\"twitter:card\" content=\"summary_large_image\" \/>\n<meta name=\"twitter:site\" content=\"@cleansterhq\" \/>\n<meta name=\"twitter:label1\" content=\"Tiempo de lectura\" \/>\n\t<meta name=\"twitter:data1\" content=\"2 minutos\" \/>\n<script type=\"application\/ld+json\" class=\"yoast-schema-graph\">{\"@context\":\"https:\\\/\\\/schema.org\",\"@graph\":[{\"@type\":\"WebPage\",\"@id\":\"https:\\\/\\\/cleanster.com\\\/moving-in-out-cleaning-in-new-york-city-ny\\\/\",\"url\":\"https:\\\/\\\/cleanster.com\\\/moving-in-out-cleaning-in-new-york-city-ny\\\/\",\"name\":\"Moving in and out cleaning app in NewYork City, NY- Cleanster.com\",\"isPartOf\":{\"@id\":\"https:\\\/\\\/cleanster.com\\\/#website\"},\"primaryImageOfPage\":{\"@id\":\"https:\\\/\\\/cleanster.com\\\/moving-in-out-cleaning-in-new-york-city-ny\\\/#primaryimage\"},\"image\":{\"@id\":\"https:\\\/\\\/cleanster.com\\\/moving-in-out-cleaning-in-new-york-city-ny\\\/#primaryimage\"},\"thumbnailUrl\":\"https:\\\/\\\/cleanster.com\\\/wp-content\\\/uploads\\\/2023\\\/11\\\/moving-img.jpg\",\"datePublished\":\"2022-10-26T19:25:02+00:00\",\"dateModified\":\"2024-01-08T11:03:18+00:00\",\"description\":\"The smartest way to book, pay, and find moving in and out cleaning service in New York City, NY through Cleanster.com. Let's download\",\"inLanguage\":\"es\",\"potentialAction\":[{\"@type\":\"ReadAction\",\"target\":[\"https:\\\/\\\/cleanster.com\\\/moving-in-out-cleaning-in-new-york-city-ny\\\/\"]}]},{\"@type\":\"ImageObject\",\"inLanguage\":\"es\",\"@id\":\"https:\\\/\\\/cleanster.com\\\/moving-in-out-cleaning-in-new-york-city-ny\\\/#primaryimage\",\"url\":\"https:\\\/\\\/cleanster.com\\\/wp-content\\\/uploads\\\/2023\\\/11\\\/moving-img.jpg\",\"contentUrl\":\"https:\\\/\\\/cleanster.com\\\/wp-content\\\/uploads\\\/2023\\\/11\\\/moving-img.jpg\",\"width\":950,\"height\":670},{\"@type\":\"WebSite\",\"@id\":\"https:\\\/\\\/cleanster.com\\\/#website\",\"url\":\"https:\\\/\\\/cleanster.com\\\/\",\"name\":\"Cleanster | Cleaning & Maid Services Near You\",\"description\":\"Instantly find &amp; book trusted cleaners for homes, apartment, Airbnb, and offices. Cleanster offers affordable maid, housekeeping, and commercial cleaning services near you.\",\"publisher\":{\"@id\":\"https:\\\/\\\/cleanster.com\\\/#organization\"},\"alternateName\":\"Cleanster | Cleaning, Maid & Housekeeping Services for Everyone\",\"potentialAction\":[{\"@type\":\"SearchAction\",\"target\":{\"@type\":\"EntryPoint\",\"urlTemplate\":\"https:\\\/\\\/cleanster.com\\\/?s={search_term_string}\"},\"query-input\":{\"@type\":\"PropertyValueSpecification\",\"valueRequired\":true,\"valueName\":\"search_term_string\"}}],\"inLanguage\":\"es\"},{\"@type\":\"Organization\",\"@id\":\"https:\\\/\\\/cleanster.com\\\/#organization\",\"name\":\"Cleanster\",\"alternateName\":\"Cleanster.com\",\"url\":\"https:\\\/\\\/cleanster.com\\\/\",\"logo\":{\"@type\":\"ImageObject\",\"inLanguage\":\"es\",\"@id\":\"https:\\\/\\\/cleanster.com\\\/#\\\/schema\\\/logo\\\/image\\\/\",\"url\":\"https:\\\/\\\/cleanster.com\\\/wp-content\\\/uploads\\\/2025\\\/06\\\/Cleanster-Logo-1.svg\",\"contentUrl\":\"https:\\\/\\\/cleanster.com\\\/wp-content\\\/uploads\\\/2025\\\/06\\\/Cleanster-Logo-1.svg\",\"width\":1,\"height\":1,\"caption\":\"Cleanster\"},\"image\":{\"@id\":\"https:\\\/\\\/cleanster.com\\\/#\\\/schema\\\/logo\\\/image\\\/\"},\"sameAs\":[\"https:\\\/\\\/www.facebook.com\\\/cleansterhq\",\"https:\\\/\\\/x.com\\\/cleansterhq\",\"https:\\\/\\\/www.linkedin.com\\\/company\\\/cleansterhq\",\"https:\\\/\\\/www.instagram.com\\\/cleansterhq\",\"https:\\\/\\\/vm.tiktok.com\\\/ZM8vHmcuo\\\/\",\"https:\\\/\\\/www.clubhouse.com\\\/club\\\/cleanstercom\"],\"description\":\"Cleanster is an AI-powered cleaning services platform that connects Airbnb hosts, property managers, and commercial clients with vetted, on-demand cleaners. We offer apartment, house, Airbnb, commercial, and janitorial cleaning services. With a network of over 100,000 professionals across the US, Canada, and the UK, Cleanster delivers fast, reliable, and tech-enabled cleaning at scale.\",\"email\":\"support@cleanster.com\",\"telephone\":\"+1 (888) 788-2445\",\"legalName\":\"Cleanster, Inc.\",\"foundingDate\":\"2019-05-06\",\"duns\":\"118328526\",\"naics\":\"541511\",\"numberOfEmployees\":{\"@type\":\"QuantitativeValue\",\"minValue\":\"11\",\"maxValue\":\"50\"}}]}<\/script>\n<!-- \/ Yoast SEO Premium plugin. -->","yoast_head_json":{"title":"Aplicaci\u00f3n de limpieza para entrar y salir en la ciudad de Nueva York, NY- Cleanster.com","description":"La forma m\u00e1s inteligente de reservar, pagar y encontrar servicios de limpieza de entrada y salida en la ciudad de Nueva York, NY a trav\u00e9s de Cleanster.com. descarguemos","robots":{"index":"index","follow":"follow","max-snippet":"max-snippet:-1","max-image-preview":"max-image-preview:large","max-video-preview":"max-video-preview:-1"},"canonical":"https:\/\/cleanster.com\/es\/mudarse-a-limpiar-en-la-ciudad-de-nueva-york-ny\/","og_locale":"es_MX","og_type":"article","og_title":"Moving In Out Cleaning in New York City, NY - Cleanster | Cleaning &amp; Maid Services Near You","og_description":"The smartest way to book, pay, and find moving in and out cleaning service in New York City, NY through Cleanster.com. Let's download","og_url":"https:\/\/cleanster.com\/es\/mudarse-a-limpiar-en-la-ciudad-de-nueva-york-ny\/","og_site_name":"Cleanster | Cleaning &amp; Maid Services Near You","article_publisher":"https:\/\/www.facebook.com\/cleansterhq","article_modified_time":"2024-01-08T11:03:18+00:00","og_image":[{"width":950,"height":670,"url":"https:\/\/cleanster.com\/wp-content\/uploads\/2023\/11\/moving-img.jpg","type":"image\/jpeg"}],"twitter_card":"summary_large_image","twitter_site":"@cleansterhq","twitter_misc":{"Tiempo de lectura":"2 minutos"},"schema":{"@context":"https:\/\/schema.org","@graph":[{"@type":"WebPage","@id":"https:\/\/cleanster.com\/moving-in-out-cleaning-in-new-york-city-ny\/","url":"https:\/\/cleanster.com\/moving-in-out-cleaning-in-new-york-city-ny\/","name":"Aplicaci\u00f3n de limpieza para entrar y salir en la ciudad de Nueva York, NY- Cleanster.com","isPartOf":{"@id":"https:\/\/cleanster.com\/#website"},"primaryImageOfPage":{"@id":"https:\/\/cleanster.com\/moving-in-out-cleaning-in-new-york-city-ny\/#primaryimage"},"image":{"@id":"https:\/\/cleanster.com\/moving-in-out-cleaning-in-new-york-city-ny\/#primaryimage"},"thumbnailUrl":"https:\/\/cleanster.com\/wp-content\/uploads\/2023\/11\/moving-img.jpg","datePublished":"2022-10-26T19:25:02+00:00","dateModified":"2024-01-08T11:03:18+00:00","description":"La forma m\u00e1s inteligente de reservar, pagar y encontrar servicios de limpieza de entrada y salida en la ciudad de Nueva York, NY a trav\u00e9s de Cleanster.com. descarguemos","inLanguage":"es","potentialAction":[{"@type":"ReadAction","target":["https:\/\/cleanster.com\/moving-in-out-cleaning-in-new-york-city-ny\/"]}]},{"@type":"ImageObject","inLanguage":"es","@id":"https:\/\/cleanster.com\/moving-in-out-cleaning-in-new-york-city-ny\/#primaryimage","url":"https:\/\/cleanster.com\/wp-content\/uploads\/2023\/11\/moving-img.jpg","contentUrl":"https:\/\/cleanster.com\/wp-content\/uploads\/2023\/11\/moving-img.jpg","width":950,"height":670},{"@type":"WebSite","@id":"https:\/\/cleanster.com\/#website","url":"https:\/\/cleanster.com\/","name":"Cleanster | Servicios de limpieza y limpieza cerca de ti","description":"Encuentra y reserva al instante limpiadores de confianza para casas, apartamentos, Airbnb y oficinas. Cleanster ofrece servicios de limpieza dom\u00e9stica, limpieza del hogar y limpieza comercial a precios accesibles cerca de ti.","publisher":{"@id":"https:\/\/cleanster.com\/#organization"},"alternateName":"Cleanster | Cleaning, Maid & Housekeeping Services for Everyone","potentialAction":[{"@type":"SearchAction","target":{"@type":"EntryPoint","urlTemplate":"https:\/\/cleanster.com\/?s={search_term_string}"},"query-input":{"@type":"PropertyValueSpecification","valueRequired":true,"valueName":"search_term_string"}}],"inLanguage":"es"},{"@type":"Organization","@id":"https:\/\/cleanster.com\/#organization","name":"Limpiador","alternateName":"Cleanster.com","url":"https:\/\/cleanster.com\/","logo":{"@type":"ImageObject","inLanguage":"es","@id":"https:\/\/cleanster.com\/#\/schema\/logo\/image\/","url":"https:\/\/cleanster.com\/wp-content\/uploads\/2025\/06\/Cleanster-Logo-1.svg","contentUrl":"https:\/\/cleanster.com\/wp-content\/uploads\/2025\/06\/Cleanster-Logo-1.svg","width":1,"height":1,"caption":"Cleanster"},"image":{"@id":"https:\/\/cleanster.com\/#\/schema\/logo\/image\/"},"sameAs":["https:\/\/www.facebook.com\/cleansterhq","https:\/\/x.com\/cleansterhq","https:\/\/www.linkedin.com\/company\/cleansterhq","https:\/\/www.instagram.com\/cleansterhq","https:\/\/vm.tiktok.com\/ZM8vHmcuo\/","https:\/\/www.clubhouse.com\/club\/cleanstercom"],"description":"Cleanster es una plataforma de servicios de limpieza con inteligencia artificial que conecta a anfitriones, administradores de propiedades y clientes comerciales de Airbnb con limpiadores verificados y a demanda. Ofrecemos servicios de limpieza de apartamentos, casas, Airbnb, comercios y conserjer\u00eda. Con una red de m\u00e1s de 100,000 profesionales en EE. UU., Canad\u00e1 y el Reino Unido, Cleanster ofrece una limpieza r\u00e1pida, confiable y tecnol\u00f3gica a gran escala.","email":"support@cleanster.com","telephone":"+1 (888) 788-2445","legalName":"Cleanster, Inc.","foundingDate":"2019-05-06","duns":"118328526","naics":"541511","numberOfEmployees":{"@type":"QuantitativeValue","minValue":"11","maxValue":"50"}}]}},"_links":{"self":[{"href":"https:\/\/cleanster.com\/es\/wp-json\/wp\/v2\/pages\/6384","targetHints":{"allow":["GET"]}}],"collection":[{"href":"https:\/\/cleanster.com\/es\/wp-json\/wp\/v2\/pages"}],"about":[{"href":"https:\/\/cleanster.com\/es\/wp-json\/wp\/v2\/types\/page"}],"author":[{"embeddable":true,"href":"https:\/\/cleanster.com\/es\/wp-json\/wp\/v2\/users\/1"}],"replies":[{"embeddable":true,"href":"https:\/\/cleanster.com\/es\/wp-json\/wp\/v2\/comments?post=6384"}],"version-history":[{"count":0,"href":"https:\/\/cleanster.com\/es\/wp-json\/wp\/v2\/pages\/6384\/revisions"}],"wp:featuredmedia":[{"embeddable":true,"href":"https:\/\/cleanster.com\/es\/wp-json\/wp\/v2\/media\/17319"}],"wp:attachment":[{"href":"https:\/\/cleanster.com\/es\/wp-json\/wp\/v2\/media?parent=6384"}],"curies":[{"name":"gracias","href":"https:\/\/api.w.org\/{rel}","templated":true}]}}