{"id":79,"date":"2023-08-08T07:17:55","date_gmt":"2023-08-08T07:17:55","guid":{"rendered":"https:\/\/cleanster.com\/?page_id=79"},"modified":"2026-02-25T19:20:19","modified_gmt":"2026-02-25T19:20:19","slug":"servicios-de-limpieza-de-apartamentos-2","status":"publish","type":"page","link":"https:\/\/cleanster.com\/es\/servicios-de-limpieza-de-apartamentos-2\/","title":{"rendered":"Servicios de limpieza de apartamentos"},"content":{"rendered":"<h2><span style=\"color: #ffffff;\">\u00bfCu\u00e1les son los mejores servicios de limpieza de apartamentos en mi zona?<\/span><\/h2>\n<p><span style=\"color: #ffffff;\">Propuesta de beneficio residencial de Cleanster<\/span><\/p>\n<h2><span style=\"color: #ffffff;\">Descripci\u00f3n general<\/span><\/h2>\n<h2><span style=\"color: #ffffff;\">Cleanster es una plataforma de limpieza confiable que atiende a m\u00e1s de 15,000 clientes satisfechos en todo Estados Unidos. Con Cleanster, los residentes pueden reservar al instante servicios profesionales de limpieza para apartamentos o condominios, con el respaldo de nuestra garant\u00eda de satisfacci\u00f3n 100%. Ya sea una limpieza puntual, un servicio profundo, un servicio de mudanza o un servicio recurrente, Cleanster facilita una vida limpia.<\/span><\/h2>\n<h2><\/h2>\n<h2><span style=\"color: #ffffff;\">Beneficio propuesto para residentes<\/span><\/h2>\n<p style=\"font-weight: 400;\"><span style=\"color: #ffffff;\">Bienvenido a casa con Cleanster: disfruta de beneficios exclusivos a trav\u00e9s de la plataforma Cleanster, que incluyen:<\/span><br \/>\n<span style=\"color: #ffffff;\">\u2013 30% de descuento en tu primera limpieza por encima de $99<\/span><br \/>\n<span style=\"color: #ffffff;\">\u2013 $25 Cleanster Cash para tu pr\u00f3xima reserva<\/span><br \/>\n<span style=\"color: #ffffff;\">\u2013 Reservas en tiempo real con limpiadores profesionales completamente verificados<\/span><br \/>\n<span style=\"color: #ffffff;\">\u2013 Precios transparentes y cotizaciones instant\u00e1neas<\/span><br \/>\n<span style=\"color: #ffffff;\">\u2013 Selecci\u00f3n de limpiadores personalizados seg\u00fan la calificaci\u00f3n y la disponibilidad, con la opci\u00f3n de volver a reservar el mismo limpiador o probar uno nuevo cada vez<\/span><br \/>\n<span style=\"color: #ffffff;\">Todas las limpiezas est\u00e1n respaldadas por una garant\u00eda de satisfacci\u00f3n 100%.<\/span><\/p>\n<h2><span style=\"color: #ffffff;\">Opciones adicionales de participaci\u00f3n de residentes (opcional)<\/span><\/h2>\n<p style=\"font-weight: 400;\"><span style=\"color: #ffffff;\">\u2013 Recompensas por recomendaci\u00f3n: los residentes obtienen $25 Cleanster Cash cuando un amigo realiza una reserva usando su c\u00f3digo de recomendaci\u00f3n.<\/span><br \/>\n<span style=\"color: #ffffff;\">\u2013 Fidelizaci\u00f3n Recurrente: Reserva 7 limpiezas recurrentes y ll\u00e9vate la 8\u00aa GRATIS.<\/span><br \/>\n<span style=\"color: #ffffff;\">\u2013 Promoci\u00f3n de limpieza profunda: despu\u00e9s de 5 reservas completadas, desbloquea 20% de descuento en limpiezas profundas (emisi\u00f3n autom\u00e1tica, vence en 3 meses).<\/span><\/p>\n<p style=\"font-weight: 400;\">","protected":false},"excerpt":{"rendered":"<p>What are the best services for apartment cleaning in my area? Cleanster Residential Perk Proposal Overview Cleanster is a trusted cleaning platform serving over 15,000+ happy customers across US. With Cleanster, residents can instantly book professional cleaners for apartment or condo all backed by our 100% satisfaction guarantee. Whether it\u2019s a one-time freshen-up, deep, move-out [&hellip;]<\/p>\n","protected":false},"author":1,"featured_media":0,"parent":0,"menu_order":0,"comment_status":"closed","ping_status":"closed","template":"templates\/residents.php","meta":{"_acf_changed":false,"footnotes":""},"class_list":["post-79","page","type-page","status-publish","hentry","entry"],"acf":[],"yoast_head":"<!-- This site is optimized with the Yoast SEO Premium plugin v26.5 (Yoast SEO v27.3) - https:\/\/yoast.com\/product\/yoast-seo-premium-wordpress\/ -->\n<title>Apartment Resident Looking For Reliable Cleaning Services<\/title>\n<meta name=\"description\" content=\"Apartment residents can benefit from Cleanster.com\u2019s tailored cleaning services. Discover convenient services for your home.\" \/>\n<meta name=\"robots\" content=\"index, follow, max-snippet:-1, max-image-preview:large, max-video-preview:-1\" \/>\n<link rel=\"canonical\" href=\"https:\/\/cleanster.com\/es\/servicios-de-limpieza-de-apartamentos-2\/\" \/>\n<meta property=\"og:locale\" content=\"es_MX\" \/>\n<meta property=\"og:type\" content=\"article\" \/>\n<meta property=\"og:title\" content=\"Apartment Cleaning Services - Cleanster | Cleaning &amp; Maid Services Near You\" \/>\n<meta property=\"og:description\" content=\"Apartment residents can benefit from Cleanster.com\u2019s tailored cleaning services. Discover convenient services for your home.\" \/>\n<meta property=\"og:url\" content=\"https:\/\/cleanster.com\/es\/servicios-de-limpieza-de-apartamentos-2\/\" \/>\n<meta property=\"og:site_name\" content=\"Cleanster | Cleaning &amp; Maid Services Near You\" \/>\n<meta property=\"article:publisher\" content=\"https:\/\/www.facebook.com\/cleansterhq\" \/>\n<meta property=\"article:modified_time\" content=\"2026-02-25T19:20:19+00:00\" \/>\n<meta property=\"og:image\" content=\"https:\/\/cleanster.com\/wp-content\/uploads\/2023\/11\/card@3x.png\" \/>\n\t<meta property=\"og:image:width\" content=\"1170\" \/>\n\t<meta property=\"og:image:height\" content=\"763\" \/>\n\t<meta property=\"og:image:type\" content=\"image\/png\" \/>\n<meta name=\"twitter:card\" content=\"summary_large_image\" \/>\n<meta name=\"twitter:site\" content=\"@cleansterhq\" \/>\n<meta name=\"twitter:label1\" content=\"Tiempo de lectura\" \/>\n\t<meta name=\"twitter:data1\" content=\"1 minuto\" \/>\n<script type=\"application\/ld+json\" class=\"yoast-schema-graph\">{\"@context\":\"https:\\\/\\\/schema.org\",\"@graph\":[{\"@type\":\"WebPage\",\"@id\":\"https:\\\/\\\/cleanster.com\\\/apartment-cleaning-services\\\/\",\"url\":\"https:\\\/\\\/cleanster.com\\\/apartment-cleaning-services\",\"name\":\"Apartment Resident Looking For Reliable Cleaning Services\",\"isPartOf\":{\"@id\":\"https:\\\/\\\/cleanster.com\\\/#website\"},\"datePublished\":\"2023-08-08T07:17:55+00:00\",\"dateModified\":\"2026-02-25T19:20:19+00:00\",\"description\":\"Apartment residents can benefit from Cleanster.com\u2019s tailored cleaning services. Discover convenient services for your home.\",\"inLanguage\":\"es\",\"potentialAction\":[{\"@type\":\"ReadAction\",\"target\":[\"https:\\\/\\\/cleanster.com\\\/apartment-cleaning-services\"]}]},{\"@type\":\"WebSite\",\"@id\":\"https:\\\/\\\/cleanster.com\\\/#website\",\"url\":\"https:\\\/\\\/cleanster.com\\\/\",\"name\":\"Cleanster | Cleaning & Maid Services Near You\",\"description\":\"Instantly find &amp; book trusted cleaners for homes, apartment, Airbnb, and offices. Cleanster offers affordable maid, housekeeping, and commercial cleaning services near you.\",\"publisher\":{\"@id\":\"https:\\\/\\\/cleanster.com\\\/#organization\"},\"alternateName\":\"Cleanster | Cleaning, Maid & Housekeeping Services for Everyone\",\"potentialAction\":[{\"@type\":\"SearchAction\",\"target\":{\"@type\":\"EntryPoint\",\"urlTemplate\":\"https:\\\/\\\/cleanster.com\\\/?s={search_term_string}\"},\"query-input\":{\"@type\":\"PropertyValueSpecification\",\"valueRequired\":true,\"valueName\":\"search_term_string\"}}],\"inLanguage\":\"es\"},{\"@type\":\"Organization\",\"@id\":\"https:\\\/\\\/cleanster.com\\\/#organization\",\"name\":\"Cleanster\",\"alternateName\":\"Cleanster.com\",\"url\":\"https:\\\/\\\/cleanster.com\\\/\",\"logo\":{\"@type\":\"ImageObject\",\"inLanguage\":\"es\",\"@id\":\"https:\\\/\\\/cleanster.com\\\/#\\\/schema\\\/logo\\\/image\\\/\",\"url\":\"https:\\\/\\\/cleanster.com\\\/wp-content\\\/uploads\\\/2025\\\/06\\\/Cleanster-Logo-1.svg\",\"contentUrl\":\"https:\\\/\\\/cleanster.com\\\/wp-content\\\/uploads\\\/2025\\\/06\\\/Cleanster-Logo-1.svg\",\"width\":1,\"height\":1,\"caption\":\"Cleanster\"},\"image\":{\"@id\":\"https:\\\/\\\/cleanster.com\\\/#\\\/schema\\\/logo\\\/image\\\/\"},\"sameAs\":[\"https:\\\/\\\/www.facebook.com\\\/cleansterhq\",\"https:\\\/\\\/x.com\\\/cleansterhq\",\"https:\\\/\\\/www.linkedin.com\\\/company\\\/cleansterhq\",\"https:\\\/\\\/www.instagram.com\\\/cleansterhq\",\"https:\\\/\\\/vm.tiktok.com\\\/ZM8vHmcuo\\\/\",\"https:\\\/\\\/www.clubhouse.com\\\/club\\\/cleanstercom\"],\"description\":\"Cleanster is an AI-powered cleaning services platform that connects Airbnb hosts, property managers, and commercial clients with vetted, on-demand cleaners. We offer apartment, house, Airbnb, commercial, and janitorial cleaning services. With a network of over 100,000 professionals across the US, Canada, and the UK, Cleanster delivers fast, reliable, and tech-enabled cleaning at scale.\",\"email\":\"support@cleanster.com\",\"telephone\":\"+1 (888) 788-2445\",\"legalName\":\"Cleanster, Inc.\",\"foundingDate\":\"2019-05-06\",\"duns\":\"118328526\",\"naics\":\"541511\",\"numberOfEmployees\":{\"@type\":\"QuantitativeValue\",\"minValue\":\"11\",\"maxValue\":\"50\"}}]}<\/script>\n<!-- \/ Yoast SEO Premium plugin. -->","yoast_head_json":{"title":"Residente de apartamento busca servicios de limpieza confiables","description":"Los residentes de apartamentos pueden beneficiarse de los servicios de limpieza a medida de Cleanster.com. Descubra servicios convenientes para su hogar.","robots":{"index":"index","follow":"follow","max-snippet":"max-snippet:-1","max-image-preview":"max-image-preview:large","max-video-preview":"max-video-preview:-1"},"canonical":"https:\/\/cleanster.com\/es\/servicios-de-limpieza-de-apartamentos-2\/","og_locale":"es_MX","og_type":"article","og_title":"Apartment Cleaning Services - Cleanster | Cleaning &amp; Maid Services Near You","og_description":"Apartment residents can benefit from Cleanster.com\u2019s tailored cleaning services. Discover convenient services for your home.","og_url":"https:\/\/cleanster.com\/es\/servicios-de-limpieza-de-apartamentos-2\/","og_site_name":"Cleanster | Cleaning &amp; Maid Services Near You","article_publisher":"https:\/\/www.facebook.com\/cleansterhq","article_modified_time":"2026-02-25T19:20:19+00:00","og_image":[{"width":1170,"height":763,"url":"https:\/\/cleanster.com\/wp-content\/uploads\/2023\/11\/card@3x.png","type":"image\/png"}],"twitter_card":"summary_large_image","twitter_site":"@cleansterhq","twitter_misc":{"Tiempo de lectura":"1 minuto"},"schema":{"@context":"https:\/\/schema.org","@graph":[{"@type":"WebPage","@id":"https:\/\/cleanster.com\/apartment-cleaning-services\/","url":"https:\/\/cleanster.com\/apartment-cleaning-services","name":"Residente de apartamento busca servicios de limpieza confiables","isPartOf":{"@id":"https:\/\/cleanster.com\/#website"},"datePublished":"2023-08-08T07:17:55+00:00","dateModified":"2026-02-25T19:20:19+00:00","description":"Los residentes de apartamentos pueden beneficiarse de los servicios de limpieza a medida de Cleanster.com. Descubra servicios convenientes para su hogar.","inLanguage":"es","potentialAction":[{"@type":"ReadAction","target":["https:\/\/cleanster.com\/apartment-cleaning-services"]}]},{"@type":"WebSite","@id":"https:\/\/cleanster.com\/#website","url":"https:\/\/cleanster.com\/","name":"Cleanster | Servicios de limpieza y limpieza cerca de ti","description":"Encuentra y reserva al instante limpiadores de confianza para casas, apartamentos, Airbnb y oficinas. Cleanster ofrece servicios de limpieza dom\u00e9stica, limpieza del hogar y limpieza comercial a precios accesibles cerca de ti.","publisher":{"@id":"https:\/\/cleanster.com\/#organization"},"alternateName":"Cleanster | Cleaning, Maid & Housekeeping Services for Everyone","potentialAction":[{"@type":"SearchAction","target":{"@type":"EntryPoint","urlTemplate":"https:\/\/cleanster.com\/?s={search_term_string}"},"query-input":{"@type":"PropertyValueSpecification","valueRequired":true,"valueName":"search_term_string"}}],"inLanguage":"es"},{"@type":"Organization","@id":"https:\/\/cleanster.com\/#organization","name":"Limpiador","alternateName":"Cleanster.com","url":"https:\/\/cleanster.com\/","logo":{"@type":"ImageObject","inLanguage":"es","@id":"https:\/\/cleanster.com\/#\/schema\/logo\/image\/","url":"https:\/\/cleanster.com\/wp-content\/uploads\/2025\/06\/Cleanster-Logo-1.svg","contentUrl":"https:\/\/cleanster.com\/wp-content\/uploads\/2025\/06\/Cleanster-Logo-1.svg","width":1,"height":1,"caption":"Cleanster"},"image":{"@id":"https:\/\/cleanster.com\/#\/schema\/logo\/image\/"},"sameAs":["https:\/\/www.facebook.com\/cleansterhq","https:\/\/x.com\/cleansterhq","https:\/\/www.linkedin.com\/company\/cleansterhq","https:\/\/www.instagram.com\/cleansterhq","https:\/\/vm.tiktok.com\/ZM8vHmcuo\/","https:\/\/www.clubhouse.com\/club\/cleanstercom"],"description":"Cleanster es una plataforma de servicios de limpieza con inteligencia artificial que conecta a anfitriones, administradores de propiedades y clientes comerciales de Airbnb con limpiadores verificados y a demanda. Ofrecemos servicios de limpieza de apartamentos, casas, Airbnb, comercios y conserjer\u00eda. Con una red de m\u00e1s de 100,000 profesionales en EE. UU., Canad\u00e1 y el Reino Unido, Cleanster ofrece una limpieza r\u00e1pida, confiable y tecnol\u00f3gica a gran escala.","email":"support@cleanster.com","telephone":"+1 (888) 788-2445","legalName":"Cleanster, Inc.","foundingDate":"2019-05-06","duns":"118328526","naics":"541511","numberOfEmployees":{"@type":"QuantitativeValue","minValue":"11","maxValue":"50"}}]}},"_links":{"self":[{"href":"https:\/\/cleanster.com\/es\/wp-json\/wp\/v2\/pages\/79","targetHints":{"allow":["GET"]}}],"collection":[{"href":"https:\/\/cleanster.com\/es\/wp-json\/wp\/v2\/pages"}],"about":[{"href":"https:\/\/cleanster.com\/es\/wp-json\/wp\/v2\/types\/page"}],"author":[{"embeddable":true,"href":"https:\/\/cleanster.com\/es\/wp-json\/wp\/v2\/users\/1"}],"replies":[{"embeddable":true,"href":"https:\/\/cleanster.com\/es\/wp-json\/wp\/v2\/comments?post=79"}],"version-history":[{"count":0,"href":"https:\/\/cleanster.com\/es\/wp-json\/wp\/v2\/pages\/79\/revisions"}],"wp:attachment":[{"href":"https:\/\/cleanster.com\/es\/wp-json\/wp\/v2\/media?parent=79"}],"curies":[{"name":"gracias","href":"https:\/\/api.w.org\/{rel}","templated":true}]}}