{"id":8723,"date":"2022-11-22T18:28:29","date_gmt":"2022-11-22T18:28:29","guid":{"rendered":"https:\/\/cleanster.ca\/?page_id=8723"},"modified":"2024-01-08T06:49:17","modified_gmt":"2024-01-08T06:49:17","slug":"limpieza-profunda-en-el-paso-tx","status":"publish","type":"page","link":"https:\/\/cleanster.com\/es\/limpieza-profunda-en-el-paso-tx\/","title":{"rendered":"Limpieza profunda en El-Paso, TX"},"content":{"rendered":"<h2><span style=\"color: #ffffff;\"><b>Aplicaci\u00f3n para limpieza profunda en El Paso, TX<\/b><\/span><\/h2>\n<p><span style=\"color: #ffffff;\"><span style=\"font-weight: 400;\">Para la mayor\u00eda de nosotros, el tiempo es el centro de todo y, con un estilo de vida ajetreado, queremos que todo, como el servicio de limpieza profunda, se haga cada vez m\u00e1s r\u00e1pido. Puedes considerar la aplicaci\u00f3n Cleanster.com para una <\/span><b>servicio de limpieza profunda<\/b><span style=\"font-weight: 400;\"> En El Paso, TX. Con nuestra app de limpieza, puedes mantener tu casa u oficina f\u00e1cilmente. En la app de Cleanster.com, disfruta de nuestros servicios para simplificarte la vida.\u00a0<\/span><\/span><\/p>\n<p><span style=\"color: #ffffff;\"><span style=\"font-weight: 400;\">Sabemos que mantener limpio el entorno es una tarea interminable. Limpieza de casa, limpieza de oficinas, limpieza de hogar, limpieza profunda y otros. Pero con la ayuda de Cleanster.com <\/span><a style=\"color: #ffffff;\" href=\"https:\/\/cleanster.ca\/\"><span style=\"font-weight: 400;\">\u00a0APLICACI\u00d3N<\/span><\/a><span style=\"font-weight: 400;\">, puedes resolver tu problema f\u00e1cilmente.\u00a0<\/span><\/span><\/p>\n<p><span style=\"color: #ffffff;\"><span style=\"font-weight: 400;\">Es la mejor aplicaci\u00f3n de limpieza profunda en <a style=\"color: #ffffff;\" href=\"https:\/\/en.wikipedia.org\/wiki\/El_Paso,_Texas\">El Paso, Texas<\/a><\/span><span style=\"font-weight: 400;\">\u00a0para Airbnb, limpieza de casas y oficinas, limpieza de alquileres vacacionales y mudanzas y mudanzas.\u00a0<\/span><\/span><\/p>\n<p><span style=\"font-weight: 400; color: #ffffff;\">A trav\u00e9s de esta aplicaci\u00f3n, puedes contratar a nuestros limpiadores profesionales para trapear pisos. Tambi\u00e9n aspira, quita el polvo y cambia la ropa de cama a un precio razonable.<\/span><\/p>\n<p><span style=\"font-weight: 400; color: #ffffff;\">Las excelentes soluciones de software de la aplicaci\u00f3n Cleanster.com ayudar\u00e1n a que los servicios de limpieza funcionen de manera eficiente. Es de f\u00e1cil acceso, f\u00e1cil de usar y pr\u00e1ctico.\u00a0\u00a0<\/span><\/p>\n<p><span style=\"font-weight: 400; color: #ffffff;\">Nuestra aplicaci\u00f3n de limpieza profunda le garantizar\u00e1 reducir los errores de programaci\u00f3n y gestionar las cancelaciones r\u00e1pidamente. Adem\u00e1s, completar\u00e1 los trabajos seg\u00fan lo planeado.\u00a0<\/span><\/p>\n<p><span style=\"font-weight: 400; color: #ffffff;\">Lo m\u00e1s importante es que puede cambiar su horario a trav\u00e9s de mensajes o correo electr\u00f3nico.<\/span><\/p>\n<p><span style=\"font-weight: 400; color: #ffffff;\">Para realizar un seguimiento de sus tareas y quehaceres esenciales, puede consultar nuestra aplicaci\u00f3n gratuita de limpieza profunda para Android.\u00a0<\/span><\/p>\n<h2><span style=\"color: #ffffff;\"><b>Conceptos b\u00e1sicos que consideramos:<\/b><\/span><\/h2>\n<p><span style=\"font-weight: 400; color: #ffffff;\">Con nuestro servicio de limpieza profunda, nuestros limpiadores te ayudar\u00e1n a deshacerte de la suciedad. Suciedad, espuma de jab\u00f3n y otros desechos en su hogar u oficina.\u00a0<\/span><\/p>\n<p><span style=\"font-weight: 400; color: #ffffff;\">Sanitizamos y desinfectamos profundamente las \u00e1reas y herramientas esenciales para ofrecer un servicio de salud.<\/span><\/p>","protected":false},"excerpt":{"rendered":"<p>App for Deep Cleaning in El-Paso, TX For most of us, time is the core of everything, and with a busy lifestyle, we want everything such as deep cleaning service to be done quicker and faster. You can consider the Cleanster.com App for a deep cleaning service in El-Paso, TX. By using our cleaning app, [&hellip;]<\/p>\n","protected":false},"author":1,"featured_media":16053,"parent":0,"menu_order":0,"comment_status":"closed","ping_status":"closed","template":"templates\/services.php","meta":{"_acf_changed":false,"footnotes":""},"class_list":["post-8723","page","type-page","status-publish","has-post-thumbnail","hentry","entry"],"acf":[],"yoast_head":"<!-- This site is optimized with the Yoast SEO Premium plugin v26.5 (Yoast SEO v27.4) - https:\/\/yoast.com\/product\/yoast-seo-premium-wordpress\/ -->\n<title>App for deep cleaning in El-Paso, TX - Cleanster.com App<\/title>\n<meta name=\"description\" content=\"The smartest way to book, pay, and find deep cleaning service in El-Paso, TX through Cleanster.com. It takes only 30 seconds .\" \/>\n<meta name=\"robots\" content=\"index, follow, max-snippet:-1, max-image-preview:large, max-video-preview:-1\" \/>\n<link rel=\"canonical\" href=\"https:\/\/cleanster.com\/es\/limpieza-profunda-en-el-paso-tx\/\" \/>\n<meta property=\"og:locale\" content=\"es_MX\" \/>\n<meta property=\"og:type\" content=\"article\" \/>\n<meta property=\"og:title\" content=\"Deep Cleaning in El-Paso, TX - Cleanster | Cleaning &amp; Maid Services Near You\" \/>\n<meta property=\"og:description\" content=\"The smartest way to book, pay, and find deep cleaning service in El-Paso, TX through Cleanster.com. It takes only 30 seconds .\" \/>\n<meta property=\"og:url\" content=\"https:\/\/cleanster.com\/es\/limpieza-profunda-en-el-paso-tx\/\" \/>\n<meta property=\"og:site_name\" content=\"Cleanster | Cleaning &amp; Maid Services Near You\" \/>\n<meta property=\"article:publisher\" content=\"https:\/\/www.facebook.com\/cleansterhq\" \/>\n<meta property=\"article:modified_time\" content=\"2024-01-08T06:49:17+00:00\" \/>\n<meta property=\"og:image\" content=\"https:\/\/cleanster.com\/wp-content\/uploads\/2023\/10\/deep-img.jpg\" \/>\n\t<meta property=\"og:image:width\" content=\"950\" \/>\n\t<meta property=\"og:image:height\" content=\"670\" \/>\n\t<meta property=\"og:image:type\" content=\"image\/jpeg\" \/>\n<meta name=\"twitter:card\" content=\"summary_large_image\" \/>\n<meta name=\"twitter:site\" content=\"@cleansterhq\" \/>\n<meta name=\"twitter:label1\" content=\"Tiempo de lectura\" \/>\n\t<meta name=\"twitter:data1\" content=\"2 minutos\" \/>\n<script type=\"application\/ld+json\" class=\"yoast-schema-graph\">{\"@context\":\"https:\\\/\\\/schema.org\",\"@graph\":[{\"@type\":\"WebPage\",\"@id\":\"https:\\\/\\\/cleanster.com\\\/deep-cleaning-in-el-paso-tx\\\/\",\"url\":\"https:\\\/\\\/cleanster.com\\\/deep-cleaning-in-el-paso-tx\\\/\",\"name\":\"App for deep cleaning in El-Paso, TX - Cleanster.com App\",\"isPartOf\":{\"@id\":\"https:\\\/\\\/cleanster.com\\\/#website\"},\"primaryImageOfPage\":{\"@id\":\"https:\\\/\\\/cleanster.com\\\/deep-cleaning-in-el-paso-tx\\\/#primaryimage\"},\"image\":{\"@id\":\"https:\\\/\\\/cleanster.com\\\/deep-cleaning-in-el-paso-tx\\\/#primaryimage\"},\"thumbnailUrl\":\"https:\\\/\\\/cleanster.com\\\/wp-content\\\/uploads\\\/2023\\\/10\\\/deep-img.jpg\",\"datePublished\":\"2022-11-22T18:28:29+00:00\",\"dateModified\":\"2024-01-08T06:49:17+00:00\",\"description\":\"The smartest way to book, pay, and find deep cleaning service in El-Paso, TX through Cleanster.com. It takes only 30 seconds .\",\"inLanguage\":\"es\",\"potentialAction\":[{\"@type\":\"ReadAction\",\"target\":[\"https:\\\/\\\/cleanster.com\\\/deep-cleaning-in-el-paso-tx\\\/\"]}]},{\"@type\":\"ImageObject\",\"inLanguage\":\"es\",\"@id\":\"https:\\\/\\\/cleanster.com\\\/deep-cleaning-in-el-paso-tx\\\/#primaryimage\",\"url\":\"https:\\\/\\\/cleanster.com\\\/wp-content\\\/uploads\\\/2023\\\/10\\\/deep-img.jpg\",\"contentUrl\":\"https:\\\/\\\/cleanster.com\\\/wp-content\\\/uploads\\\/2023\\\/10\\\/deep-img.jpg\",\"width\":950,\"height\":670},{\"@type\":\"WebSite\",\"@id\":\"https:\\\/\\\/cleanster.com\\\/#website\",\"url\":\"https:\\\/\\\/cleanster.com\\\/\",\"name\":\"Cleanster | Cleaning & Maid Services Near You\",\"description\":\"Instantly find &amp; book trusted cleaners for homes, apartment, Airbnb, and offices. Cleanster offers affordable maid, housekeeping, and commercial cleaning services near you.\",\"publisher\":{\"@id\":\"https:\\\/\\\/cleanster.com\\\/#organization\"},\"alternateName\":\"Cleanster | Cleaning, Maid & Housekeeping Services for Everyone\",\"potentialAction\":[{\"@type\":\"SearchAction\",\"target\":{\"@type\":\"EntryPoint\",\"urlTemplate\":\"https:\\\/\\\/cleanster.com\\\/?s={search_term_string}\"},\"query-input\":{\"@type\":\"PropertyValueSpecification\",\"valueRequired\":true,\"valueName\":\"search_term_string\"}}],\"inLanguage\":\"es\"},{\"@type\":\"Organization\",\"@id\":\"https:\\\/\\\/cleanster.com\\\/#organization\",\"name\":\"Cleanster\",\"alternateName\":\"Cleanster.com\",\"url\":\"https:\\\/\\\/cleanster.com\\\/\",\"logo\":{\"@type\":\"ImageObject\",\"inLanguage\":\"es\",\"@id\":\"https:\\\/\\\/cleanster.com\\\/#\\\/schema\\\/logo\\\/image\\\/\",\"url\":\"https:\\\/\\\/cleanster.com\\\/wp-content\\\/uploads\\\/2025\\\/06\\\/Cleanster-Logo-1.svg\",\"contentUrl\":\"https:\\\/\\\/cleanster.com\\\/wp-content\\\/uploads\\\/2025\\\/06\\\/Cleanster-Logo-1.svg\",\"width\":1,\"height\":1,\"caption\":\"Cleanster\"},\"image\":{\"@id\":\"https:\\\/\\\/cleanster.com\\\/#\\\/schema\\\/logo\\\/image\\\/\"},\"sameAs\":[\"https:\\\/\\\/www.facebook.com\\\/cleansterhq\",\"https:\\\/\\\/x.com\\\/cleansterhq\",\"https:\\\/\\\/www.linkedin.com\\\/company\\\/cleansterhq\",\"https:\\\/\\\/www.instagram.com\\\/cleansterhq\",\"https:\\\/\\\/vm.tiktok.com\\\/ZM8vHmcuo\\\/\",\"https:\\\/\\\/www.clubhouse.com\\\/club\\\/cleanstercom\"],\"description\":\"Cleanster is an AI-powered cleaning services platform that connects Airbnb hosts, property managers, and commercial clients with vetted, on-demand cleaners. We offer apartment, house, Airbnb, commercial, and janitorial cleaning services. With a network of over 100,000 professionals across the US, Canada, and the UK, Cleanster delivers fast, reliable, and tech-enabled cleaning at scale.\",\"email\":\"support@cleanster.com\",\"telephone\":\"+1 (888) 788-2445\",\"legalName\":\"Cleanster, Inc.\",\"foundingDate\":\"2019-05-06\",\"duns\":\"118328526\",\"naics\":\"541511\",\"numberOfEmployees\":{\"@type\":\"QuantitativeValue\",\"minValue\":\"11\",\"maxValue\":\"50\"}}]}<\/script>\n<!-- \/ Yoast SEO Premium plugin. -->","yoast_head_json":{"title":"Aplicaci\u00f3n para limpieza profunda en El-Paso, TX - Cleanster.com","description":"La forma m\u00e1s inteligente de reservar, pagar y encontrar servicios de limpieza profunda en El-Paso, TX a trav\u00e9s de Cleanster.com. S\u00f3lo lleva 30 segundos.","robots":{"index":"index","follow":"follow","max-snippet":"max-snippet:-1","max-image-preview":"max-image-preview:large","max-video-preview":"max-video-preview:-1"},"canonical":"https:\/\/cleanster.com\/es\/limpieza-profunda-en-el-paso-tx\/","og_locale":"es_MX","og_type":"article","og_title":"Deep Cleaning in El-Paso, TX - Cleanster | Cleaning &amp; Maid Services Near You","og_description":"The smartest way to book, pay, and find deep cleaning service in El-Paso, TX through Cleanster.com. It takes only 30 seconds .","og_url":"https:\/\/cleanster.com\/es\/limpieza-profunda-en-el-paso-tx\/","og_site_name":"Cleanster | Cleaning &amp; Maid Services Near You","article_publisher":"https:\/\/www.facebook.com\/cleansterhq","article_modified_time":"2024-01-08T06:49:17+00:00","og_image":[{"width":950,"height":670,"url":"https:\/\/cleanster.com\/wp-content\/uploads\/2023\/10\/deep-img.jpg","type":"image\/jpeg"}],"twitter_card":"summary_large_image","twitter_site":"@cleansterhq","twitter_misc":{"Tiempo de lectura":"2 minutos"},"schema":{"@context":"https:\/\/schema.org","@graph":[{"@type":"WebPage","@id":"https:\/\/cleanster.com\/deep-cleaning-in-el-paso-tx\/","url":"https:\/\/cleanster.com\/deep-cleaning-in-el-paso-tx\/","name":"Aplicaci\u00f3n para limpieza profunda en El-Paso, TX - Cleanster.com","isPartOf":{"@id":"https:\/\/cleanster.com\/#website"},"primaryImageOfPage":{"@id":"https:\/\/cleanster.com\/deep-cleaning-in-el-paso-tx\/#primaryimage"},"image":{"@id":"https:\/\/cleanster.com\/deep-cleaning-in-el-paso-tx\/#primaryimage"},"thumbnailUrl":"https:\/\/cleanster.com\/wp-content\/uploads\/2023\/10\/deep-img.jpg","datePublished":"2022-11-22T18:28:29+00:00","dateModified":"2024-01-08T06:49:17+00:00","description":"La forma m\u00e1s inteligente de reservar, pagar y encontrar servicios de limpieza profunda en El-Paso, TX a trav\u00e9s de Cleanster.com. S\u00f3lo lleva 30 segundos.","inLanguage":"es","potentialAction":[{"@type":"ReadAction","target":["https:\/\/cleanster.com\/deep-cleaning-in-el-paso-tx\/"]}]},{"@type":"ImageObject","inLanguage":"es","@id":"https:\/\/cleanster.com\/deep-cleaning-in-el-paso-tx\/#primaryimage","url":"https:\/\/cleanster.com\/wp-content\/uploads\/2023\/10\/deep-img.jpg","contentUrl":"https:\/\/cleanster.com\/wp-content\/uploads\/2023\/10\/deep-img.jpg","width":950,"height":670},{"@type":"WebSite","@id":"https:\/\/cleanster.com\/#website","url":"https:\/\/cleanster.com\/","name":"Cleanster | Servicios de limpieza y limpieza cerca de ti","description":"Encuentra y reserva al instante limpiadores de confianza para casas, apartamentos, Airbnb y oficinas. Cleanster ofrece servicios de limpieza dom\u00e9stica, limpieza del hogar y limpieza comercial a precios accesibles cerca de ti.","publisher":{"@id":"https:\/\/cleanster.com\/#organization"},"alternateName":"Cleanster | Cleaning, Maid & Housekeeping Services for Everyone","potentialAction":[{"@type":"SearchAction","target":{"@type":"EntryPoint","urlTemplate":"https:\/\/cleanster.com\/?s={search_term_string}"},"query-input":{"@type":"PropertyValueSpecification","valueRequired":true,"valueName":"search_term_string"}}],"inLanguage":"es"},{"@type":"Organization","@id":"https:\/\/cleanster.com\/#organization","name":"Limpiador","alternateName":"Cleanster.com","url":"https:\/\/cleanster.com\/","logo":{"@type":"ImageObject","inLanguage":"es","@id":"https:\/\/cleanster.com\/#\/schema\/logo\/image\/","url":"https:\/\/cleanster.com\/wp-content\/uploads\/2025\/06\/Cleanster-Logo-1.svg","contentUrl":"https:\/\/cleanster.com\/wp-content\/uploads\/2025\/06\/Cleanster-Logo-1.svg","width":1,"height":1,"caption":"Cleanster"},"image":{"@id":"https:\/\/cleanster.com\/#\/schema\/logo\/image\/"},"sameAs":["https:\/\/www.facebook.com\/cleansterhq","https:\/\/x.com\/cleansterhq","https:\/\/www.linkedin.com\/company\/cleansterhq","https:\/\/www.instagram.com\/cleansterhq","https:\/\/vm.tiktok.com\/ZM8vHmcuo\/","https:\/\/www.clubhouse.com\/club\/cleanstercom"],"description":"Cleanster es una plataforma de servicios de limpieza con inteligencia artificial que conecta a anfitriones, administradores de propiedades y clientes comerciales de Airbnb con limpiadores verificados y a demanda. Ofrecemos servicios de limpieza de apartamentos, casas, Airbnb, comercios y conserjer\u00eda. Con una red de m\u00e1s de 100,000 profesionales en EE. UU., Canad\u00e1 y el Reino Unido, Cleanster ofrece una limpieza r\u00e1pida, confiable y tecnol\u00f3gica a gran escala.","email":"support@cleanster.com","telephone":"+1 (888) 788-2445","legalName":"Cleanster, Inc.","foundingDate":"2019-05-06","duns":"118328526","naics":"541511","numberOfEmployees":{"@type":"QuantitativeValue","minValue":"11","maxValue":"50"}}]}},"_links":{"self":[{"href":"https:\/\/cleanster.com\/es\/wp-json\/wp\/v2\/pages\/8723","targetHints":{"allow":["GET"]}}],"collection":[{"href":"https:\/\/cleanster.com\/es\/wp-json\/wp\/v2\/pages"}],"about":[{"href":"https:\/\/cleanster.com\/es\/wp-json\/wp\/v2\/types\/page"}],"author":[{"embeddable":true,"href":"https:\/\/cleanster.com\/es\/wp-json\/wp\/v2\/users\/1"}],"replies":[{"embeddable":true,"href":"https:\/\/cleanster.com\/es\/wp-json\/wp\/v2\/comments?post=8723"}],"version-history":[{"count":0,"href":"https:\/\/cleanster.com\/es\/wp-json\/wp\/v2\/pages\/8723\/revisions"}],"wp:featuredmedia":[{"embeddable":true,"href":"https:\/\/cleanster.com\/es\/wp-json\/wp\/v2\/media\/16053"}],"wp:attachment":[{"href":"https:\/\/cleanster.com\/es\/wp-json\/wp\/v2\/media?parent=8723"}],"curies":[{"name":"gracias","href":"https:\/\/api.w.org\/{rel}","templated":true}]}}