{"id":10006,"date":"2023-07-25T15:47:56","date_gmt":"2023-07-25T15:47:56","guid":{"rendered":"https:\/\/cleanster.ca\/?page_id=10006"},"modified":"2025-10-09T20:02:10","modified_gmt":"2025-10-09T20:02:10","slug":"nettoyage-airbnb-automatise","status":"publish","type":"page","link":"https:\/\/cleanster.com\/fr\/nettoyage-airbnb-automatise\/","title":{"rendered":"Nettoyage Airbnb automatis\u00e9"},"content":{"rendered":"<h2><span style=\"color: #ffffff;\"><b>Application pour un nettoyage en profondeur<\/b><\/span><\/h2>\n<p><span style=\"color: #ffffff;\"><span style=\"font-weight: 400;\">Pour la plupart d&#039;entre nous, le temps est primordial, et avec un rythme de vie effr\u00e9n\u00e9, nous souhaitons que tout, comme le m\u00e9nage en profondeur et le nettoyage Airbnb, soit effectu\u00e9 toujours plus rapidement. Vous pouvez envisager l&#039;application Cleanster.com pour un aper\u00e7u. <\/span>service de nettoyage en profondeur. <span style=\"font-weight: 400;\">Gr\u00e2ce \u00e0 notre application de nettoyage, entretenez facilement votre maison ou votre bureau. Sur Cleanster.com, profitez de nos services pour vous simplifier la vie.\u00a0<\/span><\/span><\/p>\n<p><span style=\"color: #ffffff;\"><span style=\"font-weight: 400;\">Nous savons que garder son environnement propre est une corv\u00e9e incessante. M\u00e9nage, nettoyage de bureau, nettoyage de la maison, nettoyage en profondeur, et bien plus encore. Mais avec Cleanster.com, vous pouvez y arriver.<\/span><span style=\"font-weight: 400;\">, vous pouvez r\u00e9soudre votre probl\u00e8me rapidement.\u00a0<\/span><\/span><\/p>\n<p><span style=\"color: #ffffff;\"><span style=\"font-weight: 400;\">C&#039;est la meilleure application de nettoyage en profondeur<\/span><span style=\"font-weight: 400;\">\u00a0pour Airbnb, nettoyage de maison et de bureau, location de vacances et emm\u00e9nagement\/d\u00e9m\u00e9nagement.\u00a0<\/span><\/span><\/p>\n<p><span style=\"font-weight: 400; color: #ffffff;\">Gr\u00e2ce \u00e0 cette application, vous pouvez embaucher nos nettoyeurs professionnels pour nettoyer les sols. Passez \u00e9galement l\u2019aspirateur, la poussi\u00e8re et changez les draps \u00e0 un prix raisonnable.<\/span><\/p>\n<p><span style=\"font-weight: 400; color: #ffffff;\">Les excellentes solutions logicielles de Cleanster.com contribueront \u00e0 l&#039;efficacit\u00e9 des services de nettoyage. Elles sont facilement accessibles, conviviales et pratiques.\u00a0\u00a0<\/span><\/p>\n<p><span style=\"font-weight: 400; color: #ffffff;\">Notre profondeur <span style=\"font-weight: 400;\">Airbnb <\/span>L&#039;application de nettoyage garantira de r\u00e9duire vos erreurs de planification et de prendre en charge les annulations rapidement.<\/span><\/p>\n<p><span style=\"font-weight: 400; color: #ffffff;\">De plus, terminez les travaux selon le plan.\u00a0<\/span><\/p>\n<p><span style=\"font-weight: 400; color: #ffffff;\">Plus important encore, vous pouvez modifier votre emploi du temps par messages ou par e-mail.<\/span><\/p>\n<p><span style=\"font-weight: 400; color: #ffffff;\">Pour suivre vos t\u00e2ches et t\u00e2ches essentielles, vous pouvez consulter notre application Android gratuite de nettoyage en profondeur.\u00a0<\/span><\/p>\n<h2><span style=\"color: #ffffff;\"><b>Les bases que nous consid\u00e9rons\u00a0:<\/b><\/span><\/h2>\n<p><span style=\"font-weight: 400; color: #ffffff;\">Avec notre service de nettoyage en profondeur, nos nettoyeurs vous aideront \u00e0 vous d\u00e9barrasser de la salet\u00e9. Crasse, r\u00e9sidus de savon et autres salet\u00e9s autour de votre maison ou de votre bureau.\u00a0<\/span><\/p>\n<p><span style=\"font-weight: 400; color: #ffffff;\">Nous assainissons et d\u00e9sinfectons les zones et les outils essentiels pour offrir une atmosph\u00e8re plus saine. Et donnez aux choses un aspect propre et une odeur fra\u00eeche.<\/span><\/p>\n<p><span style=\"font-weight: 400; color: #ffffff;\">Notre service de nettoyage en profondeur prend plus de temps que notre service de nettoyage r\u00e9gulier. Cela implique beaucoup de travail d\u00e9taill\u00e9 et garde notre touche personnelle.\u00a0<\/span><\/p>\n<p><span style=\"color: #ffffff;\"><span style=\"font-weight: 400;\">Nous avons plusieurs endroits pour fournir des services comme <\/span><a style=\"color: #ffffff;\" href=\"https:\/\/cleanster.ca\/house-cleaning\/\"><span style=\"font-weight: 400;\">nettoyage de la maison<\/span><\/a><span style=\"font-weight: 400;\">, <\/span><a style=\"color: #ffffff;\" href=\"https:\/\/cleanster.ca\/airbnb-cleaning-in-austin-tx\/\"><span style=\"font-weight: 400;\">Nettoyage Airbnb<\/span><\/a><span style=\"font-weight: 400;\">, <\/span><a style=\"color: #ffffff;\" href=\"https:\/\/cleanster.ca\/vacation-rental-cleaning-in-austin-tx\/\"><span style=\"font-weight: 400;\">nettoyage de location de vacances<\/span><\/a><span style=\"font-weight: 400;\">, <\/span><a style=\"color: #ffffff;\" href=\"https:\/\/cleanster.ca\/moving-in-out-cleaning-in-austin-tx\/\"><span style=\"font-weight: 400;\">d\u00e9m\u00e9nagement, nettoyage, <\/span><\/a><span style=\"font-weight: 400;\">et beaucoup plus.<\/span><\/span><\/p>\n<p><span style=\"color: #ffffff;\"><span style=\"font-weight: 400;\">Si vous pensez que votre logement n\u00e9cessite un nettoyage en profondeur, vous pouvez essayer notre Cleanster.com <\/span><span style=\"font-weight: 400;\">pour obtenir le meilleur service de nettoyage en profondeur.\u00a0<\/span><\/span><\/p>","protected":false},"excerpt":{"rendered":"<p>App for Deep Cleaning For most of us, time is the core of everything, and with a busy lifestyle, we want everything, such as deep cleaning service, and Airbnb Cleaning, to be done quicker and faster. You can consider the Cleanster.com App for a deep cleaning service. Using our cleaning app, you can easily maintain [&hellip;]<\/p>\n","protected":false},"author":2,"featured_media":39,"parent":0,"menu_order":0,"comment_status":"closed","ping_status":"closed","template":"templates\/services.php","meta":{"_acf_changed":false,"footnotes":""},"class_list":["post-10006","page","type-page","status-publish","has-post-thumbnail","hentry","entry"],"acf":[],"yoast_head":"<!-- This site is optimized with the Yoast SEO Premium plugin v26.5 (Yoast SEO v27.4) - https:\/\/yoast.com\/product\/yoast-seo-premium-wordpress\/ -->\n<title>Airbnb Cleaning App | Cleanster.com<\/title>\n<meta name=\"description\" content=\"The smart way to book, pay, and find Airbnb vacation rental cleaners in 30 seconds. Cleanster.com for Airbnb Cleaning\" \/>\n<meta name=\"robots\" content=\"index, follow, max-snippet:-1, max-image-preview:large, max-video-preview:-1\" \/>\n<link rel=\"canonical\" href=\"https:\/\/cleanster.com\/fr\/nettoyage-airbnb-automatise\/\" \/>\n<meta property=\"og:locale\" content=\"fr_FR\" \/>\n<meta property=\"og:type\" content=\"article\" \/>\n<meta property=\"og:title\" content=\"Airbnb Cleaning Automated - Cleanster | Cleaning &amp; Maid Services Near You\" \/>\n<meta property=\"og:description\" content=\"The smart way to book, pay, and find Airbnb vacation rental cleaners in 30 seconds. Cleanster.com for Airbnb Cleaning\" \/>\n<meta property=\"og:url\" content=\"https:\/\/cleanster.com\/fr\/nettoyage-airbnb-automatise\/\" \/>\n<meta property=\"og:site_name\" content=\"Cleanster | Cleaning &amp; Maid Services Near You\" \/>\n<meta property=\"article:publisher\" content=\"https:\/\/www.facebook.com\/cleansterhq\" \/>\n<meta property=\"article:modified_time\" content=\"2025-10-09T20:02:10+00:00\" \/>\n<meta property=\"og:image\" content=\"https:\/\/cleanster.com\/wp-content\/uploads\/2023\/08\/intro-bg1.jpg\" \/>\n\t<meta property=\"og:image:width\" content=\"1920\" \/>\n\t<meta property=\"og:image:height\" content=\"1080\" \/>\n\t<meta property=\"og:image:type\" content=\"image\/jpeg\" \/>\n<meta name=\"twitter:card\" content=\"summary_large_image\" \/>\n<meta name=\"twitter:site\" content=\"@cleansterhq\" \/>\n<meta name=\"twitter:label1\" content=\"Dur\u00e9e de lecture estim\u00e9e\" \/>\n\t<meta name=\"twitter:data1\" content=\"2 minutes\" \/>\n<script type=\"application\/ld+json\" class=\"yoast-schema-graph\">{\"@context\":\"https:\\\/\\\/schema.org\",\"@graph\":[{\"@type\":\"Article\",\"@id\":\"https:\\\/\\\/cleanster.com\\\/airbnb-cleaning-automated\\\/#article\",\"isPartOf\":{\"@id\":\"https:\\\/\\\/cleanster.com\\\/airbnb-cleaning-automated\\\/\"},\"author\":{\"name\":\"derrick\",\"@id\":\"https:\\\/\\\/cleanster.com\\\/#\\\/schema\\\/person\\\/bf8dbd71b6062df8d87e6f3f4673c94b\"},\"headline\":\"Airbnb Cleaning Automated\",\"datePublished\":\"2023-07-25T15:47:56+00:00\",\"dateModified\":\"2025-10-09T20:02:10+00:00\",\"mainEntityOfPage\":{\"@id\":\"https:\\\/\\\/cleanster.com\\\/airbnb-cleaning-automated\\\/\"},\"wordCount\":342,\"publisher\":{\"@id\":\"https:\\\/\\\/cleanster.com\\\/#organization\"},\"image\":{\"@id\":\"https:\\\/\\\/cleanster.com\\\/airbnb-cleaning-automated\\\/#primaryimage\"},\"thumbnailUrl\":\"https:\\\/\\\/cleanster.com\\\/wp-content\\\/uploads\\\/2023\\\/08\\\/intro-bg1.jpg\",\"inLanguage\":\"fr-FR\"},{\"@type\":[\"WebPage\",\"ItemPage\"],\"@id\":\"https:\\\/\\\/cleanster.com\\\/airbnb-cleaning-automated\\\/\",\"url\":\"https:\\\/\\\/cleanster.com\\\/airbnb-cleaning-automated\\\/\",\"name\":\"Airbnb Cleaning App | Cleanster.com\",\"isPartOf\":{\"@id\":\"https:\\\/\\\/cleanster.com\\\/#website\"},\"primaryImageOfPage\":{\"@id\":\"https:\\\/\\\/cleanster.com\\\/airbnb-cleaning-automated\\\/#primaryimage\"},\"image\":{\"@id\":\"https:\\\/\\\/cleanster.com\\\/airbnb-cleaning-automated\\\/#primaryimage\"},\"thumbnailUrl\":\"https:\\\/\\\/cleanster.com\\\/wp-content\\\/uploads\\\/2023\\\/08\\\/intro-bg1.jpg\",\"datePublished\":\"2023-07-25T15:47:56+00:00\",\"dateModified\":\"2025-10-09T20:02:10+00:00\",\"description\":\"The smart way to book, pay, and find Airbnb vacation rental cleaners in 30 seconds. Cleanster.com for Airbnb Cleaning\",\"inLanguage\":\"fr-FR\",\"potentialAction\":[{\"@type\":\"ReadAction\",\"target\":[\"https:\\\/\\\/cleanster.com\\\/airbnb-cleaning-automated\\\/\"]}]},{\"@type\":\"ImageObject\",\"inLanguage\":\"fr-FR\",\"@id\":\"https:\\\/\\\/cleanster.com\\\/airbnb-cleaning-automated\\\/#primaryimage\",\"url\":\"https:\\\/\\\/cleanster.com\\\/wp-content\\\/uploads\\\/2023\\\/08\\\/intro-bg1.jpg\",\"contentUrl\":\"https:\\\/\\\/cleanster.com\\\/wp-content\\\/uploads\\\/2023\\\/08\\\/intro-bg1.jpg\",\"width\":1920,\"height\":1080},{\"@type\":\"WebSite\",\"@id\":\"https:\\\/\\\/cleanster.com\\\/#website\",\"url\":\"https:\\\/\\\/cleanster.com\\\/\",\"name\":\"Cleanster | Cleaning & Maid Services Near You\",\"description\":\"Instantly find &amp; book trusted cleaners for homes, apartment, Airbnb, and offices. Cleanster offers affordable maid, housekeeping, and commercial cleaning services near you.\",\"publisher\":{\"@id\":\"https:\\\/\\\/cleanster.com\\\/#organization\"},\"alternateName\":\"Cleanster | Cleaning, Maid & Housekeeping Services for Everyone\",\"potentialAction\":[{\"@type\":\"SearchAction\",\"target\":{\"@type\":\"EntryPoint\",\"urlTemplate\":\"https:\\\/\\\/cleanster.com\\\/?s={search_term_string}\"},\"query-input\":{\"@type\":\"PropertyValueSpecification\",\"valueRequired\":true,\"valueName\":\"search_term_string\"}}],\"inLanguage\":\"fr-FR\"},{\"@type\":\"Organization\",\"@id\":\"https:\\\/\\\/cleanster.com\\\/#organization\",\"name\":\"Cleanster\",\"alternateName\":\"Cleanster.com\",\"url\":\"https:\\\/\\\/cleanster.com\\\/\",\"logo\":{\"@type\":\"ImageObject\",\"inLanguage\":\"fr-FR\",\"@id\":\"https:\\\/\\\/cleanster.com\\\/#\\\/schema\\\/logo\\\/image\\\/\",\"url\":\"https:\\\/\\\/cleanster.com\\\/wp-content\\\/uploads\\\/2025\\\/06\\\/Cleanster-Logo-1.svg\",\"contentUrl\":\"https:\\\/\\\/cleanster.com\\\/wp-content\\\/uploads\\\/2025\\\/06\\\/Cleanster-Logo-1.svg\",\"width\":1,\"height\":1,\"caption\":\"Cleanster\"},\"image\":{\"@id\":\"https:\\\/\\\/cleanster.com\\\/#\\\/schema\\\/logo\\\/image\\\/\"},\"sameAs\":[\"https:\\\/\\\/www.facebook.com\\\/cleansterhq\",\"https:\\\/\\\/x.com\\\/cleansterhq\",\"https:\\\/\\\/www.linkedin.com\\\/company\\\/cleansterhq\",\"https:\\\/\\\/www.instagram.com\\\/cleansterhq\",\"https:\\\/\\\/vm.tiktok.com\\\/ZM8vHmcuo\\\/\",\"https:\\\/\\\/www.clubhouse.com\\\/club\\\/cleanstercom\"],\"description\":\"Cleanster is an AI-powered cleaning services platform that connects Airbnb hosts, property managers, and commercial clients with vetted, on-demand cleaners. We offer apartment, house, Airbnb, commercial, and janitorial cleaning services. With a network of over 100,000 professionals across the US, Canada, and the UK, Cleanster delivers fast, reliable, and tech-enabled cleaning at scale.\",\"email\":\"support@cleanster.com\",\"telephone\":\"+1 (888) 788-2445\",\"legalName\":\"Cleanster, Inc.\",\"foundingDate\":\"2019-05-06\",\"duns\":\"118328526\",\"naics\":\"541511\",\"numberOfEmployees\":{\"@type\":\"QuantitativeValue\",\"minValue\":\"11\",\"maxValue\":\"50\"}},{\"@type\":\"Person\",\"@id\":\"https:\\\/\\\/cleanster.com\\\/#\\\/schema\\\/person\\\/bf8dbd71b6062df8d87e6f3f4673c94b\",\"name\":\"derrick\",\"image\":{\"@type\":\"ImageObject\",\"inLanguage\":\"fr-FR\",\"@id\":\"https:\\\/\\\/secure.gravatar.com\\\/avatar\\\/2f62e80994b7c3d8c0a4c2ab9df11da93ff44009f0af5bd22d3dc9b00b03610f?s=96&d=mm&r=g\",\"url\":\"https:\\\/\\\/secure.gravatar.com\\\/avatar\\\/2f62e80994b7c3d8c0a4c2ab9df11da93ff44009f0af5bd22d3dc9b00b03610f?s=96&d=mm&r=g\",\"contentUrl\":\"https:\\\/\\\/secure.gravatar.com\\\/avatar\\\/2f62e80994b7c3d8c0a4c2ab9df11da93ff44009f0af5bd22d3dc9b00b03610f?s=96&d=mm&r=g\",\"caption\":\"derrick\"},\"url\":\"https:\\\/\\\/cleanster.com\\\/fr\\\/author\\\/derrick\\\/\"}]}<\/script>\n<!-- \/ Yoast SEO Premium plugin. -->","yoast_head_json":{"title":"Application de nettoyage Airbnb | Cleanster.com","description":"La fa\u00e7on intelligente de r\u00e9server, payer et trouver des nettoyeurs de locations de vacances Airbnb en 30 secondes. Cleanster.com pour le nettoyage Airbnb","robots":{"index":"index","follow":"follow","max-snippet":"max-snippet:-1","max-image-preview":"max-image-preview:large","max-video-preview":"max-video-preview:-1"},"canonical":"https:\/\/cleanster.com\/fr\/nettoyage-airbnb-automatise\/","og_locale":"fr_FR","og_type":"article","og_title":"Airbnb Cleaning Automated - Cleanster | Cleaning &amp; Maid Services Near You","og_description":"The smart way to book, pay, and find Airbnb vacation rental cleaners in 30 seconds. Cleanster.com for Airbnb Cleaning","og_url":"https:\/\/cleanster.com\/fr\/nettoyage-airbnb-automatise\/","og_site_name":"Cleanster | Cleaning &amp; Maid Services Near You","article_publisher":"https:\/\/www.facebook.com\/cleansterhq","article_modified_time":"2025-10-09T20:02:10+00:00","og_image":[{"width":1920,"height":1080,"url":"https:\/\/cleanster.com\/wp-content\/uploads\/2023\/08\/intro-bg1.jpg","type":"image\/jpeg"}],"twitter_card":"summary_large_image","twitter_site":"@cleansterhq","twitter_misc":{"Dur\u00e9e de lecture estim\u00e9e":"2 minutes"},"schema":{"@context":"https:\/\/schema.org","@graph":[{"@type":"Article","@id":"https:\/\/cleanster.com\/airbnb-cleaning-automated\/#article","isPartOf":{"@id":"https:\/\/cleanster.com\/airbnb-cleaning-automated\/"},"author":{"name":"derrick","@id":"https:\/\/cleanster.com\/#\/schema\/person\/bf8dbd71b6062df8d87e6f3f4673c94b"},"headline":"Airbnb Cleaning Automated","datePublished":"2023-07-25T15:47:56+00:00","dateModified":"2025-10-09T20:02:10+00:00","mainEntityOfPage":{"@id":"https:\/\/cleanster.com\/airbnb-cleaning-automated\/"},"wordCount":342,"publisher":{"@id":"https:\/\/cleanster.com\/#organization"},"image":{"@id":"https:\/\/cleanster.com\/airbnb-cleaning-automated\/#primaryimage"},"thumbnailUrl":"https:\/\/cleanster.com\/wp-content\/uploads\/2023\/08\/intro-bg1.jpg","inLanguage":"fr-FR"},{"@type":["WebPage","ItemPage"],"@id":"https:\/\/cleanster.com\/airbnb-cleaning-automated\/","url":"https:\/\/cleanster.com\/airbnb-cleaning-automated\/","name":"Application de nettoyage Airbnb | Cleanster.com","isPartOf":{"@id":"https:\/\/cleanster.com\/#website"},"primaryImageOfPage":{"@id":"https:\/\/cleanster.com\/airbnb-cleaning-automated\/#primaryimage"},"image":{"@id":"https:\/\/cleanster.com\/airbnb-cleaning-automated\/#primaryimage"},"thumbnailUrl":"https:\/\/cleanster.com\/wp-content\/uploads\/2023\/08\/intro-bg1.jpg","datePublished":"2023-07-25T15:47:56+00:00","dateModified":"2025-10-09T20:02:10+00:00","description":"La fa\u00e7on intelligente de r\u00e9server, payer et trouver des nettoyeurs de locations de vacances Airbnb en 30 secondes. Cleanster.com pour le nettoyage Airbnb","inLanguage":"fr-FR","potentialAction":[{"@type":"ReadAction","target":["https:\/\/cleanster.com\/airbnb-cleaning-automated\/"]}]},{"@type":"ImageObject","inLanguage":"fr-FR","@id":"https:\/\/cleanster.com\/airbnb-cleaning-automated\/#primaryimage","url":"https:\/\/cleanster.com\/wp-content\/uploads\/2023\/08\/intro-bg1.jpg","contentUrl":"https:\/\/cleanster.com\/wp-content\/uploads\/2023\/08\/intro-bg1.jpg","width":1920,"height":1080},{"@type":"WebSite","@id":"https:\/\/cleanster.com\/#website","url":"https:\/\/cleanster.com\/","name":"Cleanster | Services de nettoyage et de m\u00e9nage pr\u00e8s de chez vous","description":"Trouvez et r\u00e9servez instantan\u00e9ment des services de nettoyage de confiance pour vos maisons, appartements, Airbnb et bureaux. Cleanster propose des services de m\u00e9nage, d&#039;entretien m\u00e9nager et de nettoyage commercial abordables pr\u00e8s de chez vous.","publisher":{"@id":"https:\/\/cleanster.com\/#organization"},"alternateName":"Cleanster | Cleaning, Maid & Housekeeping Services for Everyone","potentialAction":[{"@type":"SearchAction","target":{"@type":"EntryPoint","urlTemplate":"https:\/\/cleanster.com\/?s={search_term_string}"},"query-input":{"@type":"PropertyValueSpecification","valueRequired":true,"valueName":"search_term_string"}}],"inLanguage":"fr-FR"},{"@type":"Organization","@id":"https:\/\/cleanster.com\/#organization","name":"Nettoyant","alternateName":"Cleanster.com","url":"https:\/\/cleanster.com\/","logo":{"@type":"ImageObject","inLanguage":"fr-FR","@id":"https:\/\/cleanster.com\/#\/schema\/logo\/image\/","url":"https:\/\/cleanster.com\/wp-content\/uploads\/2025\/06\/Cleanster-Logo-1.svg","contentUrl":"https:\/\/cleanster.com\/wp-content\/uploads\/2025\/06\/Cleanster-Logo-1.svg","width":1,"height":1,"caption":"Cleanster"},"image":{"@id":"https:\/\/cleanster.com\/#\/schema\/logo\/image\/"},"sameAs":["https:\/\/www.facebook.com\/cleansterhq","https:\/\/x.com\/cleansterhq","https:\/\/www.linkedin.com\/company\/cleansterhq","https:\/\/www.instagram.com\/cleansterhq","https:\/\/vm.tiktok.com\/ZM8vHmcuo\/","https:\/\/www.clubhouse.com\/club\/cleanstercom"],"description":"Cleanster est une plateforme de services de nettoyage optimis\u00e9e par l&#039;IA qui met en relation les h\u00f4tes Airbnb, les gestionnaires immobiliers et les clients commerciaux avec des agents de nettoyage qualifi\u00e9s et \u00e0 la demande. Nous proposons des services de nettoyage d&#039;appartements, de maisons, de logements Airbnb, de locaux commerciaux et de conciergerie. Avec un r\u00e9seau de plus de 100\u00a0000 professionnels aux \u00c9tats-Unis, au Canada et au Royaume-Uni, Cleanster offre un nettoyage rapide, fiable et technologique \u00e0 grande \u00e9chelle.","email":"support@cleanster.com","telephone":"+1 (888) 788-2445","legalName":"Cleanster, Inc.","foundingDate":"2019-05-06","duns":"118328526","naics":"541511","numberOfEmployees":{"@type":"QuantitativeValue","minValue":"11","maxValue":"50"}},{"@type":"Person","@id":"https:\/\/cleanster.com\/#\/schema\/person\/bf8dbd71b6062df8d87e6f3f4673c94b","name":"derrick","image":{"@type":"ImageObject","inLanguage":"fr-FR","@id":"https:\/\/secure.gravatar.com\/avatar\/2f62e80994b7c3d8c0a4c2ab9df11da93ff44009f0af5bd22d3dc9b00b03610f?s=96&d=mm&r=g","url":"https:\/\/secure.gravatar.com\/avatar\/2f62e80994b7c3d8c0a4c2ab9df11da93ff44009f0af5bd22d3dc9b00b03610f?s=96&d=mm&r=g","contentUrl":"https:\/\/secure.gravatar.com\/avatar\/2f62e80994b7c3d8c0a4c2ab9df11da93ff44009f0af5bd22d3dc9b00b03610f?s=96&d=mm&r=g","caption":"derrick"},"url":"https:\/\/cleanster.com\/fr\/author\/derrick\/"}]}},"_links":{"self":[{"href":"https:\/\/cleanster.com\/fr\/wp-json\/wp\/v2\/pages\/10006","targetHints":{"allow":["GET"]}}],"collection":[{"href":"https:\/\/cleanster.com\/fr\/wp-json\/wp\/v2\/pages"}],"about":[{"href":"https:\/\/cleanster.com\/fr\/wp-json\/wp\/v2\/types\/page"}],"author":[{"embeddable":true,"href":"https:\/\/cleanster.com\/fr\/wp-json\/wp\/v2\/users\/2"}],"replies":[{"embeddable":true,"href":"https:\/\/cleanster.com\/fr\/wp-json\/wp\/v2\/comments?post=10006"}],"version-history":[{"count":0,"href":"https:\/\/cleanster.com\/fr\/wp-json\/wp\/v2\/pages\/10006\/revisions"}],"wp:featuredmedia":[{"embeddable":true,"href":"https:\/\/cleanster.com\/fr\/wp-json\/wp\/v2\/media\/39"}],"wp:attachment":[{"href":"https:\/\/cleanster.com\/fr\/wp-json\/wp\/v2\/media?parent=10006"}],"curies":[{"name":"wp","href":"https:\/\/api.w.org\/{rel}","templated":true}]}}