{"id":12,"date":"2023-08-08T06:38:22","date_gmt":"2023-08-08T06:38:22","guid":{"rendered":"https:\/\/cleanster.com\/?page_id=12"},"modified":"2025-10-09T22:13:58","modified_gmt":"2025-10-09T22:13:58","slug":"nettoyants","status":"publish","type":"page","link":"https:\/\/cleanster.com\/fr\/nettoyants\/","title":{"rendered":"Nettoyants"},"content":{"rendered":"<p><span style=\"color: #ffffff;\">Dans le monde dynamique des opportunit\u00e9s de l\u2019\u00e9conomie des petits boulots, o\u00f9 la flexibilit\u00e9 et les revenus sont essentiels, trouver des emplois de nettoyage bien r\u00e9mun\u00e9r\u00e9s sur Airbnb peut changer la donne. \u00ab Cleanster.com \u00bb, un syst\u00e8me de services de nettoyage innovant, r\u00e9volutionne la fa\u00e7on dont les nettoyeurs se connectent aux opportunit\u00e9s lucratives. Imaginez avoir un acc\u00e8s instantan\u00e9 \u00e0 des centaines de travaux de nettoyage bien r\u00e9mun\u00e9r\u00e9s dans votre voisinage \u2013 c&#039;est la promesse que Cleanster.com tient.<\/span><\/p>\n<h2><span style=\"color: #ffffff;\"><strong>D\u00e9couverte d&#039;emploi transparente avec Cleanster.com<\/strong><\/span><\/h2>\n<h3><span style=\"color: #ffffff;\"><strong>Recherche d&#039;emploi sans effort<\/strong><\/span><\/h3>\n<p><span style=\"color: #ffffff;\">L&#039;application Cleanster.com fournit une interface conviviale qui permet aux nettoyeurs de parcourir sans effort une vaste gamme de t\u00e2ches de nettoyage Airbnb.<\/span><\/p>\n<p><span style=\"color: #ffffff;\">Les filtres bas\u00e9s sur l&#039;emplacement, les taux de r\u00e9mun\u00e9ration et les pr\u00e9f\u00e9rences professionnelles permettent de trouver facilement des opportunit\u00e9s qui correspondent aux pr\u00e9f\u00e9rences individuelles.<\/span><\/p>\n<h3><span style=\"color: #ffffff;\"><strong>Notifications de t\u00e2ches en temps r\u00e9el<\/strong><\/span><\/h3>\n<p><span style=\"color: #ffffff;\">Cleanster.com tient les nettoyeurs inform\u00e9s gr\u00e2ce \u00e0 des notifications de t\u00e2ches en temps r\u00e9el. Recevez des mises \u00e0 jour instantan\u00e9es sur les nouvelles opportunit\u00e9s correspondant \u00e0 vos comp\u00e9tences et pr\u00e9f\u00e9rences de localisation.<\/span><\/p>\n<p><span style=\"color: #ffffff;\">Dites adieu aux opportunit\u00e9s manqu\u00e9es car Cleanster.com garantit que vous \u00eates rapidement inform\u00e9 des emplois potentiels pr\u00e8s de chez vous.<\/span><\/p>\n<h3><span style=\"color: #ffffff;\"><strong>Offres d&#039;emploi d\u00e9taill\u00e9es<\/strong><\/span><\/h3>\n<p><span style=\"color: #ffffff;\">Chaque offre d&#039;emploi sur Cleanster.com contient des d\u00e9tails complets, notamment les taux de r\u00e9mun\u00e9ration, les t\u00e2ches requises et les instructions sp\u00e9cifiques des propri\u00e9taires.<\/span><\/p>\n<p><span style=\"color: #ffffff;\">Les nettoyeurs peuvent prendre des d\u00e9cisions \u00e9clair\u00e9es en fonction de leurs pr\u00e9f\u00e9rences et de leur disponibilit\u00e9, garantissant ainsi une exp\u00e9rience de travail fluide.<\/span><\/p>\n<h2><span style=\"color: #ffffff;\"><strong>Maximiser les revenus gr\u00e2ce <a style=\"color: #ffffff;\" href=\"https:\/\/cleanster.com\/\">Cleanster.com<\/a><\/strong><\/span><\/h2>\n<h3><span style=\"color: #ffffff;\"><strong>Taux de r\u00e9mun\u00e9ration comp\u00e9titifs<\/strong><\/span><\/h3>\n<p><span style=\"color: #ffffff;\">Cleanster.com s&#039;engage \u00e0 connecter les nettoyeurs avec des emplois de nettoyage Airbnb bien r\u00e9mun\u00e9r\u00e9s. La plateforme collabore avec des propri\u00e9taires qui appr\u00e9cient l&#039;importance de services de nettoyage de qualit\u00e9, garantissant que les nettoyeurs sont correctement r\u00e9mun\u00e9r\u00e9s pour leurs efforts.<\/span><\/p>\n<h3><span style=\"color: #ffffff;\"><strong>Op\u00e9rations de paiement transparentes<\/strong><\/span><\/h3>\n<p><span style=\"color: #ffffff;\">Cleanster.com simplifie le processus de paiement, en offrant transparence et fiabilit\u00e9. Les nettoyeurs peuvent \u00eatre assur\u00e9s qu\u2019ils recevront une juste r\u00e9mun\u00e9ration pour leurs services.<\/span><\/p>\n<p><span style=\"color: #ffffff;\">La passerelle de paiement s\u00e9curis\u00e9e de l&#039;application facilite les transactions transparentes, \u00e9liminant ainsi les probl\u00e8mes de retards ou d&#039;\u00e9carts de paiement.<\/span><\/p>\n<h3><span style=\"color: #ffffff;\"><strong>Opportunit\u00e9s de croissance<\/strong><\/span><\/h3>\n<p><span style=\"color: #ffffff;\">Cleanster.com ne consiste pas seulement \u00e0 trouver un emploi ; il s&#039;agit de construire une carri\u00e8re durable dans le <a style=\"color: #ffffff;\" href=\"https:\/\/www.osha.gov\/cleaning-industry\">industrie du nettoyage<\/a>. La plateforme encourage les nettoyeurs \u00e0 cr\u00e9er leur profil, \u00e0 pr\u00e9senter leurs comp\u00e9tences et \u00e0 recevoir des notes et des avis de clients satisfaits.<\/span><\/p>\n<h3><span style=\"color: #ffffff;\"><strong>Planification automatis\u00e9e<\/strong><\/span><\/h3>\n<p><span style=\"color: #ffffff;\">Le syst\u00e8me d&#039;automatisation de Cleanster.com rationalise le processus de planification. Les nettoyeurs peuvent d\u00e9finir leur disponibilit\u00e9 et l&#039;application les associe intelligemment aux t\u00e2ches qui correspondent \u00e0 leurs horaires.<\/span><\/p>\n<h3><span style=\"color: #ffffff;\"><strong>Analyse des performances<\/strong><\/span><\/h3>\n<p><span style=\"color: #ffffff;\">Cleanster.com fournit des performances pour suivre leur efficacit\u00e9, leurs tarifs et la satisfaction de leurs clients. Cette approche aide les nettoyeurs \u00e0 am\u00e9liorer leurs comp\u00e9tences et \u00e0 attirer davantage d\u2019opportunit\u00e9s.<\/span><\/p>\n<h3><span style=\"color: #ffffff;\"><strong>Communication avec les clients<\/strong><\/span><\/h3>\n<p><span style=\"color: #ffffff;\">L&#039;application facilite la communication entre les nettoyeurs et les propri\u00e9taires. Les nettoyeurs peuvent recevoir des instructions sp\u00e9cifiques afin de pouvoir nouer des relations professionnelles conduisant \u00e0 des affaires r\u00e9currentes.<\/span><\/p>","protected":false},"excerpt":{"rendered":"<p>In the dynamic world of gig economy opportunities, where flexibility and earnings are key, finding high-paying Airbnb cleaning jobs can be a game-changer. &#8220;Cleanster.com,&#8221; an innovative cleaning service system, is revolutionizing the way cleaners connect with lucrative opportunities. Imagine gaining instant access to hundreds of well-compensated cleaning jobs in your vicinity \u2013 this is the [&hellip;]<\/p>\n","protected":false},"author":1,"featured_media":0,"parent":0,"menu_order":0,"comment_status":"closed","ping_status":"closed","template":"templates\/apartments.php","meta":{"_acf_changed":false,"footnotes":""},"class_list":["post-12","page","type-page","status-publish","hentry","entry"],"acf":[],"yoast_head":"<!-- This site is optimized with the Yoast SEO Premium plugin v26.5 (Yoast SEO v27.3) - https:\/\/yoast.com\/product\/yoast-seo-premium-wordpress\/ -->\n<title>Cleanster | Cleaning &amp; Maid Services Near You | We take care of cleaning your home or short-term rental<\/title>\n<meta name=\"description\" content=\"The world\u2019s top property management firms trust Cleanster to get the cleaning done right. Let&#039;s explore cleaning jobs\" \/>\n<meta name=\"robots\" content=\"index, follow, max-snippet:-1, max-image-preview:large, max-video-preview:-1\" \/>\n<link rel=\"canonical\" href=\"https:\/\/cleanster.com\/fr\/nettoyants\/\" \/>\n<meta property=\"og:locale\" content=\"fr_FR\" \/>\n<meta property=\"og:type\" content=\"article\" \/>\n<meta property=\"og:title\" content=\"Cleaners - Cleanster | Cleaning &amp; Maid Services Near You\" \/>\n<meta property=\"og:description\" content=\"The world\u2019s top property management firms trust Cleanster to get the cleaning done right. Let&#039;s explore cleaning jobs\" \/>\n<meta property=\"og:url\" content=\"https:\/\/cleanster.com\/fr\/nettoyants\/\" \/>\n<meta property=\"og:site_name\" content=\"Cleanster | Cleaning &amp; Maid Services Near You\" \/>\n<meta property=\"article:publisher\" content=\"https:\/\/www.facebook.com\/cleansterhq\" \/>\n<meta property=\"article:modified_time\" content=\"2025-10-09T22:13:58+00:00\" \/>\n<meta property=\"og:image\" content=\"https:\/\/cleanster.com\/wp-content\/uploads\/2023\/11\/card@3x.png\" \/>\n\t<meta property=\"og:image:width\" content=\"1170\" \/>\n\t<meta property=\"og:image:height\" content=\"763\" \/>\n\t<meta property=\"og:image:type\" content=\"image\/png\" \/>\n<meta name=\"twitter:card\" content=\"summary_large_image\" \/>\n<meta name=\"twitter:site\" content=\"@cleansterhq\" \/>\n<meta name=\"twitter:label1\" content=\"Dur\u00e9e de lecture estim\u00e9e\" \/>\n\t<meta name=\"twitter:data1\" content=\"2 minutes\" \/>\n<script type=\"application\/ld+json\" class=\"yoast-schema-graph\">{\"@context\":\"https:\\\/\\\/schema.org\",\"@graph\":[{\"@type\":\"WebPage\",\"@id\":\"https:\\\/\\\/cleanster.com\\\/cleaners\\\/\",\"url\":\"https:\\\/\\\/cleanster.com\\\/cleaners\",\"name\":\"Cleanster | Cleaning &amp; Maid Services Near You | We take care of cleaning your home or short-term rental\",\"isPartOf\":{\"@id\":\"https:\\\/\\\/cleanster.com\\\/#website\"},\"datePublished\":\"2023-08-08T06:38:22+00:00\",\"dateModified\":\"2025-10-09T22:13:58+00:00\",\"description\":\"The world\u2019s top property management firms trust Cleanster to get the cleaning done right. Let's explore cleaning jobs\",\"inLanguage\":\"fr-FR\",\"potentialAction\":[{\"@type\":\"ReadAction\",\"target\":[\"https:\\\/\\\/cleanster.com\\\/cleaners\"]}]},{\"@type\":\"WebSite\",\"@id\":\"https:\\\/\\\/cleanster.com\\\/#website\",\"url\":\"https:\\\/\\\/cleanster.com\\\/\",\"name\":\"Cleanster | Cleaning & Maid Services Near You\",\"description\":\"Instantly find &amp; book trusted cleaners for homes, apartment, Airbnb, and offices. Cleanster offers affordable maid, housekeeping, and commercial cleaning services near you.\",\"publisher\":{\"@id\":\"https:\\\/\\\/cleanster.com\\\/#organization\"},\"alternateName\":\"Cleanster | Cleaning, Maid & Housekeeping Services for Everyone\",\"potentialAction\":[{\"@type\":\"SearchAction\",\"target\":{\"@type\":\"EntryPoint\",\"urlTemplate\":\"https:\\\/\\\/cleanster.com\\\/?s={search_term_string}\"},\"query-input\":{\"@type\":\"PropertyValueSpecification\",\"valueRequired\":true,\"valueName\":\"search_term_string\"}}],\"inLanguage\":\"fr-FR\"},{\"@type\":\"Organization\",\"@id\":\"https:\\\/\\\/cleanster.com\\\/#organization\",\"name\":\"Cleanster\",\"alternateName\":\"Cleanster.com\",\"url\":\"https:\\\/\\\/cleanster.com\\\/\",\"logo\":{\"@type\":\"ImageObject\",\"inLanguage\":\"fr-FR\",\"@id\":\"https:\\\/\\\/cleanster.com\\\/#\\\/schema\\\/logo\\\/image\\\/\",\"url\":\"https:\\\/\\\/cleanster.com\\\/wp-content\\\/uploads\\\/2025\\\/06\\\/Cleanster-Logo-1.svg\",\"contentUrl\":\"https:\\\/\\\/cleanster.com\\\/wp-content\\\/uploads\\\/2025\\\/06\\\/Cleanster-Logo-1.svg\",\"width\":1,\"height\":1,\"caption\":\"Cleanster\"},\"image\":{\"@id\":\"https:\\\/\\\/cleanster.com\\\/#\\\/schema\\\/logo\\\/image\\\/\"},\"sameAs\":[\"https:\\\/\\\/www.facebook.com\\\/cleansterhq\",\"https:\\\/\\\/x.com\\\/cleansterhq\",\"https:\\\/\\\/www.linkedin.com\\\/company\\\/cleansterhq\",\"https:\\\/\\\/www.instagram.com\\\/cleansterhq\",\"https:\\\/\\\/vm.tiktok.com\\\/ZM8vHmcuo\\\/\",\"https:\\\/\\\/www.clubhouse.com\\\/club\\\/cleanstercom\"],\"description\":\"Cleanster is an AI-powered cleaning services platform that connects Airbnb hosts, property managers, and commercial clients with vetted, on-demand cleaners. We offer apartment, house, Airbnb, commercial, and janitorial cleaning services. With a network of over 100,000 professionals across the US, Canada, and the UK, Cleanster delivers fast, reliable, and tech-enabled cleaning at scale.\",\"email\":\"support@cleanster.com\",\"telephone\":\"+1 (888) 788-2445\",\"legalName\":\"Cleanster, Inc.\",\"foundingDate\":\"2019-05-06\",\"duns\":\"118328526\",\"naics\":\"541511\",\"numberOfEmployees\":{\"@type\":\"QuantitativeValue\",\"minValue\":\"11\",\"maxValue\":\"50\"}}]}<\/script>\n<!-- \/ Yoast SEO Premium plugin. -->","yoast_head_json":{"title":"Cleanster | Services de m\u00e9nage et d&#039;entretien pr\u00e8s de chez vous | Nous prenons en charge le nettoyage de votre maison ou de votre location courte dur\u00e9e","description":"Les plus grandes soci\u00e9t\u00e9s de gestion immobili\u00e8re au monde font confiance \u00e0 Cleanster pour effectuer le nettoyage correctement. Explorons les m\u00e9tiers du nettoyage","robots":{"index":"index","follow":"follow","max-snippet":"max-snippet:-1","max-image-preview":"max-image-preview:large","max-video-preview":"max-video-preview:-1"},"canonical":"https:\/\/cleanster.com\/fr\/nettoyants\/","og_locale":"fr_FR","og_type":"article","og_title":"Cleaners - Cleanster | Cleaning &amp; Maid Services Near You","og_description":"The world\u2019s top property management firms trust Cleanster to get the cleaning done right. Let's explore cleaning jobs","og_url":"https:\/\/cleanster.com\/fr\/nettoyants\/","og_site_name":"Cleanster | Cleaning &amp; Maid Services Near You","article_publisher":"https:\/\/www.facebook.com\/cleansterhq","article_modified_time":"2025-10-09T22:13:58+00:00","og_image":[{"width":1170,"height":763,"url":"https:\/\/cleanster.com\/wp-content\/uploads\/2023\/11\/card@3x.png","type":"image\/png"}],"twitter_card":"summary_large_image","twitter_site":"@cleansterhq","twitter_misc":{"Dur\u00e9e de lecture estim\u00e9e":"2 minutes"},"schema":{"@context":"https:\/\/schema.org","@graph":[{"@type":"WebPage","@id":"https:\/\/cleanster.com\/cleaners\/","url":"https:\/\/cleanster.com\/cleaners","name":"Cleanster | Services de m\u00e9nage et d&#039;entretien pr\u00e8s de chez vous | Nous prenons en charge le nettoyage de votre maison ou de votre location courte dur\u00e9e","isPartOf":{"@id":"https:\/\/cleanster.com\/#website"},"datePublished":"2023-08-08T06:38:22+00:00","dateModified":"2025-10-09T22:13:58+00:00","description":"Les plus grandes soci\u00e9t\u00e9s de gestion immobili\u00e8re au monde font confiance \u00e0 Cleanster pour effectuer le nettoyage correctement. Explorons les m\u00e9tiers du nettoyage","inLanguage":"fr-FR","potentialAction":[{"@type":"ReadAction","target":["https:\/\/cleanster.com\/cleaners"]}]},{"@type":"WebSite","@id":"https:\/\/cleanster.com\/#website","url":"https:\/\/cleanster.com\/","name":"Cleanster | Services de nettoyage et de m\u00e9nage pr\u00e8s de chez vous","description":"Trouvez et r\u00e9servez instantan\u00e9ment des services de nettoyage de confiance pour vos maisons, appartements, Airbnb et bureaux. Cleanster propose des services de m\u00e9nage, d&#039;entretien m\u00e9nager et de nettoyage commercial abordables pr\u00e8s de chez vous.","publisher":{"@id":"https:\/\/cleanster.com\/#organization"},"alternateName":"Cleanster | Cleaning, Maid & Housekeeping Services for Everyone","potentialAction":[{"@type":"SearchAction","target":{"@type":"EntryPoint","urlTemplate":"https:\/\/cleanster.com\/?s={search_term_string}"},"query-input":{"@type":"PropertyValueSpecification","valueRequired":true,"valueName":"search_term_string"}}],"inLanguage":"fr-FR"},{"@type":"Organization","@id":"https:\/\/cleanster.com\/#organization","name":"Nettoyant","alternateName":"Cleanster.com","url":"https:\/\/cleanster.com\/","logo":{"@type":"ImageObject","inLanguage":"fr-FR","@id":"https:\/\/cleanster.com\/#\/schema\/logo\/image\/","url":"https:\/\/cleanster.com\/wp-content\/uploads\/2025\/06\/Cleanster-Logo-1.svg","contentUrl":"https:\/\/cleanster.com\/wp-content\/uploads\/2025\/06\/Cleanster-Logo-1.svg","width":1,"height":1,"caption":"Cleanster"},"image":{"@id":"https:\/\/cleanster.com\/#\/schema\/logo\/image\/"},"sameAs":["https:\/\/www.facebook.com\/cleansterhq","https:\/\/x.com\/cleansterhq","https:\/\/www.linkedin.com\/company\/cleansterhq","https:\/\/www.instagram.com\/cleansterhq","https:\/\/vm.tiktok.com\/ZM8vHmcuo\/","https:\/\/www.clubhouse.com\/club\/cleanstercom"],"description":"Cleanster est une plateforme de services de nettoyage optimis\u00e9e par l&#039;IA qui met en relation les h\u00f4tes Airbnb, les gestionnaires immobiliers et les clients commerciaux avec des agents de nettoyage qualifi\u00e9s et \u00e0 la demande. Nous proposons des services de nettoyage d&#039;appartements, de maisons, de logements Airbnb, de locaux commerciaux et de conciergerie. Avec un r\u00e9seau de plus de 100\u00a0000 professionnels aux \u00c9tats-Unis, au Canada et au Royaume-Uni, Cleanster offre un nettoyage rapide, fiable et technologique \u00e0 grande \u00e9chelle.","email":"support@cleanster.com","telephone":"+1 (888) 788-2445","legalName":"Cleanster, Inc.","foundingDate":"2019-05-06","duns":"118328526","naics":"541511","numberOfEmployees":{"@type":"QuantitativeValue","minValue":"11","maxValue":"50"}}]}},"_links":{"self":[{"href":"https:\/\/cleanster.com\/fr\/wp-json\/wp\/v2\/pages\/12","targetHints":{"allow":["GET"]}}],"collection":[{"href":"https:\/\/cleanster.com\/fr\/wp-json\/wp\/v2\/pages"}],"about":[{"href":"https:\/\/cleanster.com\/fr\/wp-json\/wp\/v2\/types\/page"}],"author":[{"embeddable":true,"href":"https:\/\/cleanster.com\/fr\/wp-json\/wp\/v2\/users\/1"}],"replies":[{"embeddable":true,"href":"https:\/\/cleanster.com\/fr\/wp-json\/wp\/v2\/comments?post=12"}],"version-history":[{"count":0,"href":"https:\/\/cleanster.com\/fr\/wp-json\/wp\/v2\/pages\/12\/revisions"}],"wp:attachment":[{"href":"https:\/\/cleanster.com\/fr\/wp-json\/wp\/v2\/media?parent=12"}],"curies":[{"name":"wp","href":"https:\/\/api.w.org\/{rel}","templated":true}]}}