{"id":1328,"date":"2021-12-23T00:13:49","date_gmt":"2021-12-23T00:13:49","guid":{"rendered":"https:\/\/cleanster.com\/?page_id=1328"},"modified":"2024-01-08T10:59:08","modified_gmt":"2024-01-08T10:59:08","slug":"gestion-des-stocks-de-linge","status":"publish","type":"page","link":"https:\/\/cleanster.com\/fr\/gestion-des-stocks-de-linge\/","title":{"rendered":"Gestion des stocks et du linge (b\u00eata)"},"content":{"rendered":"<p><span style=\"color: #ffffff;\">Cleanster.com, leader du secteur en mati\u00e8re d&#039;acc\u00e8s pratique aux services de nettoyage, est une fois de plus \u00e0 la pointe de l&#039;innovation. Nous sommes ravis d&#039;annoncer le lancement de la version b\u00eata de notre fonctionnalit\u00e9 de gestion des stocks et du linge, qui change la donne dans le secteur des services de nettoyage. Cet ajout r\u00e9volutionnaire aux offres de Cleanster.com est con\u00e7u pour am\u00e9liorer l&#039;exp\u00e9rience utilisateur, rationaliser les op\u00e9rations et donner davantage de pouvoir aux professionnels des services.<\/span><\/p>\n<h2><span style=\"color: #ffffff;\"><strong>Rationalisation de la gestion des stocks pour plus d&#039;efficacit\u00e9<\/strong><\/span><\/h2>\n<h3><span style=\"color: #ffffff;\"><strong>1. Suivi intelligent des stocks\u00a0:<\/strong><\/span><\/h3>\n<p><span style=\"color: #ffffff;\">La fonction de gestion des stocks et du linge de Cleanster.com offre un suivi intelligent des stocks, permettant aux gestionnaires immobiliers et aux professionnels du service de conserver un enregistrement d\u00e9taill\u00e9 des fournitures de nettoyage, de l&#039;\u00e9quipement et du linge. Cela garantit qu&#039;ils disposent des bons outils pour le travail, r\u00e9duisant ainsi les temps d&#039;arr\u00eat et am\u00e9liorant l&#039;efficacit\u00e9 globale.<\/span><\/p>\n<h3><span style=\"color: #ffffff;\"><strong>2. Mises \u00e0 jour en temps r\u00e9el\u00a0:<\/strong><\/span><\/h3>\n<p><span style=\"color: #ffffff;\">B\u00e9n\u00e9ficiez de mises \u00e0 jour en temps r\u00e9el sur les niveaux de stock. La plateforme envoie des notifications lorsque les stocks s&#039;\u00e9puisent, \u00e9liminant ainsi le risque de manquer de produits de nettoyage essentiels pendant une t\u00e2che. Cette approche proactive garantit que les professionnels du nettoyage sont toujours bien \u00e9quip\u00e9s.<\/span><\/p>\n<h3><span style=\"color: #ffffff;\"><strong>3. Contr\u00f4le centralis\u00e9 des stocks :<\/strong><\/span><\/h3>\n<p><span style=\"color: #ffffff;\">Gr\u00e2ce \u00e0 la gestion des stocks et du linge de Cleanster.com, les utilisateurs ont acc\u00e8s \u00e0 un syst\u00e8me de contr\u00f4le centralis\u00e9. Cela signifie que, que vous g\u00e9riez une seule propri\u00e9t\u00e9 ou plusieurs sites, vous pouvez superviser et contr\u00f4ler votre inventaire \u00e0 partir d&#039;une interface simple \u00e0 utiliser.<\/span><\/p>\n<h2><span style=\"color: #ffffff;\"><strong>Am\u00e9liorer la gestion du linge pour des services impeccables<\/strong><\/span><\/h2>\n<h3><span style=\"color: #ffffff;\"><strong>1. Suivi et rotation du linge :<\/strong><\/span><\/h3>\n<p><span style=\"color: #ffffff;\">Cette fonctionnalit\u00e9 facilite le suivi du linge, garantissant ainsi une rotation constante pour maintenir sa fra\u00eecheur et sa qualit\u00e9. Cela est particuli\u00e8rement avantageux pour les services de nettoyage des h\u00f4tels et des locations de vacances, o\u00f9 la pr\u00e9sentation est essentielle.<\/span><\/p>\n<h3><span style=\"color: #ffffff;\"><strong>2. Assurance qualit\u00e9 :<\/strong><\/span><\/h3>\n<p><span style=\"color: #ffffff;\">La fonction de gestion des stocks et du linge de Cleanster.com comprend un volet d&#039;assurance qualit\u00e9. Les professionnels du service peuvent enregistrer l&#039;\u00e9tat du linge, ce qui permet aux gestionnaires immobiliers de suivre l&#039;usure au fil du temps.\u00a0<\/span><\/p>\n<h3><span style=\"color: #ffffff;\"><strong>3. Alertes de r\u00e9approvisionnement en linge :<\/strong><\/span><\/h3>\n<p><span style=\"color: #ffffff;\">Ne vous inqui\u00e9tez plus de manquer de linge frais. <a style=\"color: #ffffff;\" href=\"https:\/\/cleanster.com\/\">Cleanster.com<\/a> envoie des alertes lorsqu&#039;il est temps de r\u00e9approvisionner votre stock de linge, \u00e9vitant ainsi toute interruption de service. Cette fonctionnalit\u00e9 proactive est une v\u00e9ritable r\u00e9volution pour les gestionnaires immobiliers qui souhaitent garantir une exp\u00e9rience fluide \u00e0 leurs clients.<\/span><\/p>\n<h2><span style=\"color: #ffffff;\"><strong>Interface conviviale pour une int\u00e9gration transparente<\/strong><\/span><\/h2>\n<h3><span style=\"color: #ffffff;\"><strong>1. Tableau de bord intuitif :<\/strong><\/span><\/h3>\n<p><span style=\"color: #ffffff;\">La fonctionnalit\u00e9 de gestion des stocks et du linge de Cleanster.com est dot\u00e9e d&#039;un tableau de bord intuitif. Les utilisateurs peuvent facilement naviguer et acc\u00e9der \u00e0 toutes les informations pertinentes, ce qui permet aux gestionnaires immobiliers et aux professionnels des services d&#039;int\u00e9grer facilement cette nouvelle fonctionnalit\u00e9 dans leurs flux de travail.<\/span><\/p>\n<h3><span style=\"color: #ffffff;\"><strong>2. Compatibilit\u00e9 avec les appareils :<\/strong><\/span><\/h3>\n<p><span style=\"color: #ffffff;\">B\u00e9n\u00e9ficiez de la m\u00eame exp\u00e9rience conviviale sur tous les appareils.<\/span><\/p>\n<h2><span style=\"color: #ffffff;\"><strong>Tests b\u00eata : votre chance de fa\u00e7onner l&#039;avenir<\/strong><\/span><\/h2>\n<p><span style=\"color: #ffffff;\">Cleanster.com croit au pouvoir des commentaires des utilisateurs, et c&#039;est pourquoi nous lan\u00e7ons la fonctionnalit\u00e9 Gestion des stocks et du linge en version b\u00eata. Nous invitons nos utilisateurs \u00e0 explorer cette nouvelle fonctionnalit\u00e9, \u00e0 nous faire part de leurs commentaires et \u00e0 participer \u00e0 l&#039;\u00e9laboration de l&#039;avenir de Cleanster.com. <a style=\"color: #ffffff;\" href=\"https:\/\/qualitasprimum.com\/en\/cleaning-management-services\/\">gestion des services de nettoyage.<\/a><\/span><\/p>\n<h2><span style=\"color: #ffffff;\"><strong>Conclusion : \u00c9lever les services de nettoyage vers de nouveaux sommets<\/strong><\/span><\/h2>\n<p><span style=\"color: #ffffff;\">Avec l&#039;introduction de la fonctionnalit\u00e9 Gestion des stocks et du linge, Cleanster.com r\u00e9affirme son engagement envers l&#039;innovation et l&#039;excellence dans le secteur des services de nettoyage. Nous ne nous contentons pas de fournir des services de nettoyage ; nous donnons aux professionnels du service et aux gestionnaires immobiliers les outils dont ils ont besoin pour offrir un service impeccable, \u00e0 chaque fois.\u00a0<\/span><\/p>","protected":false},"excerpt":{"rendered":"<p>Cleanster.com, the industry leader in providing convenient access to cleaning services, is once again at the forefront of innovation. We are thrilled to announce the beta launch of our Inventory and Linen Management feature, a game-changer in the cleaning services landscape. This revolutionary addition to Cleanster.com&#8217;s offerings is designed to elevate user experiences, streamline operations, [&hellip;]<\/p>\n","protected":false},"author":1,"featured_media":0,"parent":0,"menu_order":0,"comment_status":"closed","ping_status":"closed","template":"templates\/rental.php","meta":{"_acf_changed":false,"footnotes":""},"class_list":["post-1328","page","type-page","status-publish","hentry","entry"],"acf":[],"yoast_head":"<!-- This site is optimized with the Yoast SEO Premium plugin v26.5 (Yoast SEO v27.3) - https:\/\/yoast.com\/product\/yoast-seo-premium-wordpress\/ -->\n<title>Cleanster.com offers an Inventory and Linen Management system<\/title>\n<meta name=\"description\" content=\"When you can get an excellent Inventory and Linen Management cleaning service from the Cleanster.com, why go somewhere else?\" \/>\n<meta name=\"robots\" content=\"index, follow, max-snippet:-1, max-image-preview:large, max-video-preview:-1\" \/>\n<link rel=\"canonical\" href=\"https:\/\/cleanster.com\/fr\/gestion-des-stocks-de-linge\/\" \/>\n<meta property=\"og:locale\" content=\"fr_FR\" \/>\n<meta property=\"og:type\" content=\"article\" \/>\n<meta property=\"og:title\" content=\"Inventory and Linen Management (Beta) - Cleanster | Cleaning &amp; Maid Services Near You\" \/>\n<meta property=\"og:description\" content=\"When you can get an excellent Inventory and Linen Management cleaning service from the Cleanster.com, why go somewhere else?\" \/>\n<meta property=\"og:url\" content=\"https:\/\/cleanster.com\/fr\/gestion-des-stocks-de-linge\/\" \/>\n<meta property=\"og:site_name\" content=\"Cleanster | Cleaning &amp; Maid Services Near You\" \/>\n<meta property=\"article:publisher\" content=\"https:\/\/www.facebook.com\/cleansterhq\" \/>\n<meta property=\"article:modified_time\" content=\"2024-01-08T10:59:08+00:00\" \/>\n<meta property=\"og:image\" content=\"https:\/\/cleanster.com\/wp-content\/uploads\/2023\/11\/card@3x.png\" \/>\n\t<meta property=\"og:image:width\" content=\"1170\" \/>\n\t<meta property=\"og:image:height\" content=\"763\" \/>\n\t<meta property=\"og:image:type\" content=\"image\/png\" \/>\n<meta name=\"twitter:card\" content=\"summary_large_image\" \/>\n<meta name=\"twitter:site\" content=\"@cleansterhq\" \/>\n<meta name=\"twitter:label1\" content=\"Dur\u00e9e de lecture estim\u00e9e\" \/>\n\t<meta name=\"twitter:data1\" content=\"3 minutes\" \/>\n<script type=\"application\/ld+json\" class=\"yoast-schema-graph\">{\"@context\":\"https:\\\/\\\/schema.org\",\"@graph\":[{\"@type\":\"WebPage\",\"@id\":\"https:\\\/\\\/cleanster.com\\\/inventory-linen-management\\\/\",\"url\":\"https:\\\/\\\/cleanster.com\\\/inventory-linen-management\\\/\",\"name\":\"Cleanster.com offers an Inventory and Linen Management system\",\"isPartOf\":{\"@id\":\"https:\\\/\\\/cleanster.com\\\/#website\"},\"datePublished\":\"2021-12-23T00:13:49+00:00\",\"dateModified\":\"2024-01-08T10:59:08+00:00\",\"description\":\"When you can get an excellent Inventory and Linen Management cleaning service from the Cleanster.com, why go somewhere else?\",\"inLanguage\":\"fr-FR\",\"potentialAction\":[{\"@type\":\"ReadAction\",\"target\":[\"https:\\\/\\\/cleanster.com\\\/inventory-linen-management\\\/\"]}]},{\"@type\":\"WebSite\",\"@id\":\"https:\\\/\\\/cleanster.com\\\/#website\",\"url\":\"https:\\\/\\\/cleanster.com\\\/\",\"name\":\"Cleanster | Cleaning & Maid Services Near You\",\"description\":\"Instantly find &amp; book trusted cleaners for homes, apartment, Airbnb, and offices. Cleanster offers affordable maid, housekeeping, and commercial cleaning services near you.\",\"publisher\":{\"@id\":\"https:\\\/\\\/cleanster.com\\\/#organization\"},\"alternateName\":\"Cleanster | Cleaning, Maid & Housekeeping Services for Everyone\",\"potentialAction\":[{\"@type\":\"SearchAction\",\"target\":{\"@type\":\"EntryPoint\",\"urlTemplate\":\"https:\\\/\\\/cleanster.com\\\/?s={search_term_string}\"},\"query-input\":{\"@type\":\"PropertyValueSpecification\",\"valueRequired\":true,\"valueName\":\"search_term_string\"}}],\"inLanguage\":\"fr-FR\"},{\"@type\":\"Organization\",\"@id\":\"https:\\\/\\\/cleanster.com\\\/#organization\",\"name\":\"Cleanster\",\"alternateName\":\"Cleanster.com\",\"url\":\"https:\\\/\\\/cleanster.com\\\/\",\"logo\":{\"@type\":\"ImageObject\",\"inLanguage\":\"fr-FR\",\"@id\":\"https:\\\/\\\/cleanster.com\\\/#\\\/schema\\\/logo\\\/image\\\/\",\"url\":\"https:\\\/\\\/cleanster.com\\\/wp-content\\\/uploads\\\/2025\\\/06\\\/Cleanster-Logo-1.svg\",\"contentUrl\":\"https:\\\/\\\/cleanster.com\\\/wp-content\\\/uploads\\\/2025\\\/06\\\/Cleanster-Logo-1.svg\",\"width\":1,\"height\":1,\"caption\":\"Cleanster\"},\"image\":{\"@id\":\"https:\\\/\\\/cleanster.com\\\/#\\\/schema\\\/logo\\\/image\\\/\"},\"sameAs\":[\"https:\\\/\\\/www.facebook.com\\\/cleansterhq\",\"https:\\\/\\\/x.com\\\/cleansterhq\",\"https:\\\/\\\/www.linkedin.com\\\/company\\\/cleansterhq\",\"https:\\\/\\\/www.instagram.com\\\/cleansterhq\",\"https:\\\/\\\/vm.tiktok.com\\\/ZM8vHmcuo\\\/\",\"https:\\\/\\\/www.clubhouse.com\\\/club\\\/cleanstercom\"],\"description\":\"Cleanster is an AI-powered cleaning services platform that connects Airbnb hosts, property managers, and commercial clients with vetted, on-demand cleaners. We offer apartment, house, Airbnb, commercial, and janitorial cleaning services. With a network of over 100,000 professionals across the US, Canada, and the UK, Cleanster delivers fast, reliable, and tech-enabled cleaning at scale.\",\"email\":\"support@cleanster.com\",\"telephone\":\"+1 (888) 788-2445\",\"legalName\":\"Cleanster, Inc.\",\"foundingDate\":\"2019-05-06\",\"duns\":\"118328526\",\"naics\":\"541511\",\"numberOfEmployees\":{\"@type\":\"QuantitativeValue\",\"minValue\":\"11\",\"maxValue\":\"50\"}}]}<\/script>\n<!-- \/ Yoast SEO Premium plugin. -->","yoast_head_json":{"title":"Cleanster.com propose un syst\u00e8me de gestion des stocks et du linge","description":"Lorsque vous pouvez obtenir un excellent service de nettoyage de gestion des stocks et du linge sur Cleanster.com, pourquoi aller ailleurs\u00a0?","robots":{"index":"index","follow":"follow","max-snippet":"max-snippet:-1","max-image-preview":"max-image-preview:large","max-video-preview":"max-video-preview:-1"},"canonical":"https:\/\/cleanster.com\/fr\/gestion-des-stocks-de-linge\/","og_locale":"fr_FR","og_type":"article","og_title":"Inventory and Linen Management (Beta) - Cleanster | Cleaning &amp; Maid Services Near You","og_description":"When you can get an excellent Inventory and Linen Management cleaning service from the Cleanster.com, why go somewhere else?","og_url":"https:\/\/cleanster.com\/fr\/gestion-des-stocks-de-linge\/","og_site_name":"Cleanster | Cleaning &amp; Maid Services Near You","article_publisher":"https:\/\/www.facebook.com\/cleansterhq","article_modified_time":"2024-01-08T10:59:08+00:00","og_image":[{"width":1170,"height":763,"url":"https:\/\/cleanster.com\/wp-content\/uploads\/2023\/11\/card@3x.png","type":"image\/png"}],"twitter_card":"summary_large_image","twitter_site":"@cleansterhq","twitter_misc":{"Dur\u00e9e de lecture estim\u00e9e":"3 minutes"},"schema":{"@context":"https:\/\/schema.org","@graph":[{"@type":"WebPage","@id":"https:\/\/cleanster.com\/inventory-linen-management\/","url":"https:\/\/cleanster.com\/inventory-linen-management\/","name":"Cleanster.com propose un syst\u00e8me de gestion des stocks et du linge","isPartOf":{"@id":"https:\/\/cleanster.com\/#website"},"datePublished":"2021-12-23T00:13:49+00:00","dateModified":"2024-01-08T10:59:08+00:00","description":"Lorsque vous pouvez obtenir un excellent service de nettoyage de gestion des stocks et du linge sur Cleanster.com, pourquoi aller ailleurs\u00a0?","inLanguage":"fr-FR","potentialAction":[{"@type":"ReadAction","target":["https:\/\/cleanster.com\/inventory-linen-management\/"]}]},{"@type":"WebSite","@id":"https:\/\/cleanster.com\/#website","url":"https:\/\/cleanster.com\/","name":"Cleanster | Services de nettoyage et de m\u00e9nage pr\u00e8s de chez vous","description":"Trouvez et r\u00e9servez instantan\u00e9ment des services de nettoyage de confiance pour vos maisons, appartements, Airbnb et bureaux. Cleanster propose des services de m\u00e9nage, d&#039;entretien m\u00e9nager et de nettoyage commercial abordables pr\u00e8s de chez vous.","publisher":{"@id":"https:\/\/cleanster.com\/#organization"},"alternateName":"Cleanster | Cleaning, Maid & Housekeeping Services for Everyone","potentialAction":[{"@type":"SearchAction","target":{"@type":"EntryPoint","urlTemplate":"https:\/\/cleanster.com\/?s={search_term_string}"},"query-input":{"@type":"PropertyValueSpecification","valueRequired":true,"valueName":"search_term_string"}}],"inLanguage":"fr-FR"},{"@type":"Organization","@id":"https:\/\/cleanster.com\/#organization","name":"Nettoyant","alternateName":"Cleanster.com","url":"https:\/\/cleanster.com\/","logo":{"@type":"ImageObject","inLanguage":"fr-FR","@id":"https:\/\/cleanster.com\/#\/schema\/logo\/image\/","url":"https:\/\/cleanster.com\/wp-content\/uploads\/2025\/06\/Cleanster-Logo-1.svg","contentUrl":"https:\/\/cleanster.com\/wp-content\/uploads\/2025\/06\/Cleanster-Logo-1.svg","width":1,"height":1,"caption":"Cleanster"},"image":{"@id":"https:\/\/cleanster.com\/#\/schema\/logo\/image\/"},"sameAs":["https:\/\/www.facebook.com\/cleansterhq","https:\/\/x.com\/cleansterhq","https:\/\/www.linkedin.com\/company\/cleansterhq","https:\/\/www.instagram.com\/cleansterhq","https:\/\/vm.tiktok.com\/ZM8vHmcuo\/","https:\/\/www.clubhouse.com\/club\/cleanstercom"],"description":"Cleanster est une plateforme de services de nettoyage optimis\u00e9e par l&#039;IA qui met en relation les h\u00f4tes Airbnb, les gestionnaires immobiliers et les clients commerciaux avec des agents de nettoyage qualifi\u00e9s et \u00e0 la demande. Nous proposons des services de nettoyage d&#039;appartements, de maisons, de logements Airbnb, de locaux commerciaux et de conciergerie. Avec un r\u00e9seau de plus de 100\u00a0000 professionnels aux \u00c9tats-Unis, au Canada et au Royaume-Uni, Cleanster offre un nettoyage rapide, fiable et technologique \u00e0 grande \u00e9chelle.","email":"support@cleanster.com","telephone":"+1 (888) 788-2445","legalName":"Cleanster, Inc.","foundingDate":"2019-05-06","duns":"118328526","naics":"541511","numberOfEmployees":{"@type":"QuantitativeValue","minValue":"11","maxValue":"50"}}]}},"_links":{"self":[{"href":"https:\/\/cleanster.com\/fr\/wp-json\/wp\/v2\/pages\/1328","targetHints":{"allow":["GET"]}}],"collection":[{"href":"https:\/\/cleanster.com\/fr\/wp-json\/wp\/v2\/pages"}],"about":[{"href":"https:\/\/cleanster.com\/fr\/wp-json\/wp\/v2\/types\/page"}],"author":[{"embeddable":true,"href":"https:\/\/cleanster.com\/fr\/wp-json\/wp\/v2\/users\/1"}],"replies":[{"embeddable":true,"href":"https:\/\/cleanster.com\/fr\/wp-json\/wp\/v2\/comments?post=1328"}],"version-history":[{"count":0,"href":"https:\/\/cleanster.com\/fr\/wp-json\/wp\/v2\/pages\/1328\/revisions"}],"wp:attachment":[{"href":"https:\/\/cleanster.com\/fr\/wp-json\/wp\/v2\/media?parent=1328"}],"curies":[{"name":"wp","href":"https:\/\/api.w.org\/{rel}","templated":true}]}}