{"id":1407,"date":"2024-01-07T06:27:38","date_gmt":"2024-01-07T06:27:38","guid":{"rendered":"https:\/\/cleanster.com\/?page_id=1407"},"modified":"2024-01-08T12:20:49","modified_gmt":"2024-01-08T12:20:49","slug":"locations-a-court-terme","status":"publish","type":"page","link":"https:\/\/cleanster.com\/fr\/locations-a-court-terme\/","title":{"rendered":"Locations \u00e0 court terme"},"content":{"rendered":"<p><span style=\"color: #ffffff;\">Dans le monde tr\u00e9pidant de la location \u00e0 court terme, la premi\u00e8re impression compte et la propret\u00e9 est primordiale. Cleanster.com, avec sa mission de fournir un acc\u00e8s pratique aux services de nettoyage tout en responsabilisant les professionnels des services, remod\u00e8le le paysage de la location \u00e0 court terme. Cet article optimis\u00e9 pour le r\u00e9f\u00e9rencement explique comment Cleanster.com r\u00e9volutionne le secteur et \u00e9tablit de nouvelles normes en mati\u00e8re de propret\u00e9 et de professionnalisme.<\/span><\/p>\n<h2><span style=\"color: #ffffff;\"><strong>1. R\u00e9servation transparente pour les propri\u00e9taires de locations \u00e0 court terme<\/strong><\/span><\/h2>\n<h3><span style=\"color: #ffffff;\"><strong>Plateforme conviviale :<\/strong><\/span><\/h3>\n<p><span style=\"color: #ffffff;\">L&#039;application Cleanster.com, disponible sur tous les appareils, offre aux propri\u00e9taires une exp\u00e9rience de r\u00e9servation fluide et intuitive. En quelques clics, ils peuvent programmer les nettoyages et garantir que leurs locations soient toujours pr\u00eates \u00e0 accueillir leurs locataires.<\/span><\/p>\n<h3><span style=\"color: #ffffff;\"><strong>Horaire flexible :<\/strong><\/span><\/h3>\n<p><span style=\"color: #ffffff;\">Conscient de la nature dynamique des locations de courte dur\u00e9e, Cleanster.com permet aux propri\u00e9taires de programmer les nettoyages en fonction des heures d&#039;arriv\u00e9e et de d\u00e9part. Cette flexibilit\u00e9 garantit un entretien r\u00e9gulier des propri\u00e9t\u00e9s, contribuant ainsi \u00e0 une exp\u00e9rience client positive.<\/span><\/p>\n<h2><span style=\"color: #ffffff;\"><strong>2. Am\u00e9liorer les normes de propret\u00e9<\/strong><\/span><\/h2>\n<h3><span style=\"color: #ffffff;\"><strong>Protocoles de nettoyage sur mesure :<\/strong><\/span><\/h3>\n<p><span style=\"color: #ffffff;\">Cleanster.com reconna\u00eet que les locations de courte dur\u00e9e n\u00e9cessitent des protocoles de nettoyage sp\u00e9cifiques. Notre plateforme fournit des listes de contr\u00f4le et des directives de nettoyage d\u00e9taill\u00e9es, garantissant que chaque recoin est soign\u00e9 et cr\u00e9e un environnement impeccable et accueillant pour les voyageurs.<\/span><\/p>\n<h3><span style=\"color: #ffffff;\"><strong>Assurance qualit\u00e9:<\/strong><\/span><\/h3>\n<p><span style=\"color: #ffffff;\">Nous accordons une grande importance \u00e0 la qualit\u00e9 en s\u00e9lectionnant et en formant nos professionnels. Cleanster.com veille \u00e0 ce que nos \u00e9quipes de nettoyage soient parfaitement \u00e9quip\u00e9es pour r\u00e9pondre aux normes les plus strictes. Notre engagement envers l&#039;excellence s&#039;\u00e9tend \u00e0 tous les aspects du processus de nettoyage.<\/span><\/p>\n<h2><span style=\"color: #ffffff;\"><strong>3. Responsabiliser les professionnels du nettoyage<\/strong><\/span><\/h2>\n<h3><span style=\"color: #ffffff;\"><strong>Opportunit\u00e9s entrepreneuriales :<\/strong><\/span><\/h3>\n<p><span style=\"color: #ffffff;\">Cleanster.com n&#039;est pas seulement une plateforme de r\u00e9servation de services de nettoyage\u00a0; c&#039;est un moyen pour les professionnels du secteur de devenir entrepreneurs. Notre approche \u00e9thique garantit aux professionnels du nettoyage un salaire d\u00e9cent et une r\u00e9mun\u00e9ration \u00e9quitable, favorisant ainsi un sentiment d&#039;appartenance et de fiert\u00e9 dans leur travail.<\/span><\/p>\n<h3><span style=\"color: #ffffff;\"><strong>D\u00e9veloppement continu des comp\u00e9tences :<\/strong><\/span><\/h3>\n<p><span style=\"color: #ffffff;\">Pour conserver une longueur d&#039;avance sur le march\u00e9 concurrentiel de la location, Cleanster.com investit dans le d\u00e9veloppement continu des comp\u00e9tences de ses professionnels du nettoyage. Des modules de formation et des ressources leur sont propos\u00e9s, leur permettant d&#039;offrir des services de qualit\u00e9 sup\u00e9rieure.<\/span><\/p>\n<h2><span style=\"color: #ffffff;\"><strong>4. R\u00e9pondre aux besoins uniques des locations \u00e0 court terme<\/strong><\/span><\/h2>\n<h3><span style=\"color: #ffffff;\"><strong>D\u00e9lais d&#039;ex\u00e9cution rapides :<\/strong><\/span><\/h3>\n<p><span style=\"color: #ffffff;\">Cleanster.com comprend l&#039;urgence des locations de courte dur\u00e9e. Notre plateforme acc\u00e9l\u00e8re les d\u00e9lais de traitement entre chaque s\u00e9jour, garantissant ainsi un nettoyage complet des logements et leur pr\u00e9paration pour le prochain s\u00e9jour.<\/span><\/p>\n<h3><span style=\"color: #ffffff;\"><strong>Services de nettoyage d&#039;urgence :<\/strong><\/span><\/h3>\n<p><span style=\"color: #ffffff;\">Des urgences peuvent survenir. <a style=\"color: #ffffff;\" href=\"https:\/\/cleanster.com\/\">Cleanster.com<\/a> propose des services de nettoyage d&#039;urgence, offrant une solution fiable pour les besoins de nettoyage de derni\u00e8re minute et les situations inattendues.<\/span><\/p>\n<h2><span style=\"color: #ffffff;\"><strong>Conclusion\u00a0: Cleanster.com \u2013 Votre partenaire pour la r\u00e9ussite de vos locations \u00e0 court terme<\/strong><\/span><\/h2>\n<p><span style=\"color: #ffffff;\">Cleanster.com est un partenaire fiable et innovant pour les propri\u00e9taires et gestionnaires de locations courte dur\u00e9e. En mettant en relation les propri\u00e9taires avec des professionnels du nettoyage qualifi\u00e9s, nous contribuons au succ\u00e8s des locations courte dur\u00e9e en offrant une exp\u00e9rience client exceptionnelle.<\/span><\/p>\n<p><span style=\"color: #ffffff;\">Que vous soyez un propri\u00e9taire \u00e0 la recherche de solutions de nettoyage sans tracas ou un professionnel du nettoyage \u00e0 la recherche de solutions de nettoyage<a style=\"color: #ffffff;\" href=\"https:\/\/www.linkedin.com\/pulse\/how-identify-entrepreneurial-opportunities-kennedy-mulenga-mba#:~:text=Entrepreneurial%20opportunities%20are%20favourable%20conditions,of%20organising%20or%20new%20markets.\">opportunit\u00e9s entrepreneuriales<\/a>Cleanster.com est la plateforme qui comble le foss\u00e9 et red\u00e9finit les normes de propret\u00e9 pour les locations de courte dur\u00e9e. Rejoignez-nous dans notre mission\u00a0: am\u00e9liorer les normes de propret\u00e9 et de professionnalisme dans un monde en constante \u00e9volution.<\/span><\/p>","protected":false},"excerpt":{"rendered":"<p>In the fast-paced world of short-term rentals, first impressions matter, and cleanliness is paramount. Cleanster.com, with its mission to provide convenient access to cleaning services while empowering service professionals, is reshaping the landscape of short-term rentals. This SEO-friendly article delves into how Cleanster.com is revolutionizing the industry and setting new standards for cleanliness and professionalism. [&hellip;]<\/p>\n","protected":false},"author":2,"featured_media":0,"parent":0,"menu_order":0,"comment_status":"closed","ping_status":"closed","template":"templates\/str.php","meta":{"_acf_changed":false,"footnotes":""},"class_list":["post-1407","page","type-page","status-publish","hentry","entry"],"acf":[],"yoast_head":"<!-- This site is optimized with the Yoast SEO Premium plugin v26.5 (Yoast SEO v27.5) - https:\/\/yoast.com\/product\/yoast-seo-premium-wordpress\/ -->\n<title>Cleanster | Cleaning &amp; Maid Services Near You<\/title>\n<meta name=\"description\" content=\"Over 1,000 hosts including the world\u2019s top property management firms trust Cleanster to get cleaning done right. Explore Short-term rentals\" \/>\n<meta name=\"robots\" content=\"index, follow, max-snippet:-1, max-image-preview:large, max-video-preview:-1\" \/>\n<link rel=\"canonical\" href=\"https:\/\/cleanster.com\/fr\/locations-a-court-terme\/\" \/>\n<meta property=\"og:locale\" content=\"fr_FR\" \/>\n<meta property=\"og:type\" content=\"article\" \/>\n<meta property=\"og:title\" content=\"Short-Term Rentals - Cleanster | Cleaning &amp; Maid Services Near You\" \/>\n<meta property=\"og:description\" content=\"Over 1,000 hosts including the world\u2019s top property management firms trust Cleanster to get cleaning done right. Explore Short-term rentals\" \/>\n<meta property=\"og:url\" content=\"https:\/\/cleanster.com\/fr\/locations-a-court-terme\/\" \/>\n<meta property=\"og:site_name\" content=\"Cleanster | Cleaning &amp; Maid Services Near You\" \/>\n<meta property=\"article:publisher\" content=\"https:\/\/www.facebook.com\/cleansterhq\" \/>\n<meta property=\"article:modified_time\" content=\"2024-01-08T12:20:49+00:00\" \/>\n<meta property=\"og:image\" content=\"https:\/\/cleanster.com\/wp-content\/uploads\/2023\/11\/card@3x.png\" \/>\n\t<meta property=\"og:image:width\" content=\"1170\" \/>\n\t<meta property=\"og:image:height\" content=\"763\" \/>\n\t<meta property=\"og:image:type\" content=\"image\/png\" \/>\n<meta name=\"twitter:card\" content=\"summary_large_image\" \/>\n<meta name=\"twitter:site\" content=\"@cleansterhq\" \/>\n<meta name=\"twitter:label1\" content=\"Dur\u00e9e de lecture estim\u00e9e\" \/>\n\t<meta name=\"twitter:data1\" content=\"2 minutes\" \/>\n<script type=\"application\/ld+json\" class=\"yoast-schema-graph\">{\"@context\":\"https:\\\/\\\/schema.org\",\"@graph\":[{\"@type\":\"WebPage\",\"@id\":\"https:\\\/\\\/cleanster.com\\\/short-term-rentals\\\/\",\"url\":\"https:\\\/\\\/cleanster.com\\\/short-term-rentals\\\/\",\"name\":\"Cleanster | Cleaning &amp; Maid Services Near You\",\"isPartOf\":{\"@id\":\"https:\\\/\\\/cleanster.com\\\/#website\"},\"datePublished\":\"2024-01-07T06:27:38+00:00\",\"dateModified\":\"2024-01-08T12:20:49+00:00\",\"description\":\"Over 1,000 hosts including the world\u2019s top property management firms trust Cleanster to get cleaning done right. Explore Short-term rentals\",\"inLanguage\":\"fr-FR\",\"potentialAction\":[{\"@type\":\"ReadAction\",\"target\":[\"https:\\\/\\\/cleanster.com\\\/short-term-rentals\\\/\"]}]},{\"@type\":\"WebSite\",\"@id\":\"https:\\\/\\\/cleanster.com\\\/#website\",\"url\":\"https:\\\/\\\/cleanster.com\\\/\",\"name\":\"Cleanster | Cleaning & Maid Services Near You\",\"description\":\"Instantly find &amp; book trusted cleaners for homes, apartment, Airbnb, and offices. Cleanster offers affordable maid, housekeeping, and commercial cleaning services near you.\",\"publisher\":{\"@id\":\"https:\\\/\\\/cleanster.com\\\/#organization\"},\"alternateName\":\"Cleanster | Cleaning, Maid & Housekeeping Services for Everyone\",\"potentialAction\":[{\"@type\":\"SearchAction\",\"target\":{\"@type\":\"EntryPoint\",\"urlTemplate\":\"https:\\\/\\\/cleanster.com\\\/?s={search_term_string}\"},\"query-input\":{\"@type\":\"PropertyValueSpecification\",\"valueRequired\":true,\"valueName\":\"search_term_string\"}}],\"inLanguage\":\"fr-FR\"},{\"@type\":\"Organization\",\"@id\":\"https:\\\/\\\/cleanster.com\\\/#organization\",\"name\":\"Cleanster\",\"alternateName\":\"Cleanster.com\",\"url\":\"https:\\\/\\\/cleanster.com\\\/\",\"logo\":{\"@type\":\"ImageObject\",\"inLanguage\":\"fr-FR\",\"@id\":\"https:\\\/\\\/cleanster.com\\\/#\\\/schema\\\/logo\\\/image\\\/\",\"url\":\"https:\\\/\\\/cleanster.com\\\/wp-content\\\/uploads\\\/2025\\\/06\\\/Cleanster-Logo-1.svg\",\"contentUrl\":\"https:\\\/\\\/cleanster.com\\\/wp-content\\\/uploads\\\/2025\\\/06\\\/Cleanster-Logo-1.svg\",\"width\":1,\"height\":1,\"caption\":\"Cleanster\"},\"image\":{\"@id\":\"https:\\\/\\\/cleanster.com\\\/#\\\/schema\\\/logo\\\/image\\\/\"},\"sameAs\":[\"https:\\\/\\\/www.facebook.com\\\/cleansterhq\",\"https:\\\/\\\/x.com\\\/cleansterhq\",\"https:\\\/\\\/www.linkedin.com\\\/company\\\/cleansterhq\",\"https:\\\/\\\/www.instagram.com\\\/cleansterhq\",\"https:\\\/\\\/vm.tiktok.com\\\/ZM8vHmcuo\\\/\",\"https:\\\/\\\/www.clubhouse.com\\\/club\\\/cleanstercom\"],\"description\":\"Cleanster is an AI-powered cleaning services platform that connects Airbnb hosts, property managers, and commercial clients with vetted, on-demand cleaners. We offer apartment, house, Airbnb, commercial, and janitorial cleaning services. With a network of over 100,000 professionals across the US, Canada, and the UK, Cleanster delivers fast, reliable, and tech-enabled cleaning at scale.\",\"email\":\"support@cleanster.com\",\"telephone\":\"+1 (888) 788-2445\",\"legalName\":\"Cleanster, Inc.\",\"foundingDate\":\"2019-05-06\",\"duns\":\"118328526\",\"naics\":\"541511\",\"numberOfEmployees\":{\"@type\":\"QuantitativeValue\",\"minValue\":\"11\",\"maxValue\":\"50\"}}]}<\/script>\n<!-- \/ Yoast SEO Premium plugin. -->","yoast_head_json":{"title":"Cleanster | Services de nettoyage et de m\u00e9nage pr\u00e8s de chez vous","description":"Plus de 1 000 h\u00f4tes, parmi lesquels les plus grandes soci\u00e9t\u00e9s de gestion immobili\u00e8re au monde, font confiance \u00e0 Cleanster pour que le nettoyage soit bien fait. Explorer les locations \u00e0 court terme","robots":{"index":"index","follow":"follow","max-snippet":"max-snippet:-1","max-image-preview":"max-image-preview:large","max-video-preview":"max-video-preview:-1"},"canonical":"https:\/\/cleanster.com\/fr\/locations-a-court-terme\/","og_locale":"fr_FR","og_type":"article","og_title":"Short-Term Rentals - Cleanster | Cleaning &amp; Maid Services Near You","og_description":"Over 1,000 hosts including the world\u2019s top property management firms trust Cleanster to get cleaning done right. Explore Short-term rentals","og_url":"https:\/\/cleanster.com\/fr\/locations-a-court-terme\/","og_site_name":"Cleanster | Cleaning &amp; Maid Services Near You","article_publisher":"https:\/\/www.facebook.com\/cleansterhq","article_modified_time":"2024-01-08T12:20:49+00:00","og_image":[{"width":1170,"height":763,"url":"https:\/\/cleanster.com\/wp-content\/uploads\/2023\/11\/card@3x.png","type":"image\/png"}],"twitter_card":"summary_large_image","twitter_site":"@cleansterhq","twitter_misc":{"Dur\u00e9e de lecture estim\u00e9e":"2 minutes"},"schema":{"@context":"https:\/\/schema.org","@graph":[{"@type":"WebPage","@id":"https:\/\/cleanster.com\/short-term-rentals\/","url":"https:\/\/cleanster.com\/short-term-rentals\/","name":"Cleanster | Services de nettoyage et de m\u00e9nage pr\u00e8s de chez vous","isPartOf":{"@id":"https:\/\/cleanster.com\/#website"},"datePublished":"2024-01-07T06:27:38+00:00","dateModified":"2024-01-08T12:20:49+00:00","description":"Plus de 1 000 h\u00f4tes, parmi lesquels les plus grandes soci\u00e9t\u00e9s de gestion immobili\u00e8re au monde, font confiance \u00e0 Cleanster pour que le nettoyage soit bien fait. Explorer les locations \u00e0 court terme","inLanguage":"fr-FR","potentialAction":[{"@type":"ReadAction","target":["https:\/\/cleanster.com\/short-term-rentals\/"]}]},{"@type":"WebSite","@id":"https:\/\/cleanster.com\/#website","url":"https:\/\/cleanster.com\/","name":"Cleanster | Services de nettoyage et de m\u00e9nage pr\u00e8s de chez vous","description":"Trouvez et r\u00e9servez instantan\u00e9ment des services de nettoyage de confiance pour vos maisons, appartements, Airbnb et bureaux. Cleanster propose des services de m\u00e9nage, d&#039;entretien m\u00e9nager et de nettoyage commercial abordables pr\u00e8s de chez vous.","publisher":{"@id":"https:\/\/cleanster.com\/#organization"},"alternateName":"Cleanster | Cleaning, Maid & Housekeeping Services for Everyone","potentialAction":[{"@type":"SearchAction","target":{"@type":"EntryPoint","urlTemplate":"https:\/\/cleanster.com\/?s={search_term_string}"},"query-input":{"@type":"PropertyValueSpecification","valueRequired":true,"valueName":"search_term_string"}}],"inLanguage":"fr-FR"},{"@type":"Organization","@id":"https:\/\/cleanster.com\/#organization","name":"Nettoyant","alternateName":"Cleanster.com","url":"https:\/\/cleanster.com\/","logo":{"@type":"ImageObject","inLanguage":"fr-FR","@id":"https:\/\/cleanster.com\/#\/schema\/logo\/image\/","url":"https:\/\/cleanster.com\/wp-content\/uploads\/2025\/06\/Cleanster-Logo-1.svg","contentUrl":"https:\/\/cleanster.com\/wp-content\/uploads\/2025\/06\/Cleanster-Logo-1.svg","width":1,"height":1,"caption":"Cleanster"},"image":{"@id":"https:\/\/cleanster.com\/#\/schema\/logo\/image\/"},"sameAs":["https:\/\/www.facebook.com\/cleansterhq","https:\/\/x.com\/cleansterhq","https:\/\/www.linkedin.com\/company\/cleansterhq","https:\/\/www.instagram.com\/cleansterhq","https:\/\/vm.tiktok.com\/ZM8vHmcuo\/","https:\/\/www.clubhouse.com\/club\/cleanstercom"],"description":"Cleanster est une plateforme de services de nettoyage optimis\u00e9e par l&#039;IA qui met en relation les h\u00f4tes Airbnb, les gestionnaires immobiliers et les clients commerciaux avec des agents de nettoyage qualifi\u00e9s et \u00e0 la demande. Nous proposons des services de nettoyage d&#039;appartements, de maisons, de logements Airbnb, de locaux commerciaux et de conciergerie. Avec un r\u00e9seau de plus de 100\u00a0000 professionnels aux \u00c9tats-Unis, au Canada et au Royaume-Uni, Cleanster offre un nettoyage rapide, fiable et technologique \u00e0 grande \u00e9chelle.","email":"support@cleanster.com","telephone":"+1 (888) 788-2445","legalName":"Cleanster, Inc.","foundingDate":"2019-05-06","duns":"118328526","naics":"541511","numberOfEmployees":{"@type":"QuantitativeValue","minValue":"11","maxValue":"50"}}]}},"_links":{"self":[{"href":"https:\/\/cleanster.com\/fr\/wp-json\/wp\/v2\/pages\/1407","targetHints":{"allow":["GET"]}}],"collection":[{"href":"https:\/\/cleanster.com\/fr\/wp-json\/wp\/v2\/pages"}],"about":[{"href":"https:\/\/cleanster.com\/fr\/wp-json\/wp\/v2\/types\/page"}],"author":[{"embeddable":true,"href":"https:\/\/cleanster.com\/fr\/wp-json\/wp\/v2\/users\/2"}],"replies":[{"embeddable":true,"href":"https:\/\/cleanster.com\/fr\/wp-json\/wp\/v2\/comments?post=1407"}],"version-history":[{"count":0,"href":"https:\/\/cleanster.com\/fr\/wp-json\/wp\/v2\/pages\/1407\/revisions"}],"wp:attachment":[{"href":"https:\/\/cleanster.com\/fr\/wp-json\/wp\/v2\/media?parent=1407"}],"curies":[{"name":"wp","href":"https:\/\/api.w.org\/{rel}","templated":true}]}}