{"id":14905,"date":"2023-10-25T05:39:36","date_gmt":"2023-10-25T05:39:36","guid":{"rendered":"https:\/\/cleanster.com\/?page_id=14905"},"modified":"2023-12-19T15:50:55","modified_gmt":"2023-12-19T15:50:55","slug":"services-de-nettoyage-airbnb-nous-floride-nord-brooksville","status":"publish","type":"page","link":"https:\/\/cleanster.com\/fr\/services-de-nettoyage-airbnb-nous-floride-nord-brooksville\/","title":{"rendered":"Application de nettoyage Airbnb la mieux not\u00e9e \u00e0 North Brooksville, Floride \u2013 Cleanster"},"content":{"rendered":"<h2><span style=\"color: #ffffff;\"><b>Application de nettoyage Airbnb la mieux not\u00e9e \u00e0 North Brooksville, Floride<\/b><\/span><\/h2>\n<p><span style=\"color: #ffffff;\"><span style=\"font-weight: 400;\">Am\u00e9liorez la propret\u00e9 de votre propri\u00e9t\u00e9 et am\u00e9liorez les notes de vos clients avec notre application de nettoyage Airbnb de premier ordre.<\/span> <a style=\"color: #ffffff;\" href=\"https:\/\/en.wikipedia.org\/wiki\/North_Brooksville,_Florida\">North Brooksville, Floride<\/a><span style=\"font-weight: 400;\">L&#039;application Cleanster garantit un nettoyage professionnel et de qualit\u00e9 sup\u00e9rieure pour votre espace, et impressionne vos clients par votre professionnalisme. Que vous soyez un entrepreneur lan\u00e7ant une nouvelle entreprise ou un particulier \u00e0 la recherche de solutions de nettoyage impeccables, Cleanster est le choix id\u00e9al pour vos besoins professionnels. Simplifiez vos op\u00e9rations et maintenez votre professionnalisme. Plus important encore, Cleanster est d\u00e9sormais disponible dans tout North Brooksville, en Floride.<\/span><\/span><\/p>\n<p><span style=\"font-weight: 400; color: #ffffff;\">Pour une application de nettoyage Airbnb in\u00e9gal\u00e9e \u00e0 North Brooksville, en Floride, ne cherchez pas plus loin.<\/span><\/p>\n<h2><span style=\"color: #ffffff;\"><b>Pourquoi Cleanster est la meilleure application de service de nettoyage Airbnb \u00e0 North Brooksville, Floride\u00a0:<\/b><\/span><\/h2>\n<h3><span style=\"color: #ffffff;\"><b>Excellence en mati\u00e8re d&#039;entretien m\u00e9nager Airbnb :<\/b><\/span><\/h3>\n<p><span style=\"font-weight: 400; color: #ffffff;\">Notre \u00e9quipe d\u00e9vou\u00e9e utilise des produits et des processus de nettoyage uniques pour nettoyer et organiser parfaitement votre propri\u00e9t\u00e9.<\/span><\/p>\n<h3><span style=\"color: #ffffff;\"><b>Planification efficace :<\/b><\/span><\/h3>\n<p><span style=\"font-weight: 400; color: #ffffff;\">Restez au courant de votre calendrier de gestion immobili\u00e8re avec l&#039;application Cleanster, qui permet \u00e9galement une coordination transparente et des inspections immobili\u00e8res mobiles permettant de gagner du temps.<\/span><\/p>\n<h3><span style=\"color: #ffffff;\"><b>Fonctionnalit\u00e9s int\u00e9gr\u00e9es\u00a0:<\/b><\/span><\/h3>\n<p><span style=\"font-weight: 400; color: #ffffff;\">Am\u00e9liorez la communication et l&#039;efficacit\u00e9 gr\u00e2ce aux ic\u00f4nes de statut int\u00e9gr\u00e9es pour suivre les notes, les photos, les arriv\u00e9es VIP et les d\u00e9parts tardifs. De plus, cela simplifie la vie des entreprises de m\u00e9nage et de gestion immobili\u00e8re.<\/span><\/p>\n<h3><span style=\"color: #ffffff;\"><b>Application de calendrier de nettoyage Cleanster\u00a0:<\/b><\/span><\/h3>\n<p><span style=\"font-weight: 400; color: #ffffff;\">Simplifiez le processus de coordination en synchronisant votre application Cleanster avec votre compte Airbnb, \u00e9liminant ainsi le besoin de mises \u00e0 jour manuelles du calendrier. Partagez ensuite des images d\u00e9taill\u00e9es avec votre agent d&#039;entretien pour lui communiquer des attentes claires.<\/span><\/p>\n<h3><span style=\"color: #ffffff;\">Application de nettoyage Airbnb \u00e0 North Brooksville<\/span><\/h3>\n<p><span style=\"font-weight: 400; color: #ffffff;\">Nos agents d&#039;entretien professionnels vont au-del\u00e0 de leurs t\u00e2ches\u00a0: nettoyage et d\u00e9sinfection en profondeur des meubles et appareils \u00e9lectroniques, changement des draps et des serviettes, refont les lits comme \u00e0 l&#039;h\u00f4tel, et nettoyage minutieux des cuisines et des salles de bains. Du balayage et du lavage des sols \u00e0 l&#039;aspiration des tapis et \u00e0 la sortie des poubelles, nous veillons \u00e0 ce que chaque d\u00e9tail soit pris en compte. Rechargez les produits essentiels et les articles de toilette, et laissez les miroirs \u00e9tincelants de propret\u00e9.<\/span><\/p>\n<p><span style=\"font-weight: 400; color: #ffffff;\">D\u00e9couvrez le d\u00e9vouement et l\u2019expertise de nos professionnels du nettoyage, engag\u00e9s \u00e0 fournir des r\u00e9sultats de haute qualit\u00e9 qui d\u00e9passent les attentes.<\/span><\/p>\n<h2><span style=\"color: #ffffff;\"><b>Technologie de pointe pour des op\u00e9rations fluides :<\/b><\/span><\/h2>\n<p><span style=\"font-weight: 400; color: #ffffff;\">Cleanster utilise une technologie de pointe pour rationaliser les op\u00e9rations et am\u00e9liorer la communication. Notre application conviviale facilite la coordination sans effort, permettant aux gestionnaires immobiliers et au personnel de nettoyage de rester connect\u00e9s et inform\u00e9s. De plus, gr\u00e2ce aux mises \u00e0 jour en temps r\u00e9el, vous pouvez g\u00e9rer efficacement les r\u00e9servations, surveiller la progression du nettoyage et assurer un flux de travail fluide pour votre soci\u00e9t\u00e9 de gestion immobili\u00e8re.<\/span><\/p>\n<h2><span style=\"color: #ffffff;\"><b>Communication transparente et responsabilit\u00e9 :<\/b><\/span><\/h2>\n<p><span style=\"color: #ffffff;\"><span style=\"font-weight: 400;\">Une communication claire est la cl\u00e9 d\u2019un partenariat r\u00e9ussi.<\/span><a style=\"color: #ffffff;\" href=\"https:\/\/cleanster.com\/\"> <span style=\"font-weight: 400;\">Nettoyant<\/span><\/a><span style=\"font-weight: 400;\"> favorise une communication transparente entre les propri\u00e9taires, les gestionnaires et le personnel de nettoyage. Notre application fournit une plateforme de partage de notes, de photos et d&#039;autres informations essentielles, favorisant la responsabilisation et garantissant que tout le monde est sur la m\u00eame longueur d&#039;onde.<\/span><\/span><\/p>","protected":false},"excerpt":{"rendered":"<p>Top-Rated Airbnb Cleaning Service app in North Brooksville, Florida Elevate your property&#8217;s cleanliness and enhance your guest ratings with our premier Airbnb cleaning app in North Brooksville, Florida. So that the Cleanster app ensures your space receives top-notch, professional-grade cleaning, leaving your customers impressed with your hosting prowess. Whether you&#8217;re an entrepreneur launching a new [&hellip;]<\/p>\n","protected":false},"author":2,"featured_media":0,"parent":0,"menu_order":0,"comment_status":"closed","ping_status":"closed","template":"templates\/str.php","meta":{"_acf_changed":false,"footnotes":""},"class_list":["post-14905","page","type-page","status-publish","hentry","entry"],"acf":[],"yoast_head":"<!-- This site is optimized with the Yoast SEO Premium plugin v26.5 (Yoast SEO v27.3) - https:\/\/yoast.com\/product\/yoast-seo-premium-wordpress\/ -->\n<title>Top- rated Airbnb cleaning app in North Brooksville, Florida<\/title>\n<meta name=\"description\" content=\"Discover the ultimate solution for Airbnb hosts! Streamline your cleaning routine with the best Airbnb cleaning app in North Brooksville, Florida.\" \/>\n<meta name=\"robots\" content=\"index, follow, max-snippet:-1, max-image-preview:large, max-video-preview:-1\" \/>\n<link rel=\"canonical\" href=\"https:\/\/cleanster.com\/fr\/services-de-nettoyage-airbnb-nous-floride-nord-brooksville\/\" \/>\n<meta property=\"og:locale\" content=\"fr_FR\" \/>\n<meta property=\"og:type\" content=\"article\" \/>\n<meta property=\"og:title\" content=\"Top-Rated Airbnb Cleaning Service App in North Brooksville, Florida - Cleanster - Cleanster | Cleaning &amp; Maid Services Near You\" \/>\n<meta property=\"og:description\" content=\"Discover the ultimate solution for Airbnb hosts! Streamline your cleaning routine with the best Airbnb cleaning app in North Brooksville, Florida.\" \/>\n<meta property=\"og:url\" content=\"https:\/\/cleanster.com\/fr\/services-de-nettoyage-airbnb-nous-floride-nord-brooksville\/\" \/>\n<meta property=\"og:site_name\" content=\"Cleanster | Cleaning &amp; Maid Services Near You\" \/>\n<meta property=\"article:publisher\" content=\"https:\/\/www.facebook.com\/cleansterhq\" \/>\n<meta property=\"article:modified_time\" content=\"2023-12-19T15:50:55+00:00\" \/>\n<meta property=\"og:image\" content=\"https:\/\/cleanster.com\/wp-content\/uploads\/2023\/11\/card@3x.png\" \/>\n\t<meta property=\"og:image:width\" content=\"1170\" \/>\n\t<meta property=\"og:image:height\" content=\"763\" \/>\n\t<meta property=\"og:image:type\" content=\"image\/png\" \/>\n<meta name=\"twitter:card\" content=\"summary_large_image\" \/>\n<meta name=\"twitter:site\" content=\"@cleansterhq\" \/>\n<meta name=\"twitter:label1\" content=\"Dur\u00e9e de lecture estim\u00e9e\" \/>\n\t<meta name=\"twitter:data1\" content=\"2 minutes\" \/>\n<script type=\"application\/ld+json\" class=\"yoast-schema-graph\">{\"@context\":\"https:\\\/\\\/schema.org\",\"@graph\":[{\"@type\":\"WebPage\",\"@id\":\"https:\\\/\\\/cleanster.com\\\/airbnb-cleaning-services-us-florida-north-brooksville\\\/\",\"url\":\"https:\\\/\\\/cleanster.com\\\/airbnb-cleaning-services-us-florida-north-brooksville\\\/\",\"name\":\"Top- rated Airbnb cleaning app in North Brooksville, Florida\",\"isPartOf\":{\"@id\":\"https:\\\/\\\/cleanster.com\\\/#website\"},\"datePublished\":\"2023-10-25T05:39:36+00:00\",\"dateModified\":\"2023-12-19T15:50:55+00:00\",\"description\":\"Discover the ultimate solution for Airbnb hosts! Streamline your cleaning routine with the best Airbnb cleaning app in North Brooksville, Florida.\",\"inLanguage\":\"fr-FR\",\"potentialAction\":[{\"@type\":\"ReadAction\",\"target\":[\"https:\\\/\\\/cleanster.com\\\/airbnb-cleaning-services-us-florida-north-brooksville\\\/\"]}]},{\"@type\":\"WebSite\",\"@id\":\"https:\\\/\\\/cleanster.com\\\/#website\",\"url\":\"https:\\\/\\\/cleanster.com\\\/\",\"name\":\"Cleanster | Cleaning & Maid Services Near You\",\"description\":\"Instantly find &amp; book trusted cleaners for homes, apartment, Airbnb, and offices. Cleanster offers affordable maid, housekeeping, and commercial cleaning services near you.\",\"publisher\":{\"@id\":\"https:\\\/\\\/cleanster.com\\\/#organization\"},\"alternateName\":\"Cleanster | Cleaning, Maid & Housekeeping Services for Everyone\",\"potentialAction\":[{\"@type\":\"SearchAction\",\"target\":{\"@type\":\"EntryPoint\",\"urlTemplate\":\"https:\\\/\\\/cleanster.com\\\/?s={search_term_string}\"},\"query-input\":{\"@type\":\"PropertyValueSpecification\",\"valueRequired\":true,\"valueName\":\"search_term_string\"}}],\"inLanguage\":\"fr-FR\"},{\"@type\":\"Organization\",\"@id\":\"https:\\\/\\\/cleanster.com\\\/#organization\",\"name\":\"Cleanster\",\"alternateName\":\"Cleanster.com\",\"url\":\"https:\\\/\\\/cleanster.com\\\/\",\"logo\":{\"@type\":\"ImageObject\",\"inLanguage\":\"fr-FR\",\"@id\":\"https:\\\/\\\/cleanster.com\\\/#\\\/schema\\\/logo\\\/image\\\/\",\"url\":\"https:\\\/\\\/cleanster.com\\\/wp-content\\\/uploads\\\/2025\\\/06\\\/Cleanster-Logo-1.svg\",\"contentUrl\":\"https:\\\/\\\/cleanster.com\\\/wp-content\\\/uploads\\\/2025\\\/06\\\/Cleanster-Logo-1.svg\",\"width\":1,\"height\":1,\"caption\":\"Cleanster\"},\"image\":{\"@id\":\"https:\\\/\\\/cleanster.com\\\/#\\\/schema\\\/logo\\\/image\\\/\"},\"sameAs\":[\"https:\\\/\\\/www.facebook.com\\\/cleansterhq\",\"https:\\\/\\\/x.com\\\/cleansterhq\",\"https:\\\/\\\/www.linkedin.com\\\/company\\\/cleansterhq\",\"https:\\\/\\\/www.instagram.com\\\/cleansterhq\",\"https:\\\/\\\/vm.tiktok.com\\\/ZM8vHmcuo\\\/\",\"https:\\\/\\\/www.clubhouse.com\\\/club\\\/cleanstercom\"],\"description\":\"Cleanster is an AI-powered cleaning services platform that connects Airbnb hosts, property managers, and commercial clients with vetted, on-demand cleaners. We offer apartment, house, Airbnb, commercial, and janitorial cleaning services. With a network of over 100,000 professionals across the US, Canada, and the UK, Cleanster delivers fast, reliable, and tech-enabled cleaning at scale.\",\"email\":\"support@cleanster.com\",\"telephone\":\"+1 (888) 788-2445\",\"legalName\":\"Cleanster, Inc.\",\"foundingDate\":\"2019-05-06\",\"duns\":\"118328526\",\"naics\":\"541511\",\"numberOfEmployees\":{\"@type\":\"QuantitativeValue\",\"minValue\":\"11\",\"maxValue\":\"50\"}}]}<\/script>\n<!-- \/ Yoast SEO Premium plugin. -->","yoast_head_json":{"title":"Application de nettoyage Airbnb la mieux not\u00e9e \u00e0 North Brooksville, Floride","description":"D\u00e9couvrez la solution ultime pour les h\u00f4tes Airbnb ! Rationalisez votre routine de nettoyage avec la meilleure application de nettoyage Airbnb \u00e0 North Brooksville, en Floride.","robots":{"index":"index","follow":"follow","max-snippet":"max-snippet:-1","max-image-preview":"max-image-preview:large","max-video-preview":"max-video-preview:-1"},"canonical":"https:\/\/cleanster.com\/fr\/services-de-nettoyage-airbnb-nous-floride-nord-brooksville\/","og_locale":"fr_FR","og_type":"article","og_title":"Top-Rated Airbnb Cleaning Service App in North Brooksville, Florida - Cleanster - Cleanster | Cleaning &amp; Maid Services Near You","og_description":"Discover the ultimate solution for Airbnb hosts! Streamline your cleaning routine with the best Airbnb cleaning app in North Brooksville, Florida.","og_url":"https:\/\/cleanster.com\/fr\/services-de-nettoyage-airbnb-nous-floride-nord-brooksville\/","og_site_name":"Cleanster | Cleaning &amp; Maid Services Near You","article_publisher":"https:\/\/www.facebook.com\/cleansterhq","article_modified_time":"2023-12-19T15:50:55+00:00","og_image":[{"width":1170,"height":763,"url":"https:\/\/cleanster.com\/wp-content\/uploads\/2023\/11\/card@3x.png","type":"image\/png"}],"twitter_card":"summary_large_image","twitter_site":"@cleansterhq","twitter_misc":{"Dur\u00e9e de lecture estim\u00e9e":"2 minutes"},"schema":{"@context":"https:\/\/schema.org","@graph":[{"@type":"WebPage","@id":"https:\/\/cleanster.com\/airbnb-cleaning-services-us-florida-north-brooksville\/","url":"https:\/\/cleanster.com\/airbnb-cleaning-services-us-florida-north-brooksville\/","name":"Application de nettoyage Airbnb la mieux not\u00e9e \u00e0 North Brooksville, Floride","isPartOf":{"@id":"https:\/\/cleanster.com\/#website"},"datePublished":"2023-10-25T05:39:36+00:00","dateModified":"2023-12-19T15:50:55+00:00","description":"D\u00e9couvrez la solution ultime pour les h\u00f4tes Airbnb ! Rationalisez votre routine de nettoyage avec la meilleure application de nettoyage Airbnb \u00e0 North Brooksville, en Floride.","inLanguage":"fr-FR","potentialAction":[{"@type":"ReadAction","target":["https:\/\/cleanster.com\/airbnb-cleaning-services-us-florida-north-brooksville\/"]}]},{"@type":"WebSite","@id":"https:\/\/cleanster.com\/#website","url":"https:\/\/cleanster.com\/","name":"Cleanster | Services de nettoyage et de m\u00e9nage pr\u00e8s de chez vous","description":"Trouvez et r\u00e9servez instantan\u00e9ment des services de nettoyage de confiance pour vos maisons, appartements, Airbnb et bureaux. Cleanster propose des services de m\u00e9nage, d&#039;entretien m\u00e9nager et de nettoyage commercial abordables pr\u00e8s de chez vous.","publisher":{"@id":"https:\/\/cleanster.com\/#organization"},"alternateName":"Cleanster | Cleaning, Maid & Housekeeping Services for Everyone","potentialAction":[{"@type":"SearchAction","target":{"@type":"EntryPoint","urlTemplate":"https:\/\/cleanster.com\/?s={search_term_string}"},"query-input":{"@type":"PropertyValueSpecification","valueRequired":true,"valueName":"search_term_string"}}],"inLanguage":"fr-FR"},{"@type":"Organization","@id":"https:\/\/cleanster.com\/#organization","name":"Nettoyant","alternateName":"Cleanster.com","url":"https:\/\/cleanster.com\/","logo":{"@type":"ImageObject","inLanguage":"fr-FR","@id":"https:\/\/cleanster.com\/#\/schema\/logo\/image\/","url":"https:\/\/cleanster.com\/wp-content\/uploads\/2025\/06\/Cleanster-Logo-1.svg","contentUrl":"https:\/\/cleanster.com\/wp-content\/uploads\/2025\/06\/Cleanster-Logo-1.svg","width":1,"height":1,"caption":"Cleanster"},"image":{"@id":"https:\/\/cleanster.com\/#\/schema\/logo\/image\/"},"sameAs":["https:\/\/www.facebook.com\/cleansterhq","https:\/\/x.com\/cleansterhq","https:\/\/www.linkedin.com\/company\/cleansterhq","https:\/\/www.instagram.com\/cleansterhq","https:\/\/vm.tiktok.com\/ZM8vHmcuo\/","https:\/\/www.clubhouse.com\/club\/cleanstercom"],"description":"Cleanster est une plateforme de services de nettoyage optimis\u00e9e par l&#039;IA qui met en relation les h\u00f4tes Airbnb, les gestionnaires immobiliers et les clients commerciaux avec des agents de nettoyage qualifi\u00e9s et \u00e0 la demande. Nous proposons des services de nettoyage d&#039;appartements, de maisons, de logements Airbnb, de locaux commerciaux et de conciergerie. Avec un r\u00e9seau de plus de 100\u00a0000 professionnels aux \u00c9tats-Unis, au Canada et au Royaume-Uni, Cleanster offre un nettoyage rapide, fiable et technologique \u00e0 grande \u00e9chelle.","email":"support@cleanster.com","telephone":"+1 (888) 788-2445","legalName":"Cleanster, Inc.","foundingDate":"2019-05-06","duns":"118328526","naics":"541511","numberOfEmployees":{"@type":"QuantitativeValue","minValue":"11","maxValue":"50"}}]}},"_links":{"self":[{"href":"https:\/\/cleanster.com\/fr\/wp-json\/wp\/v2\/pages\/14905","targetHints":{"allow":["GET"]}}],"collection":[{"href":"https:\/\/cleanster.com\/fr\/wp-json\/wp\/v2\/pages"}],"about":[{"href":"https:\/\/cleanster.com\/fr\/wp-json\/wp\/v2\/types\/page"}],"author":[{"embeddable":true,"href":"https:\/\/cleanster.com\/fr\/wp-json\/wp\/v2\/users\/2"}],"replies":[{"embeddable":true,"href":"https:\/\/cleanster.com\/fr\/wp-json\/wp\/v2\/comments?post=14905"}],"version-history":[{"count":0,"href":"https:\/\/cleanster.com\/fr\/wp-json\/wp\/v2\/pages\/14905\/revisions"}],"wp:attachment":[{"href":"https:\/\/cleanster.com\/fr\/wp-json\/wp\/v2\/media?parent=14905"}],"curies":[{"name":"wp","href":"https:\/\/api.w.org\/{rel}","templated":true}]}}