{"id":1572,"date":"2021-12-23T02:08:18","date_gmt":"2021-12-23T02:08:18","guid":{"rendered":"https:\/\/cleanster.com\/?page_id=1572"},"modified":"2024-01-08T11:41:49","modified_gmt":"2024-01-08T11:41:49","slug":"reporting-et-analyse","status":"publish","type":"page","link":"https:\/\/cleanster.com\/fr\/reporting-et-analyse\/","title":{"rendered":"Rapports et analyses"},"content":{"rendered":"<p><span style=\"color: #ffffff;\">\u00c0 l\u2019\u00e8re du num\u00e9rique, les donn\u00e9es sont reines. Pour le secteur du nettoyage, cela se traduit par un besoin crucial de rapports et d\u2019analyses avanc\u00e9s pour rationaliser les op\u00e9rations et am\u00e9liorer la prestation de services. Cleanster.com, une plateforme de services de nettoyage pionni\u00e8re, \u00e9tablit de nouvelles r\u00e9f\u00e9rences en int\u00e9grant des outils complets de reporting et d\u2019analyse. Cette int\u00e9gration s\u2019aligne parfaitement avec notre mission de fournir un acc\u00e8s pratique aux services de nettoyage tout en permettant aux professionnels du service de b\u00e9n\u00e9ficier d\u2019opportunit\u00e9s de travail \u00e9thiques.<\/span><\/p>\n<h2><span style=\"color: #ffffff;\">Transformer les services de nettoyage gr\u00e2ce \u00e0 des informations bas\u00e9es sur des donn\u00e9es<\/span><\/h2>\n<h3><span style=\"color: #ffffff;\"><strong>1. Analyse approfondie des performances :<\/strong><\/span><\/h3>\n<p><span style=\"color: #ffffff;\">Les outils de reporting de Cleanster.com offrent des informations d\u00e9taill\u00e9es sur les performances des \u00e9quipes de nettoyage. En analysant des facteurs tels que l&#039;efficacit\u00e9 temporelle, les taux de satisfaction des clients et les taux de fid\u00e9lisation des clients, nous fournissons aux professionnels des services des donn\u00e9es exploitables pour affiner continuellement leurs services.<\/span><\/p>\n<h3><span style=\"color: #ffffff;\"><strong>2. Rapports financiers pour plus de transparence :<\/strong><\/span><\/h3>\n<p><span style=\"color: #ffffff;\">La transparence dans les transactions financi\u00e8res est essentielle pour les professionnels des services comme pour les clients. Cleanster.com fournit des rapports financiers d\u00e9taill\u00e9s, notamment sur les revenus, les d\u00e9penses et l&#039;historique des paiements. Ce niveau de transparence est essentiel pour les professionnels des services qui souhaitent devenir entrepreneurs, car il les aide \u00e0 g\u00e9rer efficacement leurs finances.<\/span><\/p>\n<h3><span style=\"color: #ffffff;\"><strong>3. Commentaires et \u00e9valuations des clients :<\/strong><\/span><\/h3>\n<p><span style=\"color: #ffffff;\">Les commentaires des clients sont une mine d&#039;or d&#039;informations. Cleanster.com y accorde une grande importance en int\u00e9grant les notes et les avis des clients dans ses rapports. Ces commentaires aident les professionnels du nettoyage \u00e0 comprendre les attentes des clients et les domaines \u00e0 am\u00e9liorer, favorisant ainsi une culture d&#039;excellence.<\/span><\/p>\n<h2><span style=\"color: #ffffff;\">Am\u00e9liorer l&#039;efficacit\u00e9 op\u00e9rationnelle<\/span><\/h2>\n<h3><span style=\"color: #ffffff;\"><strong>1. Suivi des t\u00e2ches en temps r\u00e9el\u00a0:<\/strong><\/span><\/h3>\n<p><span style=\"color: #ffffff;\">Notre plateforme propose des fonctionnalit\u00e9s de suivi des t\u00e2ches en temps r\u00e9el, permettant aux professionnels du nettoyage de surveiller l&#039;avancement de leur travail de mani\u00e8re exhaustive. Cette fonctionnalit\u00e9 garantit l&#039;ach\u00e8vement des t\u00e2ches dans les d\u00e9lais et aide \u00e0 ajuster les plannings de mani\u00e8re proactive.<\/span><\/p>\n<h3><span style=\"color: #ffffff;\"><strong>2. Utilisation et gestion des stocks :<\/strong><\/span><\/h3>\n<p><span style=\"color: #ffffff;\">Avec <a style=\"color: #ffffff;\" href=\"https:\/\/cleanster.com\">Cleanster.com<\/a>Les professionnels du service peuvent suivre l&#039;utilisation des stocks au fil du temps. Cette analyse permet de pr\u00e9voir les besoins futurs en mati\u00e8re de stocks, d&#039;\u00e9viter les sc\u00e9narios de surstockage ou de sous-stockage et d&#039;optimiser l&#039;utilisation des ressources.<\/span><\/p>\n<h3><span style=\"color: #ffffff;\"><strong>3. Rapports personnalisables\u00a0:<\/strong><\/span><\/h3>\n<p><span style=\"color: #ffffff;\">Conscient que chaque professionnel du nettoyage et chaque client ont des besoins uniques, Cleanster.com propose des rapports personnalisables. Les utilisateurs peuvent s\u00e9lectionner les param\u00e8tres sur lesquels ils souhaitent se concentrer, ce qui rend l&#039;outil de reporting adaptable et convivial.<\/span><\/p>\n<h2><span style=\"color: #ffffff;\">Stimuler la croissance de l&#039;entreprise et la satisfaction des clients<\/span><\/h2>\n<h3><span style=\"color: #ffffff;\"><strong>1. D\u00e9cisions commerciales strat\u00e9giques :<\/strong><\/span><\/h3>\n<p><span style=\"color: #ffffff;\">Arm\u00e9s de donn\u00e9es compl\u00e8tes, les professionnels du nettoyage utilisant Cleanster.com peuvent prendre des d\u00e9cisions \u00e9clair\u00e9es, <a style=\"color: #ffffff;\" href=\"https:\/\/hbr.org\/2013\/11\/what-makes-strategic-decisions-different\">d\u00e9cisions commerciales strat\u00e9giques<\/a>Qu&#039;il s&#039;agisse d&#039;\u00e9tendre les services, d&#039;ajuster les prix ou d&#039;am\u00e9liorer les efforts de marketing, les d\u00e9cisions bas\u00e9es sur les donn\u00e9es conduisent \u00e0 une croissance commerciale durable.<\/span><\/p>\n<h3><span style=\"color: #ffffff;\"><strong>2. R\u00e9pondre aux attentes des clients :<\/strong><\/span><\/h3>\n<p><span style=\"color: #ffffff;\">En comprenant les besoins des clients gr\u00e2ce \u00e0 des retours d&#039;exp\u00e9rience et \u00e0 une analyse des performances, les professionnels du nettoyage peuvent adapter leurs services pour r\u00e9pondre \u00e0 ces attentes et m\u00eame les d\u00e9passer. Cette approche centr\u00e9e sur le client est essentielle pour fid\u00e9liser et b\u00e2tir une solide r\u00e9putation.<\/span><\/p>\n<h3><span style=\"color: #ffffff;\"><strong>3. Avantage concurrentiel :<\/strong><\/span><\/h3>\n<p><span style=\"color: #ffffff;\">Dans un march\u00e9 concurrentiel, les outils de reporting et d&#039;analyse de Cleanster.com offrent un avantage consid\u00e9rable. Les professionnels du service dot\u00e9s d&#039;informations d\u00e9taill\u00e9es peuvent offrir des services de qualit\u00e9 sup\u00e9rieure et se diff\u00e9rencier ainsi dans le secteur.<\/span><\/p>\n<h2><span style=\"color: #ffffff;\">Conclusion : L\u2019avenir du nettoyage repose sur les donn\u00e9es<\/span><\/h2>\n<p><span style=\"color: #ffffff;\">Cleanster.com r\u00e9volutionne le secteur des services de nettoyage en exploitant le pouvoir des donn\u00e9es. Gr\u00e2ce \u00e0 nos outils avanc\u00e9s de reporting et d&#039;analyse, nous facilitons non seulement les services de nettoyage, mais nous aidons \u00e9galement les professionnels et satisfaisons les clients gr\u00e2ce \u00e0 des informations intelligentes. Dans un monde o\u00f9 les donn\u00e9es guident les d\u00e9cisions, Cleanster.com m\u00e8ne la charge, un rapport \u00e0 la fois.<\/span><\/p>","protected":false},"excerpt":{"rendered":"<p>In the digital age, data is king. For the cleaning industry, this translates into the critical need for advanced reporting and analysis to streamline operations and enhance service delivery. Cleanster.com, a trailblazing cleaning service platform, is setting new benchmarks by integrating comprehensive reporting and analysis tools. This integration aligns perfectly with our mission to provide [&hellip;]<\/p>\n","protected":false},"author":1,"featured_media":0,"parent":0,"menu_order":0,"comment_status":"closed","ping_status":"closed","template":"templates\/rental.php","meta":{"_acf_changed":false,"footnotes":""},"class_list":["post-1572","page","type-page","status-publish","hentry","entry"],"acf":[],"yoast_head":"<!-- This site is optimized with the Yoast SEO Premium plugin v26.5 (Yoast SEO v27.4) - https:\/\/yoast.com\/product\/yoast-seo-premium-wordpress\/ -->\n<title>Regarding the Cleanster.com\u2019s modern reporting &amp; analysis factor<\/title>\n<meta name=\"description\" content=\"We offer smart and useful reporting and analysis features for your home or business cleaning service at a reasonable price. Check the detail\" \/>\n<meta name=\"robots\" content=\"index, follow, max-snippet:-1, max-image-preview:large, max-video-preview:-1\" \/>\n<link rel=\"canonical\" href=\"https:\/\/cleanster.com\/fr\/reporting-et-analyse\/\" \/>\n<meta property=\"og:locale\" content=\"fr_FR\" \/>\n<meta property=\"og:type\" content=\"article\" \/>\n<meta property=\"og:title\" content=\"Reporting and Analysis - Cleanster | Cleaning &amp; Maid Services Near You\" \/>\n<meta property=\"og:description\" content=\"We offer smart and useful reporting and analysis features for your home or business cleaning service at a reasonable price. Check the detail\" \/>\n<meta property=\"og:url\" content=\"https:\/\/cleanster.com\/fr\/reporting-et-analyse\/\" \/>\n<meta property=\"og:site_name\" content=\"Cleanster | Cleaning &amp; Maid Services Near You\" \/>\n<meta property=\"article:publisher\" content=\"https:\/\/www.facebook.com\/cleansterhq\" \/>\n<meta property=\"article:modified_time\" content=\"2024-01-08T11:41:49+00:00\" \/>\n<meta property=\"og:image\" content=\"https:\/\/cleanster.com\/wp-content\/uploads\/2023\/11\/card@3x.png\" \/>\n\t<meta property=\"og:image:width\" content=\"1170\" \/>\n\t<meta property=\"og:image:height\" content=\"763\" \/>\n\t<meta property=\"og:image:type\" content=\"image\/png\" \/>\n<meta name=\"twitter:card\" content=\"summary_large_image\" \/>\n<meta name=\"twitter:site\" content=\"@cleansterhq\" \/>\n<meta name=\"twitter:label1\" content=\"Dur\u00e9e de lecture estim\u00e9e\" \/>\n\t<meta name=\"twitter:data1\" content=\"3 minutes\" \/>\n<script type=\"application\/ld+json\" class=\"yoast-schema-graph\">{\"@context\":\"https:\\\/\\\/schema.org\",\"@graph\":[{\"@type\":\"WebPage\",\"@id\":\"https:\\\/\\\/cleanster.com\\\/reporting-and-analysis\\\/\",\"url\":\"https:\\\/\\\/cleanster.com\\\/reporting-and-analysis\\\/\",\"name\":\"Regarding the Cleanster.com\u2019s modern reporting & analysis factor\",\"isPartOf\":{\"@id\":\"https:\\\/\\\/cleanster.com\\\/#website\"},\"datePublished\":\"2021-12-23T02:08:18+00:00\",\"dateModified\":\"2024-01-08T11:41:49+00:00\",\"description\":\"We offer smart and useful reporting and analysis features for your home or business cleaning service at a reasonable price. Check the detail\",\"inLanguage\":\"fr-FR\",\"potentialAction\":[{\"@type\":\"ReadAction\",\"target\":[\"https:\\\/\\\/cleanster.com\\\/reporting-and-analysis\\\/\"]}]},{\"@type\":\"WebSite\",\"@id\":\"https:\\\/\\\/cleanster.com\\\/#website\",\"url\":\"https:\\\/\\\/cleanster.com\\\/\",\"name\":\"Cleanster | Cleaning & Maid Services Near You\",\"description\":\"Instantly find &amp; book trusted cleaners for homes, apartment, Airbnb, and offices. Cleanster offers affordable maid, housekeeping, and commercial cleaning services near you.\",\"publisher\":{\"@id\":\"https:\\\/\\\/cleanster.com\\\/#organization\"},\"alternateName\":\"Cleanster | Cleaning, Maid & Housekeeping Services for Everyone\",\"potentialAction\":[{\"@type\":\"SearchAction\",\"target\":{\"@type\":\"EntryPoint\",\"urlTemplate\":\"https:\\\/\\\/cleanster.com\\\/?s={search_term_string}\"},\"query-input\":{\"@type\":\"PropertyValueSpecification\",\"valueRequired\":true,\"valueName\":\"search_term_string\"}}],\"inLanguage\":\"fr-FR\"},{\"@type\":\"Organization\",\"@id\":\"https:\\\/\\\/cleanster.com\\\/#organization\",\"name\":\"Cleanster\",\"alternateName\":\"Cleanster.com\",\"url\":\"https:\\\/\\\/cleanster.com\\\/\",\"logo\":{\"@type\":\"ImageObject\",\"inLanguage\":\"fr-FR\",\"@id\":\"https:\\\/\\\/cleanster.com\\\/#\\\/schema\\\/logo\\\/image\\\/\",\"url\":\"https:\\\/\\\/cleanster.com\\\/wp-content\\\/uploads\\\/2025\\\/06\\\/Cleanster-Logo-1.svg\",\"contentUrl\":\"https:\\\/\\\/cleanster.com\\\/wp-content\\\/uploads\\\/2025\\\/06\\\/Cleanster-Logo-1.svg\",\"width\":1,\"height\":1,\"caption\":\"Cleanster\"},\"image\":{\"@id\":\"https:\\\/\\\/cleanster.com\\\/#\\\/schema\\\/logo\\\/image\\\/\"},\"sameAs\":[\"https:\\\/\\\/www.facebook.com\\\/cleansterhq\",\"https:\\\/\\\/x.com\\\/cleansterhq\",\"https:\\\/\\\/www.linkedin.com\\\/company\\\/cleansterhq\",\"https:\\\/\\\/www.instagram.com\\\/cleansterhq\",\"https:\\\/\\\/vm.tiktok.com\\\/ZM8vHmcuo\\\/\",\"https:\\\/\\\/www.clubhouse.com\\\/club\\\/cleanstercom\"],\"description\":\"Cleanster is an AI-powered cleaning services platform that connects Airbnb hosts, property managers, and commercial clients with vetted, on-demand cleaners. We offer apartment, house, Airbnb, commercial, and janitorial cleaning services. With a network of over 100,000 professionals across the US, Canada, and the UK, Cleanster delivers fast, reliable, and tech-enabled cleaning at scale.\",\"email\":\"support@cleanster.com\",\"telephone\":\"+1 (888) 788-2445\",\"legalName\":\"Cleanster, Inc.\",\"foundingDate\":\"2019-05-06\",\"duns\":\"118328526\",\"naics\":\"541511\",\"numberOfEmployees\":{\"@type\":\"QuantitativeValue\",\"minValue\":\"11\",\"maxValue\":\"50\"}}]}<\/script>\n<!-- \/ Yoast SEO Premium plugin. -->","yoast_head_json":{"title":"Concernant le facteur de reporting et d&#039;analyse moderne de Cleanster.com","description":"Nous proposons des fonctionnalit\u00e9s de reporting et d&#039;analyse intelligentes et utiles pour votre service de nettoyage domestique ou professionnel \u00e0 un prix raisonnable. V\u00e9rifiez le d\u00e9tail","robots":{"index":"index","follow":"follow","max-snippet":"max-snippet:-1","max-image-preview":"max-image-preview:large","max-video-preview":"max-video-preview:-1"},"canonical":"https:\/\/cleanster.com\/fr\/reporting-et-analyse\/","og_locale":"fr_FR","og_type":"article","og_title":"Reporting and Analysis - Cleanster | Cleaning &amp; Maid Services Near You","og_description":"We offer smart and useful reporting and analysis features for your home or business cleaning service at a reasonable price. Check the detail","og_url":"https:\/\/cleanster.com\/fr\/reporting-et-analyse\/","og_site_name":"Cleanster | Cleaning &amp; Maid Services Near You","article_publisher":"https:\/\/www.facebook.com\/cleansterhq","article_modified_time":"2024-01-08T11:41:49+00:00","og_image":[{"width":1170,"height":763,"url":"https:\/\/cleanster.com\/wp-content\/uploads\/2023\/11\/card@3x.png","type":"image\/png"}],"twitter_card":"summary_large_image","twitter_site":"@cleansterhq","twitter_misc":{"Dur\u00e9e de lecture estim\u00e9e":"3 minutes"},"schema":{"@context":"https:\/\/schema.org","@graph":[{"@type":"WebPage","@id":"https:\/\/cleanster.com\/reporting-and-analysis\/","url":"https:\/\/cleanster.com\/reporting-and-analysis\/","name":"Concernant le facteur de reporting et d&#039;analyse moderne de Cleanster.com","isPartOf":{"@id":"https:\/\/cleanster.com\/#website"},"datePublished":"2021-12-23T02:08:18+00:00","dateModified":"2024-01-08T11:41:49+00:00","description":"Nous proposons des fonctionnalit\u00e9s de reporting et d&#039;analyse intelligentes et utiles pour votre service de nettoyage domestique ou professionnel \u00e0 un prix raisonnable. V\u00e9rifiez le d\u00e9tail","inLanguage":"fr-FR","potentialAction":[{"@type":"ReadAction","target":["https:\/\/cleanster.com\/reporting-and-analysis\/"]}]},{"@type":"WebSite","@id":"https:\/\/cleanster.com\/#website","url":"https:\/\/cleanster.com\/","name":"Cleanster | Services de nettoyage et de m\u00e9nage pr\u00e8s de chez vous","description":"Trouvez et r\u00e9servez instantan\u00e9ment des services de nettoyage de confiance pour vos maisons, appartements, Airbnb et bureaux. Cleanster propose des services de m\u00e9nage, d&#039;entretien m\u00e9nager et de nettoyage commercial abordables pr\u00e8s de chez vous.","publisher":{"@id":"https:\/\/cleanster.com\/#organization"},"alternateName":"Cleanster | Cleaning, Maid & Housekeeping Services for Everyone","potentialAction":[{"@type":"SearchAction","target":{"@type":"EntryPoint","urlTemplate":"https:\/\/cleanster.com\/?s={search_term_string}"},"query-input":{"@type":"PropertyValueSpecification","valueRequired":true,"valueName":"search_term_string"}}],"inLanguage":"fr-FR"},{"@type":"Organization","@id":"https:\/\/cleanster.com\/#organization","name":"Nettoyant","alternateName":"Cleanster.com","url":"https:\/\/cleanster.com\/","logo":{"@type":"ImageObject","inLanguage":"fr-FR","@id":"https:\/\/cleanster.com\/#\/schema\/logo\/image\/","url":"https:\/\/cleanster.com\/wp-content\/uploads\/2025\/06\/Cleanster-Logo-1.svg","contentUrl":"https:\/\/cleanster.com\/wp-content\/uploads\/2025\/06\/Cleanster-Logo-1.svg","width":1,"height":1,"caption":"Cleanster"},"image":{"@id":"https:\/\/cleanster.com\/#\/schema\/logo\/image\/"},"sameAs":["https:\/\/www.facebook.com\/cleansterhq","https:\/\/x.com\/cleansterhq","https:\/\/www.linkedin.com\/company\/cleansterhq","https:\/\/www.instagram.com\/cleansterhq","https:\/\/vm.tiktok.com\/ZM8vHmcuo\/","https:\/\/www.clubhouse.com\/club\/cleanstercom"],"description":"Cleanster est une plateforme de services de nettoyage optimis\u00e9e par l&#039;IA qui met en relation les h\u00f4tes Airbnb, les gestionnaires immobiliers et les clients commerciaux avec des agents de nettoyage qualifi\u00e9s et \u00e0 la demande. Nous proposons des services de nettoyage d&#039;appartements, de maisons, de logements Airbnb, de locaux commerciaux et de conciergerie. Avec un r\u00e9seau de plus de 100\u00a0000 professionnels aux \u00c9tats-Unis, au Canada et au Royaume-Uni, Cleanster offre un nettoyage rapide, fiable et technologique \u00e0 grande \u00e9chelle.","email":"support@cleanster.com","telephone":"+1 (888) 788-2445","legalName":"Cleanster, Inc.","foundingDate":"2019-05-06","duns":"118328526","naics":"541511","numberOfEmployees":{"@type":"QuantitativeValue","minValue":"11","maxValue":"50"}}]}},"_links":{"self":[{"href":"https:\/\/cleanster.com\/fr\/wp-json\/wp\/v2\/pages\/1572","targetHints":{"allow":["GET"]}}],"collection":[{"href":"https:\/\/cleanster.com\/fr\/wp-json\/wp\/v2\/pages"}],"about":[{"href":"https:\/\/cleanster.com\/fr\/wp-json\/wp\/v2\/types\/page"}],"author":[{"embeddable":true,"href":"https:\/\/cleanster.com\/fr\/wp-json\/wp\/v2\/users\/1"}],"replies":[{"embeddable":true,"href":"https:\/\/cleanster.com\/fr\/wp-json\/wp\/v2\/comments?post=1572"}],"version-history":[{"count":0,"href":"https:\/\/cleanster.com\/fr\/wp-json\/wp\/v2\/pages\/1572\/revisions"}],"wp:attachment":[{"href":"https:\/\/cleanster.com\/fr\/wp-json\/wp\/v2\/media?parent=1572"}],"curies":[{"name":"wp","href":"https:\/\/api.w.org\/{rel}","templated":true}]}}