{"id":16032,"date":"2021-12-15T16:07:46","date_gmt":"2021-12-15T16:07:46","guid":{"rendered":"https:\/\/cleanster.com\/?page_id=902"},"modified":"2025-10-10T00:34:57","modified_gmt":"2025-10-10T00:34:57","slug":"caracteristiques","status":"publish","type":"page","link":"https:\/\/cleanster.com\/fr\/caracteristiques\/","title":{"rendered":"Nettoyage standard"},"content":{"rendered":"<h2><span style=\"font-weight: 400; color: #ffffff;\">Nettoyer avec le nettoyant<span style=\"font-weight: 400;\">.com<\/span><\/span><\/h2>\n<p><span style=\"font-weight: 400; color: #ffffff;\"><a style=\"color: #ffffff;\" href=\"https:\/\/play.google.com\/store\/apps\/details?id=com.tidyapp&amp;hl=en_US&amp;gl=US\">Nettoyant<span style=\"font-weight: 400;\">.com<\/span><\/a> fournit des services de nettoyage professionnels aux propri\u00e9taires qui n&#039;ont pas le temps de s&#039;en occuper. Nettoyez avec le Cleanster<span style=\"font-weight: 400;\">.com<\/span>, et nettoyez toute votre maison, bureau, Airbnb, etc. Nettoyeurs professionnels de Cleanster<span style=\"font-weight: 400;\">.com<\/span> Nous fournissons des services de nettoyage de salle de bain, de cuisine, de chambre \u00e0 coucher et d&#039;autres espaces de vie. Les services de nettoyage de salle de bain peuvent inclure le rin\u00e7age et l&#039;essuyage de votre douche et de votre baignoire. Vous pouvez \u00e9galement faire nettoyer vos toilettes, vos miroirs et l&#039;ext\u00e9rieur de vos armoires. Nous \u00e9poussetons les bouches d&#039;a\u00e9ration accessibles, passons la serpill\u00e8re et l&#039;aspirateur sur le sol. Nous plions les serviettes et bien d&#039;autres choses encore. Votre poubelle sera \u00e9galement vid\u00e9e.<\/span><\/p>\n<p><span style=\"font-weight: 400; color: #ffffff;\">Dans la section cuisine, nous offrons le nettoyage et l&#039;essuyage de vos ustensiles de cuisine. Nous nettoierons l&#039;int\u00e9rieur et l&#039;ext\u00e9rieur de votre micro-ondes, ainsi que d&#039;autres appareils \u00e9lectroniques de cuisine. Nous \u00e9pousseterons les conduits d&#039;a\u00e9ration accessibles et vidons les poubelles. Vos meubles et surfaces visibles seront essuy\u00e9s et d\u00e9poussi\u00e9r\u00e9s. Nous \u00e9pousseterons les plinthes de votre cuisine. Nous nettoierons l&#039;ext\u00e9rieur des armoires, les comptoirs et le dosseret de votre cuisine.\u00a0<\/span><\/p>\n<p><span style=\"font-weight: 400; color: #ffffff;\">Dans votre chambre, les pros feront vos lits. Ils plieront vos v\u00eatements. Les sols de votre chambre seront nettoy\u00e9s \u00e0 la serpill\u00e8re et aspir\u00e9s. Ils \u00e9poussetteront et essuieront vos meubles et surfaces visibles. Nous \u00e9pousseterons vos plinthes. Ils \u00e9pousseteront m\u00eame les bouches d&#039;a\u00e9ration accessibles et videront votre poubelle.\u00a0<\/span><\/p>\n<p><span style=\"font-weight: 400; color: #ffffff;\">Mais vous ne pouvez pas leur faire soulever des objets lourds comme des objets de plus de 25 livres. Et vous ne pouvez pas non plus leur confier vos travaux ext\u00e9rieurs. Par exemple, vous travaillez \u00e0 l&#039;ext\u00e9rieur sur les fen\u00eatres, l&#039;am\u00e9nagement paysager ou le jardinage, etc. L&#039;\u00e9limination des taches profondes ou les garages ne sont pas inclus, \u00e0 l&#039;exception du balayage de base.\u00a0<\/span><\/p>\n<p><span style=\"font-weight: 400; color: #ffffff;\">Ne vous inqui\u00e9tez pas, en plus des services mentionn\u00e9s ci-dessus, le <a style=\"color: #ffffff;\" href=\"https:\/\/cleanster.com\/how-to-download-tidy-app\/\">Nettoyant<span style=\"font-weight: 400;\">.com<\/span><\/a> Des professionnels vous aideront m\u00eame \u00e0 d\u00e9m\u00e9nager ou \u00e0 d\u00e9m\u00e9nager vos affaires. Vous pourrez m\u00eame b\u00e9n\u00e9ficier d&#039;une aide pour laver ou s\u00e9cher votre linge. Vous pourrez \u00e9galement faire nettoyer votre r\u00e9frig\u00e9rateur. <\/span><\/p>","protected":false},"excerpt":{"rendered":"<p>Clean with the Cleanster.com Cleanster.com provides professional cleaning services for owners who don\u2019t have time for these things. Clean with the Cleanster.com, and clean your entire home, office, Airbnb, etc. Professional cleaners from Cleanster.com provide bathroom, kitchen, bedroom, and other living area cleaning services. Bathroom cleaning services can include rinsing and wiping your shower and [&hellip;]<\/p>\n","protected":false},"author":2,"featured_media":0,"parent":0,"menu_order":0,"comment_status":"closed","ping_status":"closed","template":"templates\/features.php","meta":{"_acf_changed":false,"footnotes":""},"class_list":["post-16032","page","type-page","status-publish","hentry","entry"],"acf":[],"yoast_head":"<!-- This site is optimized with the Yoast SEO Premium plugin v26.5 (Yoast SEO v27.6) - https:\/\/yoast.com\/product\/yoast-seo-premium-wordpress\/ -->\n<title>Standard Cleaning - Home Clean-ing on Demand Cleanster | Cleaning &amp; Maid Services Near You<\/title>\n<meta name=\"description\" content=\"Best Maid Services - Clean-ing from $15\/hour. Find Recommended House Cleaning Services in near you. Download Cleanster.com today.\" \/>\n<meta name=\"robots\" content=\"index, follow, max-snippet:-1, max-image-preview:large, max-video-preview:-1\" \/>\n<link rel=\"canonical\" href=\"https:\/\/cleanster.com\/fr\/caracteristiques\/\" \/>\n<meta property=\"og:locale\" content=\"fr_FR\" \/>\n<meta property=\"og:type\" content=\"article\" \/>\n<meta property=\"og:title\" content=\"Standard Cleaning - Cleanster | Cleaning &amp; Maid Services Near You\" \/>\n<meta property=\"og:description\" content=\"Best Maid Services - Clean-ing from $15\/hour. Find Recommended House Cleaning Services in near you. Download Cleanster.com today.\" \/>\n<meta property=\"og:url\" content=\"https:\/\/cleanster.com\/fr\/caracteristiques\/\" \/>\n<meta property=\"og:site_name\" content=\"Cleanster | Cleaning &amp; Maid Services Near You\" \/>\n<meta property=\"article:publisher\" content=\"https:\/\/www.facebook.com\/cleansterhq\" \/>\n<meta property=\"article:modified_time\" content=\"2025-10-10T00:34:57+00:00\" \/>\n<meta property=\"og:image\" content=\"https:\/\/cleanster.com\/wp-content\/uploads\/2023\/11\/card@3x.png\" \/>\n\t<meta property=\"og:image:width\" content=\"1170\" \/>\n\t<meta property=\"og:image:height\" content=\"763\" \/>\n\t<meta property=\"og:image:type\" content=\"image\/png\" \/>\n<meta name=\"twitter:card\" content=\"summary_large_image\" \/>\n<meta name=\"twitter:site\" content=\"@cleansterhq\" \/>\n<meta name=\"twitter:label1\" content=\"Dur\u00e9e de lecture estim\u00e9e\" \/>\n\t<meta name=\"twitter:data1\" content=\"2 minutes\" \/>\n<script type=\"application\/ld+json\" class=\"yoast-schema-graph\">{\"@context\":\"https:\\\/\\\/schema.org\",\"@graph\":[{\"@type\":\"WebPage\",\"@id\":\"https:\\\/\\\/cleanster.com\\\/features\\\/\",\"url\":\"https:\\\/\\\/cleanster.com\\\/features\\\/\",\"name\":\"Standard Cleaning - Home Clean-ing on Demand Cleanster | Cleaning &amp; Maid Services Near You\",\"isPartOf\":{\"@id\":\"https:\\\/\\\/cleanster.com\\\/#website\"},\"datePublished\":\"2021-12-15T16:07:46+00:00\",\"dateModified\":\"2025-10-10T00:34:57+00:00\",\"description\":\"Best Maid Services - Clean-ing from $15\\\/hour. Find Recommended House Cleaning Services in near you. Download Cleanster.com today.\",\"inLanguage\":\"fr-FR\",\"potentialAction\":[{\"@type\":\"ReadAction\",\"target\":[\"https:\\\/\\\/cleanster.com\\\/features\\\/\"]}]},{\"@type\":\"WebSite\",\"@id\":\"https:\\\/\\\/cleanster.com\\\/#website\",\"url\":\"https:\\\/\\\/cleanster.com\\\/\",\"name\":\"Cleanster | Cleaning & Maid Services Near You\",\"description\":\"Instantly find &amp; book trusted cleaners for homes, apartment, Airbnb, and offices. Cleanster offers affordable maid, housekeeping, and commercial cleaning services near you.\",\"publisher\":{\"@id\":\"https:\\\/\\\/cleanster.com\\\/#organization\"},\"alternateName\":\"Cleanster | Cleaning, Maid & Housekeeping Services for Everyone\",\"potentialAction\":[{\"@type\":\"SearchAction\",\"target\":{\"@type\":\"EntryPoint\",\"urlTemplate\":\"https:\\\/\\\/cleanster.com\\\/?s={search_term_string}\"},\"query-input\":{\"@type\":\"PropertyValueSpecification\",\"valueRequired\":true,\"valueName\":\"search_term_string\"}}],\"inLanguage\":\"fr-FR\"},{\"@type\":\"Organization\",\"@id\":\"https:\\\/\\\/cleanster.com\\\/#organization\",\"name\":\"Cleanster\",\"alternateName\":\"Cleanster.com\",\"url\":\"https:\\\/\\\/cleanster.com\\\/\",\"logo\":{\"@type\":\"ImageObject\",\"inLanguage\":\"fr-FR\",\"@id\":\"https:\\\/\\\/cleanster.com\\\/#\\\/schema\\\/logo\\\/image\\\/\",\"url\":\"https:\\\/\\\/cleanster.com\\\/wp-content\\\/uploads\\\/2025\\\/06\\\/Cleanster-Logo-1.svg\",\"contentUrl\":\"https:\\\/\\\/cleanster.com\\\/wp-content\\\/uploads\\\/2025\\\/06\\\/Cleanster-Logo-1.svg\",\"width\":1,\"height\":1,\"caption\":\"Cleanster\"},\"image\":{\"@id\":\"https:\\\/\\\/cleanster.com\\\/#\\\/schema\\\/logo\\\/image\\\/\"},\"sameAs\":[\"https:\\\/\\\/www.facebook.com\\\/cleansterhq\",\"https:\\\/\\\/x.com\\\/cleansterhq\",\"https:\\\/\\\/www.linkedin.com\\\/company\\\/cleansterhq\",\"https:\\\/\\\/www.instagram.com\\\/cleansterhq\",\"https:\\\/\\\/vm.tiktok.com\\\/ZM8vHmcuo\\\/\",\"https:\\\/\\\/www.clubhouse.com\\\/club\\\/cleanstercom\"],\"description\":\"Cleanster is an AI-powered cleaning services platform that connects Airbnb hosts, property managers, and commercial clients with vetted, on-demand cleaners. We offer apartment, house, Airbnb, commercial, and janitorial cleaning services. With a network of over 100,000 professionals across the US, Canada, and the UK, Cleanster delivers fast, reliable, and tech-enabled cleaning at scale.\",\"email\":\"support@cleanster.com\",\"telephone\":\"+1 (888) 788-2445\",\"legalName\":\"Cleanster, Inc.\",\"foundingDate\":\"2019-05-06\",\"duns\":\"118328526\",\"naics\":\"541511\",\"numberOfEmployees\":{\"@type\":\"QuantitativeValue\",\"minValue\":\"11\",\"maxValue\":\"50\"}}]}<\/script>\n<!-- \/ Yoast SEO Premium plugin. -->","yoast_head_json":{"title":"Nettoyage standard - Nettoyage \u00e0 domicile \u00e0 la demande | Services de nettoyage et de m\u00e9nage \u00e0 proximit\u00e9","description":"Meilleurs services de m\u00e9nage - Nettoyage \u00e0 partir de $15\/heure. Trouvez des services de nettoyage de maison recommand\u00e9s pr\u00e8s de chez vous. T\u00e9l\u00e9chargez Cleanster.com aujourd&#039;hui.","robots":{"index":"index","follow":"follow","max-snippet":"max-snippet:-1","max-image-preview":"max-image-preview:large","max-video-preview":"max-video-preview:-1"},"canonical":"https:\/\/cleanster.com\/fr\/caracteristiques\/","og_locale":"fr_FR","og_type":"article","og_title":"Standard Cleaning - Cleanster | Cleaning &amp; Maid Services Near You","og_description":"Best Maid Services - Clean-ing from $15\/hour. Find Recommended House Cleaning Services in near you. Download Cleanster.com today.","og_url":"https:\/\/cleanster.com\/fr\/caracteristiques\/","og_site_name":"Cleanster | Cleaning &amp; Maid Services Near You","article_publisher":"https:\/\/www.facebook.com\/cleansterhq","article_modified_time":"2025-10-10T00:34:57+00:00","og_image":[{"width":1170,"height":763,"url":"https:\/\/cleanster.com\/wp-content\/uploads\/2023\/11\/card@3x.png","type":"image\/png"}],"twitter_card":"summary_large_image","twitter_site":"@cleansterhq","twitter_misc":{"Dur\u00e9e de lecture estim\u00e9e":"2 minutes"},"schema":{"@context":"https:\/\/schema.org","@graph":[{"@type":"WebPage","@id":"https:\/\/cleanster.com\/features\/","url":"https:\/\/cleanster.com\/features\/","name":"Nettoyage standard - Nettoyage \u00e0 domicile \u00e0 la demande | Services de nettoyage et de m\u00e9nage \u00e0 proximit\u00e9","isPartOf":{"@id":"https:\/\/cleanster.com\/#website"},"datePublished":"2021-12-15T16:07:46+00:00","dateModified":"2025-10-10T00:34:57+00:00","description":"Meilleurs services de m\u00e9nage - Nettoyage \u00e0 partir de $15\/heure. Trouvez des services de nettoyage de maison recommand\u00e9s pr\u00e8s de chez vous. T\u00e9l\u00e9chargez Cleanster.com aujourd&#039;hui.","inLanguage":"fr-FR","potentialAction":[{"@type":"ReadAction","target":["https:\/\/cleanster.com\/features\/"]}]},{"@type":"WebSite","@id":"https:\/\/cleanster.com\/#website","url":"https:\/\/cleanster.com\/","name":"Cleanster | Services de nettoyage et de m\u00e9nage pr\u00e8s de chez vous","description":"Trouvez et r\u00e9servez instantan\u00e9ment des services de nettoyage de confiance pour vos maisons, appartements, Airbnb et bureaux. Cleanster propose des services de m\u00e9nage, d&#039;entretien m\u00e9nager et de nettoyage commercial abordables pr\u00e8s de chez vous.","publisher":{"@id":"https:\/\/cleanster.com\/#organization"},"alternateName":"Cleanster | Cleaning, Maid & Housekeeping Services for Everyone","potentialAction":[{"@type":"SearchAction","target":{"@type":"EntryPoint","urlTemplate":"https:\/\/cleanster.com\/?s={search_term_string}"},"query-input":{"@type":"PropertyValueSpecification","valueRequired":true,"valueName":"search_term_string"}}],"inLanguage":"fr-FR"},{"@type":"Organization","@id":"https:\/\/cleanster.com\/#organization","name":"Nettoyant","alternateName":"Cleanster.com","url":"https:\/\/cleanster.com\/","logo":{"@type":"ImageObject","inLanguage":"fr-FR","@id":"https:\/\/cleanster.com\/#\/schema\/logo\/image\/","url":"https:\/\/cleanster.com\/wp-content\/uploads\/2025\/06\/Cleanster-Logo-1.svg","contentUrl":"https:\/\/cleanster.com\/wp-content\/uploads\/2025\/06\/Cleanster-Logo-1.svg","width":1,"height":1,"caption":"Cleanster"},"image":{"@id":"https:\/\/cleanster.com\/#\/schema\/logo\/image\/"},"sameAs":["https:\/\/www.facebook.com\/cleansterhq","https:\/\/x.com\/cleansterhq","https:\/\/www.linkedin.com\/company\/cleansterhq","https:\/\/www.instagram.com\/cleansterhq","https:\/\/vm.tiktok.com\/ZM8vHmcuo\/","https:\/\/www.clubhouse.com\/club\/cleanstercom"],"description":"Cleanster est une plateforme de services de nettoyage optimis\u00e9e par l&#039;IA qui met en relation les h\u00f4tes Airbnb, les gestionnaires immobiliers et les clients commerciaux avec des agents de nettoyage qualifi\u00e9s et \u00e0 la demande. Nous proposons des services de nettoyage d&#039;appartements, de maisons, de logements Airbnb, de locaux commerciaux et de conciergerie. Avec un r\u00e9seau de plus de 100\u00a0000 professionnels aux \u00c9tats-Unis, au Canada et au Royaume-Uni, Cleanster offre un nettoyage rapide, fiable et technologique \u00e0 grande \u00e9chelle.","email":"support@cleanster.com","telephone":"+1 (888) 788-2445","legalName":"Cleanster, Inc.","foundingDate":"2019-05-06","duns":"118328526","naics":"541511","numberOfEmployees":{"@type":"QuantitativeValue","minValue":"11","maxValue":"50"}}]}},"_links":{"self":[{"href":"https:\/\/cleanster.com\/fr\/wp-json\/wp\/v2\/pages\/16032","targetHints":{"allow":["GET"]}}],"collection":[{"href":"https:\/\/cleanster.com\/fr\/wp-json\/wp\/v2\/pages"}],"about":[{"href":"https:\/\/cleanster.com\/fr\/wp-json\/wp\/v2\/types\/page"}],"author":[{"embeddable":true,"href":"https:\/\/cleanster.com\/fr\/wp-json\/wp\/v2\/users\/2"}],"replies":[{"embeddable":true,"href":"https:\/\/cleanster.com\/fr\/wp-json\/wp\/v2\/comments?post=16032"}],"version-history":[{"count":0,"href":"https:\/\/cleanster.com\/fr\/wp-json\/wp\/v2\/pages\/16032\/revisions"}],"wp:attachment":[{"href":"https:\/\/cleanster.com\/fr\/wp-json\/wp\/v2\/media?parent=16032"}],"curies":[{"name":"wp","href":"https:\/\/api.w.org\/{rel}","templated":true}]}}