{"id":2390,"date":"2021-12-12T02:26:02","date_gmt":"2021-12-12T02:26:02","guid":{"rendered":"https:\/\/cleanster.com\/?page_id=726"},"modified":"2024-01-08T12:30:05","modified_gmt":"2024-01-08T12:30:05","slug":"planification-des-taches","status":"publish","type":"page","link":"https:\/\/cleanster.com\/fr\/planification-des-taches\/","title":{"rendered":"Planification des t\u00e2ches"},"content":{"rendered":"<p><span style=\"color: #ffffff;\">Dans le monde tr\u00e9pidant d\u2019aujourd\u2019hui, une planification efficace des t\u00e2ches est cruciale dans le secteur du nettoyage.<a style=\"color: #ffffff;\" href=\"https:\/\/cleanster.com\/\"> Cleanster.com<\/a>, une plateforme compl\u00e8te disponible sur tous les appareils, ouvre la voie \u00e0 la transformation de la planification et de la gestion des t\u00e2ches de nettoyage. En mettant l&#039;accent sur la commodit\u00e9 pour les utilisateurs et en aidant les professionnels des services \u00e0 devenir entrepreneurs, Cleanster.com se distingue comme un pionnier dans le secteur. Cet article explore comment Cleanster.com r\u00e9volutionne la planification des t\u00e2ches dans les services de nettoyage.<\/span><\/p>\n<h2><span style=\"color: #ffffff;\"><strong>Planification innovante des t\u00e2ches pour une efficacit\u00e9 accrue<\/strong><\/span><\/h2>\n<h3><span style=\"color: #ffffff;\"><strong>1. Interface conviviale :<\/strong><\/span><\/h3>\n<p><span style=\"color: #ffffff;\">Cleanster.com propose une interface intuitive et facile \u00e0 utiliser, ce qui permet aux clients de planifier facilement des t\u00e2ches de nettoyage. Qu&#039;il s&#039;agisse d&#039;un service ponctuel ou de rendez-vous r\u00e9currents, la plateforme r\u00e9pond \u00e0 tous les besoins en quelques clics.<\/span><\/p>\n<h3><span style=\"color: #ffffff;\"><strong>2. Disponibilit\u00e9 en temps r\u00e9el :<\/strong><\/span><\/h3>\n<p><span style=\"color: #ffffff;\">La fonctionnalit\u00e9 de disponibilit\u00e9 en temps r\u00e9el de l&#039;application permet aux clients de consulter et de r\u00e9server des professionnels du nettoyage en fonction de leur emploi du temps actuel. Cette fonctionnalit\u00e9 permet non seulement de gagner du temps, mais garantit \u00e9galement des confirmations de r\u00e9servation imm\u00e9diates, am\u00e9liorant ainsi la satisfaction client.<\/span><\/p>\n<h2><span style=\"color: #ffffff;\"><strong>Offrir aux professionnels du nettoyage des horaires flexibles<\/strong><\/span><\/h2>\n<h3><span style=\"color: #ffffff;\"><strong>1. Contr\u00f4le entrepreneurial :<\/strong><\/span><\/h3>\n<p><span style=\"color: #ffffff;\">Chez Cleanster.com, les professionnels du service ont la flexibilit\u00e9 de g\u00e9rer leurs horaires. Cette autonomie leur permet <a style=\"color: #ffffff;\" href=\"https:\/\/www.indeed.com\/career-advice\/finding-a-job\/entrepreneur-jobs\">travailler comme entrepreneurs<\/a>, en choisissant des missions qui correspondent \u00e0 leur disponibilit\u00e9 et \u00e0 leurs pr\u00e9f\u00e9rences.<\/span><\/p>\n<h3><span style=\"color: #ffffff;\"><strong>2. Gestion efficace de la charge de travail :<\/strong><\/span><\/h3>\n<p><span style=\"color: #ffffff;\">Le syst\u00e8me de planification de la plateforme permet aux agents de nettoyage de g\u00e9rer efficacement leur charge de travail. En ayant le contr\u00f4le de leurs horaires, ils peuvent optimiser leurs heures de travail, garantissant ainsi un \u00e9quilibre entre vie professionnelle et vie priv\u00e9e productif.<\/span><\/p>\n<h2><span style=\"color: #ffffff;\"><strong>Int\u00e9gration et coordination transparentes<\/strong><\/span><\/h2>\n<h3><span style=\"color: #ffffff;\"><strong>1. Coordination entre les \u00e9quipes :<\/strong><\/span><\/h3>\n<p><span style=\"color: #ffffff;\">Le syst\u00e8me de planification avanc\u00e9 de Cleanster.com facilite la coordination entre les \u00e9quipes de nettoyage. Cela garantit que les t\u00e2ches sont r\u00e9parties de mani\u00e8re uniforme et ex\u00e9cut\u00e9es dans les d\u00e9lais, ce qui am\u00e9liore l&#039;efficacit\u00e9 op\u00e9rationnelle.<\/span><\/p>\n<h3><span style=\"color: #ffffff;\"><strong>2. Int\u00e9gration avec les calendriers\u00a0:<\/strong><\/span><\/h3>\n<p><span style=\"color: #ffffff;\">L&#039;application s&#039;int\u00e8gre aux calendriers personnels et professionnels, permettant aux utilisateurs et aux prestataires de services de synchroniser leurs plannings de nettoyage avec d&#039;autres engagements. Cette int\u00e9gration assure un \u00e9quilibre harmonieux entre vie personnelle et professionnelle.<\/span><\/p>\n<h2><span style=\"color: #ffffff;\"><strong>Planification personnalis\u00e9e pour des besoins vari\u00e9s<\/strong><\/span><\/h2>\n<h3><span style=\"color: #ffffff;\"><strong>1. Adapt\u00e9 aux besoins du client :<\/strong><\/span><\/h3>\n<p><span style=\"color: #ffffff;\">Conscient que chaque client a des besoins uniques, Cleanster.com propose des options de planification personnalis\u00e9es. Qu&#039;il s&#039;agisse de services de nettoyage r\u00e9sidentiel, commercial ou sp\u00e9cialis\u00e9, la plateforme peut r\u00e9pondre \u00e0 diverses exigences.<\/span><\/p>\n<h3><span style=\"color: #ffffff;\"><strong>2. Planification pr\u00e9alable et rappels :<\/strong><\/span><\/h3>\n<p><span style=\"color: #ffffff;\">Gr\u00e2ce aux options de planification avanc\u00e9e et aux rappels automatiques, les clients et les professionnels peuvent planifier \u00e0 l&#039;avance, garantissant ainsi que les t\u00e2ches de nettoyage ne sont jamais n\u00e9glig\u00e9es ou oubli\u00e9es.<\/span><\/p>\n<h2><span style=\"color: #ffffff;\"><strong>Conclusion : Cleanster.com \u2013 Pionnier de la planification des t\u00e2ches dans les services de nettoyage<\/strong><\/span><\/h2>\n<p><span style=\"color: #ffffff;\">Cleanster.com n&#039;est pas seulement une plateforme de services de nettoyage ; c&#039;est une r\u00e9volution dans la gestion des t\u00e2ches. Avec une technologie conviviale et une approche \u00e9thique du d\u00e9veloppement professionnel, Cleanster.com \u00e9tablit de nouvelles normes dans le secteur du nettoyage. Pour les clients \u00e0 la recherche de services de nettoyage et pour les professionnels qui aspirent \u00e0 se d\u00e9velopper en tant qu&#039;entrepreneurs, Cleanster.com est la solution ultime, une t\u00e2che adapt\u00e9e aux besoins du monde moderne.<\/span><\/p>","protected":false},"excerpt":{"rendered":"<p>In today&#8217;s fast-paced world, efficient task scheduling is crucial in the cleaning industry. Cleanster.com, a comprehensive platform available across all devices, is leading the way in transforming how cleaning tasks are scheduled and managed. With a focus on convenience for users and supporting service professionals to become entrepreneurs, Cleanster.com stands out as a game-changer in [&hellip;]<\/p>\n","protected":false},"author":1,"featured_media":0,"parent":0,"menu_order":0,"comment_status":"closed","ping_status":"closed","template":"templates\/rental.php","meta":{"_acf_changed":false,"footnotes":""},"class_list":["post-2390","page","type-page","status-publish","hentry","entry"],"acf":[],"yoast_head":"<!-- This site is optimized with the Yoast SEO Premium plugin v26.5 (Yoast SEO v27.3) - https:\/\/yoast.com\/product\/yoast-seo-premium-wordpress\/ -->\n<title>Task Scheduling -<\/title>\n<meta name=\"description\" content=\"Scheduling cleans, inspections, maintenance repairs, and other property care tasks don&#039;t have to be a royal pain. Use Cleanster.com today.\" \/>\n<meta name=\"robots\" content=\"index, follow, max-snippet:-1, max-image-preview:large, max-video-preview:-1\" \/>\n<link rel=\"canonical\" href=\"https:\/\/cleanster.com\/fr\/planification-des-taches\/\" \/>\n<meta property=\"og:locale\" content=\"fr_FR\" \/>\n<meta property=\"og:type\" content=\"article\" \/>\n<meta property=\"og:title\" content=\"Task Scheduling - Cleanster | Cleaning &amp; Maid Services Near You\" \/>\n<meta property=\"og:description\" content=\"Scheduling cleans, inspections, maintenance repairs, and other property care tasks don&#039;t have to be a royal pain. Use Cleanster.com today.\" \/>\n<meta property=\"og:url\" content=\"https:\/\/cleanster.com\/fr\/planification-des-taches\/\" \/>\n<meta property=\"og:site_name\" content=\"Cleanster | Cleaning &amp; Maid Services Near You\" \/>\n<meta property=\"article:publisher\" content=\"https:\/\/www.facebook.com\/cleansterhq\" \/>\n<meta property=\"article:modified_time\" content=\"2024-01-08T12:30:05+00:00\" \/>\n<meta property=\"og:image\" content=\"https:\/\/cleanster.com\/wp-content\/uploads\/2023\/11\/card@3x.png\" \/>\n\t<meta property=\"og:image:width\" content=\"1170\" \/>\n\t<meta property=\"og:image:height\" content=\"763\" \/>\n\t<meta property=\"og:image:type\" content=\"image\/png\" \/>\n<meta name=\"twitter:card\" content=\"summary_large_image\" \/>\n<meta name=\"twitter:site\" content=\"@cleansterhq\" \/>\n<meta name=\"twitter:label1\" content=\"Dur\u00e9e de lecture estim\u00e9e\" \/>\n\t<meta name=\"twitter:data1\" content=\"2 minutes\" \/>\n<script type=\"application\/ld+json\" class=\"yoast-schema-graph\">{\"@context\":\"https:\\\/\\\/schema.org\",\"@graph\":[{\"@type\":\"WebPage\",\"@id\":\"https:\\\/\\\/cleanster.com\\\/task-scheduling\\\/\",\"url\":\"https:\\\/\\\/cleanster.com\\\/task-scheduling\\\/\",\"name\":\"Task Scheduling -\",\"isPartOf\":{\"@id\":\"https:\\\/\\\/cleanster.com\\\/#website\"},\"datePublished\":\"2021-12-12T02:26:02+00:00\",\"dateModified\":\"2024-01-08T12:30:05+00:00\",\"description\":\"Scheduling cleans, inspections, maintenance repairs, and other property care tasks don't have to be a royal pain. Use Cleanster.com today.\",\"inLanguage\":\"fr-FR\",\"potentialAction\":[{\"@type\":\"ReadAction\",\"target\":[\"https:\\\/\\\/cleanster.com\\\/task-scheduling\\\/\"]}]},{\"@type\":\"WebSite\",\"@id\":\"https:\\\/\\\/cleanster.com\\\/#website\",\"url\":\"https:\\\/\\\/cleanster.com\\\/\",\"name\":\"Cleanster | Cleaning & Maid Services Near You\",\"description\":\"Instantly find &amp; book trusted cleaners for homes, apartment, Airbnb, and offices. Cleanster offers affordable maid, housekeeping, and commercial cleaning services near you.\",\"publisher\":{\"@id\":\"https:\\\/\\\/cleanster.com\\\/#organization\"},\"alternateName\":\"Cleanster | Cleaning, Maid & Housekeeping Services for Everyone\",\"potentialAction\":[{\"@type\":\"SearchAction\",\"target\":{\"@type\":\"EntryPoint\",\"urlTemplate\":\"https:\\\/\\\/cleanster.com\\\/?s={search_term_string}\"},\"query-input\":{\"@type\":\"PropertyValueSpecification\",\"valueRequired\":true,\"valueName\":\"search_term_string\"}}],\"inLanguage\":\"fr-FR\"},{\"@type\":\"Organization\",\"@id\":\"https:\\\/\\\/cleanster.com\\\/#organization\",\"name\":\"Cleanster\",\"alternateName\":\"Cleanster.com\",\"url\":\"https:\\\/\\\/cleanster.com\\\/\",\"logo\":{\"@type\":\"ImageObject\",\"inLanguage\":\"fr-FR\",\"@id\":\"https:\\\/\\\/cleanster.com\\\/#\\\/schema\\\/logo\\\/image\\\/\",\"url\":\"https:\\\/\\\/cleanster.com\\\/wp-content\\\/uploads\\\/2025\\\/06\\\/Cleanster-Logo-1.svg\",\"contentUrl\":\"https:\\\/\\\/cleanster.com\\\/wp-content\\\/uploads\\\/2025\\\/06\\\/Cleanster-Logo-1.svg\",\"width\":1,\"height\":1,\"caption\":\"Cleanster\"},\"image\":{\"@id\":\"https:\\\/\\\/cleanster.com\\\/#\\\/schema\\\/logo\\\/image\\\/\"},\"sameAs\":[\"https:\\\/\\\/www.facebook.com\\\/cleansterhq\",\"https:\\\/\\\/x.com\\\/cleansterhq\",\"https:\\\/\\\/www.linkedin.com\\\/company\\\/cleansterhq\",\"https:\\\/\\\/www.instagram.com\\\/cleansterhq\",\"https:\\\/\\\/vm.tiktok.com\\\/ZM8vHmcuo\\\/\",\"https:\\\/\\\/www.clubhouse.com\\\/club\\\/cleanstercom\"],\"description\":\"Cleanster is an AI-powered cleaning services platform that connects Airbnb hosts, property managers, and commercial clients with vetted, on-demand cleaners. We offer apartment, house, Airbnb, commercial, and janitorial cleaning services. With a network of over 100,000 professionals across the US, Canada, and the UK, Cleanster delivers fast, reliable, and tech-enabled cleaning at scale.\",\"email\":\"support@cleanster.com\",\"telephone\":\"+1 (888) 788-2445\",\"legalName\":\"Cleanster, Inc.\",\"foundingDate\":\"2019-05-06\",\"duns\":\"118328526\",\"naics\":\"541511\",\"numberOfEmployees\":{\"@type\":\"QuantitativeValue\",\"minValue\":\"11\",\"maxValue\":\"50\"}}]}<\/script>\n<!-- \/ Yoast SEO Premium plugin. -->","yoast_head_json":{"title":"Planification des t\u00e2ches -","description":"La planification des nettoyages, des inspections, des r\u00e9parations d&#039;entretien et d&#039;autres t\u00e2ches d&#039;entretien de la propri\u00e9t\u00e9 ne doit pas n\u00e9cessairement \u00eatre une douleur royale. Utilisez Cleanster.com d\u00e8s aujourd\u2019hui.","robots":{"index":"index","follow":"follow","max-snippet":"max-snippet:-1","max-image-preview":"max-image-preview:large","max-video-preview":"max-video-preview:-1"},"canonical":"https:\/\/cleanster.com\/fr\/planification-des-taches\/","og_locale":"fr_FR","og_type":"article","og_title":"Task Scheduling - Cleanster | Cleaning &amp; Maid Services Near You","og_description":"Scheduling cleans, inspections, maintenance repairs, and other property care tasks don't have to be a royal pain. Use Cleanster.com today.","og_url":"https:\/\/cleanster.com\/fr\/planification-des-taches\/","og_site_name":"Cleanster | Cleaning &amp; Maid Services Near You","article_publisher":"https:\/\/www.facebook.com\/cleansterhq","article_modified_time":"2024-01-08T12:30:05+00:00","og_image":[{"width":1170,"height":763,"url":"https:\/\/cleanster.com\/wp-content\/uploads\/2023\/11\/card@3x.png","type":"image\/png"}],"twitter_card":"summary_large_image","twitter_site":"@cleansterhq","twitter_misc":{"Dur\u00e9e de lecture estim\u00e9e":"2 minutes"},"schema":{"@context":"https:\/\/schema.org","@graph":[{"@type":"WebPage","@id":"https:\/\/cleanster.com\/task-scheduling\/","url":"https:\/\/cleanster.com\/task-scheduling\/","name":"Planification des t\u00e2ches -","isPartOf":{"@id":"https:\/\/cleanster.com\/#website"},"datePublished":"2021-12-12T02:26:02+00:00","dateModified":"2024-01-08T12:30:05+00:00","description":"La planification des nettoyages, des inspections, des r\u00e9parations d&#039;entretien et d&#039;autres t\u00e2ches d&#039;entretien de la propri\u00e9t\u00e9 ne doit pas n\u00e9cessairement \u00eatre une douleur royale. Utilisez Cleanster.com d\u00e8s aujourd\u2019hui.","inLanguage":"fr-FR","potentialAction":[{"@type":"ReadAction","target":["https:\/\/cleanster.com\/task-scheduling\/"]}]},{"@type":"WebSite","@id":"https:\/\/cleanster.com\/#website","url":"https:\/\/cleanster.com\/","name":"Cleanster | Services de nettoyage et de m\u00e9nage pr\u00e8s de chez vous","description":"Trouvez et r\u00e9servez instantan\u00e9ment des services de nettoyage de confiance pour vos maisons, appartements, Airbnb et bureaux. Cleanster propose des services de m\u00e9nage, d&#039;entretien m\u00e9nager et de nettoyage commercial abordables pr\u00e8s de chez vous.","publisher":{"@id":"https:\/\/cleanster.com\/#organization"},"alternateName":"Cleanster | Cleaning, Maid & Housekeeping Services for Everyone","potentialAction":[{"@type":"SearchAction","target":{"@type":"EntryPoint","urlTemplate":"https:\/\/cleanster.com\/?s={search_term_string}"},"query-input":{"@type":"PropertyValueSpecification","valueRequired":true,"valueName":"search_term_string"}}],"inLanguage":"fr-FR"},{"@type":"Organization","@id":"https:\/\/cleanster.com\/#organization","name":"Nettoyant","alternateName":"Cleanster.com","url":"https:\/\/cleanster.com\/","logo":{"@type":"ImageObject","inLanguage":"fr-FR","@id":"https:\/\/cleanster.com\/#\/schema\/logo\/image\/","url":"https:\/\/cleanster.com\/wp-content\/uploads\/2025\/06\/Cleanster-Logo-1.svg","contentUrl":"https:\/\/cleanster.com\/wp-content\/uploads\/2025\/06\/Cleanster-Logo-1.svg","width":1,"height":1,"caption":"Cleanster"},"image":{"@id":"https:\/\/cleanster.com\/#\/schema\/logo\/image\/"},"sameAs":["https:\/\/www.facebook.com\/cleansterhq","https:\/\/x.com\/cleansterhq","https:\/\/www.linkedin.com\/company\/cleansterhq","https:\/\/www.instagram.com\/cleansterhq","https:\/\/vm.tiktok.com\/ZM8vHmcuo\/","https:\/\/www.clubhouse.com\/club\/cleanstercom"],"description":"Cleanster est une plateforme de services de nettoyage optimis\u00e9e par l&#039;IA qui met en relation les h\u00f4tes Airbnb, les gestionnaires immobiliers et les clients commerciaux avec des agents de nettoyage qualifi\u00e9s et \u00e0 la demande. Nous proposons des services de nettoyage d&#039;appartements, de maisons, de logements Airbnb, de locaux commerciaux et de conciergerie. Avec un r\u00e9seau de plus de 100\u00a0000 professionnels aux \u00c9tats-Unis, au Canada et au Royaume-Uni, Cleanster offre un nettoyage rapide, fiable et technologique \u00e0 grande \u00e9chelle.","email":"support@cleanster.com","telephone":"+1 (888) 788-2445","legalName":"Cleanster, Inc.","foundingDate":"2019-05-06","duns":"118328526","naics":"541511","numberOfEmployees":{"@type":"QuantitativeValue","minValue":"11","maxValue":"50"}}]}},"_links":{"self":[{"href":"https:\/\/cleanster.com\/fr\/wp-json\/wp\/v2\/pages\/2390","targetHints":{"allow":["GET"]}}],"collection":[{"href":"https:\/\/cleanster.com\/fr\/wp-json\/wp\/v2\/pages"}],"about":[{"href":"https:\/\/cleanster.com\/fr\/wp-json\/wp\/v2\/types\/page"}],"author":[{"embeddable":true,"href":"https:\/\/cleanster.com\/fr\/wp-json\/wp\/v2\/users\/1"}],"replies":[{"embeddable":true,"href":"https:\/\/cleanster.com\/fr\/wp-json\/wp\/v2\/comments?post=2390"}],"version-history":[{"count":0,"href":"https:\/\/cleanster.com\/fr\/wp-json\/wp\/v2\/pages\/2390\/revisions"}],"wp:attachment":[{"href":"https:\/\/cleanster.com\/fr\/wp-json\/wp\/v2\/media?parent=2390"}],"curies":[{"name":"wp","href":"https:\/\/api.w.org\/{rel}","templated":true}]}}