{"id":2392,"date":"2021-12-23T01:53:00","date_gmt":"2021-12-23T01:53:00","guid":{"rendered":"https:\/\/cleanster.com\/?page_id=1426"},"modified":"2025-07-18T16:47:55","modified_gmt":"2025-07-18T16:47:55","slug":"integrations-puissantes-avec-les-systemes-pms-ical","status":"publish","type":"page","link":"https:\/\/cleanster.com\/fr\/integrations-puissantes-avec-les-systemes-pms-ical\/","title":{"rendered":"Int\u00e9grations puissantes avec les syst\u00e8mes PMS et iCal"},"content":{"rendered":"<p><span style=\"color: #ffffff;\">Dans le monde dynamique des services de nettoyage, l\u2019efficacit\u00e9 et la coordination sont essentielles. <a style=\"color: #ffffff;\" href=\"https:\/\/cleanster.com\/\">Cleanster.com<\/a>, une plate-forme leader dans la fourniture de services de nettoyage accessibles et l&#039;autonomisation des professionnels des services, fait un bond en avant significatif en s&#039;int\u00e9grant \u00e0 <a style=\"color: #ffffff;\" href=\"https:\/\/www.doorloop.com\/blog\/property-management-system\">Syst\u00e8mes de gestion immobili\u00e8re<\/a> (PMS) et iCalendar (iCal). Cette avanc\u00e9e rationalise les op\u00e9rations, garantissant une planification et une gestion transparentes pour les fournisseurs de services et les clients.<\/span><\/p>\n<h2><span style=\"color: #ffffff;\"><strong>Synchronisation transparente avec le syst\u00e8me PMS<\/strong><\/span><\/h2>\n<h3><span style=\"color: #ffffff;\"><strong>1. Coordination am\u00e9lior\u00e9e :<\/strong><\/span><\/h3>\n<p><span style=\"color: #ffffff;\">L&#039;int\u00e9gration avec PMS permet une coordination in\u00e9gal\u00e9e entre les gestionnaires immobiliers et les \u00e9quipes de nettoyage. En reliant directement la plateforme Cleanster.com \u00e0 PMS, la planification devient plus efficace, r\u00e9duisant ainsi le risque de double r\u00e9servation ou de conflits de planification.<\/span><\/p>\n<h3><span style=\"color: #ffffff;\"><strong>2. Mises \u00e0 jour de disponibilit\u00e9 en temps r\u00e9el\u00a0:<\/strong><\/span><\/h3>\n<p><span style=\"color: #ffffff;\">Au fur et \u00e0 mesure que les r\u00e9servations sont effectu\u00e9es ou modifi\u00e9es dans le PMS, Cleanster.com se met \u00e0 jour en temps r\u00e9el. Cette fonctionnalit\u00e9 garantit que les professionnels du nettoyage sont toujours inform\u00e9s, ce qui leur permet de planifier efficacement leurs horaires et d&#039;\u00e9viter les ru\u00e9es de derni\u00e8re minute.<\/span><\/p>\n<h3><span style=\"color: #ffffff;\"><strong>3. Op\u00e9rations rationalis\u00e9es :<\/strong><\/span><\/h3>\n<p><span style=\"color: #ffffff;\">Cette int\u00e9gration simplifie le processus de gestion pour les gestionnaires immobiliers. Gr\u00e2ce aux plannings de nettoyage directement li\u00e9s aux arriv\u00e9es et aux d\u00e9parts des clients, les propri\u00e9t\u00e9s sont toujours pr\u00eates et accueillantes, am\u00e9liorant ainsi l&#039;exp\u00e9rience des clients.<\/span><\/p>\n<h2><span style=\"color: #ffffff;\"><strong>Int\u00e9gration iCal pour une plus grande accessibilit\u00e9<\/strong><\/span><\/h2>\n<h3><span style=\"color: #ffffff;\"><strong>1. Compatibilit\u00e9 universelle du calendrier\u00a0:<\/strong><\/span><\/h3>\n<p><span style=\"color: #ffffff;\">En s&#039;int\u00e9grant \u00e0 iCal, Cleanster.com \u00e9largit son accessibilit\u00e9. Les utilisateurs peuvent synchroniser leurs plannings de nettoyage avec pratiquement n&#039;importe quel calendrier num\u00e9rique, qu&#039;il s&#039;agisse de Google Calendar, Outlook ou Apple Calendar, offrant ainsi flexibilit\u00e9 et facilit\u00e9 d&#039;utilisation.<\/span><\/p>\n<h3><span style=\"color: #ffffff;\"><strong>2. Planification simplifi\u00e9e :<\/strong><\/span><\/h3>\n<p><span style=\"color: #ffffff;\">Cette int\u00e9gration signifie que les gestionnaires immobiliers et les professionnels du nettoyage peuvent visualiser et g\u00e9rer leurs plannings dans le format qui leur convient le mieux. Elle r\u00e9duit la courbe d&#039;apprentissage et le besoin de plusieurs syst\u00e8mes de calendrier.<\/span><\/p>\n<h3><span style=\"color: #ffffff;\"><strong>3. Communication am\u00e9lior\u00e9e :<\/strong><\/span><\/h3>\n<p><span style=\"color: #ffffff;\">Gr\u00e2ce \u00e0 l&#039;int\u00e9gration d&#039;iCal, des rappels et des notifications concernant les rendez-vous de nettoyage peuvent \u00eatre d\u00e9finis pour garantir qu&#039;aucun d\u00e9tail ne soit oubli\u00e9. Ce niveau de communication est essentiel pour maintenir des normes \u00e9lev\u00e9es de prestation de services.<\/span><\/p>\n<h1><span style=\"color: #ffffff;\">Cleanster.com : Am\u00e9liorez vos op\u00e9rations de nettoyage gr\u00e2ce \u00e0 de puissantes int\u00e9grations avec les syst\u00e8mes PMS et iCal<\/span><\/h1>\n<p><span style=\"color: #ffffff;\">Dans le monde dynamique des services de nettoyage, l&#039;efficacit\u00e9 et la coordination sont essentielles. Cleanster.com, une plateforme leader dans la fourniture de services de nettoyage accessibles et l&#039;autonomisation des professionnels du service, fait un bond en avant significatif en s&#039;int\u00e9grant aux syst\u00e8mes de gestion immobili\u00e8re (PMS) et \u00e0 iCalendar (iCal). Cette avanc\u00e9e rationalise les op\u00e9rations, garantissant une planification et une gestion transparentes pour les prestataires de services et les clients.<\/span><\/p>\n<h2><span style=\"color: #ffffff;\"><strong>Synchronisation transparente avec les syst\u00e8mes de gestion immobili\u00e8re<\/strong><\/span><\/h2>\n<h3><span style=\"color: #ffffff;\"><strong>1. Coordination am\u00e9lior\u00e9e :<\/strong><\/span><\/h3>\n<p><span style=\"color: #ffffff;\">L&#039;int\u00e9gration avec PMS permet une coordination in\u00e9gal\u00e9e entre les gestionnaires immobiliers et les \u00e9quipes de nettoyage. En reliant directement la plateforme Cleanster.com \u00e0 PMS, la planification devient plus efficace, r\u00e9duisant ainsi le risque de double r\u00e9servation ou de conflits de planification.<\/span><\/p>\n<h3><span style=\"color: #ffffff;\"><strong>2. Mises \u00e0 jour de disponibilit\u00e9 en temps r\u00e9el\u00a0:<\/strong><\/span><\/h3>\n<p><span style=\"color: #ffffff;\">Au fur et \u00e0 mesure que les r\u00e9servations sont effectu\u00e9es ou modifi\u00e9es dans le PMS, Cleanster.com se met \u00e0 jour en temps r\u00e9el. Cette fonctionnalit\u00e9 garantit que les professionnels du nettoyage sont toujours inform\u00e9s, ce qui leur permet de planifier efficacement leurs horaires et d&#039;\u00e9viter les ru\u00e9es de derni\u00e8re minute.<\/span><\/p>\n<h3><span style=\"color: #ffffff;\"><strong>3. Op\u00e9rations rationalis\u00e9es :<\/strong><\/span><\/h3>\n<p><span style=\"color: #ffffff;\">Cette int\u00e9gration simplifie le processus de gestion pour les gestionnaires immobiliers. Gr\u00e2ce aux plannings de nettoyage directement li\u00e9s aux arriv\u00e9es et aux d\u00e9parts des clients, les propri\u00e9t\u00e9s sont toujours pr\u00eates et accueillantes, am\u00e9liorant ainsi l&#039;exp\u00e9rience des clients.<\/span><\/p>\n<h2><span style=\"color: #ffffff;\"><strong>Int\u00e9gration iCal pour une plus grande accessibilit\u00e9<\/strong><\/span><\/h2>\n<h3><span style=\"color: #ffffff;\"><strong>1. Compatibilit\u00e9 universelle du calendrier\u00a0:<\/strong><\/span><\/h3>\n<p><span style=\"color: #ffffff;\">En s&#039;int\u00e9grant \u00e0 iCal, Cleanster.com \u00e9largit son accessibilit\u00e9. Les utilisateurs peuvent synchroniser leurs plannings de nettoyage avec pratiquement n&#039;importe quel calendrier num\u00e9rique, qu&#039;il s&#039;agisse de Google Calendar, Outlook ou Apple Calendar, offrant ainsi flexibilit\u00e9 et facilit\u00e9 d&#039;utilisation.<\/span><\/p>\n<h3><span style=\"color: #ffffff;\"><strong>2. Planification simplifi\u00e9e :<\/strong><\/span><\/h3>\n<p><span style=\"color: #ffffff;\">Cette int\u00e9gration signifie que les gestionnaires immobiliers et les professionnels du nettoyage peuvent visualiser et g\u00e9rer leurs plannings dans le format qui leur convient le mieux. Elle r\u00e9duit la courbe d&#039;apprentissage et le besoin de plusieurs syst\u00e8mes de calendrier.<\/span><\/p>\n<h3><span style=\"color: #ffffff;\"><strong>3. Communication am\u00e9lior\u00e9e :<\/strong><\/span><\/h3>\n<p><span style=\"color: #ffffff;\">Gr\u00e2ce \u00e0 l&#039;int\u00e9gration d&#039;iCal, des rappels et des notifications concernant les rendez-vous de nettoyage peuvent \u00eatre d\u00e9finis pour garantir qu&#039;aucun d\u00e9tail ne soit oubli\u00e9. Ce niveau de communication est essentiel pour maintenir des normes \u00e9lev\u00e9es de prestation de services.<\/span><\/p>\n<h2><span style=\"color: #ffffff;\"><strong>Avantages pour les professionnels des services et les gestionnaires immobiliers<\/strong><\/span><\/h2>\n<h3><span style=\"color: #ffffff;\"><strong>1. Productivit\u00e9 accrue :<\/strong><\/span><\/h3>\n<p><span style=\"color: #ffffff;\">Pour les professionnels du nettoyage, ces int\u00e9grations signifient moins de temps consacr\u00e9 aux t\u00e2ches administratives et plus de temps aux services de nettoyage proprement dits. Cette efficacit\u00e9 se traduit par une productivit\u00e9 accrue et la capacit\u00e9 \u00e0 prendre en charge davantage de travail.<\/span><\/p>\n<h3><span style=\"color: #ffffff;\"><strong>2. Satisfaction accrue :<\/strong><\/span><\/h3>\n<p><span style=\"color: #ffffff;\">Les gestionnaires immobiliers b\u00e9n\u00e9ficient d&#039;un processus simplifi\u00e9, ce qui accro\u00eet la satisfaction des clients. Une propri\u00e9t\u00e9 bien entretenue est essentielle dans le secteur de l&#039;h\u00f4tellerie, et ces int\u00e9grations garantissent que les normes de propret\u00e9 sont syst\u00e9matiquement respect\u00e9es.<\/span><\/p>\n<h3><span style=\"color: #ffffff;\"><strong>3. Avantage concurrentiel :<\/strong><\/span><\/h3>\n<p><span style=\"color: #ffffff;\">Dans un march\u00e9 o\u00f9 l&#039;efficacit\u00e9 et la fiabilit\u00e9 sont essentielles, ces int\u00e9grations offrent un avantage concurrentiel. Les \u00e9tablissements qui utilisent les services int\u00e9gr\u00e9s de Cleanster.com peuvent garantir \u00e0 leurs clients des normes irr\u00e9prochables.<\/span><\/p>\n<h2><span style=\"color: #ffffff;\"><strong>Conclusion : \u00c9tablir de nouvelles normes en mati\u00e8re de services de nettoyage<\/strong><\/span><\/h2>\n<p><span style=\"color: #ffffff;\">L&#039;int\u00e9gration de Cleanster.com avec PMS et iCal est bien plus qu&#039;une simple mise \u00e0 niveau technique ; c&#039;est un engagement envers l&#039;excellence et la commodit\u00e9 dans le secteur du nettoyage. En exploitant la puissance de ces int\u00e9grations, Cleanster.com \u00e9tablit de nouvelles normes en mati\u00e8re d&#039;efficacit\u00e9 et de fiabilit\u00e9 des services, consolidant ainsi sa position de leader dans le secteur des services de nettoyage.<\/span><\/p>","protected":false},"excerpt":{"rendered":"<p>In the dynamic world of cleaning services, efficiency and coordination are key. Cleanster.com, a leading platform in providing accessible cleaning services and empowering service professionals, is taking a significant leap forward by integrating with Property Management Systems (PMS) and iCalendar (iCal). This advancement streamlines operations, ensuring seamless scheduling and management for both service providers and [&hellip;]<\/p>\n","protected":false},"author":1,"featured_media":0,"parent":0,"menu_order":0,"comment_status":"closed","ping_status":"closed","template":"templates\/rental.php","meta":{"_acf_changed":false,"footnotes":""},"class_list":["post-2392","page","type-page","status-publish","hentry","entry"],"acf":[],"yoast_head":"<!-- This site is optimized with the Yoast SEO Premium plugin v26.5 (Yoast SEO v27.3) - https:\/\/yoast.com\/product\/yoast-seo-premium-wordpress\/ -->\n<title>Powerful Integrations with Property Management Systems &amp; iCal<\/title>\n<meta name=\"description\" content=\"Our Property Management System automatically syncs your property details and reservation, which makes it easy for you\" \/>\n<meta name=\"robots\" content=\"index, follow, max-snippet:-1, max-image-preview:large, max-video-preview:-1\" \/>\n<link rel=\"canonical\" href=\"https:\/\/cleanster.com\/fr\/integrations-puissantes-avec-les-systemes-pms-ical\/\" \/>\n<meta property=\"og:locale\" content=\"fr_FR\" \/>\n<meta property=\"og:type\" content=\"article\" \/>\n<meta property=\"og:title\" content=\"Powerful Integrations with PMS Systems &amp; iCal - Cleanster | Cleaning &amp; Maid Services Near You\" \/>\n<meta property=\"og:description\" content=\"Our Property Management System automatically syncs your property details and reservation, which makes it easy for you\" \/>\n<meta property=\"og:url\" content=\"https:\/\/cleanster.com\/fr\/integrations-puissantes-avec-les-systemes-pms-ical\/\" \/>\n<meta property=\"og:site_name\" content=\"Cleanster | Cleaning &amp; Maid Services Near You\" \/>\n<meta property=\"article:publisher\" content=\"https:\/\/www.facebook.com\/cleansterhq\" \/>\n<meta property=\"article:modified_time\" content=\"2025-07-18T16:47:55+00:00\" \/>\n<meta property=\"og:image\" content=\"https:\/\/cleanster.com\/wp-content\/uploads\/2023\/11\/card@3x.png\" \/>\n\t<meta property=\"og:image:width\" content=\"1170\" \/>\n\t<meta property=\"og:image:height\" content=\"763\" \/>\n\t<meta property=\"og:image:type\" content=\"image\/png\" \/>\n<meta name=\"twitter:card\" content=\"summary_large_image\" \/>\n<meta name=\"twitter:site\" content=\"@cleansterhq\" \/>\n<meta name=\"twitter:label1\" content=\"Dur\u00e9e de lecture estim\u00e9e\" \/>\n\t<meta name=\"twitter:data1\" content=\"4 minutes\" \/>\n<script type=\"application\/ld+json\" class=\"yoast-schema-graph\">{\"@context\":\"https:\\\/\\\/schema.org\",\"@graph\":[{\"@type\":\"WebPage\",\"@id\":\"https:\\\/\\\/cleanster.com\\\/powerful-integrations-with-pms-systems-ical\\\/\",\"url\":\"https:\\\/\\\/cleanster.com\\\/powerful-integrations-with-pms-systems-ical\\\/\",\"name\":\"Powerful Integrations with Property Management Systems & iCal\",\"isPartOf\":{\"@id\":\"https:\\\/\\\/cleanster.com\\\/#website\"},\"datePublished\":\"2021-12-23T01:53:00+00:00\",\"dateModified\":\"2025-07-18T16:47:55+00:00\",\"description\":\"Our Property Management System automatically syncs your property details and reservation, which makes it easy for you\",\"inLanguage\":\"fr-FR\",\"potentialAction\":[{\"@type\":\"ReadAction\",\"target\":[\"https:\\\/\\\/cleanster.com\\\/powerful-integrations-with-pms-systems-ical\\\/\"]}]},{\"@type\":\"WebSite\",\"@id\":\"https:\\\/\\\/cleanster.com\\\/#website\",\"url\":\"https:\\\/\\\/cleanster.com\\\/\",\"name\":\"Cleanster | Cleaning & Maid Services Near You\",\"description\":\"Instantly find &amp; book trusted cleaners for homes, apartment, Airbnb, and offices. Cleanster offers affordable maid, housekeeping, and commercial cleaning services near you.\",\"publisher\":{\"@id\":\"https:\\\/\\\/cleanster.com\\\/#organization\"},\"alternateName\":\"Cleanster | Cleaning, Maid & Housekeeping Services for Everyone\",\"potentialAction\":[{\"@type\":\"SearchAction\",\"target\":{\"@type\":\"EntryPoint\",\"urlTemplate\":\"https:\\\/\\\/cleanster.com\\\/?s={search_term_string}\"},\"query-input\":{\"@type\":\"PropertyValueSpecification\",\"valueRequired\":true,\"valueName\":\"search_term_string\"}}],\"inLanguage\":\"fr-FR\"},{\"@type\":\"Organization\",\"@id\":\"https:\\\/\\\/cleanster.com\\\/#organization\",\"name\":\"Cleanster\",\"alternateName\":\"Cleanster.com\",\"url\":\"https:\\\/\\\/cleanster.com\\\/\",\"logo\":{\"@type\":\"ImageObject\",\"inLanguage\":\"fr-FR\",\"@id\":\"https:\\\/\\\/cleanster.com\\\/#\\\/schema\\\/logo\\\/image\\\/\",\"url\":\"https:\\\/\\\/cleanster.com\\\/wp-content\\\/uploads\\\/2025\\\/06\\\/Cleanster-Logo-1.svg\",\"contentUrl\":\"https:\\\/\\\/cleanster.com\\\/wp-content\\\/uploads\\\/2025\\\/06\\\/Cleanster-Logo-1.svg\",\"width\":1,\"height\":1,\"caption\":\"Cleanster\"},\"image\":{\"@id\":\"https:\\\/\\\/cleanster.com\\\/#\\\/schema\\\/logo\\\/image\\\/\"},\"sameAs\":[\"https:\\\/\\\/www.facebook.com\\\/cleansterhq\",\"https:\\\/\\\/x.com\\\/cleansterhq\",\"https:\\\/\\\/www.linkedin.com\\\/company\\\/cleansterhq\",\"https:\\\/\\\/www.instagram.com\\\/cleansterhq\",\"https:\\\/\\\/vm.tiktok.com\\\/ZM8vHmcuo\\\/\",\"https:\\\/\\\/www.clubhouse.com\\\/club\\\/cleanstercom\"],\"description\":\"Cleanster is an AI-powered cleaning services platform that connects Airbnb hosts, property managers, and commercial clients with vetted, on-demand cleaners. We offer apartment, house, Airbnb, commercial, and janitorial cleaning services. With a network of over 100,000 professionals across the US, Canada, and the UK, Cleanster delivers fast, reliable, and tech-enabled cleaning at scale.\",\"email\":\"support@cleanster.com\",\"telephone\":\"+1 (888) 788-2445\",\"legalName\":\"Cleanster, Inc.\",\"foundingDate\":\"2019-05-06\",\"duns\":\"118328526\",\"naics\":\"541511\",\"numberOfEmployees\":{\"@type\":\"QuantitativeValue\",\"minValue\":\"11\",\"maxValue\":\"50\"}}]}<\/script>\n<!-- \/ Yoast SEO Premium plugin. -->","yoast_head_json":{"title":"Int\u00e9grations puissantes avec les syst\u00e8mes de gestion immobili\u00e8re et iCal","description":"Notre syst\u00e8me de gestion immobili\u00e8re synchronise automatiquement les d\u00e9tails de votre propri\u00e9t\u00e9 et votre r\u00e9servation, ce qui vous facilite la t\u00e2che.","robots":{"index":"index","follow":"follow","max-snippet":"max-snippet:-1","max-image-preview":"max-image-preview:large","max-video-preview":"max-video-preview:-1"},"canonical":"https:\/\/cleanster.com\/fr\/integrations-puissantes-avec-les-systemes-pms-ical\/","og_locale":"fr_FR","og_type":"article","og_title":"Powerful Integrations with PMS Systems & iCal - Cleanster | Cleaning &amp; Maid Services Near You","og_description":"Our Property Management System automatically syncs your property details and reservation, which makes it easy for you","og_url":"https:\/\/cleanster.com\/fr\/integrations-puissantes-avec-les-systemes-pms-ical\/","og_site_name":"Cleanster | Cleaning &amp; Maid Services Near You","article_publisher":"https:\/\/www.facebook.com\/cleansterhq","article_modified_time":"2025-07-18T16:47:55+00:00","og_image":[{"width":1170,"height":763,"url":"https:\/\/cleanster.com\/wp-content\/uploads\/2023\/11\/card@3x.png","type":"image\/png"}],"twitter_card":"summary_large_image","twitter_site":"@cleansterhq","twitter_misc":{"Dur\u00e9e de lecture estim\u00e9e":"4 minutes"},"schema":{"@context":"https:\/\/schema.org","@graph":[{"@type":"WebPage","@id":"https:\/\/cleanster.com\/powerful-integrations-with-pms-systems-ical\/","url":"https:\/\/cleanster.com\/powerful-integrations-with-pms-systems-ical\/","name":"Int\u00e9grations puissantes avec les syst\u00e8mes de gestion immobili\u00e8re et iCal","isPartOf":{"@id":"https:\/\/cleanster.com\/#website"},"datePublished":"2021-12-23T01:53:00+00:00","dateModified":"2025-07-18T16:47:55+00:00","description":"Notre syst\u00e8me de gestion immobili\u00e8re synchronise automatiquement les d\u00e9tails de votre propri\u00e9t\u00e9 et votre r\u00e9servation, ce qui vous facilite la t\u00e2che.","inLanguage":"fr-FR","potentialAction":[{"@type":"ReadAction","target":["https:\/\/cleanster.com\/powerful-integrations-with-pms-systems-ical\/"]}]},{"@type":"WebSite","@id":"https:\/\/cleanster.com\/#website","url":"https:\/\/cleanster.com\/","name":"Cleanster | Services de nettoyage et de m\u00e9nage pr\u00e8s de chez vous","description":"Trouvez et r\u00e9servez instantan\u00e9ment des services de nettoyage de confiance pour vos maisons, appartements, Airbnb et bureaux. Cleanster propose des services de m\u00e9nage, d&#039;entretien m\u00e9nager et de nettoyage commercial abordables pr\u00e8s de chez vous.","publisher":{"@id":"https:\/\/cleanster.com\/#organization"},"alternateName":"Cleanster | Cleaning, Maid & Housekeeping Services for Everyone","potentialAction":[{"@type":"SearchAction","target":{"@type":"EntryPoint","urlTemplate":"https:\/\/cleanster.com\/?s={search_term_string}"},"query-input":{"@type":"PropertyValueSpecification","valueRequired":true,"valueName":"search_term_string"}}],"inLanguage":"fr-FR"},{"@type":"Organization","@id":"https:\/\/cleanster.com\/#organization","name":"Nettoyant","alternateName":"Cleanster.com","url":"https:\/\/cleanster.com\/","logo":{"@type":"ImageObject","inLanguage":"fr-FR","@id":"https:\/\/cleanster.com\/#\/schema\/logo\/image\/","url":"https:\/\/cleanster.com\/wp-content\/uploads\/2025\/06\/Cleanster-Logo-1.svg","contentUrl":"https:\/\/cleanster.com\/wp-content\/uploads\/2025\/06\/Cleanster-Logo-1.svg","width":1,"height":1,"caption":"Cleanster"},"image":{"@id":"https:\/\/cleanster.com\/#\/schema\/logo\/image\/"},"sameAs":["https:\/\/www.facebook.com\/cleansterhq","https:\/\/x.com\/cleansterhq","https:\/\/www.linkedin.com\/company\/cleansterhq","https:\/\/www.instagram.com\/cleansterhq","https:\/\/vm.tiktok.com\/ZM8vHmcuo\/","https:\/\/www.clubhouse.com\/club\/cleanstercom"],"description":"Cleanster est une plateforme de services de nettoyage optimis\u00e9e par l&#039;IA qui met en relation les h\u00f4tes Airbnb, les gestionnaires immobiliers et les clients commerciaux avec des agents de nettoyage qualifi\u00e9s et \u00e0 la demande. Nous proposons des services de nettoyage d&#039;appartements, de maisons, de logements Airbnb, de locaux commerciaux et de conciergerie. Avec un r\u00e9seau de plus de 100\u00a0000 professionnels aux \u00c9tats-Unis, au Canada et au Royaume-Uni, Cleanster offre un nettoyage rapide, fiable et technologique \u00e0 grande \u00e9chelle.","email":"support@cleanster.com","telephone":"+1 (888) 788-2445","legalName":"Cleanster, Inc.","foundingDate":"2019-05-06","duns":"118328526","naics":"541511","numberOfEmployees":{"@type":"QuantitativeValue","minValue":"11","maxValue":"50"}}]}},"_links":{"self":[{"href":"https:\/\/cleanster.com\/fr\/wp-json\/wp\/v2\/pages\/2392","targetHints":{"allow":["GET"]}}],"collection":[{"href":"https:\/\/cleanster.com\/fr\/wp-json\/wp\/v2\/pages"}],"about":[{"href":"https:\/\/cleanster.com\/fr\/wp-json\/wp\/v2\/types\/page"}],"author":[{"embeddable":true,"href":"https:\/\/cleanster.com\/fr\/wp-json\/wp\/v2\/users\/1"}],"replies":[{"embeddable":true,"href":"https:\/\/cleanster.com\/fr\/wp-json\/wp\/v2\/comments?post=2392"}],"version-history":[{"count":0,"href":"https:\/\/cleanster.com\/fr\/wp-json\/wp\/v2\/pages\/2392\/revisions"}],"wp:attachment":[{"href":"https:\/\/cleanster.com\/fr\/wp-json\/wp\/v2\/media?parent=2392"}],"curies":[{"name":"wp","href":"https:\/\/api.w.org\/{rel}","templated":true}]}}