{"id":2716,"date":"2022-01-14T16:16:48","date_gmt":"2022-01-14T16:16:48","guid":{"rendered":"http:\/\/cleanster.com\/?page_id=2716"},"modified":"2025-10-10T00:33:43","modified_gmt":"2025-10-10T00:33:43","slug":"nettoyage-de-la-maison","status":"publish","type":"page","link":"https:\/\/cleanster.com\/fr\/nettoyage-de-la-maison\/","title":{"rendered":"Nettoyage de la maison"},"content":{"rendered":"<h2><span style=\"color: #000000;\"><b>Application pour le m\u00e9nage\u00a0<\/b><\/span><\/h2>\n<p><span style=\"color: #000000;\"><span style=\"font-weight: 400;\">Une maison est l&#039;endroit o\u00f9 vous devriez vous sentir le plus \u00e0 l&#039;aise, mais<\/span><\/span><span style=\"color: #000000;\"><span style=\"font-weight: 400;\">Notre emploi du temps charg\u00e9 limite probablement vos possibilit\u00e9s de nettoyage. Pas d&#039;inqui\u00e9tude, il existe une application pour \u00e7a\u00a0: <\/span><span style=\"font-weight: 400;\">rien ne vaut Cleanster, l&#039;application conviviale qui vous connecte \u00e0 des nettoyeurs professionnels locaux avec des tarifs abordables.\u00a0<\/span><\/span><\/p>\n<p>Utiliser Cleanster pour planifier et nettoyer votre maison vous fait gagner du temps et vous donne la tranquillit\u00e9 d&#039;esprit en sachant que le travail est bien fait.<\/p>\n<h2><span style=\"color: #000000;\"><b>Liste de contr\u00f4le pour le nettoyage de la maison<\/b><\/span><\/h2>\n<p><span style=\"font-weight: 400; color: #000000;\">Jetez un \u0153il de plus pr\u00e8s aux services de nettoyage professionnels de Cleanster.<\/span><\/p>\n<p><span style=\"font-weight: 400; color: #000000;\">Toutes les pi\u00e8ces \u2013 Passer l\u2019aspirateur, la serpilli\u00e8re et d\u00e9sinfecter tous les espaces.<\/span><\/p>\n<p><span style=\"font-weight: 400; color: #000000;\">Salons \u2013 D\u00e9poussi\u00e9rage et nettoyage des surfaces en bois et en verre. Nettoyage sous les coussins de canap\u00e9 et les objets de d\u00e9coration.\u00a0<\/span><\/p>\n<p><span style=\"font-weight: 400; color: #000000;\">Cuisines \u2013 Essuyer les fa\u00e7ades des placards, des tables et des chaises avec un chiffon humide. Passer la serpilli\u00e8re, laver et d\u00e9sinfecter les plans de travail. Sortir les poubelles.\u00a0<\/span><\/p>\n<p><span style=\"font-weight: 400; color: #000000;\">Salles de bains \u2013 Nettoyage en profondeur et d\u00e9sinfection des toilettes, des vanit\u00e9s, des baignoires, des sols et des douches.<\/span><\/p>\n<p><span style=\"font-weight: 400; color: #000000;\">Chambres \u2013 Faire le lit, \u00e9pousseter, ranger les oreillers et les peluches. Nettoyer en profondeur les surfaces et sous le lit.\u00a0<\/span><\/p>\n<h2><span style=\"color: #000000;\"><b>Meilleure application de nettoyage de maison<\/b><\/span><\/h2>\n<p><span style=\"font-weight: 400; color: #000000;\">Le nettoyage est notre priorit\u00e9, c&#039;est pourquoi nous veillons \u00e0 ce que tout soit simple et rapide. Cleanster propose une large gamme de services pour r\u00e9pondre \u00e0 vos besoins, du m\u00e9nage r\u00e9gulier \u00e0 domicile au nettoyage Airbnb, en passant par le nettoyage en profondeur \u00e0 l&#039;emm\u00e9nagement. Nos agents de nettoyage hautement qualifi\u00e9s sont professionnels, sympathiques et efficaces, offrant un service impeccable.<\/span><span style=\"font-weight: 400; color: #000000;\">Des r\u00e9sultats de nettoyage exceptionnels. Forts de leur vaste savoir-faire, ils contribuent \u00e0 r\u00e9duire l&#039;empreinte environnementale gr\u00e2ce \u00e0 des outils et \u00e9quipements sp\u00e9cialis\u00e9s. Voici quelques autres fonctionnalit\u00e9s int\u00e9ressantes\u00a0: <\/span><\/p>\n<ul>\n<li><span style=\"font-weight: 400; color: #000000;\">Vous ne payez que pour le service que vous demandez, ce qui rend le service rentable. <\/span><\/li>\n<li><span style=\"font-weight: 400; color: #000000;\">Vous pouvez configurer un programme de nettoyage \u00e0 l&#039;aide de l&#039;application<\/span><\/li>\n<li>Vous pouvez r\u00e9partir les t\u00e2ches en fonction de votre calendrier.<\/li>\n<\/ul>\n<p><span style=\"color: #000000;\"><span style=\"font-weight: 400;\">Le nettoyeur<\/span><a style=\"color: #000000;\" href=\"https:\/\/play.google.com\/store\/apps\/details?id=com.tidyapp.pro\"><span style=\"font-weight: 400;\">\u00a0application<\/span><\/a><span style=\"font-weight: 400;\"> est le meilleur service de nettoyage<\/span><span style=\"font-weight: 400;\">\u00a0pour les utilisateurs d&#039;Android et d&#039;iPhone.\u00a0<\/span><\/span><\/p>\n<p><span style=\"color: #000000;\"><span style=\"font-weight: 400;\">Nous offrons nos services dans de nombreux endroits aux \u00c9tats-Unis et au Canada. <\/span><span style=\"font-weight: 400;\">Nettoyage Airbnb<\/span><span style=\"font-weight: 400;\">, <\/span><span style=\"font-weight: 400;\">nettoyage en profondeur<\/span><span style=\"font-weight: 400;\">, <\/span><span style=\"font-weight: 400;\">nettoyage de location de vacances<\/span><span style=\"font-weight: 400;\"> et bien plus encore, t\u00e9l\u00e9chargez Cleanster maintenant.<\/span><\/span><\/p>","protected":false},"excerpt":{"rendered":"<p>App for house cleaning\u00a0 A home is where you should feel most at ease, but your busy schedule probably limits your options for cleaning your space. Not to worry, because, there&#8217;s an app for that: nothing beats Cleanster, the user-friendly app that connects you to local professional cleaners with affordable rates.\u00a0 Using Cleanster to schedule [&hellip;]<\/p>\n","protected":false},"author":1,"featured_media":0,"parent":0,"menu_order":0,"comment_status":"closed","ping_status":"closed","template":"templates\/home-cleaning.php","meta":{"_acf_changed":false,"footnotes":""},"class_list":["post-2716","page","type-page","status-publish","hentry","entry"],"acf":[],"yoast_head":"<!-- This site is optimized with the Yoast SEO Premium plugin v26.5 (Yoast SEO v27.4) - https:\/\/yoast.com\/product\/yoast-seo-premium-wordpress\/ -->\n<title>Professional House Cleaning Services<\/title>\n<meta name=\"description\" content=\"Cleanster is the app for house cleaning you need. Easily connect with local professionals for effective cleaning solutions.\" \/>\n<meta name=\"robots\" content=\"index, follow, max-snippet:-1, max-image-preview:large, max-video-preview:-1\" \/>\n<link rel=\"canonical\" href=\"https:\/\/cleanster.com\/fr\/nettoyage-de-la-maison\/\" \/>\n<meta property=\"og:locale\" content=\"fr_FR\" \/>\n<meta property=\"og:type\" content=\"article\" \/>\n<meta property=\"og:title\" content=\"House Cleaning - Cleanster | Cleaning &amp; Maid Services Near You\" \/>\n<meta property=\"og:description\" content=\"Cleanster is the app for house cleaning you need. Easily connect with local professionals for effective cleaning solutions.\" \/>\n<meta property=\"og:url\" content=\"https:\/\/cleanster.com\/fr\/nettoyage-de-la-maison\/\" \/>\n<meta property=\"og:site_name\" content=\"Cleanster | Cleaning &amp; Maid Services Near You\" \/>\n<meta property=\"article:publisher\" content=\"https:\/\/www.facebook.com\/cleansterhq\" \/>\n<meta property=\"article:modified_time\" content=\"2025-10-10T00:33:43+00:00\" \/>\n<meta property=\"og:image\" content=\"https:\/\/cleanster.com\/wp-content\/uploads\/2023\/11\/card@3x.png\" \/>\n\t<meta property=\"og:image:width\" content=\"1170\" \/>\n\t<meta property=\"og:image:height\" content=\"763\" \/>\n\t<meta property=\"og:image:type\" content=\"image\/png\" \/>\n<meta name=\"twitter:card\" content=\"summary_large_image\" \/>\n<meta name=\"twitter:site\" content=\"@cleansterhq\" \/>\n<meta name=\"twitter:label1\" content=\"Dur\u00e9e de lecture estim\u00e9e\" \/>\n\t<meta name=\"twitter:data1\" content=\"2 minutes\" \/>\n<script type=\"application\/ld+json\" class=\"yoast-schema-graph\">{\"@context\":\"https:\\\/\\\/schema.org\",\"@graph\":[{\"@type\":\"WebPage\",\"@id\":\"https:\\\/\\\/cleanster.com\\\/house-cleaning\\\/\",\"url\":\"https:\\\/\\\/cleanster.com\\\/house-cleaning\\\/\",\"name\":\"Professional House Cleaning Services\",\"isPartOf\":{\"@id\":\"https:\\\/\\\/cleanster.com\\\/#website\"},\"datePublished\":\"2022-01-14T16:16:48+00:00\",\"dateModified\":\"2025-10-10T00:33:43+00:00\",\"description\":\"Cleanster is the app for house cleaning you need. Easily connect with local professionals for effective cleaning solutions.\",\"inLanguage\":\"fr-FR\",\"potentialAction\":[{\"@type\":\"ReadAction\",\"target\":[\"https:\\\/\\\/cleanster.com\\\/house-cleaning\\\/\"]}]},{\"@type\":\"WebSite\",\"@id\":\"https:\\\/\\\/cleanster.com\\\/#website\",\"url\":\"https:\\\/\\\/cleanster.com\\\/\",\"name\":\"Cleanster | Cleaning & Maid Services Near You\",\"description\":\"Instantly find &amp; book trusted cleaners for homes, apartment, Airbnb, and offices. Cleanster offers affordable maid, housekeeping, and commercial cleaning services near you.\",\"publisher\":{\"@id\":\"https:\\\/\\\/cleanster.com\\\/#organization\"},\"alternateName\":\"Cleanster | Cleaning, Maid & Housekeeping Services for Everyone\",\"potentialAction\":[{\"@type\":\"SearchAction\",\"target\":{\"@type\":\"EntryPoint\",\"urlTemplate\":\"https:\\\/\\\/cleanster.com\\\/?s={search_term_string}\"},\"query-input\":{\"@type\":\"PropertyValueSpecification\",\"valueRequired\":true,\"valueName\":\"search_term_string\"}}],\"inLanguage\":\"fr-FR\"},{\"@type\":\"Organization\",\"@id\":\"https:\\\/\\\/cleanster.com\\\/#organization\",\"name\":\"Cleanster\",\"alternateName\":\"Cleanster.com\",\"url\":\"https:\\\/\\\/cleanster.com\\\/\",\"logo\":{\"@type\":\"ImageObject\",\"inLanguage\":\"fr-FR\",\"@id\":\"https:\\\/\\\/cleanster.com\\\/#\\\/schema\\\/logo\\\/image\\\/\",\"url\":\"https:\\\/\\\/cleanster.com\\\/wp-content\\\/uploads\\\/2025\\\/06\\\/Cleanster-Logo-1.svg\",\"contentUrl\":\"https:\\\/\\\/cleanster.com\\\/wp-content\\\/uploads\\\/2025\\\/06\\\/Cleanster-Logo-1.svg\",\"width\":1,\"height\":1,\"caption\":\"Cleanster\"},\"image\":{\"@id\":\"https:\\\/\\\/cleanster.com\\\/#\\\/schema\\\/logo\\\/image\\\/\"},\"sameAs\":[\"https:\\\/\\\/www.facebook.com\\\/cleansterhq\",\"https:\\\/\\\/x.com\\\/cleansterhq\",\"https:\\\/\\\/www.linkedin.com\\\/company\\\/cleansterhq\",\"https:\\\/\\\/www.instagram.com\\\/cleansterhq\",\"https:\\\/\\\/vm.tiktok.com\\\/ZM8vHmcuo\\\/\",\"https:\\\/\\\/www.clubhouse.com\\\/club\\\/cleanstercom\"],\"description\":\"Cleanster is an AI-powered cleaning services platform that connects Airbnb hosts, property managers, and commercial clients with vetted, on-demand cleaners. We offer apartment, house, Airbnb, commercial, and janitorial cleaning services. With a network of over 100,000 professionals across the US, Canada, and the UK, Cleanster delivers fast, reliable, and tech-enabled cleaning at scale.\",\"email\":\"support@cleanster.com\",\"telephone\":\"+1 (888) 788-2445\",\"legalName\":\"Cleanster, Inc.\",\"foundingDate\":\"2019-05-06\",\"duns\":\"118328526\",\"naics\":\"541511\",\"numberOfEmployees\":{\"@type\":\"QuantitativeValue\",\"minValue\":\"11\",\"maxValue\":\"50\"}}]}<\/script>\n<!-- \/ Yoast SEO Premium plugin. -->","yoast_head_json":{"title":"Services de nettoyage de maison professionnels","description":"Cleanster est l&#039;application de m\u00e9nage id\u00e9ale. Connectez-vous facilement avec des professionnels locaux pour des solutions de nettoyage efficaces.","robots":{"index":"index","follow":"follow","max-snippet":"max-snippet:-1","max-image-preview":"max-image-preview:large","max-video-preview":"max-video-preview:-1"},"canonical":"https:\/\/cleanster.com\/fr\/nettoyage-de-la-maison\/","og_locale":"fr_FR","og_type":"article","og_title":"House Cleaning - Cleanster | Cleaning &amp; Maid Services Near You","og_description":"Cleanster is the app for house cleaning you need. Easily connect with local professionals for effective cleaning solutions.","og_url":"https:\/\/cleanster.com\/fr\/nettoyage-de-la-maison\/","og_site_name":"Cleanster | Cleaning &amp; Maid Services Near You","article_publisher":"https:\/\/www.facebook.com\/cleansterhq","article_modified_time":"2025-10-10T00:33:43+00:00","og_image":[{"width":1170,"height":763,"url":"https:\/\/cleanster.com\/wp-content\/uploads\/2023\/11\/card@3x.png","type":"image\/png"}],"twitter_card":"summary_large_image","twitter_site":"@cleansterhq","twitter_misc":{"Dur\u00e9e de lecture estim\u00e9e":"2 minutes"},"schema":{"@context":"https:\/\/schema.org","@graph":[{"@type":"WebPage","@id":"https:\/\/cleanster.com\/house-cleaning\/","url":"https:\/\/cleanster.com\/house-cleaning\/","name":"Services de nettoyage de maison professionnels","isPartOf":{"@id":"https:\/\/cleanster.com\/#website"},"datePublished":"2022-01-14T16:16:48+00:00","dateModified":"2025-10-10T00:33:43+00:00","description":"Cleanster est l&#039;application de m\u00e9nage id\u00e9ale. Connectez-vous facilement avec des professionnels locaux pour des solutions de nettoyage efficaces.","inLanguage":"fr-FR","potentialAction":[{"@type":"ReadAction","target":["https:\/\/cleanster.com\/house-cleaning\/"]}]},{"@type":"WebSite","@id":"https:\/\/cleanster.com\/#website","url":"https:\/\/cleanster.com\/","name":"Cleanster | Services de nettoyage et de m\u00e9nage pr\u00e8s de chez vous","description":"Trouvez et r\u00e9servez instantan\u00e9ment des services de nettoyage de confiance pour vos maisons, appartements, Airbnb et bureaux. Cleanster propose des services de m\u00e9nage, d&#039;entretien m\u00e9nager et de nettoyage commercial abordables pr\u00e8s de chez vous.","publisher":{"@id":"https:\/\/cleanster.com\/#organization"},"alternateName":"Cleanster | Cleaning, Maid & Housekeeping Services for Everyone","potentialAction":[{"@type":"SearchAction","target":{"@type":"EntryPoint","urlTemplate":"https:\/\/cleanster.com\/?s={search_term_string}"},"query-input":{"@type":"PropertyValueSpecification","valueRequired":true,"valueName":"search_term_string"}}],"inLanguage":"fr-FR"},{"@type":"Organization","@id":"https:\/\/cleanster.com\/#organization","name":"Nettoyant","alternateName":"Cleanster.com","url":"https:\/\/cleanster.com\/","logo":{"@type":"ImageObject","inLanguage":"fr-FR","@id":"https:\/\/cleanster.com\/#\/schema\/logo\/image\/","url":"https:\/\/cleanster.com\/wp-content\/uploads\/2025\/06\/Cleanster-Logo-1.svg","contentUrl":"https:\/\/cleanster.com\/wp-content\/uploads\/2025\/06\/Cleanster-Logo-1.svg","width":1,"height":1,"caption":"Cleanster"},"image":{"@id":"https:\/\/cleanster.com\/#\/schema\/logo\/image\/"},"sameAs":["https:\/\/www.facebook.com\/cleansterhq","https:\/\/x.com\/cleansterhq","https:\/\/www.linkedin.com\/company\/cleansterhq","https:\/\/www.instagram.com\/cleansterhq","https:\/\/vm.tiktok.com\/ZM8vHmcuo\/","https:\/\/www.clubhouse.com\/club\/cleanstercom"],"description":"Cleanster est une plateforme de services de nettoyage optimis\u00e9e par l&#039;IA qui met en relation les h\u00f4tes Airbnb, les gestionnaires immobiliers et les clients commerciaux avec des agents de nettoyage qualifi\u00e9s et \u00e0 la demande. Nous proposons des services de nettoyage d&#039;appartements, de maisons, de logements Airbnb, de locaux commerciaux et de conciergerie. Avec un r\u00e9seau de plus de 100\u00a0000 professionnels aux \u00c9tats-Unis, au Canada et au Royaume-Uni, Cleanster offre un nettoyage rapide, fiable et technologique \u00e0 grande \u00e9chelle.","email":"support@cleanster.com","telephone":"+1 (888) 788-2445","legalName":"Cleanster, Inc.","foundingDate":"2019-05-06","duns":"118328526","naics":"541511","numberOfEmployees":{"@type":"QuantitativeValue","minValue":"11","maxValue":"50"}}]}},"_links":{"self":[{"href":"https:\/\/cleanster.com\/fr\/wp-json\/wp\/v2\/pages\/2716","targetHints":{"allow":["GET"]}}],"collection":[{"href":"https:\/\/cleanster.com\/fr\/wp-json\/wp\/v2\/pages"}],"about":[{"href":"https:\/\/cleanster.com\/fr\/wp-json\/wp\/v2\/types\/page"}],"author":[{"embeddable":true,"href":"https:\/\/cleanster.com\/fr\/wp-json\/wp\/v2\/users\/1"}],"replies":[{"embeddable":true,"href":"https:\/\/cleanster.com\/fr\/wp-json\/wp\/v2\/comments?post=2716"}],"version-history":[{"count":0,"href":"https:\/\/cleanster.com\/fr\/wp-json\/wp\/v2\/pages\/2716\/revisions"}],"wp:attachment":[{"href":"https:\/\/cleanster.com\/fr\/wp-json\/wp\/v2\/media?parent=2716"}],"curies":[{"name":"wp","href":"https:\/\/api.w.org\/{rel}","templated":true}]}}