{"id":3436,"date":"2022-01-14T18:04:45","date_gmt":"2022-01-14T18:04:45","guid":{"rendered":"http:\/\/cleanster.ca\/?page_id=3436"},"modified":"2024-01-08T11:05:20","modified_gmt":"2024-01-08T11:05:20","slug":"emmenagement-demenagement-nettoyage","status":"publish","type":"page","link":"https:\/\/cleanster.com\/fr\/emmenagement-demenagement-nettoyage\/","title":{"rendered":"Emm\u00e9nagement\/D\u00e9m\u00e9nagement"},"content":{"rendered":"<h2><span style=\"color: #ffffff;\"><b>Application de nettoyage d&#039;entr\u00e9e et de sortie\u00a0<\/b><\/span><\/h2>\n<h2><span style=\"color: #ffffff;\"><span style=\"font-weight: 400;\">Vous cherchez une application de m\u00e9nage pour vos d\u00e9m\u00e9nagements\u00a0? Alors, n&#039;h\u00e9sitez pas \u00e0 l&#039;essayer. <\/span><a style=\"color: #ffffff;\" href=\"https:\/\/play.google.com\/store\/apps\/details?id=com.tidyapp.pro\"><span style=\"font-weight: 400;\">Cleanster.com\u00a0<\/span><\/a><span style=\"font-weight: 400;\"> pour ce service.\u00a0<\/span><\/span><\/h2>\n<p><span style=\"color: #ffffff;\"><span style=\"font-weight: 400;\">Il existe d\u2019innombrables t\u00e2ches et processus que vous devez effectuer lorsque vous vous d\u00e9placez d\u2019un endroit \u00e0 un autre. <\/span><a style=\"color: #ffffff;\" href=\"https:\/\/cleanster.com\/\/\"><span style=\"font-weight: 400;\">Cleanster.com\u00a0<\/span><\/a><span style=\"font-weight: 400;\"> propose des solutions pour les services de nettoyage d&#039;emm\u00e9nagement et de d\u00e9m\u00e9nagement.<\/span><\/span><\/p>\n<p><span style=\"font-weight: 400; color: #ffffff;\">Les professionnels de Cleanster.com nettoieront en profondeur votre nouvelle ou ancienne maison pour rendre votre exp\u00e9rience de d\u00e9m\u00e9nagement aussi fluide et sans souci que possible et s&#039;occuperont du d\u00e9sordre pour vous.<\/span><\/p>\n<h2><span style=\"color: #ffffff;\"><b>Liste de contr\u00f4le de nettoyage en mouvement L&#039;application Cleanster.com propose\u00a0:<\/b><\/span><\/h2>\n<p><span style=\"font-weight: 400; color: #ffffff;\">Les professionnels de Cleanster.com peuvent g\u00e9rer tous les \u00e9l\u00e9ments de votre liste de contr\u00f4le de nettoyage de d\u00e9m\u00e9nagement sans endommager la propri\u00e9t\u00e9, vous pouvez donc passer plus de temps \u00e0 pr\u00e9parer le d\u00e9m\u00e9nagement.\u00a0<\/span><\/p>\n<p><span style=\"font-weight: 400; color: #ffffff;\">Poussi\u00e8re (tout)<\/span><\/p>\n<p><span style=\"font-weight: 400; color: #ffffff;\">Nettoyer les appareils de cuisine<\/span><\/p>\n<p><span style=\"font-weight: 400; color: #ffffff;\">Nettoyer les armoires<\/span><\/p>\n<p><span style=\"font-weight: 400; color: #ffffff;\">Nettoyer les \u00e9viers et les comptoirs<\/span><\/p>\n<p><span style=\"font-weight: 400; color: #ffffff;\">Toilettes \u00e0 r\u00e9curer<\/span><\/p>\n<p><span style=\"font-weight: 400; color: #ffffff;\">Douche et baignoire exfoliantes<\/span><\/p>\n<p><span style=\"font-weight: 400; color: #ffffff;\">Essuyer les plinthes<\/span><\/p>\n<p><span style=\"font-weight: 400; color: #ffffff;\">Passer l&#039;aspirateur et balayer tous les sols<\/span><\/p>\n<p><span style=\"font-weight: 400; color: #ffffff;\">Nous effectuons nos services de nettoyage et de d\u00e9m\u00e9nagement de mani\u00e8re efficace avec nos mains professionnelles. Vous pouvez personnaliser votre programme de nettoyage de d\u00e9m\u00e9nagement selon vos besoins.\u00a0<\/span><\/p>\n<p><span style=\"color: #ffffff;\"><span style=\"font-weight: 400;\">Nous ne sommes pas seulement bas\u00e9s pr\u00e8s de chez vous<\/span><b>, <\/b><span style=\"font-weight: 400;\">Nous avons plusieurs endroits pour fournir plusieurs services comme <\/span><a style=\"color: #ffffff;\" href=\"https:\/\/cleanster.ca\/house-cleaning-in-austin-tx\/\"><span style=\"font-weight: 400;\">nettoyage de la maison<\/span><\/a><span style=\"font-weight: 400;\">, <\/span><a style=\"color: #ffffff;\" href=\"https:\/\/cleanster.ca\/airbnb-cleaning-in-austin-tx\/\"><span style=\"font-weight: 400;\">nettoyage airbnb<\/span><\/a><span style=\"font-weight: 400;\">, <\/span><a style=\"color: #ffffff;\" href=\"https:\/\/cleanster.ca\/deep-cleaning-in-austin-tx-2\/\"><span style=\"font-weight: 400;\">nettoyage en profondeur<\/span><\/a><span style=\"font-weight: 400;\">, <\/span><a style=\"color: #ffffff;\" href=\"https:\/\/cleanster.ca\/vacation-rental-cleaning-in-austin-tx\/\"><span style=\"font-weight: 400;\">nettoyage de location de vacances<\/span><\/a><span style=\"font-weight: 400;\"> et beaucoup plus.<\/span><\/span><\/p>\n<h2><span style=\"color: #ffffff;\"><b>Service d&#039;emm\u00e9nagement<\/b><\/span><\/h2>\n<p><span style=\"font-weight: 400; color: #ffffff;\">Emm\u00e9nager dans un logement est \u00e0 la fois excitant et stressant. De nombreuses choses doivent \u00eatre organis\u00e9es avant d&#039;emm\u00e9nager, comme le m\u00e9nage et la pr\u00e9paration des nouveaux meubles. Gr\u00e2ce \u00e0 Cleanster.com, nos experts peuvent effectuer ces t\u00e2ches avec brio. Notre excellente application est \u00e9galement disponible pour le nettoyage d&#039;emm\u00e9nagement.<\/span><\/p>\n<p><span style=\"font-weight: 400; color: #ffffff;\">Nous nettoierons minutieusement votre nouvelle maison, organiserons les meubles lourds et veillerons \u00e0 ce que tout soit en parfait \u00e9tat.<\/span><\/p>\n<p><span style=\"font-weight: 400; color: #ffffff;\">Que vous emm\u00e9nagiez ou d\u00e9m\u00e9nagiez, nous avons con\u00e7u notre application pour les nettoyeurs de maison en mouvement \u00e0 un prix abordable.\u00a0<\/span><\/p>\n<h2><span style=\"color: #ffffff;\"><b>Avantages que vous pouvez obtenir<\/b><\/span><\/h2>\n<p><span style=\"font-weight: 400; color: #ffffff;\">Nous vous aidons \u00e0 gagner du temps et sommes beaucoup plus s\u00fbrs que vous ne le pensez.<\/span><\/p>\n<p><span style=\"font-weight: 400; color: #ffffff;\">Vous n&#039;avez pas besoin de penser \u00e0 la gestion des permis et des conseils.<\/span><\/p>\n<p><span style=\"font-weight: 400; color: #ffffff;\">Nous disposons de l&#039;\u00e9quipement de nettoyage exact.<\/span><\/p>\n<p><span style=\"font-weight: 400; color: #ffffff;\">Notre personnel est hautement qualifi\u00e9 pour retirer des objets lourds.<\/span><\/p>","protected":false},"excerpt":{"rendered":"<p>Moving In and Out Cleaning App\u00a0 Are you looking for a moving-in and out cleaning app? Then without any doubt, you can try Cleanster.com\u00a0 for this service.\u00a0 There are countless tasks and processes you need to do while you are moving from one place to another. Cleanster.com\u00a0 has solutions for both move-in and out-cleaning services. [&hellip;]<\/p>\n","protected":false},"author":1,"featured_media":17319,"parent":0,"menu_order":0,"comment_status":"closed","ping_status":"closed","template":"templates\/services.php","meta":{"_acf_changed":false,"footnotes":""},"class_list":["post-3436","page","type-page","status-publish","has-post-thumbnail","hentry","entry"],"acf":[],"yoast_head":"<!-- This site is optimized with the Yoast SEO Premium plugin v26.5 (Yoast SEO v27.3) - https:\/\/yoast.com\/product\/yoast-seo-premium-wordpress\/ -->\n<title>Moving in and out cleaning app- Cleanster.com<\/title>\n<meta name=\"description\" content=\"The smartest way to book, pay, and find moving in and out cleaning service through Cleanster.com. Let&#039;s download\" \/>\n<meta name=\"robots\" content=\"index, follow, max-snippet:-1, max-image-preview:large, max-video-preview:-1\" \/>\n<link rel=\"canonical\" href=\"https:\/\/cleanster.com\/fr\/emmenagement-demenagement-nettoyage\/\" \/>\n<meta property=\"og:locale\" content=\"fr_FR\" \/>\n<meta property=\"og:type\" content=\"article\" \/>\n<meta property=\"og:title\" content=\"Moving In\/ Out Cleaning - Cleanster | Cleaning &amp; Maid Services Near You\" \/>\n<meta property=\"og:description\" content=\"The smartest way to book, pay, and find moving in and out cleaning service through Cleanster.com. Let&#039;s download\" \/>\n<meta property=\"og:url\" content=\"https:\/\/cleanster.com\/fr\/emmenagement-demenagement-nettoyage\/\" \/>\n<meta property=\"og:site_name\" content=\"Cleanster | Cleaning &amp; Maid Services Near You\" \/>\n<meta property=\"article:publisher\" content=\"https:\/\/www.facebook.com\/cleansterhq\" \/>\n<meta property=\"article:modified_time\" content=\"2024-01-08T11:05:20+00:00\" \/>\n<meta property=\"og:image\" content=\"https:\/\/cleanster.com\/wp-content\/uploads\/2023\/11\/moving-img.jpg\" \/>\n\t<meta property=\"og:image:width\" content=\"950\" \/>\n\t<meta property=\"og:image:height\" content=\"670\" \/>\n\t<meta property=\"og:image:type\" content=\"image\/jpeg\" \/>\n<meta name=\"twitter:card\" content=\"summary_large_image\" \/>\n<meta name=\"twitter:site\" content=\"@cleansterhq\" \/>\n<meta name=\"twitter:label1\" content=\"Dur\u00e9e de lecture estim\u00e9e\" \/>\n\t<meta name=\"twitter:data1\" content=\"2 minutes\" \/>\n<script type=\"application\/ld+json\" class=\"yoast-schema-graph\">{\"@context\":\"https:\\\/\\\/schema.org\",\"@graph\":[{\"@type\":\"WebPage\",\"@id\":\"https:\\\/\\\/cleanster.com\\\/moving-in-out-cleaning\\\/\",\"url\":\"https:\\\/\\\/cleanster.com\\\/moving-in-out-cleaning\\\/\",\"name\":\"Moving in and out cleaning app- Cleanster.com\",\"isPartOf\":{\"@id\":\"https:\\\/\\\/cleanster.com\\\/#website\"},\"primaryImageOfPage\":{\"@id\":\"https:\\\/\\\/cleanster.com\\\/moving-in-out-cleaning\\\/#primaryimage\"},\"image\":{\"@id\":\"https:\\\/\\\/cleanster.com\\\/moving-in-out-cleaning\\\/#primaryimage\"},\"thumbnailUrl\":\"https:\\\/\\\/cleanster.com\\\/wp-content\\\/uploads\\\/2023\\\/11\\\/moving-img.jpg\",\"datePublished\":\"2022-01-14T18:04:45+00:00\",\"dateModified\":\"2024-01-08T11:05:20+00:00\",\"description\":\"The smartest way to book, pay, and find moving in and out cleaning service through Cleanster.com. Let's download\",\"inLanguage\":\"fr-FR\",\"potentialAction\":[{\"@type\":\"ReadAction\",\"target\":[\"https:\\\/\\\/cleanster.com\\\/moving-in-out-cleaning\\\/\"]}]},{\"@type\":\"ImageObject\",\"inLanguage\":\"fr-FR\",\"@id\":\"https:\\\/\\\/cleanster.com\\\/moving-in-out-cleaning\\\/#primaryimage\",\"url\":\"https:\\\/\\\/cleanster.com\\\/wp-content\\\/uploads\\\/2023\\\/11\\\/moving-img.jpg\",\"contentUrl\":\"https:\\\/\\\/cleanster.com\\\/wp-content\\\/uploads\\\/2023\\\/11\\\/moving-img.jpg\",\"width\":950,\"height\":670},{\"@type\":\"WebSite\",\"@id\":\"https:\\\/\\\/cleanster.com\\\/#website\",\"url\":\"https:\\\/\\\/cleanster.com\\\/\",\"name\":\"Cleanster | Cleaning & Maid Services Near You\",\"description\":\"Instantly find &amp; book trusted cleaners for homes, apartment, Airbnb, and offices. Cleanster offers affordable maid, housekeeping, and commercial cleaning services near you.\",\"publisher\":{\"@id\":\"https:\\\/\\\/cleanster.com\\\/#organization\"},\"alternateName\":\"Cleanster | Cleaning, Maid & Housekeeping Services for Everyone\",\"potentialAction\":[{\"@type\":\"SearchAction\",\"target\":{\"@type\":\"EntryPoint\",\"urlTemplate\":\"https:\\\/\\\/cleanster.com\\\/?s={search_term_string}\"},\"query-input\":{\"@type\":\"PropertyValueSpecification\",\"valueRequired\":true,\"valueName\":\"search_term_string\"}}],\"inLanguage\":\"fr-FR\"},{\"@type\":\"Organization\",\"@id\":\"https:\\\/\\\/cleanster.com\\\/#organization\",\"name\":\"Cleanster\",\"alternateName\":\"Cleanster.com\",\"url\":\"https:\\\/\\\/cleanster.com\\\/\",\"logo\":{\"@type\":\"ImageObject\",\"inLanguage\":\"fr-FR\",\"@id\":\"https:\\\/\\\/cleanster.com\\\/#\\\/schema\\\/logo\\\/image\\\/\",\"url\":\"https:\\\/\\\/cleanster.com\\\/wp-content\\\/uploads\\\/2025\\\/06\\\/Cleanster-Logo-1.svg\",\"contentUrl\":\"https:\\\/\\\/cleanster.com\\\/wp-content\\\/uploads\\\/2025\\\/06\\\/Cleanster-Logo-1.svg\",\"width\":1,\"height\":1,\"caption\":\"Cleanster\"},\"image\":{\"@id\":\"https:\\\/\\\/cleanster.com\\\/#\\\/schema\\\/logo\\\/image\\\/\"},\"sameAs\":[\"https:\\\/\\\/www.facebook.com\\\/cleansterhq\",\"https:\\\/\\\/x.com\\\/cleansterhq\",\"https:\\\/\\\/www.linkedin.com\\\/company\\\/cleansterhq\",\"https:\\\/\\\/www.instagram.com\\\/cleansterhq\",\"https:\\\/\\\/vm.tiktok.com\\\/ZM8vHmcuo\\\/\",\"https:\\\/\\\/www.clubhouse.com\\\/club\\\/cleanstercom\"],\"description\":\"Cleanster is an AI-powered cleaning services platform that connects Airbnb hosts, property managers, and commercial clients with vetted, on-demand cleaners. We offer apartment, house, Airbnb, commercial, and janitorial cleaning services. With a network of over 100,000 professionals across the US, Canada, and the UK, Cleanster delivers fast, reliable, and tech-enabled cleaning at scale.\",\"email\":\"support@cleanster.com\",\"telephone\":\"+1 (888) 788-2445\",\"legalName\":\"Cleanster, Inc.\",\"foundingDate\":\"2019-05-06\",\"duns\":\"118328526\",\"naics\":\"541511\",\"numberOfEmployees\":{\"@type\":\"QuantitativeValue\",\"minValue\":\"11\",\"maxValue\":\"50\"}}]}<\/script>\n<!-- \/ Yoast SEO Premium plugin. -->","yoast_head_json":{"title":"Application de nettoyage pour entrer et sortir - Cleanster.com","description":"Le moyen le plus intelligent de r\u00e9server, de payer et de trouver un service de nettoyage d&#039;entr\u00e9e et de sortie via Cleanster.com. T\u00e9l\u00e9chargeons","robots":{"index":"index","follow":"follow","max-snippet":"max-snippet:-1","max-image-preview":"max-image-preview:large","max-video-preview":"max-video-preview:-1"},"canonical":"https:\/\/cleanster.com\/fr\/emmenagement-demenagement-nettoyage\/","og_locale":"fr_FR","og_type":"article","og_title":"Moving In\/ Out Cleaning - Cleanster | Cleaning &amp; Maid Services Near You","og_description":"The smartest way to book, pay, and find moving in and out cleaning service through Cleanster.com. Let's download","og_url":"https:\/\/cleanster.com\/fr\/emmenagement-demenagement-nettoyage\/","og_site_name":"Cleanster | Cleaning &amp; Maid Services Near You","article_publisher":"https:\/\/www.facebook.com\/cleansterhq","article_modified_time":"2024-01-08T11:05:20+00:00","og_image":[{"width":950,"height":670,"url":"https:\/\/cleanster.com\/wp-content\/uploads\/2023\/11\/moving-img.jpg","type":"image\/jpeg"}],"twitter_card":"summary_large_image","twitter_site":"@cleansterhq","twitter_misc":{"Dur\u00e9e de lecture estim\u00e9e":"2 minutes"},"schema":{"@context":"https:\/\/schema.org","@graph":[{"@type":"WebPage","@id":"https:\/\/cleanster.com\/moving-in-out-cleaning\/","url":"https:\/\/cleanster.com\/moving-in-out-cleaning\/","name":"Application de nettoyage pour entrer et sortir - Cleanster.com","isPartOf":{"@id":"https:\/\/cleanster.com\/#website"},"primaryImageOfPage":{"@id":"https:\/\/cleanster.com\/moving-in-out-cleaning\/#primaryimage"},"image":{"@id":"https:\/\/cleanster.com\/moving-in-out-cleaning\/#primaryimage"},"thumbnailUrl":"https:\/\/cleanster.com\/wp-content\/uploads\/2023\/11\/moving-img.jpg","datePublished":"2022-01-14T18:04:45+00:00","dateModified":"2024-01-08T11:05:20+00:00","description":"Le moyen le plus intelligent de r\u00e9server, de payer et de trouver un service de nettoyage d&#039;entr\u00e9e et de sortie via Cleanster.com. T\u00e9l\u00e9chargeons","inLanguage":"fr-FR","potentialAction":[{"@type":"ReadAction","target":["https:\/\/cleanster.com\/moving-in-out-cleaning\/"]}]},{"@type":"ImageObject","inLanguage":"fr-FR","@id":"https:\/\/cleanster.com\/moving-in-out-cleaning\/#primaryimage","url":"https:\/\/cleanster.com\/wp-content\/uploads\/2023\/11\/moving-img.jpg","contentUrl":"https:\/\/cleanster.com\/wp-content\/uploads\/2023\/11\/moving-img.jpg","width":950,"height":670},{"@type":"WebSite","@id":"https:\/\/cleanster.com\/#website","url":"https:\/\/cleanster.com\/","name":"Cleanster | Services de nettoyage et de m\u00e9nage pr\u00e8s de chez vous","description":"Trouvez et r\u00e9servez instantan\u00e9ment des services de nettoyage de confiance pour vos maisons, appartements, Airbnb et bureaux. Cleanster propose des services de m\u00e9nage, d&#039;entretien m\u00e9nager et de nettoyage commercial abordables pr\u00e8s de chez vous.","publisher":{"@id":"https:\/\/cleanster.com\/#organization"},"alternateName":"Cleanster | Cleaning, Maid & Housekeeping Services for Everyone","potentialAction":[{"@type":"SearchAction","target":{"@type":"EntryPoint","urlTemplate":"https:\/\/cleanster.com\/?s={search_term_string}"},"query-input":{"@type":"PropertyValueSpecification","valueRequired":true,"valueName":"search_term_string"}}],"inLanguage":"fr-FR"},{"@type":"Organization","@id":"https:\/\/cleanster.com\/#organization","name":"Nettoyant","alternateName":"Cleanster.com","url":"https:\/\/cleanster.com\/","logo":{"@type":"ImageObject","inLanguage":"fr-FR","@id":"https:\/\/cleanster.com\/#\/schema\/logo\/image\/","url":"https:\/\/cleanster.com\/wp-content\/uploads\/2025\/06\/Cleanster-Logo-1.svg","contentUrl":"https:\/\/cleanster.com\/wp-content\/uploads\/2025\/06\/Cleanster-Logo-1.svg","width":1,"height":1,"caption":"Cleanster"},"image":{"@id":"https:\/\/cleanster.com\/#\/schema\/logo\/image\/"},"sameAs":["https:\/\/www.facebook.com\/cleansterhq","https:\/\/x.com\/cleansterhq","https:\/\/www.linkedin.com\/company\/cleansterhq","https:\/\/www.instagram.com\/cleansterhq","https:\/\/vm.tiktok.com\/ZM8vHmcuo\/","https:\/\/www.clubhouse.com\/club\/cleanstercom"],"description":"Cleanster est une plateforme de services de nettoyage optimis\u00e9e par l&#039;IA qui met en relation les h\u00f4tes Airbnb, les gestionnaires immobiliers et les clients commerciaux avec des agents de nettoyage qualifi\u00e9s et \u00e0 la demande. Nous proposons des services de nettoyage d&#039;appartements, de maisons, de logements Airbnb, de locaux commerciaux et de conciergerie. Avec un r\u00e9seau de plus de 100\u00a0000 professionnels aux \u00c9tats-Unis, au Canada et au Royaume-Uni, Cleanster offre un nettoyage rapide, fiable et technologique \u00e0 grande \u00e9chelle.","email":"support@cleanster.com","telephone":"+1 (888) 788-2445","legalName":"Cleanster, Inc.","foundingDate":"2019-05-06","duns":"118328526","naics":"541511","numberOfEmployees":{"@type":"QuantitativeValue","minValue":"11","maxValue":"50"}}]}},"_links":{"self":[{"href":"https:\/\/cleanster.com\/fr\/wp-json\/wp\/v2\/pages\/3436","targetHints":{"allow":["GET"]}}],"collection":[{"href":"https:\/\/cleanster.com\/fr\/wp-json\/wp\/v2\/pages"}],"about":[{"href":"https:\/\/cleanster.com\/fr\/wp-json\/wp\/v2\/types\/page"}],"author":[{"embeddable":true,"href":"https:\/\/cleanster.com\/fr\/wp-json\/wp\/v2\/users\/1"}],"replies":[{"embeddable":true,"href":"https:\/\/cleanster.com\/fr\/wp-json\/wp\/v2\/comments?post=3436"}],"version-history":[{"count":0,"href":"https:\/\/cleanster.com\/fr\/wp-json\/wp\/v2\/pages\/3436\/revisions"}],"wp:featuredmedia":[{"embeddable":true,"href":"https:\/\/cleanster.com\/fr\/wp-json\/wp\/v2\/media\/17319"}],"wp:attachment":[{"href":"https:\/\/cleanster.com\/fr\/wp-json\/wp\/v2\/media?parent=3436"}],"curies":[{"name":"wp","href":"https:\/\/api.w.org\/{rel}","templated":true}]}}